{"id":7641,"date":"2022-06-30T10:20:15","date_gmt":"2022-06-30T08:20:15","guid":{"rendered":"https:\/\/www.protect.airbus.com\/innovation\/"},"modified":"2024-08-01T15:11:00","modified_gmt":"2024-08-01T13:11:00","slug":"innovationsinitiativen","status":"publish","type":"page","link":"https:\/\/www.protect.airbus.com\/de\/innovationsinitiativen\/","title":{"rendered":"Innovationsinitiativen"},"content":{"rendered":"<div class=\"wpb-content-wrapper\"><p>[vc_row][vc_column][vc_column_text p_style=&#8220;pBig&#8220;]<span style=\"font-weight: 400;\">Offene und kollaborative Innovation ist Teil unserer DNA. Dieser Wille, immer einen Schritt weiter zu gehen, verk\u00f6rpert den Kern unseres Gesch\u00e4fts und wird durch einen ganzheitlichen Ansatz und umfassendes Fachwissen unterst\u00fctzt. Angesichts der vor uns liegenden Herausforderungen sind drei S\u00e4ulen f\u00fcr alle unsere Innovations- von F&amp;T- und F&amp;E-Initiativen von entscheidender Bedeutung: Safety, Security und Sustainability.<\/span>[\/vc_column_text][vc_column_text]<\/p>\n<h2>Innovation bei Airbus Protect<\/h2>\n<p>[\/vc_column_text][vc_column_text h2_style=&#8220;h2Big&#8220; p_style=&#8220;pHighlight&#8220;]Bei Airbus Protect entwickeln wir innovative L\u00f6sungen und Know-how f\u00fcr die fortschrittlichsten Technologien &#8211; einschlie\u00dflich KI und Quantencomputing. Derzeit sind wir an mehr als 50 Innovationsprojekten beteiligt, die Ideen f\u00fcr bessere und nachhaltigere L\u00f6sungen f\u00fcr k\u00fcnftige Generationen hervorbringen sollen. Diese Projekte decken ein breites Spektrum an Bereichen ab, darunter:<\/p>\n<ul>\n<li><span style=\"font-weight: 400;\">Emissionsfreie Flugzeuge<\/span><\/li>\n<li><span style=\"font-weight: 400;\">Flugverkehrsmanagement (ATM)<\/span><\/li>\n<li><span style=\"font-weight: 400;\">Autonome Fahrzeuge und Z\u00fcge<\/span><\/li>\n<li>Umweltauswirkungen der Digitalisierung<\/li>\n<li><span style=\"font-weight: 400;\">Gr\u00fcne Energie<\/span><\/li>\n<li><span style=\"font-weight: 400;\">Eingebettete KI-Systeme<\/span><\/li>\n<\/ul>\n<p>Zusammenarbeit ist f\u00fcr all diese Projekte unerl\u00e4sslich. Wir pflegen eine offene und agile Innovationskultur und arbeiten eng mit Kunden, Partnern, Institutionen, Hochschulen und der Innovations-Community von Airbus zusammen.<\/p>\n<p>Mit mehr als drei Jahrzehnten Innovationsgeschichte sind wir ein zuverl\u00e4ssiger Partner auf dem Weg zu einer besseren, sichereren und nachhaltigeren Zukunft.<\/p>\n<h4><strong>Unser Ansatz: 360\u00b0-Innovation<\/strong><\/h4>\n<p>Wir legen gro\u00dfen Wert auf die Zusammenarbeit und Innovation in vielen Bereichen an der Seite unserer Partner. Dies erm\u00f6glicht eine ganzheitliche Sichtweise und gew\u00e4hrleistet eine erstklassige Risikominderung bei der Entwicklung neuer L\u00f6sungen zugunsten von Nachhaltigkeit, Betriebseffizienz und Zuverl\u00e4ssigkeit.[\/vc_column_text][vc_column_text]<\/p>\n<h4>Unsere laufenden R&amp;T- und R&amp;D-Projekte:<\/h4>\n<p>[\/vc_column_text][vc_single_image image=&#8220;9055&#8243; img_size=&#8220;large&#8220; alignment=&#8220;center&#8220;][\/vc_column][\/vc_row][vc_row][vc_column]<div class=\"blocMoreInfo\">\n    <h2 class=\"h2Big\">Mehr zu [innovation]<\/h2>[vc_column_text p_style=&#8220;pHighlight&#8220;]Nehmen Sie Kontakt auf und erfahren Sie, wie wir Sie unterst\u00fctzen k\u00f6nnen.[\/vc_column_text]<div class=\"divBtCTA btAlignCenter\"><a href=\"https:\/\/www.protect.airbus.com\/de\/kontakt\/\"  class=\"button btGeneral\">Mehr erfahren<\/a><\/div>    <\/div>[vc_row_inner][vc_column_inner][\/vc_column_inner][\/vc_row_inner][\/vc_column][\/vc_row]<\/p>\n<\/div>","protected":false},"excerpt":{"rendered":"<p>[vc_row][vc_column][vc_column_text p_style=&#8220;pBig&#8220;]Offene und kollaborative Innovation ist Teil unserer DNA. Dieser Wille, immer einen Schritt weiter zu gehen, verk\u00f6rpert den Kern unseres Gesch\u00e4fts und wird durch einen ganzheitlichen Ansatz und umfassendes Fachwissen unterst\u00fctzt. Angesichts der vor uns liegenden Herausforderungen sind drei S\u00e4ulen f\u00fcr alle unsere Innovations- von F&amp;T- und F&amp;E-Initiativen von entscheidender Bedeutung: Safety, Security und [&hellip;]<\/p>\n","protected":false},"author":4,"featured_media":12569,"parent":0,"menu_order":0,"comment_status":"closed","ping_status":"closed","template":"","meta":{"_acf_changed":false,"content-type":"","_relevanssi_hide_post":"","_relevanssi_hide_content":"","_relevanssi_pin_for_all":"","_relevanssi_pin_keywords":"","_relevanssi_unpin_keywords":"","_relevanssi_related_keywords":"","_relevanssi_related_include_ids":"","_relevanssi_related_exclude_ids":"","_relevanssi_related_no_append":"","_relevanssi_related_not_related":"","_relevanssi_related_posts":"","_relevanssi_noindex_reason":"","footnotes":""},"class_list":["post-7641","page","type-page","status-publish","has-post-thumbnail","hentry"],"acf":[],"yoast_head":"<!-- This site is optimized with the Yoast SEO Premium plugin v27.4 (Yoast SEO v27.4) - https:\/\/yoast.com\/product\/yoast-seo-premium-wordpress\/ -->\n<title>Innovationsinitiativen - Airbus Protect<\/title>\n<meta name=\"description\" content=\"Entdecken Sie unsere Innovations- und F&amp;E-Initiativen bei Airbus Protect in den Bereichen Safety, Cybersecurity und Sustainability.\" \/>\n<meta name=\"robots\" content=\"index, follow, max-snippet:-1, max-image-preview:large, max-video-preview:-1\" \/>\n<link rel=\"canonical\" href=\"https:\/\/www.protect.airbus.com\/de\/innovationsinitiativen\/\" \/>\n<meta property=\"og:locale\" content=\"de_DE\" \/>\n<meta property=\"og:type\" content=\"article\" \/>\n<meta property=\"og:title\" content=\"Innovationsinitiativen\" \/>\n<meta property=\"og:description\" content=\"Entdecken Sie unsere Innovations- und F&amp;E-Initiativen bei Airbus Protect in den Bereichen Safety, Cybersecurity und Sustainability.\" \/>\n<meta property=\"og:url\" content=\"https:\/\/www.protect.airbus.com\/de\/innovationsinitiativen\/\" \/>\n<meta property=\"og:site_name\" content=\"Airbus Protect\" \/>\n<meta property=\"article:modified_time\" content=\"2024-08-01T13:11:00+00:00\" \/>\n<meta property=\"og:image\" content=\"https:\/\/www.protect.airbus.com\/wp-content\/uploads\/2024\/05\/header_innovation.jpg\" \/>\n\t<meta property=\"og:image:width\" content=\"1920\" \/>\n\t<meta property=\"og:image:height\" content=\"577\" \/>\n\t<meta property=\"og:image:type\" content=\"image\/jpeg\" \/>\n<meta name=\"twitter:card\" content=\"summary_large_image\" \/>\n<meta name=\"twitter:label1\" content=\"Gesch\u00e4tzte Lesezeit\" \/>\n\t<meta name=\"twitter:data1\" content=\"2\u00a0Minuten\" \/>\n<script type=\"application\/ld+json\" class=\"yoast-schema-graph\">{\"@context\":\"https:\\\/\\\/schema.org\",\"@graph\":[{\"@type\":\"WebPage\",\"@id\":\"https:\\\/\\\/www.protect.airbus.com\\\/de\\\/innovationsinitiativen\\\/\",\"url\":\"https:\\\/\\\/www.protect.airbus.com\\\/de\\\/innovationsinitiativen\\\/\",\"name\":\"Innovationsinitiativen - Airbus Protect\",\"isPartOf\":{\"@id\":\"https:\\\/\\\/www.protect.airbus.com\\\/de\\\/#website\"},\"primaryImageOfPage\":{\"@id\":\"https:\\\/\\\/www.protect.airbus.com\\\/de\\\/innovationsinitiativen\\\/#primaryimage\"},\"image\":{\"@id\":\"https:\\\/\\\/www.protect.airbus.com\\\/de\\\/innovationsinitiativen\\\/#primaryimage\"},\"thumbnailUrl\":\"https:\\\/\\\/www.protect.airbus.com\\\/wp-content\\\/uploads\\\/2024\\\/05\\\/header_innovation.jpg\",\"datePublished\":\"2022-06-30T08:20:15+00:00\",\"dateModified\":\"2024-08-01T13:11:00+00:00\",\"description\":\"Entdecken Sie unsere Innovations- und F&E-Initiativen bei Airbus Protect in den Bereichen Safety, Cybersecurity und Sustainability.\",\"breadcrumb\":{\"@id\":\"https:\\\/\\\/www.protect.airbus.com\\\/de\\\/innovationsinitiativen\\\/#breadcrumb\"},\"inLanguage\":\"de\",\"potentialAction\":[{\"@type\":\"ReadAction\",\"target\":[\"https:\\\/\\\/www.protect.airbus.com\\\/de\\\/innovationsinitiativen\\\/\"]}]},{\"@type\":\"ImageObject\",\"inLanguage\":\"de\",\"@id\":\"https:\\\/\\\/www.protect.airbus.com\\\/de\\\/innovationsinitiativen\\\/#primaryimage\",\"url\":\"https:\\\/\\\/www.protect.airbus.com\\\/wp-content\\\/uploads\\\/2024\\\/05\\\/header_innovation.jpg\",\"contentUrl\":\"https:\\\/\\\/www.protect.airbus.com\\\/wp-content\\\/uploads\\\/2024\\\/05\\\/header_innovation.jpg\",\"width\":1920,\"height\":577},{\"@type\":\"BreadcrumbList\",\"@id\":\"https:\\\/\\\/www.protect.airbus.com\\\/de\\\/innovationsinitiativen\\\/#breadcrumb\",\"itemListElement\":[{\"@type\":\"ListItem\",\"position\":1,\"name\":\"Home\",\"item\":\"https:\\\/\\\/www.protect.airbus.com\\\/de\\\/\"},{\"@type\":\"ListItem\",\"position\":2,\"name\":\"Innovationsinitiativen\"}]},{\"@type\":\"WebSite\",\"@id\":\"https:\\\/\\\/www.protect.airbus.com\\\/de\\\/#website\",\"url\":\"https:\\\/\\\/www.protect.airbus.com\\\/de\\\/\",\"name\":\"Airbus Protect\",\"description\":\"\",\"publisher\":{\"@id\":\"https:\\\/\\\/www.protect.airbus.com\\\/de\\\/#organization\"},\"potentialAction\":[{\"@type\":\"SearchAction\",\"target\":{\"@type\":\"EntryPoint\",\"urlTemplate\":\"https:\\\/\\\/www.protect.airbus.com\\\/de\\\/?s={search_term_string}\"},\"query-input\":{\"@type\":\"PropertyValueSpecification\",\"valueRequired\":true,\"valueName\":\"search_term_string\"}}],\"inLanguage\":\"de\"},{\"@type\":\"Organization\",\"@id\":\"https:\\\/\\\/www.protect.airbus.com\\\/de\\\/#organization\",\"name\":\"Airbus Protect\",\"url\":\"https:\\\/\\\/www.protect.airbus.com\\\/de\\\/\",\"logo\":{\"@type\":\"ImageObject\",\"inLanguage\":\"de\",\"@id\":\"https:\\\/\\\/www.protect.airbus.com\\\/de\\\/#\\\/schema\\\/logo\\\/image\\\/\",\"url\":\"https:\\\/\\\/www.protect.airbus.com\\\/wp-content\\\/uploads\\\/2023\\\/05\\\/logo-airbus-protect-696-696.png\",\"contentUrl\":\"https:\\\/\\\/www.protect.airbus.com\\\/wp-content\\\/uploads\\\/2023\\\/05\\\/logo-airbus-protect-696-696.png\",\"width\":696,\"height\":696,\"caption\":\"Airbus Protect\"},\"image\":{\"@id\":\"https:\\\/\\\/www.protect.airbus.com\\\/de\\\/#\\\/schema\\\/logo\\\/image\\\/\"},\"sameAs\":[\"https:\\\/\\\/www.linkedin.com\\\/company\\\/airbus-protect\\\/\",\"https:\\\/\\\/www.youtube.com\\\/@airbusprotect7483\"],\"contactPoint\":{\"@type\":\"ContactPoint\",\"email\":\"protect@airbus.com\",\"contactType\":\"customer service\",\"areaServed\":[\"GB\",\"FR\",\"ES\",\"DE\",\"BE\",\"CH\",\"PT\",\"DK\",\"AT\"],\"availableLanguage\":[\"en\",\"fr\",\"de\"]}}]}<\/script>\n<!-- \/ Yoast SEO Premium plugin. -->","yoast_head_json":{"title":"Innovationsinitiativen - Airbus Protect","description":"Entdecken Sie unsere Innovations- und F&E-Initiativen bei Airbus Protect in den Bereichen Safety, Cybersecurity und Sustainability.","robots":{"index":"index","follow":"follow","max-snippet":"max-snippet:-1","max-image-preview":"max-image-preview:large","max-video-preview":"max-video-preview:-1"},"canonical":"https:\/\/www.protect.airbus.com\/de\/innovationsinitiativen\/","og_locale":"de_DE","og_type":"article","og_title":"Innovationsinitiativen","og_description":"Entdecken Sie unsere Innovations- und F&E-Initiativen bei Airbus Protect in den Bereichen Safety, Cybersecurity und Sustainability.","og_url":"https:\/\/www.protect.airbus.com\/de\/innovationsinitiativen\/","og_site_name":"Airbus Protect","article_modified_time":"2024-08-01T13:11:00+00:00","og_image":[{"width":1920,"height":577,"url":"https:\/\/www.protect.airbus.com\/wp-content\/uploads\/2024\/05\/header_innovation.jpg","type":"image\/jpeg"}],"twitter_card":"summary_large_image","twitter_misc":{"Gesch\u00e4tzte Lesezeit":"2\u00a0Minuten"},"schema":{"@context":"https:\/\/schema.org","@graph":[{"@type":"WebPage","@id":"https:\/\/www.protect.airbus.com\/de\/innovationsinitiativen\/","url":"https:\/\/www.protect.airbus.com\/de\/innovationsinitiativen\/","name":"Innovationsinitiativen - Airbus Protect","isPartOf":{"@id":"https:\/\/www.protect.airbus.com\/de\/#website"},"primaryImageOfPage":{"@id":"https:\/\/www.protect.airbus.com\/de\/innovationsinitiativen\/#primaryimage"},"image":{"@id":"https:\/\/www.protect.airbus.com\/de\/innovationsinitiativen\/#primaryimage"},"thumbnailUrl":"https:\/\/www.protect.airbus.com\/wp-content\/uploads\/2024\/05\/header_innovation.jpg","datePublished":"2022-06-30T08:20:15+00:00","dateModified":"2024-08-01T13:11:00+00:00","description":"Entdecken Sie unsere Innovations- und F&E-Initiativen bei Airbus Protect in den Bereichen Safety, Cybersecurity und Sustainability.","breadcrumb":{"@id":"https:\/\/www.protect.airbus.com\/de\/innovationsinitiativen\/#breadcrumb"},"inLanguage":"de","potentialAction":[{"@type":"ReadAction","target":["https:\/\/www.protect.airbus.com\/de\/innovationsinitiativen\/"]}]},{"@type":"ImageObject","inLanguage":"de","@id":"https:\/\/www.protect.airbus.com\/de\/innovationsinitiativen\/#primaryimage","url":"https:\/\/www.protect.airbus.com\/wp-content\/uploads\/2024\/05\/header_innovation.jpg","contentUrl":"https:\/\/www.protect.airbus.com\/wp-content\/uploads\/2024\/05\/header_innovation.jpg","width":1920,"height":577},{"@type":"BreadcrumbList","@id":"https:\/\/www.protect.airbus.com\/de\/innovationsinitiativen\/#breadcrumb","itemListElement":[{"@type":"ListItem","position":1,"name":"Home","item":"https:\/\/www.protect.airbus.com\/de\/"},{"@type":"ListItem","position":2,"name":"Innovationsinitiativen"}]},{"@type":"WebSite","@id":"https:\/\/www.protect.airbus.com\/de\/#website","url":"https:\/\/www.protect.airbus.com\/de\/","name":"Airbus Protect","description":"","publisher":{"@id":"https:\/\/www.protect.airbus.com\/de\/#organization"},"potentialAction":[{"@type":"SearchAction","target":{"@type":"EntryPoint","urlTemplate":"https:\/\/www.protect.airbus.com\/de\/?s={search_term_string}"},"query-input":{"@type":"PropertyValueSpecification","valueRequired":true,"valueName":"search_term_string"}}],"inLanguage":"de"},{"@type":"Organization","@id":"https:\/\/www.protect.airbus.com\/de\/#organization","name":"Airbus Protect","url":"https:\/\/www.protect.airbus.com\/de\/","logo":{"@type":"ImageObject","inLanguage":"de","@id":"https:\/\/www.protect.airbus.com\/de\/#\/schema\/logo\/image\/","url":"https:\/\/www.protect.airbus.com\/wp-content\/uploads\/2023\/05\/logo-airbus-protect-696-696.png","contentUrl":"https:\/\/www.protect.airbus.com\/wp-content\/uploads\/2023\/05\/logo-airbus-protect-696-696.png","width":696,"height":696,"caption":"Airbus Protect"},"image":{"@id":"https:\/\/www.protect.airbus.com\/de\/#\/schema\/logo\/image\/"},"sameAs":["https:\/\/www.linkedin.com\/company\/airbus-protect\/","https:\/\/www.youtube.com\/@airbusprotect7483"],"contactPoint":{"@type":"ContactPoint","email":"protect@airbus.com","contactType":"customer service","areaServed":["GB","FR","ES","DE","BE","CH","PT","DK","AT"],"availableLanguage":["en","fr","de"]}}]}},"_links":{"self":[{"href":"https:\/\/www.protect.airbus.com\/de\/wp-json\/wp\/v2\/pages\/7641","targetHints":{"allow":["GET"]}}],"collection":[{"href":"https:\/\/www.protect.airbus.com\/de\/wp-json\/wp\/v2\/pages"}],"about":[{"href":"https:\/\/www.protect.airbus.com\/de\/wp-json\/wp\/v2\/types\/page"}],"author":[{"embeddable":true,"href":"https:\/\/www.protect.airbus.com\/de\/wp-json\/wp\/v2\/users\/4"}],"replies":[{"embeddable":true,"href":"https:\/\/www.protect.airbus.com\/de\/wp-json\/wp\/v2\/comments?post=7641"}],"version-history":[{"count":11,"href":"https:\/\/www.protect.airbus.com\/de\/wp-json\/wp\/v2\/pages\/7641\/revisions"}],"predecessor-version":[{"id":15414,"href":"https:\/\/www.protect.airbus.com\/de\/wp-json\/wp\/v2\/pages\/7641\/revisions\/15414"}],"wp:featuredmedia":[{"embeddable":true,"href":"https:\/\/www.protect.airbus.com\/de\/wp-json\/wp\/v2\/media\/12569"}],"wp:attachment":[{"href":"https:\/\/www.protect.airbus.com\/de\/wp-json\/wp\/v2\/media?parent=7641"}],"curies":[{"name":"wp","href":"https:\/\/api.w.org\/{rel}","templated":true}]}}