{"id":7519,"date":"2023-03-31T16:37:52","date_gmt":"2023-03-31T14:37:52","guid":{"rendered":"https:\/\/www.protect.airbus.com\/cybersecurity\/fence\/who-we-are\/"},"modified":"2023-10-02T16:21:28","modified_gmt":"2023-10-02T14:21:28","slug":"wer-wir-sind","status":"publish","type":"page","link":"https:\/\/www.protect.airbus.com\/de\/cybersecurity\/fence\/wer-wir-sind\/","title":{"rendered":"Wer wir sind"},"content":{"rendered":"<div class=\"wpb-content-wrapper\"><p>[vc_row][vc_column css=&#8220;.vc_custom_1655092277339{margin-bottom: 0px !important;padding-bottom: 0px !important;}&#8220;][vc_column_text p_style=&#8220;pHighlight&#8220;]<strong><a href=\"https:\/\/www.protect.airbus.com\/de\/cybersecurity\/fence\/\">Fence<\/a> \/ <a href=\"https:\/\/www.protect.airbus.com\/de\/cybersecurity\/fence\/Funktionalitaten\">Funktionalit\u00e4ten<\/a>\u00a0\/ <a href=\"https:\/\/www.protect.airbus.com\/de\/cybersecurity\/fence\/Angebot\">Lizenzen, Dienste und Schulungen<\/a>\u00a0\/ <span style=\"color: #da1890;\"><b>Wer wir sind<\/b> <\/span><span style=\"color: #000000;\">\/ <a href=\"https:\/\/www.protect.airbus.com\/de\/cybersecurity\/fence\/kontakt\/\">Kontakt<\/a><\/span><\/strong>[\/vc_column_text][vc_column_text css=&#8220;.vc_custom_1696256172661{margin-bottom: 0px !important;padding-bottom: 0px !important;}&#8220;]<\/p>\n<h2><b>Ein paar Worte zu Airbus Protect<\/b><\/h2>\n<p>[\/vc_column_text][vc_column_text p_style=&#8220;pHighlight&#8220;]<em><span style=\"font-weight: 400;\">Airbus Protect ist die Airbus-Tochtergesellschaft, die das Fachwissen des Unternehmens in den Bereichen Cybersecurity, Safety und Sustainability b\u00fcndelt. Als Beratungsunternehmen entwickeln wir unsere eigenen Tools und Software in unseren Fachgebieten und verf\u00fcgen somit \u00fcber eigene Software-Kapazit\u00e4ten.<\/span><\/em><\/p>\n<p><em><span style=\"font-weight: 400;\">Unsere Organisation umfasst mehr als 1.400 Experten in Frankreich, Deutschland, England, Spanien und Belgien, von denen mehr als 100 Mitarbeitende in der Softwareentwicklung t\u00e4tig sind.<\/span><\/em><\/p>\n<p><em><span style=\"font-weight: 400;\">Unser Ziel ist es, unser umfassendes Wissen und unsere vielf\u00e4ltigen Branchenkenntnisse zu nutzen, um etwas zu bewirken. Wir versetzen unsere Kunden in die Lage, sich auf das Wachstum ihrer Unternehmen zu konzentrieren und eine vertrauensvolle Zukunft aufzubauen, w\u00e4hrend wir gleichzeitig daf\u00fcr sorgen, dass ihre Sicherheit und Nachhaltigkeit stets gew\u00e4hrleistet ist.<\/span><\/em><\/p>\n<p><em><span style=\"font-weight: 400;\">Wir engagieren uns f\u00fcr unsere Mitarbeiter und unsere Kunden. Unsere Beziehungen gr\u00fcnden auf einem Vertrauensverh\u00e4ltnis, dank dem wir komplexe Projekte meistern und gemeinsam Innovationen f\u00fcr eine bessere Zukunft realisieren.<\/span><\/em>[\/vc_column_text]<div class=\"divBtCTA btAlignCenter\"><a href=\"https:\/\/www.protect.airbus.com\/de\/uber-uns\/\"  class=\"button btAuto\">Mehr \u00fcber uns<\/a><\/div>[vc_column_text p_style=&#8220;pHighlight&#8220;]<\/p>\n<h2><strong>Team Fence<\/strong><\/h2>\n<p>Fence wird in Toulouse, Frankreich, von unserem Softwareentwicklungsteam entwickelt.<\/p>\n<p>Da es sich im selben Geb\u00e4ude wie unsere Kolleginnen und Kollegen aus der Risikoberatung befindet, legen wir gro\u00dfen Wert darauf, flexibel und agil zu bleiben und in unserer Roadmap Raum f\u00fcr die Ber\u00fccksichtigung von Nutzerfeedback und die Implementierung nutzerfreundlicher Funktionen zu lassen.<\/p>\n<p>Mit unseren hochmodernen Software-Edition-F\u00e4higkeiten sind wir auch bestrebt, unseren Fence-Kunden hochwertige Support-Services zu bieten und Fence so zuverl\u00e4ssig und sicher wie m\u00f6glich zu halten.[\/vc_column_text][\/vc_column][\/vc_row][vc_row][vc_column]<div class=\"blocMoreInfo\">\n    <h2 class=\"h2Big\">mehr \u00fcber [FENCE]<\/h2>[vc_column_text p_style=&#8220;pHighlight&#8220;]<strong>Kontaktieren Sie uns f\u00fcr weitere Informationen.<\/strong>[\/vc_column_text]<div class=\"divBtCTA btAlignCenter\"><a href=\"https:\/\/www.protect.airbus.com\/de\/cybersecurity\/fence\/kontakt\/\"  class=\"button btAuto\">Kontakt aufnehmen<\/a><\/div>    <\/div>[\/vc_column][\/vc_row]<\/p>\n<\/div>","protected":false},"excerpt":{"rendered":"<p>[vc_row][vc_column css=&#8220;.vc_custom_1655092277339{margin-bottom: 0px !important;padding-bottom: 0px !important;}&#8220;][vc_column_text p_style=&#8220;pHighlight&#8220;]Fence \/ Funktionalit\u00e4ten\u00a0\/ Lizenzen, Dienste und Schulungen\u00a0\/ Wer wir sind \/ Kontakt[\/vc_column_text][vc_column_text css=&#8220;.vc_custom_1696256172661{margin-bottom: 0px !important;padding-bottom: 0px !important;}&#8220;] Ein paar Worte zu Airbus Protect [\/vc_column_text][vc_column_text p_style=&#8220;pHighlight&#8220;]Airbus Protect ist die Airbus-Tochtergesellschaft, die das Fachwissen des Unternehmens in den Bereichen Cybersecurity, Safety und Sustainability b\u00fcndelt. Als Beratungsunternehmen entwickeln wir unsere eigenen Tools [&hellip;]<\/p>\n","protected":false},"author":8,"featured_media":4933,"parent":7484,"menu_order":1,"comment_status":"closed","ping_status":"closed","template":"","meta":{"_acf_changed":false,"content-type":"","_relevanssi_hide_post":"","_relevanssi_hide_content":"","_relevanssi_pin_for_all":"","_relevanssi_pin_keywords":"","_relevanssi_unpin_keywords":"","_relevanssi_related_keywords":"","_relevanssi_related_include_ids":"","_relevanssi_related_exclude_ids":"","_relevanssi_related_no_append":"","_relevanssi_related_not_related":"","_relevanssi_related_posts":"","_relevanssi_noindex_reason":"","footnotes":""},"class_list":["post-7519","page","type-page","status-publish","has-post-thumbnail","hentry"],"acf":[],"yoast_head":"<!-- This site is optimized with the Yoast SEO Premium plugin v27.2 (Yoast SEO v27.2) - https:\/\/yoast.com\/product\/yoast-seo-premium-wordpress\/ -->\n<title>Wer wir sind - Airbus Protect<\/title>\n<meta name=\"description\" content=\"Erfahren Sie mehr \u00fcber das Zaun-Team, wer es ist und erfahren Sie mehr \u00fcber Airbus Protect.\" \/>\n<meta name=\"robots\" content=\"index, follow, max-snippet:-1, max-image-preview:large, max-video-preview:-1\" \/>\n<link rel=\"canonical\" href=\"https:\/\/www.protect.airbus.com\/de\/cybersecurity\/fence\/wer-wir-sind\/\" \/>\n<meta property=\"og:locale\" content=\"de_DE\" \/>\n<meta property=\"og:type\" content=\"article\" \/>\n<meta property=\"og:title\" content=\"Wer wir sind\" \/>\n<meta property=\"og:description\" content=\"Erfahren Sie mehr \u00fcber das Zaun-Team, wer es ist und erfahren Sie mehr \u00fcber Airbus Protect.\" \/>\n<meta property=\"og:url\" content=\"https:\/\/www.protect.airbus.com\/de\/cybersecurity\/fence\/wer-wir-sind\/\" \/>\n<meta property=\"og:site_name\" content=\"Airbus Protect\" \/>\n<meta property=\"article:modified_time\" content=\"2023-10-02T14:21:28+00:00\" \/>\n<meta property=\"og:image\" content=\"https:\/\/www.protect.airbus.com\/wp-content\/uploads\/2023\/03\/background-Fence_3-01-1.png\" \/>\n\t<meta property=\"og:image:width\" content=\"1920\" \/>\n\t<meta property=\"og:image:height\" content=\"358\" \/>\n\t<meta property=\"og:image:type\" content=\"image\/png\" \/>\n<meta name=\"twitter:card\" content=\"summary_large_image\" \/>\n<meta name=\"twitter:label1\" content=\"Gesch\u00e4tzte Lesezeit\" \/>\n\t<meta name=\"twitter:data1\" content=\"2\u00a0Minuten\" \/>\n<script type=\"application\/ld+json\" class=\"yoast-schema-graph\">{\"@context\":\"https:\/\/schema.org\",\"@graph\":[{\"@type\":\"WebPage\",\"@id\":\"https:\/\/www.protect.airbus.com\/de\/cybersecurity\/fence\/wer-wir-sind\/\",\"url\":\"https:\/\/www.protect.airbus.com\/de\/cybersecurity\/fence\/wer-wir-sind\/\",\"name\":\"Wer wir sind - Airbus Protect\",\"isPartOf\":{\"@id\":\"https:\/\/www.protect.airbus.com\/de\/#website\"},\"primaryImageOfPage\":{\"@id\":\"https:\/\/www.protect.airbus.com\/de\/cybersecurity\/fence\/wer-wir-sind\/#primaryimage\"},\"image\":{\"@id\":\"https:\/\/www.protect.airbus.com\/de\/cybersecurity\/fence\/wer-wir-sind\/#primaryimage\"},\"thumbnailUrl\":\"https:\/\/www.protect.airbus.com\/wp-content\/uploads\/2023\/03\/background-Fence_3-01-1.png\",\"datePublished\":\"2023-03-31T14:37:52+00:00\",\"dateModified\":\"2023-10-02T14:21:28+00:00\",\"description\":\"Erfahren Sie mehr \u00fcber das Zaun-Team, wer es ist und erfahren Sie mehr \u00fcber Airbus Protect.\",\"breadcrumb\":{\"@id\":\"https:\/\/www.protect.airbus.com\/de\/cybersecurity\/fence\/wer-wir-sind\/#breadcrumb\"},\"inLanguage\":\"de\",\"potentialAction\":[{\"@type\":\"ReadAction\",\"target\":[\"https:\/\/www.protect.airbus.com\/de\/cybersecurity\/fence\/wer-wir-sind\/\"]}]},{\"@type\":\"ImageObject\",\"inLanguage\":\"de\",\"@id\":\"https:\/\/www.protect.airbus.com\/de\/cybersecurity\/fence\/wer-wir-sind\/#primaryimage\",\"url\":\"https:\/\/www.protect.airbus.com\/wp-content\/uploads\/2023\/03\/background-Fence_3-01-1.png\",\"contentUrl\":\"https:\/\/www.protect.airbus.com\/wp-content\/uploads\/2023\/03\/background-Fence_3-01-1.png\",\"width\":1920,\"height\":358},{\"@type\":\"BreadcrumbList\",\"@id\":\"https:\/\/www.protect.airbus.com\/de\/cybersecurity\/fence\/wer-wir-sind\/#breadcrumb\",\"itemListElement\":[{\"@type\":\"ListItem\",\"position\":1,\"name\":\"Home\",\"item\":\"https:\/\/www.protect.airbus.com\/de\/\"},{\"@type\":\"ListItem\",\"position\":2,\"name\":\"Cybersecurity\",\"item\":\"https:\/\/www.protect.airbus.com\/de\/cybersecurity\/\"},{\"@type\":\"ListItem\",\"position\":3,\"name\":\"Fence-Software\",\"item\":\"https:\/\/www.protect.airbus.com\/de\/cybersecurity\/fence\/\"},{\"@type\":\"ListItem\",\"position\":4,\"name\":\"Wer wir sind\"}]},{\"@type\":\"WebSite\",\"@id\":\"https:\/\/www.protect.airbus.com\/de\/#website\",\"url\":\"https:\/\/www.protect.airbus.com\/de\/\",\"name\":\"Airbus Protect\",\"description\":\"\",\"publisher\":{\"@id\":\"https:\/\/www.protect.airbus.com\/de\/#organization\"},\"potentialAction\":[{\"@type\":\"SearchAction\",\"target\":{\"@type\":\"EntryPoint\",\"urlTemplate\":\"https:\/\/www.protect.airbus.com\/de\/?s={search_term_string}\"},\"query-input\":{\"@type\":\"PropertyValueSpecification\",\"valueRequired\":true,\"valueName\":\"search_term_string\"}}],\"inLanguage\":\"de\"},{\"@type\":\"Organization\",\"@id\":\"https:\/\/www.protect.airbus.com\/de\/#organization\",\"name\":\"Airbus Protect\",\"url\":\"https:\/\/www.protect.airbus.com\/de\/\",\"logo\":{\"@type\":\"ImageObject\",\"inLanguage\":\"de\",\"@id\":\"https:\/\/www.protect.airbus.com\/de\/#\/schema\/logo\/image\/\",\"url\":\"https:\/\/www.protect.airbus.com\/wp-content\/uploads\/2023\/05\/logo-airbus-protect-696-696.png\",\"contentUrl\":\"https:\/\/www.protect.airbus.com\/wp-content\/uploads\/2023\/05\/logo-airbus-protect-696-696.png\",\"width\":696,\"height\":696,\"caption\":\"Airbus Protect\"},\"image\":{\"@id\":\"https:\/\/www.protect.airbus.com\/de\/#\/schema\/logo\/image\/\"},\"sameAs\":[\"https:\/\/www.linkedin.com\/company\/airbus-protect\/\",\"https:\/\/www.youtube.com\/@airbusprotect7483\"],\"contactPoint\":{\"@type\":\"ContactPoint\",\"email\":\"protect@airbus.com\",\"contactType\":\"customer service\",\"areaServed\":[\"GB\",\"FR\",\"ES\",\"DE\",\"BE\",\"CH\",\"PT\",\"DK\",\"AT\"],\"availableLanguage\":[\"en\",\"fr\",\"de\"]}}]}<\/script>\n<!-- \/ Yoast SEO Premium plugin. -->","yoast_head_json":{"title":"Wer wir sind - Airbus Protect","description":"Erfahren Sie mehr \u00fcber das Zaun-Team, wer es ist und erfahren Sie mehr \u00fcber Airbus Protect.","robots":{"index":"index","follow":"follow","max-snippet":"max-snippet:-1","max-image-preview":"max-image-preview:large","max-video-preview":"max-video-preview:-1"},"canonical":"https:\/\/www.protect.airbus.com\/de\/cybersecurity\/fence\/wer-wir-sind\/","og_locale":"de_DE","og_type":"article","og_title":"Wer wir sind","og_description":"Erfahren Sie mehr \u00fcber das Zaun-Team, wer es ist und erfahren Sie mehr \u00fcber Airbus Protect.","og_url":"https:\/\/www.protect.airbus.com\/de\/cybersecurity\/fence\/wer-wir-sind\/","og_site_name":"Airbus Protect","article_modified_time":"2023-10-02T14:21:28+00:00","og_image":[{"width":1920,"height":358,"url":"https:\/\/www.protect.airbus.com\/wp-content\/uploads\/2023\/03\/background-Fence_3-01-1.png","type":"image\/png"}],"twitter_card":"summary_large_image","twitter_misc":{"Gesch\u00e4tzte Lesezeit":"2\u00a0Minuten"},"schema":{"@context":"https:\/\/schema.org","@graph":[{"@type":"WebPage","@id":"https:\/\/www.protect.airbus.com\/de\/cybersecurity\/fence\/wer-wir-sind\/","url":"https:\/\/www.protect.airbus.com\/de\/cybersecurity\/fence\/wer-wir-sind\/","name":"Wer wir sind - Airbus Protect","isPartOf":{"@id":"https:\/\/www.protect.airbus.com\/de\/#website"},"primaryImageOfPage":{"@id":"https:\/\/www.protect.airbus.com\/de\/cybersecurity\/fence\/wer-wir-sind\/#primaryimage"},"image":{"@id":"https:\/\/www.protect.airbus.com\/de\/cybersecurity\/fence\/wer-wir-sind\/#primaryimage"},"thumbnailUrl":"https:\/\/www.protect.airbus.com\/wp-content\/uploads\/2023\/03\/background-Fence_3-01-1.png","datePublished":"2023-03-31T14:37:52+00:00","dateModified":"2023-10-02T14:21:28+00:00","description":"Erfahren Sie mehr \u00fcber das Zaun-Team, wer es ist und erfahren Sie mehr \u00fcber Airbus Protect.","breadcrumb":{"@id":"https:\/\/www.protect.airbus.com\/de\/cybersecurity\/fence\/wer-wir-sind\/#breadcrumb"},"inLanguage":"de","potentialAction":[{"@type":"ReadAction","target":["https:\/\/www.protect.airbus.com\/de\/cybersecurity\/fence\/wer-wir-sind\/"]}]},{"@type":"ImageObject","inLanguage":"de","@id":"https:\/\/www.protect.airbus.com\/de\/cybersecurity\/fence\/wer-wir-sind\/#primaryimage","url":"https:\/\/www.protect.airbus.com\/wp-content\/uploads\/2023\/03\/background-Fence_3-01-1.png","contentUrl":"https:\/\/www.protect.airbus.com\/wp-content\/uploads\/2023\/03\/background-Fence_3-01-1.png","width":1920,"height":358},{"@type":"BreadcrumbList","@id":"https:\/\/www.protect.airbus.com\/de\/cybersecurity\/fence\/wer-wir-sind\/#breadcrumb","itemListElement":[{"@type":"ListItem","position":1,"name":"Home","item":"https:\/\/www.protect.airbus.com\/de\/"},{"@type":"ListItem","position":2,"name":"Cybersecurity","item":"https:\/\/www.protect.airbus.com\/de\/cybersecurity\/"},{"@type":"ListItem","position":3,"name":"Fence-Software","item":"https:\/\/www.protect.airbus.com\/de\/cybersecurity\/fence\/"},{"@type":"ListItem","position":4,"name":"Wer wir sind"}]},{"@type":"WebSite","@id":"https:\/\/www.protect.airbus.com\/de\/#website","url":"https:\/\/www.protect.airbus.com\/de\/","name":"Airbus Protect","description":"","publisher":{"@id":"https:\/\/www.protect.airbus.com\/de\/#organization"},"potentialAction":[{"@type":"SearchAction","target":{"@type":"EntryPoint","urlTemplate":"https:\/\/www.protect.airbus.com\/de\/?s={search_term_string}"},"query-input":{"@type":"PropertyValueSpecification","valueRequired":true,"valueName":"search_term_string"}}],"inLanguage":"de"},{"@type":"Organization","@id":"https:\/\/www.protect.airbus.com\/de\/#organization","name":"Airbus Protect","url":"https:\/\/www.protect.airbus.com\/de\/","logo":{"@type":"ImageObject","inLanguage":"de","@id":"https:\/\/www.protect.airbus.com\/de\/#\/schema\/logo\/image\/","url":"https:\/\/www.protect.airbus.com\/wp-content\/uploads\/2023\/05\/logo-airbus-protect-696-696.png","contentUrl":"https:\/\/www.protect.airbus.com\/wp-content\/uploads\/2023\/05\/logo-airbus-protect-696-696.png","width":696,"height":696,"caption":"Airbus Protect"},"image":{"@id":"https:\/\/www.protect.airbus.com\/de\/#\/schema\/logo\/image\/"},"sameAs":["https:\/\/www.linkedin.com\/company\/airbus-protect\/","https:\/\/www.youtube.com\/@airbusprotect7483"],"contactPoint":{"@type":"ContactPoint","email":"protect@airbus.com","contactType":"customer service","areaServed":["GB","FR","ES","DE","BE","CH","PT","DK","AT"],"availableLanguage":["en","fr","de"]}}]}},"_links":{"self":[{"href":"https:\/\/www.protect.airbus.com\/de\/wp-json\/wp\/v2\/pages\/7519","targetHints":{"allow":["GET"]}}],"collection":[{"href":"https:\/\/www.protect.airbus.com\/de\/wp-json\/wp\/v2\/pages"}],"about":[{"href":"https:\/\/www.protect.airbus.com\/de\/wp-json\/wp\/v2\/types\/page"}],"author":[{"embeddable":true,"href":"https:\/\/www.protect.airbus.com\/de\/wp-json\/wp\/v2\/users\/8"}],"replies":[{"embeddable":true,"href":"https:\/\/www.protect.airbus.com\/de\/wp-json\/wp\/v2\/comments?post=7519"}],"version-history":[{"count":4,"href":"https:\/\/www.protect.airbus.com\/de\/wp-json\/wp\/v2\/pages\/7519\/revisions"}],"predecessor-version":[{"id":7520,"href":"https:\/\/www.protect.airbus.com\/de\/wp-json\/wp\/v2\/pages\/7519\/revisions\/7520"}],"up":[{"embeddable":true,"href":"https:\/\/www.protect.airbus.com\/de\/wp-json\/wp\/v2\/pages\/7484"}],"wp:featuredmedia":[{"embeddable":true,"href":"https:\/\/www.protect.airbus.com\/de\/wp-json\/wp\/v2\/media\/4933"}],"wp:attachment":[{"href":"https:\/\/www.protect.airbus.com\/de\/wp-json\/wp\/v2\/media?parent=7519"}],"curies":[{"name":"wp","href":"https:\/\/api.w.org\/{rel}","templated":true}]}}