{"id":7511,"date":"2023-03-31T16:02:43","date_gmt":"2023-03-31T14:02:43","guid":{"rendered":"https:\/\/www.protect.airbus.com\/cybersecurity\/fence\/offer\/"},"modified":"2023-10-02T16:08:26","modified_gmt":"2023-10-02T14:08:26","slug":"angebot","status":"publish","type":"page","link":"https:\/\/www.protect.airbus.com\/de\/cybersecurity\/fence\/angebot\/","title":{"rendered":"Fence Lizenzen, Dienste und Schulungen"},"content":{"rendered":"<div class=\"wpb-content-wrapper\"><p>[vc_row][vc_column css=&#8220;.vc_custom_1655092277339{margin-bottom: 0px !important;padding-bottom: 0px !important;}&#8220;][vc_column_text p_style=&#8220;pHighlight&#8220;]<strong><a href=\"https:\/\/www.protect.airbus.com\/de\/cybersecurity\/fence\/\">Fence<\/a> \/ <a href=\"https:\/\/www.protect.airbus.com\/de\/cybersecurity\/fence\/Funktionalitaten\">Funktionalit\u00e4ten<\/a>\/ <span style=\"color: #da1884;\">Lizenzen, Dienste und Schulungen<\/span>\u00a0\/\u00a0<a href=\"https:\/\/www.protect.airbus.com\/de\/cybersecurity\/fence\/Wer-wir-sind\">Wer wir sind<\/a> \/\u00a0<a href=\"https:\/\/www.protect.airbus.com\/de\/cybersecurity\/fence\/kontakt\/\">Kontakt<\/a><\/strong>[\/vc_column_text][vc_column_text p_style=&#8220;pHighlight&#8220; css=&#8220;.vc_custom_1696255595525{margin-bottom: 0px !important;padding-bottom: 0px !important;}&#8220;]<\/p>\n<h2>Fence-Softwarelizenzen<\/h2>\n<p><span style=\"font-weight: 400;\">Wir bieten Fence-Softwarelizenzen f\u00fcr eine Vor-Ort-Installation an.<\/span><\/p>\n<p><strong>Fence-Lizenzen umfassen:<\/strong><\/p>\n<ul>\n<li style=\"font-weight: 400;\" aria-level=\"1\"><span style=\"font-weight: 400;\">Die Lieferung des Fence-Softwarepakets zur Installation in Ihren R\u00e4umlichkeiten<\/span><\/li>\n<li style=\"font-weight: 400;\" aria-level=\"1\"><span style=\"font-weight: 400;\">Unbegrenzter Zugang zu den Fence-Funktionen auf Ihrem Server<\/span><\/li>\n<li style=\"font-weight: 400;\" aria-level=\"1\"><span style=\"font-weight: 400;\">Unterst\u00fctzung f\u00fcr Endbenutzer<\/span><\/li>\n<li style=\"font-weight: 400;\" aria-level=\"1\"><span style=\"font-weight: 400;\">Technische Unterst\u00fctzung bei der Installation und bei Updates<\/span><\/li>\n<li style=\"font-weight: 400;\" aria-level=\"1\"><span style=\"font-weight: 400;\">Neue Versionen von Fence im Laufe des Jahres<\/span><\/li>\n<li style=\"font-weight: 400;\" aria-level=\"1\"><span style=\"font-weight: 400;\">Sicherheits- und Bug-Patches<\/span><\/li>\n<li style=\"font-weight: 400;\" aria-level=\"1\"><span style=\"font-weight: 400;\">Benutzerdokumentation und technische Dokumentation<\/span><\/li>\n<\/ul>\n<p>[\/vc_column_text][vc_column_text p_style=&#8220;pHighlight&#8220;]<\/p>\n<h2>Fence-Schulungen<\/h2>\n<p><span style=\"font-weight: 400;\">Wir bieten auch eine Fence-Schulung an, die sich speziell an Fence-Benutzer richtet. Unser Training ist von Qualiopi zertifiziert.<\/span>[\/vc_column_text][\/vc_column][\/vc_row][vc_row][vc_column][vc_column_text p_style=&#8220;pHighlight&#8220; css=&#8220;.vc_custom_1696255624758{background-color: #ffffff !important;}&#8220;]<\/p>\n<h3>P\u00e4dagogische Ziele:<\/h3>\n<ul>\n<li><span style=\"font-weight: 400;\">In der Lage sein, die Fence-Anwendung zu nutzen, um eine EBIOS RM Sicherheitsrisikobewertung durchzuf\u00fchren<\/span><\/li>\n<li><span style=\"font-weight: 400;\">Erste Erfahrungen mit Fence sammeln und sich mit der Benutzeroberfl\u00e4che vertraut machen<\/span><\/li>\n<li><span style=\"font-weight: 400;\">Verstehen, was mit der Anwendung gemacht werden kann und wo die einzelnen Informationen zu finden sind<\/span><\/li>\n<li><span style=\"font-weight: 400;\">Kennenlernen der fortgeschrittenen Funktionen, die Fence bietet, und wie man sie nutzt (Wissensdatenbanken, Anpassung, Berichterstattung usw.)<\/span><\/li>\n<\/ul>\n<h3>Agenda:<\/h3>\n<ul>\n<li><span style=\"font-weight: 400;\">Vorstellung der Grunds\u00e4tze der Anwendung (Organisation, Navigation, Berichtsfunktionen usw.)<\/span><\/li>\n<li><span style=\"font-weight: 400;\">Detaillierte Pr\u00e4sentation und Durchf\u00fchrung der einzelnen EBIOS RM-Workshops:<\/span>\n<ul>\n<li><span style=\"font-weight: 400;\">Workshop 1: Anwendungsbereich und Sicherheitsgrundlagen<\/span><\/li>\n<li><span style=\"font-weight: 400;\">Workshop 2: Ursprung der Risiken<\/span><\/li>\n<li><span style=\"font-weight: 400;\">Workshop 3: Strategische Szenarien<\/span><\/li>\n<li><span style=\"font-weight: 400;\">Workshop 4: Operative Szenarien<\/span><\/li>\n<li><span style=\"font-weight: 400;\">Workshop 5: Risikobehandlung<\/span><\/li>\n<\/ul>\n<\/li>\n<li><span style=\"font-weight: 400;\">Neben dem Walkthrough werden auch praktische \u00dcbungen zu Fence angeboten, die es jedem Teilnehmer erm\u00f6glichen, Fence tats\u00e4chlich zu nutzen und die Pr\u00e4sentationen zu veranschaulichen (jeder Teilnehmer hat f\u00fcr die Zwecke dieser Schulung Zugang zu einem Fence-Konto auf einem Airbus Protect Server) <\/span><\/li>\n<\/ul>\n<h3>Profile der Schulungsteilnehmer:<\/h3>\n<ul>\n<li><span style=\"font-weight: 400;\">Risikoanalysten<\/span><\/li>\n<\/ul>\n<h3>Dauer<b>:\u00a0<\/b><\/h3>\n<ul>\n<li>1 Tag<\/li>\n<\/ul>\n<h3>Ort:<\/h3>\n<ul>\n<li><span style=\"font-weight: 400;\">An Airbus Protect Standorten, im Unternehmen oder aus der Ferne<\/span><\/li>\n<\/ul>\n<h3>Voraussetzungen:<\/h3>\n<ul>\n<li><span style=\"font-weight: 400;\">EBIOS RM-Kenntnisse, z. B. Teilnahme an einer EBIOS RM-Methodikschulung<\/span><\/li>\n<\/ul>\n<p>[\/vc_column_text][\/vc_column][vc_column][vc_column_text]<\/p>\n<h2><b>EBIOS RM-Schulung<\/b><\/h2>\n<p>[\/vc_column_text][\/vc_column][\/vc_row][vc_row][vc_column][vc_column_text p_style=&#8220;pHighlight&#8220;]<span style=\"font-weight: 400;\">Au\u00dferdem ist unser Schulungskurs zur EBIOS RM-Methodik verf\u00fcgbar.<\/span>[\/vc_column_text][\/vc_column][\/vc_row][vc_row][vc_column]<div class=\"blocMoreInfo\">\n    <h2 class=\"h2Big\">mehr \u00fcber [Schulungen]<\/h2>[vc_column_text p_style=&#8220;pHighlight&#8220;]<strong>Wenn Sie mehr \u00fcber die gesamte Bandbreite unseres Schulungskatalogs erfahren m\u00f6chten, entdecken Sie unseren<\/strong>[\/vc_column_text]<div class=\"divBtCTA btAlignCenter\"><a href=\"https:\/\/www.protect.airbus.com\/brochure\/training-catalogue\/\"  class=\"button btCybersecurity\">Airbus Protect Schulungskatalog<\/a><\/div>    <\/div>[\/vc_column][\/vc_row]<\/p>\n<\/div>","protected":false},"excerpt":{"rendered":"<p>[vc_row][vc_column css=&#8220;.vc_custom_1655092277339{margin-bottom: 0px !important;padding-bottom: 0px !important;}&#8220;][vc_column_text p_style=&#8220;pHighlight&#8220;]Fence \/ Funktionalit\u00e4ten\/ Lizenzen, Dienste und Schulungen\u00a0\/\u00a0Wer wir sind \/\u00a0Kontakt[\/vc_column_text][vc_column_text p_style=&#8220;pHighlight&#8220; css=&#8220;.vc_custom_1696255595525{margin-bottom: 0px !important;padding-bottom: 0px !important;}&#8220;] Fence-Softwarelizenzen Wir bieten Fence-Softwarelizenzen f\u00fcr eine Vor-Ort-Installation an. Fence-Lizenzen umfassen: Die Lieferung des Fence-Softwarepakets zur Installation in Ihren R\u00e4umlichkeiten Unbegrenzter Zugang zu den Fence-Funktionen auf Ihrem Server Unterst\u00fctzung f\u00fcr Endbenutzer Technische Unterst\u00fctzung bei [&hellip;]<\/p>\n","protected":false},"author":8,"featured_media":4933,"parent":7484,"menu_order":1,"comment_status":"closed","ping_status":"closed","template":"","meta":{"_acf_changed":false,"content-type":"","_relevanssi_hide_post":"","_relevanssi_hide_content":"","_relevanssi_pin_for_all":"","_relevanssi_pin_keywords":"","_relevanssi_unpin_keywords":"","_relevanssi_related_keywords":"","_relevanssi_related_include_ids":"","_relevanssi_related_exclude_ids":"","_relevanssi_related_no_append":"","_relevanssi_related_not_related":"","_relevanssi_related_posts":"","_relevanssi_noindex_reason":"","footnotes":""},"class_list":["post-7511","page","type-page","status-publish","has-post-thumbnail","hentry"],"acf":[],"yoast_head":"<!-- This site is optimized with the Yoast SEO Premium plugin v27.2 (Yoast SEO v27.2) - https:\/\/yoast.com\/product\/yoast-seo-premium-wordpress\/ -->\n<title>Fence Lizenzen, Dienste und Schulungen - Airbus Protect<\/title>\n<meta name=\"description\" content=\"Erfahren Sie mehr \u00fcber die Cybersecurity-Risikomanagement Software Fence: unsere Lizenzen, und Schulungsangebote.\" \/>\n<meta name=\"robots\" content=\"index, follow, max-snippet:-1, max-image-preview:large, max-video-preview:-1\" \/>\n<link rel=\"canonical\" href=\"https:\/\/www.protect.airbus.com\/de\/cybersecurity\/fence\/angebot\/\" \/>\n<meta property=\"og:locale\" content=\"de_DE\" \/>\n<meta property=\"og:type\" content=\"article\" \/>\n<meta property=\"og:title\" content=\"Fence Lizenzen, Dienste und Schulungen\" \/>\n<meta property=\"og:description\" content=\"Erfahren Sie mehr \u00fcber die Cybersecurity-Risikomanagement Software Fence: unsere Lizenzen, und Schulungsangebote.\" \/>\n<meta property=\"og:url\" content=\"https:\/\/www.protect.airbus.com\/de\/cybersecurity\/fence\/angebot\/\" \/>\n<meta property=\"og:site_name\" content=\"Airbus Protect\" \/>\n<meta property=\"article:modified_time\" content=\"2023-10-02T14:08:26+00:00\" \/>\n<meta property=\"og:image\" content=\"https:\/\/www.protect.airbus.com\/wp-content\/uploads\/2023\/03\/background-Fence_3-01-1.png\" \/>\n\t<meta property=\"og:image:width\" content=\"1920\" \/>\n\t<meta property=\"og:image:height\" content=\"358\" \/>\n\t<meta property=\"og:image:type\" content=\"image\/png\" \/>\n<meta name=\"twitter:card\" content=\"summary_large_image\" \/>\n<meta name=\"twitter:label1\" content=\"Gesch\u00e4tzte Lesezeit\" \/>\n\t<meta name=\"twitter:data1\" content=\"2\u00a0Minuten\" \/>\n<script type=\"application\/ld+json\" class=\"yoast-schema-graph\">{\"@context\":\"https:\/\/schema.org\",\"@graph\":[{\"@type\":\"WebPage\",\"@id\":\"https:\/\/www.protect.airbus.com\/de\/cybersecurity\/fence\/angebot\/\",\"url\":\"https:\/\/www.protect.airbus.com\/de\/cybersecurity\/fence\/angebot\/\",\"name\":\"Fence Lizenzen, Dienste und Schulungen - Airbus Protect\",\"isPartOf\":{\"@id\":\"https:\/\/www.protect.airbus.com\/de\/#website\"},\"primaryImageOfPage\":{\"@id\":\"https:\/\/www.protect.airbus.com\/de\/cybersecurity\/fence\/angebot\/#primaryimage\"},\"image\":{\"@id\":\"https:\/\/www.protect.airbus.com\/de\/cybersecurity\/fence\/angebot\/#primaryimage\"},\"thumbnailUrl\":\"https:\/\/www.protect.airbus.com\/wp-content\/uploads\/2023\/03\/background-Fence_3-01-1.png\",\"datePublished\":\"2023-03-31T14:02:43+00:00\",\"dateModified\":\"2023-10-02T14:08:26+00:00\",\"description\":\"Erfahren Sie mehr \u00fcber die Cybersecurity-Risikomanagement Software Fence: unsere Lizenzen, und Schulungsangebote.\",\"breadcrumb\":{\"@id\":\"https:\/\/www.protect.airbus.com\/de\/cybersecurity\/fence\/angebot\/#breadcrumb\"},\"inLanguage\":\"de\",\"potentialAction\":[{\"@type\":\"ReadAction\",\"target\":[\"https:\/\/www.protect.airbus.com\/de\/cybersecurity\/fence\/angebot\/\"]}]},{\"@type\":\"ImageObject\",\"inLanguage\":\"de\",\"@id\":\"https:\/\/www.protect.airbus.com\/de\/cybersecurity\/fence\/angebot\/#primaryimage\",\"url\":\"https:\/\/www.protect.airbus.com\/wp-content\/uploads\/2023\/03\/background-Fence_3-01-1.png\",\"contentUrl\":\"https:\/\/www.protect.airbus.com\/wp-content\/uploads\/2023\/03\/background-Fence_3-01-1.png\",\"width\":1920,\"height\":358},{\"@type\":\"BreadcrumbList\",\"@id\":\"https:\/\/www.protect.airbus.com\/de\/cybersecurity\/fence\/angebot\/#breadcrumb\",\"itemListElement\":[{\"@type\":\"ListItem\",\"position\":1,\"name\":\"Home\",\"item\":\"https:\/\/www.protect.airbus.com\/de\/\"},{\"@type\":\"ListItem\",\"position\":2,\"name\":\"Cybersecurity\",\"item\":\"https:\/\/www.protect.airbus.com\/de\/cybersecurity\/\"},{\"@type\":\"ListItem\",\"position\":3,\"name\":\"Fence-Software\",\"item\":\"https:\/\/www.protect.airbus.com\/de\/cybersecurity\/fence\/\"},{\"@type\":\"ListItem\",\"position\":4,\"name\":\"Fence Lizenzen, Dienste und Schulungen\"}]},{\"@type\":\"WebSite\",\"@id\":\"https:\/\/www.protect.airbus.com\/de\/#website\",\"url\":\"https:\/\/www.protect.airbus.com\/de\/\",\"name\":\"Airbus Protect\",\"description\":\"\",\"publisher\":{\"@id\":\"https:\/\/www.protect.airbus.com\/de\/#organization\"},\"potentialAction\":[{\"@type\":\"SearchAction\",\"target\":{\"@type\":\"EntryPoint\",\"urlTemplate\":\"https:\/\/www.protect.airbus.com\/de\/?s={search_term_string}\"},\"query-input\":{\"@type\":\"PropertyValueSpecification\",\"valueRequired\":true,\"valueName\":\"search_term_string\"}}],\"inLanguage\":\"de\"},{\"@type\":\"Organization\",\"@id\":\"https:\/\/www.protect.airbus.com\/de\/#organization\",\"name\":\"Airbus Protect\",\"url\":\"https:\/\/www.protect.airbus.com\/de\/\",\"logo\":{\"@type\":\"ImageObject\",\"inLanguage\":\"de\",\"@id\":\"https:\/\/www.protect.airbus.com\/de\/#\/schema\/logo\/image\/\",\"url\":\"https:\/\/www.protect.airbus.com\/wp-content\/uploads\/2023\/05\/logo-airbus-protect-696-696.png\",\"contentUrl\":\"https:\/\/www.protect.airbus.com\/wp-content\/uploads\/2023\/05\/logo-airbus-protect-696-696.png\",\"width\":696,\"height\":696,\"caption\":\"Airbus Protect\"},\"image\":{\"@id\":\"https:\/\/www.protect.airbus.com\/de\/#\/schema\/logo\/image\/\"},\"sameAs\":[\"https:\/\/www.linkedin.com\/company\/airbus-protect\/\",\"https:\/\/www.youtube.com\/@airbusprotect7483\"],\"contactPoint\":{\"@type\":\"ContactPoint\",\"email\":\"protect@airbus.com\",\"contactType\":\"customer service\",\"areaServed\":[\"GB\",\"FR\",\"ES\",\"DE\",\"BE\",\"CH\",\"PT\",\"DK\",\"AT\"],\"availableLanguage\":[\"en\",\"fr\",\"de\"]}}]}<\/script>\n<!-- \/ Yoast SEO Premium plugin. -->","yoast_head_json":{"title":"Fence Lizenzen, Dienste und Schulungen - Airbus Protect","description":"Erfahren Sie mehr \u00fcber die Cybersecurity-Risikomanagement Software Fence: unsere Lizenzen, und Schulungsangebote.","robots":{"index":"index","follow":"follow","max-snippet":"max-snippet:-1","max-image-preview":"max-image-preview:large","max-video-preview":"max-video-preview:-1"},"canonical":"https:\/\/www.protect.airbus.com\/de\/cybersecurity\/fence\/angebot\/","og_locale":"de_DE","og_type":"article","og_title":"Fence Lizenzen, Dienste und Schulungen","og_description":"Erfahren Sie mehr \u00fcber die Cybersecurity-Risikomanagement Software Fence: unsere Lizenzen, und Schulungsangebote.","og_url":"https:\/\/www.protect.airbus.com\/de\/cybersecurity\/fence\/angebot\/","og_site_name":"Airbus Protect","article_modified_time":"2023-10-02T14:08:26+00:00","og_image":[{"width":1920,"height":358,"url":"https:\/\/www.protect.airbus.com\/wp-content\/uploads\/2023\/03\/background-Fence_3-01-1.png","type":"image\/png"}],"twitter_card":"summary_large_image","twitter_misc":{"Gesch\u00e4tzte Lesezeit":"2\u00a0Minuten"},"schema":{"@context":"https:\/\/schema.org","@graph":[{"@type":"WebPage","@id":"https:\/\/www.protect.airbus.com\/de\/cybersecurity\/fence\/angebot\/","url":"https:\/\/www.protect.airbus.com\/de\/cybersecurity\/fence\/angebot\/","name":"Fence Lizenzen, Dienste und Schulungen - Airbus Protect","isPartOf":{"@id":"https:\/\/www.protect.airbus.com\/de\/#website"},"primaryImageOfPage":{"@id":"https:\/\/www.protect.airbus.com\/de\/cybersecurity\/fence\/angebot\/#primaryimage"},"image":{"@id":"https:\/\/www.protect.airbus.com\/de\/cybersecurity\/fence\/angebot\/#primaryimage"},"thumbnailUrl":"https:\/\/www.protect.airbus.com\/wp-content\/uploads\/2023\/03\/background-Fence_3-01-1.png","datePublished":"2023-03-31T14:02:43+00:00","dateModified":"2023-10-02T14:08:26+00:00","description":"Erfahren Sie mehr \u00fcber die Cybersecurity-Risikomanagement Software Fence: unsere Lizenzen, und Schulungsangebote.","breadcrumb":{"@id":"https:\/\/www.protect.airbus.com\/de\/cybersecurity\/fence\/angebot\/#breadcrumb"},"inLanguage":"de","potentialAction":[{"@type":"ReadAction","target":["https:\/\/www.protect.airbus.com\/de\/cybersecurity\/fence\/angebot\/"]}]},{"@type":"ImageObject","inLanguage":"de","@id":"https:\/\/www.protect.airbus.com\/de\/cybersecurity\/fence\/angebot\/#primaryimage","url":"https:\/\/www.protect.airbus.com\/wp-content\/uploads\/2023\/03\/background-Fence_3-01-1.png","contentUrl":"https:\/\/www.protect.airbus.com\/wp-content\/uploads\/2023\/03\/background-Fence_3-01-1.png","width":1920,"height":358},{"@type":"BreadcrumbList","@id":"https:\/\/www.protect.airbus.com\/de\/cybersecurity\/fence\/angebot\/#breadcrumb","itemListElement":[{"@type":"ListItem","position":1,"name":"Home","item":"https:\/\/www.protect.airbus.com\/de\/"},{"@type":"ListItem","position":2,"name":"Cybersecurity","item":"https:\/\/www.protect.airbus.com\/de\/cybersecurity\/"},{"@type":"ListItem","position":3,"name":"Fence-Software","item":"https:\/\/www.protect.airbus.com\/de\/cybersecurity\/fence\/"},{"@type":"ListItem","position":4,"name":"Fence Lizenzen, Dienste und Schulungen"}]},{"@type":"WebSite","@id":"https:\/\/www.protect.airbus.com\/de\/#website","url":"https:\/\/www.protect.airbus.com\/de\/","name":"Airbus Protect","description":"","publisher":{"@id":"https:\/\/www.protect.airbus.com\/de\/#organization"},"potentialAction":[{"@type":"SearchAction","target":{"@type":"EntryPoint","urlTemplate":"https:\/\/www.protect.airbus.com\/de\/?s={search_term_string}"},"query-input":{"@type":"PropertyValueSpecification","valueRequired":true,"valueName":"search_term_string"}}],"inLanguage":"de"},{"@type":"Organization","@id":"https:\/\/www.protect.airbus.com\/de\/#organization","name":"Airbus Protect","url":"https:\/\/www.protect.airbus.com\/de\/","logo":{"@type":"ImageObject","inLanguage":"de","@id":"https:\/\/www.protect.airbus.com\/de\/#\/schema\/logo\/image\/","url":"https:\/\/www.protect.airbus.com\/wp-content\/uploads\/2023\/05\/logo-airbus-protect-696-696.png","contentUrl":"https:\/\/www.protect.airbus.com\/wp-content\/uploads\/2023\/05\/logo-airbus-protect-696-696.png","width":696,"height":696,"caption":"Airbus Protect"},"image":{"@id":"https:\/\/www.protect.airbus.com\/de\/#\/schema\/logo\/image\/"},"sameAs":["https:\/\/www.linkedin.com\/company\/airbus-protect\/","https:\/\/www.youtube.com\/@airbusprotect7483"],"contactPoint":{"@type":"ContactPoint","email":"protect@airbus.com","contactType":"customer service","areaServed":["GB","FR","ES","DE","BE","CH","PT","DK","AT"],"availableLanguage":["en","fr","de"]}}]}},"_links":{"self":[{"href":"https:\/\/www.protect.airbus.com\/de\/wp-json\/wp\/v2\/pages\/7511","targetHints":{"allow":["GET"]}}],"collection":[{"href":"https:\/\/www.protect.airbus.com\/de\/wp-json\/wp\/v2\/pages"}],"about":[{"href":"https:\/\/www.protect.airbus.com\/de\/wp-json\/wp\/v2\/types\/page"}],"author":[{"embeddable":true,"href":"https:\/\/www.protect.airbus.com\/de\/wp-json\/wp\/v2\/users\/8"}],"replies":[{"embeddable":true,"href":"https:\/\/www.protect.airbus.com\/de\/wp-json\/wp\/v2\/comments?post=7511"}],"version-history":[{"count":5,"href":"https:\/\/www.protect.airbus.com\/de\/wp-json\/wp\/v2\/pages\/7511\/revisions"}],"predecessor-version":[{"id":7516,"href":"https:\/\/www.protect.airbus.com\/de\/wp-json\/wp\/v2\/pages\/7511\/revisions\/7516"}],"up":[{"embeddable":true,"href":"https:\/\/www.protect.airbus.com\/de\/wp-json\/wp\/v2\/pages\/7484"}],"wp:featuredmedia":[{"embeddable":true,"href":"https:\/\/www.protect.airbus.com\/de\/wp-json\/wp\/v2\/media\/4933"}],"wp:attachment":[{"href":"https:\/\/www.protect.airbus.com\/de\/wp-json\/wp\/v2\/media?parent=7511"}],"curies":[{"name":"wp","href":"https:\/\/api.w.org\/{rel}","templated":true}]}}