{"id":7498,"date":"2023-03-31T16:01:20","date_gmt":"2023-03-31T14:01:20","guid":{"rendered":"https:\/\/www.protect.airbus.com\/cybersecurity\/fence\/features\/"},"modified":"2023-10-02T16:09:18","modified_gmt":"2023-10-02T14:09:18","slug":"funktionalitaten","status":"publish","type":"page","link":"https:\/\/www.protect.airbus.com\/de\/cybersecurity\/fence\/funktionalitaten\/","title":{"rendered":"Fence Funktionalit\u00e4ten"},"content":{"rendered":"<div class=\"wpb-content-wrapper\"><p>[vc_row][vc_column][vc_column_text p_style=&#8220;pHighlight&#8220;]<strong><a href=\"https:\/\/www.protect.airbus.com\/de\/cybersecurity\/fence\/\">Fence<\/a> \/ <span style=\"color: #da1884;\">Funktionalit\u00e4ten <\/span>\/ <a href=\"https:\/\/www.protect.airbus.com\/de\/cybersecurity\/fence\/Angebot\">Lizenzen, Dienste und Schulungen<\/a> \/ <a href=\"https:\/\/www.protect.airbus.com\/de\/cybersecurity\/fence\/Wer-wir-sind\">Wer wir sind<\/a>\u00a0\/ <a href=\"https:\/\/www.protect.airbus.com\/de\/cybersecurity\/fence\/kontakt\/\">Kontakt<\/a><\/strong>[\/vc_column_text][vc_column_text]<\/p>\n<h2>Fence Funktionalit\u00e4ten<\/h2>\n<p>[\/vc_column_text][\/vc_column][\/vc_row][vc_row equal_height=&#8220;yes&#8220;][vc_column width=&#8220;1\/4&#8243; css=&#8220;.vc_custom_1680266786454{margin-right: 10px !important;margin-bottom: 40px !important;margin-left: 10px !important;background-color: #e8e8e8 !important;}&#8220;][vc_row_inner equal_height=&#8220;yes&#8220;][vc_column_inner][vc_column_text css=&#8220;.vc_custom_1696252826097{padding-top: 1px !important;padding-right: 9px !important;padding-bottom: 10px !important;padding-left: 9px !important;}&#8220;]<\/p>\n<h3 style=\"text-align: center;\"><b>EBIOS RM methodology<\/b><\/h3>\n<p><span style=\"font-weight: 400;\">\u2022 Risikobewertung mit der EBIOS-RM-Methode<\/span><\/p>\n<p><span style=\"font-weight: 400;\">\u2022 Bewertung der Konformit\u00e4t<\/span><\/p>\n<p><span style=\"font-weight: 400;\">\u2022 Mehrere Kontrollkataloge (ANSSI-Richtlinien, ISO 27002:2013, ISO 27002:2022, NIST 800-53, II 901, usw.) und M\u00f6glichkeit, neue zu importieren<\/span><\/p>\n<p><span style=\"font-weight: 400;\">\u2022 Volle Flexibilit\u00e4t bei Skalen und Kriterien (Auswirkung, Wahrscheinlichkeit, Risiko, etc.)<\/span><\/p>\n<p><span style=\"font-weight: 400;\">\u2022 Kataloge f\u00fcr Angriffstechniken (MITRE ATT&amp;CK, CAPEC, usw.)<\/span><\/p>\n<p>&nbsp;<\/p>\n<p>[\/vc_column_text][\/vc_column_inner][\/vc_row_inner][\/vc_column][vc_column width=&#8220;3\/4&#8243;][vc_row_inner equal_height=&#8220;yes&#8220;][vc_column_inner width=&#8220;1\/3&#8243; css=&#8220;.vc_custom_1680266327178{margin-right: 10px !important;margin-bottom: 20px !important;margin-left: 10px !important;background-color: #e8e8e8 !important;}&#8220;][vc_column_text css=&#8220;.vc_custom_1696252853025{padding-top: 1px !important;padding-right: 9px !important;padding-bottom: 30px !important;padding-left: 9px !important;}&#8220;]<\/p>\n<h3 style=\"text-align: center;\"><b>Einfachheit und Automatisierung<\/b><\/h3>\n<p><span style=\"font-weight: 400;\">\u2022 Einfache und intuitive Schnittstelle, leicht zu erlernen, auf Effizienz und Zeitersparnis ausgelegt<\/span><\/p>\n<p><span style=\"font-weight: 400;\">\u2022 Automatische Erstellung von Word-Berichten unter Verwendung benutzerdefinierter Vorlagen<\/span>[\/vc_column_text][\/vc_column_inner][vc_column_inner width=&#8220;1\/3&#8243; css=&#8220;.vc_custom_1680266332868{margin-right: 10px !important;margin-bottom: 20px !important;margin-left: 10px !important;background-color: #e8e8e8 !important;}&#8220;][vc_column_text css=&#8220;.vc_custom_1696253086857{padding-top: 1px !important;padding-right: 9px !important;padding-bottom: 30px !important;padding-left: 9px !important;}&#8220;]<\/p>\n<h3 style=\"text-align: center;\"><b>Einfaches Risikomanagement<\/b><\/h3>\n<p><span style=\"font-weight: 400;\">\u2022 Nachverfolgung des Risikobehandlungsplans (oder des Plans zur Behebung von M\u00e4ngeln)<\/span><\/p>\n<p><span style=\"font-weight: 400;\">\u2022 \u00dcberwachung der Restrisiken (Wasserfalldiagramme)<\/span><\/p>\n<p><span style=\"font-weight: 400;\">\u2022 KPIs und Diagramme zum Fortschritt des Behandlungsplans <\/span>[\/vc_column_text][\/vc_column_inner][vc_column_inner width=&#8220;1\/3&#8243; css=&#8220;.vc_custom_1680266336186{margin-right: 10px !important;margin-bottom: 20px !important;margin-left: 10px !important;background-color: #e8e8e8 !important;}&#8220;][vc_column_text css=&#8220;.vc_custom_1696253140245{border-bottom-width: 0px !important;padding-top: 1px !important;padding-right: 9px !important;padding-bottom: 30px !important;padding-left: 9px !important;}&#8220;]<\/p>\n<h3 style=\"text-align: center;\"><b>Einrichtung<\/b><\/h3>\n<p><span style=\"font-weight: 400;\">\u2022 Server-Installation vor Ort (RedHat 8, Debian 10)<\/span><\/p>\n<p><span style=\"font-weight: 400;\">\u2022 Eigenst\u00e4ndige Installation (Windows 10)<\/span><\/p>\n<p><span style=\"font-weight: 400;\">\u2022 Einfache und automatisierte Installation, auch in abgeschirmten Netzwerken<\/span>[\/vc_column_text][\/vc_column_inner][\/vc_row_inner][vc_row_inner equal_height=&#8220;yes&#8220; css=&#8220;.vc_custom_1680266346636{margin-bottom: 20px !important;}&#8220;][vc_column_inner width=&#8220;1\/3&#8243; css=&#8220;.vc_custom_1680266448207{margin-right: 10px !important;margin-bottom: 20px !important;margin-left: 10px !important;background-color: #e8e8e8 !important;}&#8220;][vc_column_text css=&#8220;.vc_custom_1696252991664{padding-top: 1px !important;padding-right: 9px !important;padding-bottom: 30px !important;padding-left: 9px !important;}&#8220;]<\/p>\n<h3 style=\"text-align: center;\"><b>Zusammenarbeit<\/b><\/h3>\n<p><span style=\"font-weight: 400;\">\u2022 Echtzeit-Zusammenarbeit bei einer gleichen Risikobewertung<\/span><\/p>\n<p><span style=\"font-weight: 400;\">\u2022 Wissensdatenbanken, vollst\u00e4ndig anpassbar, wiederverwendbar f\u00fcr \u00e4hnliche Risikobewertungen<\/span><\/p>\n<p><span style=\"font-weight: 400;\">\u2022 Zentralisierung von Risiko- und Compliance-Bewertungen, Baumansicht, Archivierung, Versionierung<\/span>[\/vc_column_text][\/vc_column_inner][vc_column_inner width=&#8220;1\/3&#8243; css=&#8220;.vc_custom_1680266343536{margin-right: 10px !important;margin-bottom: 20px !important;margin-left: 10px !important;background-color: #e8e8e8 !important;}&#8220;][vc_column_text css=&#8220;.vc_custom_1696253284120{padding-top: 1px !important;padding-right: 9px !important;padding-bottom: 30px !important;padding-left: 9px !important;}&#8220;]<\/p>\n<h3 style=\"text-align: center;\"><b>Compliance-Bewertung<\/b><\/h3>\n<p><span style=\"font-weight: 400;\">\u2022 Compliance-Bewertungen<\/span><\/p>\n<p><span style=\"font-weight: 400;\">\u2022 Reifegradbeurteilungen<\/span><\/p>\n<p><span style=\"font-weight: 400;\">\u2022 Import beliebiger Kataloge, von denen viele zur Verf\u00fcgung stehen (ISO 27002, NIST 800-53, II 901, usw.)<\/span><\/p>\n<p><span style=\"font-weight: 400;\">\u2022 Fortgeschrittene Funktionen: Baselines von Kontrollen, generische Risiken im Zusammenhang mit Nichteinhaltung, usw.<\/span>[\/vc_column_text][\/vc_column_inner][vc_column_inner width=&#8220;1\/3&#8243; css=&#8220;.vc_custom_1680266370064{margin-right: 10px !important;margin-bottom: 20px !important;margin-left: 10px !important;background-color: #e8e8e8 !important;}&#8220;][vc_column_text css=&#8220;.vc_custom_1696253427128{padding-top: 1px !important;padding-right: 9px !important;padding-bottom: 30px !important;padding-left: 9px !important;}&#8220;]<\/p>\n<h3 style=\"text-align: center;\"><b>Sicherheit<\/b><\/h3>\n<p><span style=\"font-weight: 400;\">\u2022 SSO (Single Sign On with SAML2 and LDAP protocols)<\/span><\/p>\n<p><span style=\"font-weight: 400;\">\u2022 Group based access control (also available per user)<\/span><\/p>\n<p><span style=\"font-weight: 400;\">\u2022 Hardening automated within the installation process<\/span><\/p>\n<p><span style=\"font-weight: 400;\">\u2022 Encryption at rest<\/span><\/p>\n<p><span style=\"font-weight: 400;\">\u2022 Integration with WAF and SOC<\/span>[\/vc_column_text][\/vc_column_inner][\/vc_row_inner][vc_row_inner][vc_column_inner css=&#8220;.vc_custom_1680266357985{margin-right: 10px !important;margin-left: 10px !important;}&#8220; offset=&#8220;vc_hidden-xs&#8220;][vc_empty_space height=&#8220;22 px&#8220;][\/vc_column_inner][\/vc_row_inner][\/vc_column][\/vc_row][vc_row disable_element=&#8220;yes&#8220;][vc_column][vc_column_text]<\/p>\n<h2>Focus on Fence key features<\/h2>\n<p>-&gt; to be authored[\/vc_column_text]<div class=\"blocList blocListKeyfeature bgColorWhite\">\n            <div class=\"lineTitleCTA\">\n            <h2>Focus on key features<\/h2>\n            <a href=\"https:\/\/www.protect.airbus.com\/cybersecurity\/fence\/key-features\/\"  class=\"button btDiscoverMore\">Mehr erfahren<\/a>\n        <\/div>\n        <div class=\"noResult\">Kein Ergebnis verf\u00fcgbar<\/div><\/div>[\/vc_column][\/vc_row][vc_row disable_element=&#8220;yes&#8220;][vc_column][\/vc_column][\/vc_row][vc_row][vc_column]<div class=\"blocMoreInfo\">\n    <h2 class=\"h2Big\">Mehr \u00fcber [FENCE]<\/h2>[vc_column_text p_style=&#8220;pHighlight&#8220;]<strong>Kontaktieren Sie uns f\u00fcr weitere Informationen<\/strong>[\/vc_column_text]<div class=\"divBtCTA btAlignCenter\"><a href=\"https:\/\/www.protect.airbus.com\/de\/cybersecurity\/fence\/kontakt\/\"  class=\"button btAuto\">Kontaktieren aufnehmen<\/a><\/div>    <\/div>[\/vc_column][\/vc_row]<\/p>\n<\/div>","protected":false},"excerpt":{"rendered":"<p>[vc_row][vc_column][vc_column_text p_style=&#8220;pHighlight&#8220;]Fence \/ Funktionalit\u00e4ten \/ Lizenzen, Dienste und Schulungen \/ Wer wir sind\u00a0\/ Kontakt[\/vc_column_text][vc_column_text] Fence Funktionalit\u00e4ten [\/vc_column_text][\/vc_column][\/vc_row][vc_row equal_height=&#8220;yes&#8220;][vc_column width=&#8220;1\/4&#8243; css=&#8220;.vc_custom_1680266786454{margin-right: 10px !important;margin-bottom: 40px !important;margin-left: 10px !important;background-color: #e8e8e8 !important;}&#8220;][vc_row_inner equal_height=&#8220;yes&#8220;][vc_column_inner][vc_column_text css=&#8220;.vc_custom_1696252826097{padding-top: 1px !important;padding-right: 9px !important;padding-bottom: 10px !important;padding-left: 9px !important;}&#8220;] EBIOS RM methodology \u2022 Risikobewertung mit der EBIOS-RM-Methode \u2022 Bewertung der Konformit\u00e4t \u2022 Mehrere Kontrollkataloge (ANSSI-Richtlinien, ISO [&hellip;]<\/p>\n","protected":false},"author":8,"featured_media":4933,"parent":7484,"menu_order":1,"comment_status":"closed","ping_status":"closed","template":"","meta":{"_acf_changed":false,"content-type":"","_relevanssi_hide_post":"","_relevanssi_hide_content":"","_relevanssi_pin_for_all":"","_relevanssi_pin_keywords":"","_relevanssi_unpin_keywords":"","_relevanssi_related_keywords":"","_relevanssi_related_include_ids":"","_relevanssi_related_exclude_ids":"","_relevanssi_related_no_append":"","_relevanssi_related_not_related":"","_relevanssi_related_posts":"","_relevanssi_noindex_reason":"","footnotes":""},"class_list":["post-7498","page","type-page","status-publish","has-post-thumbnail","hentry"],"acf":[],"yoast_head":"<!-- This site is optimized with the Yoast SEO Premium plugin v27.3 (Yoast SEO v27.3) - https:\/\/yoast.com\/product\/yoast-seo-premium-wordpress\/ -->\n<title>Fence Funktionalit\u00e4ten - Airbus Protect<\/title>\n<meta name=\"description\" content=\"Entdecken Sie die Funktionalit\u00e4ten von Fence, Cybersicherheits-Risikomanagement: EBIOS RM Methodik, Zusammenarbeit, Sicherheit und andere.\" \/>\n<meta name=\"robots\" content=\"index, follow, max-snippet:-1, max-image-preview:large, max-video-preview:-1\" \/>\n<link rel=\"canonical\" href=\"https:\/\/www.protect.airbus.com\/de\/cybersecurity\/fence\/funktionalitaten\/\" \/>\n<meta property=\"og:locale\" content=\"de_DE\" \/>\n<meta property=\"og:type\" content=\"article\" \/>\n<meta property=\"og:title\" content=\"Fence Funktionalit\u00e4ten\" \/>\n<meta property=\"og:description\" content=\"Entdecken Sie die Funktionalit\u00e4ten von Fence, Cybersicherheits-Risikomanagement: EBIOS RM Methodik, Zusammenarbeit, Sicherheit und andere.\" \/>\n<meta property=\"og:url\" content=\"https:\/\/www.protect.airbus.com\/de\/cybersecurity\/fence\/funktionalitaten\/\" \/>\n<meta property=\"og:site_name\" content=\"Airbus Protect\" \/>\n<meta property=\"article:modified_time\" content=\"2023-10-02T14:09:18+00:00\" \/>\n<meta property=\"og:image\" content=\"https:\/\/www.protect.airbus.com\/wp-content\/uploads\/2023\/03\/background-Fence_3-01-1.png\" \/>\n\t<meta property=\"og:image:width\" content=\"1920\" \/>\n\t<meta property=\"og:image:height\" content=\"358\" \/>\n\t<meta property=\"og:image:type\" content=\"image\/png\" \/>\n<meta name=\"twitter:card\" content=\"summary_large_image\" \/>\n<meta name=\"twitter:label1\" content=\"Gesch\u00e4tzte Lesezeit\" \/>\n\t<meta name=\"twitter:data1\" content=\"2\u00a0Minuten\" \/>\n<script type=\"application\/ld+json\" class=\"yoast-schema-graph\">{\"@context\":\"https:\\\/\\\/schema.org\",\"@graph\":[{\"@type\":\"WebPage\",\"@id\":\"https:\\\/\\\/www.protect.airbus.com\\\/de\\\/cybersecurity\\\/fence\\\/funktionalitaten\\\/\",\"url\":\"https:\\\/\\\/www.protect.airbus.com\\\/de\\\/cybersecurity\\\/fence\\\/funktionalitaten\\\/\",\"name\":\"Fence Funktionalit\u00e4ten - Airbus Protect\",\"isPartOf\":{\"@id\":\"https:\\\/\\\/www.protect.airbus.com\\\/de\\\/#website\"},\"primaryImageOfPage\":{\"@id\":\"https:\\\/\\\/www.protect.airbus.com\\\/de\\\/cybersecurity\\\/fence\\\/funktionalitaten\\\/#primaryimage\"},\"image\":{\"@id\":\"https:\\\/\\\/www.protect.airbus.com\\\/de\\\/cybersecurity\\\/fence\\\/funktionalitaten\\\/#primaryimage\"},\"thumbnailUrl\":\"https:\\\/\\\/www.protect.airbus.com\\\/wp-content\\\/uploads\\\/2023\\\/03\\\/background-Fence_3-01-1.png\",\"datePublished\":\"2023-03-31T14:01:20+00:00\",\"dateModified\":\"2023-10-02T14:09:18+00:00\",\"description\":\"Entdecken Sie die Funktionalit\u00e4ten von Fence, Cybersicherheits-Risikomanagement: EBIOS RM Methodik, Zusammenarbeit, Sicherheit und andere.\",\"breadcrumb\":{\"@id\":\"https:\\\/\\\/www.protect.airbus.com\\\/de\\\/cybersecurity\\\/fence\\\/funktionalitaten\\\/#breadcrumb\"},\"inLanguage\":\"de\",\"potentialAction\":[{\"@type\":\"ReadAction\",\"target\":[\"https:\\\/\\\/www.protect.airbus.com\\\/de\\\/cybersecurity\\\/fence\\\/funktionalitaten\\\/\"]}]},{\"@type\":\"ImageObject\",\"inLanguage\":\"de\",\"@id\":\"https:\\\/\\\/www.protect.airbus.com\\\/de\\\/cybersecurity\\\/fence\\\/funktionalitaten\\\/#primaryimage\",\"url\":\"https:\\\/\\\/www.protect.airbus.com\\\/wp-content\\\/uploads\\\/2023\\\/03\\\/background-Fence_3-01-1.png\",\"contentUrl\":\"https:\\\/\\\/www.protect.airbus.com\\\/wp-content\\\/uploads\\\/2023\\\/03\\\/background-Fence_3-01-1.png\",\"width\":1920,\"height\":358},{\"@type\":\"BreadcrumbList\",\"@id\":\"https:\\\/\\\/www.protect.airbus.com\\\/de\\\/cybersecurity\\\/fence\\\/funktionalitaten\\\/#breadcrumb\",\"itemListElement\":[{\"@type\":\"ListItem\",\"position\":1,\"name\":\"Home\",\"item\":\"https:\\\/\\\/www.protect.airbus.com\\\/de\\\/\"},{\"@type\":\"ListItem\",\"position\":2,\"name\":\"Cybersecurity\",\"item\":\"https:\\\/\\\/www.protect.airbus.com\\\/de\\\/cybersecurity\\\/\"},{\"@type\":\"ListItem\",\"position\":3,\"name\":\"Fence-Software\",\"item\":\"https:\\\/\\\/www.protect.airbus.com\\\/de\\\/cybersecurity\\\/fence\\\/\"},{\"@type\":\"ListItem\",\"position\":4,\"name\":\"Fence Funktionalit\u00e4ten\"}]},{\"@type\":\"WebSite\",\"@id\":\"https:\\\/\\\/www.protect.airbus.com\\\/de\\\/#website\",\"url\":\"https:\\\/\\\/www.protect.airbus.com\\\/de\\\/\",\"name\":\"Airbus Protect\",\"description\":\"\",\"publisher\":{\"@id\":\"https:\\\/\\\/www.protect.airbus.com\\\/de\\\/#organization\"},\"potentialAction\":[{\"@type\":\"SearchAction\",\"target\":{\"@type\":\"EntryPoint\",\"urlTemplate\":\"https:\\\/\\\/www.protect.airbus.com\\\/de\\\/?s={search_term_string}\"},\"query-input\":{\"@type\":\"PropertyValueSpecification\",\"valueRequired\":true,\"valueName\":\"search_term_string\"}}],\"inLanguage\":\"de\"},{\"@type\":\"Organization\",\"@id\":\"https:\\\/\\\/www.protect.airbus.com\\\/de\\\/#organization\",\"name\":\"Airbus Protect\",\"url\":\"https:\\\/\\\/www.protect.airbus.com\\\/de\\\/\",\"logo\":{\"@type\":\"ImageObject\",\"inLanguage\":\"de\",\"@id\":\"https:\\\/\\\/www.protect.airbus.com\\\/de\\\/#\\\/schema\\\/logo\\\/image\\\/\",\"url\":\"https:\\\/\\\/www.protect.airbus.com\\\/wp-content\\\/uploads\\\/2023\\\/05\\\/logo-airbus-protect-696-696.png\",\"contentUrl\":\"https:\\\/\\\/www.protect.airbus.com\\\/wp-content\\\/uploads\\\/2023\\\/05\\\/logo-airbus-protect-696-696.png\",\"width\":696,\"height\":696,\"caption\":\"Airbus Protect\"},\"image\":{\"@id\":\"https:\\\/\\\/www.protect.airbus.com\\\/de\\\/#\\\/schema\\\/logo\\\/image\\\/\"},\"sameAs\":[\"https:\\\/\\\/www.linkedin.com\\\/company\\\/airbus-protect\\\/\",\"https:\\\/\\\/www.youtube.com\\\/@airbusprotect7483\"],\"contactPoint\":{\"@type\":\"ContactPoint\",\"email\":\"protect@airbus.com\",\"contactType\":\"customer service\",\"areaServed\":[\"GB\",\"FR\",\"ES\",\"DE\",\"BE\",\"CH\",\"PT\",\"DK\",\"AT\"],\"availableLanguage\":[\"en\",\"fr\",\"de\"]}}]}<\/script>\n<!-- \/ Yoast SEO Premium plugin. -->","yoast_head_json":{"title":"Fence Funktionalit\u00e4ten - Airbus Protect","description":"Entdecken Sie die Funktionalit\u00e4ten von Fence, Cybersicherheits-Risikomanagement: EBIOS RM Methodik, Zusammenarbeit, Sicherheit und andere.","robots":{"index":"index","follow":"follow","max-snippet":"max-snippet:-1","max-image-preview":"max-image-preview:large","max-video-preview":"max-video-preview:-1"},"canonical":"https:\/\/www.protect.airbus.com\/de\/cybersecurity\/fence\/funktionalitaten\/","og_locale":"de_DE","og_type":"article","og_title":"Fence Funktionalit\u00e4ten","og_description":"Entdecken Sie die Funktionalit\u00e4ten von Fence, Cybersicherheits-Risikomanagement: EBIOS RM Methodik, Zusammenarbeit, Sicherheit und andere.","og_url":"https:\/\/www.protect.airbus.com\/de\/cybersecurity\/fence\/funktionalitaten\/","og_site_name":"Airbus Protect","article_modified_time":"2023-10-02T14:09:18+00:00","og_image":[{"width":1920,"height":358,"url":"https:\/\/www.protect.airbus.com\/wp-content\/uploads\/2023\/03\/background-Fence_3-01-1.png","type":"image\/png"}],"twitter_card":"summary_large_image","twitter_misc":{"Gesch\u00e4tzte Lesezeit":"2\u00a0Minuten"},"schema":{"@context":"https:\/\/schema.org","@graph":[{"@type":"WebPage","@id":"https:\/\/www.protect.airbus.com\/de\/cybersecurity\/fence\/funktionalitaten\/","url":"https:\/\/www.protect.airbus.com\/de\/cybersecurity\/fence\/funktionalitaten\/","name":"Fence Funktionalit\u00e4ten - Airbus Protect","isPartOf":{"@id":"https:\/\/www.protect.airbus.com\/de\/#website"},"primaryImageOfPage":{"@id":"https:\/\/www.protect.airbus.com\/de\/cybersecurity\/fence\/funktionalitaten\/#primaryimage"},"image":{"@id":"https:\/\/www.protect.airbus.com\/de\/cybersecurity\/fence\/funktionalitaten\/#primaryimage"},"thumbnailUrl":"https:\/\/www.protect.airbus.com\/wp-content\/uploads\/2023\/03\/background-Fence_3-01-1.png","datePublished":"2023-03-31T14:01:20+00:00","dateModified":"2023-10-02T14:09:18+00:00","description":"Entdecken Sie die Funktionalit\u00e4ten von Fence, Cybersicherheits-Risikomanagement: EBIOS RM Methodik, Zusammenarbeit, Sicherheit und andere.","breadcrumb":{"@id":"https:\/\/www.protect.airbus.com\/de\/cybersecurity\/fence\/funktionalitaten\/#breadcrumb"},"inLanguage":"de","potentialAction":[{"@type":"ReadAction","target":["https:\/\/www.protect.airbus.com\/de\/cybersecurity\/fence\/funktionalitaten\/"]}]},{"@type":"ImageObject","inLanguage":"de","@id":"https:\/\/www.protect.airbus.com\/de\/cybersecurity\/fence\/funktionalitaten\/#primaryimage","url":"https:\/\/www.protect.airbus.com\/wp-content\/uploads\/2023\/03\/background-Fence_3-01-1.png","contentUrl":"https:\/\/www.protect.airbus.com\/wp-content\/uploads\/2023\/03\/background-Fence_3-01-1.png","width":1920,"height":358},{"@type":"BreadcrumbList","@id":"https:\/\/www.protect.airbus.com\/de\/cybersecurity\/fence\/funktionalitaten\/#breadcrumb","itemListElement":[{"@type":"ListItem","position":1,"name":"Home","item":"https:\/\/www.protect.airbus.com\/de\/"},{"@type":"ListItem","position":2,"name":"Cybersecurity","item":"https:\/\/www.protect.airbus.com\/de\/cybersecurity\/"},{"@type":"ListItem","position":3,"name":"Fence-Software","item":"https:\/\/www.protect.airbus.com\/de\/cybersecurity\/fence\/"},{"@type":"ListItem","position":4,"name":"Fence Funktionalit\u00e4ten"}]},{"@type":"WebSite","@id":"https:\/\/www.protect.airbus.com\/de\/#website","url":"https:\/\/www.protect.airbus.com\/de\/","name":"Airbus Protect","description":"","publisher":{"@id":"https:\/\/www.protect.airbus.com\/de\/#organization"},"potentialAction":[{"@type":"SearchAction","target":{"@type":"EntryPoint","urlTemplate":"https:\/\/www.protect.airbus.com\/de\/?s={search_term_string}"},"query-input":{"@type":"PropertyValueSpecification","valueRequired":true,"valueName":"search_term_string"}}],"inLanguage":"de"},{"@type":"Organization","@id":"https:\/\/www.protect.airbus.com\/de\/#organization","name":"Airbus Protect","url":"https:\/\/www.protect.airbus.com\/de\/","logo":{"@type":"ImageObject","inLanguage":"de","@id":"https:\/\/www.protect.airbus.com\/de\/#\/schema\/logo\/image\/","url":"https:\/\/www.protect.airbus.com\/wp-content\/uploads\/2023\/05\/logo-airbus-protect-696-696.png","contentUrl":"https:\/\/www.protect.airbus.com\/wp-content\/uploads\/2023\/05\/logo-airbus-protect-696-696.png","width":696,"height":696,"caption":"Airbus Protect"},"image":{"@id":"https:\/\/www.protect.airbus.com\/de\/#\/schema\/logo\/image\/"},"sameAs":["https:\/\/www.linkedin.com\/company\/airbus-protect\/","https:\/\/www.youtube.com\/@airbusprotect7483"],"contactPoint":{"@type":"ContactPoint","email":"protect@airbus.com","contactType":"customer service","areaServed":["GB","FR","ES","DE","BE","CH","PT","DK","AT"],"availableLanguage":["en","fr","de"]}}]}},"_links":{"self":[{"href":"https:\/\/www.protect.airbus.com\/de\/wp-json\/wp\/v2\/pages\/7498","targetHints":{"allow":["GET"]}}],"collection":[{"href":"https:\/\/www.protect.airbus.com\/de\/wp-json\/wp\/v2\/pages"}],"about":[{"href":"https:\/\/www.protect.airbus.com\/de\/wp-json\/wp\/v2\/types\/page"}],"author":[{"embeddable":true,"href":"https:\/\/www.protect.airbus.com\/de\/wp-json\/wp\/v2\/users\/8"}],"replies":[{"embeddable":true,"href":"https:\/\/www.protect.airbus.com\/de\/wp-json\/wp\/v2\/comments?post=7498"}],"version-history":[{"count":6,"href":"https:\/\/www.protect.airbus.com\/de\/wp-json\/wp\/v2\/pages\/7498\/revisions"}],"predecessor-version":[{"id":7518,"href":"https:\/\/www.protect.airbus.com\/de\/wp-json\/wp\/v2\/pages\/7498\/revisions\/7518"}],"up":[{"embeddable":true,"href":"https:\/\/www.protect.airbus.com\/de\/wp-json\/wp\/v2\/pages\/7484"}],"wp:featuredmedia":[{"embeddable":true,"href":"https:\/\/www.protect.airbus.com\/de\/wp-json\/wp\/v2\/media\/4933"}],"wp:attachment":[{"href":"https:\/\/www.protect.airbus.com\/de\/wp-json\/wp\/v2\/media?parent=7498"}],"curies":[{"name":"wp","href":"https:\/\/api.w.org\/{rel}","templated":true}]}}