{"id":7484,"date":"2023-03-31T15:39:58","date_gmt":"2023-03-31T13:39:58","guid":{"rendered":"https:\/\/www.protect.airbus.com\/cybersecurity\/fence\/"},"modified":"2026-03-11T11:23:50","modified_gmt":"2026-03-11T10:23:50","slug":"fence","status":"publish","type":"page","link":"https:\/\/www.protect.airbus.com\/de\/cybersecurity\/fence\/","title":{"rendered":"Fence-Software"},"content":{"rendered":"<div class=\"wpb-content-wrapper\"><p>[vc_row][vc_column][vc_row_inner][vc_column_inner][vc_column_text p_style=&#8220;pHighlight&#8220;]<strong><span style=\"color: #da1884;\">Fence <\/span>\/ <a href=\"https:\/\/www.protect.airbus.com\/de\/cybersecurity\/fence\/funktionalitaten\/\">Funktionalit\u00e4ten<\/a> \/ <a href=\"https:\/\/www.protect.airbus.com\/de\/cybersecurity\/fence\/angebot\/\">Lizenzen, Dienste und Schulungen<\/a>\u00a0\/ <a href=\"https:\/\/www.protect.airbus.com\/de\/cybersecurity\/fence\/wer-wir-sind\/\">Wer wir sind<\/a>\u00a0\/ <a href=\"https:\/\/www.protect.airbus.com\/de\/cybersecurity\/fence\/kontakt\/\">Kontakt<\/a><\/strong>[\/vc_column_text][\/vc_column_inner][\/vc_row_inner][vc_column_text p_style=&#8220;pHighlight&#8220;]<\/p>\n<h2>Fence,Bewertung und Management von Cybersecurity-Risiken<\/h2>\n<p><span style=\"font-weight: 400;\">Fence ist das Tool von Airbus Protect f\u00fcr die Bewertung und das Management von Risiken im Bereich der Cybersicherheit.<\/span><\/p>\n<p><span style=\"font-weight: 400;\">Fence ist eine Softwarel\u00f6sung, die einfache und intuitive Risikobewertungen mit der EBIOS-RM-Methode sowie Compliance-Bewertungen erm\u00f6glicht. Fence erm\u00f6glicht auch die Nachverfolgung der ermittelten Risiken und ihrer Aktionspl\u00e4ne und liefert Grafiken und Indikatoren.<\/span><\/p>\n<p><span style=\"font-weight: 400;\">Es handelt sich um eine Webanwendung, die in den Gesch\u00e4ftsr\u00e4umen eingesetzt werden kann. Sie kann auch auf einer Workstation oder einem Laptop installiert werden, sogar in einem Air-Gapped-Netzwerk.<\/span>[\/vc_column_text][vc_column_text p_style=&#8220;pHighlight&#8220;]<\/p>\n<h2><b>Ein Werkzeug, entwickelt von den Beraterinnen und Beratern, die es nutzen<\/b><\/h2>\n<p><span style=\"font-weight: 400;\">Das Tool wurde urspr\u00fcnglich f\u00fcr die Risikobewertungen von Beraterinnen und Beratern von Airbus Protect entwickelt. In Fence steckt unser Know-how, das wir unseren mehr als <strong>400 Benutzern<\/strong> zur Verf\u00fcgung stellen.<\/span><\/p>\n<p style=\"text-align: left;\"><span style=\"font-weight: 400;\">Fence ist die Softwarel\u00f6sung, die von Airbus f\u00fcr das Cybersecurity-Risikomanagement verwendet wird und jetzt als Standardprodukt erh\u00e4ltlich ist. Sie wird von unserem Team in Toulouse, Frankreich, mit modernsten Verfahren innerhalb unserer Abteilung f\u00fcr Softwareentwicklung weiterentwickelt.<\/span><\/p>\n<p><span style=\"font-weight: 400;\">Die Urspr\u00fcnge von Fence liegen noch immer in seiner DNA: Die Funktionen werden in Zusammenarbeit mit den Consultants entwickelt, die sie nutzen, und viele von ihnen werden tats\u00e4chlich auf deren Wunsch hin implementiert. Fence ist nach wie vor das Werkzeug, das von unseren Risikomanagement-Beraterinnen und -Berater t\u00e4glich verwendet wird.<\/span>[\/vc_column_text][\/vc_column][\/vc_row][vc_row full_width=&#8220;stretch_row&#8220; equal_height=&#8220;yes&#8220; content_placement=&#8220;top&#8220; css=&#8220;.vc_custom_1695821593663{background-image: url(https:\/\/www.protect.airbus.com\/wp-content\/uploads\/2022\/06\/bg-bloc-tls.jpg?id=1762) !important;background-position: center !important;background-repeat: no-repeat !important;background-size: cover !important;}&#8220;][vc_column width=&#8220;1\/2&#8243;][vc_column_text p_style=&#8220;pHighlight&#8220;]<\/p>\n<h3>Unsere Brosch\u00fcre<\/h3>\n<p>In der Brosch\u00fcre finden Sie alle Einzelheiten zur Fence-Softwarel\u00f6sung (EN).[\/vc_column_text]<div class=\"divBtCTA btAlignCenter\">\n        <a href=\"\/de\/download\/?id=40793&idFile=40793&k=5b42e648c18b0e04&idPS=7484&kPS=9eea41126d1a6fad&FT=Fence+brochure&kFT=b7f887e910432992&FST=Fence+brocbure&kFST=7ddcb206e7c1edb8&TFT=cybersecurity\" rel=\"nofollow\" class=\"button btCybersecurity\">Fence-Brosch\u00fcre herunterladen<\/a>\n        <\/div>[\/vc_column][vc_column width=&#8220;1\/2&#8243;][vc_single_image image=&#8220;35376&#8243; img_size=&#8220;full&#8220; css=&#8220;&#8220;][\/vc_column][\/vc_row][vc_row full_width=&#8220;stretch_row&#8220;][vc_column][vc_column_text p_style=&#8220;pHighlight&#8220;]<\/p>\n<h2>ANSSI label &amp; Standards<\/h2>\n<p><span style=\"font-weight: 400;\">Fence hat das ANSSI-Label EBIOS Risk Manager f\u00fcr Softwarel\u00f6sungen zur Risikobewertung erhalten.<\/span><\/p>\n<p><span style=\"font-weight: 400;\">Dieses G\u00fctesiegel stellt sicher, dass Softwarel\u00f6sungen, die EBIOS RM implementieren, vollst\u00e4ndig mit diesem Standard konform sind. Es wird von der ANSSI (der franz\u00f6sischen Agentur f\u00fcr Cybersicherheit) verliehen, die die EBIOS RM-Methodik entwickelt hat.<\/span><\/p>\n<p><span style=\"font-weight: 400;\">Neben EBIOS RM setzt Fence auch die folgenden Normen um:<\/span><\/p>\n<ul>\n<li style=\"font-weight: 400;\" aria-level=\"1\"><span style=\"font-weight: 400;\">ISO 27005:2018 (durch EBIOS RM)<\/span><\/li>\n<li style=\"font-weight: 400;\" aria-level=\"1\"><span style=\"font-weight: 400;\">ISO 27002:2013<\/span><\/li>\n<li style=\"font-weight: 400;\" aria-level=\"1\"><span style=\"font-weight: 400;\">ISO 27002:2022<\/span><\/li>\n<li style=\"font-weight: 400;\" aria-level=\"1\"><span style=\"font-weight: 400;\">NIST 800-53<\/span><\/li>\n<li style=\"font-weight: 400;\" aria-level=\"1\"><span style=\"font-weight: 400;\">MITRE ATT&amp;CK<\/span><\/li>\n<li style=\"font-weight: 400;\" aria-level=\"1\"><span style=\"font-weight: 400;\">ISA\/IEC 62443-2-1<\/span><\/li>\n<li style=\"font-weight: 400;\" aria-level=\"1\"><span style=\"font-weight: 400;\">ISA\/IEC 62443-3-3<\/span><\/li>\n<li style=\"font-weight: 400;\" aria-level=\"1\"><span style=\"font-weight: 400;\">ISA\/IEC 62443-4-2<\/span><\/li>\n<li style=\"font-weight: 400;\" aria-level=\"1\"><span style=\"font-weight: 400;\">Leitfaden f\u00fcr ein gesundes Informationssystem in 42 Ma\u00dfnahmen (von ANSSI)<\/span><\/li>\n<\/ul>\n<p>[\/vc_column_text][vc_column_text p_style=&#8220;pHighlight&#8220;]<\/p>\n<h2><b>Passende L\u00f6sungen f\u00fcr Ihre Bed\u00fcrfnisse<\/b><\/h2>\n<p>[\/vc_column_text][vc_column_text p_style=&#8220;pHighlight&#8220;]Unsere digitalen, technischen und sicherheitstechnischen Beratungsteams k\u00f6nnen skalierbare und ma\u00dfgeschneiderte Software-Implementierungen sowie Datenanalysen und ma\u00dfgeschneiderte Schulungen anbieten.[\/vc_column_text]    <div class=\"hightlightBracket\">\n        <div class=\"glyphe\"><\/div>\n        <div class=\"highlight\"><p>Setzen Sie sich mit uns in Verbindung, um mehr \u00fcber die Risikomanagement-Software von Fence, unsere anderen Softwarel\u00f6sungen oder unser gesamtes Dienstleistungsangebot zu erfahren.<\/p><\/div>\n    <\/div>\n    <div class=\"blocMoreInfo\">\n    [vc_column_text p_style=&#8220;pHighlight&#8220;]<\/p>\n<h3><span style=\"color: #da1884;\"><strong>Kontaktieren Sie das [Fence] Team<\/strong><\/span><\/h3>\n<p>[\/vc_column_text]<div class=\"divBtCTA btAlignCenter\"><a href=\"https:\/\/www.protect.airbus.com\/de\/cybersecurity\/fence\/kontakt\/\"  class=\"button btCybersecurity\">Kontakt aufnehmen<\/a><\/div>    <\/div>[\/vc_column][\/vc_row][vc_row][vc_column][vc_raw_html css=&#8220;&#8220;]JTNDZGl2JTIwZGF0YS10Zi1saXZlJTNEJTIyMDFKRVA1NFk4Nzk0QVNLTkFDNjYxQ1pRRTclMjIlM0UlM0MlMkZkaXYlM0UlM0NzY3JpcHQlMjBzcmMlM0QlMjIlMkYlMkZlbWJlZC50eXBlZm9ybS5jb20lMkZuZXh0JTJGZW1iZWQuanMlMjIlM0UlM0MlMkZzY3JpcHQlM0U=[\/vc_raw_html][\/vc_column][\/vc_row]<\/p>\n<\/div>","protected":false},"excerpt":{"rendered":"<p>[vc_row][vc_column][vc_row_inner][vc_column_inner][vc_column_text p_style=&#8220;pHighlight&#8220;]Fence \/ Funktionalit\u00e4ten \/ Lizenzen, Dienste und Schulungen\u00a0\/ Wer wir sind\u00a0\/ Kontakt[\/vc_column_text][\/vc_column_inner][\/vc_row_inner][vc_column_text p_style=&#8220;pHighlight&#8220;] Fence,Bewertung und Management von Cybersecurity-Risiken Fence ist das Tool von Airbus Protect f\u00fcr die Bewertung und das Management von Risiken im Bereich der Cybersicherheit. Fence ist eine Softwarel\u00f6sung, die einfache und intuitive Risikobewertungen mit der EBIOS-RM-Methode sowie Compliance-Bewertungen erm\u00f6glicht. Fence erm\u00f6glicht [&hellip;]<\/p>\n","protected":false},"author":8,"featured_media":4933,"parent":6950,"menu_order":1,"comment_status":"closed","ping_status":"closed","template":"","meta":{"_acf_changed":false,"content-type":"","_relevanssi_hide_post":"","_relevanssi_hide_content":"","_relevanssi_pin_for_all":"","_relevanssi_pin_keywords":"","_relevanssi_unpin_keywords":"","_relevanssi_related_keywords":"","_relevanssi_related_include_ids":"","_relevanssi_related_exclude_ids":"","_relevanssi_related_no_append":"","_relevanssi_related_not_related":"","_relevanssi_related_posts":"","_relevanssi_noindex_reason":"","footnotes":""},"class_list":["post-7484","page","type-page","status-publish","has-post-thumbnail","hentry"],"acf":[],"yoast_head":"<!-- This site is optimized with the Yoast SEO Premium plugin v27.3 (Yoast SEO v27.3) - https:\/\/yoast.com\/product\/yoast-seo-premium-wordpress\/ -->\n<title>Fence-Software - Airbus Protect<\/title>\n<meta name=\"description\" content=\"Entdecken Sie Fence, die propriet\u00e4re Risikomanagement-Software von Airbus Protect, die Kennzeichnungen und Standards.\" \/>\n<meta name=\"robots\" content=\"index, follow, max-snippet:-1, max-image-preview:large, max-video-preview:-1\" \/>\n<link rel=\"canonical\" href=\"https:\/\/www.protect.airbus.com\/de\/cybersecurity\/fence\/\" \/>\n<meta property=\"og:locale\" content=\"de_DE\" \/>\n<meta property=\"og:type\" content=\"article\" \/>\n<meta property=\"og:title\" content=\"Fence-Software\" \/>\n<meta property=\"og:description\" content=\"Entdecken Sie Fence, die propriet\u00e4re Risikomanagement-Software von Airbus Protect, die Kennzeichnungen und Standards.\" \/>\n<meta property=\"og:url\" content=\"https:\/\/www.protect.airbus.com\/de\/cybersecurity\/fence\/\" \/>\n<meta property=\"og:site_name\" content=\"Airbus Protect\" \/>\n<meta property=\"article:modified_time\" content=\"2026-03-11T10:23:50+00:00\" \/>\n<meta property=\"og:image\" content=\"https:\/\/www.protect.airbus.com\/wp-content\/uploads\/2023\/03\/background-Fence_3-01-1.png\" \/>\n\t<meta property=\"og:image:width\" content=\"1920\" \/>\n\t<meta property=\"og:image:height\" content=\"358\" \/>\n\t<meta property=\"og:image:type\" content=\"image\/png\" \/>\n<meta name=\"twitter:card\" content=\"summary_large_image\" \/>\n<meta name=\"twitter:label1\" content=\"Gesch\u00e4tzte Lesezeit\" \/>\n\t<meta name=\"twitter:data1\" content=\"3\u00a0Minuten\" \/>\n<script type=\"application\/ld+json\" class=\"yoast-schema-graph\">{\"@context\":\"https:\\\/\\\/schema.org\",\"@graph\":[{\"@type\":\"Service\",\"name\":\"Fence-Software\",\"url\":\"https:\\\/\\\/www.protect.airbus.com\\\/de\\\/cybersecurity\\\/fence\\\/\",\"provider\":{\"@id\":\"https:\\\/\\\/www.protect.airbus.com\\\/#organization\"},\"description\":\"\"},{\"@type\":\"WebPage\",\"@id\":\"https:\\\/\\\/www.protect.airbus.com\\\/de\\\/cybersecurity\\\/fence\\\/\",\"url\":\"https:\\\/\\\/www.protect.airbus.com\\\/de\\\/cybersecurity\\\/fence\\\/\",\"name\":\"Fence-Software - Airbus Protect\",\"isPartOf\":{\"@id\":\"https:\\\/\\\/www.protect.airbus.com\\\/de\\\/#website\"},\"primaryImageOfPage\":{\"@id\":\"https:\\\/\\\/www.protect.airbus.com\\\/de\\\/cybersecurity\\\/fence\\\/#primaryimage\"},\"image\":{\"@id\":\"https:\\\/\\\/www.protect.airbus.com\\\/de\\\/cybersecurity\\\/fence\\\/#primaryimage\"},\"thumbnailUrl\":\"https:\\\/\\\/www.protect.airbus.com\\\/wp-content\\\/uploads\\\/2023\\\/03\\\/background-Fence_3-01-1.png\",\"datePublished\":\"2023-03-31T13:39:58+00:00\",\"dateModified\":\"2026-03-11T10:23:50+00:00\",\"description\":\"Entdecken Sie Fence, die propriet\u00e4re Risikomanagement-Software von Airbus Protect, die Kennzeichnungen und Standards.\",\"breadcrumb\":{\"@id\":\"https:\\\/\\\/www.protect.airbus.com\\\/de\\\/cybersecurity\\\/fence\\\/#breadcrumb\"},\"inLanguage\":\"de\",\"potentialAction\":[{\"@type\":\"ReadAction\",\"target\":[\"https:\\\/\\\/www.protect.airbus.com\\\/de\\\/cybersecurity\\\/fence\\\/\"]}]},{\"@type\":\"ImageObject\",\"inLanguage\":\"de\",\"@id\":\"https:\\\/\\\/www.protect.airbus.com\\\/de\\\/cybersecurity\\\/fence\\\/#primaryimage\",\"url\":\"https:\\\/\\\/www.protect.airbus.com\\\/wp-content\\\/uploads\\\/2023\\\/03\\\/background-Fence_3-01-1.png\",\"contentUrl\":\"https:\\\/\\\/www.protect.airbus.com\\\/wp-content\\\/uploads\\\/2023\\\/03\\\/background-Fence_3-01-1.png\",\"width\":1920,\"height\":358},{\"@type\":\"BreadcrumbList\",\"@id\":\"https:\\\/\\\/www.protect.airbus.com\\\/de\\\/cybersecurity\\\/fence\\\/#breadcrumb\",\"itemListElement\":[{\"@type\":\"ListItem\",\"position\":1,\"name\":\"Home\",\"item\":\"https:\\\/\\\/www.protect.airbus.com\\\/de\\\/\"},{\"@type\":\"ListItem\",\"position\":2,\"name\":\"Cybersecurity\",\"item\":\"https:\\\/\\\/www.protect.airbus.com\\\/de\\\/cybersecurity\\\/\"},{\"@type\":\"ListItem\",\"position\":3,\"name\":\"Fence-Software\"}]},{\"@type\":\"WebSite\",\"@id\":\"https:\\\/\\\/www.protect.airbus.com\\\/de\\\/#website\",\"url\":\"https:\\\/\\\/www.protect.airbus.com\\\/de\\\/\",\"name\":\"Airbus Protect\",\"description\":\"\",\"publisher\":{\"@id\":\"https:\\\/\\\/www.protect.airbus.com\\\/de\\\/#organization\"},\"potentialAction\":[{\"@type\":\"SearchAction\",\"target\":{\"@type\":\"EntryPoint\",\"urlTemplate\":\"https:\\\/\\\/www.protect.airbus.com\\\/de\\\/?s={search_term_string}\"},\"query-input\":{\"@type\":\"PropertyValueSpecification\",\"valueRequired\":true,\"valueName\":\"search_term_string\"}}],\"inLanguage\":\"de\"},{\"@type\":\"Organization\",\"@id\":\"https:\\\/\\\/www.protect.airbus.com\\\/de\\\/#organization\",\"name\":\"Airbus Protect\",\"url\":\"https:\\\/\\\/www.protect.airbus.com\\\/de\\\/\",\"logo\":{\"@type\":\"ImageObject\",\"inLanguage\":\"de\",\"@id\":\"https:\\\/\\\/www.protect.airbus.com\\\/de\\\/#\\\/schema\\\/logo\\\/image\\\/\",\"url\":\"https:\\\/\\\/www.protect.airbus.com\\\/wp-content\\\/uploads\\\/2023\\\/05\\\/logo-airbus-protect-696-696.png\",\"contentUrl\":\"https:\\\/\\\/www.protect.airbus.com\\\/wp-content\\\/uploads\\\/2023\\\/05\\\/logo-airbus-protect-696-696.png\",\"width\":696,\"height\":696,\"caption\":\"Airbus Protect\"},\"image\":{\"@id\":\"https:\\\/\\\/www.protect.airbus.com\\\/de\\\/#\\\/schema\\\/logo\\\/image\\\/\"},\"sameAs\":[\"https:\\\/\\\/www.linkedin.com\\\/company\\\/airbus-protect\\\/\",\"https:\\\/\\\/www.youtube.com\\\/@airbusprotect7483\"],\"contactPoint\":{\"@type\":\"ContactPoint\",\"email\":\"protect@airbus.com\",\"contactType\":\"customer service\",\"areaServed\":[\"GB\",\"FR\",\"ES\",\"DE\",\"BE\",\"CH\",\"PT\",\"DK\",\"AT\"],\"availableLanguage\":[\"en\",\"fr\",\"de\"]}}]}<\/script>\n<!-- \/ Yoast SEO Premium plugin. -->","yoast_head_json":{"title":"Fence-Software - Airbus Protect","description":"Entdecken Sie Fence, die propriet\u00e4re Risikomanagement-Software von Airbus Protect, die Kennzeichnungen und Standards.","robots":{"index":"index","follow":"follow","max-snippet":"max-snippet:-1","max-image-preview":"max-image-preview:large","max-video-preview":"max-video-preview:-1"},"canonical":"https:\/\/www.protect.airbus.com\/de\/cybersecurity\/fence\/","og_locale":"de_DE","og_type":"article","og_title":"Fence-Software","og_description":"Entdecken Sie Fence, die propriet\u00e4re Risikomanagement-Software von Airbus Protect, die Kennzeichnungen und Standards.","og_url":"https:\/\/www.protect.airbus.com\/de\/cybersecurity\/fence\/","og_site_name":"Airbus Protect","article_modified_time":"2026-03-11T10:23:50+00:00","og_image":[{"width":1920,"height":358,"url":"https:\/\/www.protect.airbus.com\/wp-content\/uploads\/2023\/03\/background-Fence_3-01-1.png","type":"image\/png"}],"twitter_card":"summary_large_image","twitter_misc":{"Gesch\u00e4tzte Lesezeit":"3\u00a0Minuten"},"schema":{"@context":"https:\/\/schema.org","@graph":[{"@type":"Service","name":"Fence-Software","url":"https:\/\/www.protect.airbus.com\/de\/cybersecurity\/fence\/","provider":{"@id":"https:\/\/www.protect.airbus.com\/#organization"},"description":""},{"@type":"WebPage","@id":"https:\/\/www.protect.airbus.com\/de\/cybersecurity\/fence\/","url":"https:\/\/www.protect.airbus.com\/de\/cybersecurity\/fence\/","name":"Fence-Software - Airbus Protect","isPartOf":{"@id":"https:\/\/www.protect.airbus.com\/de\/#website"},"primaryImageOfPage":{"@id":"https:\/\/www.protect.airbus.com\/de\/cybersecurity\/fence\/#primaryimage"},"image":{"@id":"https:\/\/www.protect.airbus.com\/de\/cybersecurity\/fence\/#primaryimage"},"thumbnailUrl":"https:\/\/www.protect.airbus.com\/wp-content\/uploads\/2023\/03\/background-Fence_3-01-1.png","datePublished":"2023-03-31T13:39:58+00:00","dateModified":"2026-03-11T10:23:50+00:00","description":"Entdecken Sie Fence, die propriet\u00e4re Risikomanagement-Software von Airbus Protect, die Kennzeichnungen und Standards.","breadcrumb":{"@id":"https:\/\/www.protect.airbus.com\/de\/cybersecurity\/fence\/#breadcrumb"},"inLanguage":"de","potentialAction":[{"@type":"ReadAction","target":["https:\/\/www.protect.airbus.com\/de\/cybersecurity\/fence\/"]}]},{"@type":"ImageObject","inLanguage":"de","@id":"https:\/\/www.protect.airbus.com\/de\/cybersecurity\/fence\/#primaryimage","url":"https:\/\/www.protect.airbus.com\/wp-content\/uploads\/2023\/03\/background-Fence_3-01-1.png","contentUrl":"https:\/\/www.protect.airbus.com\/wp-content\/uploads\/2023\/03\/background-Fence_3-01-1.png","width":1920,"height":358},{"@type":"BreadcrumbList","@id":"https:\/\/www.protect.airbus.com\/de\/cybersecurity\/fence\/#breadcrumb","itemListElement":[{"@type":"ListItem","position":1,"name":"Home","item":"https:\/\/www.protect.airbus.com\/de\/"},{"@type":"ListItem","position":2,"name":"Cybersecurity","item":"https:\/\/www.protect.airbus.com\/de\/cybersecurity\/"},{"@type":"ListItem","position":3,"name":"Fence-Software"}]},{"@type":"WebSite","@id":"https:\/\/www.protect.airbus.com\/de\/#website","url":"https:\/\/www.protect.airbus.com\/de\/","name":"Airbus Protect","description":"","publisher":{"@id":"https:\/\/www.protect.airbus.com\/de\/#organization"},"potentialAction":[{"@type":"SearchAction","target":{"@type":"EntryPoint","urlTemplate":"https:\/\/www.protect.airbus.com\/de\/?s={search_term_string}"},"query-input":{"@type":"PropertyValueSpecification","valueRequired":true,"valueName":"search_term_string"}}],"inLanguage":"de"},{"@type":"Organization","@id":"https:\/\/www.protect.airbus.com\/de\/#organization","name":"Airbus Protect","url":"https:\/\/www.protect.airbus.com\/de\/","logo":{"@type":"ImageObject","inLanguage":"de","@id":"https:\/\/www.protect.airbus.com\/de\/#\/schema\/logo\/image\/","url":"https:\/\/www.protect.airbus.com\/wp-content\/uploads\/2023\/05\/logo-airbus-protect-696-696.png","contentUrl":"https:\/\/www.protect.airbus.com\/wp-content\/uploads\/2023\/05\/logo-airbus-protect-696-696.png","width":696,"height":696,"caption":"Airbus Protect"},"image":{"@id":"https:\/\/www.protect.airbus.com\/de\/#\/schema\/logo\/image\/"},"sameAs":["https:\/\/www.linkedin.com\/company\/airbus-protect\/","https:\/\/www.youtube.com\/@airbusprotect7483"],"contactPoint":{"@type":"ContactPoint","email":"protect@airbus.com","contactType":"customer service","areaServed":["GB","FR","ES","DE","BE","CH","PT","DK","AT"],"availableLanguage":["en","fr","de"]}}]}},"_links":{"self":[{"href":"https:\/\/www.protect.airbus.com\/de\/wp-json\/wp\/v2\/pages\/7484","targetHints":{"allow":["GET"]}}],"collection":[{"href":"https:\/\/www.protect.airbus.com\/de\/wp-json\/wp\/v2\/pages"}],"about":[{"href":"https:\/\/www.protect.airbus.com\/de\/wp-json\/wp\/v2\/types\/page"}],"author":[{"embeddable":true,"href":"https:\/\/www.protect.airbus.com\/de\/wp-json\/wp\/v2\/users\/8"}],"replies":[{"embeddable":true,"href":"https:\/\/www.protect.airbus.com\/de\/wp-json\/wp\/v2\/comments?post=7484"}],"version-history":[{"count":20,"href":"https:\/\/www.protect.airbus.com\/de\/wp-json\/wp\/v2\/pages\/7484\/revisions"}],"predecessor-version":[{"id":49686,"href":"https:\/\/www.protect.airbus.com\/de\/wp-json\/wp\/v2\/pages\/7484\/revisions\/49686"}],"up":[{"embeddable":true,"href":"https:\/\/www.protect.airbus.com\/de\/wp-json\/wp\/v2\/pages\/6950"}],"wp:featuredmedia":[{"embeddable":true,"href":"https:\/\/www.protect.airbus.com\/de\/wp-json\/wp\/v2\/media\/4933"}],"wp:attachment":[{"href":"https:\/\/www.protect.airbus.com\/de\/wp-json\/wp\/v2\/media?parent=7484"}],"curies":[{"name":"wp","href":"https:\/\/api.w.org\/{rel}","templated":true}]}}