{"id":7243,"date":"2023-06-28T17:40:13","date_gmt":"2023-06-28T15:40:13","guid":{"rendered":"https:\/\/www.protect.airbus.com\/cybersecurity\/csirt\/"},"modified":"2025-11-13T16:35:55","modified_gmt":"2025-11-13T15:35:55","slug":"csirt","status":"publish","type":"page","link":"https:\/\/www.protect.airbus.com\/de\/cybersecurity\/csirt\/","title":{"rendered":"CSIRT: Computer Security Incident Response Team"},"content":{"rendered":"<div class=\"wpb-content-wrapper\"><p>[vc_row][vc_column][vc_column_text css=&#8220;&#8220; h2_style=&#8220;h2Big&#8220; p_style=&#8220;pBig&#8220;]Werden Sie angegriffen und wissen nicht, wie Sie reagieren sollen?<br \/>\n<b> <\/b><b><a href=\"https:\/\/www.protect.airbus.com\/de\/cyber-incident-response\/\"><span style=\"font-weight: 400;\"><strong>Kontaktieren Sie unser CSIRT-Team hier, wenn es sich um einen Notfall handelt<\/strong>.<\/span><\/a><\/b><br \/>\nWenn nicht, lesen Sie weiter, um die Antworten auf all Ihre brennenden CSIRT-Fragen zu finden und mehr \u00fcber das bei Airbus Protect ans\u00e4ssige Computer Security Incident Response Team zu erfahren.[\/vc_column_text][vc_column_text css=&#8220;&#8220; h2_style=&#8220;h2Big&#8220; p_style=&#8220;pHighlight&#8220;]<span style=\"font-weight: 400;\">Wenn Unternehmen von einem Cyberangriff betroffen sind, geraten sie oft (verst\u00e4ndlicherweise) in Panik. Ihre reflexartige Reaktion k\u00f6nnte sein, einfach alles vom Netz zu nehmen. Doch das ist falsch. Damit zerst\u00f6ren Sie die digitale Beweiskette. Und Sie werden wahrscheinlich eine gro\u00dfe Menge wichtiger Unternehmensdaten verlieren. IT-Sicherheitsvorf\u00e4lle k\u00f6nnen katastrophale Folgen f\u00fcr Ihr Unternehmen haben. Deshalb m\u00fcssen Sie darauf vorbereitet sein, auf einen Cyberangriff so effektiv wie m\u00f6glich zu reagieren. Hier kommt das CSIRT ins Spiel.<\/span><\/p>\n<h2>Was ist ein CSIRT?<\/h2>\n<p><span style=\"font-weight: 400;\">Heutzutage ist jede Organisation mit einem IT-System ein Ziel f\u00fcr Cyberkriminelle. Theoretisch k\u00f6nnte also jeder die Dienste eines CSIRT in Anspruch nehmen. Deshalb ist es eine gute Idee, mit einem Partner zu sprechen, bevor ein Vorfall eintritt. Normalerweise ben\u00f6tigen Sie eine administrative und finanzielle Genehmigung, bevor Sie ein CSIRT einschalten. Mit anderen Worten: Es muss ein Vertrag unterzeichnet werden. Die ersten Stunden nach einem Vorfall sind keine gute Zeit, um in endlosen E-Mails, Telefonaten und Besprechungen eine Vereinbarung auszuarbeiten und zu \u00fcberpr\u00fcfen. Sie sind in einer viel besseren Verhandlungsposition, wenn Sie nicht gleichzeitig versuchen, eine Krise zu bew\u00e4ltigen!<\/span><\/p>\n<p><span style=\"font-weight: 400;\">Die Inanspruchnahme der Dienste eines CSIRT verbessert Ihre F\u00e4higkeit, auf Sicherheitsvorf\u00e4lle zu reagieren, erheblich, da die Reaktionszeiten verk\u00fcrzt und der potenzielle Schaden minimiert wird. Dar\u00fcber hinaus kann ein CSIRT Ihnen helfen, Vorf\u00e4lle zu verhindern, indem es Schwachstellen in Ihrer IT-Infrastruktur aufdeckt und Abhilfema\u00dfnahmen empfiehlt. Ein CSIRT kann Sie auch in Bezug auf die Einhaltung von Vorschriften und bew\u00e4hrte Sicherheitsverfahren beraten.<\/span>[\/vc_column_text][vc_single_image image=&#8220;6445&#8243; img_size=&#8220;large&#8220;][vc_column_text css=&#8220;&#8220; h2_style=&#8220;h2Big&#8220; p_style=&#8220;pHighlight&#8220;]<\/p>\n<h3>Welchen Prozess verfolgt das CSIRT von Airbus Protect?<\/h3>\n<p><span style=\"font-weight: 400;\">Jede Krise im Bereich der Cybersicherheit ist einzigartig. Aber unabh\u00e4ngig vom Vorfall hat unser CSIRT eine Reihe von strengen Protokollen, die es befolgen muss. Die Grundpfeiler dieser Protokolle sind:<\/span><\/p>\n<ul>\n<li><b>Diagnose des Vorfalls, Ermittlung der Grundursache mithilfe fortschrittlicher Untersuchungstechniken:<\/b><span style=\"font-weight: 400;\"> Schnelles Handeln ist wichtig, damit das CSIRT seine Reaktion einleiten kann. Die Feststellung, welche Systeme auf welche Weise kompromittiert wurden, hilft dem Team auch, die Motive der Angreifer zu verstehen.<\/span><\/li>\n<li><b>Beseitigung des Problems unter Aufrechterhaltung der digitalen Beweiskette: <\/b><span style=\"font-weight: 400;\">Der erste Schritt zur Beseitigung eines Vorfalls besteht darin, weiteren Schaden zu verhindern. Bei der Eind\u00e4mmung eines Vorfalls geht es darum, die Ausbreitung auf weitere Systeme, Netzwerke und Anlagen zu unterbinden. Nachdem ein Vorfall einged\u00e4mmt wurde, geht das CSIRT schnell vor, um b\u00f6sartigen Code aus den Systemen zu entfernen und Cyberkriminelle, die sich Zugang verschafft haben, zu vertreiben.<\/span><\/li>\n<li><b>Rekonstruktion des Systems und Wiederherstellung seiner Funktionsf\u00e4higkeit: <\/b><span style=\"font-weight: 400;\">Durch die Erstellung und Aufrechterhaltung einer digitalen Beweiskette hilft unser CSIRT Ihnen, neue Cyber-Bedrohungen zu verstehen und neue, bessere Reaktionsm\u00f6glichkeiten zu entwickeln.<\/span><\/li>\n<li><b>Weitere Untersuchungen mit einem detaillierten Bericht, der Empfehlungen f\u00fcr die Sicherung von Systemen und die Wiederherstellung von Daten enth\u00e4lt<\/b><span style=\"font-weight: 400;\">: Das CSIRT ist nicht nur dazu da, das Chaos unter Kontrolle zu bringen, sondern auch um zu verhindern, dass es sich wiederholt. Das bedeutet, dass detaillierte Empfehlungen erarbeitet werden m\u00fcssen, die den Unternehmen helfen, ihre Cybersicherheit zu verbessern.<\/span><\/li>\n<\/ul>\n<h3>Ich befinde mich in einem Cyber-Notfall. Wie kann ich Ihr CSIRT kontaktieren?<\/h3>\n<p><span style=\"font-weight: 400;\">Wenn Sie von einer Sicherheitsverletzung betroffen sind oder eine andere dringende Anfrage haben, rufen Sie unser 24\/7-Team an oder <a href=\"https:\/\/www.protect.airbus.com\/de\/cyber-incident-response\/\">f\u00fcllen Sie dieses Formular aus<\/a>, um eine schnelle Antwort zu erhalten.\u00a0<\/span><\/p>\n<p>\u2981 <span style=\"font-weight: 400;\">Frankreich<\/span>: +33 9 72 30 13 99<br \/>\n\u2981 <span style=\"font-weight: 400;\">Deutschland<\/span><span style=\"font-weight: 400;\">: <a href=\"https:\/\/www.protect.airbus.com\/de\/cyber-incident-response\/\">Formular<\/a><br \/>\n<\/span>\u2981 <span style=\"font-weight: 400;\">\u00dcberall sonst<\/span><span style=\"font-weight: 400;\">:<\/span> +33 9 72 30 13 99<\/p>\n<h3>Welche F\u00e4higkeiten braucht man in einem CSIRT?<\/h3>\n<p><span style=\"font-weight: 400;\">Jeder Incident Responder hat unterschiedliche F\u00e4higkeiten und Verantwortlichkeiten, wie z. B. das Reverse Engineering von Malware oder die Durchf\u00fchrung forensischer Untersuchungen in Cloud-basierten oder mobilen Umgebungen.<\/span><span style=\"font-weight: 400;\"><br \/>\n<\/span><span style=\"font-weight: 400;\"><br \/>\n<\/span><span style=\"font-weight: 400;\">Neben IT-Sicherheitskenntnissen m\u00fcssen die Mitglieder eines CSIRT auch technische und analytische F\u00e4higkeiten besitzen. Starke Kommunikationsf\u00e4higkeiten sind ebenfalls wichtig, da sie es Ihnen erm\u00f6glichen, effektiv mit verschiedenen Teams und Interessengruppen zusammenzuarbeiten. Koordinations- und Probleml\u00f6sungsf\u00e4higkeiten sind ebenfalls erforderlich.<\/span>[\/vc_column_text][vc_column_text css=&#8220;&#8220; h2_style=&#8220;h2Big&#8220; p_style=&#8220;pHighlight&#8220;]<\/p>\n<h2>Warum Airbus Protect?<\/h2>\n<p><span style=\"font-weight: 400;\">Das CSIRT von Airbus Protect vereint eine Elitegruppe von Spezialisten f\u00fcr die Reaktion auf Cybervorf\u00e4lle, Vorfallbearbeiter und Krisenmanager, um unsere Kunden aus verschiedenen Sektoren zu sch\u00fctzen. Zu unseren Kunden geh\u00f6ren Regierungen, Anbieter kritischer Infrastrukturen, das Airbus-\u00d6kosystem, Organisationen des \u00f6ffentlichen Sektors und private Unternehmen aller Branchen. Unsere Experten helfen Ihnen, auf Bedrohungen zu reagieren und sie schnell einzud\u00e4mmen, um die Kontinuit\u00e4t Ihres Gesch\u00e4ftsbetriebs zu wahren.<\/span><\/p>\n<p><span style=\"font-weight: 400;\">Unsere Experten bieten:<\/span><\/p>\n<ul>\n<li style=\"font-weight: 400;\" aria-level=\"1\"><span style=\"font-weight: 400;\">Schnelle und robuste Wiederherstellung betroffener Systeme auf Ihrem Konformit\u00e4tsniveau<\/span><\/li>\n<li style=\"font-weight: 400;\" aria-level=\"1\"><span style=\"font-weight: 400;\">Reduzierung von Datenverlusten durch schnelle Reaktion<\/span><\/li>\n<li style=\"font-weight: 400;\" aria-level=\"1\"><span style=\"font-weight: 400;\">Minimierung des Verlusts von Geldwerten<\/span><\/li>\n<li style=\"font-weight: 400;\" aria-level=\"1\"><span style=\"font-weight: 400;\">Erstklassiger Schutz f\u00fcr Ihre Verm\u00f6genswerte<\/span><\/li>\n<\/ul>\n<h2>Treffen Sie unser CSIRT-Team<\/h2>\n<p><span style=\"font-weight: 400;\">Theodore, Julien und Emma arbeiten innerhalb des CSIRT von Airbus Protect und sind in ganz Europa t\u00e4tig. Lernen Sie sie unten kennen.<\/span>[\/vc_column_text]    <div class=\"citation p\">\n        <p>Ich bin sehr stolz auf die Arbeit, die wir im CSIRT leisten. Im Laufe meiner Karriere habe ich an vielen Eins\u00e4tzen mitgewirkt, bei denen die schlimmsten Verbrecher mit Hilfe der digitalen Forensik von der Stra\u00dfe geholt wurden. Ein herausragendes Projekt war der Einsatz der Fahrzeug-Forensik, um digitale Daten aus Fahrzeugen zu gewinnen. Bei einem anderen Projekt ging es um einen internen Sicherheitsversto\u00df in einem Unternehmen, der durch den Diebstahl von Kundendaten durch einen Mitarbeiter verursacht wurde. Wir erwirkten einen Durchsuchungsbefehl, um eine Abh\u00f6ranlage einzurichten, und installierten dann einige Tools im Netzwerk, um Beweise zu sammeln, die sp\u00e4ter zur Verhaftung der Person f\u00fchrten.<\/p>\n                <div class=\"infoAuteur\">\n            <div><span class=\"nomAuteur\">Theodore Wiggins,&nbsp;<\/span><span class=\"poste\">Technischer Leiter CSIRT und Pentesting f\u00fcr Deutschland, Airbus Protect<\/span><\/div>        <\/div>\n            <\/div>\n        <div class=\"citation p\">\n        <p><a href=\"https:\/\/www.protect.airbus.com\/blog\/csirt-jobs-incident-responder-interview\/\" target=\"_blank\" >Als Incident Responder finde ich den Bereich sowohl herausfordernd als auch erf\u00fcllend. Es macht mir Spa\u00df, komplexe Probleme zu l\u00f6sen und dazu beizutragen, Organisationen vor Cyber-Bedrohungen zu sch\u00fctzen. Es ist wichtig, dass man st\u00e4ndig lernt und sich anpasst \u2013 das gilt f\u00fcr alle CSIRT-Jobs. Au\u00dferdem erf\u00fcllt es mich mit gro\u00dfer Genugtuung zu wissen, dass ich dazu beitrage, Organisationen und Einzelpersonen vor Cyberangriffen zu sch\u00fctzen.<br \/>\nZuvor war ich Auszubildender im SOC von Airbus Protect, wo mein Fachgebiet die Implementierung von Angriffen war, um an deren Erkennung mitzuwirken. Nach Abschluss dieser Ausbildung beschloss ich, meine F\u00e4higkeiten im Bereich der digitalen Forensik und des Reverse Engineering zu erweitern \u2013 und wechselte daher zum CSIRT!<\/a><\/p>\n                <div class=\"infoAuteur\">\n            <a href=\"https:\/\/www.protect.airbus.com\/blog\/csirt-jobs-incident-responder-interview\/\" target=\"_blank\" ><div><span class=\"nomAuteur\">Julien Houry,&nbsp;<\/span><span class=\"poste\">Vorfallspezialist, Airbus Protect<\/span><\/div><\/a>        <\/div>\n            <\/div>\n    [\/vc_column][\/vc_row][vc_row bg_style=&#8220;bgUniversGraphiqueCybersecurity&#8220;][vc_column]    <div class=\"blocVideo \">\n        <div class=\"visuelBlocVideo\"><a href=\"https:\/\/www.youtube.com\/embed\/TOc36r--y7k?si=uD1a2Uoo9oSZ1Tsl?autoplay=1&TB_iframe=true&width=640&height=480\" title=\"Emma Mullins, Cybersicherheitsanalytikerin, Airbus Protect\" class=\"thickbox\"><img loading=\"lazy\" decoding=\"async\" width=\"428\" height=\"225\" src=\"https:\/\/www.protect.airbus.com\/wp-content\/uploads\/2023\/05\/emma-mullins-video-miniature-e1684336152449-1-1-e1684922643314-1.png\" class=\"attachment-bloc-video size-bloc-video\" alt=\"\" srcset=\"https:\/\/www.protect.airbus.com\/wp-content\/uploads\/2023\/05\/emma-mullins-video-miniature-e1684336152449-1-1-e1684922643314-1.png 428w, https:\/\/www.protect.airbus.com\/wp-content\/uploads\/2023\/05\/emma-mullins-video-miniature-e1684336152449-1-1-e1684922643314-1-300x158.png 300w\" sizes=\"auto, (max-width: 428px) 100vw, 428px\" \/><\/a><\/div>\n        <div class=\"infoBlocVideo\">\n            <span class=\"titreBlocVideo\"><a href=\"https:\/\/www.youtube.com\/embed\/TOc36r--y7k?si=uD1a2Uoo9oSZ1Tsl?autoplay=1&TB_iframe=true&width=640&height=480\" title=\"Emma Mullins, Cybersicherheitsanalytikerin, Airbus Protect\" class=\"thickbox\">Emma Mullins, Cybersicherheitsanalytikerin, Airbus Protect<\/a><\/span>\n            <p class=\"descriptionBlocVideo\">Sehen Sie sich das Video von Emma Mullins an und erfahren Sie mehr \u00fcber ihren Alltag als First-Line-Cybersicherheitsanalystin bei Airbus Protect.<\/p>        <\/div>\n    <\/div>\n    [\/vc_column][\/vc_row][vc_row][vc_column][vc_column_text css=&#8220;&#8220; h2_style=&#8220;h2Puce&#8220; p_style=&#8220;pHighlight&#8220;]<b>M\u00f6chten Sie die Dienste des Computer Security Incident Response Teams von Airbus Protect in Anspruch nehmen?<\/b>[\/vc_column_text]<div class=\"divBtCTA btAlignCenter\"><a href=\"https:\/\/www.protect.airbus.com\/de\/kontakt\/\"  class=\"button btAuto\">Kontaktieren Sie uns hier<\/a><\/div>[\/vc_column][\/vc_row]<\/p>\n<\/div>","protected":false},"excerpt":{"rendered":"<p>[vc_row][vc_column][vc_column_text css=&#8220;&#8220; h2_style=&#8220;h2Big&#8220; p_style=&#8220;pBig&#8220;]Werden Sie angegriffen und wissen nicht, wie Sie reagieren sollen? Kontaktieren Sie unser CSIRT-Team hier, wenn es sich um einen Notfall handelt. Wenn nicht, lesen Sie weiter, um die Antworten auf all Ihre brennenden CSIRT-Fragen zu finden und mehr \u00fcber das bei Airbus Protect ans\u00e4ssige Computer Security Incident Response Team zu erfahren.[\/vc_column_text][vc_column_text [&hellip;]<\/p>\n","protected":false},"author":8,"featured_media":41616,"parent":6950,"menu_order":0,"comment_status":"closed","ping_status":"closed","template":"","meta":{"_acf_changed":false,"content-type":"","_relevanssi_hide_post":"","_relevanssi_hide_content":"","_relevanssi_pin_for_all":"","_relevanssi_pin_keywords":"","_relevanssi_unpin_keywords":"","_relevanssi_related_keywords":"","_relevanssi_related_include_ids":"","_relevanssi_related_exclude_ids":"","_relevanssi_related_no_append":"","_relevanssi_related_not_related":"","_relevanssi_related_posts":"","_relevanssi_noindex_reason":"","footnotes":""},"class_list":["post-7243","page","type-page","status-publish","has-post-thumbnail","hentry"],"acf":[],"yoast_head":"<!-- This site is optimized with the Yoast SEO Premium plugin v27.3 (Yoast SEO v27.3) - https:\/\/yoast.com\/product\/yoast-seo-premium-wordpress\/ -->\n<title>CSIRT: Computer Security Incident Response Team<\/title>\n<meta name=\"description\" content=\"Das CSIRT von Airbus Protect befasst sich mit der Erkennung von Cybersecurity-Vorf\u00e4llen und tr\u00e4gt wesentlich zur Verbesserung Ihrer Reaktionsf\u00e4higkeit bei.\" \/>\n<meta name=\"robots\" content=\"index, follow, max-snippet:-1, max-image-preview:large, max-video-preview:-1\" \/>\n<link rel=\"canonical\" href=\"https:\/\/www.protect.airbus.com\/de\/cybersecurity\/csirt\/\" \/>\n<meta property=\"og:locale\" content=\"de_DE\" \/>\n<meta property=\"og:type\" content=\"article\" \/>\n<meta property=\"og:title\" content=\"CSIRT: Computer Security Incident Response Team\" \/>\n<meta property=\"og:description\" content=\"Das CSIRT von Airbus Protect befasst sich mit der Erkennung von Cybersecurity-Vorf\u00e4llen und tr\u00e4gt wesentlich zur Verbesserung Ihrer Reaktionsf\u00e4higkeit bei.\" \/>\n<meta property=\"og:url\" content=\"https:\/\/www.protect.airbus.com\/de\/cybersecurity\/csirt\/\" \/>\n<meta property=\"og:site_name\" content=\"Airbus Protect\" \/>\n<meta property=\"article:modified_time\" content=\"2025-11-13T15:35:55+00:00\" \/>\n<meta property=\"og:image\" content=\"https:\/\/www.protect.airbus.com\/wp-content\/uploads\/2025\/11\/CSIRT-banner-01-1.jpg\" \/>\n\t<meta property=\"og:image:width\" content=\"1920\" \/>\n\t<meta property=\"og:image:height\" content=\"577\" \/>\n\t<meta property=\"og:image:type\" content=\"image\/jpeg\" \/>\n<meta name=\"twitter:card\" content=\"summary_large_image\" \/>\n<meta name=\"twitter:label1\" content=\"Gesch\u00e4tzte Lesezeit\" \/>\n\t<meta name=\"twitter:data1\" content=\"6\u00a0Minuten\" \/>\n<script type=\"application\/ld+json\" class=\"yoast-schema-graph\">{\"@context\":\"https:\\\/\\\/schema.org\",\"@graph\":[{\"@type\":\"Service\",\"name\":\"CSIRT: Computer Security Incident Response Team\",\"url\":\"https:\\\/\\\/www.protect.airbus.com\\\/de\\\/cybersecurity\\\/csirt\\\/\",\"provider\":{\"@id\":\"https:\\\/\\\/www.protect.airbus.com\\\/#organization\"},\"description\":\"\"},{\"@type\":\"WebPage\",\"@id\":\"https:\\\/\\\/www.protect.airbus.com\\\/de\\\/cybersecurity\\\/csirt\\\/\",\"url\":\"https:\\\/\\\/www.protect.airbus.com\\\/de\\\/cybersecurity\\\/csirt\\\/\",\"name\":\"CSIRT: Computer Security Incident Response Team\",\"isPartOf\":{\"@id\":\"https:\\\/\\\/www.protect.airbus.com\\\/de\\\/#website\"},\"primaryImageOfPage\":{\"@id\":\"https:\\\/\\\/www.protect.airbus.com\\\/de\\\/cybersecurity\\\/csirt\\\/#primaryimage\"},\"image\":{\"@id\":\"https:\\\/\\\/www.protect.airbus.com\\\/de\\\/cybersecurity\\\/csirt\\\/#primaryimage\"},\"thumbnailUrl\":\"https:\\\/\\\/www.protect.airbus.com\\\/wp-content\\\/uploads\\\/2025\\\/11\\\/CSIRT-banner-01-1.jpg\",\"datePublished\":\"2023-06-28T15:40:13+00:00\",\"dateModified\":\"2025-11-13T15:35:55+00:00\",\"description\":\"Das CSIRT von Airbus Protect befasst sich mit der Erkennung von Cybersecurity-Vorf\u00e4llen und tr\u00e4gt wesentlich zur Verbesserung Ihrer Reaktionsf\u00e4higkeit bei.\",\"breadcrumb\":{\"@id\":\"https:\\\/\\\/www.protect.airbus.com\\\/de\\\/cybersecurity\\\/csirt\\\/#breadcrumb\"},\"inLanguage\":\"de\",\"potentialAction\":[{\"@type\":\"ReadAction\",\"target\":[\"https:\\\/\\\/www.protect.airbus.com\\\/de\\\/cybersecurity\\\/csirt\\\/\"]}]},{\"@type\":\"ImageObject\",\"inLanguage\":\"de\",\"@id\":\"https:\\\/\\\/www.protect.airbus.com\\\/de\\\/cybersecurity\\\/csirt\\\/#primaryimage\",\"url\":\"https:\\\/\\\/www.protect.airbus.com\\\/wp-content\\\/uploads\\\/2025\\\/11\\\/CSIRT-banner-01-1.jpg\",\"contentUrl\":\"https:\\\/\\\/www.protect.airbus.com\\\/wp-content\\\/uploads\\\/2025\\\/11\\\/CSIRT-banner-01-1.jpg\",\"width\":1920,\"height\":577},{\"@type\":\"BreadcrumbList\",\"@id\":\"https:\\\/\\\/www.protect.airbus.com\\\/de\\\/cybersecurity\\\/csirt\\\/#breadcrumb\",\"itemListElement\":[{\"@type\":\"ListItem\",\"position\":1,\"name\":\"Home\",\"item\":\"https:\\\/\\\/www.protect.airbus.com\\\/de\\\/\"},{\"@type\":\"ListItem\",\"position\":2,\"name\":\"Cybersecurity\",\"item\":\"https:\\\/\\\/www.protect.airbus.com\\\/de\\\/cybersecurity\\\/\"},{\"@type\":\"ListItem\",\"position\":3,\"name\":\"CSIRT: Computer Security Incident Response Team\"}]},{\"@type\":\"WebSite\",\"@id\":\"https:\\\/\\\/www.protect.airbus.com\\\/de\\\/#website\",\"url\":\"https:\\\/\\\/www.protect.airbus.com\\\/de\\\/\",\"name\":\"Airbus Protect\",\"description\":\"\",\"publisher\":{\"@id\":\"https:\\\/\\\/www.protect.airbus.com\\\/de\\\/#organization\"},\"potentialAction\":[{\"@type\":\"SearchAction\",\"target\":{\"@type\":\"EntryPoint\",\"urlTemplate\":\"https:\\\/\\\/www.protect.airbus.com\\\/de\\\/?s={search_term_string}\"},\"query-input\":{\"@type\":\"PropertyValueSpecification\",\"valueRequired\":true,\"valueName\":\"search_term_string\"}}],\"inLanguage\":\"de\"},{\"@type\":\"Organization\",\"@id\":\"https:\\\/\\\/www.protect.airbus.com\\\/de\\\/#organization\",\"name\":\"Airbus Protect\",\"url\":\"https:\\\/\\\/www.protect.airbus.com\\\/de\\\/\",\"logo\":{\"@type\":\"ImageObject\",\"inLanguage\":\"de\",\"@id\":\"https:\\\/\\\/www.protect.airbus.com\\\/de\\\/#\\\/schema\\\/logo\\\/image\\\/\",\"url\":\"https:\\\/\\\/www.protect.airbus.com\\\/wp-content\\\/uploads\\\/2023\\\/05\\\/logo-airbus-protect-696-696.png\",\"contentUrl\":\"https:\\\/\\\/www.protect.airbus.com\\\/wp-content\\\/uploads\\\/2023\\\/05\\\/logo-airbus-protect-696-696.png\",\"width\":696,\"height\":696,\"caption\":\"Airbus Protect\"},\"image\":{\"@id\":\"https:\\\/\\\/www.protect.airbus.com\\\/de\\\/#\\\/schema\\\/logo\\\/image\\\/\"},\"sameAs\":[\"https:\\\/\\\/www.linkedin.com\\\/company\\\/airbus-protect\\\/\",\"https:\\\/\\\/www.youtube.com\\\/@airbusprotect7483\"],\"contactPoint\":{\"@type\":\"ContactPoint\",\"email\":\"protect@airbus.com\",\"contactType\":\"customer service\",\"areaServed\":[\"GB\",\"FR\",\"ES\",\"DE\",\"BE\",\"CH\",\"PT\",\"DK\",\"AT\"],\"availableLanguage\":[\"en\",\"fr\",\"de\"]}}]}<\/script>\n<!-- \/ Yoast SEO Premium plugin. -->","yoast_head_json":{"title":"CSIRT: Computer Security Incident Response Team","description":"Das CSIRT von Airbus Protect befasst sich mit der Erkennung von Cybersecurity-Vorf\u00e4llen und tr\u00e4gt wesentlich zur Verbesserung Ihrer Reaktionsf\u00e4higkeit bei.","robots":{"index":"index","follow":"follow","max-snippet":"max-snippet:-1","max-image-preview":"max-image-preview:large","max-video-preview":"max-video-preview:-1"},"canonical":"https:\/\/www.protect.airbus.com\/de\/cybersecurity\/csirt\/","og_locale":"de_DE","og_type":"article","og_title":"CSIRT: Computer Security Incident Response Team","og_description":"Das CSIRT von Airbus Protect befasst sich mit der Erkennung von Cybersecurity-Vorf\u00e4llen und tr\u00e4gt wesentlich zur Verbesserung Ihrer Reaktionsf\u00e4higkeit bei.","og_url":"https:\/\/www.protect.airbus.com\/de\/cybersecurity\/csirt\/","og_site_name":"Airbus Protect","article_modified_time":"2025-11-13T15:35:55+00:00","og_image":[{"width":1920,"height":577,"url":"https:\/\/www.protect.airbus.com\/wp-content\/uploads\/2025\/11\/CSIRT-banner-01-1.jpg","type":"image\/jpeg"}],"twitter_card":"summary_large_image","twitter_misc":{"Gesch\u00e4tzte Lesezeit":"6\u00a0Minuten"},"schema":{"@context":"https:\/\/schema.org","@graph":[{"@type":"Service","name":"CSIRT: Computer Security Incident Response Team","url":"https:\/\/www.protect.airbus.com\/de\/cybersecurity\/csirt\/","provider":{"@id":"https:\/\/www.protect.airbus.com\/#organization"},"description":""},{"@type":"WebPage","@id":"https:\/\/www.protect.airbus.com\/de\/cybersecurity\/csirt\/","url":"https:\/\/www.protect.airbus.com\/de\/cybersecurity\/csirt\/","name":"CSIRT: Computer Security Incident Response Team","isPartOf":{"@id":"https:\/\/www.protect.airbus.com\/de\/#website"},"primaryImageOfPage":{"@id":"https:\/\/www.protect.airbus.com\/de\/cybersecurity\/csirt\/#primaryimage"},"image":{"@id":"https:\/\/www.protect.airbus.com\/de\/cybersecurity\/csirt\/#primaryimage"},"thumbnailUrl":"https:\/\/www.protect.airbus.com\/wp-content\/uploads\/2025\/11\/CSIRT-banner-01-1.jpg","datePublished":"2023-06-28T15:40:13+00:00","dateModified":"2025-11-13T15:35:55+00:00","description":"Das CSIRT von Airbus Protect befasst sich mit der Erkennung von Cybersecurity-Vorf\u00e4llen und tr\u00e4gt wesentlich zur Verbesserung Ihrer Reaktionsf\u00e4higkeit bei.","breadcrumb":{"@id":"https:\/\/www.protect.airbus.com\/de\/cybersecurity\/csirt\/#breadcrumb"},"inLanguage":"de","potentialAction":[{"@type":"ReadAction","target":["https:\/\/www.protect.airbus.com\/de\/cybersecurity\/csirt\/"]}]},{"@type":"ImageObject","inLanguage":"de","@id":"https:\/\/www.protect.airbus.com\/de\/cybersecurity\/csirt\/#primaryimage","url":"https:\/\/www.protect.airbus.com\/wp-content\/uploads\/2025\/11\/CSIRT-banner-01-1.jpg","contentUrl":"https:\/\/www.protect.airbus.com\/wp-content\/uploads\/2025\/11\/CSIRT-banner-01-1.jpg","width":1920,"height":577},{"@type":"BreadcrumbList","@id":"https:\/\/www.protect.airbus.com\/de\/cybersecurity\/csirt\/#breadcrumb","itemListElement":[{"@type":"ListItem","position":1,"name":"Home","item":"https:\/\/www.protect.airbus.com\/de\/"},{"@type":"ListItem","position":2,"name":"Cybersecurity","item":"https:\/\/www.protect.airbus.com\/de\/cybersecurity\/"},{"@type":"ListItem","position":3,"name":"CSIRT: Computer Security Incident Response Team"}]},{"@type":"WebSite","@id":"https:\/\/www.protect.airbus.com\/de\/#website","url":"https:\/\/www.protect.airbus.com\/de\/","name":"Airbus Protect","description":"","publisher":{"@id":"https:\/\/www.protect.airbus.com\/de\/#organization"},"potentialAction":[{"@type":"SearchAction","target":{"@type":"EntryPoint","urlTemplate":"https:\/\/www.protect.airbus.com\/de\/?s={search_term_string}"},"query-input":{"@type":"PropertyValueSpecification","valueRequired":true,"valueName":"search_term_string"}}],"inLanguage":"de"},{"@type":"Organization","@id":"https:\/\/www.protect.airbus.com\/de\/#organization","name":"Airbus Protect","url":"https:\/\/www.protect.airbus.com\/de\/","logo":{"@type":"ImageObject","inLanguage":"de","@id":"https:\/\/www.protect.airbus.com\/de\/#\/schema\/logo\/image\/","url":"https:\/\/www.protect.airbus.com\/wp-content\/uploads\/2023\/05\/logo-airbus-protect-696-696.png","contentUrl":"https:\/\/www.protect.airbus.com\/wp-content\/uploads\/2023\/05\/logo-airbus-protect-696-696.png","width":696,"height":696,"caption":"Airbus Protect"},"image":{"@id":"https:\/\/www.protect.airbus.com\/de\/#\/schema\/logo\/image\/"},"sameAs":["https:\/\/www.linkedin.com\/company\/airbus-protect\/","https:\/\/www.youtube.com\/@airbusprotect7483"],"contactPoint":{"@type":"ContactPoint","email":"protect@airbus.com","contactType":"customer service","areaServed":["GB","FR","ES","DE","BE","CH","PT","DK","AT"],"availableLanguage":["en","fr","de"]}}]}},"_links":{"self":[{"href":"https:\/\/www.protect.airbus.com\/de\/wp-json\/wp\/v2\/pages\/7243","targetHints":{"allow":["GET"]}}],"collection":[{"href":"https:\/\/www.protect.airbus.com\/de\/wp-json\/wp\/v2\/pages"}],"about":[{"href":"https:\/\/www.protect.airbus.com\/de\/wp-json\/wp\/v2\/types\/page"}],"author":[{"embeddable":true,"href":"https:\/\/www.protect.airbus.com\/de\/wp-json\/wp\/v2\/users\/8"}],"replies":[{"embeddable":true,"href":"https:\/\/www.protect.airbus.com\/de\/wp-json\/wp\/v2\/comments?post=7243"}],"version-history":[{"count":17,"href":"https:\/\/www.protect.airbus.com\/de\/wp-json\/wp\/v2\/pages\/7243\/revisions"}],"predecessor-version":[{"id":41630,"href":"https:\/\/www.protect.airbus.com\/de\/wp-json\/wp\/v2\/pages\/7243\/revisions\/41630"}],"up":[{"embeddable":true,"href":"https:\/\/www.protect.airbus.com\/de\/wp-json\/wp\/v2\/pages\/6950"}],"wp:featuredmedia":[{"embeddable":true,"href":"https:\/\/www.protect.airbus.com\/de\/wp-json\/wp\/v2\/media\/41616"}],"wp:attachment":[{"href":"https:\/\/www.protect.airbus.com\/de\/wp-json\/wp\/v2\/media?parent=7243"}],"curies":[{"name":"wp","href":"https:\/\/api.w.org\/{rel}","templated":true}]}}