{"id":7077,"date":"2023-09-01T15:57:40","date_gmt":"2023-09-01T13:57:40","guid":{"rendered":"https:\/\/www.protect.airbus.com\/?page_id=7077"},"modified":"2023-09-04T19:36:59","modified_gmt":"2023-09-04T17:36:59","slug":"ppc-unsere-losungen-im-bereich-sustainability","status":"publish","type":"page","link":"https:\/\/www.protect.airbus.com\/de\/ppc-unsere-losungen-im-bereich-sustainability\/","title":{"rendered":"Unsere L\u00f6sungen im Bereich Sustainability"},"content":{"rendered":"<div class=\"wpb-content-wrapper\"><p>[vc_row][vc_column][vc_column_text]<\/p>\n<h2><strong>\u00dcberall setzen sich Unternehmen ehrgeizige Nachhaltigkeitsziele und ver\u00e4ndern ihre Arbeitsweise und ihre Lieferketten. Die L\u00f6sungen von Airbus Protect sind so konzipiert, dass sie Sie bei jedem Schritt auf diesem Weg unterst\u00fctzen.<\/strong><\/h2>\n<p>[\/vc_column_text][\/vc_column][vc_column offset=&#8220;vc_col-lg-8 vc_col-md-12 vc_col-xs-12&#8243;][vc_column_text p_style=&#8220;pHighlight&#8220;]<\/p>\n<h3><b>Unsere L\u00f6sungen<\/b><\/h3>\n<ul>\n<li><strong>Umwelt- und Regulierungsstudien<\/strong><\/li>\n<\/ul>\n<p><span style=\"font-weight: 400;\">Unser Team stellt sicher, dass Sie die einschl\u00e4gigen Vorschriften und Gesetze einhalten, indem sie Ihr Unternehmen pr\u00fcfen und Empfehlungen f\u00fcr Verbesserungen geben.<\/span><\/p>\n<ul>\n<li><strong>Modellierung gef\u00e4hrlicher Ph\u00e4nomene<\/strong><\/li>\n<\/ul>\n<p><span style=\"font-weight: 400;\">Wir helfen Ihnen, Risiken besser zu managen und die potenziellen Folgen gef\u00e4hrlicher Szenarien vorherzusehen.<\/span><\/p>\n<ul>\n<li><strong>Eco-Design und Bewertung des Lebenszyklus<\/strong><\/li>\n<\/ul>\n<p><span style=\"font-weight: 400;\">Airbus Protect unterst\u00fctzt Sie bei der Erreichung Ihrer Umweltziele, indem wir die Nachhaltigkeitsleistung Ihres Unternehmens bewerten und Ihnen helfen, Bereiche zu identifizieren, in denen sich Ihr Unternehmen verbessern kann.<\/span><\/p>\n<ul>\n<li><strong>Prozesssicherheitsmanagement und Sicherheitstechnik<\/strong><\/li>\n<\/ul>\n<p><span style=\"font-weight: 400;\">Mit unserer Erfahrung in den Bereichen Safety, Cybersecurity und Sustainability wollen wir Ihnen helfen, der nachhaltigen Transformation Vorrang zu geben, ohne dabei Kompromisse bei Sicherheit und Schutz einzugehen.<\/span><\/p>\n<ul>\n<li><strong>Dekarbonisierung und Klimawandel<\/strong><\/li>\n<\/ul>\n<p><span style=\"font-weight: 400;\">Unser erfahrenes Team unterst\u00fctzt Organisationen dabei, ihre Widerstandsf\u00e4higkeit gegen\u00fcber dem Klimawandel zu st\u00e4rken. Wir analysieren die Risiken von &#8222;Ist-Zust\u00e4nden&#8220; und helfen Ihnen, Ziele und Fahrpl\u00e4ne festzulegen, die sich an der Klimawissenschaft orientieren.<\/span><\/p>\n<ul>\n<li><strong>Nachhaltige Lieferkette und Due Diligence<\/strong><\/li>\n<\/ul>\n<p><span style=\"font-weight: 400;\">Airbus Protect analysiert die Stakeholder Ihrer Lieferkette sowie den geltenden regulatorischen Kontext, um die mit Ihrer Lieferkette verbundenen Risiken zu bewerten. Wir k\u00f6nnen auch Mittel und Prozesse f\u00fcr die Due Diligence festlegen und Sensibilisierungsmaterialien und Schulungen f\u00fcr Ihre Lieferanten entwickeln.<\/span><\/p>\n<ul>\n<li><strong>Stoffe und Materialien<\/strong><\/li>\n<\/ul>\n<p><span style=\"font-weight: 400;\">Unsere Experten \u00fcberwachen und antizipieren die regulatorischen Entwicklungen in Bezug auf chemische Stoffe, um die potenziellen Auswirkungen auf Ihr Unternehmen zu analysieren. Anschlie\u00dfend bewerten sie die Risiken und schlagen Ma\u00dfnahmen zur Risikominderung vor.<\/span><\/p>\n<ul>\n<li><strong>CSR-Strategie<\/strong><\/li>\n<\/ul>\n<p><span style=\"font-weight: 400;\">Unser Sustainability-Team hilft Ihnen dabei, Ihre strategischen Priorit\u00e4ten im Bereich Corporate Social Responsibility (CSR) zu ermitteln, relevante Ziele zu setzen, einen Fahrplan umzusetzen und an der kontinuierlichen Verbesserung zu arbeiten.<\/span><\/p>\n<h4><strong>Warum Airbus Protect?<\/strong><\/h4>\n<p><span style=\"font-weight: 400;\">Mit jahrzehntelanger Erfahrung in der Modellierung industrieller Risiken und Pionierwissen \u00fcber neue Energiequellen wie Wasserstoff helfen wir unseren Kunden, ihre Ambitionen im Bereich der Nachhaltigkeit zu verwirklichen.<\/span>[\/vc_column_text][vc_column_text p_style=&#8220;pHighlight&#8220;]<\/p>\n<h3><b>Warum Airbus Protect? <\/b><\/h3>\n<p><span style=\"font-weight: 400;\">Unsere Pentester sind in Frankreich und Deutschland vor Ort und haben in beiden L\u00e4ndern eine nationale Sicherheitsfreigabe. Dar\u00fcber hinaus sind unsere Teams OSCP-, OSEP- und OSWE-zertifiziert.<\/span>[\/vc_column_text][\/vc_column][vc_column offset=&#8220;vc_col-lg-4 vc_col-md-12 vc_col-xs-12&#8243;][vc_column_text]<\/p>\n<h5><span style=\"font-weight: 400;\">F\u00fcllen Sie dieses Formular aus und nehmen Sie noch heute Kontakt mit einem unserer Nachhaltigkeitsexperten auf<\/span><\/h5>\n<h4><strong>Nehmen Sie Kontakt auf:<\/strong><\/h4>\n<p>[\/vc_column_text][vc_column_text]<form id=\"forminator-module-7105\" class=\"forminator-custom-form forminator-custom-form-7105\" method=\"post\" data-forminator-render=\"0\" data-uid=\"69f3c81704819\"><div role=\"alert\" aria-live=\"polite\" class=\"forminator-response-message forminator-error\" aria-hidden=\"true\"><\/div><\/form>[\/vc_column_text][\/vc_column][\/vc_row]<\/p>\n<\/div>","protected":false},"excerpt":{"rendered":"<p>[vc_row][vc_column][vc_column_text] \u00dcberall setzen sich Unternehmen ehrgeizige Nachhaltigkeitsziele und ver\u00e4ndern ihre Arbeitsweise und ihre Lieferketten. Die L\u00f6sungen von Airbus Protect sind so konzipiert, dass sie Sie bei jedem Schritt auf diesem Weg unterst\u00fctzen. [\/vc_column_text][\/vc_column][vc_column offset=&#8220;vc_col-lg-8 vc_col-md-12 vc_col-xs-12&#8243;][vc_column_text p_style=&#8220;pHighlight&#8220;] Unsere L\u00f6sungen Umwelt- und Regulierungsstudien Unser Team stellt sicher, dass Sie die einschl\u00e4gigen Vorschriften und Gesetze einhalten, indem [&hellip;]<\/p>\n","protected":false},"author":4,"featured_media":3841,"parent":0,"menu_order":0,"comment_status":"closed","ping_status":"closed","template":"","meta":{"_acf_changed":false,"content-type":"","_relevanssi_hide_post":"","_relevanssi_hide_content":"","_relevanssi_pin_for_all":"","_relevanssi_pin_keywords":"","_relevanssi_unpin_keywords":"","_relevanssi_related_keywords":"","_relevanssi_related_include_ids":"","_relevanssi_related_exclude_ids":"","_relevanssi_related_no_append":"","_relevanssi_related_not_related":"","_relevanssi_related_posts":"","_relevanssi_noindex_reason":"","footnotes":""},"class_list":["post-7077","page","type-page","status-publish","has-post-thumbnail","hentry"],"acf":[],"yoast_head":"<!-- This site is optimized with the Yoast SEO Premium plugin v27.4 (Yoast SEO v27.4) - https:\/\/yoast.com\/product\/yoast-seo-premium-wordpress\/ -->\n<title>Unsere L\u00f6sungen im Bereich Sustainability - Airbus Protect<\/title>\n<meta name=\"description\" content=\"Die L\u00f6sungen von Airbus Protect sind so konzipiert, dass sie Sie bei jedem Schritt auf diesem Weg unterst\u00fctzen.\" \/>\n<meta name=\"robots\" content=\"index, follow, max-snippet:-1, max-image-preview:large, max-video-preview:-1\" \/>\n<link rel=\"canonical\" href=\"https:\/\/www.protect.airbus.com\/de\/ppc-unsere-losungen-im-bereich-sustainability\/\" \/>\n<meta property=\"og:locale\" content=\"de_DE\" \/>\n<meta property=\"og:type\" content=\"article\" \/>\n<meta property=\"og:title\" content=\"Unsere L\u00f6sungen im Bereich Sustainability\" \/>\n<meta property=\"og:description\" content=\"Die L\u00f6sungen von Airbus Protect sind so konzipiert, dass sie Sie bei jedem Schritt auf diesem Weg unterst\u00fctzen.\" \/>\n<meta property=\"og:url\" content=\"https:\/\/www.protect.airbus.com\/de\/ppc-unsere-losungen-im-bereich-sustainability\/\" \/>\n<meta property=\"og:site_name\" content=\"Airbus Protect\" \/>\n<meta property=\"article:modified_time\" content=\"2023-09-04T17:36:59+00:00\" \/>\n<meta property=\"og:image\" content=\"https:\/\/www.protect.airbus.com\/wp-content\/uploads\/2022\/07\/cyber-incident-reponse-social.png\" \/>\n\t<meta property=\"og:image:width\" content=\"2378\" \/>\n\t<meta property=\"og:image:height\" content=\"1284\" \/>\n\t<meta property=\"og:image:type\" content=\"image\/png\" \/>\n<meta name=\"twitter:card\" content=\"summary_large_image\" \/>\n<meta name=\"twitter:label1\" content=\"Gesch\u00e4tzte Lesezeit\" \/>\n\t<meta name=\"twitter:data1\" content=\"2\u00a0Minuten\" \/>\n<script type=\"application\/ld+json\" class=\"yoast-schema-graph\">{\"@context\":\"https:\\\/\\\/schema.org\",\"@graph\":[{\"@type\":\"WebPage\",\"@id\":\"https:\\\/\\\/www.protect.airbus.com\\\/de\\\/ppc-unsere-losungen-im-bereich-sustainability\\\/\",\"url\":\"https:\\\/\\\/www.protect.airbus.com\\\/de\\\/ppc-unsere-losungen-im-bereich-sustainability\\\/\",\"name\":\"Unsere L\u00f6sungen im Bereich Sustainability - Airbus Protect\",\"isPartOf\":{\"@id\":\"https:\\\/\\\/www.protect.airbus.com\\\/de\\\/#website\"},\"primaryImageOfPage\":{\"@id\":\"https:\\\/\\\/www.protect.airbus.com\\\/de\\\/ppc-unsere-losungen-im-bereich-sustainability\\\/#primaryimage\"},\"image\":{\"@id\":\"https:\\\/\\\/www.protect.airbus.com\\\/de\\\/ppc-unsere-losungen-im-bereich-sustainability\\\/#primaryimage\"},\"thumbnailUrl\":\"https:\\\/\\\/www.protect.airbus.com\\\/wp-content\\\/uploads\\\/2022\\\/06\\\/header-sustainability.jpg\",\"datePublished\":\"2023-09-01T13:57:40+00:00\",\"dateModified\":\"2023-09-04T17:36:59+00:00\",\"description\":\"Die L\u00f6sungen von Airbus Protect sind so konzipiert, dass sie Sie bei jedem Schritt auf diesem Weg unterst\u00fctzen.\",\"breadcrumb\":{\"@id\":\"https:\\\/\\\/www.protect.airbus.com\\\/de\\\/ppc-unsere-losungen-im-bereich-sustainability\\\/#breadcrumb\"},\"inLanguage\":\"de\",\"potentialAction\":[{\"@type\":\"ReadAction\",\"target\":[\"https:\\\/\\\/www.protect.airbus.com\\\/de\\\/ppc-unsere-losungen-im-bereich-sustainability\\\/\"]}]},{\"@type\":\"ImageObject\",\"inLanguage\":\"de\",\"@id\":\"https:\\\/\\\/www.protect.airbus.com\\\/de\\\/ppc-unsere-losungen-im-bereich-sustainability\\\/#primaryimage\",\"url\":\"https:\\\/\\\/www.protect.airbus.com\\\/wp-content\\\/uploads\\\/2022\\\/06\\\/header-sustainability.jpg\",\"contentUrl\":\"https:\\\/\\\/www.protect.airbus.com\\\/wp-content\\\/uploads\\\/2022\\\/06\\\/header-sustainability.jpg\",\"width\":1920,\"height\":577},{\"@type\":\"BreadcrumbList\",\"@id\":\"https:\\\/\\\/www.protect.airbus.com\\\/de\\\/ppc-unsere-losungen-im-bereich-sustainability\\\/#breadcrumb\",\"itemListElement\":[{\"@type\":\"ListItem\",\"position\":1,\"name\":\"Home\",\"item\":\"https:\\\/\\\/www.protect.airbus.com\\\/de\\\/\"},{\"@type\":\"ListItem\",\"position\":2,\"name\":\"Unsere L\u00f6sungen im Bereich Sustainability\"}]},{\"@type\":\"WebSite\",\"@id\":\"https:\\\/\\\/www.protect.airbus.com\\\/de\\\/#website\",\"url\":\"https:\\\/\\\/www.protect.airbus.com\\\/de\\\/\",\"name\":\"Airbus Protect\",\"description\":\"\",\"publisher\":{\"@id\":\"https:\\\/\\\/www.protect.airbus.com\\\/de\\\/#organization\"},\"potentialAction\":[{\"@type\":\"SearchAction\",\"target\":{\"@type\":\"EntryPoint\",\"urlTemplate\":\"https:\\\/\\\/www.protect.airbus.com\\\/de\\\/?s={search_term_string}\"},\"query-input\":{\"@type\":\"PropertyValueSpecification\",\"valueRequired\":true,\"valueName\":\"search_term_string\"}}],\"inLanguage\":\"de\"},{\"@type\":\"Organization\",\"@id\":\"https:\\\/\\\/www.protect.airbus.com\\\/de\\\/#organization\",\"name\":\"Airbus Protect\",\"url\":\"https:\\\/\\\/www.protect.airbus.com\\\/de\\\/\",\"logo\":{\"@type\":\"ImageObject\",\"inLanguage\":\"de\",\"@id\":\"https:\\\/\\\/www.protect.airbus.com\\\/de\\\/#\\\/schema\\\/logo\\\/image\\\/\",\"url\":\"https:\\\/\\\/www.protect.airbus.com\\\/wp-content\\\/uploads\\\/2023\\\/05\\\/logo-airbus-protect-696-696.png\",\"contentUrl\":\"https:\\\/\\\/www.protect.airbus.com\\\/wp-content\\\/uploads\\\/2023\\\/05\\\/logo-airbus-protect-696-696.png\",\"width\":696,\"height\":696,\"caption\":\"Airbus Protect\"},\"image\":{\"@id\":\"https:\\\/\\\/www.protect.airbus.com\\\/de\\\/#\\\/schema\\\/logo\\\/image\\\/\"},\"sameAs\":[\"https:\\\/\\\/www.linkedin.com\\\/company\\\/airbus-protect\\\/\",\"https:\\\/\\\/www.youtube.com\\\/@airbusprotect7483\"],\"contactPoint\":{\"@type\":\"ContactPoint\",\"email\":\"protect@airbus.com\",\"contactType\":\"customer service\",\"areaServed\":[\"GB\",\"FR\",\"ES\",\"DE\",\"BE\",\"CH\",\"PT\",\"DK\",\"AT\"],\"availableLanguage\":[\"en\",\"fr\",\"de\"]}}]}<\/script>\n<!-- \/ Yoast SEO Premium plugin. -->","yoast_head_json":{"title":"Unsere L\u00f6sungen im Bereich Sustainability - Airbus Protect","description":"Die L\u00f6sungen von Airbus Protect sind so konzipiert, dass sie Sie bei jedem Schritt auf diesem Weg unterst\u00fctzen.","robots":{"index":"index","follow":"follow","max-snippet":"max-snippet:-1","max-image-preview":"max-image-preview:large","max-video-preview":"max-video-preview:-1"},"canonical":"https:\/\/www.protect.airbus.com\/de\/ppc-unsere-losungen-im-bereich-sustainability\/","og_locale":"de_DE","og_type":"article","og_title":"Unsere L\u00f6sungen im Bereich Sustainability","og_description":"Die L\u00f6sungen von Airbus Protect sind so konzipiert, dass sie Sie bei jedem Schritt auf diesem Weg unterst\u00fctzen.","og_url":"https:\/\/www.protect.airbus.com\/de\/ppc-unsere-losungen-im-bereich-sustainability\/","og_site_name":"Airbus Protect","article_modified_time":"2023-09-04T17:36:59+00:00","og_image":[{"width":2378,"height":1284,"url":"https:\/\/www.protect.airbus.com\/wp-content\/uploads\/2022\/07\/cyber-incident-reponse-social.png","type":"image\/png"}],"twitter_card":"summary_large_image","twitter_misc":{"Gesch\u00e4tzte Lesezeit":"2\u00a0Minuten"},"schema":{"@context":"https:\/\/schema.org","@graph":[{"@type":"WebPage","@id":"https:\/\/www.protect.airbus.com\/de\/ppc-unsere-losungen-im-bereich-sustainability\/","url":"https:\/\/www.protect.airbus.com\/de\/ppc-unsere-losungen-im-bereich-sustainability\/","name":"Unsere L\u00f6sungen im Bereich Sustainability - Airbus Protect","isPartOf":{"@id":"https:\/\/www.protect.airbus.com\/de\/#website"},"primaryImageOfPage":{"@id":"https:\/\/www.protect.airbus.com\/de\/ppc-unsere-losungen-im-bereich-sustainability\/#primaryimage"},"image":{"@id":"https:\/\/www.protect.airbus.com\/de\/ppc-unsere-losungen-im-bereich-sustainability\/#primaryimage"},"thumbnailUrl":"https:\/\/www.protect.airbus.com\/wp-content\/uploads\/2022\/06\/header-sustainability.jpg","datePublished":"2023-09-01T13:57:40+00:00","dateModified":"2023-09-04T17:36:59+00:00","description":"Die L\u00f6sungen von Airbus Protect sind so konzipiert, dass sie Sie bei jedem Schritt auf diesem Weg unterst\u00fctzen.","breadcrumb":{"@id":"https:\/\/www.protect.airbus.com\/de\/ppc-unsere-losungen-im-bereich-sustainability\/#breadcrumb"},"inLanguage":"de","potentialAction":[{"@type":"ReadAction","target":["https:\/\/www.protect.airbus.com\/de\/ppc-unsere-losungen-im-bereich-sustainability\/"]}]},{"@type":"ImageObject","inLanguage":"de","@id":"https:\/\/www.protect.airbus.com\/de\/ppc-unsere-losungen-im-bereich-sustainability\/#primaryimage","url":"https:\/\/www.protect.airbus.com\/wp-content\/uploads\/2022\/06\/header-sustainability.jpg","contentUrl":"https:\/\/www.protect.airbus.com\/wp-content\/uploads\/2022\/06\/header-sustainability.jpg","width":1920,"height":577},{"@type":"BreadcrumbList","@id":"https:\/\/www.protect.airbus.com\/de\/ppc-unsere-losungen-im-bereich-sustainability\/#breadcrumb","itemListElement":[{"@type":"ListItem","position":1,"name":"Home","item":"https:\/\/www.protect.airbus.com\/de\/"},{"@type":"ListItem","position":2,"name":"Unsere L\u00f6sungen im Bereich Sustainability"}]},{"@type":"WebSite","@id":"https:\/\/www.protect.airbus.com\/de\/#website","url":"https:\/\/www.protect.airbus.com\/de\/","name":"Airbus Protect","description":"","publisher":{"@id":"https:\/\/www.protect.airbus.com\/de\/#organization"},"potentialAction":[{"@type":"SearchAction","target":{"@type":"EntryPoint","urlTemplate":"https:\/\/www.protect.airbus.com\/de\/?s={search_term_string}"},"query-input":{"@type":"PropertyValueSpecification","valueRequired":true,"valueName":"search_term_string"}}],"inLanguage":"de"},{"@type":"Organization","@id":"https:\/\/www.protect.airbus.com\/de\/#organization","name":"Airbus Protect","url":"https:\/\/www.protect.airbus.com\/de\/","logo":{"@type":"ImageObject","inLanguage":"de","@id":"https:\/\/www.protect.airbus.com\/de\/#\/schema\/logo\/image\/","url":"https:\/\/www.protect.airbus.com\/wp-content\/uploads\/2023\/05\/logo-airbus-protect-696-696.png","contentUrl":"https:\/\/www.protect.airbus.com\/wp-content\/uploads\/2023\/05\/logo-airbus-protect-696-696.png","width":696,"height":696,"caption":"Airbus Protect"},"image":{"@id":"https:\/\/www.protect.airbus.com\/de\/#\/schema\/logo\/image\/"},"sameAs":["https:\/\/www.linkedin.com\/company\/airbus-protect\/","https:\/\/www.youtube.com\/@airbusprotect7483"],"contactPoint":{"@type":"ContactPoint","email":"protect@airbus.com","contactType":"customer service","areaServed":["GB","FR","ES","DE","BE","CH","PT","DK","AT"],"availableLanguage":["en","fr","de"]}}]}},"_links":{"self":[{"href":"https:\/\/www.protect.airbus.com\/de\/wp-json\/wp\/v2\/pages\/7077","targetHints":{"allow":["GET"]}}],"collection":[{"href":"https:\/\/www.protect.airbus.com\/de\/wp-json\/wp\/v2\/pages"}],"about":[{"href":"https:\/\/www.protect.airbus.com\/de\/wp-json\/wp\/v2\/types\/page"}],"author":[{"embeddable":true,"href":"https:\/\/www.protect.airbus.com\/de\/wp-json\/wp\/v2\/users\/4"}],"replies":[{"embeddable":true,"href":"https:\/\/www.protect.airbus.com\/de\/wp-json\/wp\/v2\/comments?post=7077"}],"version-history":[{"count":3,"href":"https:\/\/www.protect.airbus.com\/de\/wp-json\/wp\/v2\/pages\/7077\/revisions"}],"predecessor-version":[{"id":7114,"href":"https:\/\/www.protect.airbus.com\/de\/wp-json\/wp\/v2\/pages\/7077\/revisions\/7114"}],"wp:featuredmedia":[{"embeddable":true,"href":"https:\/\/www.protect.airbus.com\/de\/wp-json\/wp\/v2\/media\/3841"}],"wp:attachment":[{"href":"https:\/\/www.protect.airbus.com\/de\/wp-json\/wp\/v2\/media?parent=7077"}],"curies":[{"name":"wp","href":"https:\/\/api.w.org\/{rel}","templated":true}]}}