{"id":7068,"date":"2023-09-01T15:58:43","date_gmt":"2023-09-01T13:58:43","guid":{"rendered":"https:\/\/www.protect.airbus.com\/?page_id=7068"},"modified":"2023-09-04T19:32:12","modified_gmt":"2023-09-04T17:32:12","slug":"ppc-unsere-sicherheitsloesungen","status":"publish","type":"page","link":"https:\/\/www.protect.airbus.com\/de\/ppc-unsere-sicherheitsloesungen\/","title":{"rendered":"Unsere Sicherheitsl\u00f6sungen"},"content":{"rendered":"<div class=\"wpb-content-wrapper\"><p>[vc_row][vc_column][vc_column_text]<\/p>\n<h2><strong>Bei Airbus Protect sind wir Spezialisten im Bereich Safety. Unsere End-to-End-L\u00f6sungen bieten Ihnen ein hohes Ma\u00df an Fachwissen, um die Sicherheit Ihres Unternehmens zu gew\u00e4hrleisten.<\/strong><\/h2>\n<p>[\/vc_column_text][\/vc_column][vc_column offset=&#8220;vc_col-lg-8 vc_col-md-12 vc_col-xs-12&#8243;][vc_column_text p_style=&#8220;pHighlight&#8220;]<\/p>\n<h3><b>Unsere L\u00f6sungen<\/b><\/h3>\n<ul>\n<li><strong>Compliance und Zertifizierung im Bereich Sicherheit<\/strong><\/li>\n<\/ul>\n<p><span style=\"font-weight: 400;\">Unsere Experten sorgen daf\u00fcr, dass Sie die einschl\u00e4gigen Gesetze und Vorschriften einhalten, indem sie Ihr Unternehmen pr\u00fcfen und Ihren Bedarf ermitteln.<\/span><\/p>\n<ul>\n<li><strong>Verteidigungssysteme und Infrastruktur<\/strong><\/li>\n<\/ul>\n<p><span style=\"font-weight: 400;\">Mit Audits, Studien und Dienstleistungen, die auf Ihr Unternehmen zugeschnitten sind, unterst\u00fctzt Airbus Protect Sie dabei, die Sicherheit milit\u00e4rischer Systeme sowie hochsensibler Infrastrukturen wie z. B. Nuklearsysteme zu st\u00e4rken.<\/span><\/p>\n<ul>\n<li><strong>Flugverkehrsmanagement (ATM) und unbemanntes Verkehrsmanagement (UTM)<\/strong><\/li>\n<\/ul>\n<p><span style=\"font-weight: 400;\">Mithilfe von Simulationen und Schulungen sowie Sicherheitsstudien arbeitet unser Team gemeinsam mit Ihnen an der Zukunft von ATM und UTM.<\/span><\/p>\n<ul>\n<li><strong>Wasserstoffmobilit\u00e4t<\/strong><\/li>\n<\/ul>\n<p><span style=\"font-weight: 400;\">Ob es darum geht, die Sicherheit von Wasserstoff-Lieferketten zu gew\u00e4hrleisten oder mit Regulierungsbeh\u00f6rden bei der Entwicklung von Leitlinien und Zertifizierungen zusammenzuarbeiten &#8211; unser Team steht Ihnen zur Verf\u00fcgung, um Sie bei der Navigation durch die florierende Wasserstoff-Wertsch\u00f6pfungskette zu unterst\u00fctzen.<\/span><\/p>\n<ul>\n<li><strong>Smart Mobility<\/strong><\/li>\n<\/ul>\n<p><span style=\"font-weight: 400;\">Mithilfe von Risikoanalysen und Architekturdesign kann unser Team Sie bei der Festlegung von Rahmenbedingungen f\u00fcr die Validierung der Einhaltung von Vorschriften und bei einem reibungslosen \u00dcbergang zur Smart Mobility unterst\u00fctzen.<\/span><\/p>\n<ul>\n<li><strong>Autonome Fahrzeuge<\/strong><\/li>\n<\/ul>\n<p><span style=\"font-weight: 400;\">Wir bieten ma\u00dfgeschneiderte Dienstleistungen und Beratung an, um unseren Kunden zu helfen, ihre Safety- und Compliance-Ziele zu erreichen. Unsere Experten leiten Sie an, um die Sicherheit von autonomen Verkehrssystemen zu gew\u00e4hrleisten.<\/span><\/p>\n<h4><strong>Warum Airbus Protect?<\/strong><\/h4>\n<p><span style=\"font-weight: 400;\">Wir erbringen seit Jahrzehnten Sicherheitsdienstleistungen f\u00fcr die Airbus Group, haben an den wichtigsten Airbus-Flugzeugprogrammen sowohl in der Entwicklungs- als auch in der Dienstleistungsphase mitgearbeitet und eine einzigartige Tiefe und Breite an Fachwissen entwickelt.<\/span>[\/vc_column_text][\/vc_column][vc_column offset=&#8220;vc_col-lg-4 vc_col-md-12 vc_col-xs-12&#8243;][vc_column_text]<\/p>\n<h5><span style=\"font-weight: 400;\">F\u00fcllen Sie dieses Formular aus und nehmen Sie noch heute Kontakt mit einem unserer Sicherheitsexperten auf<\/span><\/h5>\n<h4><strong>Nehmen Sie Kontakt auf:<\/strong><\/h4>\n<p>[\/vc_column_text][vc_column_text]<form id=\"forminator-module-7104\" class=\"forminator-custom-form forminator-custom-form-7104\" method=\"post\" data-forminator-render=\"0\" data-uid=\"69e00611e498b\"><div role=\"alert\" aria-live=\"polite\" class=\"forminator-response-message forminator-error\" aria-hidden=\"true\"><\/div><\/form>[\/vc_column_text][\/vc_column][\/vc_row]<\/p>\n<\/div>","protected":false},"excerpt":{"rendered":"<p>[vc_row][vc_column][vc_column_text] Bei Airbus Protect sind wir Spezialisten im Bereich Safety. Unsere End-to-End-L\u00f6sungen bieten Ihnen ein hohes Ma\u00df an Fachwissen, um die Sicherheit Ihres Unternehmens zu gew\u00e4hrleisten. [\/vc_column_text][\/vc_column][vc_column offset=&#8220;vc_col-lg-8 vc_col-md-12 vc_col-xs-12&#8243;][vc_column_text p_style=&#8220;pHighlight&#8220;] Unsere L\u00f6sungen Compliance und Zertifizierung im Bereich Sicherheit Unsere Experten sorgen daf\u00fcr, dass Sie die einschl\u00e4gigen Gesetze und Vorschriften einhalten, indem sie Ihr Unternehmen [&hellip;]<\/p>\n","protected":false},"author":4,"featured_media":3843,"parent":0,"menu_order":0,"comment_status":"closed","ping_status":"closed","template":"","meta":{"_acf_changed":false,"content-type":"","_relevanssi_hide_post":"","_relevanssi_hide_content":"","_relevanssi_pin_for_all":"","_relevanssi_pin_keywords":"","_relevanssi_unpin_keywords":"","_relevanssi_related_keywords":"","_relevanssi_related_include_ids":"","_relevanssi_related_exclude_ids":"","_relevanssi_related_no_append":"","_relevanssi_related_not_related":"","_relevanssi_related_posts":"","_relevanssi_noindex_reason":"","footnotes":""},"class_list":["post-7068","page","type-page","status-publish","has-post-thumbnail","hentry"],"acf":[],"yoast_head":"<!-- This site is optimized with the Yoast SEO Premium plugin v27.3 (Yoast SEO v27.3) - https:\/\/yoast.com\/product\/yoast-seo-premium-wordpress\/ -->\n<title>Unsere Sicherheitsl\u00f6sungen - Airbus Protect<\/title>\n<meta name=\"description\" content=\"Unsere End-to-End-L\u00f6sungen bieten Ihnen ein hohes Ma\u00df an Fachwissen, um die Sicherheit Ihres Unternehmens zu gew\u00e4hrleisten.\" \/>\n<meta name=\"robots\" content=\"index, follow, max-snippet:-1, max-image-preview:large, max-video-preview:-1\" \/>\n<link rel=\"canonical\" href=\"https:\/\/www.protect.airbus.com\/de\/ppc-unsere-sicherheitsloesungen\/\" \/>\n<meta property=\"og:locale\" content=\"de_DE\" \/>\n<meta property=\"og:type\" content=\"article\" \/>\n<meta property=\"og:title\" content=\"Unsere Sicherheitsl\u00f6sungen\" \/>\n<meta property=\"og:description\" content=\"Unsere End-to-End-L\u00f6sungen bieten Ihnen ein hohes Ma\u00df an Fachwissen, um die Sicherheit Ihres Unternehmens zu gew\u00e4hrleisten.\" \/>\n<meta property=\"og:url\" content=\"https:\/\/www.protect.airbus.com\/de\/ppc-unsere-sicherheitsloesungen\/\" \/>\n<meta property=\"og:site_name\" content=\"Airbus Protect\" \/>\n<meta property=\"article:modified_time\" content=\"2023-09-04T17:32:12+00:00\" \/>\n<meta property=\"og:image\" content=\"https:\/\/www.protect.airbus.com\/wp-content\/uploads\/2022\/07\/cyber-incident-reponse-social.png\" \/>\n\t<meta property=\"og:image:width\" content=\"2378\" \/>\n\t<meta property=\"og:image:height\" content=\"1284\" \/>\n\t<meta property=\"og:image:type\" content=\"image\/png\" \/>\n<meta name=\"twitter:card\" content=\"summary_large_image\" \/>\n<meta name=\"twitter:label1\" content=\"Gesch\u00e4tzte Lesezeit\" \/>\n\t<meta name=\"twitter:data1\" content=\"2\u00a0Minuten\" \/>\n<script type=\"application\/ld+json\" class=\"yoast-schema-graph\">{\"@context\":\"https:\\\/\\\/schema.org\",\"@graph\":[{\"@type\":\"WebPage\",\"@id\":\"https:\\\/\\\/www.protect.airbus.com\\\/de\\\/ppc-unsere-sicherheitsloesungen\\\/\",\"url\":\"https:\\\/\\\/www.protect.airbus.com\\\/de\\\/ppc-unsere-sicherheitsloesungen\\\/\",\"name\":\"Unsere Sicherheitsl\u00f6sungen - Airbus Protect\",\"isPartOf\":{\"@id\":\"https:\\\/\\\/www.protect.airbus.com\\\/de\\\/#website\"},\"primaryImageOfPage\":{\"@id\":\"https:\\\/\\\/www.protect.airbus.com\\\/de\\\/ppc-unsere-sicherheitsloesungen\\\/#primaryimage\"},\"image\":{\"@id\":\"https:\\\/\\\/www.protect.airbus.com\\\/de\\\/ppc-unsere-sicherheitsloesungen\\\/#primaryimage\"},\"thumbnailUrl\":\"https:\\\/\\\/www.protect.airbus.com\\\/wp-content\\\/uploads\\\/2022\\\/06\\\/header-industries.jpg\",\"datePublished\":\"2023-09-01T13:58:43+00:00\",\"dateModified\":\"2023-09-04T17:32:12+00:00\",\"description\":\"Unsere End-to-End-L\u00f6sungen bieten Ihnen ein hohes Ma\u00df an Fachwissen, um die Sicherheit Ihres Unternehmens zu gew\u00e4hrleisten.\",\"breadcrumb\":{\"@id\":\"https:\\\/\\\/www.protect.airbus.com\\\/de\\\/ppc-unsere-sicherheitsloesungen\\\/#breadcrumb\"},\"inLanguage\":\"de\",\"potentialAction\":[{\"@type\":\"ReadAction\",\"target\":[\"https:\\\/\\\/www.protect.airbus.com\\\/de\\\/ppc-unsere-sicherheitsloesungen\\\/\"]}]},{\"@type\":\"ImageObject\",\"inLanguage\":\"de\",\"@id\":\"https:\\\/\\\/www.protect.airbus.com\\\/de\\\/ppc-unsere-sicherheitsloesungen\\\/#primaryimage\",\"url\":\"https:\\\/\\\/www.protect.airbus.com\\\/wp-content\\\/uploads\\\/2022\\\/06\\\/header-industries.jpg\",\"contentUrl\":\"https:\\\/\\\/www.protect.airbus.com\\\/wp-content\\\/uploads\\\/2022\\\/06\\\/header-industries.jpg\",\"width\":1920,\"height\":577},{\"@type\":\"BreadcrumbList\",\"@id\":\"https:\\\/\\\/www.protect.airbus.com\\\/de\\\/ppc-unsere-sicherheitsloesungen\\\/#breadcrumb\",\"itemListElement\":[{\"@type\":\"ListItem\",\"position\":1,\"name\":\"Home\",\"item\":\"https:\\\/\\\/www.protect.airbus.com\\\/de\\\/\"},{\"@type\":\"ListItem\",\"position\":2,\"name\":\"Unsere Sicherheitsl\u00f6sungen\"}]},{\"@type\":\"WebSite\",\"@id\":\"https:\\\/\\\/www.protect.airbus.com\\\/de\\\/#website\",\"url\":\"https:\\\/\\\/www.protect.airbus.com\\\/de\\\/\",\"name\":\"Airbus Protect\",\"description\":\"\",\"publisher\":{\"@id\":\"https:\\\/\\\/www.protect.airbus.com\\\/de\\\/#organization\"},\"potentialAction\":[{\"@type\":\"SearchAction\",\"target\":{\"@type\":\"EntryPoint\",\"urlTemplate\":\"https:\\\/\\\/www.protect.airbus.com\\\/de\\\/?s={search_term_string}\"},\"query-input\":{\"@type\":\"PropertyValueSpecification\",\"valueRequired\":true,\"valueName\":\"search_term_string\"}}],\"inLanguage\":\"de\"},{\"@type\":\"Organization\",\"@id\":\"https:\\\/\\\/www.protect.airbus.com\\\/de\\\/#organization\",\"name\":\"Airbus Protect\",\"url\":\"https:\\\/\\\/www.protect.airbus.com\\\/de\\\/\",\"logo\":{\"@type\":\"ImageObject\",\"inLanguage\":\"de\",\"@id\":\"https:\\\/\\\/www.protect.airbus.com\\\/de\\\/#\\\/schema\\\/logo\\\/image\\\/\",\"url\":\"https:\\\/\\\/www.protect.airbus.com\\\/wp-content\\\/uploads\\\/2023\\\/05\\\/logo-airbus-protect-696-696.png\",\"contentUrl\":\"https:\\\/\\\/www.protect.airbus.com\\\/wp-content\\\/uploads\\\/2023\\\/05\\\/logo-airbus-protect-696-696.png\",\"width\":696,\"height\":696,\"caption\":\"Airbus Protect\"},\"image\":{\"@id\":\"https:\\\/\\\/www.protect.airbus.com\\\/de\\\/#\\\/schema\\\/logo\\\/image\\\/\"},\"sameAs\":[\"https:\\\/\\\/www.linkedin.com\\\/company\\\/airbus-protect\\\/\",\"https:\\\/\\\/www.youtube.com\\\/@airbusprotect7483\"],\"contactPoint\":{\"@type\":\"ContactPoint\",\"email\":\"protect@airbus.com\",\"contactType\":\"customer service\",\"areaServed\":[\"GB\",\"FR\",\"ES\",\"DE\",\"BE\",\"CH\",\"PT\",\"DK\",\"AT\"],\"availableLanguage\":[\"en\",\"fr\",\"de\"]}}]}<\/script>\n<!-- \/ Yoast SEO Premium plugin. -->","yoast_head_json":{"title":"Unsere Sicherheitsl\u00f6sungen - Airbus Protect","description":"Unsere End-to-End-L\u00f6sungen bieten Ihnen ein hohes Ma\u00df an Fachwissen, um die Sicherheit Ihres Unternehmens zu gew\u00e4hrleisten.","robots":{"index":"index","follow":"follow","max-snippet":"max-snippet:-1","max-image-preview":"max-image-preview:large","max-video-preview":"max-video-preview:-1"},"canonical":"https:\/\/www.protect.airbus.com\/de\/ppc-unsere-sicherheitsloesungen\/","og_locale":"de_DE","og_type":"article","og_title":"Unsere Sicherheitsl\u00f6sungen","og_description":"Unsere End-to-End-L\u00f6sungen bieten Ihnen ein hohes Ma\u00df an Fachwissen, um die Sicherheit Ihres Unternehmens zu gew\u00e4hrleisten.","og_url":"https:\/\/www.protect.airbus.com\/de\/ppc-unsere-sicherheitsloesungen\/","og_site_name":"Airbus Protect","article_modified_time":"2023-09-04T17:32:12+00:00","og_image":[{"width":2378,"height":1284,"url":"https:\/\/www.protect.airbus.com\/wp-content\/uploads\/2022\/07\/cyber-incident-reponse-social.png","type":"image\/png"}],"twitter_card":"summary_large_image","twitter_misc":{"Gesch\u00e4tzte Lesezeit":"2\u00a0Minuten"},"schema":{"@context":"https:\/\/schema.org","@graph":[{"@type":"WebPage","@id":"https:\/\/www.protect.airbus.com\/de\/ppc-unsere-sicherheitsloesungen\/","url":"https:\/\/www.protect.airbus.com\/de\/ppc-unsere-sicherheitsloesungen\/","name":"Unsere Sicherheitsl\u00f6sungen - Airbus Protect","isPartOf":{"@id":"https:\/\/www.protect.airbus.com\/de\/#website"},"primaryImageOfPage":{"@id":"https:\/\/www.protect.airbus.com\/de\/ppc-unsere-sicherheitsloesungen\/#primaryimage"},"image":{"@id":"https:\/\/www.protect.airbus.com\/de\/ppc-unsere-sicherheitsloesungen\/#primaryimage"},"thumbnailUrl":"https:\/\/www.protect.airbus.com\/wp-content\/uploads\/2022\/06\/header-industries.jpg","datePublished":"2023-09-01T13:58:43+00:00","dateModified":"2023-09-04T17:32:12+00:00","description":"Unsere End-to-End-L\u00f6sungen bieten Ihnen ein hohes Ma\u00df an Fachwissen, um die Sicherheit Ihres Unternehmens zu gew\u00e4hrleisten.","breadcrumb":{"@id":"https:\/\/www.protect.airbus.com\/de\/ppc-unsere-sicherheitsloesungen\/#breadcrumb"},"inLanguage":"de","potentialAction":[{"@type":"ReadAction","target":["https:\/\/www.protect.airbus.com\/de\/ppc-unsere-sicherheitsloesungen\/"]}]},{"@type":"ImageObject","inLanguage":"de","@id":"https:\/\/www.protect.airbus.com\/de\/ppc-unsere-sicherheitsloesungen\/#primaryimage","url":"https:\/\/www.protect.airbus.com\/wp-content\/uploads\/2022\/06\/header-industries.jpg","contentUrl":"https:\/\/www.protect.airbus.com\/wp-content\/uploads\/2022\/06\/header-industries.jpg","width":1920,"height":577},{"@type":"BreadcrumbList","@id":"https:\/\/www.protect.airbus.com\/de\/ppc-unsere-sicherheitsloesungen\/#breadcrumb","itemListElement":[{"@type":"ListItem","position":1,"name":"Home","item":"https:\/\/www.protect.airbus.com\/de\/"},{"@type":"ListItem","position":2,"name":"Unsere Sicherheitsl\u00f6sungen"}]},{"@type":"WebSite","@id":"https:\/\/www.protect.airbus.com\/de\/#website","url":"https:\/\/www.protect.airbus.com\/de\/","name":"Airbus Protect","description":"","publisher":{"@id":"https:\/\/www.protect.airbus.com\/de\/#organization"},"potentialAction":[{"@type":"SearchAction","target":{"@type":"EntryPoint","urlTemplate":"https:\/\/www.protect.airbus.com\/de\/?s={search_term_string}"},"query-input":{"@type":"PropertyValueSpecification","valueRequired":true,"valueName":"search_term_string"}}],"inLanguage":"de"},{"@type":"Organization","@id":"https:\/\/www.protect.airbus.com\/de\/#organization","name":"Airbus Protect","url":"https:\/\/www.protect.airbus.com\/de\/","logo":{"@type":"ImageObject","inLanguage":"de","@id":"https:\/\/www.protect.airbus.com\/de\/#\/schema\/logo\/image\/","url":"https:\/\/www.protect.airbus.com\/wp-content\/uploads\/2023\/05\/logo-airbus-protect-696-696.png","contentUrl":"https:\/\/www.protect.airbus.com\/wp-content\/uploads\/2023\/05\/logo-airbus-protect-696-696.png","width":696,"height":696,"caption":"Airbus Protect"},"image":{"@id":"https:\/\/www.protect.airbus.com\/de\/#\/schema\/logo\/image\/"},"sameAs":["https:\/\/www.linkedin.com\/company\/airbus-protect\/","https:\/\/www.youtube.com\/@airbusprotect7483"],"contactPoint":{"@type":"ContactPoint","email":"protect@airbus.com","contactType":"customer service","areaServed":["GB","FR","ES","DE","BE","CH","PT","DK","AT"],"availableLanguage":["en","fr","de"]}}]}},"_links":{"self":[{"href":"https:\/\/www.protect.airbus.com\/de\/wp-json\/wp\/v2\/pages\/7068","targetHints":{"allow":["GET"]}}],"collection":[{"href":"https:\/\/www.protect.airbus.com\/de\/wp-json\/wp\/v2\/pages"}],"about":[{"href":"https:\/\/www.protect.airbus.com\/de\/wp-json\/wp\/v2\/types\/page"}],"author":[{"embeddable":true,"href":"https:\/\/www.protect.airbus.com\/de\/wp-json\/wp\/v2\/users\/4"}],"replies":[{"embeddable":true,"href":"https:\/\/www.protect.airbus.com\/de\/wp-json\/wp\/v2\/comments?post=7068"}],"version-history":[{"count":3,"href":"https:\/\/www.protect.airbus.com\/de\/wp-json\/wp\/v2\/pages\/7068\/revisions"}],"predecessor-version":[{"id":7111,"href":"https:\/\/www.protect.airbus.com\/de\/wp-json\/wp\/v2\/pages\/7068\/revisions\/7111"}],"wp:featuredmedia":[{"embeddable":true,"href":"https:\/\/www.protect.airbus.com\/de\/wp-json\/wp\/v2\/media\/3843"}],"wp:attachment":[{"href":"https:\/\/www.protect.airbus.com\/de\/wp-json\/wp\/v2\/media?parent=7068"}],"curies":[{"name":"wp","href":"https:\/\/api.w.org\/{rel}","templated":true}]}}