{"id":7061,"date":"2023-09-01T11:32:02","date_gmt":"2023-09-01T09:32:02","guid":{"rendered":"https:\/\/www.protect.airbus.com\/?page_id=7061"},"modified":"2023-09-04T19:27:53","modified_gmt":"2023-09-04T17:27:53","slug":"ppc-cybersecurity-losungen","status":"publish","type":"page","link":"https:\/\/www.protect.airbus.com\/de\/ppc-cybersecurity-losungen\/","title":{"rendered":"Cybersecurity-L\u00f6sungen"},"content":{"rendered":"<div class=\"wpb-content-wrapper\"><p>[vc_row][vc_column][vc_column_text]<\/p>\n<h2><strong>Unsere End-to-End-L\u00f6sungen sind so konzipiert, dass sie Ihnen helfen, die Cybersicherheit Ihres Unternehmens zu verbessern.<\/strong><\/h2>\n<p>[\/vc_column_text][\/vc_column][vc_column offset=&#8220;vc_col-lg-8 vc_col-md-12 vc_col-xs-12&#8243;][vc_column_text p_style=&#8220;pHighlight&#8220;]<\/p>\n<h3><b>Unsere L\u00f6sungen<\/b><\/h3>\n<ul>\n<li><strong>Entwurf und Integration von Architekturen<\/strong><\/li>\n<\/ul>\n<p><span style=\"font-weight: 400;\">Unser Team unterst\u00fctzt Sie bei der Entwicklung und Implementierung einer robusten Architektur und ihrer nahtlosen Integration in Ihr Unternehmen.<\/span><\/p>\n<ul>\n<li><strong>Governance, Risiko und Compliance<\/strong><\/li>\n<\/ul>\n<p><span style=\"font-weight: 400;\">Die Experten von Airbus Protect k\u00f6nnen Ihre Cybersicherheitsrisiken bewerten und Ihnen Schl\u00fcsselinformationen zur Verf\u00fcgung stellen, um sicherzugehen, dass Sie die geltenden Vorschriften einhalten.<\/span><\/p>\n<ul>\n<li><strong>Exportkontrolle und Datenschutz<\/strong><\/li>\n<\/ul>\n<p><span style=\"font-weight: 400;\">Wir unterst\u00fctzen Sie dabei, Ihre Daten so effektiv wie m\u00f6glich zu sch\u00fctzen, zu sichern und zu verwalten, und stellen sicher, dass Sie die Exportkontrollen einhalten.<\/span><\/p>\n<ul>\n<li><strong>Schwachstellenbewertung und Pentesting<\/strong><\/li>\n<\/ul>\n<p><span style=\"font-weight: 400;\">Unsere Experten sorgen daf\u00fcr, dass Sie \u00fcber die neuesten Schwachstellen und Exploits auf dem Laufenden bleiben, damit Sie Angreifern immer einen Schritt voraus sind. Au\u00dferdem bieten wir Red-Teaming- und Purple-Teaming-Dienste an, mit denen Sie Ihre Sicherheitslage in einer realistischen Angriffssimulation testen k\u00f6nnen.<\/span><\/p>\n<ul>\n<li><strong>Managed Services<\/strong><\/li>\n<\/ul>\n<p><span style=\"font-weight: 400;\">Mit personalisierten Dienstleistungen f\u00fcr Schwachstellenmanagement, SOC und Schutz vor digitalen Risiken kann Airbus Protect Ihnen helfen, das von Ihnen angestrebte Sicherheitsniveau zu erreichen.<\/span><\/p>\n<ul>\n<li><strong>Simulation und Schulung<\/strong><\/li>\n<\/ul>\n<p><span style=\"font-weight: 400;\">Airbus Protect unterst\u00fctzt Ihre Teams mit ma\u00dfgeschneiderten \u00dcbungen, um ihre Kenntnisse und F\u00e4higkeiten im Bereich der Cybersicherheit zu testen.<\/span><\/p>\n<h4><strong>Warum Airbus Protect?<\/strong><\/h4>\n<p><span style=\"font-weight: 400;\">Unsere Airbus-DNA hebt uns von anderen Anbietern ab. Wir bieten seit Jahrzehnten Sicherheitsdienstleistungen f\u00fcr die Airbus Group und weitere Branchen an. Dar\u00fcber hinaus verf\u00fcgt Airbus Protect \u00fcber europ\u00e4ische Souver\u00e4nit\u00e4t und nationale Sicherheitsfreigaben in Gro\u00dfbritannien, Deutschland und Frankreich. Unsere Teams sind au\u00dferdem OSCP-, OSEP- und OSWE-zertifiziert.<\/span>[\/vc_column_text][\/vc_column][vc_column offset=&#8220;vc_col-lg-4 vc_col-md-12 vc_col-xs-12&#8243;][vc_column_text]<\/p>\n<h5>F\u00fcllen Sie dieses Formular aus und nehmen Sie noch heute Kontakt mit einem unserer Cybersecurity-Experten auf<\/h5>\n<h4><strong>Nehmen Sie Kontakt auf:<\/strong><\/h4>\n<p>[\/vc_column_text][vc_column_text]<form id=\"forminator-module-7103\" class=\"forminator-custom-form forminator-custom-form-7103\" method=\"post\" data-forminator-render=\"0\" data-uid=\"69f2c6bc4fb96\"><div role=\"alert\" aria-live=\"polite\" class=\"forminator-response-message forminator-error\" aria-hidden=\"true\"><\/div><\/form>[\/vc_column_text][\/vc_column][\/vc_row]<\/p>\n<\/div>","protected":false},"excerpt":{"rendered":"<p>[vc_row][vc_column][vc_column_text] Unsere End-to-End-L\u00f6sungen sind so konzipiert, dass sie Ihnen helfen, die Cybersicherheit Ihres Unternehmens zu verbessern. [\/vc_column_text][\/vc_column][vc_column offset=&#8220;vc_col-lg-8 vc_col-md-12 vc_col-xs-12&#8243;][vc_column_text p_style=&#8220;pHighlight&#8220;] Unsere L\u00f6sungen Entwurf und Integration von Architekturen Unser Team unterst\u00fctzt Sie bei der Entwicklung und Implementierung einer robusten Architektur und ihrer nahtlosen Integration in Ihr Unternehmen. Governance, Risiko und Compliance Die Experten von Airbus [&hellip;]<\/p>\n","protected":false},"author":4,"featured_media":5488,"parent":0,"menu_order":0,"comment_status":"closed","ping_status":"closed","template":"","meta":{"_acf_changed":false,"content-type":"","_relevanssi_hide_post":"","_relevanssi_hide_content":"","_relevanssi_pin_for_all":"","_relevanssi_pin_keywords":"","_relevanssi_unpin_keywords":"","_relevanssi_related_keywords":"","_relevanssi_related_include_ids":"","_relevanssi_related_exclude_ids":"","_relevanssi_related_no_append":"","_relevanssi_related_not_related":"","_relevanssi_related_posts":"","_relevanssi_noindex_reason":"","footnotes":""},"class_list":["post-7061","page","type-page","status-publish","has-post-thumbnail","hentry"],"acf":[],"yoast_head":"<!-- This site is optimized with the Yoast SEO Premium plugin v27.4 (Yoast SEO v27.4) - https:\/\/yoast.com\/product\/yoast-seo-premium-wordpress\/ -->\n<title>Cybersecurity-L\u00f6sungen - Airbus Protect<\/title>\n<meta name=\"description\" content=\"Unsere End-to-End-L\u00f6sungen sind so konzipiert, dass sie Ihnen helfen, die Cybersicherheit Ihres Unternehmens zu verbessern.\" \/>\n<meta name=\"robots\" content=\"noindex, follow\" \/>\n<meta property=\"og:locale\" content=\"de_DE\" \/>\n<meta property=\"og:type\" content=\"article\" \/>\n<meta property=\"og:title\" content=\"Cybersecurity-L\u00f6sungen\" \/>\n<meta property=\"og:description\" content=\"Unsere End-to-End-L\u00f6sungen sind so konzipiert, dass sie Ihnen helfen, die Cybersicherheit Ihres Unternehmens zu verbessern.\" \/>\n<meta property=\"og:url\" content=\"https:\/\/www.protect.airbus.com\/de\/ppc-cybersecurity-losungen\/\" \/>\n<meta property=\"og:site_name\" content=\"Airbus Protect\" \/>\n<meta property=\"article:modified_time\" content=\"2023-09-04T17:27:53+00:00\" \/>\n<meta property=\"og:image\" content=\"https:\/\/www.protect.airbus.com\/wp-content\/uploads\/2022\/07\/cyber-incident-reponse-social.png\" \/>\n\t<meta property=\"og:image:width\" content=\"2378\" \/>\n\t<meta property=\"og:image:height\" content=\"1284\" \/>\n\t<meta property=\"og:image:type\" content=\"image\/png\" \/>\n<meta name=\"twitter:card\" content=\"summary_large_image\" \/>\n<meta name=\"twitter:label1\" content=\"Gesch\u00e4tzte Lesezeit\" \/>\n\t<meta name=\"twitter:data1\" content=\"2\u00a0Minuten\" \/>\n<script type=\"application\/ld+json\" class=\"yoast-schema-graph\">{\"@context\":\"https:\\\/\\\/schema.org\",\"@graph\":[{\"@type\":\"WebPage\",\"@id\":\"https:\\\/\\\/www.protect.airbus.com\\\/de\\\/ppc-cybersecurity-losungen\\\/\",\"url\":\"https:\\\/\\\/www.protect.airbus.com\\\/de\\\/ppc-cybersecurity-losungen\\\/\",\"name\":\"Cybersecurity-L\u00f6sungen - Airbus Protect\",\"isPartOf\":{\"@id\":\"https:\\\/\\\/www.protect.airbus.com\\\/de\\\/#website\"},\"primaryImageOfPage\":{\"@id\":\"https:\\\/\\\/www.protect.airbus.com\\\/de\\\/ppc-cybersecurity-losungen\\\/#primaryimage\"},\"image\":{\"@id\":\"https:\\\/\\\/www.protect.airbus.com\\\/de\\\/ppc-cybersecurity-losungen\\\/#primaryimage\"},\"thumbnailUrl\":\"https:\\\/\\\/www.protect.airbus.com\\\/wp-content\\\/uploads\\\/2023\\\/04\\\/pentest-cver-2.png\",\"datePublished\":\"2023-09-01T09:32:02+00:00\",\"dateModified\":\"2023-09-04T17:27:53+00:00\",\"description\":\"Unsere End-to-End-L\u00f6sungen sind so konzipiert, dass sie Ihnen helfen, die Cybersicherheit Ihres Unternehmens zu verbessern.\",\"breadcrumb\":{\"@id\":\"https:\\\/\\\/www.protect.airbus.com\\\/de\\\/ppc-cybersecurity-losungen\\\/#breadcrumb\"},\"inLanguage\":\"de\",\"potentialAction\":[{\"@type\":\"ReadAction\",\"target\":[\"https:\\\/\\\/www.protect.airbus.com\\\/de\\\/ppc-cybersecurity-losungen\\\/\"]}]},{\"@type\":\"ImageObject\",\"inLanguage\":\"de\",\"@id\":\"https:\\\/\\\/www.protect.airbus.com\\\/de\\\/ppc-cybersecurity-losungen\\\/#primaryimage\",\"url\":\"https:\\\/\\\/www.protect.airbus.com\\\/wp-content\\\/uploads\\\/2023\\\/04\\\/pentest-cver-2.png\",\"contentUrl\":\"https:\\\/\\\/www.protect.airbus.com\\\/wp-content\\\/uploads\\\/2023\\\/04\\\/pentest-cver-2.png\",\"width\":3793,\"height\":845,\"caption\":\"penetration testing solutions by Airbus Protect\"},{\"@type\":\"BreadcrumbList\",\"@id\":\"https:\\\/\\\/www.protect.airbus.com\\\/de\\\/ppc-cybersecurity-losungen\\\/#breadcrumb\",\"itemListElement\":[{\"@type\":\"ListItem\",\"position\":1,\"name\":\"Home\",\"item\":\"https:\\\/\\\/www.protect.airbus.com\\\/de\\\/\"},{\"@type\":\"ListItem\",\"position\":2,\"name\":\"Cybersecurity-L\u00f6sungen\"}]},{\"@type\":\"WebSite\",\"@id\":\"https:\\\/\\\/www.protect.airbus.com\\\/de\\\/#website\",\"url\":\"https:\\\/\\\/www.protect.airbus.com\\\/de\\\/\",\"name\":\"Airbus Protect\",\"description\":\"\",\"publisher\":{\"@id\":\"https:\\\/\\\/www.protect.airbus.com\\\/de\\\/#organization\"},\"potentialAction\":[{\"@type\":\"SearchAction\",\"target\":{\"@type\":\"EntryPoint\",\"urlTemplate\":\"https:\\\/\\\/www.protect.airbus.com\\\/de\\\/?s={search_term_string}\"},\"query-input\":{\"@type\":\"PropertyValueSpecification\",\"valueRequired\":true,\"valueName\":\"search_term_string\"}}],\"inLanguage\":\"de\"},{\"@type\":\"Organization\",\"@id\":\"https:\\\/\\\/www.protect.airbus.com\\\/de\\\/#organization\",\"name\":\"Airbus Protect\",\"url\":\"https:\\\/\\\/www.protect.airbus.com\\\/de\\\/\",\"logo\":{\"@type\":\"ImageObject\",\"inLanguage\":\"de\",\"@id\":\"https:\\\/\\\/www.protect.airbus.com\\\/de\\\/#\\\/schema\\\/logo\\\/image\\\/\",\"url\":\"https:\\\/\\\/www.protect.airbus.com\\\/wp-content\\\/uploads\\\/2023\\\/05\\\/logo-airbus-protect-696-696.png\",\"contentUrl\":\"https:\\\/\\\/www.protect.airbus.com\\\/wp-content\\\/uploads\\\/2023\\\/05\\\/logo-airbus-protect-696-696.png\",\"width\":696,\"height\":696,\"caption\":\"Airbus Protect\"},\"image\":{\"@id\":\"https:\\\/\\\/www.protect.airbus.com\\\/de\\\/#\\\/schema\\\/logo\\\/image\\\/\"},\"sameAs\":[\"https:\\\/\\\/www.linkedin.com\\\/company\\\/airbus-protect\\\/\",\"https:\\\/\\\/www.youtube.com\\\/@airbusprotect7483\"],\"contactPoint\":{\"@type\":\"ContactPoint\",\"email\":\"protect@airbus.com\",\"contactType\":\"customer service\",\"areaServed\":[\"GB\",\"FR\",\"ES\",\"DE\",\"BE\",\"CH\",\"PT\",\"DK\",\"AT\"],\"availableLanguage\":[\"en\",\"fr\",\"de\"]}}]}<\/script>\n<!-- \/ Yoast SEO Premium plugin. -->","yoast_head_json":{"title":"Cybersecurity-L\u00f6sungen - Airbus Protect","description":"Unsere End-to-End-L\u00f6sungen sind so konzipiert, dass sie Ihnen helfen, die Cybersicherheit Ihres Unternehmens zu verbessern.","robots":{"index":"noindex","follow":"follow"},"og_locale":"de_DE","og_type":"article","og_title":"Cybersecurity-L\u00f6sungen","og_description":"Unsere End-to-End-L\u00f6sungen sind so konzipiert, dass sie Ihnen helfen, die Cybersicherheit Ihres Unternehmens zu verbessern.","og_url":"https:\/\/www.protect.airbus.com\/de\/ppc-cybersecurity-losungen\/","og_site_name":"Airbus Protect","article_modified_time":"2023-09-04T17:27:53+00:00","og_image":[{"width":2378,"height":1284,"url":"https:\/\/www.protect.airbus.com\/wp-content\/uploads\/2022\/07\/cyber-incident-reponse-social.png","type":"image\/png"}],"twitter_card":"summary_large_image","twitter_misc":{"Gesch\u00e4tzte Lesezeit":"2\u00a0Minuten"},"schema":{"@context":"https:\/\/schema.org","@graph":[{"@type":"WebPage","@id":"https:\/\/www.protect.airbus.com\/de\/ppc-cybersecurity-losungen\/","url":"https:\/\/www.protect.airbus.com\/de\/ppc-cybersecurity-losungen\/","name":"Cybersecurity-L\u00f6sungen - Airbus Protect","isPartOf":{"@id":"https:\/\/www.protect.airbus.com\/de\/#website"},"primaryImageOfPage":{"@id":"https:\/\/www.protect.airbus.com\/de\/ppc-cybersecurity-losungen\/#primaryimage"},"image":{"@id":"https:\/\/www.protect.airbus.com\/de\/ppc-cybersecurity-losungen\/#primaryimage"},"thumbnailUrl":"https:\/\/www.protect.airbus.com\/wp-content\/uploads\/2023\/04\/pentest-cver-2.png","datePublished":"2023-09-01T09:32:02+00:00","dateModified":"2023-09-04T17:27:53+00:00","description":"Unsere End-to-End-L\u00f6sungen sind so konzipiert, dass sie Ihnen helfen, die Cybersicherheit Ihres Unternehmens zu verbessern.","breadcrumb":{"@id":"https:\/\/www.protect.airbus.com\/de\/ppc-cybersecurity-losungen\/#breadcrumb"},"inLanguage":"de","potentialAction":[{"@type":"ReadAction","target":["https:\/\/www.protect.airbus.com\/de\/ppc-cybersecurity-losungen\/"]}]},{"@type":"ImageObject","inLanguage":"de","@id":"https:\/\/www.protect.airbus.com\/de\/ppc-cybersecurity-losungen\/#primaryimage","url":"https:\/\/www.protect.airbus.com\/wp-content\/uploads\/2023\/04\/pentest-cver-2.png","contentUrl":"https:\/\/www.protect.airbus.com\/wp-content\/uploads\/2023\/04\/pentest-cver-2.png","width":3793,"height":845,"caption":"penetration testing solutions by Airbus Protect"},{"@type":"BreadcrumbList","@id":"https:\/\/www.protect.airbus.com\/de\/ppc-cybersecurity-losungen\/#breadcrumb","itemListElement":[{"@type":"ListItem","position":1,"name":"Home","item":"https:\/\/www.protect.airbus.com\/de\/"},{"@type":"ListItem","position":2,"name":"Cybersecurity-L\u00f6sungen"}]},{"@type":"WebSite","@id":"https:\/\/www.protect.airbus.com\/de\/#website","url":"https:\/\/www.protect.airbus.com\/de\/","name":"Airbus Protect","description":"","publisher":{"@id":"https:\/\/www.protect.airbus.com\/de\/#organization"},"potentialAction":[{"@type":"SearchAction","target":{"@type":"EntryPoint","urlTemplate":"https:\/\/www.protect.airbus.com\/de\/?s={search_term_string}"},"query-input":{"@type":"PropertyValueSpecification","valueRequired":true,"valueName":"search_term_string"}}],"inLanguage":"de"},{"@type":"Organization","@id":"https:\/\/www.protect.airbus.com\/de\/#organization","name":"Airbus Protect","url":"https:\/\/www.protect.airbus.com\/de\/","logo":{"@type":"ImageObject","inLanguage":"de","@id":"https:\/\/www.protect.airbus.com\/de\/#\/schema\/logo\/image\/","url":"https:\/\/www.protect.airbus.com\/wp-content\/uploads\/2023\/05\/logo-airbus-protect-696-696.png","contentUrl":"https:\/\/www.protect.airbus.com\/wp-content\/uploads\/2023\/05\/logo-airbus-protect-696-696.png","width":696,"height":696,"caption":"Airbus Protect"},"image":{"@id":"https:\/\/www.protect.airbus.com\/de\/#\/schema\/logo\/image\/"},"sameAs":["https:\/\/www.linkedin.com\/company\/airbus-protect\/","https:\/\/www.youtube.com\/@airbusprotect7483"],"contactPoint":{"@type":"ContactPoint","email":"protect@airbus.com","contactType":"customer service","areaServed":["GB","FR","ES","DE","BE","CH","PT","DK","AT"],"availableLanguage":["en","fr","de"]}}]}},"_links":{"self":[{"href":"https:\/\/www.protect.airbus.com\/de\/wp-json\/wp\/v2\/pages\/7061","targetHints":{"allow":["GET"]}}],"collection":[{"href":"https:\/\/www.protect.airbus.com\/de\/wp-json\/wp\/v2\/pages"}],"about":[{"href":"https:\/\/www.protect.airbus.com\/de\/wp-json\/wp\/v2\/types\/page"}],"author":[{"embeddable":true,"href":"https:\/\/www.protect.airbus.com\/de\/wp-json\/wp\/v2\/users\/4"}],"replies":[{"embeddable":true,"href":"https:\/\/www.protect.airbus.com\/de\/wp-json\/wp\/v2\/comments?post=7061"}],"version-history":[{"count":3,"href":"https:\/\/www.protect.airbus.com\/de\/wp-json\/wp\/v2\/pages\/7061\/revisions"}],"predecessor-version":[{"id":7108,"href":"https:\/\/www.protect.airbus.com\/de\/wp-json\/wp\/v2\/pages\/7061\/revisions\/7108"}],"wp:featuredmedia":[{"embeddable":true,"href":"https:\/\/www.protect.airbus.com\/de\/wp-json\/wp\/v2\/media\/5488"}],"wp:attachment":[{"href":"https:\/\/www.protect.airbus.com\/de\/wp-json\/wp\/v2\/media?parent=7061"}],"curies":[{"name":"wp","href":"https:\/\/api.w.org\/{rel}","templated":true}]}}