{"id":6896,"date":"2022-10-07T11:28:37","date_gmt":"2022-10-07T09:28:37","guid":{"rendered":"https:\/\/www.protect.airbus.com\/download\/"},"modified":"2026-04-10T16:59:17","modified_gmt":"2026-04-10T14:59:17","slug":"download","status":"publish","type":"page","link":"https:\/\/www.protect.airbus.com\/de\/download\/","title":{"rendered":"Herunterladen"},"content":{"rendered":"<div class=\"wpb-content-wrapper\"><p>[vc_row][vc_column][vc_raw_html]JTVCdGVsZWNoYXJnZW1lbnRGaWNoaWVyJTVE[\/vc_raw_html][vc_column_text]<\/p>\n<form id=\"forminator-module-6898\" class=\"forminator-custom-form forminator-custom-form-6898\" method=\"post\" data-forminator-render=\"0\" data-uid=\"69ee1f72af556\">\n<div role=\"alert\" aria-live=\"polite\" class=\"forminator-response-message forminator-error\" aria-hidden=\"true\"><\/div>\n<\/form>\n<p>[\/vc_column_text][vc_column_text css=&#8220;&#8220;]<b>Hinweis zum Datenschutz<\/b><\/p>\n<p>\u00dcber dieses Sitzungscookie werden die in das Formular eingegebenen Informationen \u2013 sofern Sie Ihre Einwilligung erteilt haben \u2013 an Airbus Protect \u00fcbermittelt und dort ausschlie\u00dflich f\u00fcr interne Zwecke verarbeitet, um Sie in Zukunft kontaktieren zu k\u00f6nnen. Die mit einem Sternchen gekennzeichneten Angaben sind Pflichtangaben. Andernfalls k\u00f6nnen wir Ihnen nicht antworten. Ihre Einwilligung gilt nur f\u00fcr die Dauer der ge\u00f6ffneten Browsersitzung. Wenn Sie Ihre Einwilligung erteilt haben und keine weitere Kontaktaufnahme w\u00fcnschen, k\u00f6nnen Sie Ihr Recht auf Widerruf Ihrer Einwilligung aus\u00fcben, indem Sie eine E-Mail an folgende Adresse senden: \u201eairbus-protect-legal@airbus.com\u201c.<\/p>\n<p>Weitere Informationen zur Verarbeitung oder Verwaltung Ihrer Cookies durch Airbus Protect finden Sie in der <a href=\"https:\/\/www.protect.airbus.com\/de\/privacy-notice\/\">Datenschutzerkl\u00e4rung<\/a> und der <a href=\"https:\/\/www.deepl.com\/politique-de-cookies-ue\/\">Cookie-Richtlinie<\/a>.<\/p>\n<p>Wenn Sie Fragen zur Verwaltung Ihrer personenbezogenen Daten haben oder Ihre Rechte aus\u00fcben m\u00f6chten, wenden Sie sich bitte an den Datenschutzbeauftragten unter der folgenden Adresse: airbus-protect-legal@airbus.com oder senden Sie Ihre Anfrage an folgende Adresse: \u201eAirbus Protect, Datenschutzbeauftragter, 37 Avenue Escadrille Normandie Niemen, 31700 Blagnac, Frankreich\u201c[\/vc_column_text][\/vc_column][\/vc_row]<\/p>\n<\/div>","protected":false},"excerpt":{"rendered":"<p>[vc_row][vc_column][vc_raw_html]JTVCdGVsZWNoYXJnZW1lbnRGaWNoaWVyJTVE[\/vc_raw_html][vc_column_text][\/vc_column_text][vc_column_text css=&#8220;&#8220;]Hinweis zum Datenschutz \u00dcber dieses Sitzungscookie werden die in das Formular eingegebenen Informationen \u2013 sofern Sie Ihre Einwilligung erteilt haben \u2013 an Airbus Protect \u00fcbermittelt und dort ausschlie\u00dflich f\u00fcr interne Zwecke verarbeitet, um Sie in Zukunft kontaktieren zu k\u00f6nnen. Die mit einem Sternchen gekennzeichneten Angaben sind Pflichtangaben. Andernfalls k\u00f6nnen wir Ihnen nicht antworten. Ihre [&hellip;]<\/p>\n","protected":false},"author":1,"featured_media":4016,"parent":0,"menu_order":0,"comment_status":"closed","ping_status":"closed","template":"","meta":{"_acf_changed":false,"content-type":"","_relevanssi_hide_post":"","_relevanssi_hide_content":"","_relevanssi_pin_for_all":"","_relevanssi_pin_keywords":"","_relevanssi_unpin_keywords":"","_relevanssi_related_keywords":"","_relevanssi_related_include_ids":"","_relevanssi_related_exclude_ids":"","_relevanssi_related_no_append":"","_relevanssi_related_not_related":"","_relevanssi_related_posts":"","_relevanssi_noindex_reason":"Yoast SEO Relevanssi index exclude","footnotes":""},"class_list":["post-6896","page","type-page","status-publish","has-post-thumbnail","hentry"],"acf":[],"yoast_head":"<!-- This site is optimized with the Yoast SEO Premium plugin v27.4 (Yoast SEO v27.4) - https:\/\/yoast.com\/product\/yoast-seo-premium-wordpress\/ -->\n<title>Herunterladen - Airbus Protect<\/title>\n<meta name=\"robots\" content=\"noindex, nofollow\" \/>\n<meta property=\"og:locale\" content=\"de_DE\" \/>\n<meta property=\"og:type\" content=\"article\" \/>\n<meta property=\"og:title\" content=\"Herunterladen\" \/>\n<meta property=\"og:description\" content=\"[vc_row][vc_column][vc_raw_html]JTVCdGVsZWNoYXJnZW1lbnRGaWNoaWVyJTVE[\/vc_raw_html][vc_column_text][\/vc_column_text][vc_column_text css=&#8220;&#8220;]Hinweis zum Datenschutz \u00dcber dieses Sitzungscookie werden die in das Formular eingegebenen Informationen \u2013 sofern Sie Ihre Einwilligung erteilt haben \u2013 an Airbus Protect \u00fcbermittelt und dort ausschlie\u00dflich f\u00fcr interne Zwecke verarbeitet, um Sie in Zukunft kontaktieren zu k\u00f6nnen. Die mit einem Sternchen gekennzeichneten Angaben sind Pflichtangaben. Andernfalls k\u00f6nnen wir Ihnen nicht antworten. Ihre [&hellip;]\" \/>\n<meta property=\"og:url\" content=\"https:\/\/www.protect.airbus.com\/de\/download\/\" \/>\n<meta property=\"og:site_name\" content=\"Airbus Protect\" \/>\n<meta property=\"article:modified_time\" content=\"2026-04-10T14:59:17+00:00\" \/>\n<meta property=\"og:image\" content=\"https:\/\/www.protect.airbus.com\/wp-content\/uploads\/2022\/06\/header-contact.jpg\" \/>\n\t<meta property=\"og:image:width\" content=\"1920\" \/>\n\t<meta property=\"og:image:height\" content=\"577\" \/>\n\t<meta property=\"og:image:type\" content=\"image\/jpeg\" \/>\n<meta name=\"twitter:card\" content=\"summary_large_image\" \/>\n<meta name=\"twitter:label1\" content=\"Gesch\u00e4tzte Lesezeit\" \/>\n\t<meta name=\"twitter:data1\" content=\"1\u00a0Minute\" \/>\n<script type=\"application\/ld+json\" class=\"yoast-schema-graph\">{\"@context\":\"https:\\\/\\\/schema.org\",\"@graph\":[{\"@type\":\"WebPage\",\"@id\":\"https:\\\/\\\/www.protect.airbus.com\\\/de\\\/download\\\/\",\"url\":\"https:\\\/\\\/www.protect.airbus.com\\\/de\\\/download\\\/\",\"name\":\"Herunterladen - Airbus Protect\",\"isPartOf\":{\"@id\":\"https:\\\/\\\/www.protect.airbus.com\\\/de\\\/#website\"},\"primaryImageOfPage\":{\"@id\":\"https:\\\/\\\/www.protect.airbus.com\\\/de\\\/download\\\/#primaryimage\"},\"image\":{\"@id\":\"https:\\\/\\\/www.protect.airbus.com\\\/de\\\/download\\\/#primaryimage\"},\"thumbnailUrl\":\"https:\\\/\\\/www.protect.airbus.com\\\/wp-content\\\/uploads\\\/2022\\\/06\\\/header-contact.jpg\",\"datePublished\":\"2022-10-07T09:28:37+00:00\",\"dateModified\":\"2026-04-10T14:59:17+00:00\",\"breadcrumb\":{\"@id\":\"https:\\\/\\\/www.protect.airbus.com\\\/de\\\/download\\\/#breadcrumb\"},\"inLanguage\":\"de\",\"potentialAction\":[{\"@type\":\"ReadAction\",\"target\":[\"https:\\\/\\\/www.protect.airbus.com\\\/de\\\/download\\\/\"]}]},{\"@type\":\"ImageObject\",\"inLanguage\":\"de\",\"@id\":\"https:\\\/\\\/www.protect.airbus.com\\\/de\\\/download\\\/#primaryimage\",\"url\":\"https:\\\/\\\/www.protect.airbus.com\\\/wp-content\\\/uploads\\\/2022\\\/06\\\/header-contact.jpg\",\"contentUrl\":\"https:\\\/\\\/www.protect.airbus.com\\\/wp-content\\\/uploads\\\/2022\\\/06\\\/header-contact.jpg\",\"width\":1920,\"height\":577},{\"@type\":\"BreadcrumbList\",\"@id\":\"https:\\\/\\\/www.protect.airbus.com\\\/de\\\/download\\\/#breadcrumb\",\"itemListElement\":[{\"@type\":\"ListItem\",\"position\":1,\"name\":\"Home\",\"item\":\"https:\\\/\\\/www.protect.airbus.com\\\/de\\\/\"},{\"@type\":\"ListItem\",\"position\":2,\"name\":\"Herunterladen\"}]},{\"@type\":\"WebSite\",\"@id\":\"https:\\\/\\\/www.protect.airbus.com\\\/de\\\/#website\",\"url\":\"https:\\\/\\\/www.protect.airbus.com\\\/de\\\/\",\"name\":\"Airbus Protect\",\"description\":\"\",\"publisher\":{\"@id\":\"https:\\\/\\\/www.protect.airbus.com\\\/de\\\/#organization\"},\"potentialAction\":[{\"@type\":\"SearchAction\",\"target\":{\"@type\":\"EntryPoint\",\"urlTemplate\":\"https:\\\/\\\/www.protect.airbus.com\\\/de\\\/?s={search_term_string}\"},\"query-input\":{\"@type\":\"PropertyValueSpecification\",\"valueRequired\":true,\"valueName\":\"search_term_string\"}}],\"inLanguage\":\"de\"},{\"@type\":\"Organization\",\"@id\":\"https:\\\/\\\/www.protect.airbus.com\\\/de\\\/#organization\",\"name\":\"Airbus Protect\",\"url\":\"https:\\\/\\\/www.protect.airbus.com\\\/de\\\/\",\"logo\":{\"@type\":\"ImageObject\",\"inLanguage\":\"de\",\"@id\":\"https:\\\/\\\/www.protect.airbus.com\\\/de\\\/#\\\/schema\\\/logo\\\/image\\\/\",\"url\":\"https:\\\/\\\/www.protect.airbus.com\\\/wp-content\\\/uploads\\\/2023\\\/05\\\/logo-airbus-protect-696-696.png\",\"contentUrl\":\"https:\\\/\\\/www.protect.airbus.com\\\/wp-content\\\/uploads\\\/2023\\\/05\\\/logo-airbus-protect-696-696.png\",\"width\":696,\"height\":696,\"caption\":\"Airbus Protect\"},\"image\":{\"@id\":\"https:\\\/\\\/www.protect.airbus.com\\\/de\\\/#\\\/schema\\\/logo\\\/image\\\/\"},\"sameAs\":[\"https:\\\/\\\/www.linkedin.com\\\/company\\\/airbus-protect\\\/\",\"https:\\\/\\\/www.youtube.com\\\/@airbusprotect7483\"],\"contactPoint\":{\"@type\":\"ContactPoint\",\"email\":\"protect@airbus.com\",\"contactType\":\"customer service\",\"areaServed\":[\"GB\",\"FR\",\"ES\",\"DE\",\"BE\",\"CH\",\"PT\",\"DK\",\"AT\"],\"availableLanguage\":[\"en\",\"fr\",\"de\"]}}]}<\/script>\n<!-- \/ Yoast SEO Premium plugin. -->","yoast_head_json":{"title":"Herunterladen - Airbus Protect","robots":{"index":"noindex","follow":"nofollow"},"og_locale":"de_DE","og_type":"article","og_title":"Herunterladen","og_description":"[vc_row][vc_column][vc_raw_html]JTVCdGVsZWNoYXJnZW1lbnRGaWNoaWVyJTVE[\/vc_raw_html][vc_column_text][\/vc_column_text][vc_column_text css=&#8220;&#8220;]Hinweis zum Datenschutz \u00dcber dieses Sitzungscookie werden die in das Formular eingegebenen Informationen \u2013 sofern Sie Ihre Einwilligung erteilt haben \u2013 an Airbus Protect \u00fcbermittelt und dort ausschlie\u00dflich f\u00fcr interne Zwecke verarbeitet, um Sie in Zukunft kontaktieren zu k\u00f6nnen. Die mit einem Sternchen gekennzeichneten Angaben sind Pflichtangaben. Andernfalls k\u00f6nnen wir Ihnen nicht antworten. Ihre [&hellip;]","og_url":"https:\/\/www.protect.airbus.com\/de\/download\/","og_site_name":"Airbus Protect","article_modified_time":"2026-04-10T14:59:17+00:00","og_image":[{"width":1920,"height":577,"url":"https:\/\/www.protect.airbus.com\/wp-content\/uploads\/2022\/06\/header-contact.jpg","type":"image\/jpeg"}],"twitter_card":"summary_large_image","twitter_misc":{"Gesch\u00e4tzte Lesezeit":"1\u00a0Minute"},"schema":{"@context":"https:\/\/schema.org","@graph":[{"@type":"WebPage","@id":"https:\/\/www.protect.airbus.com\/de\/download\/","url":"https:\/\/www.protect.airbus.com\/de\/download\/","name":"Herunterladen - Airbus Protect","isPartOf":{"@id":"https:\/\/www.protect.airbus.com\/de\/#website"},"primaryImageOfPage":{"@id":"https:\/\/www.protect.airbus.com\/de\/download\/#primaryimage"},"image":{"@id":"https:\/\/www.protect.airbus.com\/de\/download\/#primaryimage"},"thumbnailUrl":"https:\/\/www.protect.airbus.com\/wp-content\/uploads\/2022\/06\/header-contact.jpg","datePublished":"2022-10-07T09:28:37+00:00","dateModified":"2026-04-10T14:59:17+00:00","breadcrumb":{"@id":"https:\/\/www.protect.airbus.com\/de\/download\/#breadcrumb"},"inLanguage":"de","potentialAction":[{"@type":"ReadAction","target":["https:\/\/www.protect.airbus.com\/de\/download\/"]}]},{"@type":"ImageObject","inLanguage":"de","@id":"https:\/\/www.protect.airbus.com\/de\/download\/#primaryimage","url":"https:\/\/www.protect.airbus.com\/wp-content\/uploads\/2022\/06\/header-contact.jpg","contentUrl":"https:\/\/www.protect.airbus.com\/wp-content\/uploads\/2022\/06\/header-contact.jpg","width":1920,"height":577},{"@type":"BreadcrumbList","@id":"https:\/\/www.protect.airbus.com\/de\/download\/#breadcrumb","itemListElement":[{"@type":"ListItem","position":1,"name":"Home","item":"https:\/\/www.protect.airbus.com\/de\/"},{"@type":"ListItem","position":2,"name":"Herunterladen"}]},{"@type":"WebSite","@id":"https:\/\/www.protect.airbus.com\/de\/#website","url":"https:\/\/www.protect.airbus.com\/de\/","name":"Airbus Protect","description":"","publisher":{"@id":"https:\/\/www.protect.airbus.com\/de\/#organization"},"potentialAction":[{"@type":"SearchAction","target":{"@type":"EntryPoint","urlTemplate":"https:\/\/www.protect.airbus.com\/de\/?s={search_term_string}"},"query-input":{"@type":"PropertyValueSpecification","valueRequired":true,"valueName":"search_term_string"}}],"inLanguage":"de"},{"@type":"Organization","@id":"https:\/\/www.protect.airbus.com\/de\/#organization","name":"Airbus Protect","url":"https:\/\/www.protect.airbus.com\/de\/","logo":{"@type":"ImageObject","inLanguage":"de","@id":"https:\/\/www.protect.airbus.com\/de\/#\/schema\/logo\/image\/","url":"https:\/\/www.protect.airbus.com\/wp-content\/uploads\/2023\/05\/logo-airbus-protect-696-696.png","contentUrl":"https:\/\/www.protect.airbus.com\/wp-content\/uploads\/2023\/05\/logo-airbus-protect-696-696.png","width":696,"height":696,"caption":"Airbus Protect"},"image":{"@id":"https:\/\/www.protect.airbus.com\/de\/#\/schema\/logo\/image\/"},"sameAs":["https:\/\/www.linkedin.com\/company\/airbus-protect\/","https:\/\/www.youtube.com\/@airbusprotect7483"],"contactPoint":{"@type":"ContactPoint","email":"protect@airbus.com","contactType":"customer service","areaServed":["GB","FR","ES","DE","BE","CH","PT","DK","AT"],"availableLanguage":["en","fr","de"]}}]}},"_links":{"self":[{"href":"https:\/\/www.protect.airbus.com\/de\/wp-json\/wp\/v2\/pages\/6896","targetHints":{"allow":["GET"]}}],"collection":[{"href":"https:\/\/www.protect.airbus.com\/de\/wp-json\/wp\/v2\/pages"}],"about":[{"href":"https:\/\/www.protect.airbus.com\/de\/wp-json\/wp\/v2\/types\/page"}],"author":[{"embeddable":true,"href":"https:\/\/www.protect.airbus.com\/de\/wp-json\/wp\/v2\/users\/1"}],"replies":[{"embeddable":true,"href":"https:\/\/www.protect.airbus.com\/de\/wp-json\/wp\/v2\/comments?post=6896"}],"version-history":[{"count":3,"href":"https:\/\/www.protect.airbus.com\/de\/wp-json\/wp\/v2\/pages\/6896\/revisions"}],"predecessor-version":[{"id":52708,"href":"https:\/\/www.protect.airbus.com\/de\/wp-json\/wp\/v2\/pages\/6896\/revisions\/52708"}],"wp:featuredmedia":[{"embeddable":true,"href":"https:\/\/www.protect.airbus.com\/de\/wp-json\/wp\/v2\/media\/4016"}],"wp:attachment":[{"href":"https:\/\/www.protect.airbus.com\/de\/wp-json\/wp\/v2\/media?parent=6896"}],"curies":[{"name":"wp","href":"https:\/\/api.w.org\/{rel}","templated":true}]}}