{"id":6869,"date":"2022-05-30T10:50:49","date_gmt":"2022-05-30T08:50:49","guid":{"rendered":"https:\/\/www.protect.airbus.com\/news-and-events\/"},"modified":"2024-08-01T15:11:49","modified_gmt":"2024-08-01T13:11:49","slug":"news-veranstaltungen","status":"publish","type":"page","link":"https:\/\/www.protect.airbus.com\/de\/news-veranstaltungen\/","title":{"rendered":"News\/Veranstaltungen"},"content":{"rendered":"<div class=\"wpb-content-wrapper\"><p>[vc_row][vc_column]<div class=\"blocList blocListPost bgColorGreyBlue\">\n            <form class=\"searchFormBlocList  displayNone searchFormBlocListBlog\" method=\"post\" action=\"https:\/\/www.protect.airbus.com\/de\/news-veranstaltungen\/\" id=\"search_69e03000cf6e1\" enctype=\"multipart\/form-data\">\n            <div class=\"searchLine\"><div><span class=\"custom-dropdown\"><select name=\"categoryPost\" class=\"custom-dropdown__select dw_category\">\n                    <option value=\"\" selected=\"selected\">Thema<\/option>\n                    <option value=\"cybersecurity-de\" >Cybersecurity<\/option>                <\/select><\/span><\/div><div><span class=\"custom-dropdown\"><select name=\"datePost\" class=\"custom-dropdown__select dw_date\">\n                    <option value=\"\" selected=\"selected\">Datum<\/option>\n                        <option value=\"2024-09\" >September 2024<\/option><option value=\"2024-03\" >M\u00e4rz 2024<\/option><option value=\"2023-08\" >August 2023<\/option>                <\/select><\/span><\/div>                <div class=\"btSubmit\">\n                    <button type=\"submit\">Filter<\/button>\n                <\/div>\n            <\/div>\n        <\/form>\n                    <div data-vc-full-width=\"true\" data-vc-full-width-init=\"false\" id=\"headerBlogHighlight\" class=\"vc_row wpb_row vc_row-fluid\">\n                <div class=\"wpb_column vc_column_container vc_col-sm-12\">\n                    <div class=\"vc_column-inner\">\n                        <div class=\"wpb_wrapper\">\n                            <div id=\"blogHighlight\">\n                                    <div class=\"vc_row\"><div class=\"vc_column_container\"><div class=\"vc_column-inner\"><ol class=\"breadcrumb\">\n        <li><a href=\"\/de\/\">Home<\/a><\/li>\n        <li>News\/Veranstaltungen<\/li>    <\/ol><\/div><\/div><\/div>\n                                                                    <div id=\"detailActuDate\">On 20.09.2024<\/div>\n                                                                <div id=\"detailActuCategory\">\n                                    <span class=\"category\">Cybersecurity<\/span>                                <\/div>\n                                <div id=\"DetailActuTitre\"><h2>Besuchen Sie uns auf der it-sa Expo&#038;Congress \u2013 Airbus Protect stellt aus!<\/h2><\/div>\n                                <div id=\"DetailActuImage\">\n                                    <img loading=\"lazy\" decoding=\"async\" width=\"800\" height=\"300\" src=\"https:\/\/www.protect.airbus.com\/wp-content\/uploads\/2024\/09\/blog-banner-21.png\" class=\" wp-post-image\" alt=\"IT-SA 2024\" id=\"imgNewsDetail\" srcset=\"https:\/\/www.protect.airbus.com\/wp-content\/uploads\/2024\/09\/blog-banner-21.png 800w, https:\/\/www.protect.airbus.com\/wp-content\/uploads\/2024\/09\/blog-banner-21-300x113.png 300w, https:\/\/www.protect.airbus.com\/wp-content\/uploads\/2024\/09\/blog-banner-21-768x288.png 768w\" sizes=\"auto, (max-width: 800px) 100vw, 800px\" \/>                                <\/div>\n                            <\/div>\n                        <\/div>\n                    <\/div>\n                <\/div>\n            <\/div>\n            <div class=\"vc_row-full-width vc_clearfix\"><\/div>\n\n\n            <div id=\"contenuDetailActuColonneImage\">\n                <div id=\"BlogDetailColonneAccrocheRS\">\n                    <div id=\"contenuDetailActuAccroche\">\n                        <div id=\"DetailActuAccroche\">\n                            <div class=\"standard\"><p>[vc_row][vc_column][vc_column_text css=&#8220;&#8220;]Auch in diesem Jahr wird Airbus Protect wieder auf der it-sa Expo&amp;Congress (22.-24. Oktober), Europas f\u00fchrender Fachmesse f\u00fcr IT-Sicherheit, vertreten sein. Erfahren Sie hier, wie Sie unser Team vor Ort treffen k\u00f6nnen\u2026 Besuchen Sie uns Sie finden Airbus Protect am Stand 7A-409, am Gemeinschaftsstand der Bitkom.[\/vc_column_text][vc_column_text css=&#8220;&#8220;] Exklusiver Vortrag von Markus Neumaier NIS2-Meldepflichten und [&hellip;]<\/p>\n<\/div>                        <\/div>\n                        <div id=\"continueReading\"><a href=\"https:\/\/www.protect.airbus.com\/de\/it-sa-expocongress-2024\/\" class=\"button btReadMore\">Weiterlesen<\/a><\/div>\n                    <\/div>\n                    <div id=\"headerBtActionBlogDetail\">\n                        <ul>\n                            <li>Teilen<\/li><li><button type=\"button\" class=\"btTwitter\" onclick=\"fctPartagerTwitter('Besuchen+Sie+uns+auf+der+it-sa+Expo%26%23038%3BCongress+%E2%80%93+Airbus+Protect+stellt+aus%21','https%3A%2F%2Fwww.protect.airbus.com%2Fde%2Fit-sa-expocongress-2024%2F')\" \/><\/li><li><button type=\"button\" class=\"btFacebook\" onclick=\"fctPartagerFacebook('https%3A%2F%2Fwww.protect.airbus.com%2Fde%2Fit-sa-expocongress-2024%2F')\" \/><\/li><li><button type=\"button\" class=\"btLinkedin\" onclick=\"fctPartagerLinkedin('Besuchen+Sie+uns+auf+der+it-sa+Expo%26%23038%3BCongress+%E2%80%93+Airbus+Protect+stellt+aus%21','Auch+in+diesem+Jahr+wird+Airbus+Protect+wieder+auf+der+it-sa+Expo%26amp%3BCongress+%2822.-24.+Oktober%29%2C+Europas+f%C3%BChrender+Fachmesse+f%C3%BCr+IT-Sicherheit%2C+%5B...%5D','https%3A%2F%2Fwww.protect.airbus.com%2Fde%2Fit-sa-expocongress-2024%2F')\" \/><\/li>\n                        <\/ul>\n                    <\/div>\n                <\/div>\n            <\/div>\n            <div id=\"conteneurTitleDiscoverMoreBlog\"><h2 id=\"titleDiscoverMoreBlog\">Entdecken Sie die neuesten Beitr\u00e4ge<\/h2><\/div><div class=\"blocListItems\"><article class=\"blocListItem\" onclick=\"document.location.href='https:\/\/www.protect.airbus.com\/de\/airbus-protect-takes-part-in-cyber-phoenix-a-german-armed-forces-exercise\/';\" ><div class=\"blocListItem_sousconteneur\">\n                        <img loading=\"lazy\" decoding=\"async\" width=\"356\" height=\"225\" src=\"https:\/\/www.protect.airbus.com\/wp-content\/uploads\/2024\/05\/header_innovation-356x225.jpg\" class=\"attachment-post-list size-post-list wp-post-image\" alt=\"\" srcset=\"https:\/\/www.protect.airbus.com\/wp-content\/uploads\/2024\/05\/header_innovation-356x225.jpg 356w, https:\/\/www.protect.airbus.com\/wp-content\/uploads\/2024\/05\/header_innovation-500x316.jpg 500w\" sizes=\"auto, (max-width: 356px) 100vw, 356px\" \/>            <span class=\"category\">Cybersecurity<\/span>            <h3><a href=\"https:\/\/www.protect.airbus.com\/de\/airbus-protect-takes-part-in-cyber-phoenix-a-german-armed-forces-exercise\/\">Airbus Protect nimmt an \u201cCyber Phoenix\u201d-\u00dcbung der Bundeswehr teil<\/a><\/h3>\n            <p><p>Foto: Fabian Riediger-Pleqi, Bundeswehr &nbsp; Cyber Phoenix: Die Abwehr von Angriffen trainieren Airbus Protect hatte die gro\u00dfe Freude, an der Cyber Phoenix 2024 mitzuwirken \u2013 einer von der Bundeswehr organisierten \u00dcbung, die als Plattform f\u00fcr den internationalen Austausch im Bereich Cybersicherheit dient. Ziel dieser \u00dcbung ist es, realistische Bedrohungsszenarien zu simulieren und gemeinsam mit Vertretern [&hellip;]<\/p>\n<\/p>                        <span class=\"btReadMore\">Mehr erfahren<\/span>            <\/div><\/article><article class=\"blocListItem\" onclick=\"document.location.href='https:\/\/www.protect.airbus.com\/de\/hannover-messe-2024\/';\" ><div class=\"blocListItem_sousconteneur\">\n                        <img loading=\"lazy\" decoding=\"async\" width=\"356\" height=\"225\" src=\"https:\/\/www.protect.airbus.com\/wp-content\/uploads\/2024\/03\/hannover-messe-banner-356x225.png\" class=\"attachment-post-list size-post-list wp-post-image\" alt=\"Hannover Messe 2024\" srcset=\"https:\/\/www.protect.airbus.com\/wp-content\/uploads\/2024\/03\/hannover-messe-banner-356x225.png 356w, https:\/\/www.protect.airbus.com\/wp-content\/uploads\/2024\/03\/hannover-messe-banner-500x316.png 500w\" sizes=\"auto, (max-width: 356px) 100vw, 356px\" \/>            <span class=\"category\">Cybersecurity<\/span>            <h3><a href=\"https:\/\/www.protect.airbus.com\/de\/hannover-messe-2024\/\">Sprechen Sie mit unserem Team auf der Hannover Messe 2024 \u00fcber Ihre Herausforderungen im Bereich Cybersecurity<\/a><\/h3>\n            <p><p>[vc_row][vc_column][vc_column_text] Besuchen Sie uns in Halle 16 an Stand A12 (29) und erfahren Sie, wie Airbus Protect helfen kann, Ihr Unternehmen zu sch\u00fctzen. Um sich f\u00fcr die Veranstaltung kostenlos anzumelden, klicken Sie bitte hier. Um einen Termin mit unserem Team zu vereinbaren, f\u00fcllen Sie bitte dieses Formular aus: [\/vc_column_text][\/vc_column][\/vc_row]<\/p>\n<\/p>                        <span class=\"btReadMore\">Mehr erfahren<\/span>            <\/div><\/article><article class=\"blocListItem\" onclick=\"document.location.href='https:\/\/www.protect.airbus.com\/de\/it-sa-2023-cybersecurity\/';\" ><div class=\"blocListItem_sousconteneur\">\n                        <img loading=\"lazy\" decoding=\"async\" width=\"356\" height=\"225\" src=\"https:\/\/www.protect.airbus.com\/wp-content\/uploads\/2023\/08\/IT-SA-2023-2-356x225.png\" class=\"attachment-post-list size-post-list wp-post-image\" alt=\"come and meet us at it-sa\" srcset=\"https:\/\/www.protect.airbus.com\/wp-content\/uploads\/2023\/08\/IT-SA-2023-2-356x225.png 356w, https:\/\/www.protect.airbus.com\/wp-content\/uploads\/2023\/08\/IT-SA-2023-2-500x316.png 500w\" sizes=\"auto, (max-width: 356px) 100vw, 356px\" \/>            <span class=\"category\">Cybersecurity<\/span>            <h3><a href=\"https:\/\/www.protect.airbus.com\/de\/it-sa-2023-cybersecurity\/\">Sprechen Sie mit unserem Team auf der IT-SA 2023 \u00fcber Ihre Anliegen im Bereich Cybersecurity<\/a><\/h3>\n            <p><p>[vc_row][vc_column][vc_column_text] Vom 10. Bis 12. Oktober sind wir auf Europas f\u00fchrender Fachmesse f\u00fcr IT-Sicherheit in N\u00fcrnberg dabei, um unser ganzheitliches Portfolio im Bereich Cybersecurity vorzustellen und Ihre Fragen zu beantworten. Wir freuen uns, bekannt zu geben, dass Airbus Protect auch in diesem Jahr wieder als stolzer Aussteller auf der it-sa Expo&amp;Congress vertreten sein wird! Sie [&hellip;]<\/p>\n<\/p>                        <span class=\"btReadMore\">Mehr erfahren<\/span>            <\/div><\/article><\/div>\n                <\/div>[\/vc_column][\/vc_row]<\/p>\n<\/div>","protected":false},"excerpt":{"rendered":"<p>[vc_row][vc_column][\/vc_column][\/vc_row]<\/p>\n","protected":false},"author":1,"featured_media":4038,"parent":0,"menu_order":0,"comment_status":"closed","ping_status":"closed","template":"page-list-news-event.php","meta":{"_acf_changed":false,"content-type":"","_relevanssi_hide_post":"","_relevanssi_hide_content":"","_relevanssi_pin_for_all":"","_relevanssi_pin_keywords":"","_relevanssi_unpin_keywords":"","_relevanssi_related_keywords":"","_relevanssi_related_include_ids":"","_relevanssi_related_exclude_ids":"","_relevanssi_related_no_append":"","_relevanssi_related_not_related":"","_relevanssi_related_posts":"","_relevanssi_noindex_reason":"","footnotes":""},"class_list":["post-6869","page","type-page","status-publish","has-post-thumbnail","hentry"],"acf":[],"yoast_head":"<!-- This site is optimized with the Yoast SEO Premium plugin v27.3 (Yoast SEO v27.3) - https:\/\/yoast.com\/product\/yoast-seo-premium-wordpress\/ -->\n<title>News\/Veranstaltungen - Airbus Protect<\/title>\n<meta name=\"robots\" content=\"index, follow, max-snippet:-1, max-image-preview:large, max-video-preview:-1\" \/>\n<link rel=\"canonical\" href=\"https:\/\/www.protect.airbus.com\/de\/news-veranstaltungen\/\" \/>\n<meta property=\"og:locale\" content=\"de_DE\" \/>\n<meta property=\"og:type\" content=\"article\" \/>\n<meta property=\"og:title\" content=\"News\/Veranstaltungen\" \/>\n<meta property=\"og:description\" content=\"[vc_row][vc_column][\/vc_column][\/vc_row]\" \/>\n<meta property=\"og:url\" content=\"https:\/\/www.protect.airbus.com\/de\/news-veranstaltungen\/\" \/>\n<meta property=\"og:site_name\" content=\"Airbus Protect\" \/>\n<meta property=\"article:modified_time\" content=\"2024-08-01T13:11:49+00:00\" \/>\n<meta property=\"og:image\" content=\"https:\/\/www.protect.airbus.com\/wp-content\/uploads\/2022\/06\/header-news-event.jpg\" \/>\n\t<meta property=\"og:image:width\" content=\"1920\" \/>\n\t<meta property=\"og:image:height\" content=\"358\" \/>\n\t<meta property=\"og:image:type\" content=\"image\/jpeg\" \/>\n<meta name=\"twitter:card\" content=\"summary_large_image\" \/>\n<meta name=\"twitter:label1\" content=\"Gesch\u00e4tzte Lesezeit\" \/>\n\t<meta name=\"twitter:data1\" content=\"1\u00a0Minute\" \/>\n<script type=\"application\/ld+json\" class=\"yoast-schema-graph\">{\"@context\":\"https:\\\/\\\/schema.org\",\"@graph\":[{\"@type\":\"WebPage\",\"@id\":\"https:\\\/\\\/www.protect.airbus.com\\\/de\\\/news-veranstaltungen\\\/\",\"url\":\"https:\\\/\\\/www.protect.airbus.com\\\/de\\\/news-veranstaltungen\\\/\",\"name\":\"News\\\/Veranstaltungen - Airbus Protect\",\"isPartOf\":{\"@id\":\"https:\\\/\\\/www.protect.airbus.com\\\/de\\\/#website\"},\"primaryImageOfPage\":{\"@id\":\"https:\\\/\\\/www.protect.airbus.com\\\/de\\\/news-veranstaltungen\\\/#primaryimage\"},\"image\":{\"@id\":\"https:\\\/\\\/www.protect.airbus.com\\\/de\\\/news-veranstaltungen\\\/#primaryimage\"},\"thumbnailUrl\":\"https:\\\/\\\/www.protect.airbus.com\\\/wp-content\\\/uploads\\\/2022\\\/06\\\/header-news-event.jpg\",\"datePublished\":\"2022-05-30T08:50:49+00:00\",\"dateModified\":\"2024-08-01T13:11:49+00:00\",\"breadcrumb\":{\"@id\":\"https:\\\/\\\/www.protect.airbus.com\\\/de\\\/news-veranstaltungen\\\/#breadcrumb\"},\"inLanguage\":\"de\",\"potentialAction\":[{\"@type\":\"ReadAction\",\"target\":[\"https:\\\/\\\/www.protect.airbus.com\\\/de\\\/news-veranstaltungen\\\/\"]}]},{\"@type\":\"ImageObject\",\"inLanguage\":\"de\",\"@id\":\"https:\\\/\\\/www.protect.airbus.com\\\/de\\\/news-veranstaltungen\\\/#primaryimage\",\"url\":\"https:\\\/\\\/www.protect.airbus.com\\\/wp-content\\\/uploads\\\/2022\\\/06\\\/header-news-event.jpg\",\"contentUrl\":\"https:\\\/\\\/www.protect.airbus.com\\\/wp-content\\\/uploads\\\/2022\\\/06\\\/header-news-event.jpg\",\"width\":1920,\"height\":358},{\"@type\":\"BreadcrumbList\",\"@id\":\"https:\\\/\\\/www.protect.airbus.com\\\/de\\\/news-veranstaltungen\\\/#breadcrumb\",\"itemListElement\":[{\"@type\":\"ListItem\",\"position\":1,\"name\":\"Home\",\"item\":\"https:\\\/\\\/www.protect.airbus.com\\\/de\\\/\"},{\"@type\":\"ListItem\",\"position\":2,\"name\":\"News\\\/Veranstaltungen\"}]},{\"@type\":\"WebSite\",\"@id\":\"https:\\\/\\\/www.protect.airbus.com\\\/de\\\/#website\",\"url\":\"https:\\\/\\\/www.protect.airbus.com\\\/de\\\/\",\"name\":\"Airbus Protect\",\"description\":\"\",\"publisher\":{\"@id\":\"https:\\\/\\\/www.protect.airbus.com\\\/de\\\/#organization\"},\"potentialAction\":[{\"@type\":\"SearchAction\",\"target\":{\"@type\":\"EntryPoint\",\"urlTemplate\":\"https:\\\/\\\/www.protect.airbus.com\\\/de\\\/?s={search_term_string}\"},\"query-input\":{\"@type\":\"PropertyValueSpecification\",\"valueRequired\":true,\"valueName\":\"search_term_string\"}}],\"inLanguage\":\"de\"},{\"@type\":\"Organization\",\"@id\":\"https:\\\/\\\/www.protect.airbus.com\\\/de\\\/#organization\",\"name\":\"Airbus Protect\",\"url\":\"https:\\\/\\\/www.protect.airbus.com\\\/de\\\/\",\"logo\":{\"@type\":\"ImageObject\",\"inLanguage\":\"de\",\"@id\":\"https:\\\/\\\/www.protect.airbus.com\\\/de\\\/#\\\/schema\\\/logo\\\/image\\\/\",\"url\":\"https:\\\/\\\/www.protect.airbus.com\\\/wp-content\\\/uploads\\\/2023\\\/05\\\/logo-airbus-protect-696-696.png\",\"contentUrl\":\"https:\\\/\\\/www.protect.airbus.com\\\/wp-content\\\/uploads\\\/2023\\\/05\\\/logo-airbus-protect-696-696.png\",\"width\":696,\"height\":696,\"caption\":\"Airbus Protect\"},\"image\":{\"@id\":\"https:\\\/\\\/www.protect.airbus.com\\\/de\\\/#\\\/schema\\\/logo\\\/image\\\/\"},\"sameAs\":[\"https:\\\/\\\/www.linkedin.com\\\/company\\\/airbus-protect\\\/\",\"https:\\\/\\\/www.youtube.com\\\/@airbusprotect7483\"],\"contactPoint\":{\"@type\":\"ContactPoint\",\"email\":\"protect@airbus.com\",\"contactType\":\"customer service\",\"areaServed\":[\"GB\",\"FR\",\"ES\",\"DE\",\"BE\",\"CH\",\"PT\",\"DK\",\"AT\"],\"availableLanguage\":[\"en\",\"fr\",\"de\"]}}]}<\/script>\n<!-- \/ Yoast SEO Premium plugin. -->","yoast_head_json":{"title":"News\/Veranstaltungen - Airbus Protect","robots":{"index":"index","follow":"follow","max-snippet":"max-snippet:-1","max-image-preview":"max-image-preview:large","max-video-preview":"max-video-preview:-1"},"canonical":"https:\/\/www.protect.airbus.com\/de\/news-veranstaltungen\/","og_locale":"de_DE","og_type":"article","og_title":"News\/Veranstaltungen","og_description":"[vc_row][vc_column][\/vc_column][\/vc_row]","og_url":"https:\/\/www.protect.airbus.com\/de\/news-veranstaltungen\/","og_site_name":"Airbus Protect","article_modified_time":"2024-08-01T13:11:49+00:00","og_image":[{"width":1920,"height":358,"url":"https:\/\/www.protect.airbus.com\/wp-content\/uploads\/2022\/06\/header-news-event.jpg","type":"image\/jpeg"}],"twitter_card":"summary_large_image","twitter_misc":{"Gesch\u00e4tzte Lesezeit":"1\u00a0Minute"},"schema":{"@context":"https:\/\/schema.org","@graph":[{"@type":"WebPage","@id":"https:\/\/www.protect.airbus.com\/de\/news-veranstaltungen\/","url":"https:\/\/www.protect.airbus.com\/de\/news-veranstaltungen\/","name":"News\/Veranstaltungen - Airbus Protect","isPartOf":{"@id":"https:\/\/www.protect.airbus.com\/de\/#website"},"primaryImageOfPage":{"@id":"https:\/\/www.protect.airbus.com\/de\/news-veranstaltungen\/#primaryimage"},"image":{"@id":"https:\/\/www.protect.airbus.com\/de\/news-veranstaltungen\/#primaryimage"},"thumbnailUrl":"https:\/\/www.protect.airbus.com\/wp-content\/uploads\/2022\/06\/header-news-event.jpg","datePublished":"2022-05-30T08:50:49+00:00","dateModified":"2024-08-01T13:11:49+00:00","breadcrumb":{"@id":"https:\/\/www.protect.airbus.com\/de\/news-veranstaltungen\/#breadcrumb"},"inLanguage":"de","potentialAction":[{"@type":"ReadAction","target":["https:\/\/www.protect.airbus.com\/de\/news-veranstaltungen\/"]}]},{"@type":"ImageObject","inLanguage":"de","@id":"https:\/\/www.protect.airbus.com\/de\/news-veranstaltungen\/#primaryimage","url":"https:\/\/www.protect.airbus.com\/wp-content\/uploads\/2022\/06\/header-news-event.jpg","contentUrl":"https:\/\/www.protect.airbus.com\/wp-content\/uploads\/2022\/06\/header-news-event.jpg","width":1920,"height":358},{"@type":"BreadcrumbList","@id":"https:\/\/www.protect.airbus.com\/de\/news-veranstaltungen\/#breadcrumb","itemListElement":[{"@type":"ListItem","position":1,"name":"Home","item":"https:\/\/www.protect.airbus.com\/de\/"},{"@type":"ListItem","position":2,"name":"News\/Veranstaltungen"}]},{"@type":"WebSite","@id":"https:\/\/www.protect.airbus.com\/de\/#website","url":"https:\/\/www.protect.airbus.com\/de\/","name":"Airbus Protect","description":"","publisher":{"@id":"https:\/\/www.protect.airbus.com\/de\/#organization"},"potentialAction":[{"@type":"SearchAction","target":{"@type":"EntryPoint","urlTemplate":"https:\/\/www.protect.airbus.com\/de\/?s={search_term_string}"},"query-input":{"@type":"PropertyValueSpecification","valueRequired":true,"valueName":"search_term_string"}}],"inLanguage":"de"},{"@type":"Organization","@id":"https:\/\/www.protect.airbus.com\/de\/#organization","name":"Airbus Protect","url":"https:\/\/www.protect.airbus.com\/de\/","logo":{"@type":"ImageObject","inLanguage":"de","@id":"https:\/\/www.protect.airbus.com\/de\/#\/schema\/logo\/image\/","url":"https:\/\/www.protect.airbus.com\/wp-content\/uploads\/2023\/05\/logo-airbus-protect-696-696.png","contentUrl":"https:\/\/www.protect.airbus.com\/wp-content\/uploads\/2023\/05\/logo-airbus-protect-696-696.png","width":696,"height":696,"caption":"Airbus Protect"},"image":{"@id":"https:\/\/www.protect.airbus.com\/de\/#\/schema\/logo\/image\/"},"sameAs":["https:\/\/www.linkedin.com\/company\/airbus-protect\/","https:\/\/www.youtube.com\/@airbusprotect7483"],"contactPoint":{"@type":"ContactPoint","email":"protect@airbus.com","contactType":"customer service","areaServed":["GB","FR","ES","DE","BE","CH","PT","DK","AT"],"availableLanguage":["en","fr","de"]}}]}},"_links":{"self":[{"href":"https:\/\/www.protect.airbus.com\/de\/wp-json\/wp\/v2\/pages\/6869","targetHints":{"allow":["GET"]}}],"collection":[{"href":"https:\/\/www.protect.airbus.com\/de\/wp-json\/wp\/v2\/pages"}],"about":[{"href":"https:\/\/www.protect.airbus.com\/de\/wp-json\/wp\/v2\/types\/page"}],"author":[{"embeddable":true,"href":"https:\/\/www.protect.airbus.com\/de\/wp-json\/wp\/v2\/users\/1"}],"replies":[{"embeddable":true,"href":"https:\/\/www.protect.airbus.com\/de\/wp-json\/wp\/v2\/comments?post=6869"}],"version-history":[{"count":4,"href":"https:\/\/www.protect.airbus.com\/de\/wp-json\/wp\/v2\/pages\/6869\/revisions"}],"predecessor-version":[{"id":15415,"href":"https:\/\/www.protect.airbus.com\/de\/wp-json\/wp\/v2\/pages\/6869\/revisions\/15415"}],"wp:featuredmedia":[{"embeddable":true,"href":"https:\/\/www.protect.airbus.com\/de\/wp-json\/wp\/v2\/media\/4038"}],"wp:attachment":[{"href":"https:\/\/www.protect.airbus.com\/de\/wp-json\/wp\/v2\/media?parent=6869"}],"curies":[{"name":"wp","href":"https:\/\/api.w.org\/{rel}","templated":true}]}}