{"id":6843,"date":"2023-07-07T17:51:08","date_gmt":"2023-07-07T15:51:08","guid":{"rendered":"https:\/\/www.protect.airbus.com\/sustainability\/modelling-hazardous-phenomena\/"},"modified":"2024-01-24T15:37:53","modified_gmt":"2024-01-24T14:37:53","slug":"modellierung-gefaehrlicher-phaenomene","status":"publish","type":"page","link":"https:\/\/www.protect.airbus.com\/de\/sustainability\/modellierung-gefaehrlicher-phaenomene\/","title":{"rendered":"Modellierung gef\u00e4hrlicher Ph\u00e4nomene"},"content":{"rendered":"<div class=\"wpb-content-wrapper\"><p>[vc_row][vc_column][vc_column_text h2_style=&#8220;h2Big&#8220; css=&#8220;.vc_custom_1692196925597{margin-bottom: 0px !important;padding-bottom: 0px !important;}&#8220;]<\/p>\n<h2>Modellierung der Folgen von Zufallsph\u00e4nomenen<\/h2>\n<p>[\/vc_column_text][vc_column_text p_style=&#8220;pBig&#8220;]<span style=\"font-weight: 400;\">Angefangen bei Reputationssch\u00e4den bis hin zu unvorhergesehenen Kosten k\u00f6nnen erh\u00f6hte Risiken und Bedrohungen im Zusammenhang mit der Durchf\u00fchrung von Industrieprojekten dramatische Folgen haben. Aus diesem Grund erfordern die Risikomanagementstrategien der Industrie von heute die Aufmerksamkeit der F\u00fchrungsebene<\/span>[\/vc_column_text][vc_column_text h2_style=&#8220;h2Big&#8220; css=&#8220;.vc_custom_1692196960644{margin-bottom: 0px !important;padding-bottom: 0px !important;}&#8220;]<\/p>\n<h3>Wir sind Wegbereiter<\/h3>\n<p>[\/vc_column_text][vc_column_text p_style=&#8220;pHighlight&#8220;]Wir sind stolz, dass wir einen integrierten Modellierungsansatz entwickelt haben, der auf jahrelanger Erfahrung in der Modellierung komplexer Szenarien in den kritischsten Branchen beruht und von unseren Kunden anerkannt wird.[\/vc_column_text][vc_column_text h2_style=&#8220;h2Big&#8220; css=&#8220;.vc_custom_1692197044315{margin-bottom: 0px !important;padding-bottom: 0px !important;}&#8220;]<\/p>\n<h3>Warum Airbus Protect?<\/h3>\n<p>[\/vc_column_text][vc_column_text p_style=&#8220;pHighlight&#8220;]Um Risiken besser vorzubeugen und die Auslegung und Gestaltung von Anlagen zu optimieren, konzentrieren wir uns auf die folgenden Bereiche:[\/vc_column_text][vc_column_text]<\/p>\n<ul>\n<li><span style=\"font-weight: 400;\">Analyse von Gefahrenph\u00e4nomenen und Quantifizierung m\u00f6glicher Auswirkungen<\/span><\/li>\n<li><span style=\"font-weight: 400;\">Vorhersage der Folgen eines Unfallszenarios<\/span><\/li>\n<li><span style=\"font-weight: 400;\">Einsch\u00e4tzung der Gef\u00e4hrdung eines Standorts durch Feuer, Explosionen und die Ausbreitung toxischer Produkte<\/span><\/li>\n<li>Positionierung von Sensoren zur Gas- und Flammenerkennung&#8230;<\/li>\n<\/ul>\n<p>[\/vc_column_text][vc_column_text h2_style=&#8220;h2Big&#8220; css=&#8220;.vc_custom_1692197097603{margin-bottom: 0px !important;padding-bottom: 0px !important;}&#8220;]<\/p>\n<h3>Unser Angebot<\/h3>\n<p>[\/vc_column_text][vc_column_text p_style=&#8220;pHighlight&#8220;]Unsere hochqualifizierten Consultants, Expertinnen und Experten sowie Trainerinnen und Trainer k\u00f6nnen Ihnen helfen, Risiken zu managen und zu mindern und die Folgen eines gef\u00e4hrlichen Szenarios vorherzusagen. Unser Angebot umfasst:[\/vc_column_text][vc_column_text]<\/p>\n<ul>\n<li><span style=\"font-weight: 400;\">Thermische Effekte (Feuer, Flammenstrahl, Blitzfeuer, Feuerball&#8230;)<\/span><\/li>\n<li><span style=\"font-weight: 400;\">Auswirkungen von \u00dcberdruckwellen (Explosionen, BLEVE, UVCE&#8230;)<\/span><\/li>\n<li><span style=\"font-weight: 400;\">Unbeabsichtigte atmosph\u00e4rische Ausbreitung (toxische Produkte, Staub&#8230;)<\/span><\/li>\n<li><span style=\"font-weight: 400;\">Konzentration giftiger und\/oder brennbarer Stoffe in einem Raum<\/span><\/li>\n<li><span style=\"font-weight: 400;\">Pyrotechnische Effekte \/ Ballistik (Sprengstoff, Windpark&#8230;)<\/span><\/li>\n<li><span style=\"font-weight: 400;\">2D\/3D-Modellierung: PHAST, FDS, Flumilog, Winvent, CFAST&#8230;<\/span><\/li>\n<\/ul>\n<p>[\/vc_column_text]    <div class=\"hightlightBracket\">\n        <div class=\"glyphe\"><\/div>\n        <div class=\"highlight\"><p>Nehmen Sie Kontakt auf und erfahren Sie, wie wir Sie unterst\u00fctzen k\u00f6nnen<\/p><\/div>\n    <\/div>\n    <div class=\"divBtCTA btAlignCenter\"><a href=\"https:\/\/www.protect.airbus.com\/de\/kontakt\/\"  class=\"button btAuto\">Kontakt aufnehmen<\/a><\/div><div class=\"whatsNew\" id=\"whatsnew_69f36f29a310e\">\n    <div class=\"lineTitleFilter\">\n        <div id=\"conteneur_h2_WhatsNew\"><h2>Was gibt&#039;s Neues?<\/h2><\/div>\n        <div id=\"conteneur_FiltreWhatsNew\">\n\t\t\t<div class=\"filterWhatsNew\"><span>Filter<\/span>\n\t\t\t\t<ul>\n\t\t\t\t\t<li><button type=\"button\" class=\"btFilter bfFilterNews\" onclick=\"fctFilterWhatsNew('news','allCategories','whatsnew_69f36f29a310e')\">News<\/button><\/li>\n\t\t\t\t\t<li><button type=\"button\" class=\"btFilter bfFilterWhitePaper\" onclick=\"fctFilterWhatsNew('whitepaper','allCategories','whatsnew_69f36f29a310e')\">White paper<\/button><\/li>\n\t\t\t\t\t<li><button type=\"button\" class=\"btFilter bfFilterBlog\" onclick=\"fctFilterWhatsNew('blog','allCategories','whatsnew_69f36f29a310e')\">Blog<\/button><\/li>\n\t\t\t\t\t<li><button type=\"button\" class=\"btFilter bfFilterEvent\" onclick=\"fctFilterWhatsNew('event','allCategories','whatsnew_69f36f29a310e')\">Events<\/button><\/li>\n\t\t\t\t<\/ul><\/div>\n\t\t\t<div id=\"whathsnew_glyphe\"><\/div>\n\t\t<\/div>\n    <\/div>\n\t\n    <div class=\"listWhatsNew\">\n    <article id=\"whatsnew_item_8010\">\n    <span class=\"whatsNewType\">Blog<\/span>\n    <a href=\"https:\/\/www.protect.airbus.com\/de\/blog\/3-questions-1-expert-pierre-wolf\/\"><img loading=\"lazy\" decoding=\"async\" width=\"349\" height=\"189\" src=\"https:\/\/www.protect.airbus.com\/wp-content\/uploads\/2023\/03\/3-questions-1-expert-Pierre-Wolf-WEBSITE-349x189.png\" class=\"attachment-post-bloc size-post-bloc wp-post-image\" alt=\"Pierre Wolf, Line Manager at Airbus Protect\" \/><\/a>\n    <div class=\"titreWN\">3 Fragen, 1 Experte: Pierre Wolf, Line Manager Modelling<\/div>\n    <p><p>Lernen Sie Pierre Wolf, Line Manager Modelling bei Airbus Protect, kennen. Erz\u00e4hlen Sie uns kurz etwas \u00fcber Ihre Funktion als Line Manager Modelling. Als Ingenieur f\u00fcr industrielle Risikomodellierung bin ich daf\u00fcr zust\u00e4ndig, gef\u00e4hrliche Ph\u00e4nomene wie Br\u00e4nde, Explosionen und Giftwolken numerisch zu modellieren, um ihre potenziellen Auswirkungen zu simulieren. Die Ergebnisse meiner Analysen werden verwendet, um: [&hellip;]<\/p>\n<\/p>\n        <div id=\"conteneur_btReadMore\"><a href=\"https:\/\/www.protect.airbus.com\/de\/blog\/3-questions-1-expert-pierre-wolf\/\" class=\"btReadMore\">Mehr erfahren<\/a><\/div><\/article>\n<article id=\"whatsnew_item_6396\">\n    <span class=\"whatsNewType\">Blog<\/span>\n    <a href=\"https:\/\/www.protect.airbus.com\/de\/blog\/cybersecurity-fachjargon-mdr-soc-edr-xdr-soar-siem\/\"><img loading=\"lazy\" decoding=\"async\" width=\"349\" height=\"189\" src=\"https:\/\/www.protect.airbus.com\/wp-content\/uploads\/2023\/04\/AdobeStock_567944606-349x189.jpeg\" class=\"attachment-post-bloc size-post-bloc wp-post-image\" alt=\"man\" \/><\/a>\n    <div class=\"titreWN\">Der Cybersecurity-Fachjargon: MDR, SOC, EDR, XDR, SOAR und SIEM.<\/div>\n    <p><p>[vc_row][vc_column][vc_column_text] MDR, SOC, EDR, XDR, SOAR and SIEM, was bedeutet das alles? Im Bereich der Cybersicherheit ist es \u00fcblich, eine Vielzahl von Akronymen mit zwei, drei oder sogar vier W\u00f6rtern zu verwenden. Wenn Sie neu in diesem Bereich sind, k\u00f6nnen diese Akronyme, gelinde gesagt, verwirrend sein. Um Ihnen die Arbeit zu erleichtern, haben wir diesen [&hellip;]<\/p>\n<\/p>\n        <div id=\"conteneur_btReadMore\"><a href=\"https:\/\/www.protect.airbus.com\/de\/blog\/cybersecurity-fachjargon-mdr-soc-edr-xdr-soar-siem\/\" class=\"btReadMore\">Mehr erfahren<\/a><\/div><\/article>\n<article id=\"whatsnew_item_6985\">\n    <span class=\"whatsNewType\">Blog<\/span>\n    <a href=\"https:\/\/www.protect.airbus.com\/de\/blog\/wissensaustausch-mit-dem-landeskriminalamt-nordrhein-westfalen-in-dusseldorf\/\"><img loading=\"lazy\" decoding=\"async\" width=\"349\" height=\"189\" src=\"https:\/\/www.protect.airbus.com\/wp-content\/uploads\/2023\/08\/Copy-of-NEW-TEMPLATE-SOCIAL-MEDIA-349x189.png\" class=\"attachment-post-bloc size-post-bloc wp-post-image\" alt=\"Knowledge exchange with the State Criminal Police Office of North Rhine-Westphalia in D\u00fcsseldorf\" \/><\/a>\n    <div class=\"titreWN\">Wissensaustausch mit dem Landeskriminalamt Nordrhein-Westfalen in D\u00fcsseldorf<\/div>\n    <p><p>Bereits im M\u00e4rz dieses Jahres fand ein erster Wissensaustausch zwischen den Teams von Airbus Protect und dem Landeskriminalamt Nordrhein-Westfalen (LKA NRW), beide Mitglied im Bundesverband Informationswirtschaft und Telekommunikation Bitkom, statt. Damals besuchte das LKA NRW Airbus Protect am Standort Taufkirchen bei M\u00fcnchen. Nun folgte der Gegenbesuch und eine Delegation von Airbus Protect war zu Gast [&hellip;]<\/p>\n<\/p>\n        <div id=\"conteneur_btReadMore\"><a href=\"https:\/\/www.protect.airbus.com\/de\/blog\/wissensaustausch-mit-dem-landeskriminalamt-nordrhein-westfalen-in-dusseldorf\/\" class=\"btReadMore\">Mehr erfahren<\/a><\/div><\/article>\n    <\/div>\n    <div class=\"conteneurLineMoreInsight\"><div class=\"lineMoreInsight\"><a href=\"\/de\/insights\/\">Weitere Einblicke<\/a><\/div><\/div>\n<\/div>\n[\/vc_column][\/vc_row]<\/p>\n<\/div>","protected":false},"excerpt":{"rendered":"<p>[vc_row][vc_column][vc_column_text h2_style=&#8220;h2Big&#8220; css=&#8220;.vc_custom_1692196925597{margin-bottom: 0px !important;padding-bottom: 0px !important;}&#8220;] Modellierung der Folgen von Zufallsph\u00e4nomenen [\/vc_column_text][vc_column_text p_style=&#8220;pBig&#8220;]Angefangen bei Reputationssch\u00e4den bis hin zu unvorhergesehenen Kosten k\u00f6nnen erh\u00f6hte Risiken und Bedrohungen im Zusammenhang mit der Durchf\u00fchrung von Industrieprojekten dramatische Folgen haben. Aus diesem Grund erfordern die Risikomanagementstrategien der Industrie von heute die Aufmerksamkeit der F\u00fchrungsebene[\/vc_column_text][vc_column_text h2_style=&#8220;h2Big&#8220; css=&#8220;.vc_custom_1692196960644{margin-bottom: 0px !important;padding-bottom: 0px [&hellip;]<\/p>\n","protected":false},"author":8,"featured_media":3837,"parent":7285,"menu_order":0,"comment_status":"closed","ping_status":"closed","template":"","meta":{"_acf_changed":false,"content-type":"","_relevanssi_hide_post":"","_relevanssi_hide_content":"","_relevanssi_pin_for_all":"","_relevanssi_pin_keywords":"","_relevanssi_unpin_keywords":"","_relevanssi_related_keywords":"","_relevanssi_related_include_ids":"","_relevanssi_related_exclude_ids":"","_relevanssi_related_no_append":"","_relevanssi_related_not_related":"","_relevanssi_related_posts":"","_relevanssi_noindex_reason":"","footnotes":""},"class_list":["post-6843","page","type-page","status-publish","has-post-thumbnail","hentry"],"acf":[],"yoast_head":"<!-- This site is optimized with the Yoast SEO Premium plugin v27.4 (Yoast SEO v27.4) - https:\/\/yoast.com\/product\/yoast-seo-premium-wordpress\/ -->\n<title>Modellierung gef\u00e4hrlicher Ph\u00e4nomene - Airbus Protect<\/title>\n<meta name=\"description\" content=\"Airbus Protect unterst\u00fctzt Ihr Unternehmen bei der Verwaltung und Minderung von Risiken und der Vorhersage der Folgenvon gef\u00e4hrlicher Ph\u00e4nomen\" \/>\n<meta name=\"robots\" content=\"index, follow, max-snippet:-1, max-image-preview:large, max-video-preview:-1\" \/>\n<link rel=\"canonical\" href=\"https:\/\/www.protect.airbus.com\/de\/sustainability\/modellierung-gefaehrlicher-phaenomene\/\" \/>\n<meta property=\"og:locale\" content=\"de_DE\" \/>\n<meta property=\"og:type\" content=\"article\" \/>\n<meta property=\"og:title\" content=\"Modellierung gef\u00e4hrlicher Ph\u00e4nomene\" \/>\n<meta property=\"og:description\" content=\"Airbus Protect unterst\u00fctzt Ihr Unternehmen bei der Verwaltung und Minderung von Risiken und der Vorhersage der Folgenvon gef\u00e4hrlicher Ph\u00e4nomen\" \/>\n<meta property=\"og:url\" content=\"https:\/\/www.protect.airbus.com\/de\/sustainability\/modellierung-gefaehrlicher-phaenomene\/\" \/>\n<meta property=\"og:site_name\" content=\"Airbus Protect\" \/>\n<meta property=\"article:modified_time\" content=\"2024-01-24T14:37:53+00:00\" \/>\n<meta property=\"og:image\" content=\"https:\/\/www.protect.airbus.com\/wp-content\/uploads\/2022\/06\/header-sustainability-sous-page.jpg\" \/>\n\t<meta property=\"og:image:width\" content=\"1920\" \/>\n\t<meta property=\"og:image:height\" content=\"358\" \/>\n\t<meta property=\"og:image:type\" content=\"image\/jpeg\" \/>\n<meta name=\"twitter:card\" content=\"summary_large_image\" \/>\n<meta name=\"twitter:label1\" content=\"Gesch\u00e4tzte Lesezeit\" \/>\n\t<meta name=\"twitter:data1\" content=\"2\u00a0Minuten\" \/>\n<script type=\"application\/ld+json\" class=\"yoast-schema-graph\">{\"@context\":\"https:\\\/\\\/schema.org\",\"@graph\":[{\"@type\":\"BlogPosting\",\"mainEntityOfPage\":{\"@type\":\"WebPage\",\"@id\":\"https:\\\/\\\/www.protect.airbus.com\\\/de\\\/sustainability\\\/modellierung-gefaehrlicher-phaenomene\\\/\"},\"headline\":\"Wissensaustausch mit dem Landeskriminalamt Nordrhein-Westfalen in D\u00fcsseldorf\",\"description\":\"\",\"author\":{\"@id\":\"https:\\\/\\\/www.protect.airbus.com\\\/#organization\"},\"publisher\":{\"@id\":\"https:\\\/\\\/www.protect.airbus.com\\\/#organization\"},\"image\":\"https:\\\/\\\/www.protect.airbus.com\\\/wp-content\\\/uploads\\\/2023\\\/08\\\/Copy-of-NEW-TEMPLATE-SOCIAL-MEDIA.png\",\"datePublished\":\"2023-07-07T15:51:08+00:00\",\"dateModified\":\"2024-01-24T14:37:53+00:00\"},{\"@type\":\"WebPage\",\"@id\":\"https:\\\/\\\/www.protect.airbus.com\\\/de\\\/sustainability\\\/modellierung-gefaehrlicher-phaenomene\\\/\",\"url\":\"https:\\\/\\\/www.protect.airbus.com\\\/de\\\/sustainability\\\/modellierung-gefaehrlicher-phaenomene\\\/\",\"name\":\"Modellierung gef\u00e4hrlicher Ph\u00e4nomene - Airbus Protect\",\"isPartOf\":{\"@id\":\"https:\\\/\\\/www.protect.airbus.com\\\/de\\\/#website\"},\"primaryImageOfPage\":{\"@id\":\"https:\\\/\\\/www.protect.airbus.com\\\/de\\\/sustainability\\\/modellierung-gefaehrlicher-phaenomene\\\/#primaryimage\"},\"image\":{\"@id\":\"https:\\\/\\\/www.protect.airbus.com\\\/de\\\/sustainability\\\/modellierung-gefaehrlicher-phaenomene\\\/#primaryimage\"},\"thumbnailUrl\":\"https:\\\/\\\/www.protect.airbus.com\\\/wp-content\\\/uploads\\\/2022\\\/06\\\/header-sustainability-sous-page.jpg\",\"datePublished\":\"2023-07-07T15:51:08+00:00\",\"dateModified\":\"2024-01-24T14:37:53+00:00\",\"description\":\"Airbus Protect unterst\u00fctzt Ihr Unternehmen bei der Verwaltung und Minderung von Risiken und der Vorhersage der Folgenvon gef\u00e4hrlicher Ph\u00e4nomen\",\"breadcrumb\":{\"@id\":\"https:\\\/\\\/www.protect.airbus.com\\\/de\\\/sustainability\\\/modellierung-gefaehrlicher-phaenomene\\\/#breadcrumb\"},\"inLanguage\":\"de\",\"potentialAction\":[{\"@type\":\"ReadAction\",\"target\":[\"https:\\\/\\\/www.protect.airbus.com\\\/de\\\/sustainability\\\/modellierung-gefaehrlicher-phaenomene\\\/\"]}]},{\"@type\":\"ImageObject\",\"inLanguage\":\"de\",\"@id\":\"https:\\\/\\\/www.protect.airbus.com\\\/de\\\/sustainability\\\/modellierung-gefaehrlicher-phaenomene\\\/#primaryimage\",\"url\":\"https:\\\/\\\/www.protect.airbus.com\\\/wp-content\\\/uploads\\\/2022\\\/06\\\/header-sustainability-sous-page.jpg\",\"contentUrl\":\"https:\\\/\\\/www.protect.airbus.com\\\/wp-content\\\/uploads\\\/2022\\\/06\\\/header-sustainability-sous-page.jpg\",\"width\":1920,\"height\":358},{\"@type\":\"BreadcrumbList\",\"@id\":\"https:\\\/\\\/www.protect.airbus.com\\\/de\\\/sustainability\\\/modellierung-gefaehrlicher-phaenomene\\\/#breadcrumb\",\"itemListElement\":[{\"@type\":\"ListItem\",\"position\":1,\"name\":\"Home\",\"item\":\"https:\\\/\\\/www.protect.airbus.com\\\/de\\\/\"},{\"@type\":\"ListItem\",\"position\":2,\"name\":\"Sustainability\",\"item\":\"https:\\\/\\\/www.protect.airbus.com\\\/de\\\/sustainability\\\/\"},{\"@type\":\"ListItem\",\"position\":3,\"name\":\"Modellierung gef\u00e4hrlicher Ph\u00e4nomene\"}]},{\"@type\":\"WebSite\",\"@id\":\"https:\\\/\\\/www.protect.airbus.com\\\/de\\\/#website\",\"url\":\"https:\\\/\\\/www.protect.airbus.com\\\/de\\\/\",\"name\":\"Airbus Protect\",\"description\":\"\",\"publisher\":{\"@id\":\"https:\\\/\\\/www.protect.airbus.com\\\/de\\\/#organization\"},\"potentialAction\":[{\"@type\":\"SearchAction\",\"target\":{\"@type\":\"EntryPoint\",\"urlTemplate\":\"https:\\\/\\\/www.protect.airbus.com\\\/de\\\/?s={search_term_string}\"},\"query-input\":{\"@type\":\"PropertyValueSpecification\",\"valueRequired\":true,\"valueName\":\"search_term_string\"}}],\"inLanguage\":\"de\"},{\"@type\":\"Organization\",\"@id\":\"https:\\\/\\\/www.protect.airbus.com\\\/de\\\/#organization\",\"name\":\"Airbus Protect\",\"url\":\"https:\\\/\\\/www.protect.airbus.com\\\/de\\\/\",\"logo\":{\"@type\":\"ImageObject\",\"inLanguage\":\"de\",\"@id\":\"https:\\\/\\\/www.protect.airbus.com\\\/de\\\/#\\\/schema\\\/logo\\\/image\\\/\",\"url\":\"https:\\\/\\\/www.protect.airbus.com\\\/wp-content\\\/uploads\\\/2023\\\/05\\\/logo-airbus-protect-696-696.png\",\"contentUrl\":\"https:\\\/\\\/www.protect.airbus.com\\\/wp-content\\\/uploads\\\/2023\\\/05\\\/logo-airbus-protect-696-696.png\",\"width\":696,\"height\":696,\"caption\":\"Airbus Protect\"},\"image\":{\"@id\":\"https:\\\/\\\/www.protect.airbus.com\\\/de\\\/#\\\/schema\\\/logo\\\/image\\\/\"},\"sameAs\":[\"https:\\\/\\\/www.linkedin.com\\\/company\\\/airbus-protect\\\/\",\"https:\\\/\\\/www.youtube.com\\\/@airbusprotect7483\"],\"contactPoint\":{\"@type\":\"ContactPoint\",\"email\":\"protect@airbus.com\",\"contactType\":\"customer service\",\"areaServed\":[\"GB\",\"FR\",\"ES\",\"DE\",\"BE\",\"CH\",\"PT\",\"DK\",\"AT\"],\"availableLanguage\":[\"en\",\"fr\",\"de\"]}}]}<\/script>\n<!-- \/ Yoast SEO Premium plugin. -->","yoast_head_json":{"title":"Modellierung gef\u00e4hrlicher Ph\u00e4nomene - Airbus Protect","description":"Airbus Protect unterst\u00fctzt Ihr Unternehmen bei der Verwaltung und Minderung von Risiken und der Vorhersage der Folgenvon gef\u00e4hrlicher Ph\u00e4nomen","robots":{"index":"index","follow":"follow","max-snippet":"max-snippet:-1","max-image-preview":"max-image-preview:large","max-video-preview":"max-video-preview:-1"},"canonical":"https:\/\/www.protect.airbus.com\/de\/sustainability\/modellierung-gefaehrlicher-phaenomene\/","og_locale":"de_DE","og_type":"article","og_title":"Modellierung gef\u00e4hrlicher Ph\u00e4nomene","og_description":"Airbus Protect unterst\u00fctzt Ihr Unternehmen bei der Verwaltung und Minderung von Risiken und der Vorhersage der Folgenvon gef\u00e4hrlicher Ph\u00e4nomen","og_url":"https:\/\/www.protect.airbus.com\/de\/sustainability\/modellierung-gefaehrlicher-phaenomene\/","og_site_name":"Airbus Protect","article_modified_time":"2024-01-24T14:37:53+00:00","og_image":[{"width":1920,"height":358,"url":"https:\/\/www.protect.airbus.com\/wp-content\/uploads\/2022\/06\/header-sustainability-sous-page.jpg","type":"image\/jpeg"}],"twitter_card":"summary_large_image","twitter_misc":{"Gesch\u00e4tzte Lesezeit":"2\u00a0Minuten"},"schema":{"@context":"https:\/\/schema.org","@graph":[{"@type":"BlogPosting","mainEntityOfPage":{"@type":"WebPage","@id":"https:\/\/www.protect.airbus.com\/de\/sustainability\/modellierung-gefaehrlicher-phaenomene\/"},"headline":"Wissensaustausch mit dem Landeskriminalamt Nordrhein-Westfalen in D\u00fcsseldorf","description":"","author":{"@id":"https:\/\/www.protect.airbus.com\/#organization"},"publisher":{"@id":"https:\/\/www.protect.airbus.com\/#organization"},"image":"https:\/\/www.protect.airbus.com\/wp-content\/uploads\/2023\/08\/Copy-of-NEW-TEMPLATE-SOCIAL-MEDIA.png","datePublished":"2023-07-07T15:51:08+00:00","dateModified":"2024-01-24T14:37:53+00:00"},{"@type":"WebPage","@id":"https:\/\/www.protect.airbus.com\/de\/sustainability\/modellierung-gefaehrlicher-phaenomene\/","url":"https:\/\/www.protect.airbus.com\/de\/sustainability\/modellierung-gefaehrlicher-phaenomene\/","name":"Modellierung gef\u00e4hrlicher Ph\u00e4nomene - Airbus Protect","isPartOf":{"@id":"https:\/\/www.protect.airbus.com\/de\/#website"},"primaryImageOfPage":{"@id":"https:\/\/www.protect.airbus.com\/de\/sustainability\/modellierung-gefaehrlicher-phaenomene\/#primaryimage"},"image":{"@id":"https:\/\/www.protect.airbus.com\/de\/sustainability\/modellierung-gefaehrlicher-phaenomene\/#primaryimage"},"thumbnailUrl":"https:\/\/www.protect.airbus.com\/wp-content\/uploads\/2022\/06\/header-sustainability-sous-page.jpg","datePublished":"2023-07-07T15:51:08+00:00","dateModified":"2024-01-24T14:37:53+00:00","description":"Airbus Protect unterst\u00fctzt Ihr Unternehmen bei der Verwaltung und Minderung von Risiken und der Vorhersage der Folgenvon gef\u00e4hrlicher Ph\u00e4nomen","breadcrumb":{"@id":"https:\/\/www.protect.airbus.com\/de\/sustainability\/modellierung-gefaehrlicher-phaenomene\/#breadcrumb"},"inLanguage":"de","potentialAction":[{"@type":"ReadAction","target":["https:\/\/www.protect.airbus.com\/de\/sustainability\/modellierung-gefaehrlicher-phaenomene\/"]}]},{"@type":"ImageObject","inLanguage":"de","@id":"https:\/\/www.protect.airbus.com\/de\/sustainability\/modellierung-gefaehrlicher-phaenomene\/#primaryimage","url":"https:\/\/www.protect.airbus.com\/wp-content\/uploads\/2022\/06\/header-sustainability-sous-page.jpg","contentUrl":"https:\/\/www.protect.airbus.com\/wp-content\/uploads\/2022\/06\/header-sustainability-sous-page.jpg","width":1920,"height":358},{"@type":"BreadcrumbList","@id":"https:\/\/www.protect.airbus.com\/de\/sustainability\/modellierung-gefaehrlicher-phaenomene\/#breadcrumb","itemListElement":[{"@type":"ListItem","position":1,"name":"Home","item":"https:\/\/www.protect.airbus.com\/de\/"},{"@type":"ListItem","position":2,"name":"Sustainability","item":"https:\/\/www.protect.airbus.com\/de\/sustainability\/"},{"@type":"ListItem","position":3,"name":"Modellierung gef\u00e4hrlicher Ph\u00e4nomene"}]},{"@type":"WebSite","@id":"https:\/\/www.protect.airbus.com\/de\/#website","url":"https:\/\/www.protect.airbus.com\/de\/","name":"Airbus Protect","description":"","publisher":{"@id":"https:\/\/www.protect.airbus.com\/de\/#organization"},"potentialAction":[{"@type":"SearchAction","target":{"@type":"EntryPoint","urlTemplate":"https:\/\/www.protect.airbus.com\/de\/?s={search_term_string}"},"query-input":{"@type":"PropertyValueSpecification","valueRequired":true,"valueName":"search_term_string"}}],"inLanguage":"de"},{"@type":"Organization","@id":"https:\/\/www.protect.airbus.com\/de\/#organization","name":"Airbus Protect","url":"https:\/\/www.protect.airbus.com\/de\/","logo":{"@type":"ImageObject","inLanguage":"de","@id":"https:\/\/www.protect.airbus.com\/de\/#\/schema\/logo\/image\/","url":"https:\/\/www.protect.airbus.com\/wp-content\/uploads\/2023\/05\/logo-airbus-protect-696-696.png","contentUrl":"https:\/\/www.protect.airbus.com\/wp-content\/uploads\/2023\/05\/logo-airbus-protect-696-696.png","width":696,"height":696,"caption":"Airbus Protect"},"image":{"@id":"https:\/\/www.protect.airbus.com\/de\/#\/schema\/logo\/image\/"},"sameAs":["https:\/\/www.linkedin.com\/company\/airbus-protect\/","https:\/\/www.youtube.com\/@airbusprotect7483"],"contactPoint":{"@type":"ContactPoint","email":"protect@airbus.com","contactType":"customer service","areaServed":["GB","FR","ES","DE","BE","CH","PT","DK","AT"],"availableLanguage":["en","fr","de"]}}]}},"_links":{"self":[{"href":"https:\/\/www.protect.airbus.com\/de\/wp-json\/wp\/v2\/pages\/6843","targetHints":{"allow":["GET"]}}],"collection":[{"href":"https:\/\/www.protect.airbus.com\/de\/wp-json\/wp\/v2\/pages"}],"about":[{"href":"https:\/\/www.protect.airbus.com\/de\/wp-json\/wp\/v2\/types\/page"}],"author":[{"embeddable":true,"href":"https:\/\/www.protect.airbus.com\/de\/wp-json\/wp\/v2\/users\/8"}],"replies":[{"embeddable":true,"href":"https:\/\/www.protect.airbus.com\/de\/wp-json\/wp\/v2\/comments?post=6843"}],"version-history":[{"count":4,"href":"https:\/\/www.protect.airbus.com\/de\/wp-json\/wp\/v2\/pages\/6843\/revisions"}],"predecessor-version":[{"id":8478,"href":"https:\/\/www.protect.airbus.com\/de\/wp-json\/wp\/v2\/pages\/6843\/revisions\/8478"}],"up":[{"embeddable":true,"href":"https:\/\/www.protect.airbus.com\/de\/wp-json\/wp\/v2\/pages\/7285"}],"wp:featuredmedia":[{"embeddable":true,"href":"https:\/\/www.protect.airbus.com\/de\/wp-json\/wp\/v2\/media\/3837"}],"wp:attachment":[{"href":"https:\/\/www.protect.airbus.com\/de\/wp-json\/wp\/v2\/media?parent=6843"}],"curies":[{"name":"wp","href":"https:\/\/api.w.org\/{rel}","templated":true}]}}