{"id":6839,"date":"2023-07-07T17:45:17","date_gmt":"2023-07-07T15:45:17","guid":{"rendered":"https:\/\/www.protect.airbus.com\/sustainability\/process-safety-management-safety-engineering\/"},"modified":"2024-08-01T16:16:54","modified_gmt":"2024-08-01T14:16:54","slug":"prozesssicherheitsmanagement-und-sicherheitstechnik","status":"publish","type":"page","link":"https:\/\/www.protect.airbus.com\/de\/sustainability\/prozesssicherheitsmanagement-und-sicherheitstechnik\/","title":{"rendered":"Prozesssicherheitsmanagement und Sicherheitstechnik"},"content":{"rendered":"<div class=\"wpb-content-wrapper\"><p>[vc_row][vc_column][vc_column_text h2_style=&#8220;h2Big&#8220; css=&#8220;.vc_custom_1692195952827{margin-bottom: 0px !important;padding-bottom: 0px !important;}&#8220;]<\/p>\n<h2>Verbesserung der Sicherheit von Industrieanlagen<\/h2>\n<p>[\/vc_column_text][vc_column_text p_style=&#8220;pBig&#8220;]Neben der schrittweisen Verbesserung bestehender Prozesse und Systeme erfordern die weltweiten Bem\u00fchungen um die Dekarbonisierung neue Produkte und Dienstleistungen, die von vornherein nachhaltig sind.<\/p>\n<p>Unternehmen, die in der Lage sind, neben der Sicherheit auch die Nachhaltigkeit in den Vordergrund zu stellen, werden in der Zukunft eine f\u00fchrende Rolle in der Wirtschaft einnehmen.[\/vc_column_text][vc_column_text h2_style=&#8220;h2Big&#8220; css=&#8220;.vc_custom_1692196093632{margin-bottom: 0px !important;padding-bottom: 0px !important;}&#8220;]<\/p>\n<h3>Wir sind Wegbereiter<\/h3>\n<p>[\/vc_column_text][vc_column_text p_style=&#8220;pHighlight&#8220;]Unser Konzept zur Risikobewertung ist darauf ausgerichtet, potenzielle Risiken in allen Gesch\u00e4ftsprozessen zu ermitteln &#8211; einschlie\u00dflich Konstruktion, Produktion, Betrieb, Wartung und Recycling.<\/p>\n<p>Unser industrieller und technischer Hintergrund in Verbindung mit unseren F\u00e4higkeiten im Risikomanagement machen uns zu einem zuverl\u00e4ssigen Partner f\u00fcr jedes Unternehmen, das seine Sicherheit verbessern m\u00f6chte.<\/p>\n<p>Airbus Protect bewertet industrielle Prozesse und Infrastrukturen und ber\u00e4t Sie, wie Sie deren Effizienz maximieren k\u00f6nnen.<\/p>\n<p>Unsere Expertinnen und Experten unterst\u00fctzen auch Sie bei der sicheren Produktion, dem Transport, der Lagerung und der Verteilung von Wasserstoff und anderen erneuerbaren Energien wie bereits einige der weltweit gr\u00f6\u00dften Unternehmen.[\/vc_column_text][vc_column_text h2_style=&#8220;h2Big&#8220; css=&#8220;.vc_custom_1692196134912{margin-bottom: 0px !important;padding-bottom: 0px !important;}&#8220;]<\/p>\n<h3>Warum Airbus Protect?<\/h3>\n<p>[\/vc_column_text][vc_column_text p_style=&#8220;pHighlight&#8220;]Bei der Verbesserung der Sicherheit von Industrie- und Nuklearanlagen sind die folgenden \u00dcberlegungen von gr\u00f6\u00dfter Bedeutung:[\/vc_column_text][vc_column_text]<\/p>\n<ul>\n<li><span style=\"font-weight: 400;\">Erkennen und Analysieren von Risiken und Schwachstellen<\/span><\/li>\n<li><span style=\"font-weight: 400;\">Anpassung von Prozessen, Verhaltensweisen und Abhilfema\u00dfnahmen<\/span><\/li>\n<li><span style=\"font-weight: 400;\">Erh\u00f6hung der Verf\u00fcgbarkeit von Sicherheits- und Schutzsystemen<\/span><\/li>\n<li><span style=\"font-weight: 400;\">Ausarbeitung und Umsetzung robuster Managementpl\u00e4ne und -systeme<\/span><\/li>\n<li>Optimierung der Wartungs- und Reparaturkosten<\/li>\n<li>Gew\u00e4hrleistung sicherer und gesch\u00fctzter Energieversorgungsketten<\/li>\n<\/ul>\n<p>[\/vc_column_text][vc_column_text h2_style=&#8220;h2Big&#8220; css=&#8220;.vc_custom_1692196272336{margin-bottom: 0px !important;padding-bottom: 0px !important;}&#8220;]<\/p>\n<h3>Unser Angebot<\/h3>\n<p>[\/vc_column_text][vc_column_text p_style=&#8220;pHighlight&#8220;]Unsere hochqualifizierten Consultants, Expertinnen und Experten sowie Trainerinnen und Trainer k\u00f6nnen Sie dabei unterst\u00fctzen, Industrieanlagen sicher zu gestalten oder zu optimieren und gleichzeitig Risiken zu managen und zu mindern. Unser Angebot umfasst:[\/vc_column_text][vc_column_text]<\/p>\n<ul>\n<li><span style=\"font-weight: 400;\">Unterst\u00fctzung bei HAZID, PRA, HAZOP, FMEA&#8230;<\/span><\/li>\n<li><span style=\"font-weight: 400;\">Quantitative Risikobewertung (LOPA, QRA, FERA, OBRA&#8230;)<\/span><\/li>\n<li><span style=\"font-weight: 400;\">Brandrisikoanalyse (f\u00fcr Kernkraft und Verteidigung)<\/span><\/li>\n<li><span style=\"font-weight: 400;\">Analyse der Gef\u00e4hrdung von Standorten\/Geb\u00e4uden im Hinblick auf thermische Auswirkungen, Explosion, Toxizit\u00e4t (Gaswolke)<\/span><\/li>\n<li><span style=\"font-weight: 400;\">Wasserstoff-Risikoanalyse<\/span><\/li>\n<li><span style=\"font-weight: 400;\">Audits des Prozesssicherheitsmanagements<\/span><\/li>\n<li><span style=\"font-weight: 400;\">Zuverl\u00e4ssigkeit von Prozess- und Sicherheitsausr\u00fcstung<\/span><\/li>\n<li><span style=\"font-weight: 400;\">Management von Sicherheitsbarrieren (SIL-Analyse&#8230;)<\/span><\/li>\n<li><span style=\"font-weight: 400;\">Notfallmanagement (Training)<\/span><\/li>\n<li><span style=\"font-weight: 400;\">Studien zur Brandbek\u00e4mpfung \/ zum Brandschutz<\/span><\/li>\n<li><span style=\"font-weight: 400;\">Technische und wirtschaftliche Studien zur Risikominderung<\/span><\/li>\n<li><span style=\"font-weight: 400;\">Optimierung von Instandhaltungsma\u00dfnahmen, RBM<\/span><\/li>\n<li><span style=\"font-weight: 400;\">Obsoleszenzstudien<\/span><\/li>\n<\/ul>\n<p>[\/vc_column_text]    <div class=\"hightlightBracket\">\n        <div class=\"glyphe\"><\/div>\n        <div class=\"highlight\"><p>Nehmen Sie Kontakt auf und erfahren Sie, wie wir Sie unterst\u00fctzen k\u00f6nnen<\/p><\/div>\n    <\/div>\n    <div class=\"divBtCTA btAlignCenter\"><a href=\"https:\/\/www.protect.airbus.com\/de\/kontakt\/\"  class=\"button btAuto\">Kontakt aufnehmen<\/a><\/div><div class=\"whatsNew\" id=\"whatsnew_69e2a0d3d1d95\">\n    <div class=\"lineTitleFilter\">\n        <div id=\"conteneur_h2_WhatsNew\"><h2>Was gibt&#039;s Neues?<\/h2><\/div>\n        <div id=\"conteneur_FiltreWhatsNew\">\n\t\t\t<div class=\"filterWhatsNew\"><span>Filter<\/span>\n\t\t\t\t<ul>\n\t\t\t\t\t<li><button type=\"button\" class=\"btFilter bfFilterNews\" onclick=\"fctFilterWhatsNew('news','allCategories','whatsnew_69e2a0d3d1d95')\">News<\/button><\/li>\n\t\t\t\t\t<li><button type=\"button\" class=\"btFilter bfFilterWhitePaper\" onclick=\"fctFilterWhatsNew('whitepaper','allCategories','whatsnew_69e2a0d3d1d95')\">White paper<\/button><\/li>\n\t\t\t\t\t<li><button type=\"button\" class=\"btFilter bfFilterBlog\" onclick=\"fctFilterWhatsNew('blog','allCategories','whatsnew_69e2a0d3d1d95')\">Blog<\/button><\/li>\n\t\t\t\t\t<li><button type=\"button\" class=\"btFilter bfFilterEvent\" onclick=\"fctFilterWhatsNew('event','allCategories','whatsnew_69e2a0d3d1d95')\">Events<\/button><\/li>\n\t\t\t\t<\/ul><\/div>\n\t\t\t<div id=\"whathsnew_glyphe\"><\/div>\n\t\t<\/div>\n    <\/div>\n\t\n    <div class=\"listWhatsNew\">\n    <article id=\"whatsnew_item_7635\">\n    <span class=\"whatsNewType\">Blog<\/span>\n    <a href=\"https:\/\/www.protect.airbus.com\/de\/blog\/boss-of-the-soc-splunk\/\"><img loading=\"lazy\" decoding=\"async\" width=\"349\" height=\"189\" src=\"https:\/\/www.protect.airbus.com\/wp-content\/uploads\/2023\/10\/Copy-of-IT-SA-2023-4-349x189.png\" class=\"attachment-post-bloc size-post-bloc wp-post-image\" alt=\"Airbus Protect boss of the soc\" \/><\/a>\n    <div class=\"titreWN\">Team von Airbus Protect und Airbus Defence and Space gewinnt globalen \u201cBoss of the SOC\u201d-Wettbewerb von Splunk<\/div>\n    <p><p>Was ist \u201cBoss of the SOC\u201d? \u201cBoss of the SOC\u201d (auch bekannt als BOTS) ist ein Capture the Flag-Wettbewerb (CTF), bei dem die Teilnehmer Splunk und andere Tools verwenden, um eine Vielzahl von Fragen zu IT-Sicherheitsvorf\u00e4llen zu beantworten, die in einer realistischen, aber fiktiven Unternehmensumgebung aufgetreten sind. Der Wettbewerb ist so konzipiert, dass er nachbildet, [&hellip;]<\/p>\n<\/p>\n        <div id=\"conteneur_btReadMore\"><a href=\"https:\/\/www.protect.airbus.com\/de\/blog\/boss-of-the-soc-splunk\/\" class=\"btReadMore\">Mehr erfahren<\/a><\/div><\/article>\n<article id=\"whatsnew_item_8663\">\n    <span class=\"whatsNewType\">Blog<\/span>\n    <a href=\"https:\/\/www.protect.airbus.com\/de\/blog\/jahresrueckblick-fuer-deutschland-cyberabwehr-bei-airbus-protect-erreicht-2023-neues-niveau\/\"><img loading=\"lazy\" decoding=\"async\" width=\"349\" height=\"189\" src=\"https:\/\/www.protect.airbus.com\/wp-content\/uploads\/2024\/02\/blog-banner-3-349x189.png\" class=\"attachment-post-bloc size-post-bloc wp-post-image\" alt=\"Germany: cybersecurity rewind 2023\" \/><\/a>\n    <div class=\"titreWN\">Jahresr\u00fcckblick f\u00fcr Deutschland: Cyberabwehr bei Airbus Protect erreicht 2023 neues Niveau<\/div>\n    <p><p>1. &#8222;Locked Shields&#8220;: Eine Premiere Mit der Teilnahme an der renommierten NATO-\u00dcbung &#8222;Locked Shields&#8220; betrat das deutsche Airbus Protect Team Neuland. Die weltweit gr\u00f6\u00dfte Live-Fire-Cyberabwehr\u00fcbung, organisiert vom NATO Cooperative Cyber Defence Centre of Excellence, bot Airbus Protect die Gelegenheit, sein Know-how unter Beweis zu stellen. Das Team, darunter Incident Responder Markus Neumaier und die SOC-Analysten [&hellip;]<\/p>\n<\/p>\n        <div id=\"conteneur_btReadMore\"><a href=\"https:\/\/www.protect.airbus.com\/de\/blog\/jahresrueckblick-fuer-deutschland-cyberabwehr-bei-airbus-protect-erreicht-2023-neues-niveau\/\" class=\"btReadMore\">Mehr erfahren<\/a><\/div><\/article>\n<article id=\"whatsnew_item_18527\">\n    <span class=\"whatsNewType\">Blog<\/span>\n    <a href=\"https:\/\/www.protect.airbus.com\/de\/blog\/the-eu-ai-act-has-come-into-force-heres-what-you-need-to-know\/\"><img loading=\"lazy\" decoding=\"async\" width=\"349\" height=\"189\" src=\"https:\/\/www.protect.airbus.com\/wp-content\/uploads\/2024\/08\/blog-banner-16-349x189.png\" class=\"attachment-post-bloc size-post-bloc wp-post-image\" alt=\"Understanding the EU AI Act in 5 steps\" \/><\/a>\n    <div class=\"titreWN\">Das EU-Gesetz zur KI ist in Kraft getreten! Hier erfahren Sie, was Sie wissen m\u00fcssen.<\/div>\n    <p><p>Nach langen Verhandlungen und Diskussionen zwischen europ\u00e4ischen Institutionen und Gremien ist das EU-Gesetz zur k\u00fcnstlichen Intelligenz am 1. August 2024 in Kraft getreten. K\u00fcnstliche Intelligenz (KI) bietet zwar ein enormes Potenzial und wirtschaftliche M\u00f6glichkeiten, doch aufgrund der ethischen Implikationen und inh\u00e4renten Risiken von KI muss sie verantwortungsvoll und in Ma\u00dfen eingesetzt werden. Das EU-Gesetz zur [&hellip;]<\/p>\n<\/p>\n        <div id=\"conteneur_btReadMore\"><a href=\"https:\/\/www.protect.airbus.com\/de\/blog\/the-eu-ai-act-has-come-into-force-heres-what-you-need-to-know\/\" class=\"btReadMore\">Mehr erfahren<\/a><\/div><\/article>\n    <\/div>\n    <div class=\"conteneurLineMoreInsight\"><div class=\"lineMoreInsight\"><a href=\"\/de\/insights\/\">Weitere Einblicke<\/a><\/div><\/div>\n<\/div>\n[\/vc_column][\/vc_row]<\/p>\n<\/div>","protected":false},"excerpt":{"rendered":"<p>[vc_row][vc_column][vc_column_text h2_style=&#8220;h2Big&#8220; css=&#8220;.vc_custom_1692195952827{margin-bottom: 0px !important;padding-bottom: 0px !important;}&#8220;] Verbesserung der Sicherheit von Industrieanlagen [\/vc_column_text][vc_column_text p_style=&#8220;pBig&#8220;]Neben der schrittweisen Verbesserung bestehender Prozesse und Systeme erfordern die weltweiten Bem\u00fchungen um die Dekarbonisierung neue Produkte und Dienstleistungen, die von vornherein nachhaltig sind. Unternehmen, die in der Lage sind, neben der Sicherheit auch die Nachhaltigkeit in den Vordergrund zu stellen, werden [&hellip;]<\/p>\n","protected":false},"author":8,"featured_media":3837,"parent":7285,"menu_order":0,"comment_status":"closed","ping_status":"closed","template":"","meta":{"_acf_changed":false,"content-type":"","_relevanssi_hide_post":"","_relevanssi_hide_content":"","_relevanssi_pin_for_all":"","_relevanssi_pin_keywords":"","_relevanssi_unpin_keywords":"","_relevanssi_related_keywords":"","_relevanssi_related_include_ids":"","_relevanssi_related_exclude_ids":"","_relevanssi_related_no_append":"","_relevanssi_related_not_related":"","_relevanssi_related_posts":"","_relevanssi_noindex_reason":"","footnotes":""},"class_list":["post-6839","page","type-page","status-publish","has-post-thumbnail","hentry"],"acf":[],"yoast_head":"<!-- This site is optimized with the Yoast SEO Premium plugin v27.3 (Yoast SEO v27.3) - https:\/\/yoast.com\/product\/yoast-seo-premium-wordpress\/ -->\n<title>Prozesssicherheitsmanagement und Sicherheitstechnik - Airbus Protect<\/title>\n<meta name=\"description\" content=\"Unsere Experten bei Airbus Protect k\u00f6nnen Ihnen helfen, die Safety- und Security-Leistung Ihres Unternehmens zu verbessern.\" \/>\n<meta name=\"robots\" content=\"index, follow, max-snippet:-1, max-image-preview:large, max-video-preview:-1\" \/>\n<link rel=\"canonical\" href=\"https:\/\/www.protect.airbus.com\/de\/sustainability\/prozesssicherheitsmanagement-und-sicherheitstechnik\/\" \/>\n<meta property=\"og:locale\" content=\"de_DE\" \/>\n<meta property=\"og:type\" content=\"article\" \/>\n<meta property=\"og:title\" content=\"Prozesssicherheitsmanagement und Sicherheitstechnik\" \/>\n<meta property=\"og:description\" content=\"Unsere Experten bei Airbus Protect k\u00f6nnen Ihnen helfen, die Safety- und Security-Leistung Ihres Unternehmens zu verbessern.\" \/>\n<meta property=\"og:url\" content=\"https:\/\/www.protect.airbus.com\/de\/sustainability\/prozesssicherheitsmanagement-und-sicherheitstechnik\/\" \/>\n<meta property=\"og:site_name\" content=\"Airbus Protect\" \/>\n<meta property=\"article:modified_time\" content=\"2024-08-01T14:16:54+00:00\" \/>\n<meta property=\"og:image\" content=\"https:\/\/www.protect.airbus.com\/wp-content\/uploads\/2022\/06\/header-sustainability-sous-page.jpg\" \/>\n\t<meta property=\"og:image:width\" content=\"1920\" \/>\n\t<meta property=\"og:image:height\" content=\"358\" \/>\n\t<meta property=\"og:image:type\" content=\"image\/jpeg\" \/>\n<meta name=\"twitter:card\" content=\"summary_large_image\" \/>\n<meta name=\"twitter:label1\" content=\"Gesch\u00e4tzte Lesezeit\" \/>\n\t<meta name=\"twitter:data1\" content=\"2\u00a0Minuten\" \/>\n<script type=\"application\/ld+json\" class=\"yoast-schema-graph\">{\"@context\":\"https:\\\/\\\/schema.org\",\"@graph\":[{\"@type\":\"BlogPosting\",\"mainEntityOfPage\":{\"@type\":\"WebPage\",\"@id\":\"https:\\\/\\\/www.protect.airbus.com\\\/de\\\/sustainability\\\/prozesssicherheitsmanagement-und-sicherheitstechnik\\\/\"},\"headline\":\"Das EU-Gesetz zur KI ist in Kraft getreten! Hier erfahren Sie, was Sie wissen m\u00fcssen.\",\"description\":\"\",\"author\":{\"@id\":\"https:\\\/\\\/www.protect.airbus.com\\\/#organization\"},\"publisher\":{\"@id\":\"https:\\\/\\\/www.protect.airbus.com\\\/#organization\"},\"image\":\"https:\\\/\\\/www.protect.airbus.com\\\/wp-content\\\/uploads\\\/2024\\\/08\\\/blog-banner-16.png\",\"datePublished\":\"2023-07-07T15:45:17+00:00\",\"dateModified\":\"2024-08-01T14:16:54+00:00\"},{\"@type\":\"WebPage\",\"@id\":\"https:\\\/\\\/www.protect.airbus.com\\\/de\\\/sustainability\\\/prozesssicherheitsmanagement-und-sicherheitstechnik\\\/\",\"url\":\"https:\\\/\\\/www.protect.airbus.com\\\/de\\\/sustainability\\\/prozesssicherheitsmanagement-und-sicherheitstechnik\\\/\",\"name\":\"Prozesssicherheitsmanagement und Sicherheitstechnik - Airbus Protect\",\"isPartOf\":{\"@id\":\"https:\\\/\\\/www.protect.airbus.com\\\/de\\\/#website\"},\"primaryImageOfPage\":{\"@id\":\"https:\\\/\\\/www.protect.airbus.com\\\/de\\\/sustainability\\\/prozesssicherheitsmanagement-und-sicherheitstechnik\\\/#primaryimage\"},\"image\":{\"@id\":\"https:\\\/\\\/www.protect.airbus.com\\\/de\\\/sustainability\\\/prozesssicherheitsmanagement-und-sicherheitstechnik\\\/#primaryimage\"},\"thumbnailUrl\":\"https:\\\/\\\/www.protect.airbus.com\\\/wp-content\\\/uploads\\\/2022\\\/06\\\/header-sustainability-sous-page.jpg\",\"datePublished\":\"2023-07-07T15:45:17+00:00\",\"dateModified\":\"2024-08-01T14:16:54+00:00\",\"description\":\"Unsere Experten bei Airbus Protect k\u00f6nnen Ihnen helfen, die Safety- und Security-Leistung Ihres Unternehmens zu verbessern.\",\"breadcrumb\":{\"@id\":\"https:\\\/\\\/www.protect.airbus.com\\\/de\\\/sustainability\\\/prozesssicherheitsmanagement-und-sicherheitstechnik\\\/#breadcrumb\"},\"inLanguage\":\"de\",\"potentialAction\":[{\"@type\":\"ReadAction\",\"target\":[\"https:\\\/\\\/www.protect.airbus.com\\\/de\\\/sustainability\\\/prozesssicherheitsmanagement-und-sicherheitstechnik\\\/\"]}]},{\"@type\":\"ImageObject\",\"inLanguage\":\"de\",\"@id\":\"https:\\\/\\\/www.protect.airbus.com\\\/de\\\/sustainability\\\/prozesssicherheitsmanagement-und-sicherheitstechnik\\\/#primaryimage\",\"url\":\"https:\\\/\\\/www.protect.airbus.com\\\/wp-content\\\/uploads\\\/2022\\\/06\\\/header-sustainability-sous-page.jpg\",\"contentUrl\":\"https:\\\/\\\/www.protect.airbus.com\\\/wp-content\\\/uploads\\\/2022\\\/06\\\/header-sustainability-sous-page.jpg\",\"width\":1920,\"height\":358},{\"@type\":\"BreadcrumbList\",\"@id\":\"https:\\\/\\\/www.protect.airbus.com\\\/de\\\/sustainability\\\/prozesssicherheitsmanagement-und-sicherheitstechnik\\\/#breadcrumb\",\"itemListElement\":[{\"@type\":\"ListItem\",\"position\":1,\"name\":\"Home\",\"item\":\"https:\\\/\\\/www.protect.airbus.com\\\/de\\\/\"},{\"@type\":\"ListItem\",\"position\":2,\"name\":\"Sustainability\",\"item\":\"https:\\\/\\\/www.protect.airbus.com\\\/de\\\/sustainability\\\/\"},{\"@type\":\"ListItem\",\"position\":3,\"name\":\"Prozesssicherheitsmanagement und Sicherheitstechnik\"}]},{\"@type\":\"WebSite\",\"@id\":\"https:\\\/\\\/www.protect.airbus.com\\\/de\\\/#website\",\"url\":\"https:\\\/\\\/www.protect.airbus.com\\\/de\\\/\",\"name\":\"Airbus Protect\",\"description\":\"\",\"publisher\":{\"@id\":\"https:\\\/\\\/www.protect.airbus.com\\\/de\\\/#organization\"},\"potentialAction\":[{\"@type\":\"SearchAction\",\"target\":{\"@type\":\"EntryPoint\",\"urlTemplate\":\"https:\\\/\\\/www.protect.airbus.com\\\/de\\\/?s={search_term_string}\"},\"query-input\":{\"@type\":\"PropertyValueSpecification\",\"valueRequired\":true,\"valueName\":\"search_term_string\"}}],\"inLanguage\":\"de\"},{\"@type\":\"Organization\",\"@id\":\"https:\\\/\\\/www.protect.airbus.com\\\/de\\\/#organization\",\"name\":\"Airbus Protect\",\"url\":\"https:\\\/\\\/www.protect.airbus.com\\\/de\\\/\",\"logo\":{\"@type\":\"ImageObject\",\"inLanguage\":\"de\",\"@id\":\"https:\\\/\\\/www.protect.airbus.com\\\/de\\\/#\\\/schema\\\/logo\\\/image\\\/\",\"url\":\"https:\\\/\\\/www.protect.airbus.com\\\/wp-content\\\/uploads\\\/2023\\\/05\\\/logo-airbus-protect-696-696.png\",\"contentUrl\":\"https:\\\/\\\/www.protect.airbus.com\\\/wp-content\\\/uploads\\\/2023\\\/05\\\/logo-airbus-protect-696-696.png\",\"width\":696,\"height\":696,\"caption\":\"Airbus Protect\"},\"image\":{\"@id\":\"https:\\\/\\\/www.protect.airbus.com\\\/de\\\/#\\\/schema\\\/logo\\\/image\\\/\"},\"sameAs\":[\"https:\\\/\\\/www.linkedin.com\\\/company\\\/airbus-protect\\\/\",\"https:\\\/\\\/www.youtube.com\\\/@airbusprotect7483\"],\"contactPoint\":{\"@type\":\"ContactPoint\",\"email\":\"protect@airbus.com\",\"contactType\":\"customer service\",\"areaServed\":[\"GB\",\"FR\",\"ES\",\"DE\",\"BE\",\"CH\",\"PT\",\"DK\",\"AT\"],\"availableLanguage\":[\"en\",\"fr\",\"de\"]}}]}<\/script>\n<!-- \/ Yoast SEO Premium plugin. -->","yoast_head_json":{"title":"Prozesssicherheitsmanagement und Sicherheitstechnik - Airbus Protect","description":"Unsere Experten bei Airbus Protect k\u00f6nnen Ihnen helfen, die Safety- und Security-Leistung Ihres Unternehmens zu verbessern.","robots":{"index":"index","follow":"follow","max-snippet":"max-snippet:-1","max-image-preview":"max-image-preview:large","max-video-preview":"max-video-preview:-1"},"canonical":"https:\/\/www.protect.airbus.com\/de\/sustainability\/prozesssicherheitsmanagement-und-sicherheitstechnik\/","og_locale":"de_DE","og_type":"article","og_title":"Prozesssicherheitsmanagement und Sicherheitstechnik","og_description":"Unsere Experten bei Airbus Protect k\u00f6nnen Ihnen helfen, die Safety- und Security-Leistung Ihres Unternehmens zu verbessern.","og_url":"https:\/\/www.protect.airbus.com\/de\/sustainability\/prozesssicherheitsmanagement-und-sicherheitstechnik\/","og_site_name":"Airbus Protect","article_modified_time":"2024-08-01T14:16:54+00:00","og_image":[{"width":1920,"height":358,"url":"https:\/\/www.protect.airbus.com\/wp-content\/uploads\/2022\/06\/header-sustainability-sous-page.jpg","type":"image\/jpeg"}],"twitter_card":"summary_large_image","twitter_misc":{"Gesch\u00e4tzte Lesezeit":"2\u00a0Minuten"},"schema":{"@context":"https:\/\/schema.org","@graph":[{"@type":"BlogPosting","mainEntityOfPage":{"@type":"WebPage","@id":"https:\/\/www.protect.airbus.com\/de\/sustainability\/prozesssicherheitsmanagement-und-sicherheitstechnik\/"},"headline":"Das EU-Gesetz zur KI ist in Kraft getreten! Hier erfahren Sie, was Sie wissen m\u00fcssen.","description":"","author":{"@id":"https:\/\/www.protect.airbus.com\/#organization"},"publisher":{"@id":"https:\/\/www.protect.airbus.com\/#organization"},"image":"https:\/\/www.protect.airbus.com\/wp-content\/uploads\/2024\/08\/blog-banner-16.png","datePublished":"2023-07-07T15:45:17+00:00","dateModified":"2024-08-01T14:16:54+00:00"},{"@type":"WebPage","@id":"https:\/\/www.protect.airbus.com\/de\/sustainability\/prozesssicherheitsmanagement-und-sicherheitstechnik\/","url":"https:\/\/www.protect.airbus.com\/de\/sustainability\/prozesssicherheitsmanagement-und-sicherheitstechnik\/","name":"Prozesssicherheitsmanagement und Sicherheitstechnik - Airbus Protect","isPartOf":{"@id":"https:\/\/www.protect.airbus.com\/de\/#website"},"primaryImageOfPage":{"@id":"https:\/\/www.protect.airbus.com\/de\/sustainability\/prozesssicherheitsmanagement-und-sicherheitstechnik\/#primaryimage"},"image":{"@id":"https:\/\/www.protect.airbus.com\/de\/sustainability\/prozesssicherheitsmanagement-und-sicherheitstechnik\/#primaryimage"},"thumbnailUrl":"https:\/\/www.protect.airbus.com\/wp-content\/uploads\/2022\/06\/header-sustainability-sous-page.jpg","datePublished":"2023-07-07T15:45:17+00:00","dateModified":"2024-08-01T14:16:54+00:00","description":"Unsere Experten bei Airbus Protect k\u00f6nnen Ihnen helfen, die Safety- und Security-Leistung Ihres Unternehmens zu verbessern.","breadcrumb":{"@id":"https:\/\/www.protect.airbus.com\/de\/sustainability\/prozesssicherheitsmanagement-und-sicherheitstechnik\/#breadcrumb"},"inLanguage":"de","potentialAction":[{"@type":"ReadAction","target":["https:\/\/www.protect.airbus.com\/de\/sustainability\/prozesssicherheitsmanagement-und-sicherheitstechnik\/"]}]},{"@type":"ImageObject","inLanguage":"de","@id":"https:\/\/www.protect.airbus.com\/de\/sustainability\/prozesssicherheitsmanagement-und-sicherheitstechnik\/#primaryimage","url":"https:\/\/www.protect.airbus.com\/wp-content\/uploads\/2022\/06\/header-sustainability-sous-page.jpg","contentUrl":"https:\/\/www.protect.airbus.com\/wp-content\/uploads\/2022\/06\/header-sustainability-sous-page.jpg","width":1920,"height":358},{"@type":"BreadcrumbList","@id":"https:\/\/www.protect.airbus.com\/de\/sustainability\/prozesssicherheitsmanagement-und-sicherheitstechnik\/#breadcrumb","itemListElement":[{"@type":"ListItem","position":1,"name":"Home","item":"https:\/\/www.protect.airbus.com\/de\/"},{"@type":"ListItem","position":2,"name":"Sustainability","item":"https:\/\/www.protect.airbus.com\/de\/sustainability\/"},{"@type":"ListItem","position":3,"name":"Prozesssicherheitsmanagement und Sicherheitstechnik"}]},{"@type":"WebSite","@id":"https:\/\/www.protect.airbus.com\/de\/#website","url":"https:\/\/www.protect.airbus.com\/de\/","name":"Airbus Protect","description":"","publisher":{"@id":"https:\/\/www.protect.airbus.com\/de\/#organization"},"potentialAction":[{"@type":"SearchAction","target":{"@type":"EntryPoint","urlTemplate":"https:\/\/www.protect.airbus.com\/de\/?s={search_term_string}"},"query-input":{"@type":"PropertyValueSpecification","valueRequired":true,"valueName":"search_term_string"}}],"inLanguage":"de"},{"@type":"Organization","@id":"https:\/\/www.protect.airbus.com\/de\/#organization","name":"Airbus Protect","url":"https:\/\/www.protect.airbus.com\/de\/","logo":{"@type":"ImageObject","inLanguage":"de","@id":"https:\/\/www.protect.airbus.com\/de\/#\/schema\/logo\/image\/","url":"https:\/\/www.protect.airbus.com\/wp-content\/uploads\/2023\/05\/logo-airbus-protect-696-696.png","contentUrl":"https:\/\/www.protect.airbus.com\/wp-content\/uploads\/2023\/05\/logo-airbus-protect-696-696.png","width":696,"height":696,"caption":"Airbus Protect"},"image":{"@id":"https:\/\/www.protect.airbus.com\/de\/#\/schema\/logo\/image\/"},"sameAs":["https:\/\/www.linkedin.com\/company\/airbus-protect\/","https:\/\/www.youtube.com\/@airbusprotect7483"],"contactPoint":{"@type":"ContactPoint","email":"protect@airbus.com","contactType":"customer service","areaServed":["GB","FR","ES","DE","BE","CH","PT","DK","AT"],"availableLanguage":["en","fr","de"]}}]}},"_links":{"self":[{"href":"https:\/\/www.protect.airbus.com\/de\/wp-json\/wp\/v2\/pages\/6839","targetHints":{"allow":["GET"]}}],"collection":[{"href":"https:\/\/www.protect.airbus.com\/de\/wp-json\/wp\/v2\/pages"}],"about":[{"href":"https:\/\/www.protect.airbus.com\/de\/wp-json\/wp\/v2\/types\/page"}],"author":[{"embeddable":true,"href":"https:\/\/www.protect.airbus.com\/de\/wp-json\/wp\/v2\/users\/8"}],"replies":[{"embeddable":true,"href":"https:\/\/www.protect.airbus.com\/de\/wp-json\/wp\/v2\/comments?post=6839"}],"version-history":[{"count":4,"href":"https:\/\/www.protect.airbus.com\/de\/wp-json\/wp\/v2\/pages\/6839\/revisions"}],"predecessor-version":[{"id":15420,"href":"https:\/\/www.protect.airbus.com\/de\/wp-json\/wp\/v2\/pages\/6839\/revisions\/15420"}],"up":[{"embeddable":true,"href":"https:\/\/www.protect.airbus.com\/de\/wp-json\/wp\/v2\/pages\/7285"}],"wp:featuredmedia":[{"embeddable":true,"href":"https:\/\/www.protect.airbus.com\/de\/wp-json\/wp\/v2\/media\/3837"}],"wp:attachment":[{"href":"https:\/\/www.protect.airbus.com\/de\/wp-json\/wp\/v2\/media?parent=6839"}],"curies":[{"name":"wp","href":"https:\/\/api.w.org\/{rel}","templated":true}]}}