{"id":6836,"date":"2023-07-07T17:34:21","date_gmt":"2023-07-07T15:34:21","guid":{"rendered":"https:\/\/www.protect.airbus.com\/sustainability\/environmental-regulatory-studies\/"},"modified":"2023-08-16T15:55:41","modified_gmt":"2023-08-16T13:55:41","slug":"umwelt-und-regulierungsstudien","status":"publish","type":"page","link":"https:\/\/www.protect.airbus.com\/de\/sustainability\/umwelt-und-regulierungsstudien\/","title":{"rendered":"Umwelt- und Regulierungsstudien"},"content":{"rendered":"<div class=\"wpb-content-wrapper\"><p>[vc_row][vc_column][vc_column_text h2_style=&#8220;h2Big&#8220; css=&#8220;.vc_custom_1692193528122{margin-bottom: 0px !important;padding-bottom: 0px !important;}&#8220;]<\/p>\n<h2>Gew\u00e4hrleistung der durchg\u00e4ngigen Einhaltung der f\u00fcr Industrieanlagen geltenden gesetzlichen Bestimmungen<\/h2>\n<p>[\/vc_column_text][vc_column_text p_style=&#8220;pBig&#8220;]<span style=\"font-weight: 400;\">Die <\/span><span style=\"font-weight: 400;\">zunehmende Sorge um die Umwelt schl\u00e4gt sich in strengeren, sich st\u00e4ndig ver\u00e4ndernden Normen und Vorschriften nieder. Dadurch wird die Einhaltung von Umwelt- und Rechtsvorschriften immer komplexer &#8211; insbesondere f\u00fcr Industrieunternehmen.<\/span><\/p>\n<p><span style=\"font-weight: 400;\">Strategien f\u00fcr das industrielle Risikomanagement erfordern ein hohes Ma\u00df an Aufmerksamkeit, um die Auswirkungen auf die Umwelt zu mindern und die Kontinuit\u00e4t des Gesch\u00e4ftsbetriebs zu gew\u00e4hrleisten.<\/span>[\/vc_column_text][vc_column_text h2_style=&#8220;h2Big&#8220; css=&#8220;.vc_custom_1692193552969{margin-bottom: 0px !important;padding-bottom: 0px !important;}&#8220;]<\/p>\n<h3>Wir sind Wegbereiter<\/h3>\n<p>[\/vc_column_text][vc_column_text p_style=&#8220;pHighlight&#8220;]Mit mehr als drei Jahrzehnten Erfahrung in den Bereichen Sicherheit und Nachhaltigkeit f\u00fcr Unternehmen sind unsere multidisziplin\u00e4ren Teams perfekt aufgestellt, um die Einhaltung der geltenden Vorschriften zu gew\u00e4hrleisten.<\/p>\n<p>Von der Erstellung von Genehmigungsdossiers f\u00fcr Biomasseanlagen bis hin zur Durchf\u00fchrung von Sicherheitsanalysen f\u00fcr Windkraftanlagen sind wir ein zuverl\u00e4ssiger Partner f\u00fcr alle Industrieunternehmen, die ihre gesch\u00e4ftliche Widerstandsf\u00e4higkeit erh\u00f6hen und gleichzeitig die Nachhaltigkeit und die Einhaltung von Vorschriften verbessern wollen.[\/vc_column_text][vc_column_text h2_style=&#8220;h2Big&#8220; css=&#8220;.vc_custom_1692193581257{margin-bottom: 0px !important;padding-bottom: 0px !important;}&#8220;]<\/p>\n<h3>Warum Airbus Protect?<\/h3>\n<p>[\/vc_column_text][vc_column_text p_style=&#8220;pHighlight&#8220;]Um die Einhaltung von Umweltvorschriften und gesetzlichen Bestimmungen in allen Gesch\u00e4ftsbereichen zu gew\u00e4hrleisten, konzentrieren wir uns auf die folgenden Bereiche:[\/vc_column_text][vc_column_text]<\/p>\n<ul>\n<li style=\"font-weight: 400;\" aria-level=\"1\"><span style=\"font-weight: 400;\">Kontrolle der Auswirkungen industrieller und nuklearer T\u00e4tigkeiten auf die Umwelt<\/span><\/li>\n<li style=\"font-weight: 400;\" aria-level=\"1\"><span style=\"font-weight: 400;\">Sicherstellung der Einhaltung der ICPE-Gesetzgebung und der SEVESO-Anforderungen<\/span><\/li>\n<li style=\"font-weight: 400;\" aria-level=\"1\"><span style=\"font-weight: 400;\">Bereitstellung von Leitlinien f\u00fcr die Risikominderung<\/span><\/li>\n<li style=\"font-weight: 400;\" aria-level=\"1\"><span style=\"font-weight: 400;\">Sicherstellung der Betriebsbereitschaft von Produktionsst\u00e4tten<\/span><\/li>\n<li style=\"font-weight: 400;\" aria-level=\"1\"><span style=\"font-weight: 400;\">F\u00f6rderung einer Kultur der Unternehmens- und Klimaresilienz<\/span><\/li>\n<\/ul>\n<p>[\/vc_column_text][vc_column_text h2_style=&#8220;h2Big&#8220; css=&#8220;.vc_custom_1692193879552{margin-bottom: 0px !important;padding-bottom: 0px !important;}&#8220;]<\/p>\n<h3>Unser Angebot<\/h3>\n<p>[\/vc_column_text][vc_column_text p_style=&#8220;pHighlight&#8220;]Unsere hochqualifizierten Consultants, Expertinnen und Experten sowie Trainerinnen und Trainer k\u00f6nnen Ihnen helfen, Risiken zu managen und zu mindern und die Einhaltung von Umweltstandards und -vorschriften zu verbessern. Unser Angebot umfasst:[\/vc_column_text][vc_column_text]<\/p>\n<ul>\n<li style=\"font-weight: 400;\" aria-level=\"1\"><span style=\"font-weight: 400;\">Umweltvertr\u00e4glichkeitsstudien<\/span><\/li>\n<li style=\"font-weight: 400;\" aria-level=\"1\"><span style=\"font-weight: 400;\">Studien \u00fcber gesundheitliche Risiken<\/span><\/li>\n<li style=\"font-weight: 400;\" aria-level=\"1\"><span style=\"font-weight: 400;\">IED-Studien<\/span><\/li>\n<li style=\"font-weight: 400;\" aria-level=\"1\"><span style=\"font-weight: 400;\">Studien zur Gef\u00e4hrdung<\/span><\/li>\n<li style=\"font-weight: 400;\" aria-level=\"1\"><span style=\"font-weight: 400;\">Genehmigungsdossier<\/span><\/li>\n<li style=\"font-weight: 400;\" aria-level=\"1\"><span style=\"font-weight: 400;\">Studien zu sicherheitsgerichteten Systemen<\/span><\/li>\n<li style=\"font-weight: 400;\" aria-level=\"1\"><span style=\"font-weight: 400;\">ATEX-Risiko, DRPCE<\/span><\/li>\n<li style=\"font-weight: 400;\" aria-level=\"1\"><span style=\"font-weight: 400;\">Blitzschlagrisiko<\/span><\/li>\n<li style=\"font-weight: 400;\" aria-level=\"1\"><span style=\"font-weight: 400;\">Sicherheit von Transportpipelines<\/span><\/li>\n<li style=\"font-weight: 400;\" aria-level=\"1\"><span style=\"font-weight: 400;\">Pyrotechnische Sicherheit<\/span><\/li>\n<li style=\"font-weight: 400;\" aria-level=\"1\"><span style=\"font-weight: 400;\">Mapping Tools<\/span><\/li>\n<li style=\"font-weight: 400;\" aria-level=\"1\"><span style=\"font-weight: 400;\">PPRT-Unterst\u00fctzung<\/span><\/li>\n<li style=\"font-weight: 400;\" aria-level=\"1\"><span style=\"font-weight: 400;\">Notfallpl\u00e4ne (ERP) <\/span><\/li>\n<\/ul>\n<p>[\/vc_column_text]    <div class=\"hightlightBracket\">\n        <div class=\"glyphe\"><\/div>\n        <div class=\"highlight\"><p>Nehmen Sie Kontakt auf und erfahren Sie, wie wir Sie unterst\u00fctzen k\u00f6nnen<\/p><\/div>\n    <\/div>\n    <div class=\"divBtCTA btAlignCenter\"><a href=\"https:\/\/www.protect.airbus.com\/de\/kontakt\/\"  class=\"button btAuto\">Kontakt aufnehmen<\/a><\/div><div class=\"whatsNew\" id=\"whatsnew_69eac50dd843b\">\n    <div class=\"lineTitleFilter\">\n        <div id=\"conteneur_h2_WhatsNew\"><h2>Was gibt&#039;s Neues?<\/h2><\/div>\n        <div id=\"conteneur_FiltreWhatsNew\">\n\t\t\t<div class=\"filterWhatsNew\"><span>Filter<\/span>\n\t\t\t\t<ul>\n\t\t\t\t\t<li><button type=\"button\" class=\"btFilter bfFilterNews\" onclick=\"fctFilterWhatsNew('news','allCategories','whatsnew_69eac50dd843b')\">News<\/button><\/li>\n\t\t\t\t\t<li><button type=\"button\" class=\"btFilter bfFilterWhitePaper\" onclick=\"fctFilterWhatsNew('whitepaper','allCategories','whatsnew_69eac50dd843b')\">White paper<\/button><\/li>\n\t\t\t\t\t<li><button type=\"button\" class=\"btFilter bfFilterBlog\" onclick=\"fctFilterWhatsNew('blog','allCategories','whatsnew_69eac50dd843b')\">Blog<\/button><\/li>\n\t\t\t\t\t<li><button type=\"button\" class=\"btFilter bfFilterEvent\" onclick=\"fctFilterWhatsNew('event','allCategories','whatsnew_69eac50dd843b')\">Events<\/button><\/li>\n\t\t\t\t<\/ul><\/div>\n\t\t\t<div id=\"whathsnew_glyphe\"><\/div>\n\t\t<\/div>\n    <\/div>\n\t\n    <div class=\"listWhatsNew\">\n    <article id=\"whatsnew_item_7562\">\n    <span class=\"whatsNewType\">Blog<\/span>\n    <a href=\"https:\/\/www.protect.airbus.com\/de\/blog\/bsi-listet-airbus-protect-als-qualifizierten-apt-response-dienstleister\/\"><img loading=\"lazy\" decoding=\"async\" width=\"349\" height=\"189\" src=\"https:\/\/www.protect.airbus.com\/wp-content\/uploads\/2023\/10\/IT-SA-2023-2-349x189.png\" class=\"attachment-post-bloc size-post-bloc wp-post-image\" alt=\"Qualified APT Response Service Provider\" \/><\/a>\n    <div class=\"titreWN\">BSI listet Airbus Protect als qualifizierten APT-Response- Dienstleister<\/div>\n    <p><p>Immer h\u00e4ufiger kommt es zu massiven Cyberangriffen auf Unternehmen und staatliche Einrichtungen. Bei gezielten Angriffen von starken Gegnern, den sogenannten Advanced Persistent Threats (APT), stellt die Abwehr von laufenden oder erfolgten Attacken spezielle Anforderungen an die dabei eingesetzten Dienstleister. Airbus Protect hat im Juli 2023 die Pr\u00fcfung des Bundesamtes f\u00fcr Sicherheit in der Informationstechnik (BSI) [&hellip;]<\/p>\n<\/p>\n        <div id=\"conteneur_btReadMore\"><a href=\"https:\/\/www.protect.airbus.com\/de\/blog\/bsi-listet-airbus-protect-als-qualifizierten-apt-response-dienstleister\/\" class=\"btReadMore\">Mehr erfahren<\/a><\/div><\/article>\n<article id=\"whatsnew_item_8003\">\n    <span class=\"whatsNewType\">Blog<\/span>\n    <a href=\"https:\/\/www.protect.airbus.com\/de\/blog\/planning-incident-response-plan\/\"><img loading=\"lazy\" decoding=\"async\" width=\"349\" height=\"189\" src=\"https:\/\/www.protect.airbus.com\/wp-content\/uploads\/2023\/11\/AdobeStock_337081875-349x189.jpeg\" class=\"attachment-post-bloc size-post-bloc wp-post-image\" alt=\"cyber attack screen\" \/><\/a>\n    <div class=\"titreWN\">Planung f\u00fcr das Unvermeidliche: Wie Sie Ihre Reaktion auf incident response<\/div>\n    <p><p>[vc_row][vc_column][vc_column_text] Was ist ein Incident Response-Plan Ein Notfallplan (Incident Response Plan, IRP) dient als individuelles, strukturiertes Regelwerk f\u00fcr Unternehmen, das eine Reihe von Verfahren und Richtlinien f\u00fcr den Fall eines Sicherheitsvorfalls enth\u00e4lt. Diese st\u00f6renden Ereignisse haben das Potenzial, die Verf\u00fcgbarkeit, Vertraulichkeit und Integrit\u00e4t eines IT-Systems zu bedrohen und seine Daten zu gef\u00e4hrden.\u00a0 Ein Plan zur [&hellip;]<\/p>\n<\/p>\n        <div id=\"conteneur_btReadMore\"><a href=\"https:\/\/www.protect.airbus.com\/de\/blog\/planning-incident-response-plan\/\" class=\"btReadMore\">Mehr erfahren<\/a><\/div><\/article>\n<article id=\"whatsnew_item_6396\">\n    <span class=\"whatsNewType\">Blog<\/span>\n    <a href=\"https:\/\/www.protect.airbus.com\/de\/blog\/cybersecurity-fachjargon-mdr-soc-edr-xdr-soar-siem\/\"><img loading=\"lazy\" decoding=\"async\" width=\"349\" height=\"189\" src=\"https:\/\/www.protect.airbus.com\/wp-content\/uploads\/2023\/04\/AdobeStock_567944606-349x189.jpeg\" class=\"attachment-post-bloc size-post-bloc wp-post-image\" alt=\"man\" \/><\/a>\n    <div class=\"titreWN\">Der Cybersecurity-Fachjargon: MDR, SOC, EDR, XDR, SOAR und SIEM.<\/div>\n    <p><p>[vc_row][vc_column][vc_column_text] MDR, SOC, EDR, XDR, SOAR and SIEM, was bedeutet das alles? Im Bereich der Cybersicherheit ist es \u00fcblich, eine Vielzahl von Akronymen mit zwei, drei oder sogar vier W\u00f6rtern zu verwenden. Wenn Sie neu in diesem Bereich sind, k\u00f6nnen diese Akronyme, gelinde gesagt, verwirrend sein. Um Ihnen die Arbeit zu erleichtern, haben wir diesen [&hellip;]<\/p>\n<\/p>\n        <div id=\"conteneur_btReadMore\"><a href=\"https:\/\/www.protect.airbus.com\/de\/blog\/cybersecurity-fachjargon-mdr-soc-edr-xdr-soar-siem\/\" class=\"btReadMore\">Mehr erfahren<\/a><\/div><\/article>\n    <\/div>\n    <div class=\"conteneurLineMoreInsight\"><div class=\"lineMoreInsight\"><a href=\"\/de\/insights\/\">Weitere Einblicke<\/a><\/div><\/div>\n<\/div>\n[\/vc_column][\/vc_row]<\/p>\n<\/div>","protected":false},"excerpt":{"rendered":"<p>[vc_row][vc_column][vc_column_text h2_style=&#8220;h2Big&#8220; css=&#8220;.vc_custom_1692193528122{margin-bottom: 0px !important;padding-bottom: 0px !important;}&#8220;] Gew\u00e4hrleistung der durchg\u00e4ngigen Einhaltung der f\u00fcr Industrieanlagen geltenden gesetzlichen Bestimmungen [\/vc_column_text][vc_column_text p_style=&#8220;pBig&#8220;]Die zunehmende Sorge um die Umwelt schl\u00e4gt sich in strengeren, sich st\u00e4ndig ver\u00e4ndernden Normen und Vorschriften nieder. Dadurch wird die Einhaltung von Umwelt- und Rechtsvorschriften immer komplexer &#8211; insbesondere f\u00fcr Industrieunternehmen. Strategien f\u00fcr das industrielle Risikomanagement erfordern [&hellip;]<\/p>\n","protected":false},"author":8,"featured_media":3837,"parent":7285,"menu_order":0,"comment_status":"closed","ping_status":"closed","template":"","meta":{"_acf_changed":false,"content-type":"","_relevanssi_hide_post":"","_relevanssi_hide_content":"","_relevanssi_pin_for_all":"","_relevanssi_pin_keywords":"","_relevanssi_unpin_keywords":"","_relevanssi_related_keywords":"","_relevanssi_related_include_ids":"","_relevanssi_related_exclude_ids":"","_relevanssi_related_no_append":"","_relevanssi_related_not_related":"","_relevanssi_related_posts":"","_relevanssi_noindex_reason":"","footnotes":""},"class_list":["post-6836","page","type-page","status-publish","has-post-thumbnail","hentry"],"acf":[],"yoast_head":"<!-- This site is optimized with the Yoast SEO Premium plugin v27.4 (Yoast SEO v27.4) - https:\/\/yoast.com\/product\/yoast-seo-premium-wordpress\/ -->\n<title>Umwelt- und Regulierungsstudien - Airbus Protect<\/title>\n<meta name=\"description\" content=\"Mit unseren Dienstleistungen stellen wir sicher, dass Ihr Unternehmen die wichtigsten Nachhaltigkeitsstandards und deren Einhaltung abdeckt.\" \/>\n<meta name=\"robots\" content=\"index, follow, max-snippet:-1, max-image-preview:large, max-video-preview:-1\" \/>\n<link rel=\"canonical\" href=\"https:\/\/www.protect.airbus.com\/de\/sustainability\/umwelt-und-regulierungsstudien\/\" \/>\n<meta property=\"og:locale\" content=\"de_DE\" \/>\n<meta property=\"og:type\" content=\"article\" \/>\n<meta property=\"og:title\" content=\"Umwelt- und Regulierungsstudien\" \/>\n<meta property=\"og:description\" content=\"Mit unseren Dienstleistungen stellen wir sicher, dass Ihr Unternehmen die wichtigsten Nachhaltigkeitsstandards und deren Einhaltung abdeckt.\" \/>\n<meta property=\"og:url\" content=\"https:\/\/www.protect.airbus.com\/de\/sustainability\/umwelt-und-regulierungsstudien\/\" \/>\n<meta property=\"og:site_name\" content=\"Airbus Protect\" \/>\n<meta property=\"article:modified_time\" content=\"2023-08-16T13:55:41+00:00\" \/>\n<meta property=\"og:image\" content=\"https:\/\/www.protect.airbus.com\/wp-content\/uploads\/2022\/06\/header-sustainability-sous-page.jpg\" \/>\n\t<meta property=\"og:image:width\" content=\"1920\" \/>\n\t<meta property=\"og:image:height\" content=\"358\" \/>\n\t<meta property=\"og:image:type\" content=\"image\/jpeg\" \/>\n<meta name=\"twitter:card\" content=\"summary_large_image\" \/>\n<meta name=\"twitter:label1\" content=\"Gesch\u00e4tzte Lesezeit\" \/>\n\t<meta name=\"twitter:data1\" content=\"2\u00a0Minuten\" \/>\n<script type=\"application\/ld+json\" class=\"yoast-schema-graph\">{\"@context\":\"https:\\\/\\\/schema.org\",\"@graph\":[{\"@type\":\"BlogPosting\",\"mainEntityOfPage\":{\"@type\":\"WebPage\",\"@id\":\"https:\\\/\\\/www.protect.airbus.com\\\/de\\\/sustainability\\\/umwelt-und-regulierungsstudien\\\/\"},\"headline\":\"Der Cybersecurity-Fachjargon: MDR, SOC, EDR, XDR, SOAR und SIEM.\",\"description\":\"\",\"author\":{\"@id\":\"https:\\\/\\\/www.protect.airbus.com\\\/#organization\"},\"publisher\":{\"@id\":\"https:\\\/\\\/www.protect.airbus.com\\\/#organization\"},\"image\":\"https:\\\/\\\/www.protect.airbus.com\\\/wp-content\\\/uploads\\\/2023\\\/04\\\/AdobeStock_567944606-scaled.jpeg\",\"datePublished\":\"2023-07-07T15:34:21+00:00\",\"dateModified\":\"2023-08-16T13:55:41+00:00\"},{\"@type\":\"WebPage\",\"@id\":\"https:\\\/\\\/www.protect.airbus.com\\\/de\\\/sustainability\\\/umwelt-und-regulierungsstudien\\\/\",\"url\":\"https:\\\/\\\/www.protect.airbus.com\\\/de\\\/sustainability\\\/umwelt-und-regulierungsstudien\\\/\",\"name\":\"Umwelt- und Regulierungsstudien - Airbus Protect\",\"isPartOf\":{\"@id\":\"https:\\\/\\\/www.protect.airbus.com\\\/de\\\/#website\"},\"primaryImageOfPage\":{\"@id\":\"https:\\\/\\\/www.protect.airbus.com\\\/de\\\/sustainability\\\/umwelt-und-regulierungsstudien\\\/#primaryimage\"},\"image\":{\"@id\":\"https:\\\/\\\/www.protect.airbus.com\\\/de\\\/sustainability\\\/umwelt-und-regulierungsstudien\\\/#primaryimage\"},\"thumbnailUrl\":\"https:\\\/\\\/www.protect.airbus.com\\\/wp-content\\\/uploads\\\/2022\\\/06\\\/header-sustainability-sous-page.jpg\",\"datePublished\":\"2023-07-07T15:34:21+00:00\",\"dateModified\":\"2023-08-16T13:55:41+00:00\",\"description\":\"Mit unseren Dienstleistungen stellen wir sicher, dass Ihr Unternehmen die wichtigsten Nachhaltigkeitsstandards und deren Einhaltung abdeckt.\",\"breadcrumb\":{\"@id\":\"https:\\\/\\\/www.protect.airbus.com\\\/de\\\/sustainability\\\/umwelt-und-regulierungsstudien\\\/#breadcrumb\"},\"inLanguage\":\"de\",\"potentialAction\":[{\"@type\":\"ReadAction\",\"target\":[\"https:\\\/\\\/www.protect.airbus.com\\\/de\\\/sustainability\\\/umwelt-und-regulierungsstudien\\\/\"]}]},{\"@type\":\"ImageObject\",\"inLanguage\":\"de\",\"@id\":\"https:\\\/\\\/www.protect.airbus.com\\\/de\\\/sustainability\\\/umwelt-und-regulierungsstudien\\\/#primaryimage\",\"url\":\"https:\\\/\\\/www.protect.airbus.com\\\/wp-content\\\/uploads\\\/2022\\\/06\\\/header-sustainability-sous-page.jpg\",\"contentUrl\":\"https:\\\/\\\/www.protect.airbus.com\\\/wp-content\\\/uploads\\\/2022\\\/06\\\/header-sustainability-sous-page.jpg\",\"width\":1920,\"height\":358},{\"@type\":\"BreadcrumbList\",\"@id\":\"https:\\\/\\\/www.protect.airbus.com\\\/de\\\/sustainability\\\/umwelt-und-regulierungsstudien\\\/#breadcrumb\",\"itemListElement\":[{\"@type\":\"ListItem\",\"position\":1,\"name\":\"Home\",\"item\":\"https:\\\/\\\/www.protect.airbus.com\\\/de\\\/\"},{\"@type\":\"ListItem\",\"position\":2,\"name\":\"Sustainability\",\"item\":\"https:\\\/\\\/www.protect.airbus.com\\\/de\\\/sustainability\\\/\"},{\"@type\":\"ListItem\",\"position\":3,\"name\":\"Umwelt- und Regulierungsstudien\"}]},{\"@type\":\"WebSite\",\"@id\":\"https:\\\/\\\/www.protect.airbus.com\\\/de\\\/#website\",\"url\":\"https:\\\/\\\/www.protect.airbus.com\\\/de\\\/\",\"name\":\"Airbus Protect\",\"description\":\"\",\"publisher\":{\"@id\":\"https:\\\/\\\/www.protect.airbus.com\\\/de\\\/#organization\"},\"potentialAction\":[{\"@type\":\"SearchAction\",\"target\":{\"@type\":\"EntryPoint\",\"urlTemplate\":\"https:\\\/\\\/www.protect.airbus.com\\\/de\\\/?s={search_term_string}\"},\"query-input\":{\"@type\":\"PropertyValueSpecification\",\"valueRequired\":true,\"valueName\":\"search_term_string\"}}],\"inLanguage\":\"de\"},{\"@type\":\"Organization\",\"@id\":\"https:\\\/\\\/www.protect.airbus.com\\\/de\\\/#organization\",\"name\":\"Airbus Protect\",\"url\":\"https:\\\/\\\/www.protect.airbus.com\\\/de\\\/\",\"logo\":{\"@type\":\"ImageObject\",\"inLanguage\":\"de\",\"@id\":\"https:\\\/\\\/www.protect.airbus.com\\\/de\\\/#\\\/schema\\\/logo\\\/image\\\/\",\"url\":\"https:\\\/\\\/www.protect.airbus.com\\\/wp-content\\\/uploads\\\/2023\\\/05\\\/logo-airbus-protect-696-696.png\",\"contentUrl\":\"https:\\\/\\\/www.protect.airbus.com\\\/wp-content\\\/uploads\\\/2023\\\/05\\\/logo-airbus-protect-696-696.png\",\"width\":696,\"height\":696,\"caption\":\"Airbus Protect\"},\"image\":{\"@id\":\"https:\\\/\\\/www.protect.airbus.com\\\/de\\\/#\\\/schema\\\/logo\\\/image\\\/\"},\"sameAs\":[\"https:\\\/\\\/www.linkedin.com\\\/company\\\/airbus-protect\\\/\",\"https:\\\/\\\/www.youtube.com\\\/@airbusprotect7483\"],\"contactPoint\":{\"@type\":\"ContactPoint\",\"email\":\"protect@airbus.com\",\"contactType\":\"customer service\",\"areaServed\":[\"GB\",\"FR\",\"ES\",\"DE\",\"BE\",\"CH\",\"PT\",\"DK\",\"AT\"],\"availableLanguage\":[\"en\",\"fr\",\"de\"]}}]}<\/script>\n<!-- \/ Yoast SEO Premium plugin. -->","yoast_head_json":{"title":"Umwelt- und Regulierungsstudien - Airbus Protect","description":"Mit unseren Dienstleistungen stellen wir sicher, dass Ihr Unternehmen die wichtigsten Nachhaltigkeitsstandards und deren Einhaltung abdeckt.","robots":{"index":"index","follow":"follow","max-snippet":"max-snippet:-1","max-image-preview":"max-image-preview:large","max-video-preview":"max-video-preview:-1"},"canonical":"https:\/\/www.protect.airbus.com\/de\/sustainability\/umwelt-und-regulierungsstudien\/","og_locale":"de_DE","og_type":"article","og_title":"Umwelt- und Regulierungsstudien","og_description":"Mit unseren Dienstleistungen stellen wir sicher, dass Ihr Unternehmen die wichtigsten Nachhaltigkeitsstandards und deren Einhaltung abdeckt.","og_url":"https:\/\/www.protect.airbus.com\/de\/sustainability\/umwelt-und-regulierungsstudien\/","og_site_name":"Airbus Protect","article_modified_time":"2023-08-16T13:55:41+00:00","og_image":[{"width":1920,"height":358,"url":"https:\/\/www.protect.airbus.com\/wp-content\/uploads\/2022\/06\/header-sustainability-sous-page.jpg","type":"image\/jpeg"}],"twitter_card":"summary_large_image","twitter_misc":{"Gesch\u00e4tzte Lesezeit":"2\u00a0Minuten"},"schema":{"@context":"https:\/\/schema.org","@graph":[{"@type":"BlogPosting","mainEntityOfPage":{"@type":"WebPage","@id":"https:\/\/www.protect.airbus.com\/de\/sustainability\/umwelt-und-regulierungsstudien\/"},"headline":"Der Cybersecurity-Fachjargon: MDR, SOC, EDR, XDR, SOAR und SIEM.","description":"","author":{"@id":"https:\/\/www.protect.airbus.com\/#organization"},"publisher":{"@id":"https:\/\/www.protect.airbus.com\/#organization"},"image":"https:\/\/www.protect.airbus.com\/wp-content\/uploads\/2023\/04\/AdobeStock_567944606-scaled.jpeg","datePublished":"2023-07-07T15:34:21+00:00","dateModified":"2023-08-16T13:55:41+00:00"},{"@type":"WebPage","@id":"https:\/\/www.protect.airbus.com\/de\/sustainability\/umwelt-und-regulierungsstudien\/","url":"https:\/\/www.protect.airbus.com\/de\/sustainability\/umwelt-und-regulierungsstudien\/","name":"Umwelt- und Regulierungsstudien - Airbus Protect","isPartOf":{"@id":"https:\/\/www.protect.airbus.com\/de\/#website"},"primaryImageOfPage":{"@id":"https:\/\/www.protect.airbus.com\/de\/sustainability\/umwelt-und-regulierungsstudien\/#primaryimage"},"image":{"@id":"https:\/\/www.protect.airbus.com\/de\/sustainability\/umwelt-und-regulierungsstudien\/#primaryimage"},"thumbnailUrl":"https:\/\/www.protect.airbus.com\/wp-content\/uploads\/2022\/06\/header-sustainability-sous-page.jpg","datePublished":"2023-07-07T15:34:21+00:00","dateModified":"2023-08-16T13:55:41+00:00","description":"Mit unseren Dienstleistungen stellen wir sicher, dass Ihr Unternehmen die wichtigsten Nachhaltigkeitsstandards und deren Einhaltung abdeckt.","breadcrumb":{"@id":"https:\/\/www.protect.airbus.com\/de\/sustainability\/umwelt-und-regulierungsstudien\/#breadcrumb"},"inLanguage":"de","potentialAction":[{"@type":"ReadAction","target":["https:\/\/www.protect.airbus.com\/de\/sustainability\/umwelt-und-regulierungsstudien\/"]}]},{"@type":"ImageObject","inLanguage":"de","@id":"https:\/\/www.protect.airbus.com\/de\/sustainability\/umwelt-und-regulierungsstudien\/#primaryimage","url":"https:\/\/www.protect.airbus.com\/wp-content\/uploads\/2022\/06\/header-sustainability-sous-page.jpg","contentUrl":"https:\/\/www.protect.airbus.com\/wp-content\/uploads\/2022\/06\/header-sustainability-sous-page.jpg","width":1920,"height":358},{"@type":"BreadcrumbList","@id":"https:\/\/www.protect.airbus.com\/de\/sustainability\/umwelt-und-regulierungsstudien\/#breadcrumb","itemListElement":[{"@type":"ListItem","position":1,"name":"Home","item":"https:\/\/www.protect.airbus.com\/de\/"},{"@type":"ListItem","position":2,"name":"Sustainability","item":"https:\/\/www.protect.airbus.com\/de\/sustainability\/"},{"@type":"ListItem","position":3,"name":"Umwelt- und Regulierungsstudien"}]},{"@type":"WebSite","@id":"https:\/\/www.protect.airbus.com\/de\/#website","url":"https:\/\/www.protect.airbus.com\/de\/","name":"Airbus Protect","description":"","publisher":{"@id":"https:\/\/www.protect.airbus.com\/de\/#organization"},"potentialAction":[{"@type":"SearchAction","target":{"@type":"EntryPoint","urlTemplate":"https:\/\/www.protect.airbus.com\/de\/?s={search_term_string}"},"query-input":{"@type":"PropertyValueSpecification","valueRequired":true,"valueName":"search_term_string"}}],"inLanguage":"de"},{"@type":"Organization","@id":"https:\/\/www.protect.airbus.com\/de\/#organization","name":"Airbus Protect","url":"https:\/\/www.protect.airbus.com\/de\/","logo":{"@type":"ImageObject","inLanguage":"de","@id":"https:\/\/www.protect.airbus.com\/de\/#\/schema\/logo\/image\/","url":"https:\/\/www.protect.airbus.com\/wp-content\/uploads\/2023\/05\/logo-airbus-protect-696-696.png","contentUrl":"https:\/\/www.protect.airbus.com\/wp-content\/uploads\/2023\/05\/logo-airbus-protect-696-696.png","width":696,"height":696,"caption":"Airbus Protect"},"image":{"@id":"https:\/\/www.protect.airbus.com\/de\/#\/schema\/logo\/image\/"},"sameAs":["https:\/\/www.linkedin.com\/company\/airbus-protect\/","https:\/\/www.youtube.com\/@airbusprotect7483"],"contactPoint":{"@type":"ContactPoint","email":"protect@airbus.com","contactType":"customer service","areaServed":["GB","FR","ES","DE","BE","CH","PT","DK","AT"],"availableLanguage":["en","fr","de"]}}]}},"_links":{"self":[{"href":"https:\/\/www.protect.airbus.com\/de\/wp-json\/wp\/v2\/pages\/6836","targetHints":{"allow":["GET"]}}],"collection":[{"href":"https:\/\/www.protect.airbus.com\/de\/wp-json\/wp\/v2\/pages"}],"about":[{"href":"https:\/\/www.protect.airbus.com\/de\/wp-json\/wp\/v2\/types\/page"}],"author":[{"embeddable":true,"href":"https:\/\/www.protect.airbus.com\/de\/wp-json\/wp\/v2\/users\/8"}],"replies":[{"embeddable":true,"href":"https:\/\/www.protect.airbus.com\/de\/wp-json\/wp\/v2\/comments?post=6836"}],"version-history":[{"count":2,"href":"https:\/\/www.protect.airbus.com\/de\/wp-json\/wp\/v2\/pages\/6836\/revisions"}],"predecessor-version":[{"id":6838,"href":"https:\/\/www.protect.airbus.com\/de\/wp-json\/wp\/v2\/pages\/6836\/revisions\/6838"}],"up":[{"embeddable":true,"href":"https:\/\/www.protect.airbus.com\/de\/wp-json\/wp\/v2\/pages\/7285"}],"wp:featuredmedia":[{"embeddable":true,"href":"https:\/\/www.protect.airbus.com\/de\/wp-json\/wp\/v2\/media\/3837"}],"wp:attachment":[{"href":"https:\/\/www.protect.airbus.com\/de\/wp-json\/wp\/v2\/media?parent=6836"}],"curies":[{"name":"wp","href":"https:\/\/api.w.org\/{rel}","templated":true}]}}