{"id":6711,"date":"2022-06-21T10:46:34","date_gmt":"2022-06-21T08:46:34","guid":{"rendered":"https:\/\/www.protect.airbus.com\/safety\/smart-mobility\/"},"modified":"2024-08-01T15:15:10","modified_gmt":"2024-08-01T13:15:10","slug":"intelligente-mobilitaet","status":"publish","type":"page","link":"https:\/\/www.protect.airbus.com\/de\/safety\/intelligente-mobilitaet\/","title":{"rendered":"Intelligente Mobilit\u00e4t"},"content":{"rendered":"<div class=\"wpb-content-wrapper\"><p>[vc_row][vc_column][vc_column_text h2_style=&#8220;h2Big&#8220; css=&#8220;.vc_custom_1691425646173{margin-bottom: 0px !important;padding-bottom: 0px !important;}&#8220;]<\/p>\n<h2>Wir bereiten den Weg f\u00fcr sichere und saubere Mobilit\u00e4tsplattformen<\/h2>\n<p>[\/vc_column_text][vc_column_text p_style=&#8220;pBig&#8220;]Von vernetzten Fahrzeugen bis hin zu Drohnen \u2013 die n\u00e4chste \u00c4ra der intelligenten Mobilit\u00e4t wird unsere Lebensqualit\u00e4t verbessern und die weltweite Dekarbonisierung vorantreiben.<\/p>\n<p>Sie wird aber auch neue Herausforderungen mit sich bringen, wie die Gew\u00e4hrleistung der Sicherheit von zunehmend digitalisierten und vernetzten Verkehrssystemen. Dies erfordert, dass die Sicherheit bereits in der Konzeptionsphase ber\u00fccksichtigt wird \u2013 auf Ebene der Produkte, der Infrastruktur und der Menschen.[\/vc_column_text][vc_column_text h2_style=&#8220;h2Big&#8220; css=&#8220;.vc_custom_1691425679253{margin-bottom: 0px !important;padding-bottom: 0px !important;}&#8220;]<\/p>\n<h3>Wir sind Wegbereiter<\/h3>\n<p>[\/vc_column_text][vc_column_text p_style=&#8220;pHighlight&#8220;]Wir befassen uns mit den Sicherheitsanforderungen der intelligenten Mobilit\u00e4t und erm\u00f6glichen die Entwicklung, Validierung und Optimierung neuer intelligenter Mobilit\u00e4tsplattformen.<\/p>\n<p>Wir stellen die Verbindung zwischen Kunden und Regulierungsbeh\u00f6rden her, um sie bei der Einhaltung der heutigen Regulierungsstandards zu unterst\u00fctzen und die Anforderungen von morgen zu erf\u00fcllen. Au\u00dferdem arbeiten wir mit Industriezulieferern, Ger\u00e4teherstellern, Verkehrsbetrieben, St\u00e4dten und anderen Akteuren zusammen, um die sichere Mobilit\u00e4t der Zukunft zu gestalten.<\/p>\n<p>Dies alles ist Teil unseres ganzheitlichen Ansatzes, der auch Cybersecurity, Data Governance und Sustainability umfasst.[\/vc_column_text][vc_column_text h2_style=&#8220;h2Big&#8220; css=&#8220;.vc_custom_1691425709028{margin-bottom: 0px !important;padding-bottom: 0px !important;}&#8220;]<\/p>\n<h3>Warum Airbus Protect?<\/h3>\n<p>[\/vc_column_text][vc_column_text p_style=&#8220;pHighlight&#8220;]Wir erm\u00f6glichen sichere und gesch\u00fctzte Mobilit\u00e4tsplattformen und damit verbundene Infrastrukturen. Dies beinhaltet:[\/vc_column_text][vc_column_text]<\/p>\n<ul>\n<li style=\"font-weight: 400;\" aria-level=\"1\"><span style=\"font-weight: 400;\">Optimierung und Validierung komplexer Systemarchitekturen<\/span><\/li>\n<li style=\"font-weight: 400;\" aria-level=\"1\"><span style=\"font-weight: 400;\">Modellierung und Simulation spezifischer Herausforderungen der intelligenten Mobilit\u00e4t; Model Based Systems Engineering (MBSE) und Model Based Safety Assessment (MBSA)<\/span><\/li>\n<li style=\"font-weight: 400;\" aria-level=\"1\"><span style=\"font-weight: 400;\">Nahtlose Integration von Urban Air Mobility (UAM) in den Luftraum<\/span><\/li>\n<li style=\"font-weight: 400;\" aria-level=\"1\"><span style=\"font-weight: 400;\">F\u00f6rderung der sozialen Akzeptanz und Annahme neuer Mobilit\u00e4tsformen (eVTOL&#8230;)<\/span><\/li>\n<\/ul>\n<p>[\/vc_column_text][vc_column_text h2_style=&#8220;h2Big&#8220; css=&#8220;.vc_custom_1691425778020{margin-bottom: 0px !important;padding-bottom: 0px !important;}&#8220;]<\/p>\n<h3>Unser Angebot<\/h3>\n<p>[\/vc_column_text][vc_column_text p_style=&#8220;pHighlight&#8220;]Wir helfen beim Aufbau eines intelligenten, sicheren Mobilit\u00e4ts\u00f6kosystems. Mit der Unterst\u00fctzung unserer hochqualifizierten Consultants, Expertinnen und Experten sowie Trainerinnen und Trainern helfen wir unseren Kunden, Risiken im Bereich der sicheren Mobilit\u00e4t zu managen und zu mindern und damit ihre allgemeine Nachhaltigkeit zu verbessern. Unser Angebot umfasst:[\/vc_column_text][vc_column_text]<\/p>\n<ul>\n<li style=\"font-weight: 400;\" aria-level=\"1\">Sicherheits- und Risikoanalyse<\/li>\n<li style=\"font-weight: 400;\" aria-level=\"1\">Entwurf von Architekturen<\/li>\n<li style=\"font-weight: 400;\" aria-level=\"1\">Definition von Rahmenwerken zur Konformit\u00e4tsvalidierung<\/li>\n<li style=\"font-weight: 400;\" aria-level=\"1\">F\u00f6rderung der sozialen Akzeptanz von intelligenten Mobilit\u00e4tssystemen<\/li>\n<\/ul>\n<p>[\/vc_column_text]    <div class=\"hightlightBracket\">\n        <div class=\"glyphe\"><\/div>\n        <div class=\"highlight\"><p>Kontaktieren Sie uns, um herauszufinden, wie wir Ihnen helfen k\u00f6nnen<\/p><\/div>\n    <\/div>\n    <div class=\"divBtCTA btAlignCenter\"><a href=\"https:\/\/www.protect.airbus.com\/de\/kontakt\/\"  class=\"button btAuto\">Kontakt aufnehmen<\/a><\/div><div class=\"whatsNew\" id=\"whatsnew_69e00829658a9\">\n    <div class=\"lineTitleFilter\">\n        <div id=\"conteneur_h2_WhatsNew\"><h2>Was gibt&#039;s Neues?<\/h2><\/div>\n        <div id=\"conteneur_FiltreWhatsNew\">\n\t\t\t<div class=\"filterWhatsNew\"><span>Filter<\/span>\n\t\t\t\t<ul>\n\t\t\t\t\t<li><button type=\"button\" class=\"btFilter bfFilterNews\" onclick=\"fctFilterWhatsNew('news','safety','whatsnew_69e00829658a9')\">News<\/button><\/li>\n\t\t\t\t\t<li><button type=\"button\" class=\"btFilter bfFilterWhitePaper\" onclick=\"fctFilterWhatsNew('whitepaper','safety','whatsnew_69e00829658a9')\">White paper<\/button><\/li>\n\t\t\t\t\t<li><button type=\"button\" class=\"btFilter bfFilterBlog\" onclick=\"fctFilterWhatsNew('blog','safety','whatsnew_69e00829658a9')\">Blog<\/button><\/li>\n\t\t\t\t\t<li><button type=\"button\" class=\"btFilter bfFilterEvent\" onclick=\"fctFilterWhatsNew('event','safety','whatsnew_69e00829658a9')\">Events<\/button><\/li>\n\t\t\t\t<\/ul><\/div>\n\t\t\t<div id=\"whathsnew_glyphe\"><\/div>\n\t\t<\/div>\n    <\/div>\n\t\n    <div class=\"listWhatsNew\">\n    <article id=\"whatsnew_item_7254\">\n    <span class=\"whatsNewType\">Blog<\/span>\n    <a href=\"https:\/\/www.protect.airbus.com\/de\/blog\/3-questions-1-expert-nicolas-blanquet-integrated-modular-avionics-engineer\/\"><img loading=\"lazy\" decoding=\"async\" width=\"349\" height=\"189\" src=\"https:\/\/www.protect.airbus.com\/wp-content\/uploads\/2023\/06\/3-question-1-expert-349x189.png\" class=\"attachment-post-bloc size-post-bloc wp-post-image\" alt=\"Nicolas Blanquet, Expert at Airbus Protect\" \/><\/a>\n    <div class=\"titreWN\">3 Fragen, 1 Experte: Nicolas Blanquet, Ingenieur f\u00fcr integrierte modulare Avionik<\/div>\n    <p><p>[vc_row][vc_column][vc_column_text] Lernen Sie Nicolas kennen, Architekt f\u00fcr Modulintegration bei Airbus Protect in Toulouse, Frankreich. Erz\u00e4hlen Sie uns etwas \u00fcber Ihre Rolle.\u00a0 Ich bin ein Modulintegrationsarchitekt, der sich auf integrierte modulare Avioniksysteme (IMA) spezialisiert hat. Was ist ein IMA-System, h\u00f6re ich Sie fragen?\u00a0 Kurz gesagt, ist ein IMA-Modul ein fortschrittliches Avioniksystem, das in der Luftfahrtindustrie eingesetzt [&hellip;]<\/p>\n<\/p>\n        <div id=\"conteneur_btReadMore\"><a href=\"https:\/\/www.protect.airbus.com\/de\/blog\/3-questions-1-expert-nicolas-blanquet-integrated-modular-avionics-engineer\/\" class=\"btReadMore\">Mehr erfahren<\/a><\/div><\/article>\n<article id=\"whatsnew_item_6577\">\n    <span class=\"whatsNewType\">Blog<\/span>\n    <a href=\"https:\/\/www.protect.airbus.com\/de\/blog\/safety-101-die-terminologie-der-betriebssicherheit-verstehen\/\"><img loading=\"lazy\" decoding=\"async\" width=\"349\" height=\"189\" src=\"https:\/\/www.protect.airbus.com\/wp-content\/uploads\/2023\/07\/safety1-349x189.png\" class=\"attachment-post-bloc size-post-bloc wp-post-image\" alt=\"Safety 101\" \/><\/a>\n    <div class=\"titreWN\">Safety 101: Die Terminologie der Betriebssicherheit verstehen<\/div>\n    <p><p>[vc_row][vc_column][vc_column_text][vc_row][vc_column width=&#8220;1\/1&#8243;][vc_column_text] MBSA, SMS, ATM&#8230; Verstehen Sie alle Akronyme im Sicherheitsumfeld? Wenn nicht, machen Sie sich keine Sorgen. Hier ist Ihr Leitfaden. Zun\u00e4chst einmal: Was genau verstehen wir unter Sicherheit? Die Gew\u00e4hrleistung der Sicherheit in den Bereichen Luft- und Raumfahrt, Verkehr, Energie und Verteidigung ist von entscheidender Bedeutung. Sie erfordert ein Team von Branchenexperten, Ingenieuren [&hellip;]<\/p>\n<\/p>\n        <div id=\"conteneur_btReadMore\"><a href=\"https:\/\/www.protect.airbus.com\/de\/blog\/safety-101-die-terminologie-der-betriebssicherheit-verstehen\/\" class=\"btReadMore\">Mehr erfahren<\/a><\/div><\/article>\n    <\/div>\n    <div class=\"conteneurLineMoreInsight\"><div class=\"lineMoreInsight\"><a href=\"\/de\/insights\/\">Weitere Einblicke<\/a><\/div><\/div>\n<\/div>\n[\/vc_column][\/vc_row]<\/p>\n<\/div>","protected":false},"excerpt":{"rendered":"<p>[vc_row][vc_column][vc_column_text h2_style=&#8220;h2Big&#8220; css=&#8220;.vc_custom_1691425646173{margin-bottom: 0px !important;padding-bottom: 0px !important;}&#8220;] Wir bereiten den Weg f\u00fcr sichere und saubere Mobilit\u00e4tsplattformen [\/vc_column_text][vc_column_text p_style=&#8220;pBig&#8220;]Von vernetzten Fahrzeugen bis hin zu Drohnen \u2013 die n\u00e4chste \u00c4ra der intelligenten Mobilit\u00e4t wird unsere Lebensqualit\u00e4t verbessern und die weltweite Dekarbonisierung vorantreiben. Sie wird aber auch neue Herausforderungen mit sich bringen, wie die Gew\u00e4hrleistung der Sicherheit von [&hellip;]<\/p>\n","protected":false},"author":4,"featured_media":3892,"parent":7201,"menu_order":0,"comment_status":"closed","ping_status":"closed","template":"","meta":{"_acf_changed":false,"content-type":"","_relevanssi_hide_post":"","_relevanssi_hide_content":"","_relevanssi_pin_for_all":"","_relevanssi_pin_keywords":"","_relevanssi_unpin_keywords":"","_relevanssi_related_keywords":"","_relevanssi_related_include_ids":"","_relevanssi_related_exclude_ids":"","_relevanssi_related_no_append":"","_relevanssi_related_not_related":"","_relevanssi_related_posts":"","_relevanssi_noindex_reason":"","footnotes":""},"class_list":["post-6711","page","type-page","status-publish","has-post-thumbnail","hentry"],"acf":[],"yoast_head":"<!-- This site is optimized with the Yoast SEO Premium plugin v27.3 (Yoast SEO v27.3) - https:\/\/yoast.com\/product\/yoast-seo-premium-wordpress\/ -->\n<title>Intelligente Mobilit\u00e4t - Airbus Protect<\/title>\n<meta name=\"description\" content=\"Intelligente Mobilit\u00e4t wird unsere Lebensqualit\u00e4t verbessern und die Dekarbonisierung vorantreiben. Airbus Protect sorgt f\u00fcr Sicherheit\" \/>\n<meta name=\"robots\" content=\"index, follow, max-snippet:-1, max-image-preview:large, max-video-preview:-1\" \/>\n<link rel=\"canonical\" href=\"https:\/\/www.protect.airbus.com\/de\/safety\/intelligente-mobilitaet\/\" \/>\n<meta property=\"og:locale\" content=\"de_DE\" \/>\n<meta property=\"og:type\" content=\"article\" \/>\n<meta property=\"og:title\" content=\"Intelligente Mobilit\u00e4t\" \/>\n<meta property=\"og:description\" content=\"Intelligente Mobilit\u00e4t wird unsere Lebensqualit\u00e4t verbessern und die Dekarbonisierung vorantreiben. Airbus Protect sorgt f\u00fcr Sicherheit\" \/>\n<meta property=\"og:url\" content=\"https:\/\/www.protect.airbus.com\/de\/safety\/intelligente-mobilitaet\/\" \/>\n<meta property=\"og:site_name\" content=\"Airbus Protect\" \/>\n<meta property=\"article:modified_time\" content=\"2024-08-01T13:15:10+00:00\" \/>\n<meta property=\"og:image\" content=\"https:\/\/www.protect.airbus.com\/wp-content\/uploads\/2022\/06\/header-safe-mobility-sous-page.jpg\" \/>\n\t<meta property=\"og:image:width\" content=\"1920\" \/>\n\t<meta property=\"og:image:height\" content=\"358\" \/>\n\t<meta property=\"og:image:type\" content=\"image\/jpeg\" \/>\n<meta name=\"twitter:card\" content=\"summary_large_image\" \/>\n<meta name=\"twitter:label1\" content=\"Gesch\u00e4tzte Lesezeit\" \/>\n\t<meta name=\"twitter:data1\" content=\"2\u00a0Minuten\" \/>\n<script type=\"application\/ld+json\" class=\"yoast-schema-graph\">{\"@context\":\"https:\\\/\\\/schema.org\",\"@graph\":[{\"@type\":\"BlogPosting\",\"mainEntityOfPage\":{\"@type\":\"WebPage\",\"@id\":\"https:\\\/\\\/www.protect.airbus.com\\\/de\\\/safety\\\/intelligente-mobilitaet\\\/\"},\"headline\":\"Safety 101: Die Terminologie der Betriebssicherheit verstehen\",\"description\":\"\",\"author\":{\"@id\":\"https:\\\/\\\/www.protect.airbus.com\\\/#organization\"},\"publisher\":{\"@id\":\"https:\\\/\\\/www.protect.airbus.com\\\/#organization\"},\"image\":\"https:\\\/\\\/www.protect.airbus.com\\\/wp-content\\\/uploads\\\/2023\\\/07\\\/safety1.png\",\"datePublished\":\"2022-06-21T08:46:34+00:00\",\"dateModified\":\"2024-08-01T13:15:10+00:00\"},{\"@type\":\"WebPage\",\"@id\":\"https:\\\/\\\/www.protect.airbus.com\\\/de\\\/safety\\\/intelligente-mobilitaet\\\/\",\"url\":\"https:\\\/\\\/www.protect.airbus.com\\\/de\\\/safety\\\/intelligente-mobilitaet\\\/\",\"name\":\"Intelligente Mobilit\u00e4t - Airbus Protect\",\"isPartOf\":{\"@id\":\"https:\\\/\\\/www.protect.airbus.com\\\/de\\\/#website\"},\"primaryImageOfPage\":{\"@id\":\"https:\\\/\\\/www.protect.airbus.com\\\/de\\\/safety\\\/intelligente-mobilitaet\\\/#primaryimage\"},\"image\":{\"@id\":\"https:\\\/\\\/www.protect.airbus.com\\\/de\\\/safety\\\/intelligente-mobilitaet\\\/#primaryimage\"},\"thumbnailUrl\":\"https:\\\/\\\/www.protect.airbus.com\\\/wp-content\\\/uploads\\\/2022\\\/06\\\/header-safe-mobility-sous-page.jpg\",\"datePublished\":\"2022-06-21T08:46:34+00:00\",\"dateModified\":\"2024-08-01T13:15:10+00:00\",\"description\":\"Intelligente Mobilit\u00e4t wird unsere Lebensqualit\u00e4t verbessern und die Dekarbonisierung vorantreiben. Airbus Protect sorgt f\u00fcr Sicherheit\",\"breadcrumb\":{\"@id\":\"https:\\\/\\\/www.protect.airbus.com\\\/de\\\/safety\\\/intelligente-mobilitaet\\\/#breadcrumb\"},\"inLanguage\":\"de\",\"potentialAction\":[{\"@type\":\"ReadAction\",\"target\":[\"https:\\\/\\\/www.protect.airbus.com\\\/de\\\/safety\\\/intelligente-mobilitaet\\\/\"]}]},{\"@type\":\"ImageObject\",\"inLanguage\":\"de\",\"@id\":\"https:\\\/\\\/www.protect.airbus.com\\\/de\\\/safety\\\/intelligente-mobilitaet\\\/#primaryimage\",\"url\":\"https:\\\/\\\/www.protect.airbus.com\\\/wp-content\\\/uploads\\\/2022\\\/06\\\/header-safe-mobility-sous-page.jpg\",\"contentUrl\":\"https:\\\/\\\/www.protect.airbus.com\\\/wp-content\\\/uploads\\\/2022\\\/06\\\/header-safe-mobility-sous-page.jpg\",\"width\":1920,\"height\":358},{\"@type\":\"BreadcrumbList\",\"@id\":\"https:\\\/\\\/www.protect.airbus.com\\\/de\\\/safety\\\/intelligente-mobilitaet\\\/#breadcrumb\",\"itemListElement\":[{\"@type\":\"ListItem\",\"position\":1,\"name\":\"Home\",\"item\":\"https:\\\/\\\/www.protect.airbus.com\\\/de\\\/\"},{\"@type\":\"ListItem\",\"position\":2,\"name\":\"Safety\",\"item\":\"https:\\\/\\\/www.protect.airbus.com\\\/de\\\/safety\\\/\"},{\"@type\":\"ListItem\",\"position\":3,\"name\":\"Intelligente Mobilit\u00e4t\"}]},{\"@type\":\"WebSite\",\"@id\":\"https:\\\/\\\/www.protect.airbus.com\\\/de\\\/#website\",\"url\":\"https:\\\/\\\/www.protect.airbus.com\\\/de\\\/\",\"name\":\"Airbus Protect\",\"description\":\"\",\"publisher\":{\"@id\":\"https:\\\/\\\/www.protect.airbus.com\\\/de\\\/#organization\"},\"potentialAction\":[{\"@type\":\"SearchAction\",\"target\":{\"@type\":\"EntryPoint\",\"urlTemplate\":\"https:\\\/\\\/www.protect.airbus.com\\\/de\\\/?s={search_term_string}\"},\"query-input\":{\"@type\":\"PropertyValueSpecification\",\"valueRequired\":true,\"valueName\":\"search_term_string\"}}],\"inLanguage\":\"de\"},{\"@type\":\"Organization\",\"@id\":\"https:\\\/\\\/www.protect.airbus.com\\\/de\\\/#organization\",\"name\":\"Airbus Protect\",\"url\":\"https:\\\/\\\/www.protect.airbus.com\\\/de\\\/\",\"logo\":{\"@type\":\"ImageObject\",\"inLanguage\":\"de\",\"@id\":\"https:\\\/\\\/www.protect.airbus.com\\\/de\\\/#\\\/schema\\\/logo\\\/image\\\/\",\"url\":\"https:\\\/\\\/www.protect.airbus.com\\\/wp-content\\\/uploads\\\/2023\\\/05\\\/logo-airbus-protect-696-696.png\",\"contentUrl\":\"https:\\\/\\\/www.protect.airbus.com\\\/wp-content\\\/uploads\\\/2023\\\/05\\\/logo-airbus-protect-696-696.png\",\"width\":696,\"height\":696,\"caption\":\"Airbus Protect\"},\"image\":{\"@id\":\"https:\\\/\\\/www.protect.airbus.com\\\/de\\\/#\\\/schema\\\/logo\\\/image\\\/\"},\"sameAs\":[\"https:\\\/\\\/www.linkedin.com\\\/company\\\/airbus-protect\\\/\",\"https:\\\/\\\/www.youtube.com\\\/@airbusprotect7483\"],\"contactPoint\":{\"@type\":\"ContactPoint\",\"email\":\"protect@airbus.com\",\"contactType\":\"customer service\",\"areaServed\":[\"GB\",\"FR\",\"ES\",\"DE\",\"BE\",\"CH\",\"PT\",\"DK\",\"AT\"],\"availableLanguage\":[\"en\",\"fr\",\"de\"]}}]}<\/script>\n<!-- \/ Yoast SEO Premium plugin. -->","yoast_head_json":{"title":"Intelligente Mobilit\u00e4t - Airbus Protect","description":"Intelligente Mobilit\u00e4t wird unsere Lebensqualit\u00e4t verbessern und die Dekarbonisierung vorantreiben. Airbus Protect sorgt f\u00fcr Sicherheit","robots":{"index":"index","follow":"follow","max-snippet":"max-snippet:-1","max-image-preview":"max-image-preview:large","max-video-preview":"max-video-preview:-1"},"canonical":"https:\/\/www.protect.airbus.com\/de\/safety\/intelligente-mobilitaet\/","og_locale":"de_DE","og_type":"article","og_title":"Intelligente Mobilit\u00e4t","og_description":"Intelligente Mobilit\u00e4t wird unsere Lebensqualit\u00e4t verbessern und die Dekarbonisierung vorantreiben. Airbus Protect sorgt f\u00fcr Sicherheit","og_url":"https:\/\/www.protect.airbus.com\/de\/safety\/intelligente-mobilitaet\/","og_site_name":"Airbus Protect","article_modified_time":"2024-08-01T13:15:10+00:00","og_image":[{"width":1920,"height":358,"url":"https:\/\/www.protect.airbus.com\/wp-content\/uploads\/2022\/06\/header-safe-mobility-sous-page.jpg","type":"image\/jpeg"}],"twitter_card":"summary_large_image","twitter_misc":{"Gesch\u00e4tzte Lesezeit":"2\u00a0Minuten"},"schema":{"@context":"https:\/\/schema.org","@graph":[{"@type":"BlogPosting","mainEntityOfPage":{"@type":"WebPage","@id":"https:\/\/www.protect.airbus.com\/de\/safety\/intelligente-mobilitaet\/"},"headline":"Safety 101: Die Terminologie der Betriebssicherheit verstehen","description":"","author":{"@id":"https:\/\/www.protect.airbus.com\/#organization"},"publisher":{"@id":"https:\/\/www.protect.airbus.com\/#organization"},"image":"https:\/\/www.protect.airbus.com\/wp-content\/uploads\/2023\/07\/safety1.png","datePublished":"2022-06-21T08:46:34+00:00","dateModified":"2024-08-01T13:15:10+00:00"},{"@type":"WebPage","@id":"https:\/\/www.protect.airbus.com\/de\/safety\/intelligente-mobilitaet\/","url":"https:\/\/www.protect.airbus.com\/de\/safety\/intelligente-mobilitaet\/","name":"Intelligente Mobilit\u00e4t - Airbus Protect","isPartOf":{"@id":"https:\/\/www.protect.airbus.com\/de\/#website"},"primaryImageOfPage":{"@id":"https:\/\/www.protect.airbus.com\/de\/safety\/intelligente-mobilitaet\/#primaryimage"},"image":{"@id":"https:\/\/www.protect.airbus.com\/de\/safety\/intelligente-mobilitaet\/#primaryimage"},"thumbnailUrl":"https:\/\/www.protect.airbus.com\/wp-content\/uploads\/2022\/06\/header-safe-mobility-sous-page.jpg","datePublished":"2022-06-21T08:46:34+00:00","dateModified":"2024-08-01T13:15:10+00:00","description":"Intelligente Mobilit\u00e4t wird unsere Lebensqualit\u00e4t verbessern und die Dekarbonisierung vorantreiben. Airbus Protect sorgt f\u00fcr Sicherheit","breadcrumb":{"@id":"https:\/\/www.protect.airbus.com\/de\/safety\/intelligente-mobilitaet\/#breadcrumb"},"inLanguage":"de","potentialAction":[{"@type":"ReadAction","target":["https:\/\/www.protect.airbus.com\/de\/safety\/intelligente-mobilitaet\/"]}]},{"@type":"ImageObject","inLanguage":"de","@id":"https:\/\/www.protect.airbus.com\/de\/safety\/intelligente-mobilitaet\/#primaryimage","url":"https:\/\/www.protect.airbus.com\/wp-content\/uploads\/2022\/06\/header-safe-mobility-sous-page.jpg","contentUrl":"https:\/\/www.protect.airbus.com\/wp-content\/uploads\/2022\/06\/header-safe-mobility-sous-page.jpg","width":1920,"height":358},{"@type":"BreadcrumbList","@id":"https:\/\/www.protect.airbus.com\/de\/safety\/intelligente-mobilitaet\/#breadcrumb","itemListElement":[{"@type":"ListItem","position":1,"name":"Home","item":"https:\/\/www.protect.airbus.com\/de\/"},{"@type":"ListItem","position":2,"name":"Safety","item":"https:\/\/www.protect.airbus.com\/de\/safety\/"},{"@type":"ListItem","position":3,"name":"Intelligente Mobilit\u00e4t"}]},{"@type":"WebSite","@id":"https:\/\/www.protect.airbus.com\/de\/#website","url":"https:\/\/www.protect.airbus.com\/de\/","name":"Airbus Protect","description":"","publisher":{"@id":"https:\/\/www.protect.airbus.com\/de\/#organization"},"potentialAction":[{"@type":"SearchAction","target":{"@type":"EntryPoint","urlTemplate":"https:\/\/www.protect.airbus.com\/de\/?s={search_term_string}"},"query-input":{"@type":"PropertyValueSpecification","valueRequired":true,"valueName":"search_term_string"}}],"inLanguage":"de"},{"@type":"Organization","@id":"https:\/\/www.protect.airbus.com\/de\/#organization","name":"Airbus Protect","url":"https:\/\/www.protect.airbus.com\/de\/","logo":{"@type":"ImageObject","inLanguage":"de","@id":"https:\/\/www.protect.airbus.com\/de\/#\/schema\/logo\/image\/","url":"https:\/\/www.protect.airbus.com\/wp-content\/uploads\/2023\/05\/logo-airbus-protect-696-696.png","contentUrl":"https:\/\/www.protect.airbus.com\/wp-content\/uploads\/2023\/05\/logo-airbus-protect-696-696.png","width":696,"height":696,"caption":"Airbus Protect"},"image":{"@id":"https:\/\/www.protect.airbus.com\/de\/#\/schema\/logo\/image\/"},"sameAs":["https:\/\/www.linkedin.com\/company\/airbus-protect\/","https:\/\/www.youtube.com\/@airbusprotect7483"],"contactPoint":{"@type":"ContactPoint","email":"protect@airbus.com","contactType":"customer service","areaServed":["GB","FR","ES","DE","BE","CH","PT","DK","AT"],"availableLanguage":["en","fr","de"]}}]}},"_links":{"self":[{"href":"https:\/\/www.protect.airbus.com\/de\/wp-json\/wp\/v2\/pages\/6711","targetHints":{"allow":["GET"]}}],"collection":[{"href":"https:\/\/www.protect.airbus.com\/de\/wp-json\/wp\/v2\/pages"}],"about":[{"href":"https:\/\/www.protect.airbus.com\/de\/wp-json\/wp\/v2\/types\/page"}],"author":[{"embeddable":true,"href":"https:\/\/www.protect.airbus.com\/de\/wp-json\/wp\/v2\/users\/4"}],"replies":[{"embeddable":true,"href":"https:\/\/www.protect.airbus.com\/de\/wp-json\/wp\/v2\/comments?post=6711"}],"version-history":[{"count":3,"href":"https:\/\/www.protect.airbus.com\/de\/wp-json\/wp\/v2\/pages\/6711\/revisions"}],"predecessor-version":[{"id":15418,"href":"https:\/\/www.protect.airbus.com\/de\/wp-json\/wp\/v2\/pages\/6711\/revisions\/15418"}],"up":[{"embeddable":true,"href":"https:\/\/www.protect.airbus.com\/de\/wp-json\/wp\/v2\/pages\/7201"}],"wp:featuredmedia":[{"embeddable":true,"href":"https:\/\/www.protect.airbus.com\/de\/wp-json\/wp\/v2\/media\/3892"}],"wp:attachment":[{"href":"https:\/\/www.protect.airbus.com\/de\/wp-json\/wp\/v2\/media?parent=6711"}],"curies":[{"name":"wp","href":"https:\/\/api.w.org\/{rel}","templated":true}]}}