{"id":6703,"date":"2022-06-21T10:41:33","date_gmt":"2022-06-21T08:41:33","guid":{"rendered":"https:\/\/www.protect.airbus.com\/safety\/hydrogen-mobility\/"},"modified":"2026-01-13T13:52:24","modified_gmt":"2026-01-13T12:52:24","slug":"wasserstoffmobilitaet","status":"publish","type":"page","link":"https:\/\/www.protect.airbus.com\/de\/safety\/wasserstoffmobilitaet\/","title":{"rendered":"Wasserstoffmobilit\u00e4t"},"content":{"rendered":"<div class=\"wpb-content-wrapper\"><p>[vc_row][vc_column][vc_column_text css=&#8220;.vc_custom_1722516579903{margin-bottom: 0px !important;padding-bottom: 0px !important;}&#8220; h2_style=&#8220;h2Big&#8220; p_style=&#8220;pBig&#8220;]Sichere Nutzung von sauberen Wasserstoffsystemen[\/vc_column_text][vc_column_text p_style=&#8220;pBig&#8220;]Wasserstoff wird eine Schl\u00fcsselrolle bei der Dekarbonisierung des Verkehrs und der Zukunft der Mobilit\u00e4t spielen.<\/p>\n<p>Mit dem weiteren Wachstum der Wasserstoff-Wertsch\u00f6pfungskette muss die Sicherheit integraler Bestandteil neuer H2-betriebener Verkehrssysteme sein. Der k\u00fcnftige Erfolg dieses aufstrebenden Sektors h\u00e4ngt von der Festlegung und Umsetzung strenger Sicherheitsstandards ab, die Produktion, Vertrieb und Nutzung abdecken.[\/vc_column_text][vc_column_text css=&#8220;.vc_custom_1722516601526{margin-bottom: 0px !important;padding-bottom: 0px !important;}&#8220; h2_style=&#8220;h2Big&#8220;]<\/p>\n<h2>Wir sind Wegbereiter im Bereich Wasserstoff<\/h2>\n<p>[\/vc_column_text][vc_column_text css=&#8220;&#8220; p_style=&#8220;pHighlight&#8220;]Die Expertise von Airbus Protect umfasst die gesamte Wertsch\u00f6pfungskette \u2013 von der Produktion und dem Transport \u00fcber die Speicherung bis hin zu eingebetteten Anwendungen (Brennstoffzellen, Wasserstoffverbrennung usw.).<\/p>\n<p>Unsere Beraterinnen und Berater unterst\u00fctzen derzeit mehrere H2-Mobilit\u00e4tsinitiativen &#8211; darunter Wasserstoffflugzeuge, -boote, -z\u00fcge und -stra\u00dfenfahrzeuge.<\/p>\n<p>Durch unser Engagement in Gruppen wie dem franz\u00f6sischen Wasserstoffverband tragen wir dazu bei, die branchenweite Diskussion \u00fcber Sicherheit und Schutz f\u00fcr die Wasserstoffmobilit\u00e4t zu lenken[\/vc_column_text][vc_column_text css=&#8220;.vc_custom_1722516641232{margin-bottom: 0px !important;padding-bottom: 0px !important;}&#8220; h2_style=&#8220;h2Big&#8220;]<\/p>\n<h3>Wasserstoffmobilit\u00e4t: Warum Airbus Protect?<\/h3>\n<p>[\/vc_column_text][vc_column_text p_style=&#8220;pHighlight&#8220;]<span style=\"font-weight: 400;\">Unsere Teams bieten einen ganzheitlichen End-to-End-Ansatz. Dieser umfasst:<\/span>[\/vc_column_text][vc_column_text]<\/p>\n<ul>\n<li style=\"font-weight: 400;\" aria-level=\"1\"><span style=\"font-weight: 400;\">Schaffung von sicheren und gesch\u00fctzten Wasserstoffversorgungsketten<\/span><\/li>\n<li style=\"font-weight: 400;\" aria-level=\"1\"><span style=\"font-weight: 400;\">Optimierung der Architektur von H2-Plattformen\u00a0<\/span><\/li>\n<li style=\"font-weight: 400;\" aria-level=\"1\"><span style=\"font-weight: 400;\">Erm\u00f6glichung von sicherem H2 im Fahrzeug, Architektur, Betankung, Speicherung, Verteilung und Nutzung<\/span><\/li>\n<li style=\"font-weight: 400;\" aria-level=\"1\"><span style=\"font-weight: 400;\">Modellierung komplexer Szenarien, die sich auf die feste unterst\u00fctzende Infrastruktur beziehen \u2013 Speichertanks, Tankstellen usw.<\/span><\/li>\n<li style=\"font-weight: 400;\" aria-level=\"1\"><span style=\"font-weight: 400;\">Bereitstellung von Leitlinien f\u00fcr die Risikominderung und den Erhalt von Sicherheitszertifikaten (DREAL\/DGPR)<\/span><\/li>\n<li style=\"font-weight: 400;\" aria-level=\"1\"><span style=\"font-weight: 400;\">Verbesserung der gesellschaftlichen Akzeptanz von H2<\/span><\/li>\n<\/ul>\n<p>[\/vc_column_text][vc_column_text css=&#8220;.vc_custom_1722516665711{margin-bottom: 0px !important;padding-bottom: 0px !important;}&#8220; h2_style=&#8220;h2Big&#8220;]<\/p>\n<h2>Unser Angebot<\/h2>\n<p>[\/vc_column_text][vc_column_text p_style=&#8220;pHighlight&#8220;]Wir bieten On-Demand-Dienste, digitale L\u00f6sungen und Beratung an, damit Unternehmen ihre Sicherheits- und Compliance-Ziele erreichen k\u00f6nnen. Mit der Unterst\u00fctzung unserer hochqualifizierten Consultants, Expertinnen und Experten sowie Trainnerinnen und Trainer helfen wir unseren Kunden bei der Bew\u00e4ltigung und Minderung wasserstoffbezogener Risiken und verbessern so ihre allgemeine Nachhaltigkeit. Unser Angebot umfasst:[\/vc_column_text][vc_column_text]<\/p>\n<ul>\n<li style=\"font-weight: 400;\" aria-level=\"1\"><span style=\"font-weight: 400;\">Modellierung spezifischer Risiken f\u00fcr wasserstoffbetriebene Flugzeuge, Z\u00fcge, Stra\u00dfenfahrzeuge und mehr<\/span><\/li>\n<li style=\"font-weight: 400;\" aria-level=\"1\"><span style=\"font-weight: 400;\">Analyse von Fl\u00fcssigwasserstoffph\u00e4nomenen und m\u00f6glichen Folgen f\u00fcr die Systemsicherheit<\/span><\/li>\n<li style=\"font-weight: 400;\" aria-level=\"1\"><span style=\"font-weight: 400;\">Zusammenarbeit bei der Verbesserung und Entwicklung der Wasserstoffsicherheit<\/span><\/li>\n<\/ul>\n<p>[\/vc_column_text]    <div class=\"hightlightBracket\">\n        <div class=\"glyphe\"><\/div>\n        <div class=\"highlight\"><p>Kontaktieren Sie uns, um herauszufinden, wie wir Ihnen helfen k\u00f6nnen<\/p><\/div>\n    <\/div>\n    <div class=\"divBtCTA btAlignCenter\"><a href=\"https:\/\/www.protect.airbus.com\/de\/kontakt\/\"  class=\"button btAuto\">Kontakt aufnehmen<\/a><\/div><div class=\"whatsNew\" id=\"whatsnew_69dd38eb665c9\">\n    <div class=\"lineTitleFilter\">\n        <div id=\"conteneur_h2_WhatsNew\"><h2>Was gibt&#039;s Neues?<\/h2><\/div>\n        <div id=\"conteneur_FiltreWhatsNew\">\n\t\t\t<div class=\"filterWhatsNew\"><span>Filter<\/span>\n\t\t\t\t<ul>\n\t\t\t\t\t<li><button type=\"button\" class=\"btFilter bfFilterNews\" onclick=\"fctFilterWhatsNew('news','safety','whatsnew_69dd38eb665c9')\">News<\/button><\/li>\n\t\t\t\t\t<li><button type=\"button\" class=\"btFilter bfFilterWhitePaper\" onclick=\"fctFilterWhatsNew('whitepaper','safety','whatsnew_69dd38eb665c9')\">White paper<\/button><\/li>\n\t\t\t\t\t<li><button type=\"button\" class=\"btFilter bfFilterBlog\" onclick=\"fctFilterWhatsNew('blog','safety','whatsnew_69dd38eb665c9')\">Blog<\/button><\/li>\n\t\t\t\t\t<li><button type=\"button\" class=\"btFilter bfFilterEvent\" onclick=\"fctFilterWhatsNew('event','safety','whatsnew_69dd38eb665c9')\">Events<\/button><\/li>\n\t\t\t\t<\/ul><\/div>\n\t\t\t<div id=\"whathsnew_glyphe\"><\/div>\n\t\t<\/div>\n    <\/div>\n\t\n    <div class=\"listWhatsNew\">\n    <article id=\"whatsnew_item_7254\">\n    <span class=\"whatsNewType\">Blog<\/span>\n    <a href=\"https:\/\/www.protect.airbus.com\/de\/blog\/3-questions-1-expert-nicolas-blanquet-integrated-modular-avionics-engineer\/\"><img loading=\"lazy\" decoding=\"async\" width=\"349\" height=\"189\" src=\"https:\/\/www.protect.airbus.com\/wp-content\/uploads\/2023\/06\/3-question-1-expert-349x189.png\" class=\"attachment-post-bloc size-post-bloc wp-post-image\" alt=\"Nicolas Blanquet, Expert at Airbus Protect\" \/><\/a>\n    <div class=\"titreWN\">3 Fragen, 1 Experte: Nicolas Blanquet, Ingenieur f\u00fcr integrierte modulare Avionik<\/div>\n    <p><p>[vc_row][vc_column][vc_column_text] Lernen Sie Nicolas kennen, Architekt f\u00fcr Modulintegration bei Airbus Protect in Toulouse, Frankreich. Erz\u00e4hlen Sie uns etwas \u00fcber Ihre Rolle.\u00a0 Ich bin ein Modulintegrationsarchitekt, der sich auf integrierte modulare Avioniksysteme (IMA) spezialisiert hat. Was ist ein IMA-System, h\u00f6re ich Sie fragen?\u00a0 Kurz gesagt, ist ein IMA-Modul ein fortschrittliches Avioniksystem, das in der Luftfahrtindustrie eingesetzt [&hellip;]<\/p>\n<\/p>\n        <div id=\"conteneur_btReadMore\"><a href=\"https:\/\/www.protect.airbus.com\/de\/blog\/3-questions-1-expert-nicolas-blanquet-integrated-modular-avionics-engineer\/\" class=\"btReadMore\">Mehr erfahren<\/a><\/div><\/article>\n<article id=\"whatsnew_item_6577\">\n    <span class=\"whatsNewType\">Blog<\/span>\n    <a href=\"https:\/\/www.protect.airbus.com\/de\/blog\/safety-101-die-terminologie-der-betriebssicherheit-verstehen\/\"><img loading=\"lazy\" decoding=\"async\" width=\"349\" height=\"189\" src=\"https:\/\/www.protect.airbus.com\/wp-content\/uploads\/2023\/07\/safety1-349x189.png\" class=\"attachment-post-bloc size-post-bloc wp-post-image\" alt=\"Safety 101\" \/><\/a>\n    <div class=\"titreWN\">Safety 101: Die Terminologie der Betriebssicherheit verstehen<\/div>\n    <p><p>[vc_row][vc_column][vc_column_text][vc_row][vc_column width=&#8220;1\/1&#8243;][vc_column_text] MBSA, SMS, ATM&#8230; Verstehen Sie alle Akronyme im Sicherheitsumfeld? Wenn nicht, machen Sie sich keine Sorgen. Hier ist Ihr Leitfaden. Zun\u00e4chst einmal: Was genau verstehen wir unter Sicherheit? Die Gew\u00e4hrleistung der Sicherheit in den Bereichen Luft- und Raumfahrt, Verkehr, Energie und Verteidigung ist von entscheidender Bedeutung. Sie erfordert ein Team von Branchenexperten, Ingenieuren [&hellip;]<\/p>\n<\/p>\n        <div id=\"conteneur_btReadMore\"><a href=\"https:\/\/www.protect.airbus.com\/de\/blog\/safety-101-die-terminologie-der-betriebssicherheit-verstehen\/\" class=\"btReadMore\">Mehr erfahren<\/a><\/div><\/article>\n    <\/div>\n    <div class=\"conteneurLineMoreInsight\"><div class=\"lineMoreInsight\"><a href=\"\/de\/insights\/\">Weitere Einblicke<\/a><\/div><\/div>\n<\/div>\n[\/vc_column][\/vc_row]<\/p>\n<\/div>","protected":false},"excerpt":{"rendered":"<p>[vc_row][vc_column][vc_column_text css=&#8220;.vc_custom_1722516579903{margin-bottom: 0px !important;padding-bottom: 0px !important;}&#8220; h2_style=&#8220;h2Big&#8220; p_style=&#8220;pBig&#8220;]Sichere Nutzung von sauberen Wasserstoffsystemen[\/vc_column_text][vc_column_text p_style=&#8220;pBig&#8220;]Wasserstoff wird eine Schl\u00fcsselrolle bei der Dekarbonisierung des Verkehrs und der Zukunft der Mobilit\u00e4t spielen. Mit dem weiteren Wachstum der Wasserstoff-Wertsch\u00f6pfungskette muss die Sicherheit integraler Bestandteil neuer H2-betriebener Verkehrssysteme sein. Der k\u00fcnftige Erfolg dieses aufstrebenden Sektors h\u00e4ngt von der Festlegung und Umsetzung strenger [&hellip;]<\/p>\n","protected":false},"author":4,"featured_media":3892,"parent":7201,"menu_order":0,"comment_status":"closed","ping_status":"closed","template":"","meta":{"_acf_changed":false,"content-type":"","_relevanssi_hide_post":"","_relevanssi_hide_content":"","_relevanssi_pin_for_all":"","_relevanssi_pin_keywords":"","_relevanssi_unpin_keywords":"","_relevanssi_related_keywords":"","_relevanssi_related_include_ids":"","_relevanssi_related_exclude_ids":"","_relevanssi_related_no_append":"","_relevanssi_related_not_related":"","_relevanssi_related_posts":"","_relevanssi_noindex_reason":"","footnotes":""},"class_list":["post-6703","page","type-page","status-publish","has-post-thumbnail","hentry"],"acf":[],"yoast_head":"<!-- This site is optimized with the Yoast SEO Premium plugin v27.3 (Yoast SEO v27.3) - https:\/\/yoast.com\/product\/yoast-seo-premium-wordpress\/ -->\n<title>Driving the Future: Exploring the Potential of Hydrogen Mobility<\/title>\n<meta name=\"description\" content=\"Hydrogen will play a key role in decarbonising transportation and the future of mobility. See how Airbus Protect is a trusted safety partner.\" \/>\n<meta name=\"robots\" content=\"index, follow, max-snippet:-1, max-image-preview:large, max-video-preview:-1\" \/>\n<link rel=\"canonical\" href=\"https:\/\/www.protect.airbus.com\/de\/safety\/wasserstoffmobilitaet\/\" \/>\n<meta property=\"og:locale\" content=\"de_DE\" \/>\n<meta property=\"og:type\" content=\"article\" \/>\n<meta property=\"og:title\" content=\"Wasserstoffmobilit\u00e4t\" \/>\n<meta property=\"og:description\" content=\"Hydrogen will play a key role in decarbonising transportation and the future of mobility. See how Airbus Protect is a trusted safety partner.\" \/>\n<meta property=\"og:url\" content=\"https:\/\/www.protect.airbus.com\/de\/safety\/wasserstoffmobilitaet\/\" \/>\n<meta property=\"og:site_name\" content=\"Airbus Protect\" \/>\n<meta property=\"article:modified_time\" content=\"2026-01-13T12:52:24+00:00\" \/>\n<meta property=\"og:image\" content=\"https:\/\/www.protect.airbus.com\/wp-content\/uploads\/2022\/06\/header-safe-mobility-sous-page.jpg\" \/>\n\t<meta property=\"og:image:width\" content=\"1920\" \/>\n\t<meta property=\"og:image:height\" content=\"358\" \/>\n\t<meta property=\"og:image:type\" content=\"image\/jpeg\" \/>\n<meta name=\"twitter:card\" content=\"summary_large_image\" \/>\n<meta name=\"twitter:label1\" content=\"Gesch\u00e4tzte Lesezeit\" \/>\n\t<meta name=\"twitter:data1\" content=\"2\u00a0Minuten\" \/>\n<script type=\"application\/ld+json\" class=\"yoast-schema-graph\">{\"@context\":\"https:\\\/\\\/schema.org\",\"@graph\":[{\"@type\":\"BlogPosting\",\"mainEntityOfPage\":{\"@type\":\"WebPage\",\"@id\":\"https:\\\/\\\/www.protect.airbus.com\\\/de\\\/safety\\\/wasserstoffmobilitaet\\\/\"},\"headline\":\"Safety 101: Die Terminologie der Betriebssicherheit verstehen\",\"description\":\"\",\"author\":{\"@id\":\"https:\\\/\\\/www.protect.airbus.com\\\/#organization\"},\"publisher\":{\"@id\":\"https:\\\/\\\/www.protect.airbus.com\\\/#organization\"},\"image\":\"https:\\\/\\\/www.protect.airbus.com\\\/wp-content\\\/uploads\\\/2023\\\/07\\\/safety1.png\",\"datePublished\":\"2022-06-21T08:41:33+00:00\",\"dateModified\":\"2026-01-13T12:52:24+00:00\"},{\"@type\":\"WebPage\",\"@id\":\"https:\\\/\\\/www.protect.airbus.com\\\/de\\\/safety\\\/wasserstoffmobilitaet\\\/\",\"url\":\"https:\\\/\\\/www.protect.airbus.com\\\/de\\\/safety\\\/wasserstoffmobilitaet\\\/\",\"name\":\"Driving the Future: Exploring the Potential of Hydrogen Mobility\",\"isPartOf\":{\"@id\":\"https:\\\/\\\/www.protect.airbus.com\\\/de\\\/#website\"},\"primaryImageOfPage\":{\"@id\":\"https:\\\/\\\/www.protect.airbus.com\\\/de\\\/safety\\\/wasserstoffmobilitaet\\\/#primaryimage\"},\"image\":{\"@id\":\"https:\\\/\\\/www.protect.airbus.com\\\/de\\\/safety\\\/wasserstoffmobilitaet\\\/#primaryimage\"},\"thumbnailUrl\":\"https:\\\/\\\/www.protect.airbus.com\\\/wp-content\\\/uploads\\\/2022\\\/06\\\/header-safe-mobility-sous-page.jpg\",\"datePublished\":\"2022-06-21T08:41:33+00:00\",\"dateModified\":\"2026-01-13T12:52:24+00:00\",\"description\":\"Hydrogen will play a key role in decarbonising transportation and the future of mobility. See how Airbus Protect is a trusted safety partner.\",\"breadcrumb\":{\"@id\":\"https:\\\/\\\/www.protect.airbus.com\\\/de\\\/safety\\\/wasserstoffmobilitaet\\\/#breadcrumb\"},\"inLanguage\":\"de\",\"potentialAction\":[{\"@type\":\"ReadAction\",\"target\":[\"https:\\\/\\\/www.protect.airbus.com\\\/de\\\/safety\\\/wasserstoffmobilitaet\\\/\"]}]},{\"@type\":\"ImageObject\",\"inLanguage\":\"de\",\"@id\":\"https:\\\/\\\/www.protect.airbus.com\\\/de\\\/safety\\\/wasserstoffmobilitaet\\\/#primaryimage\",\"url\":\"https:\\\/\\\/www.protect.airbus.com\\\/wp-content\\\/uploads\\\/2022\\\/06\\\/header-safe-mobility-sous-page.jpg\",\"contentUrl\":\"https:\\\/\\\/www.protect.airbus.com\\\/wp-content\\\/uploads\\\/2022\\\/06\\\/header-safe-mobility-sous-page.jpg\",\"width\":1920,\"height\":358},{\"@type\":\"BreadcrumbList\",\"@id\":\"https:\\\/\\\/www.protect.airbus.com\\\/de\\\/safety\\\/wasserstoffmobilitaet\\\/#breadcrumb\",\"itemListElement\":[{\"@type\":\"ListItem\",\"position\":1,\"name\":\"Home\",\"item\":\"https:\\\/\\\/www.protect.airbus.com\\\/de\\\/\"},{\"@type\":\"ListItem\",\"position\":2,\"name\":\"Safety\",\"item\":\"https:\\\/\\\/www.protect.airbus.com\\\/de\\\/safety\\\/\"},{\"@type\":\"ListItem\",\"position\":3,\"name\":\"Wasserstoffmobilit\u00e4t\"}]},{\"@type\":\"WebSite\",\"@id\":\"https:\\\/\\\/www.protect.airbus.com\\\/de\\\/#website\",\"url\":\"https:\\\/\\\/www.protect.airbus.com\\\/de\\\/\",\"name\":\"Airbus Protect\",\"description\":\"\",\"publisher\":{\"@id\":\"https:\\\/\\\/www.protect.airbus.com\\\/de\\\/#organization\"},\"potentialAction\":[{\"@type\":\"SearchAction\",\"target\":{\"@type\":\"EntryPoint\",\"urlTemplate\":\"https:\\\/\\\/www.protect.airbus.com\\\/de\\\/?s={search_term_string}\"},\"query-input\":{\"@type\":\"PropertyValueSpecification\",\"valueRequired\":true,\"valueName\":\"search_term_string\"}}],\"inLanguage\":\"de\"},{\"@type\":\"Organization\",\"@id\":\"https:\\\/\\\/www.protect.airbus.com\\\/de\\\/#organization\",\"name\":\"Airbus Protect\",\"url\":\"https:\\\/\\\/www.protect.airbus.com\\\/de\\\/\",\"logo\":{\"@type\":\"ImageObject\",\"inLanguage\":\"de\",\"@id\":\"https:\\\/\\\/www.protect.airbus.com\\\/de\\\/#\\\/schema\\\/logo\\\/image\\\/\",\"url\":\"https:\\\/\\\/www.protect.airbus.com\\\/wp-content\\\/uploads\\\/2023\\\/05\\\/logo-airbus-protect-696-696.png\",\"contentUrl\":\"https:\\\/\\\/www.protect.airbus.com\\\/wp-content\\\/uploads\\\/2023\\\/05\\\/logo-airbus-protect-696-696.png\",\"width\":696,\"height\":696,\"caption\":\"Airbus Protect\"},\"image\":{\"@id\":\"https:\\\/\\\/www.protect.airbus.com\\\/de\\\/#\\\/schema\\\/logo\\\/image\\\/\"},\"sameAs\":[\"https:\\\/\\\/www.linkedin.com\\\/company\\\/airbus-protect\\\/\",\"https:\\\/\\\/www.youtube.com\\\/@airbusprotect7483\"],\"contactPoint\":{\"@type\":\"ContactPoint\",\"email\":\"protect@airbus.com\",\"contactType\":\"customer service\",\"areaServed\":[\"GB\",\"FR\",\"ES\",\"DE\",\"BE\",\"CH\",\"PT\",\"DK\",\"AT\"],\"availableLanguage\":[\"en\",\"fr\",\"de\"]}}]}<\/script>\n<!-- \/ Yoast SEO Premium plugin. -->","yoast_head_json":{"title":"Driving the Future: Exploring the Potential of Hydrogen Mobility","description":"Hydrogen will play a key role in decarbonising transportation and the future of mobility. See how Airbus Protect is a trusted safety partner.","robots":{"index":"index","follow":"follow","max-snippet":"max-snippet:-1","max-image-preview":"max-image-preview:large","max-video-preview":"max-video-preview:-1"},"canonical":"https:\/\/www.protect.airbus.com\/de\/safety\/wasserstoffmobilitaet\/","og_locale":"de_DE","og_type":"article","og_title":"Wasserstoffmobilit\u00e4t","og_description":"Hydrogen will play a key role in decarbonising transportation and the future of mobility. See how Airbus Protect is a trusted safety partner.","og_url":"https:\/\/www.protect.airbus.com\/de\/safety\/wasserstoffmobilitaet\/","og_site_name":"Airbus Protect","article_modified_time":"2026-01-13T12:52:24+00:00","og_image":[{"width":1920,"height":358,"url":"https:\/\/www.protect.airbus.com\/wp-content\/uploads\/2022\/06\/header-safe-mobility-sous-page.jpg","type":"image\/jpeg"}],"twitter_card":"summary_large_image","twitter_misc":{"Gesch\u00e4tzte Lesezeit":"2\u00a0Minuten"},"schema":{"@context":"https:\/\/schema.org","@graph":[{"@type":"BlogPosting","mainEntityOfPage":{"@type":"WebPage","@id":"https:\/\/www.protect.airbus.com\/de\/safety\/wasserstoffmobilitaet\/"},"headline":"Safety 101: Die Terminologie der Betriebssicherheit verstehen","description":"","author":{"@id":"https:\/\/www.protect.airbus.com\/#organization"},"publisher":{"@id":"https:\/\/www.protect.airbus.com\/#organization"},"image":"https:\/\/www.protect.airbus.com\/wp-content\/uploads\/2023\/07\/safety1.png","datePublished":"2022-06-21T08:41:33+00:00","dateModified":"2026-01-13T12:52:24+00:00"},{"@type":"WebPage","@id":"https:\/\/www.protect.airbus.com\/de\/safety\/wasserstoffmobilitaet\/","url":"https:\/\/www.protect.airbus.com\/de\/safety\/wasserstoffmobilitaet\/","name":"Driving the Future: Exploring the Potential of Hydrogen Mobility","isPartOf":{"@id":"https:\/\/www.protect.airbus.com\/de\/#website"},"primaryImageOfPage":{"@id":"https:\/\/www.protect.airbus.com\/de\/safety\/wasserstoffmobilitaet\/#primaryimage"},"image":{"@id":"https:\/\/www.protect.airbus.com\/de\/safety\/wasserstoffmobilitaet\/#primaryimage"},"thumbnailUrl":"https:\/\/www.protect.airbus.com\/wp-content\/uploads\/2022\/06\/header-safe-mobility-sous-page.jpg","datePublished":"2022-06-21T08:41:33+00:00","dateModified":"2026-01-13T12:52:24+00:00","description":"Hydrogen will play a key role in decarbonising transportation and the future of mobility. See how Airbus Protect is a trusted safety partner.","breadcrumb":{"@id":"https:\/\/www.protect.airbus.com\/de\/safety\/wasserstoffmobilitaet\/#breadcrumb"},"inLanguage":"de","potentialAction":[{"@type":"ReadAction","target":["https:\/\/www.protect.airbus.com\/de\/safety\/wasserstoffmobilitaet\/"]}]},{"@type":"ImageObject","inLanguage":"de","@id":"https:\/\/www.protect.airbus.com\/de\/safety\/wasserstoffmobilitaet\/#primaryimage","url":"https:\/\/www.protect.airbus.com\/wp-content\/uploads\/2022\/06\/header-safe-mobility-sous-page.jpg","contentUrl":"https:\/\/www.protect.airbus.com\/wp-content\/uploads\/2022\/06\/header-safe-mobility-sous-page.jpg","width":1920,"height":358},{"@type":"BreadcrumbList","@id":"https:\/\/www.protect.airbus.com\/de\/safety\/wasserstoffmobilitaet\/#breadcrumb","itemListElement":[{"@type":"ListItem","position":1,"name":"Home","item":"https:\/\/www.protect.airbus.com\/de\/"},{"@type":"ListItem","position":2,"name":"Safety","item":"https:\/\/www.protect.airbus.com\/de\/safety\/"},{"@type":"ListItem","position":3,"name":"Wasserstoffmobilit\u00e4t"}]},{"@type":"WebSite","@id":"https:\/\/www.protect.airbus.com\/de\/#website","url":"https:\/\/www.protect.airbus.com\/de\/","name":"Airbus Protect","description":"","publisher":{"@id":"https:\/\/www.protect.airbus.com\/de\/#organization"},"potentialAction":[{"@type":"SearchAction","target":{"@type":"EntryPoint","urlTemplate":"https:\/\/www.protect.airbus.com\/de\/?s={search_term_string}"},"query-input":{"@type":"PropertyValueSpecification","valueRequired":true,"valueName":"search_term_string"}}],"inLanguage":"de"},{"@type":"Organization","@id":"https:\/\/www.protect.airbus.com\/de\/#organization","name":"Airbus Protect","url":"https:\/\/www.protect.airbus.com\/de\/","logo":{"@type":"ImageObject","inLanguage":"de","@id":"https:\/\/www.protect.airbus.com\/de\/#\/schema\/logo\/image\/","url":"https:\/\/www.protect.airbus.com\/wp-content\/uploads\/2023\/05\/logo-airbus-protect-696-696.png","contentUrl":"https:\/\/www.protect.airbus.com\/wp-content\/uploads\/2023\/05\/logo-airbus-protect-696-696.png","width":696,"height":696,"caption":"Airbus Protect"},"image":{"@id":"https:\/\/www.protect.airbus.com\/de\/#\/schema\/logo\/image\/"},"sameAs":["https:\/\/www.linkedin.com\/company\/airbus-protect\/","https:\/\/www.youtube.com\/@airbusprotect7483"],"contactPoint":{"@type":"ContactPoint","email":"protect@airbus.com","contactType":"customer service","areaServed":["GB","FR","ES","DE","BE","CH","PT","DK","AT"],"availableLanguage":["en","fr","de"]}}]}},"_links":{"self":[{"href":"https:\/\/www.protect.airbus.com\/de\/wp-json\/wp\/v2\/pages\/6703","targetHints":{"allow":["GET"]}}],"collection":[{"href":"https:\/\/www.protect.airbus.com\/de\/wp-json\/wp\/v2\/pages"}],"about":[{"href":"https:\/\/www.protect.airbus.com\/de\/wp-json\/wp\/v2\/types\/page"}],"author":[{"embeddable":true,"href":"https:\/\/www.protect.airbus.com\/de\/wp-json\/wp\/v2\/users\/4"}],"replies":[{"embeddable":true,"href":"https:\/\/www.protect.airbus.com\/de\/wp-json\/wp\/v2\/comments?post=6703"}],"version-history":[{"count":8,"href":"https:\/\/www.protect.airbus.com\/de\/wp-json\/wp\/v2\/pages\/6703\/revisions"}],"predecessor-version":[{"id":44878,"href":"https:\/\/www.protect.airbus.com\/de\/wp-json\/wp\/v2\/pages\/6703\/revisions\/44878"}],"up":[{"embeddable":true,"href":"https:\/\/www.protect.airbus.com\/de\/wp-json\/wp\/v2\/pages\/7201"}],"wp:featuredmedia":[{"embeddable":true,"href":"https:\/\/www.protect.airbus.com\/de\/wp-json\/wp\/v2\/media\/3892"}],"wp:attachment":[{"href":"https:\/\/www.protect.airbus.com\/de\/wp-json\/wp\/v2\/media?parent=6703"}],"curies":[{"name":"wp","href":"https:\/\/api.w.org\/{rel}","templated":true}]}}