{"id":6686,"date":"2022-06-20T18:02:05","date_gmt":"2022-06-20T16:02:05","guid":{"rendered":"https:\/\/www.protect.airbus.com\/cybersecurity\/managed-security-services\/vulnerability-management\/"},"modified":"2025-09-24T16:20:04","modified_gmt":"2025-09-24T14:20:04","slug":"schwachstellenmanagement","status":"publish","type":"page","link":"https:\/\/www.protect.airbus.com\/de\/cybersecurity\/managed-security-services\/schwachstellenmanagement\/","title":{"rendered":"Schwachstellenmanagement"},"content":{"rendered":"<div class=\"wpb-content-wrapper\"><p>[vc_row][vc_column][vc_column_text h2_style=&#8220;h2Big&#8220; css=&#8220;.vc_custom_1691418315757{margin-bottom: 0px !important;padding-bottom: 0px !important;}&#8220;]<\/p>\n<h2>Erkennen Sie Software-Schwachstellen vor Angreifern<\/h2>\n<p>[\/vc_column_text][vc_column_text p_style=&#8220;pBig&#8220;]<span style=\"font-weight: 400;\">Proaktives Entdecken, Verwalten und Beheben mit einem ma\u00dfgeschneiderten Ansatz.<\/span>[\/vc_column_text][vc_column_text css_animation=&#8220;fadeInLeft&#8220;]<\/p>\n<h3>Warum Airbus Protect?<\/h3>\n<p>[\/vc_column_text][vc_column_text css_animation=&#8220;fadeInLeft&#8220; p_style=&#8220;pHighlight&#8220;]Unsere Expertenteams erkennen Schwachstellen sowohl im passiven Modus als auch im aktiven Modus mit Remote-Scan-Funktionen. Wir kombinieren die jahrzehntelange Cyber-Erfahrung von Airbus Protect mit branchen\u00fcblichen Methoden, um Schwachstellen zu priorisieren und effektive Abhilfepl\u00e4ne zu erstellen.[\/vc_column_text][vc_column_text css_animation=&#8220;none&#8220; p_style=&#8220;pHighlight&#8220;]<\/p>\n<h3>Unser Angebot<\/h3>\n<h4>Aktives Schwachstellenmanagement<\/h4>\n<p>Der Schwachstellenmanagement-Service erm\u00f6glicht die Identifizierung von Schwachstellen in Kundensystemen und umfasst auch die Erkennung von Anlagen, die kontinuierliche \u00dcberwachung sowie die Ausarbeitung von Pl\u00e4nen zur Schadensbegrenzung und -behebung, um die Angriffsfl\u00e4che des Kunden zu sch\u00fctzen. Airbus Protect bietet einen ma\u00dfgeschneiderten Ansatz zur Analyse der Kundensysteme auf der Suche nach bekannten Schwachstellen und unterst\u00fctzt die Unternehmen bei der Erstellung und Verfolgung ihrer Abhilfepl\u00e4ne nach einer Priorit\u00e4tenliste.<\/p>\n<p><strong>Dieser Schwachstellenmanagement-Service ist in den SOC-Betrieb integriert. Die auf den Anlagen identifizierten Schwachstellen werden zur weiteren Priorisierung der Dringlichkeit des Alarms und des zugeh\u00f6rigen Abhilfeplans verwendet, um Krisen vorzubeugen und zu pr\u00fcfen, ob das Kundensystem von einer Schwachstelle betroffen ist und ob eine Schwachstelle mit einem Angriff verbunden ist.<\/strong>[\/vc_column_text][vc_column_text css_animation=&#8220;fadeInLeft&#8220;]<\/p>\n<h4>Passive vulnerability management<\/h4>\n<p>[\/vc_column_text][vc_column_text css_animation=&#8220;fadeInLeft&#8220; p_style=&#8220;pHighlight&#8220;]Passive vulnerability management basiert auf der \u00dcberwachung von Ver\u00f6ffentlichungen \u00fcber Schwachstellen im Hinblick auf Bedrohungen \u2013 schnelle Reaktion durch Ver\u00f6ffentlichung von Sicherheitshinweisen und Anwendung von Korrekturma\u00dfnahmen, sobald sich eine Bedrohung auf eine \u00fcberwachte IT-Systemkomponente auswirkt.[\/vc_column_text]    <div class=\"hightlightBracket\">\n        <div class=\"glyphe\"><\/div>\n        <div class=\"highlight\"><p>Nehmen Sie Kontakt auf und erfahren Sie, wie wir Sie unterst\u00fctzen k\u00f6nnen<\/p><\/div>\n    <\/div>\n    <div class=\"divBtCTA btAlignCenter\"><a href=\"https:\/\/www.protect.airbus.com\/de\/kontakt\/\"  class=\"button btAuto\">Kontakt aufnehmen<\/a><\/div>[\/vc_column][\/vc_row]<\/p>\n<\/div>","protected":false},"excerpt":{"rendered":"<p>[vc_row][vc_column][vc_column_text h2_style=&#8220;h2Big&#8220; css=&#8220;.vc_custom_1691418315757{margin-bottom: 0px !important;padding-bottom: 0px !important;}&#8220;] Erkennen Sie Software-Schwachstellen vor Angreifern [\/vc_column_text][vc_column_text p_style=&#8220;pBig&#8220;]Proaktives Entdecken, Verwalten und Beheben mit einem ma\u00dfgeschneiderten Ansatz.[\/vc_column_text][vc_column_text css_animation=&#8220;fadeInLeft&#8220;] Warum Airbus Protect? [\/vc_column_text][vc_column_text css_animation=&#8220;fadeInLeft&#8220; p_style=&#8220;pHighlight&#8220;]Unsere Expertenteams erkennen Schwachstellen sowohl im passiven Modus als auch im aktiven Modus mit Remote-Scan-Funktionen. Wir kombinieren die jahrzehntelange Cyber-Erfahrung von Airbus Protect mit branchen\u00fcblichen Methoden, um [&hellip;]<\/p>\n","protected":false},"author":4,"featured_media":3837,"parent":6600,"menu_order":0,"comment_status":"closed","ping_status":"closed","template":"","meta":{"_acf_changed":false,"content-type":"","_relevanssi_hide_post":"","_relevanssi_hide_content":"","_relevanssi_pin_for_all":"","_relevanssi_pin_keywords":"","_relevanssi_unpin_keywords":"","_relevanssi_related_keywords":"","_relevanssi_related_include_ids":"","_relevanssi_related_exclude_ids":"","_relevanssi_related_no_append":"","_relevanssi_related_not_related":"","_relevanssi_related_posts":"","_relevanssi_noindex_reason":"","footnotes":""},"class_list":["post-6686","page","type-page","status-publish","has-post-thumbnail","hentry"],"acf":[],"yoast_head":"<!-- This site is optimized with the Yoast SEO Premium plugin v27.3 (Yoast SEO v27.3) - https:\/\/yoast.com\/product\/yoast-seo-premium-wordpress\/ -->\n<title>Cybersecurity: Schwachstellenmanagement | Airbus Protect<\/title>\n<meta name=\"description\" content=\"Unsere As-a-Service-L\u00f6sung f\u00fcr das Vulnerability Management hilft Ihrem Unternehmen, Cyber-Kriminellen einen Schritt voraus zu sein.\" \/>\n<meta name=\"robots\" content=\"index, follow, max-snippet:-1, max-image-preview:large, max-video-preview:-1\" \/>\n<link rel=\"canonical\" href=\"https:\/\/www.protect.airbus.com\/de\/cybersecurity\/managed-security-services\/schwachstellenmanagement\/\" \/>\n<meta property=\"og:locale\" content=\"de_DE\" \/>\n<meta property=\"og:type\" content=\"article\" \/>\n<meta property=\"og:title\" content=\"Schwachstellenmanagement\" \/>\n<meta property=\"og:description\" content=\"Unsere As-a-Service-L\u00f6sung f\u00fcr das Vulnerability Management hilft Ihrem Unternehmen, Cyber-Kriminellen einen Schritt voraus zu sein.\" \/>\n<meta property=\"og:url\" content=\"https:\/\/www.protect.airbus.com\/de\/cybersecurity\/managed-security-services\/schwachstellenmanagement\/\" \/>\n<meta property=\"og:site_name\" content=\"Airbus Protect\" \/>\n<meta property=\"article:modified_time\" content=\"2025-09-24T14:20:04+00:00\" \/>\n<meta property=\"og:image\" content=\"https:\/\/www.protect.airbus.com\/wp-content\/uploads\/2022\/06\/header-sustainability-sous-page.jpg\" \/>\n\t<meta property=\"og:image:width\" content=\"1920\" \/>\n\t<meta property=\"og:image:height\" content=\"358\" \/>\n\t<meta property=\"og:image:type\" content=\"image\/jpeg\" \/>\n<meta name=\"twitter:card\" content=\"summary_large_image\" \/>\n<meta name=\"twitter:label1\" content=\"Gesch\u00e4tzte Lesezeit\" \/>\n\t<meta name=\"twitter:data1\" content=\"2\u00a0Minuten\" \/>\n<script type=\"application\/ld+json\" class=\"yoast-schema-graph\">{\"@context\":\"https:\\\/\\\/schema.org\",\"@graph\":[{\"@type\":\"Service\",\"name\":\"Schwachstellenmanagement\",\"url\":\"https:\\\/\\\/www.protect.airbus.com\\\/de\\\/cybersecurity\\\/managed-security-services\\\/schwachstellenmanagement\\\/\",\"provider\":{\"@id\":\"https:\\\/\\\/www.protect.airbus.com\\\/#organization\"},\"description\":\"\"},{\"@type\":\"WebPage\",\"@id\":\"https:\\\/\\\/www.protect.airbus.com\\\/de\\\/cybersecurity\\\/managed-security-services\\\/schwachstellenmanagement\\\/\",\"url\":\"https:\\\/\\\/www.protect.airbus.com\\\/de\\\/cybersecurity\\\/managed-security-services\\\/schwachstellenmanagement\\\/\",\"name\":\"Cybersecurity: Schwachstellenmanagement | Airbus Protect\",\"isPartOf\":{\"@id\":\"https:\\\/\\\/www.protect.airbus.com\\\/de\\\/#website\"},\"primaryImageOfPage\":{\"@id\":\"https:\\\/\\\/www.protect.airbus.com\\\/de\\\/cybersecurity\\\/managed-security-services\\\/schwachstellenmanagement\\\/#primaryimage\"},\"image\":{\"@id\":\"https:\\\/\\\/www.protect.airbus.com\\\/de\\\/cybersecurity\\\/managed-security-services\\\/schwachstellenmanagement\\\/#primaryimage\"},\"thumbnailUrl\":\"https:\\\/\\\/www.protect.airbus.com\\\/wp-content\\\/uploads\\\/2022\\\/06\\\/header-sustainability-sous-page.jpg\",\"datePublished\":\"2022-06-20T16:02:05+00:00\",\"dateModified\":\"2025-09-24T14:20:04+00:00\",\"description\":\"Unsere As-a-Service-L\u00f6sung f\u00fcr das Vulnerability Management hilft Ihrem Unternehmen, Cyber-Kriminellen einen Schritt voraus zu sein.\",\"breadcrumb\":{\"@id\":\"https:\\\/\\\/www.protect.airbus.com\\\/de\\\/cybersecurity\\\/managed-security-services\\\/schwachstellenmanagement\\\/#breadcrumb\"},\"inLanguage\":\"de\",\"potentialAction\":[{\"@type\":\"ReadAction\",\"target\":[\"https:\\\/\\\/www.protect.airbus.com\\\/de\\\/cybersecurity\\\/managed-security-services\\\/schwachstellenmanagement\\\/\"]}]},{\"@type\":\"ImageObject\",\"inLanguage\":\"de\",\"@id\":\"https:\\\/\\\/www.protect.airbus.com\\\/de\\\/cybersecurity\\\/managed-security-services\\\/schwachstellenmanagement\\\/#primaryimage\",\"url\":\"https:\\\/\\\/www.protect.airbus.com\\\/wp-content\\\/uploads\\\/2022\\\/06\\\/header-sustainability-sous-page.jpg\",\"contentUrl\":\"https:\\\/\\\/www.protect.airbus.com\\\/wp-content\\\/uploads\\\/2022\\\/06\\\/header-sustainability-sous-page.jpg\",\"width\":1920,\"height\":358},{\"@type\":\"BreadcrumbList\",\"@id\":\"https:\\\/\\\/www.protect.airbus.com\\\/de\\\/cybersecurity\\\/managed-security-services\\\/schwachstellenmanagement\\\/#breadcrumb\",\"itemListElement\":[{\"@type\":\"ListItem\",\"position\":1,\"name\":\"Home\",\"item\":\"https:\\\/\\\/www.protect.airbus.com\\\/de\\\/\"},{\"@type\":\"ListItem\",\"position\":2,\"name\":\"Cybersecurity\",\"item\":\"https:\\\/\\\/www.protect.airbus.com\\\/de\\\/cybersecurity\\\/\"},{\"@type\":\"ListItem\",\"position\":3,\"name\":\"Managed Security Services (MSS)\",\"item\":\"https:\\\/\\\/www.protect.airbus.com\\\/de\\\/cybersecurity\\\/managed-security-services\\\/\"},{\"@type\":\"ListItem\",\"position\":4,\"name\":\"Schwachstellenmanagement\"}]},{\"@type\":\"WebSite\",\"@id\":\"https:\\\/\\\/www.protect.airbus.com\\\/de\\\/#website\",\"url\":\"https:\\\/\\\/www.protect.airbus.com\\\/de\\\/\",\"name\":\"Airbus Protect\",\"description\":\"\",\"publisher\":{\"@id\":\"https:\\\/\\\/www.protect.airbus.com\\\/de\\\/#organization\"},\"potentialAction\":[{\"@type\":\"SearchAction\",\"target\":{\"@type\":\"EntryPoint\",\"urlTemplate\":\"https:\\\/\\\/www.protect.airbus.com\\\/de\\\/?s={search_term_string}\"},\"query-input\":{\"@type\":\"PropertyValueSpecification\",\"valueRequired\":true,\"valueName\":\"search_term_string\"}}],\"inLanguage\":\"de\"},{\"@type\":\"Organization\",\"@id\":\"https:\\\/\\\/www.protect.airbus.com\\\/de\\\/#organization\",\"name\":\"Airbus Protect\",\"url\":\"https:\\\/\\\/www.protect.airbus.com\\\/de\\\/\",\"logo\":{\"@type\":\"ImageObject\",\"inLanguage\":\"de\",\"@id\":\"https:\\\/\\\/www.protect.airbus.com\\\/de\\\/#\\\/schema\\\/logo\\\/image\\\/\",\"url\":\"https:\\\/\\\/www.protect.airbus.com\\\/wp-content\\\/uploads\\\/2023\\\/05\\\/logo-airbus-protect-696-696.png\",\"contentUrl\":\"https:\\\/\\\/www.protect.airbus.com\\\/wp-content\\\/uploads\\\/2023\\\/05\\\/logo-airbus-protect-696-696.png\",\"width\":696,\"height\":696,\"caption\":\"Airbus Protect\"},\"image\":{\"@id\":\"https:\\\/\\\/www.protect.airbus.com\\\/de\\\/#\\\/schema\\\/logo\\\/image\\\/\"},\"sameAs\":[\"https:\\\/\\\/www.linkedin.com\\\/company\\\/airbus-protect\\\/\",\"https:\\\/\\\/www.youtube.com\\\/@airbusprotect7483\"],\"contactPoint\":{\"@type\":\"ContactPoint\",\"email\":\"protect@airbus.com\",\"contactType\":\"customer service\",\"areaServed\":[\"GB\",\"FR\",\"ES\",\"DE\",\"BE\",\"CH\",\"PT\",\"DK\",\"AT\"],\"availableLanguage\":[\"en\",\"fr\",\"de\"]}}]}<\/script>\n<!-- \/ Yoast SEO Premium plugin. -->","yoast_head_json":{"title":"Cybersecurity: Schwachstellenmanagement | Airbus Protect","description":"Unsere As-a-Service-L\u00f6sung f\u00fcr das Vulnerability Management hilft Ihrem Unternehmen, Cyber-Kriminellen einen Schritt voraus zu sein.","robots":{"index":"index","follow":"follow","max-snippet":"max-snippet:-1","max-image-preview":"max-image-preview:large","max-video-preview":"max-video-preview:-1"},"canonical":"https:\/\/www.protect.airbus.com\/de\/cybersecurity\/managed-security-services\/schwachstellenmanagement\/","og_locale":"de_DE","og_type":"article","og_title":"Schwachstellenmanagement","og_description":"Unsere As-a-Service-L\u00f6sung f\u00fcr das Vulnerability Management hilft Ihrem Unternehmen, Cyber-Kriminellen einen Schritt voraus zu sein.","og_url":"https:\/\/www.protect.airbus.com\/de\/cybersecurity\/managed-security-services\/schwachstellenmanagement\/","og_site_name":"Airbus Protect","article_modified_time":"2025-09-24T14:20:04+00:00","og_image":[{"width":1920,"height":358,"url":"https:\/\/www.protect.airbus.com\/wp-content\/uploads\/2022\/06\/header-sustainability-sous-page.jpg","type":"image\/jpeg"}],"twitter_card":"summary_large_image","twitter_misc":{"Gesch\u00e4tzte Lesezeit":"2\u00a0Minuten"},"schema":{"@context":"https:\/\/schema.org","@graph":[{"@type":"Service","name":"Schwachstellenmanagement","url":"https:\/\/www.protect.airbus.com\/de\/cybersecurity\/managed-security-services\/schwachstellenmanagement\/","provider":{"@id":"https:\/\/www.protect.airbus.com\/#organization"},"description":""},{"@type":"WebPage","@id":"https:\/\/www.protect.airbus.com\/de\/cybersecurity\/managed-security-services\/schwachstellenmanagement\/","url":"https:\/\/www.protect.airbus.com\/de\/cybersecurity\/managed-security-services\/schwachstellenmanagement\/","name":"Cybersecurity: Schwachstellenmanagement | Airbus Protect","isPartOf":{"@id":"https:\/\/www.protect.airbus.com\/de\/#website"},"primaryImageOfPage":{"@id":"https:\/\/www.protect.airbus.com\/de\/cybersecurity\/managed-security-services\/schwachstellenmanagement\/#primaryimage"},"image":{"@id":"https:\/\/www.protect.airbus.com\/de\/cybersecurity\/managed-security-services\/schwachstellenmanagement\/#primaryimage"},"thumbnailUrl":"https:\/\/www.protect.airbus.com\/wp-content\/uploads\/2022\/06\/header-sustainability-sous-page.jpg","datePublished":"2022-06-20T16:02:05+00:00","dateModified":"2025-09-24T14:20:04+00:00","description":"Unsere As-a-Service-L\u00f6sung f\u00fcr das Vulnerability Management hilft Ihrem Unternehmen, Cyber-Kriminellen einen Schritt voraus zu sein.","breadcrumb":{"@id":"https:\/\/www.protect.airbus.com\/de\/cybersecurity\/managed-security-services\/schwachstellenmanagement\/#breadcrumb"},"inLanguage":"de","potentialAction":[{"@type":"ReadAction","target":["https:\/\/www.protect.airbus.com\/de\/cybersecurity\/managed-security-services\/schwachstellenmanagement\/"]}]},{"@type":"ImageObject","inLanguage":"de","@id":"https:\/\/www.protect.airbus.com\/de\/cybersecurity\/managed-security-services\/schwachstellenmanagement\/#primaryimage","url":"https:\/\/www.protect.airbus.com\/wp-content\/uploads\/2022\/06\/header-sustainability-sous-page.jpg","contentUrl":"https:\/\/www.protect.airbus.com\/wp-content\/uploads\/2022\/06\/header-sustainability-sous-page.jpg","width":1920,"height":358},{"@type":"BreadcrumbList","@id":"https:\/\/www.protect.airbus.com\/de\/cybersecurity\/managed-security-services\/schwachstellenmanagement\/#breadcrumb","itemListElement":[{"@type":"ListItem","position":1,"name":"Home","item":"https:\/\/www.protect.airbus.com\/de\/"},{"@type":"ListItem","position":2,"name":"Cybersecurity","item":"https:\/\/www.protect.airbus.com\/de\/cybersecurity\/"},{"@type":"ListItem","position":3,"name":"Managed Security Services (MSS)","item":"https:\/\/www.protect.airbus.com\/de\/cybersecurity\/managed-security-services\/"},{"@type":"ListItem","position":4,"name":"Schwachstellenmanagement"}]},{"@type":"WebSite","@id":"https:\/\/www.protect.airbus.com\/de\/#website","url":"https:\/\/www.protect.airbus.com\/de\/","name":"Airbus Protect","description":"","publisher":{"@id":"https:\/\/www.protect.airbus.com\/de\/#organization"},"potentialAction":[{"@type":"SearchAction","target":{"@type":"EntryPoint","urlTemplate":"https:\/\/www.protect.airbus.com\/de\/?s={search_term_string}"},"query-input":{"@type":"PropertyValueSpecification","valueRequired":true,"valueName":"search_term_string"}}],"inLanguage":"de"},{"@type":"Organization","@id":"https:\/\/www.protect.airbus.com\/de\/#organization","name":"Airbus Protect","url":"https:\/\/www.protect.airbus.com\/de\/","logo":{"@type":"ImageObject","inLanguage":"de","@id":"https:\/\/www.protect.airbus.com\/de\/#\/schema\/logo\/image\/","url":"https:\/\/www.protect.airbus.com\/wp-content\/uploads\/2023\/05\/logo-airbus-protect-696-696.png","contentUrl":"https:\/\/www.protect.airbus.com\/wp-content\/uploads\/2023\/05\/logo-airbus-protect-696-696.png","width":696,"height":696,"caption":"Airbus Protect"},"image":{"@id":"https:\/\/www.protect.airbus.com\/de\/#\/schema\/logo\/image\/"},"sameAs":["https:\/\/www.linkedin.com\/company\/airbus-protect\/","https:\/\/www.youtube.com\/@airbusprotect7483"],"contactPoint":{"@type":"ContactPoint","email":"protect@airbus.com","contactType":"customer service","areaServed":["GB","FR","ES","DE","BE","CH","PT","DK","AT"],"availableLanguage":["en","fr","de"]}}]}},"_links":{"self":[{"href":"https:\/\/www.protect.airbus.com\/de\/wp-json\/wp\/v2\/pages\/6686","targetHints":{"allow":["GET"]}}],"collection":[{"href":"https:\/\/www.protect.airbus.com\/de\/wp-json\/wp\/v2\/pages"}],"about":[{"href":"https:\/\/www.protect.airbus.com\/de\/wp-json\/wp\/v2\/types\/page"}],"author":[{"embeddable":true,"href":"https:\/\/www.protect.airbus.com\/de\/wp-json\/wp\/v2\/users\/4"}],"replies":[{"embeddable":true,"href":"https:\/\/www.protect.airbus.com\/de\/wp-json\/wp\/v2\/comments?post=6686"}],"version-history":[{"count":5,"href":"https:\/\/www.protect.airbus.com\/de\/wp-json\/wp\/v2\/pages\/6686\/revisions"}],"predecessor-version":[{"id":38381,"href":"https:\/\/www.protect.airbus.com\/de\/wp-json\/wp\/v2\/pages\/6686\/revisions\/38381"}],"up":[{"embeddable":true,"href":"https:\/\/www.protect.airbus.com\/de\/wp-json\/wp\/v2\/pages\/6600"}],"wp:featuredmedia":[{"embeddable":true,"href":"https:\/\/www.protect.airbus.com\/de\/wp-json\/wp\/v2\/media\/3837"}],"wp:attachment":[{"href":"https:\/\/www.protect.airbus.com\/de\/wp-json\/wp\/v2\/media?parent=6686"}],"curies":[{"name":"wp","href":"https:\/\/api.w.org\/{rel}","templated":true}]}}