{"id":6679,"date":"2022-06-20T16:18:24","date_gmt":"2022-06-20T14:18:24","guid":{"rendered":"https:\/\/www.protect.airbus.com\/cybersecurity\/simulation-and-training\/"},"modified":"2026-03-25T14:58:38","modified_gmt":"2026-03-25T13:58:38","slug":"simulation-schulung","status":"publish","type":"page","link":"https:\/\/www.protect.airbus.com\/de\/cybersecurity\/simulation-schulung\/","title":{"rendered":"Simulation und Schulung"},"content":{"rendered":"<div class=\"wpb-content-wrapper\"><p>[vc_row][vc_column][vc_column_text h2_style=&#8220;h2Big&#8220; css=&#8220;.vc_custom_1691416418498{margin-bottom: 0px !important;padding-bottom: 0px !important;}&#8220;]<\/p>\n<h3>St\u00e4rkung Ihrer Abwehrteams<\/h3>\n<p>[\/vc_column_text][vc_column_text p_style=&#8220;pHighlight&#8220;]Die Digitalisierung macht Unternehmen anf\u00e4lliger f\u00fcr immer raffiniertere Formen von Cyberangriffen. Bedauerlicherweise wird das Problem auch weiterhin bestehen bleiben. Ihre Mitarbeitenden spielen eine entscheidende Rolle, wenn es darum geht, Ihr Unternehmen vor b\u00f6sartigen Handlungen zu sch\u00fctzen. Um Ihr Unternehmen optimal zu sch\u00fctzen, m\u00fcssen Sie Ihre Mitarbeitenden sensibilisieren und auf dem Laufenden halten. Daher sind Schulungen und Simulationen zur Cybersicherheit ein wichtiger Bestandteil der Nachhaltigkeit eines Unternehmens.<\/p>\n<h3>Wir sind Wegbereiter<\/h3>\n<p>Es gibt keinen besseren Weg, die Reaktionsbereitschaft Ihres Unternehmens auf einen Cyberangriff zu testen, als durch Simulationen und Schulungen. Von der Ausstattung Ihres internen Cybersicherheitsteams mit den Tools f\u00fcr die Simulation realistischer Angriffe bis hin zur Schulung aller Mitarbeitenden in grundlegenden Fragen der Cybersicherheit k\u00f6nnen wir alle Ihre Anforderungen an die Ausbildung in diesem Bereich erf\u00fcllen.[\/vc_column_text][vc_column_text p_style=&#8220;pHighlight&#8220;]<\/p>\n<h3>Unser Angebot<\/h3>\n<h4><b>Schulungen f\u00fcr Cyber-Spezialisten<\/b><\/h4>\n<p>Die von unserem Expertenteam geleiteten Ethical-Hacking-Schulungen bieten Ihren Mitarbeitenden Einblicke in die Denkweise eines Hackers und vermitteln ihnen ein besseres Verst\u00e4ndnis daf\u00fcr, wie Cyber-Angreifer Systeme attackieren.<\/p>\n<p>Von der Gesch\u00e4ftsleitung bis hin zu IT-Administratoren und Systembetreibern werden Ihre Mitarbeitenden bei Cybersicherheits\u00fcbungen realistischen Angriffsszenarien ausgesetzt. Das Testen Ihrer bestehenden Prozesse, Ma\u00dfnahmen und Pl\u00e4ne hilft den Mitarbeitenden, potenzielle Schwachstellen aufzudecken, was wiederum ihr Wissen und ihre Bereitschaft f\u00fcr IT- und OT-Angriffe erh\u00f6ht.<\/p>\n<p>Wir bieten Schulungen zum Cyber-Krisenmanagement an, bei denen die CyberRange-Plattform als Lernwerkzeug eingesetzt wird, und unterst\u00fctzen Sie mit einem erfahrenen Consultant.<\/p>\n<h4><b>Schulungen f\u00fcr einen gr\u00f6\u00dferen Personenkreis<\/b><\/h4>\n<p>Cyber-Sensibilisierungsschulungen zielen darauf ab, in Ihrem Unternehmen eine Kultur des Bedrohungsbewusstseins zu schaffen. Die von unseren Cyberexperten geleiteten Schulungen k\u00f6nnen auf alle Zielgruppen (z. B. Vorstand, IT-Abteilung, Hochschulabsolventen) zugeschnitten und an die spezifische Bedrohungslage in Ihrem Unternehmen angepasst werden.<br \/>\nOT-Awareness-Schulungen vermitteln Ihren Mitarbeitenden das n\u00f6tige Fachwissen, um die damit verbundenen OT-Ausf\u00e4lle effektiv zu minimieren und gleichzeitig die Compliance-Anforderungen zu erf\u00fcllen und Synergien zwischen den bestehenden Sicherheitsma\u00dfnahmen zu schaffen. Je nach den Bed\u00fcrfnissen Ihrer Organisation kann dies Live-Hacking-Sitzungen, Spiele zu Sicherheitsvorf\u00e4llen und praktische Workshops mit der CyberRange-Plattform umfassen.<\/p>\n<p>Wir k\u00f6nnen Ihr internes Schulungsprogramm f\u00fcr Cyber-Awareness durch die Entwicklung ma\u00dfgeschneiderter E-Learning-Materialien unterst\u00fctzen.<\/p>\n<h4><b>Simulationsdienste<\/b><\/h4>\n<p>Wir bieten Cyber-Simulationsdienste unter Verwendung unserer CyberRange IT\/OT-Systemintegrationsplattform an, auf der wir Ihr gesamtes Unternehmens- und Industrieumfeld simulieren k\u00f6nnen, insbesondere Ihre virtuellen und physischen Produktionssysteme.<\/p>\n<p><strong>Wir k\u00f6nnen Sie dabei unterst\u00fctzen:<\/strong><\/p>\n<ul>\n<li><span style=\"font-weight: 400;\">Ihr Team zu schulen und realistische Szenarien zu erleben<\/span><\/li>\n<li><span style=\"font-weight: 400;\">Aktivit\u00e4ten zu simulieren, die repr\u00e4sentativ f\u00fcr Ihre Produktionsabl\u00e4ufe sind<\/span><\/li>\n<li><span style=\"font-weight: 400;\">Ihre Anlagen zu evaluieren, um die Betriebsqualifikation zu bestehen<\/span><\/li>\n<li><span style=\"font-weight: 400;\">Ihr Produkt auf sichere Art und Weise zu testen und zu bewerten<\/span><\/li>\n<\/ul>\n<p>[\/vc_column_text]    <div class=\"hightlightBracket\">\n        <div class=\"glyphe\"><\/div>\n        <div class=\"highlight\"><p>Nehmen Sie Kontakt auf und erfahren Sie, wie wir Sie unterst\u00fctzen k\u00f6nnen<\/p><\/div>\n    <\/div>\n    <div class=\"divBtCTA btAlignCenter\"><a href=\"https:\/\/www.protect.airbus.com\/de\/kontakt\/\"  class=\"button btAuto\">Kontakt aufnehmen<\/a><\/div><div class=\"whatsNew\" id=\"whatsnew_69e467d71b6ef\">\n    <div class=\"lineTitleFilter\">\n        <div id=\"conteneur_h2_WhatsNew\"><h2>Was gibt&#039;s Neues?<\/h2><\/div>\n        <div id=\"conteneur_FiltreWhatsNew\">\n\t\t\t<div class=\"filterWhatsNew\"><span>Filter<\/span>\n\t\t\t\t<ul>\n\t\t\t\t\t<li><button type=\"button\" class=\"btFilter bfFilterNews\" onclick=\"fctFilterWhatsNew('news','allCategories','whatsnew_69e467d71b6ef')\">News<\/button><\/li>\n\t\t\t\t\t<li><button type=\"button\" class=\"btFilter bfFilterWhitePaper\" onclick=\"fctFilterWhatsNew('whitepaper','allCategories','whatsnew_69e467d71b6ef')\">White paper<\/button><\/li>\n\t\t\t\t\t<li><button type=\"button\" class=\"btFilter bfFilterBlog\" onclick=\"fctFilterWhatsNew('blog','allCategories','whatsnew_69e467d71b6ef')\">Blog<\/button><\/li>\n\t\t\t\t\t<li><button type=\"button\" class=\"btFilter bfFilterEvent\" onclick=\"fctFilterWhatsNew('event','allCategories','whatsnew_69e467d71b6ef')\">Events<\/button><\/li>\n\t\t\t\t<\/ul><\/div>\n\t\t\t<div id=\"whathsnew_glyphe\"><\/div>\n\t\t<\/div>\n    <\/div>\n\t\n    <div class=\"listWhatsNew\">\n        <\/div>\n    <div class=\"conteneurLineMoreInsight\"><div class=\"lineMoreInsight\"><a href=\"\/de\/insights\/\">Weitere Einblicke<\/a><\/div><\/div>\n<\/div>\n[\/vc_column][\/vc_row][vc_row][vc_column][\/vc_column][\/vc_row]<\/p>\n<\/div>","protected":false},"excerpt":{"rendered":"<p>[vc_row][vc_column][vc_column_text h2_style=&#8220;h2Big&#8220; css=&#8220;.vc_custom_1691416418498{margin-bottom: 0px !important;padding-bottom: 0px !important;}&#8220;] St\u00e4rkung Ihrer Abwehrteams [\/vc_column_text][vc_column_text p_style=&#8220;pHighlight&#8220;]Die Digitalisierung macht Unternehmen anf\u00e4lliger f\u00fcr immer raffiniertere Formen von Cyberangriffen. Bedauerlicherweise wird das Problem auch weiterhin bestehen bleiben. Ihre Mitarbeitenden spielen eine entscheidende Rolle, wenn es darum geht, Ihr Unternehmen vor b\u00f6sartigen Handlungen zu sch\u00fctzen. Um Ihr Unternehmen optimal zu sch\u00fctzen, m\u00fcssen Sie [&hellip;]<\/p>\n","protected":false},"author":4,"featured_media":6468,"parent":6950,"menu_order":0,"comment_status":"closed","ping_status":"closed","template":"","meta":{"_acf_changed":false,"content-type":"","_relevanssi_hide_post":"","_relevanssi_hide_content":"","_relevanssi_pin_for_all":"","_relevanssi_pin_keywords":"","_relevanssi_unpin_keywords":"","_relevanssi_related_keywords":"","_relevanssi_related_include_ids":"","_relevanssi_related_exclude_ids":"","_relevanssi_related_no_append":"","_relevanssi_related_not_related":"","_relevanssi_related_posts":"","_relevanssi_noindex_reason":"","footnotes":""},"class_list":["post-6679","page","type-page","status-publish","has-post-thumbnail","hentry"],"acf":[],"yoast_head":"<!-- This site is optimized with the Yoast SEO Premium plugin v27.3 (Yoast SEO v27.3) - https:\/\/yoast.com\/product\/yoast-seo-premium-wordpress\/ -->\n<title>Cybersecurity: Simulation und Schulung | Airbus Protect<\/title>\n<meta name=\"description\" content=\"Entdecken Sie unser IT-Security Training, damit Ihre Mitarbeiter verstehen, warum Cybersicherheit in unserer t\u00e4glichen Arbeit wichtig ist.\" \/>\n<meta name=\"robots\" content=\"index, follow, max-snippet:-1, max-image-preview:large, max-video-preview:-1\" \/>\n<link rel=\"canonical\" href=\"https:\/\/www.protect.airbus.com\/de\/cybersecurity\/simulation-schulung\/\" \/>\n<meta property=\"og:locale\" content=\"de_DE\" \/>\n<meta property=\"og:type\" content=\"article\" \/>\n<meta property=\"og:title\" content=\"Simulation und Schulung\" \/>\n<meta property=\"og:description\" content=\"Entdecken Sie unser IT-Security Training, damit Ihre Mitarbeiter verstehen, warum Cybersicherheit in unserer t\u00e4glichen Arbeit wichtig ist.\" \/>\n<meta property=\"og:url\" content=\"https:\/\/www.protect.airbus.com\/de\/cybersecurity\/simulation-schulung\/\" \/>\n<meta property=\"og:site_name\" content=\"Airbus Protect\" \/>\n<meta property=\"article:modified_time\" content=\"2026-03-25T13:58:38+00:00\" \/>\n<meta property=\"og:image\" content=\"https:\/\/www.protect.airbus.com\/wp-content\/uploads\/revslider\/header-cybersecurity-en\/bg-cybersecurity.png\" \/>\n\t<meta property=\"og:image:width\" content=\"1920\" \/>\n\t<meta property=\"og:image:height\" content=\"582\" \/>\n\t<meta property=\"og:image:type\" content=\"image\/png\" \/>\n<meta name=\"twitter:card\" content=\"summary_large_image\" \/>\n<meta name=\"twitter:label1\" content=\"Gesch\u00e4tzte Lesezeit\" \/>\n\t<meta name=\"twitter:data1\" content=\"3\u00a0Minuten\" \/>\n<script type=\"application\/ld+json\" class=\"yoast-schema-graph\">{\"@context\":\"https:\\\/\\\/schema.org\",\"@graph\":[{\"@type\":\"Service\",\"name\":\"Simulation und Schulung\",\"url\":\"https:\\\/\\\/www.protect.airbus.com\\\/de\\\/cybersecurity\\\/simulation-schulung\\\/\",\"provider\":{\"@id\":\"https:\\\/\\\/www.protect.airbus.com\\\/#organization\"},\"description\":\"\"},{\"@type\":\"WebPage\",\"@id\":\"https:\\\/\\\/www.protect.airbus.com\\\/de\\\/cybersecurity\\\/simulation-schulung\\\/\",\"url\":\"https:\\\/\\\/www.protect.airbus.com\\\/de\\\/cybersecurity\\\/simulation-schulung\\\/\",\"name\":\"Cybersecurity: Simulation und Schulung | Airbus Protect\",\"isPartOf\":{\"@id\":\"https:\\\/\\\/www.protect.airbus.com\\\/de\\\/#website\"},\"primaryImageOfPage\":{\"@id\":\"https:\\\/\\\/www.protect.airbus.com\\\/de\\\/cybersecurity\\\/simulation-schulung\\\/#primaryimage\"},\"image\":{\"@id\":\"https:\\\/\\\/www.protect.airbus.com\\\/de\\\/cybersecurity\\\/simulation-schulung\\\/#primaryimage\"},\"thumbnailUrl\":\"https:\\\/\\\/www.protect.airbus.com\\\/wp-content\\\/uploads\\\/revslider\\\/header-cybersecurity-en\\\/bg-cybersecurity.png\",\"datePublished\":\"2022-06-20T14:18:24+00:00\",\"dateModified\":\"2026-03-25T13:58:38+00:00\",\"description\":\"Entdecken Sie unser IT-Security Training, damit Ihre Mitarbeiter verstehen, warum Cybersicherheit in unserer t\u00e4glichen Arbeit wichtig ist.\",\"breadcrumb\":{\"@id\":\"https:\\\/\\\/www.protect.airbus.com\\\/de\\\/cybersecurity\\\/simulation-schulung\\\/#breadcrumb\"},\"inLanguage\":\"de\",\"potentialAction\":[{\"@type\":\"ReadAction\",\"target\":[\"https:\\\/\\\/www.protect.airbus.com\\\/de\\\/cybersecurity\\\/simulation-schulung\\\/\"]}]},{\"@type\":\"ImageObject\",\"inLanguage\":\"de\",\"@id\":\"https:\\\/\\\/www.protect.airbus.com\\\/de\\\/cybersecurity\\\/simulation-schulung\\\/#primaryimage\",\"url\":\"https:\\\/\\\/www.protect.airbus.com\\\/wp-content\\\/uploads\\\/revslider\\\/header-cybersecurity-en\\\/bg-cybersecurity.png\",\"contentUrl\":\"https:\\\/\\\/www.protect.airbus.com\\\/wp-content\\\/uploads\\\/revslider\\\/header-cybersecurity-en\\\/bg-cybersecurity.png\",\"width\":1920,\"height\":582},{\"@type\":\"BreadcrumbList\",\"@id\":\"https:\\\/\\\/www.protect.airbus.com\\\/de\\\/cybersecurity\\\/simulation-schulung\\\/#breadcrumb\",\"itemListElement\":[{\"@type\":\"ListItem\",\"position\":1,\"name\":\"Home\",\"item\":\"https:\\\/\\\/www.protect.airbus.com\\\/de\\\/\"},{\"@type\":\"ListItem\",\"position\":2,\"name\":\"Cybersecurity\",\"item\":\"https:\\\/\\\/www.protect.airbus.com\\\/de\\\/cybersecurity\\\/\"},{\"@type\":\"ListItem\",\"position\":3,\"name\":\"Simulation und Schulung\"}]},{\"@type\":\"WebSite\",\"@id\":\"https:\\\/\\\/www.protect.airbus.com\\\/de\\\/#website\",\"url\":\"https:\\\/\\\/www.protect.airbus.com\\\/de\\\/\",\"name\":\"Airbus Protect\",\"description\":\"\",\"publisher\":{\"@id\":\"https:\\\/\\\/www.protect.airbus.com\\\/de\\\/#organization\"},\"potentialAction\":[{\"@type\":\"SearchAction\",\"target\":{\"@type\":\"EntryPoint\",\"urlTemplate\":\"https:\\\/\\\/www.protect.airbus.com\\\/de\\\/?s={search_term_string}\"},\"query-input\":{\"@type\":\"PropertyValueSpecification\",\"valueRequired\":true,\"valueName\":\"search_term_string\"}}],\"inLanguage\":\"de\"},{\"@type\":\"Organization\",\"@id\":\"https:\\\/\\\/www.protect.airbus.com\\\/de\\\/#organization\",\"name\":\"Airbus Protect\",\"url\":\"https:\\\/\\\/www.protect.airbus.com\\\/de\\\/\",\"logo\":{\"@type\":\"ImageObject\",\"inLanguage\":\"de\",\"@id\":\"https:\\\/\\\/www.protect.airbus.com\\\/de\\\/#\\\/schema\\\/logo\\\/image\\\/\",\"url\":\"https:\\\/\\\/www.protect.airbus.com\\\/wp-content\\\/uploads\\\/2023\\\/05\\\/logo-airbus-protect-696-696.png\",\"contentUrl\":\"https:\\\/\\\/www.protect.airbus.com\\\/wp-content\\\/uploads\\\/2023\\\/05\\\/logo-airbus-protect-696-696.png\",\"width\":696,\"height\":696,\"caption\":\"Airbus Protect\"},\"image\":{\"@id\":\"https:\\\/\\\/www.protect.airbus.com\\\/de\\\/#\\\/schema\\\/logo\\\/image\\\/\"},\"sameAs\":[\"https:\\\/\\\/www.linkedin.com\\\/company\\\/airbus-protect\\\/\",\"https:\\\/\\\/www.youtube.com\\\/@airbusprotect7483\"],\"contactPoint\":{\"@type\":\"ContactPoint\",\"email\":\"protect@airbus.com\",\"contactType\":\"customer service\",\"areaServed\":[\"GB\",\"FR\",\"ES\",\"DE\",\"BE\",\"CH\",\"PT\",\"DK\",\"AT\"],\"availableLanguage\":[\"en\",\"fr\",\"de\"]}}]}<\/script>\n<!-- \/ Yoast SEO Premium plugin. -->","yoast_head_json":{"title":"Cybersecurity: Simulation und Schulung | Airbus Protect","description":"Entdecken Sie unser IT-Security Training, damit Ihre Mitarbeiter verstehen, warum Cybersicherheit in unserer t\u00e4glichen Arbeit wichtig ist.","robots":{"index":"index","follow":"follow","max-snippet":"max-snippet:-1","max-image-preview":"max-image-preview:large","max-video-preview":"max-video-preview:-1"},"canonical":"https:\/\/www.protect.airbus.com\/de\/cybersecurity\/simulation-schulung\/","og_locale":"de_DE","og_type":"article","og_title":"Simulation und Schulung","og_description":"Entdecken Sie unser IT-Security Training, damit Ihre Mitarbeiter verstehen, warum Cybersicherheit in unserer t\u00e4glichen Arbeit wichtig ist.","og_url":"https:\/\/www.protect.airbus.com\/de\/cybersecurity\/simulation-schulung\/","og_site_name":"Airbus Protect","article_modified_time":"2026-03-25T13:58:38+00:00","og_image":[{"width":1920,"height":582,"url":"https:\/\/www.protect.airbus.com\/wp-content\/uploads\/revslider\/header-cybersecurity-en\/bg-cybersecurity.png","type":"image\/png"}],"twitter_card":"summary_large_image","twitter_misc":{"Gesch\u00e4tzte Lesezeit":"3\u00a0Minuten"},"schema":{"@context":"https:\/\/schema.org","@graph":[{"@type":"Service","name":"Simulation und Schulung","url":"https:\/\/www.protect.airbus.com\/de\/cybersecurity\/simulation-schulung\/","provider":{"@id":"https:\/\/www.protect.airbus.com\/#organization"},"description":""},{"@type":"WebPage","@id":"https:\/\/www.protect.airbus.com\/de\/cybersecurity\/simulation-schulung\/","url":"https:\/\/www.protect.airbus.com\/de\/cybersecurity\/simulation-schulung\/","name":"Cybersecurity: Simulation und Schulung | Airbus Protect","isPartOf":{"@id":"https:\/\/www.protect.airbus.com\/de\/#website"},"primaryImageOfPage":{"@id":"https:\/\/www.protect.airbus.com\/de\/cybersecurity\/simulation-schulung\/#primaryimage"},"image":{"@id":"https:\/\/www.protect.airbus.com\/de\/cybersecurity\/simulation-schulung\/#primaryimage"},"thumbnailUrl":"https:\/\/www.protect.airbus.com\/wp-content\/uploads\/revslider\/header-cybersecurity-en\/bg-cybersecurity.png","datePublished":"2022-06-20T14:18:24+00:00","dateModified":"2026-03-25T13:58:38+00:00","description":"Entdecken Sie unser IT-Security Training, damit Ihre Mitarbeiter verstehen, warum Cybersicherheit in unserer t\u00e4glichen Arbeit wichtig ist.","breadcrumb":{"@id":"https:\/\/www.protect.airbus.com\/de\/cybersecurity\/simulation-schulung\/#breadcrumb"},"inLanguage":"de","potentialAction":[{"@type":"ReadAction","target":["https:\/\/www.protect.airbus.com\/de\/cybersecurity\/simulation-schulung\/"]}]},{"@type":"ImageObject","inLanguage":"de","@id":"https:\/\/www.protect.airbus.com\/de\/cybersecurity\/simulation-schulung\/#primaryimage","url":"https:\/\/www.protect.airbus.com\/wp-content\/uploads\/revslider\/header-cybersecurity-en\/bg-cybersecurity.png","contentUrl":"https:\/\/www.protect.airbus.com\/wp-content\/uploads\/revslider\/header-cybersecurity-en\/bg-cybersecurity.png","width":1920,"height":582},{"@type":"BreadcrumbList","@id":"https:\/\/www.protect.airbus.com\/de\/cybersecurity\/simulation-schulung\/#breadcrumb","itemListElement":[{"@type":"ListItem","position":1,"name":"Home","item":"https:\/\/www.protect.airbus.com\/de\/"},{"@type":"ListItem","position":2,"name":"Cybersecurity","item":"https:\/\/www.protect.airbus.com\/de\/cybersecurity\/"},{"@type":"ListItem","position":3,"name":"Simulation und Schulung"}]},{"@type":"WebSite","@id":"https:\/\/www.protect.airbus.com\/de\/#website","url":"https:\/\/www.protect.airbus.com\/de\/","name":"Airbus Protect","description":"","publisher":{"@id":"https:\/\/www.protect.airbus.com\/de\/#organization"},"potentialAction":[{"@type":"SearchAction","target":{"@type":"EntryPoint","urlTemplate":"https:\/\/www.protect.airbus.com\/de\/?s={search_term_string}"},"query-input":{"@type":"PropertyValueSpecification","valueRequired":true,"valueName":"search_term_string"}}],"inLanguage":"de"},{"@type":"Organization","@id":"https:\/\/www.protect.airbus.com\/de\/#organization","name":"Airbus Protect","url":"https:\/\/www.protect.airbus.com\/de\/","logo":{"@type":"ImageObject","inLanguage":"de","@id":"https:\/\/www.protect.airbus.com\/de\/#\/schema\/logo\/image\/","url":"https:\/\/www.protect.airbus.com\/wp-content\/uploads\/2023\/05\/logo-airbus-protect-696-696.png","contentUrl":"https:\/\/www.protect.airbus.com\/wp-content\/uploads\/2023\/05\/logo-airbus-protect-696-696.png","width":696,"height":696,"caption":"Airbus Protect"},"image":{"@id":"https:\/\/www.protect.airbus.com\/de\/#\/schema\/logo\/image\/"},"sameAs":["https:\/\/www.linkedin.com\/company\/airbus-protect\/","https:\/\/www.youtube.com\/@airbusprotect7483"],"contactPoint":{"@type":"ContactPoint","email":"protect@airbus.com","contactType":"customer service","areaServed":["GB","FR","ES","DE","BE","CH","PT","DK","AT"],"availableLanguage":["en","fr","de"]}}]}},"_links":{"self":[{"href":"https:\/\/www.protect.airbus.com\/de\/wp-json\/wp\/v2\/pages\/6679","targetHints":{"allow":["GET"]}}],"collection":[{"href":"https:\/\/www.protect.airbus.com\/de\/wp-json\/wp\/v2\/pages"}],"about":[{"href":"https:\/\/www.protect.airbus.com\/de\/wp-json\/wp\/v2\/types\/page"}],"author":[{"embeddable":true,"href":"https:\/\/www.protect.airbus.com\/de\/wp-json\/wp\/v2\/users\/4"}],"replies":[{"embeddable":true,"href":"https:\/\/www.protect.airbus.com\/de\/wp-json\/wp\/v2\/comments?post=6679"}],"version-history":[{"count":8,"href":"https:\/\/www.protect.airbus.com\/de\/wp-json\/wp\/v2\/pages\/6679\/revisions"}],"predecessor-version":[{"id":51261,"href":"https:\/\/www.protect.airbus.com\/de\/wp-json\/wp\/v2\/pages\/6679\/revisions\/51261"}],"up":[{"embeddable":true,"href":"https:\/\/www.protect.airbus.com\/de\/wp-json\/wp\/v2\/pages\/6950"}],"wp:featuredmedia":[{"embeddable":true,"href":"https:\/\/www.protect.airbus.com\/de\/wp-json\/wp\/v2\/media\/6468"}],"wp:attachment":[{"href":"https:\/\/www.protect.airbus.com\/de\/wp-json\/wp\/v2\/media?parent=6679"}],"curies":[{"name":"wp","href":"https:\/\/api.w.org\/{rel}","templated":true}]}}