{"id":6675,"date":"2022-06-29T09:24:17","date_gmt":"2022-06-29T07:24:17","guid":{"rendered":"https:\/\/www.protect.airbus.com\/cybersecurity\/export-control-data-protection\/"},"modified":"2025-09-24T16:14:19","modified_gmt":"2025-09-24T14:14:19","slug":"exportkontrolle-datenschutz","status":"publish","type":"page","link":"https:\/\/www.protect.airbus.com\/de\/cybersecurity\/exportkontrolle-datenschutz\/","title":{"rendered":"Exportkontrolle und Datenschutz"},"content":{"rendered":"<div class=\"wpb-content-wrapper\"><p>[vc_row][vc_column][vc_column_text h2_style=&#8220;h2Big&#8220; css=&#8220;.vc_custom_1691415589225{margin-bottom: 0px !important;padding-bottom: 0px !important;}&#8220;]<\/p>\n<h2>Sichere und verbesserte End-to-End Data Governance<\/h2>\n<p>[\/vc_column_text][vc_column_text p_style=&#8220;pBig&#8220;]<span style=\"font-weight: 400;\">Das Lebenselixier der erfolgreichsten Unternehmen von heute sind Daten. Ohne eine effektive Datenstrategie kann kein Unternehmen \u00fcberleben und florieren. Das bedeutet, dass Data Governance \u2013 der Schutz, die Sicherung und die Verwaltung von Daten auf m\u00f6glichst effektive Weise \u2013 wichtiger denn je ist. Jedes Vers\u00e4umnis kann f\u00fcr Unternehmen zu erheblichen Geldstrafen f\u00fchren.<\/span><\/p>\n<p>Part of this is ensuring compliance with ever more stringent regulations governing areas like such as export control.[\/vc_column_text][vc_column_text h2_style=&#8220;h2Big&#8220; css=&#8220;.vc_custom_1691415727336{margin-bottom: 0px !important;padding-bottom: 0px !important;}&#8220;]<\/p>\n<h3><b>Wir sind Wegbereiter<\/b><\/h3>\n<p>[\/vc_column_text][vc_column_text p_style=&#8220;pHighlight&#8220;]Unsere Beraterinnen und Berater verf\u00fcgen \u00fcber langj\u00e4hrige Erfahrung in der Unterst\u00fctzung von Unternehmen bei der Entwicklung umfassender Data-Governance- und Datenschutzprozesse, um sicherzustellen, dass sie die strengsten Compliance-Anforderungen erf\u00fcllen \u2013 von DSGVO bis hin zur Exportkontrolle.<\/p>\n<p>Unser Expertenteam stellt die Tools bereit, die Unternehmen ben\u00f6tigen, um die Verf\u00fcgbarkeit, Nutzbarkeit, Integrit\u00e4t und Sicherheit ihrer wichtigsten Daten auf der Grundlage interner Datenstandards und externer Vorschriften zu verwalten. Mit unserem umfassenden technischen Fachwissen k\u00f6nnen wir zu einer effektiven Data Governance beitragen, um sicherzustellen, dass die Daten konsistent bleiben und ordnungsgem\u00e4\u00df verarbeitet werden.[\/vc_column_text][vc_column_text h2_style=&#8220;h2Big&#8220; css=&#8220;.vc_custom_1691415758769{margin-bottom: 0px !important;padding-bottom: 0px !important;}&#8220;]<\/p>\n<h3><b>Warum Airbus Protect?<\/b><\/h3>\n<p>[\/vc_column_text][vc_column_text p_style=&#8220;pHighlight&#8220;]<span style=\"font-weight: 400;\">Wir unterst\u00fctzen Sie bei der Einf\u00fchrung einer sicheren und verbesserten Data Governance in Ihrer gesamten Organisation, indem wir die folgenden Bereiche abdecken:<\/span><\/p>\n<ul>\n<li style=\"font-weight: 400;\" aria-level=\"1\"><span style=\"font-weight: 400;\">Identifizierung und Management von Risiken durch Methoden wie Datenschutz-Folgenabsch\u00e4tzungen<\/span><\/li>\n<li style=\"font-weight: 400;\" aria-level=\"1\"><span style=\"font-weight: 400;\">Bereitstellung von Schulungen und Sensibilisierungskursen zur F\u00f6rderung einer Kultur des Datenschutzes<\/span><\/li>\n<li style=\"font-weight: 400;\" aria-level=\"1\"><span style=\"font-weight: 400;\">Einrichtung von Datenschutzmanagementsystemen zur Gew\u00e4hrleistung einer kontinuierlichen Verbesserung<\/span><\/li>\n<li style=\"font-weight: 400;\" aria-level=\"1\"><span style=\"font-weight: 400;\">Unterst\u00fctzung von Exportkontrollverpflichtungen zur Sicherung der Gesch\u00e4ftskontinuit\u00e4t \u00fcber Grenzen hinweg<\/span><\/li>\n<li style=\"font-weight: 400;\" aria-level=\"1\"><span style=\"font-weight: 400;\">Implementierung von Prozessen, die die Einhaltung von Vorschriften wie der GDPR sicherstellen<\/span><\/li>\n<\/ul>\n<p>[\/vc_column_text][vc_column_text h2_style=&#8220;h2Big&#8220; css=&#8220;.vc_custom_1691415909736{margin-bottom: 0px !important;padding-bottom: 0px !important;}&#8220;]<\/p>\n<h3><b>Unser Angebot<\/b><\/h3>\n<p>[\/vc_column_text][vc_column_text p_style=&#8220;pHighlight&#8220;]<span style=\"font-weight: 400;\">Wir helfen Unternehmen, eine durchg\u00e4ngige Data Governance zu gew\u00e4hrleisten und die wichtigsten Vorschriften einzuhalten. Unser Datenschutzportfolio ist in drei S\u00e4ulen unterteilt:<\/span><\/p>\n<p><b>Datenklassifizierung<\/b><\/p>\n<ul>\n<li><span style=\"font-weight: 400;\">Daten-Mapping<\/span><\/li>\n<li><span style=\"font-weight: 400;\">Identifizierung interner und regulatorischer Probleme<\/span><\/li>\n<li><span style=\"font-weight: 400;\">Identifizierung und Klassifizierung von wichtigen Daten<\/span><\/li>\n<li><span style=\"font-weight: 400;\">Einhaltung von Normen (ISO) und Vorschriften (z. B. RGPD, Exportkontrolle, IP)<\/span><\/li>\n<li><span style=\"font-weight: 400;\">Schutz von Know-how und Strategie<\/span><\/li>\n<\/ul>\n<h4><b>Exportkontrolle<\/b><\/h4>\n<ul>\n<li><span style=\"font-weight: 400;\">Bereitstellung und Klassifizierung von Prozess- und Artikelinventar (materiell und immateriell)<\/span><\/li>\n<li><span style=\"font-weight: 400;\">Schulung und Sensibilisierung<\/span><\/li>\n<li><span style=\"font-weight: 400;\">Verwaltung von Ausfuhrgenehmigungen<\/span><\/li>\n<li><span style=\"font-weight: 400;\">Unterst\u00fctzung bei der Umsetzung der Compliance<\/span><\/li>\n<li><span style=\"font-weight: 400;\">Steuerung der Exportkontrolle<\/span><\/li>\n<li><span style=\"font-weight: 400;\">Audits und L\u00fcckenbewertungen<\/span><\/li>\n<\/ul>\n<h4><b>DSGVO<\/b><\/h4>\n<ul>\n<li><span style=\"font-weight: 400;\">\u00a0Identifizierung der Verarbeitung personenbezogener Daten<\/span><\/li>\n<li><span style=\"font-weight: 400;\">Bewertungen und Audits der Einhaltung der DSGVO<\/span><\/li>\n<li><span style=\"font-weight: 400;\">Risikomanagement<\/span><\/li>\n<li><span style=\"font-weight: 400;\">Datenschutz von der Konzeption an<\/span><\/li>\n<li><span style=\"font-weight: 400;\">Unterst\u00fctzung bei der Einhaltung der Vorschriften<\/span><\/li>\n<li><span style=\"font-weight: 400;\">DSGVO-Governance<\/span><\/li>\n<\/ul>\n<p>[\/vc_column_text]    <div class=\"hightlightBracket\">\n        <div class=\"glyphe\"><\/div>\n        <div class=\"highlight\"><p>Nehmen Sie Kontakt auf und erfahren Sie, wie wir Sie unterst\u00fctzen k\u00f6nnen<\/p><\/div>\n    <\/div>\n    <div class=\"divBtCTA btAlignCenter\"><a href=\"https:\/\/www.protect.airbus.com\/de\/kontakt\/\"  class=\"button btAuto\">Kontakt aufnehmen<\/a><\/div><div class=\"whatsNew\" id=\"whatsnew_69e10dba92c51\">\n    <div class=\"lineTitleFilter\">\n        <div id=\"conteneur_h2_WhatsNew\"><h2>Was gibt&#039;s Neues?<\/h2><\/div>\n        <div id=\"conteneur_FiltreWhatsNew\">\n\t\t\t<div class=\"filterWhatsNew\"><span>Filter<\/span>\n\t\t\t\t<ul>\n\t\t\t\t\t<li><button type=\"button\" class=\"btFilter bfFilterNews\" onclick=\"fctFilterWhatsNew('news','cybersecurity','whatsnew_69e10dba92c51')\">News<\/button><\/li>\n\t\t\t\t\t<li><button type=\"button\" class=\"btFilter bfFilterWhitePaper\" onclick=\"fctFilterWhatsNew('whitepaper','cybersecurity','whatsnew_69e10dba92c51')\">White paper<\/button><\/li>\n\t\t\t\t\t<li><button type=\"button\" class=\"btFilter bfFilterBlog\" onclick=\"fctFilterWhatsNew('blog','cybersecurity','whatsnew_69e10dba92c51')\">Blog<\/button><\/li>\n\t\t\t\t\t<li><button type=\"button\" class=\"btFilter bfFilterEvent\" onclick=\"fctFilterWhatsNew('event','cybersecurity','whatsnew_69e10dba92c51')\">Events<\/button><\/li>\n\t\t\t\t<\/ul><\/div>\n\t\t\t<div id=\"whathsnew_glyphe\"><\/div>\n\t\t<\/div>\n    <\/div>\n\t\n    <div class=\"listWhatsNew\">\n        <\/div>\n    <div class=\"conteneurLineMoreInsight\"><div class=\"lineMoreInsight\"><a href=\"\/de\/insights\/\">Weitere Einblicke<\/a><\/div><\/div>\n<\/div>\n[\/vc_column][\/vc_row][vc_row][vc_column][\/vc_column][\/vc_row]<\/p>\n<\/div>","protected":false},"excerpt":{"rendered":"<p>[vc_row][vc_column][vc_column_text h2_style=&#8220;h2Big&#8220; css=&#8220;.vc_custom_1691415589225{margin-bottom: 0px !important;padding-bottom: 0px !important;}&#8220;] Sichere und verbesserte End-to-End Data Governance [\/vc_column_text][vc_column_text p_style=&#8220;pBig&#8220;]Das Lebenselixier der erfolgreichsten Unternehmen von heute sind Daten. Ohne eine effektive Datenstrategie kann kein Unternehmen \u00fcberleben und florieren. Das bedeutet, dass Data Governance \u2013 der Schutz, die Sicherung und die Verwaltung von Daten auf m\u00f6glichst effektive Weise \u2013 wichtiger denn [&hellip;]<\/p>\n","protected":false},"author":4,"featured_media":3837,"parent":6950,"menu_order":0,"comment_status":"closed","ping_status":"closed","template":"","meta":{"_acf_changed":false,"content-type":"","_relevanssi_hide_post":"","_relevanssi_hide_content":"","_relevanssi_pin_for_all":"","_relevanssi_pin_keywords":"","_relevanssi_unpin_keywords":"","_relevanssi_related_keywords":"","_relevanssi_related_include_ids":"","_relevanssi_related_exclude_ids":"","_relevanssi_related_no_append":"","_relevanssi_related_not_related":"","_relevanssi_related_posts":"","_relevanssi_noindex_reason":"","footnotes":""},"class_list":["post-6675","page","type-page","status-publish","has-post-thumbnail","hentry"],"acf":[],"yoast_head":"<!-- This site is optimized with the Yoast SEO Premium plugin v27.3 (Yoast SEO v27.3) - https:\/\/yoast.com\/product\/yoast-seo-premium-wordpress\/ -->\n<title>Cybersecurity: Exportkontrolle und Datenschutz | Airbus Protect<\/title>\n<meta name=\"description\" content=\"Unsere Experten k\u00f6nnen Data-Governance-Strategien entwickeln und unterst\u00fctzen, um die h\u00f6chsten Datenschutzstandards zu gew\u00e4hrleisten.\" \/>\n<meta name=\"robots\" content=\"index, follow, max-snippet:-1, max-image-preview:large, max-video-preview:-1\" \/>\n<link rel=\"canonical\" href=\"https:\/\/www.protect.airbus.com\/de\/cybersecurity\/exportkontrolle-datenschutz\/\" \/>\n<meta property=\"og:locale\" content=\"de_DE\" \/>\n<meta property=\"og:type\" content=\"article\" \/>\n<meta property=\"og:title\" content=\"Exportkontrolle und Datenschutz\" \/>\n<meta property=\"og:description\" content=\"Unsere Experten k\u00f6nnen Data-Governance-Strategien entwickeln und unterst\u00fctzen, um die h\u00f6chsten Datenschutzstandards zu gew\u00e4hrleisten.\" \/>\n<meta property=\"og:url\" content=\"https:\/\/www.protect.airbus.com\/de\/cybersecurity\/exportkontrolle-datenschutz\/\" \/>\n<meta property=\"og:site_name\" content=\"Airbus Protect\" \/>\n<meta property=\"article:modified_time\" content=\"2025-09-24T14:14:19+00:00\" \/>\n<meta property=\"og:image\" content=\"https:\/\/www.protect.airbus.com\/wp-content\/uploads\/2022\/06\/header-sustainability-sous-page.jpg\" \/>\n\t<meta property=\"og:image:width\" content=\"1920\" \/>\n\t<meta property=\"og:image:height\" content=\"358\" \/>\n\t<meta property=\"og:image:type\" content=\"image\/jpeg\" \/>\n<meta name=\"twitter:card\" content=\"summary_large_image\" \/>\n<meta name=\"twitter:label1\" content=\"Gesch\u00e4tzte Lesezeit\" \/>\n\t<meta name=\"twitter:data1\" content=\"2\u00a0Minuten\" \/>\n<script type=\"application\/ld+json\" class=\"yoast-schema-graph\">{\"@context\":\"https:\\\/\\\/schema.org\",\"@graph\":[{\"@type\":\"Service\",\"name\":\"Exportkontrolle und Datenschutz\",\"url\":\"https:\\\/\\\/www.protect.airbus.com\\\/de\\\/cybersecurity\\\/exportkontrolle-datenschutz\\\/\",\"provider\":{\"@id\":\"https:\\\/\\\/www.protect.airbus.com\\\/#organization\"},\"description\":\"\"},{\"@type\":\"WebPage\",\"@id\":\"https:\\\/\\\/www.protect.airbus.com\\\/de\\\/cybersecurity\\\/exportkontrolle-datenschutz\\\/\",\"url\":\"https:\\\/\\\/www.protect.airbus.com\\\/de\\\/cybersecurity\\\/exportkontrolle-datenschutz\\\/\",\"name\":\"Cybersecurity: Exportkontrolle und Datenschutz | Airbus Protect\",\"isPartOf\":{\"@id\":\"https:\\\/\\\/www.protect.airbus.com\\\/de\\\/#website\"},\"primaryImageOfPage\":{\"@id\":\"https:\\\/\\\/www.protect.airbus.com\\\/de\\\/cybersecurity\\\/exportkontrolle-datenschutz\\\/#primaryimage\"},\"image\":{\"@id\":\"https:\\\/\\\/www.protect.airbus.com\\\/de\\\/cybersecurity\\\/exportkontrolle-datenschutz\\\/#primaryimage\"},\"thumbnailUrl\":\"https:\\\/\\\/www.protect.airbus.com\\\/wp-content\\\/uploads\\\/2022\\\/06\\\/header-sustainability-sous-page.jpg\",\"datePublished\":\"2022-06-29T07:24:17+00:00\",\"dateModified\":\"2025-09-24T14:14:19+00:00\",\"description\":\"Unsere Experten k\u00f6nnen Data-Governance-Strategien entwickeln und unterst\u00fctzen, um die h\u00f6chsten Datenschutzstandards zu gew\u00e4hrleisten.\",\"breadcrumb\":{\"@id\":\"https:\\\/\\\/www.protect.airbus.com\\\/de\\\/cybersecurity\\\/exportkontrolle-datenschutz\\\/#breadcrumb\"},\"inLanguage\":\"de\",\"potentialAction\":[{\"@type\":\"ReadAction\",\"target\":[\"https:\\\/\\\/www.protect.airbus.com\\\/de\\\/cybersecurity\\\/exportkontrolle-datenschutz\\\/\"]}]},{\"@type\":\"ImageObject\",\"inLanguage\":\"de\",\"@id\":\"https:\\\/\\\/www.protect.airbus.com\\\/de\\\/cybersecurity\\\/exportkontrolle-datenschutz\\\/#primaryimage\",\"url\":\"https:\\\/\\\/www.protect.airbus.com\\\/wp-content\\\/uploads\\\/2022\\\/06\\\/header-sustainability-sous-page.jpg\",\"contentUrl\":\"https:\\\/\\\/www.protect.airbus.com\\\/wp-content\\\/uploads\\\/2022\\\/06\\\/header-sustainability-sous-page.jpg\",\"width\":1920,\"height\":358},{\"@type\":\"BreadcrumbList\",\"@id\":\"https:\\\/\\\/www.protect.airbus.com\\\/de\\\/cybersecurity\\\/exportkontrolle-datenschutz\\\/#breadcrumb\",\"itemListElement\":[{\"@type\":\"ListItem\",\"position\":1,\"name\":\"Home\",\"item\":\"https:\\\/\\\/www.protect.airbus.com\\\/de\\\/\"},{\"@type\":\"ListItem\",\"position\":2,\"name\":\"Cybersecurity\",\"item\":\"https:\\\/\\\/www.protect.airbus.com\\\/de\\\/cybersecurity\\\/\"},{\"@type\":\"ListItem\",\"position\":3,\"name\":\"Exportkontrolle und Datenschutz\"}]},{\"@type\":\"WebSite\",\"@id\":\"https:\\\/\\\/www.protect.airbus.com\\\/de\\\/#website\",\"url\":\"https:\\\/\\\/www.protect.airbus.com\\\/de\\\/\",\"name\":\"Airbus Protect\",\"description\":\"\",\"publisher\":{\"@id\":\"https:\\\/\\\/www.protect.airbus.com\\\/de\\\/#organization\"},\"potentialAction\":[{\"@type\":\"SearchAction\",\"target\":{\"@type\":\"EntryPoint\",\"urlTemplate\":\"https:\\\/\\\/www.protect.airbus.com\\\/de\\\/?s={search_term_string}\"},\"query-input\":{\"@type\":\"PropertyValueSpecification\",\"valueRequired\":true,\"valueName\":\"search_term_string\"}}],\"inLanguage\":\"de\"},{\"@type\":\"Organization\",\"@id\":\"https:\\\/\\\/www.protect.airbus.com\\\/de\\\/#organization\",\"name\":\"Airbus Protect\",\"url\":\"https:\\\/\\\/www.protect.airbus.com\\\/de\\\/\",\"logo\":{\"@type\":\"ImageObject\",\"inLanguage\":\"de\",\"@id\":\"https:\\\/\\\/www.protect.airbus.com\\\/de\\\/#\\\/schema\\\/logo\\\/image\\\/\",\"url\":\"https:\\\/\\\/www.protect.airbus.com\\\/wp-content\\\/uploads\\\/2023\\\/05\\\/logo-airbus-protect-696-696.png\",\"contentUrl\":\"https:\\\/\\\/www.protect.airbus.com\\\/wp-content\\\/uploads\\\/2023\\\/05\\\/logo-airbus-protect-696-696.png\",\"width\":696,\"height\":696,\"caption\":\"Airbus Protect\"},\"image\":{\"@id\":\"https:\\\/\\\/www.protect.airbus.com\\\/de\\\/#\\\/schema\\\/logo\\\/image\\\/\"},\"sameAs\":[\"https:\\\/\\\/www.linkedin.com\\\/company\\\/airbus-protect\\\/\",\"https:\\\/\\\/www.youtube.com\\\/@airbusprotect7483\"],\"contactPoint\":{\"@type\":\"ContactPoint\",\"email\":\"protect@airbus.com\",\"contactType\":\"customer service\",\"areaServed\":[\"GB\",\"FR\",\"ES\",\"DE\",\"BE\",\"CH\",\"PT\",\"DK\",\"AT\"],\"availableLanguage\":[\"en\",\"fr\",\"de\"]}}]}<\/script>\n<!-- \/ Yoast SEO Premium plugin. -->","yoast_head_json":{"title":"Cybersecurity: Exportkontrolle und Datenschutz | Airbus Protect","description":"Unsere Experten k\u00f6nnen Data-Governance-Strategien entwickeln und unterst\u00fctzen, um die h\u00f6chsten Datenschutzstandards zu gew\u00e4hrleisten.","robots":{"index":"index","follow":"follow","max-snippet":"max-snippet:-1","max-image-preview":"max-image-preview:large","max-video-preview":"max-video-preview:-1"},"canonical":"https:\/\/www.protect.airbus.com\/de\/cybersecurity\/exportkontrolle-datenschutz\/","og_locale":"de_DE","og_type":"article","og_title":"Exportkontrolle und Datenschutz","og_description":"Unsere Experten k\u00f6nnen Data-Governance-Strategien entwickeln und unterst\u00fctzen, um die h\u00f6chsten Datenschutzstandards zu gew\u00e4hrleisten.","og_url":"https:\/\/www.protect.airbus.com\/de\/cybersecurity\/exportkontrolle-datenschutz\/","og_site_name":"Airbus Protect","article_modified_time":"2025-09-24T14:14:19+00:00","og_image":[{"width":1920,"height":358,"url":"https:\/\/www.protect.airbus.com\/wp-content\/uploads\/2022\/06\/header-sustainability-sous-page.jpg","type":"image\/jpeg"}],"twitter_card":"summary_large_image","twitter_misc":{"Gesch\u00e4tzte Lesezeit":"2\u00a0Minuten"},"schema":{"@context":"https:\/\/schema.org","@graph":[{"@type":"Service","name":"Exportkontrolle und Datenschutz","url":"https:\/\/www.protect.airbus.com\/de\/cybersecurity\/exportkontrolle-datenschutz\/","provider":{"@id":"https:\/\/www.protect.airbus.com\/#organization"},"description":""},{"@type":"WebPage","@id":"https:\/\/www.protect.airbus.com\/de\/cybersecurity\/exportkontrolle-datenschutz\/","url":"https:\/\/www.protect.airbus.com\/de\/cybersecurity\/exportkontrolle-datenschutz\/","name":"Cybersecurity: Exportkontrolle und Datenschutz | Airbus Protect","isPartOf":{"@id":"https:\/\/www.protect.airbus.com\/de\/#website"},"primaryImageOfPage":{"@id":"https:\/\/www.protect.airbus.com\/de\/cybersecurity\/exportkontrolle-datenschutz\/#primaryimage"},"image":{"@id":"https:\/\/www.protect.airbus.com\/de\/cybersecurity\/exportkontrolle-datenschutz\/#primaryimage"},"thumbnailUrl":"https:\/\/www.protect.airbus.com\/wp-content\/uploads\/2022\/06\/header-sustainability-sous-page.jpg","datePublished":"2022-06-29T07:24:17+00:00","dateModified":"2025-09-24T14:14:19+00:00","description":"Unsere Experten k\u00f6nnen Data-Governance-Strategien entwickeln und unterst\u00fctzen, um die h\u00f6chsten Datenschutzstandards zu gew\u00e4hrleisten.","breadcrumb":{"@id":"https:\/\/www.protect.airbus.com\/de\/cybersecurity\/exportkontrolle-datenschutz\/#breadcrumb"},"inLanguage":"de","potentialAction":[{"@type":"ReadAction","target":["https:\/\/www.protect.airbus.com\/de\/cybersecurity\/exportkontrolle-datenschutz\/"]}]},{"@type":"ImageObject","inLanguage":"de","@id":"https:\/\/www.protect.airbus.com\/de\/cybersecurity\/exportkontrolle-datenschutz\/#primaryimage","url":"https:\/\/www.protect.airbus.com\/wp-content\/uploads\/2022\/06\/header-sustainability-sous-page.jpg","contentUrl":"https:\/\/www.protect.airbus.com\/wp-content\/uploads\/2022\/06\/header-sustainability-sous-page.jpg","width":1920,"height":358},{"@type":"BreadcrumbList","@id":"https:\/\/www.protect.airbus.com\/de\/cybersecurity\/exportkontrolle-datenschutz\/#breadcrumb","itemListElement":[{"@type":"ListItem","position":1,"name":"Home","item":"https:\/\/www.protect.airbus.com\/de\/"},{"@type":"ListItem","position":2,"name":"Cybersecurity","item":"https:\/\/www.protect.airbus.com\/de\/cybersecurity\/"},{"@type":"ListItem","position":3,"name":"Exportkontrolle und Datenschutz"}]},{"@type":"WebSite","@id":"https:\/\/www.protect.airbus.com\/de\/#website","url":"https:\/\/www.protect.airbus.com\/de\/","name":"Airbus Protect","description":"","publisher":{"@id":"https:\/\/www.protect.airbus.com\/de\/#organization"},"potentialAction":[{"@type":"SearchAction","target":{"@type":"EntryPoint","urlTemplate":"https:\/\/www.protect.airbus.com\/de\/?s={search_term_string}"},"query-input":{"@type":"PropertyValueSpecification","valueRequired":true,"valueName":"search_term_string"}}],"inLanguage":"de"},{"@type":"Organization","@id":"https:\/\/www.protect.airbus.com\/de\/#organization","name":"Airbus Protect","url":"https:\/\/www.protect.airbus.com\/de\/","logo":{"@type":"ImageObject","inLanguage":"de","@id":"https:\/\/www.protect.airbus.com\/de\/#\/schema\/logo\/image\/","url":"https:\/\/www.protect.airbus.com\/wp-content\/uploads\/2023\/05\/logo-airbus-protect-696-696.png","contentUrl":"https:\/\/www.protect.airbus.com\/wp-content\/uploads\/2023\/05\/logo-airbus-protect-696-696.png","width":696,"height":696,"caption":"Airbus Protect"},"image":{"@id":"https:\/\/www.protect.airbus.com\/de\/#\/schema\/logo\/image\/"},"sameAs":["https:\/\/www.linkedin.com\/company\/airbus-protect\/","https:\/\/www.youtube.com\/@airbusprotect7483"],"contactPoint":{"@type":"ContactPoint","email":"protect@airbus.com","contactType":"customer service","areaServed":["GB","FR","ES","DE","BE","CH","PT","DK","AT"],"availableLanguage":["en","fr","de"]}}]}},"_links":{"self":[{"href":"https:\/\/www.protect.airbus.com\/de\/wp-json\/wp\/v2\/pages\/6675","targetHints":{"allow":["GET"]}}],"collection":[{"href":"https:\/\/www.protect.airbus.com\/de\/wp-json\/wp\/v2\/pages"}],"about":[{"href":"https:\/\/www.protect.airbus.com\/de\/wp-json\/wp\/v2\/types\/page"}],"author":[{"embeddable":true,"href":"https:\/\/www.protect.airbus.com\/de\/wp-json\/wp\/v2\/users\/4"}],"replies":[{"embeddable":true,"href":"https:\/\/www.protect.airbus.com\/de\/wp-json\/wp\/v2\/comments?post=6675"}],"version-history":[{"count":5,"href":"https:\/\/www.protect.airbus.com\/de\/wp-json\/wp\/v2\/pages\/6675\/revisions"}],"predecessor-version":[{"id":38357,"href":"https:\/\/www.protect.airbus.com\/de\/wp-json\/wp\/v2\/pages\/6675\/revisions\/38357"}],"up":[{"embeddable":true,"href":"https:\/\/www.protect.airbus.com\/de\/wp-json\/wp\/v2\/pages\/6950"}],"wp:featuredmedia":[{"embeddable":true,"href":"https:\/\/www.protect.airbus.com\/de\/wp-json\/wp\/v2\/media\/3837"}],"wp:attachment":[{"href":"https:\/\/www.protect.airbus.com\/de\/wp-json\/wp\/v2\/media?parent=6675"}],"curies":[{"name":"wp","href":"https:\/\/api.w.org\/{rel}","templated":true}]}}