{"id":6627,"date":"2022-06-09T22:36:45","date_gmt":"2022-06-09T20:36:45","guid":{"rendered":"https:\/\/www.protect.airbus.com\/insights\/communication-kit\/"},"modified":"2023-08-03T17:02:47","modified_gmt":"2023-08-03T15:02:47","slug":"communication-kit","status":"publish","type":"page","link":"https:\/\/www.protect.airbus.com\/de\/insights\/communication-kit\/","title":{"rendered":"Kommunikations-Kit"},"content":{"rendered":"<div class=\"wpb-content-wrapper\"><p>[vc_row][vc_column][vc_column_text p_style=&#8220;pBig&#8220;]Unser kreatives Konzept verbindet zwei Welten. Die erste spiegelt unser technisches Know-how wider, indem wir Kodierungssymbole verwenden, um unsere Botschaften auf eindrucksvolle und unerwartete Weise zu veranschaulichen. Die zweite Welt ist so gestaltet, dass sie f\u00fcr jeden zug\u00e4nglich ist. Sie zeigt nicht nur Bilder aus unserem Gesch\u00e4ft, sondern auch aus unserem Leben und unserem Ziel.[\/vc_column_text]<div class=\"blocList blocListCommunicationkit bgColorGreyBlue\">\n    <div class=\"blocListItems\"><article class=\"blocListItem\"  ><div class=\"blocListItem_sousconteneur\">\n                        <h3>Logos<\/h3>\n            <a href=\"?dlFileAP=1&id=36506&idFile=36506&k=5416b3f7af8308b3&idPS=6627&kPS=ba08f9f504d7ab8a&FT=Logos&kFT=808ada38ce2d6259&FST=Kommunikationskit&kFST=8569192a1195868e&TFT=Kommunikationskit&dfNoForm=b022658007639597\" target=\"_blank\" \"  class=\"button btReadMore\" >Herunterladen<\/a>            <\/div><\/article><article class=\"blocListItem\"  ><div class=\"blocListItem_sousconteneur\">\n                        <h3>Guidelines<\/h3>\n            <a href=\"?dlFileAP=1&id=7239&idFile=7239&k=7ffa5cc857abde34&idPS=6627&kPS=ba08f9f504d7ab8a&FT=Guidelines&kFT=a3f4cdc86aa10538&FST=Kommunikationskit&kFST=8569192a1195868e&TFT=Kommunikationskit&dfNoForm=3751bca8cbd3c828\" target=\"_blank\" \"  class=\"button btReadMore\" >Herunterladen<\/a>            <\/div><\/article><\/div>\n                <\/div>[\/vc_column][\/vc_row][vc_row][vc_column][\/vc_column][\/vc_row]<\/p>\n<\/div>","protected":false},"excerpt":{"rendered":"<p>[vc_row][vc_column][vc_column_text p_style=&#8220;pBig&#8220;]Unser kreatives Konzept verbindet zwei Welten. Die erste spiegelt unser technisches Know-how wider, indem wir Kodierungssymbole verwenden, um unsere Botschaften auf eindrucksvolle und unerwartete Weise zu veranschaulichen. Die zweite Welt ist so gestaltet, dass sie f\u00fcr jeden zug\u00e4nglich ist. Sie zeigt nicht nur Bilder aus unserem Gesch\u00e4ft, sondern auch aus unserem Leben und unserem [&hellip;]<\/p>\n","protected":false},"author":1,"featured_media":4035,"parent":6609,"menu_order":5,"comment_status":"closed","ping_status":"closed","template":"","meta":{"_acf_changed":false,"content-type":"","_relevanssi_hide_post":"","_relevanssi_hide_content":"","_relevanssi_pin_for_all":"","_relevanssi_pin_keywords":"","_relevanssi_unpin_keywords":"","_relevanssi_related_keywords":"","_relevanssi_related_include_ids":"","_relevanssi_related_exclude_ids":"","_relevanssi_related_no_append":"","_relevanssi_related_not_related":"","_relevanssi_related_posts":"","_relevanssi_noindex_reason":"","footnotes":""},"class_list":["post-6627","page","type-page","status-publish","has-post-thumbnail","hentry"],"acf":[],"yoast_head":"<!-- This site is optimized with the Yoast SEO Premium plugin v27.3 (Yoast SEO v27.3) - https:\/\/yoast.com\/product\/yoast-seo-premium-wordpress\/ -->\n<title>Kommunikations-Kit - Airbus Protect<\/title>\n<meta name=\"robots\" content=\"index, follow, max-snippet:-1, max-image-preview:large, max-video-preview:-1\" \/>\n<link rel=\"canonical\" href=\"https:\/\/www.protect.airbus.com\/de\/insights\/communication-kit\/\" \/>\n<meta property=\"og:locale\" content=\"de_DE\" \/>\n<meta property=\"og:type\" content=\"article\" \/>\n<meta property=\"og:title\" content=\"Kommunikations-Kit\" \/>\n<meta property=\"og:description\" content=\"[vc_row][vc_column][vc_column_text p_style=&#8220;pBig&#8220;]Unser kreatives Konzept verbindet zwei Welten. Die erste spiegelt unser technisches Know-how wider, indem wir Kodierungssymbole verwenden, um unsere Botschaften auf eindrucksvolle und unerwartete Weise zu veranschaulichen. Die zweite Welt ist so gestaltet, dass sie f\u00fcr jeden zug\u00e4nglich ist. Sie zeigt nicht nur Bilder aus unserem Gesch\u00e4ft, sondern auch aus unserem Leben und unserem [&hellip;]\" \/>\n<meta property=\"og:url\" content=\"https:\/\/www.protect.airbus.com\/de\/insights\/communication-kit\/\" \/>\n<meta property=\"og:site_name\" content=\"Airbus Protect\" \/>\n<meta property=\"article:modified_time\" content=\"2023-08-03T15:02:47+00:00\" \/>\n<meta property=\"og:image\" content=\"https:\/\/www.protect.airbus.com\/wp-content\/uploads\/2022\/06\/header-communication-kit.jpg\" \/>\n\t<meta property=\"og:image:width\" content=\"1920\" \/>\n\t<meta property=\"og:image:height\" content=\"358\" \/>\n\t<meta property=\"og:image:type\" content=\"image\/jpeg\" \/>\n<meta name=\"twitter:card\" content=\"summary_large_image\" \/>\n<meta name=\"twitter:label1\" content=\"Gesch\u00e4tzte Lesezeit\" \/>\n\t<meta name=\"twitter:data1\" content=\"1\u00a0Minute\" \/>\n<script type=\"application\/ld+json\" class=\"yoast-schema-graph\">{\"@context\":\"https:\\\/\\\/schema.org\",\"@graph\":[{\"@type\":\"WebPage\",\"@id\":\"https:\\\/\\\/www.protect.airbus.com\\\/de\\\/insights\\\/communication-kit\\\/\",\"url\":\"https:\\\/\\\/www.protect.airbus.com\\\/de\\\/insights\\\/communication-kit\\\/\",\"name\":\"Kommunikations-Kit - Airbus Protect\",\"isPartOf\":{\"@id\":\"https:\\\/\\\/www.protect.airbus.com\\\/de\\\/#website\"},\"primaryImageOfPage\":{\"@id\":\"https:\\\/\\\/www.protect.airbus.com\\\/de\\\/insights\\\/communication-kit\\\/#primaryimage\"},\"image\":{\"@id\":\"https:\\\/\\\/www.protect.airbus.com\\\/de\\\/insights\\\/communication-kit\\\/#primaryimage\"},\"thumbnailUrl\":\"https:\\\/\\\/www.protect.airbus.com\\\/wp-content\\\/uploads\\\/2022\\\/06\\\/header-communication-kit.jpg\",\"datePublished\":\"2022-06-09T20:36:45+00:00\",\"dateModified\":\"2023-08-03T15:02:47+00:00\",\"breadcrumb\":{\"@id\":\"https:\\\/\\\/www.protect.airbus.com\\\/de\\\/insights\\\/communication-kit\\\/#breadcrumb\"},\"inLanguage\":\"de\",\"potentialAction\":[{\"@type\":\"ReadAction\",\"target\":[\"https:\\\/\\\/www.protect.airbus.com\\\/de\\\/insights\\\/communication-kit\\\/\"]}]},{\"@type\":\"ImageObject\",\"inLanguage\":\"de\",\"@id\":\"https:\\\/\\\/www.protect.airbus.com\\\/de\\\/insights\\\/communication-kit\\\/#primaryimage\",\"url\":\"https:\\\/\\\/www.protect.airbus.com\\\/wp-content\\\/uploads\\\/2022\\\/06\\\/header-communication-kit.jpg\",\"contentUrl\":\"https:\\\/\\\/www.protect.airbus.com\\\/wp-content\\\/uploads\\\/2022\\\/06\\\/header-communication-kit.jpg\",\"width\":1920,\"height\":358},{\"@type\":\"BreadcrumbList\",\"@id\":\"https:\\\/\\\/www.protect.airbus.com\\\/de\\\/insights\\\/communication-kit\\\/#breadcrumb\",\"itemListElement\":[{\"@type\":\"ListItem\",\"position\":1,\"name\":\"Home\",\"item\":\"https:\\\/\\\/www.protect.airbus.com\\\/de\\\/\"},{\"@type\":\"ListItem\",\"position\":2,\"name\":\"Aktuelle Insights\",\"item\":\"https:\\\/\\\/www.protect.airbus.com\\\/de\\\/insights\\\/\"},{\"@type\":\"ListItem\",\"position\":3,\"name\":\"Kommunikations-Kit\"}]},{\"@type\":\"WebSite\",\"@id\":\"https:\\\/\\\/www.protect.airbus.com\\\/de\\\/#website\",\"url\":\"https:\\\/\\\/www.protect.airbus.com\\\/de\\\/\",\"name\":\"Airbus Protect\",\"description\":\"\",\"publisher\":{\"@id\":\"https:\\\/\\\/www.protect.airbus.com\\\/de\\\/#organization\"},\"potentialAction\":[{\"@type\":\"SearchAction\",\"target\":{\"@type\":\"EntryPoint\",\"urlTemplate\":\"https:\\\/\\\/www.protect.airbus.com\\\/de\\\/?s={search_term_string}\"},\"query-input\":{\"@type\":\"PropertyValueSpecification\",\"valueRequired\":true,\"valueName\":\"search_term_string\"}}],\"inLanguage\":\"de\"},{\"@type\":\"Organization\",\"@id\":\"https:\\\/\\\/www.protect.airbus.com\\\/de\\\/#organization\",\"name\":\"Airbus Protect\",\"url\":\"https:\\\/\\\/www.protect.airbus.com\\\/de\\\/\",\"logo\":{\"@type\":\"ImageObject\",\"inLanguage\":\"de\",\"@id\":\"https:\\\/\\\/www.protect.airbus.com\\\/de\\\/#\\\/schema\\\/logo\\\/image\\\/\",\"url\":\"https:\\\/\\\/www.protect.airbus.com\\\/wp-content\\\/uploads\\\/2023\\\/05\\\/logo-airbus-protect-696-696.png\",\"contentUrl\":\"https:\\\/\\\/www.protect.airbus.com\\\/wp-content\\\/uploads\\\/2023\\\/05\\\/logo-airbus-protect-696-696.png\",\"width\":696,\"height\":696,\"caption\":\"Airbus Protect\"},\"image\":{\"@id\":\"https:\\\/\\\/www.protect.airbus.com\\\/de\\\/#\\\/schema\\\/logo\\\/image\\\/\"},\"sameAs\":[\"https:\\\/\\\/www.linkedin.com\\\/company\\\/airbus-protect\\\/\",\"https:\\\/\\\/www.youtube.com\\\/@airbusprotect7483\"],\"contactPoint\":{\"@type\":\"ContactPoint\",\"email\":\"protect@airbus.com\",\"contactType\":\"customer service\",\"areaServed\":[\"GB\",\"FR\",\"ES\",\"DE\",\"BE\",\"CH\",\"PT\",\"DK\",\"AT\"],\"availableLanguage\":[\"en\",\"fr\",\"de\"]}}]}<\/script>\n<!-- \/ Yoast SEO Premium plugin. -->","yoast_head_json":{"title":"Kommunikations-Kit - Airbus Protect","robots":{"index":"index","follow":"follow","max-snippet":"max-snippet:-1","max-image-preview":"max-image-preview:large","max-video-preview":"max-video-preview:-1"},"canonical":"https:\/\/www.protect.airbus.com\/de\/insights\/communication-kit\/","og_locale":"de_DE","og_type":"article","og_title":"Kommunikations-Kit","og_description":"[vc_row][vc_column][vc_column_text p_style=&#8220;pBig&#8220;]Unser kreatives Konzept verbindet zwei Welten. Die erste spiegelt unser technisches Know-how wider, indem wir Kodierungssymbole verwenden, um unsere Botschaften auf eindrucksvolle und unerwartete Weise zu veranschaulichen. Die zweite Welt ist so gestaltet, dass sie f\u00fcr jeden zug\u00e4nglich ist. Sie zeigt nicht nur Bilder aus unserem Gesch\u00e4ft, sondern auch aus unserem Leben und unserem [&hellip;]","og_url":"https:\/\/www.protect.airbus.com\/de\/insights\/communication-kit\/","og_site_name":"Airbus Protect","article_modified_time":"2023-08-03T15:02:47+00:00","og_image":[{"width":1920,"height":358,"url":"https:\/\/www.protect.airbus.com\/wp-content\/uploads\/2022\/06\/header-communication-kit.jpg","type":"image\/jpeg"}],"twitter_card":"summary_large_image","twitter_misc":{"Gesch\u00e4tzte Lesezeit":"1\u00a0Minute"},"schema":{"@context":"https:\/\/schema.org","@graph":[{"@type":"WebPage","@id":"https:\/\/www.protect.airbus.com\/de\/insights\/communication-kit\/","url":"https:\/\/www.protect.airbus.com\/de\/insights\/communication-kit\/","name":"Kommunikations-Kit - Airbus Protect","isPartOf":{"@id":"https:\/\/www.protect.airbus.com\/de\/#website"},"primaryImageOfPage":{"@id":"https:\/\/www.protect.airbus.com\/de\/insights\/communication-kit\/#primaryimage"},"image":{"@id":"https:\/\/www.protect.airbus.com\/de\/insights\/communication-kit\/#primaryimage"},"thumbnailUrl":"https:\/\/www.protect.airbus.com\/wp-content\/uploads\/2022\/06\/header-communication-kit.jpg","datePublished":"2022-06-09T20:36:45+00:00","dateModified":"2023-08-03T15:02:47+00:00","breadcrumb":{"@id":"https:\/\/www.protect.airbus.com\/de\/insights\/communication-kit\/#breadcrumb"},"inLanguage":"de","potentialAction":[{"@type":"ReadAction","target":["https:\/\/www.protect.airbus.com\/de\/insights\/communication-kit\/"]}]},{"@type":"ImageObject","inLanguage":"de","@id":"https:\/\/www.protect.airbus.com\/de\/insights\/communication-kit\/#primaryimage","url":"https:\/\/www.protect.airbus.com\/wp-content\/uploads\/2022\/06\/header-communication-kit.jpg","contentUrl":"https:\/\/www.protect.airbus.com\/wp-content\/uploads\/2022\/06\/header-communication-kit.jpg","width":1920,"height":358},{"@type":"BreadcrumbList","@id":"https:\/\/www.protect.airbus.com\/de\/insights\/communication-kit\/#breadcrumb","itemListElement":[{"@type":"ListItem","position":1,"name":"Home","item":"https:\/\/www.protect.airbus.com\/de\/"},{"@type":"ListItem","position":2,"name":"Aktuelle Insights","item":"https:\/\/www.protect.airbus.com\/de\/insights\/"},{"@type":"ListItem","position":3,"name":"Kommunikations-Kit"}]},{"@type":"WebSite","@id":"https:\/\/www.protect.airbus.com\/de\/#website","url":"https:\/\/www.protect.airbus.com\/de\/","name":"Airbus Protect","description":"","publisher":{"@id":"https:\/\/www.protect.airbus.com\/de\/#organization"},"potentialAction":[{"@type":"SearchAction","target":{"@type":"EntryPoint","urlTemplate":"https:\/\/www.protect.airbus.com\/de\/?s={search_term_string}"},"query-input":{"@type":"PropertyValueSpecification","valueRequired":true,"valueName":"search_term_string"}}],"inLanguage":"de"},{"@type":"Organization","@id":"https:\/\/www.protect.airbus.com\/de\/#organization","name":"Airbus Protect","url":"https:\/\/www.protect.airbus.com\/de\/","logo":{"@type":"ImageObject","inLanguage":"de","@id":"https:\/\/www.protect.airbus.com\/de\/#\/schema\/logo\/image\/","url":"https:\/\/www.protect.airbus.com\/wp-content\/uploads\/2023\/05\/logo-airbus-protect-696-696.png","contentUrl":"https:\/\/www.protect.airbus.com\/wp-content\/uploads\/2023\/05\/logo-airbus-protect-696-696.png","width":696,"height":696,"caption":"Airbus Protect"},"image":{"@id":"https:\/\/www.protect.airbus.com\/de\/#\/schema\/logo\/image\/"},"sameAs":["https:\/\/www.linkedin.com\/company\/airbus-protect\/","https:\/\/www.youtube.com\/@airbusprotect7483"],"contactPoint":{"@type":"ContactPoint","email":"protect@airbus.com","contactType":"customer service","areaServed":["GB","FR","ES","DE","BE","CH","PT","DK","AT"],"availableLanguage":["en","fr","de"]}}]}},"_links":{"self":[{"href":"https:\/\/www.protect.airbus.com\/de\/wp-json\/wp\/v2\/pages\/6627","targetHints":{"allow":["GET"]}}],"collection":[{"href":"https:\/\/www.protect.airbus.com\/de\/wp-json\/wp\/v2\/pages"}],"about":[{"href":"https:\/\/www.protect.airbus.com\/de\/wp-json\/wp\/v2\/types\/page"}],"author":[{"embeddable":true,"href":"https:\/\/www.protect.airbus.com\/de\/wp-json\/wp\/v2\/users\/1"}],"replies":[{"embeddable":true,"href":"https:\/\/www.protect.airbus.com\/de\/wp-json\/wp\/v2\/comments?post=6627"}],"version-history":[{"count":5,"href":"https:\/\/www.protect.airbus.com\/de\/wp-json\/wp\/v2\/pages\/6627\/revisions"}],"predecessor-version":[{"id":6632,"href":"https:\/\/www.protect.airbus.com\/de\/wp-json\/wp\/v2\/pages\/6627\/revisions\/6632"}],"up":[{"embeddable":true,"href":"https:\/\/www.protect.airbus.com\/de\/wp-json\/wp\/v2\/pages\/6609"}],"wp:featuredmedia":[{"embeddable":true,"href":"https:\/\/www.protect.airbus.com\/de\/wp-json\/wp\/v2\/media\/4035"}],"wp:attachment":[{"href":"https:\/\/www.protect.airbus.com\/de\/wp-json\/wp\/v2\/media?parent=6627"}],"curies":[{"name":"wp","href":"https:\/\/api.w.org\/{rel}","templated":true}]}}