{"id":6624,"date":"2022-06-09T22:23:12","date_gmt":"2022-06-09T20:23:12","guid":{"rendered":"https:\/\/www.protect.airbus.com\/insights\/brochures\/"},"modified":"2024-10-25T14:46:48","modified_gmt":"2024-10-25T12:46:48","slug":"broschueren","status":"publish","type":"page","link":"https:\/\/www.protect.airbus.com\/de\/insights\/broschueren\/","title":{"rendered":"Brosch\u00fcren"},"content":{"rendered":"<div class=\"wpb-content-wrapper\"><p>[vc_row][vc_column][vc_column_text p_style=&#8220;pBig&#8220;][\/vc_column_text]<div class=\"blocList blocListBrochure bgColorGreyBlue\">\n            <form class=\"searchFormBlocList \" method=\"post\" action=\"https:\/\/www.protect.airbus.com\/de\/insights\/broschueren\/\" id=\"search_69d447295aed0\" enctype=\"multipart\/form-data\">\n            <div class=\"searchLine\"><div><span class=\"custom-dropdown\"><select name=\"categoryBrochure\" class=\"custom-dropdown__select dw_category\">\n                    <option value=\"\" selected=\"selected\">Thema<\/option>\n                    <option value=\"cybersecurity-de\" >Cybersecurity<\/option><option value=\"safety-de\" >Safety<\/option><option value=\"training-de\" >Training<\/option>                <\/select><\/span><\/div>                <div class=\"btSubmit\">\n                    <button type=\"submit\">Filter<\/button>\n                <\/div>\n            <\/div>\n        <\/form>\n        <div class=\"blocListItems\"><article class=\"blocListItem\"  ><div class=\"blocListItem_sousconteneur\">\n            <span class=\"category\">Cybersecurity<\/span>            <h3>Managed security services<\/h3>\n            <a href=\"\/de\/download\/?id=17770&idFile=17770&k=7dfc33c53aba5a73&idPS=6624&kPS=25903b3983143025&FT=Managed+security+services&kFT=4eb60b108ec7dae9&FST=Brosch%C3%BCren&kFST=54fd84c2aec4d28c&TFT=Brosch%C3%BCren\" rel=\"nofollow\" class=\"button btReadMore\" >Herunterladen<\/a>            <\/div><\/article><article class=\"blocListItem\"  ><div class=\"blocListItem_sousconteneur\">\n            <span class=\"category\">Cybersecurity<\/span>            <h3>Software Fence<\/h3>\n            <a href=\"\/de\/download\/?id=40782&idFile=40782&k=4f8ec85654bed00b&idPS=6624&kPS=25903b3983143025&FT=Software+Fence&kFT=f0e9b1f6fc7072e0&FST=Brosch%C3%BCren&kFST=54fd84c2aec4d28c&TFT=Brosch%C3%BCren\" rel=\"nofollow\" class=\"button btReadMore\" >Herunterladen<\/a>            <\/div><\/article><article class=\"blocListItem\"  ><div class=\"blocListItem_sousconteneur\">\n            <span class=\"category\">Safety<\/span>            <h3>Software Simlog<\/h3>\n            <a href=\"\/de\/download\/?id=4618&idFile=4618&k=8c3f768f8edbef35&idPS=6624&kPS=25903b3983143025&FT=Software+Simlog&kFT=8786508fe0909a1d&FST=Brosch%C3%BCren&kFST=54fd84c2aec4d28c&TFT=Brosch%C3%BCren\" rel=\"nofollow\" class=\"button btReadMore\" >Herunterladen<\/a>            <\/div><\/article><article class=\"blocListItem\"  ><div class=\"blocListItem_sousconteneur\">\n            <span class=\"category\">Safety<\/span>            <h3>Software Amasis<\/h3>\n            <a href=\"\/de\/download\/?id=4554&idFile=4554&k=81a1227ae766fc56&idPS=6624&kPS=25903b3983143025&FT=Software+Amasis&kFT=1c8da39e85ad2940&FST=Brosch%C3%BCren&kFST=54fd84c2aec4d28c&TFT=Brosch%C3%BCren\" rel=\"nofollow\" class=\"button btReadMore\" >Herunterladen<\/a>            <\/div><\/article><article class=\"blocListItem\"  ><div class=\"blocListItem_sousconteneur\">\n            <span class=\"category\">Safety<\/span>            <h3>Human at the heart of safety<\/h3>\n            <a href=\"\/de\/download\/?id=4111&idFile=4111&k=cc1ca95e0e046c24&idPS=6624&kPS=25903b3983143025&FT=Human+at+the+heart+of+safety&kFT=bf904ac89721cd1c&FST=Brosch%C3%BCren&kFST=54fd84c2aec4d28c&TFT=Brosch%C3%BCren\" rel=\"nofollow\" class=\"button btReadMore\" >Herunterladen<\/a>            <\/div><\/article><article class=\"blocListItem\"  ><div class=\"blocListItem_sousconteneur\">\n            <span class=\"category\">Safety<\/span>            <h3>Safety ways for ATM &#038; UTM<\/h3>\n            <a href=\"\/de\/download\/?id=4615&idFile=4615&k=76ce6630993488c2&idPS=6624&kPS=25903b3983143025&FT=Safety+ways+for+ATM+%26+UTM&kFT=96c3f3c6f9bf3456&FST=Brosch%C3%BCren&kFST=54fd84c2aec4d28c&TFT=Brosch%C3%BCren\" rel=\"nofollow\" class=\"button btReadMore\" >Herunterladen<\/a>            <\/div><\/article><article class=\"blocListItem\"  ><div class=\"blocListItem_sousconteneur\">\n            <span class=\"category\">Safety<\/span>            <h3>Take-off clearance &#8211; Urban Air Mobility &#038; Drones<\/h3>\n            <a href=\"\/de\/download\/?id=4109&idFile=4109&k=a08350cee8037956&idPS=6624&kPS=25903b3983143025&FT=Take-off+clearance+%E2%80%93+Urban+Air+Mobility+%26+Drones&kFT=825156a61a9a1176&FST=Brosch%C3%BCren&kFST=54fd84c2aec4d28c&TFT=Brosch%C3%BCren\" rel=\"nofollow\" class=\"button btReadMore\" >Herunterladen<\/a>            <\/div><\/article><article class=\"blocListItem\"  ><div class=\"blocListItem_sousconteneur\">\n            <span class=\"category\">Cybersecurity<\/span>            <h3>Cyber On Demand<\/h3>\n            <a href=\"\/de\/download\/?id=4024&idFile=4024&k=ccb077062e970a76&idPS=6624&kPS=25903b3983143025&FT=Cyber+On+Demand&kFT=3a559ed471b07f29&FST=Brosch%C3%BCren&kFST=54fd84c2aec4d28c&TFT=Brosch%C3%BCren\" rel=\"nofollow\" class=\"button btReadMore\" >Herunterladen<\/a>            <\/div><\/article><article class=\"blocListItem\"  ><div class=\"blocListItem_sousconteneur\">\n            <span class=\"category\">Cybersecurity<\/span>            <h3>IT\/OT Consulting Services<\/h3>\n            <a href=\"\/de\/download\/?id=4023&idFile=4023&k=a234166ef7e90fb8&idPS=6624&kPS=25903b3983143025&FT=IT%2FOT+Consulting+Services&kFT=9240a80a59ab967d&FST=Brosch%C3%BCren&kFST=54fd84c2aec4d28c&TFT=Brosch%C3%BCren\" rel=\"nofollow\" class=\"button btReadMore\" >Herunterladen<\/a>            <\/div><\/article><article class=\"blocListItem\"  ><div class=\"blocListItem_sousconteneur\">\n            <span class=\"category\">Cybersecurity<\/span>            <h3>CyberRange<\/h3>\n            <a href=\"\/de\/download\/?id=4112&idFile=4112&k=766f0b8503b3f5ae&idPS=6624&kPS=25903b3983143025&FT=CyberRange&kFT=64c1c073697bc1f0&FST=Brosch%C3%BCren&kFST=54fd84c2aec4d28c&TFT=Brosch%C3%BCren\" rel=\"nofollow\" class=\"button btReadMore\" >Herunterladen<\/a>            <\/div><\/article><article class=\"blocListItem\"  ><div class=\"blocListItem_sousconteneur\">\n            <span class=\"category\">Cybersecurity<\/span>            <h3>CSIRT<\/h3>\n            <a href=\"\/de\/download\/?id=4019&idFile=4019&k=05c669966dbe5eac&idPS=6624&kPS=25903b3983143025&FT=CSIRT&kFT=96e826db78709a12&FST=Brosch%C3%BCren&kFST=54fd84c2aec4d28c&TFT=Brosch%C3%BCren\" rel=\"nofollow\" class=\"button btReadMore\" >Herunterladen<\/a>            <\/div><\/article><article class=\"blocListItem\"  ><div class=\"blocListItem_sousconteneur\">\n            <span class=\"category\">Cybersecurity<\/span>            <h3>IoT Security<\/h3>\n            <a href=\"\/de\/download\/?id=4018&idFile=4018&k=126ad75778fb8125&idPS=6624&kPS=25903b3983143025&FT=IoT+Security&kFT=b4c691faf3afde81&FST=Brosch%C3%BCren&kFST=54fd84c2aec4d28c&TFT=Brosch%C3%BCren\" rel=\"nofollow\" class=\"button btReadMore\" >Herunterladen<\/a>            <\/div><\/article><article class=\"blocListItem\"  ><div class=\"blocListItem_sousconteneur\">\n            <span class=\"category\">Cybersecurity<\/span>            <h3>SOC services<\/h3>\n            <a href=\"\/de\/download\/?id=17758&idFile=17758&k=8cb2764fc8f2689d&idPS=6624&kPS=25903b3983143025&FT=SOC+services&kFT=87c4e028768ed12a&FST=Brosch%C3%BCren&kFST=54fd84c2aec4d28c&TFT=Brosch%C3%BCren\" rel=\"nofollow\" class=\"button btReadMore\" >Herunterladen<\/a>            <\/div><\/article><article class=\"blocListItem\"  ><div class=\"blocListItem_sousconteneur\">\n            <span class=\"category\">Cybersecurity<\/span>            <h3>CyberSecurity for Industry<\/h3>\n            <a href=\"\/de\/download\/?id=3948&idFile=3948&k=b4d4de559aac2d0b&idPS=6624&kPS=25903b3983143025&FT=CyberSecurity+for+Industry&kFT=2a3645d881399eea&FST=Brosch%C3%BCren&kFST=54fd84c2aec4d28c&TFT=Brosch%C3%BCren\" rel=\"nofollow\" class=\"button btReadMore\" >Herunterladen<\/a>            <\/div><\/article><article class=\"blocListItem\"  ><div class=\"blocListItem_sousconteneur\">\n            <span class=\"category\">Training<\/span>            <h3>Training catalogue<\/h3>\n            <a href=\"?dlFileAP=1&id=51225&idFile=51225&k=5acb521a74e1e053&idPS=6624&kPS=25903b3983143025&FT=Training+catalogue&kFT=6ebfb2364586a97f&FST=Brosch%C3%BCren&kFST=54fd84c2aec4d28c&TFT=Brosch%C3%BCren&dfNoForm=01e44770f8d49207\" target=\"_blank\" \"  class=\"button btReadMore\" >Herunterladen<\/a>            <\/div><\/article><\/div>\n                <\/div>[\/vc_column][\/vc_row]<\/p>\n<\/div>","protected":false},"excerpt":{"rendered":"<p>[vc_row][vc_column][vc_column_text p_style=&#8220;pBig&#8220;][\/vc_column_text][\/vc_column][\/vc_row]<\/p>\n","protected":false},"author":1,"featured_media":4036,"parent":6609,"menu_order":4,"comment_status":"closed","ping_status":"closed","template":"","meta":{"_acf_changed":false,"content-type":"","_relevanssi_hide_post":"","_relevanssi_hide_content":"","_relevanssi_pin_for_all":"","_relevanssi_pin_keywords":"","_relevanssi_unpin_keywords":"","_relevanssi_related_keywords":"","_relevanssi_related_include_ids":"","_relevanssi_related_exclude_ids":"","_relevanssi_related_no_append":"","_relevanssi_related_not_related":"","_relevanssi_related_posts":"","_relevanssi_noindex_reason":"","footnotes":""},"class_list":["post-6624","page","type-page","status-publish","has-post-thumbnail","hentry"],"acf":[],"yoast_head":"<!-- This site is optimized with the Yoast SEO Premium plugin v27.2 (Yoast SEO v27.2) - https:\/\/yoast.com\/product\/yoast-seo-premium-wordpress\/ -->\n<title>Insights: Brosch\u00fcren - Airbus Protect<\/title>\n<meta name=\"description\" content=\"Erfahren Sie mehr \u00fcber die Airbus Protect-Services, indem Sie die verf\u00fcgbaren Brosch\u00fcren herunterladen.\" \/>\n<meta name=\"robots\" content=\"index, follow, max-snippet:-1, max-image-preview:large, max-video-preview:-1\" \/>\n<link rel=\"canonical\" href=\"https:\/\/www.protect.airbus.com\/de\/insights\/broschueren\/\" \/>\n<meta property=\"og:locale\" content=\"de_DE\" \/>\n<meta property=\"og:type\" content=\"article\" \/>\n<meta property=\"og:title\" content=\"Brosch\u00fcren\" \/>\n<meta property=\"og:description\" content=\"Erfahren Sie mehr \u00fcber die Airbus Protect-Services, indem Sie die verf\u00fcgbaren Brosch\u00fcren herunterladen.\" \/>\n<meta property=\"og:url\" content=\"https:\/\/www.protect.airbus.com\/de\/insights\/broschueren\/\" \/>\n<meta property=\"og:site_name\" content=\"Airbus Protect\" \/>\n<meta property=\"article:modified_time\" content=\"2024-10-25T12:46:48+00:00\" \/>\n<meta property=\"og:image\" content=\"https:\/\/www.protect.airbus.com\/wp-content\/uploads\/2022\/06\/header-brochures.jpg\" \/>\n\t<meta property=\"og:image:width\" content=\"1920\" \/>\n\t<meta property=\"og:image:height\" content=\"358\" \/>\n\t<meta property=\"og:image:type\" content=\"image\/jpeg\" \/>\n<meta name=\"twitter:card\" content=\"summary_large_image\" \/>\n<meta name=\"twitter:label1\" content=\"Gesch\u00e4tzte Lesezeit\" \/>\n\t<meta name=\"twitter:data1\" content=\"1\u00a0Minute\" \/>\n<script type=\"application\/ld+json\" class=\"yoast-schema-graph\">{\"@context\":\"https:\/\/schema.org\",\"@graph\":[{\"@type\":\"WebPage\",\"@id\":\"https:\/\/www.protect.airbus.com\/de\/insights\/broschueren\/\",\"url\":\"https:\/\/www.protect.airbus.com\/de\/insights\/broschueren\/\",\"name\":\"Insights: Brosch\u00fcren - Airbus Protect\",\"isPartOf\":{\"@id\":\"https:\/\/www.protect.airbus.com\/de\/#website\"},\"primaryImageOfPage\":{\"@id\":\"https:\/\/www.protect.airbus.com\/de\/insights\/broschueren\/#primaryimage\"},\"image\":{\"@id\":\"https:\/\/www.protect.airbus.com\/de\/insights\/broschueren\/#primaryimage\"},\"thumbnailUrl\":\"https:\/\/www.protect.airbus.com\/wp-content\/uploads\/2022\/06\/header-brochures.jpg\",\"datePublished\":\"2022-06-09T20:23:12+00:00\",\"dateModified\":\"2024-10-25T12:46:48+00:00\",\"description\":\"Erfahren Sie mehr \u00fcber die Airbus Protect-Services, indem Sie die verf\u00fcgbaren Brosch\u00fcren herunterladen.\",\"breadcrumb\":{\"@id\":\"https:\/\/www.protect.airbus.com\/de\/insights\/broschueren\/#breadcrumb\"},\"inLanguage\":\"de\",\"potentialAction\":[{\"@type\":\"ReadAction\",\"target\":[\"https:\/\/www.protect.airbus.com\/de\/insights\/broschueren\/\"]}]},{\"@type\":\"ImageObject\",\"inLanguage\":\"de\",\"@id\":\"https:\/\/www.protect.airbus.com\/de\/insights\/broschueren\/#primaryimage\",\"url\":\"https:\/\/www.protect.airbus.com\/wp-content\/uploads\/2022\/06\/header-brochures.jpg\",\"contentUrl\":\"https:\/\/www.protect.airbus.com\/wp-content\/uploads\/2022\/06\/header-brochures.jpg\",\"width\":1920,\"height\":358},{\"@type\":\"BreadcrumbList\",\"@id\":\"https:\/\/www.protect.airbus.com\/de\/insights\/broschueren\/#breadcrumb\",\"itemListElement\":[{\"@type\":\"ListItem\",\"position\":1,\"name\":\"Home\",\"item\":\"https:\/\/www.protect.airbus.com\/de\/\"},{\"@type\":\"ListItem\",\"position\":2,\"name\":\"Aktuelle Insights\",\"item\":\"https:\/\/www.protect.airbus.com\/de\/insights\/\"},{\"@type\":\"ListItem\",\"position\":3,\"name\":\"Brosch\u00fcren\"}]},{\"@type\":\"WebSite\",\"@id\":\"https:\/\/www.protect.airbus.com\/de\/#website\",\"url\":\"https:\/\/www.protect.airbus.com\/de\/\",\"name\":\"Airbus Protect\",\"description\":\"\",\"publisher\":{\"@id\":\"https:\/\/www.protect.airbus.com\/de\/#organization\"},\"potentialAction\":[{\"@type\":\"SearchAction\",\"target\":{\"@type\":\"EntryPoint\",\"urlTemplate\":\"https:\/\/www.protect.airbus.com\/de\/?s={search_term_string}\"},\"query-input\":{\"@type\":\"PropertyValueSpecification\",\"valueRequired\":true,\"valueName\":\"search_term_string\"}}],\"inLanguage\":\"de\"},{\"@type\":\"Organization\",\"@id\":\"https:\/\/www.protect.airbus.com\/de\/#organization\",\"name\":\"Airbus Protect\",\"url\":\"https:\/\/www.protect.airbus.com\/de\/\",\"logo\":{\"@type\":\"ImageObject\",\"inLanguage\":\"de\",\"@id\":\"https:\/\/www.protect.airbus.com\/de\/#\/schema\/logo\/image\/\",\"url\":\"https:\/\/www.protect.airbus.com\/wp-content\/uploads\/2023\/05\/logo-airbus-protect-696-696.png\",\"contentUrl\":\"https:\/\/www.protect.airbus.com\/wp-content\/uploads\/2023\/05\/logo-airbus-protect-696-696.png\",\"width\":696,\"height\":696,\"caption\":\"Airbus Protect\"},\"image\":{\"@id\":\"https:\/\/www.protect.airbus.com\/de\/#\/schema\/logo\/image\/\"},\"sameAs\":[\"https:\/\/www.linkedin.com\/company\/airbus-protect\/\",\"https:\/\/www.youtube.com\/@airbusprotect7483\"],\"contactPoint\":{\"@type\":\"ContactPoint\",\"email\":\"protect@airbus.com\",\"contactType\":\"customer service\",\"areaServed\":[\"GB\",\"FR\",\"ES\",\"DE\",\"BE\",\"CH\",\"PT\",\"DK\",\"AT\"],\"availableLanguage\":[\"en\",\"fr\",\"de\"]}}]}<\/script>\n<!-- \/ Yoast SEO Premium plugin. -->","yoast_head_json":{"title":"Insights: Brosch\u00fcren - Airbus Protect","description":"Erfahren Sie mehr \u00fcber die Airbus Protect-Services, indem Sie die verf\u00fcgbaren Brosch\u00fcren herunterladen.","robots":{"index":"index","follow":"follow","max-snippet":"max-snippet:-1","max-image-preview":"max-image-preview:large","max-video-preview":"max-video-preview:-1"},"canonical":"https:\/\/www.protect.airbus.com\/de\/insights\/broschueren\/","og_locale":"de_DE","og_type":"article","og_title":"Brosch\u00fcren","og_description":"Erfahren Sie mehr \u00fcber die Airbus Protect-Services, indem Sie die verf\u00fcgbaren Brosch\u00fcren herunterladen.","og_url":"https:\/\/www.protect.airbus.com\/de\/insights\/broschueren\/","og_site_name":"Airbus Protect","article_modified_time":"2024-10-25T12:46:48+00:00","og_image":[{"width":1920,"height":358,"url":"https:\/\/www.protect.airbus.com\/wp-content\/uploads\/2022\/06\/header-brochures.jpg","type":"image\/jpeg"}],"twitter_card":"summary_large_image","twitter_misc":{"Gesch\u00e4tzte Lesezeit":"1\u00a0Minute"},"schema":{"@context":"https:\/\/schema.org","@graph":[{"@type":"WebPage","@id":"https:\/\/www.protect.airbus.com\/de\/insights\/broschueren\/","url":"https:\/\/www.protect.airbus.com\/de\/insights\/broschueren\/","name":"Insights: Brosch\u00fcren - Airbus Protect","isPartOf":{"@id":"https:\/\/www.protect.airbus.com\/de\/#website"},"primaryImageOfPage":{"@id":"https:\/\/www.protect.airbus.com\/de\/insights\/broschueren\/#primaryimage"},"image":{"@id":"https:\/\/www.protect.airbus.com\/de\/insights\/broschueren\/#primaryimage"},"thumbnailUrl":"https:\/\/www.protect.airbus.com\/wp-content\/uploads\/2022\/06\/header-brochures.jpg","datePublished":"2022-06-09T20:23:12+00:00","dateModified":"2024-10-25T12:46:48+00:00","description":"Erfahren Sie mehr \u00fcber die Airbus Protect-Services, indem Sie die verf\u00fcgbaren Brosch\u00fcren herunterladen.","breadcrumb":{"@id":"https:\/\/www.protect.airbus.com\/de\/insights\/broschueren\/#breadcrumb"},"inLanguage":"de","potentialAction":[{"@type":"ReadAction","target":["https:\/\/www.protect.airbus.com\/de\/insights\/broschueren\/"]}]},{"@type":"ImageObject","inLanguage":"de","@id":"https:\/\/www.protect.airbus.com\/de\/insights\/broschueren\/#primaryimage","url":"https:\/\/www.protect.airbus.com\/wp-content\/uploads\/2022\/06\/header-brochures.jpg","contentUrl":"https:\/\/www.protect.airbus.com\/wp-content\/uploads\/2022\/06\/header-brochures.jpg","width":1920,"height":358},{"@type":"BreadcrumbList","@id":"https:\/\/www.protect.airbus.com\/de\/insights\/broschueren\/#breadcrumb","itemListElement":[{"@type":"ListItem","position":1,"name":"Home","item":"https:\/\/www.protect.airbus.com\/de\/"},{"@type":"ListItem","position":2,"name":"Aktuelle Insights","item":"https:\/\/www.protect.airbus.com\/de\/insights\/"},{"@type":"ListItem","position":3,"name":"Brosch\u00fcren"}]},{"@type":"WebSite","@id":"https:\/\/www.protect.airbus.com\/de\/#website","url":"https:\/\/www.protect.airbus.com\/de\/","name":"Airbus Protect","description":"","publisher":{"@id":"https:\/\/www.protect.airbus.com\/de\/#organization"},"potentialAction":[{"@type":"SearchAction","target":{"@type":"EntryPoint","urlTemplate":"https:\/\/www.protect.airbus.com\/de\/?s={search_term_string}"},"query-input":{"@type":"PropertyValueSpecification","valueRequired":true,"valueName":"search_term_string"}}],"inLanguage":"de"},{"@type":"Organization","@id":"https:\/\/www.protect.airbus.com\/de\/#organization","name":"Airbus Protect","url":"https:\/\/www.protect.airbus.com\/de\/","logo":{"@type":"ImageObject","inLanguage":"de","@id":"https:\/\/www.protect.airbus.com\/de\/#\/schema\/logo\/image\/","url":"https:\/\/www.protect.airbus.com\/wp-content\/uploads\/2023\/05\/logo-airbus-protect-696-696.png","contentUrl":"https:\/\/www.protect.airbus.com\/wp-content\/uploads\/2023\/05\/logo-airbus-protect-696-696.png","width":696,"height":696,"caption":"Airbus Protect"},"image":{"@id":"https:\/\/www.protect.airbus.com\/de\/#\/schema\/logo\/image\/"},"sameAs":["https:\/\/www.linkedin.com\/company\/airbus-protect\/","https:\/\/www.youtube.com\/@airbusprotect7483"],"contactPoint":{"@type":"ContactPoint","email":"protect@airbus.com","contactType":"customer service","areaServed":["GB","FR","ES","DE","BE","CH","PT","DK","AT"],"availableLanguage":["en","fr","de"]}}]}},"_links":{"self":[{"href":"https:\/\/www.protect.airbus.com\/de\/wp-json\/wp\/v2\/pages\/6624","targetHints":{"allow":["GET"]}}],"collection":[{"href":"https:\/\/www.protect.airbus.com\/de\/wp-json\/wp\/v2\/pages"}],"about":[{"href":"https:\/\/www.protect.airbus.com\/de\/wp-json\/wp\/v2\/types\/page"}],"author":[{"embeddable":true,"href":"https:\/\/www.protect.airbus.com\/de\/wp-json\/wp\/v2\/users\/1"}],"replies":[{"embeddable":true,"href":"https:\/\/www.protect.airbus.com\/de\/wp-json\/wp\/v2\/comments?post=6624"}],"version-history":[{"count":5,"href":"https:\/\/www.protect.airbus.com\/de\/wp-json\/wp\/v2\/pages\/6624\/revisions"}],"predecessor-version":[{"id":18929,"href":"https:\/\/www.protect.airbus.com\/de\/wp-json\/wp\/v2\/pages\/6624\/revisions\/18929"}],"up":[{"embeddable":true,"href":"https:\/\/www.protect.airbus.com\/de\/wp-json\/wp\/v2\/pages\/6609"}],"wp:featuredmedia":[{"embeddable":true,"href":"https:\/\/www.protect.airbus.com\/de\/wp-json\/wp\/v2\/media\/4036"}],"wp:attachment":[{"href":"https:\/\/www.protect.airbus.com\/de\/wp-json\/wp\/v2\/media?parent=6624"}],"curies":[{"name":"wp","href":"https:\/\/api.w.org\/{rel}","templated":true}]}}