{"id":6600,"date":"2022-06-20T16:44:33","date_gmt":"2022-06-20T14:44:33","guid":{"rendered":"https:\/\/www.protect.airbus.com\/cybersecurity\/managed-security-services\/"},"modified":"2026-03-18T13:34:04","modified_gmt":"2026-03-18T12:34:04","slug":"managed-security-services","status":"publish","type":"page","link":"https:\/\/www.protect.airbus.com\/de\/cybersecurity\/managed-security-services\/","title":{"rendered":"Managed Security Services (MSS)"},"content":{"rendered":"<div class=\"wpb-content-wrapper\"><p>[vc_row][vc_column][vc_column_text css=&#8220;.vc_custom_1764775872695{margin-bottom: 0px !important;padding-bottom: 0px !important;}&#8220; h2_style=&#8220;h2Big&#8220;]<\/p>\n<h2>Was sind Managed Security Services?<\/h2>\n<h3>Sichern Sie die Zukunft Ihres Unternehmens mit einem auf Ihre Umgebung zugeschnittenen Cyber-Monitoring<\/h3>\n<p>[\/vc_column_text][vc_column_text css=&#8220;&#8220; h2_style=&#8220;h2Big&#8220; p_style=&#8220;pHighlight&#8220;]Bei Managed Security Services (MSS) \u00fcbertragen Sie das operative Management Ihrer Cybersicherheit an einen vertrauensw\u00fcrdigen Partner. Dieser strategische Ansatz erm\u00f6glicht es Unternehmen, von einem optimalen, kontinuierlichen Schutz zu profitieren, ohne die Komplexit\u00e4t interner Kompetenzen oder den Aufbau eigener Sicherheitsinfrastrukturen bew\u00e4ltigen zu m\u00fcssen. Durch die Zusammenarbeit mit einem MSSP (Managed Security Service Provider) erh\u00e4lt das Unternehmen Zugang zu Spitzenexpertise in Form eines globalen und skalierbaren Services.<\/p>\n<h2>Warum sind Managed Security Services wichtig? Und warum ist ihre Auslagerung unverzichtbar geworden?<\/h2>\n<p>Angesichts der Industrialisierung von Cyberangriffen ist der R\u00fcckgriff auf einen MSSP nicht mehr blo\u00dfes Outsourcing, sondern ein entscheidender Wettbewerbsvorteil. Die zunehmende Komplexit\u00e4t der Bedrohungen schafft eine Asymmetrie der Ressourcen, die nur dedizierte und geb\u00fcndelte Teams \u00fcberbr\u00fccken k\u00f6nnen.<\/p>\n<p>Einen MSSP zu beauftragen bedeutet, eine unter Druck stehende Support-Funktion in eine echte operative Festung zu verwandeln. Wir agieren als Erweiterung Ihrer internen Teams mit fortschrittlicher operativer Kapazit\u00e4t und bieten die technologische Schlagkraft sowie die 24\/7-Wachsamkeit, die alleine nur schwer aufrechtzuerhalten sind.<\/p>\n<p>Die Herausforderung: Der Wechsel von einer reaktiven Haltung (\u201eFalls wir angegriffen werden\u201c) zu einer Haltung der proaktiven Beherrschung (\u201eWie neutralisieren wir die Bedrohung vor dem Einschlag\u201c).<\/p>\n<h2>Welche Vorteile bieten Managed Security Services?<\/h2>\n<ul>\n<li aria-level=\"1\"><b>Reaktionsf\u00e4higkeit: <\/b><span style=\"font-weight: 400;\">Erkennung und Neutralisierung von Cyberangriffen in Echtzeit.<\/span><\/li>\n<\/ul>\n<ul>\n<li aria-level=\"1\"><b>Sorgenfreiheit: <\/b><span style=\"font-weight: 400;\">Eine Sicherheitslage, die stets gegen neue Bedrohungen gewappnet ist, unterst\u00fctzt von Experten, die Ihre Herausforderungen verstehen und Ihre Sprache sprechen.<\/span><\/li>\n<li aria-level=\"1\"><b>Effizienz: <\/b><span style=\"font-weight: 400;\">Entlastung Ihrer internen Ressourcen, damit diese sich auf Ihr Kerngesch\u00e4ft konzentrieren k\u00f6nnen.<\/span><\/li>\n<\/ul>\n<h2>Warum Airbus Protect f\u00fcr Ihre MSS w\u00e4hlen?<\/h2>\n<p>Antizipieren, erkennen und reagieren Sie auf Bedrohungen rund um die Uhr durch einen proaktiven Cybersicherheitsansatz.<\/p>\n<p>Digital- und Cloud-Technologien haben Prozesse in IT- und OT-Umgebungen modernisiert und f\u00f6rdern Echtzeit-Zusammenarbeit sowie hybrides Arbeiten. Als Tochtergesellschaft von Airbus liegt der Schutz kritischster Assets in unserer DNA.<\/p>\n<p><b>\u2022 Umfassende Abdeckung (IT, OT, Cloud &amp; Produkte): <\/b>Wir sichern Ihre gesamte Angriffsfl\u00e4che. Wir \u00fcberwachen Ihre IT-Netzwerke, aber auch Ihre industriellen Umgebungen (OT), Cloud-Infrastrukturen und sogar Ihre kritischen Produkte.<\/p>\n<p><b>\u2022 Eine europ\u00e4ische und souver\u00e4ne Schlagkraft:<\/b> Ihre Daten werden \u00fcber unser Netzwerk von 5 SOCs (Security Operations Centres) in Frankreich, Deutschland, Spanien und Gro\u00dfbritannien verarbeitet. Wir arbeiten 24\/7\/365 mit \u201eNational Eyes Only\u201c-F\u00e4higkeiten f\u00fcr sensibelste Anforderungen.<\/p>\n<p><b>\u2022 Bew\u00e4hrte Expertise: <\/b>Mit \u00fcber 1.800 Fachkr\u00e4ften und 40\u00a0Jahren Erfahrung sch\u00fctzen wir derzeit Verm\u00f6genswerte im Wert von \u00fcber 100 Milliarden Euro.<\/p>\n<p><b>\u2022 Teamstabilit\u00e4t: <\/b>Die Qualit\u00e4t Ihrer Sicherheit h\u00e4ngt von denjenigen ab, die sie steuern. Wir verzeichnen eine sehr geringe Fluktuationsrate dank motivierender Karrierepfade, was sicherstellt, dass die Experten, die Ihren Kontext kennen, an Ihrer Seite bleiben.[\/vc_column_text][vc_column_text css=&#8220;.vc_custom_1764776157808{margin-bottom: 0px !important;padding-bottom: 0px !important;}&#8220; h2_style=&#8220;h2Big&#8220;]<\/p>\n<h2>Unser Angebot an Managed Security Services<\/h2>\n<p>[\/vc_column_text][\/vc_column][\/vc_row][vc_row][vc_column]<div class=\"conteneurSolutionService conteneurSolutionServiceCybersecurity\">\n<h2>Managed Sercurity Services<\/h2><div class=\"listeSolutionService\">\n    <div class=\"headerListeSolutionService\">\n                    <\/div>\n<div class=\"blocsSolutionService\"><div class=\"blocSolutionService blocSolutionServiceURL\">\n    <div>\n        <span>Antizipieren<\/span>        <h4>Schwachstellen-Management<\/h4>        <p>Wir identifizieren Software-Schwachstellen, bevor es Angreifer tun. Wir erkennen, verwalten und beheben Probleme proaktiv durch einen ma\u00dfgeschneiderten Ansatz.<\/p>    <\/div>\n            <div class=\"overlay\" onclick=\"document.location.href='https:\/\/www.protect.airbus.com\/de\/cybersecurity\/managed-security-services\/vulnerability-management\/';\">\n            <span class=\"readMore\"><a href=\"https:\/\/www.protect.airbus.com\/de\/cybersecurity\/managed-security-services\/vulnerability-management\/\" title=\"Schwachstellen-Management\">Weiterlesen &gt;<\/a><\/span>\n        <\/div>\n        <\/div><div class=\"blocSolutionService blocSolutionServiceURL\">\n    <div>\n        <span>Identifizieren<\/span>        <h4>Schutz vor digitalen Risiken<\/h4>        <p>Wir sch\u00fctzen den digitalen Fu\u00dfabdruck Ihres Unternehmens. Wir finden kontinuierlich heraus, wo Ihre Assets exponiert wurden, und helfen Ihnen, potenzielle Behebungsoptionen zu verstehen.<\/p>    <\/div>\n            <div class=\"overlay\" onclick=\"document.location.href='https:\/\/www.protect.airbus.com\/de\/cybersecurity\/managed-security-services\/digital-risk-protection\/';\">\n            <span class=\"readMore\"><a href=\"https:\/\/www.protect.airbus.com\/de\/cybersecurity\/managed-security-services\/digital-risk-protection\/\" title=\"Schutz vor digitalen Risiken\">Weiterlesen &gt;<\/a><\/span>\n        <\/div>\n        <\/div><div class=\"blocSolutionService blocSolutionServiceURL\">\n    <div>\n        <span>Sch\u00fctzen<\/span>        <h4>Angriffsfl\u00e4chenmanagement<\/h4>        <p>Wir verschaffen Ihnen schnell einen umfassenden \u00dcberblick \u00fcber potenzielle Schwachstellen in Ihrer Infrastruktur, damit Sie die Sicherheit Ihrer digitalen Assets proaktiv planen k\u00f6nnen.<\/p>    <\/div>\n            <div class=\"overlay\" onclick=\"document.location.href='https:\/\/www.protect.airbus.com\/de\/cybersecurity\/managed-security-services\/angriffsflaechenmanagement\/';\">\n            <span class=\"readMore\"><a href=\"https:\/\/www.protect.airbus.com\/de\/cybersecurity\/managed-security-services\/angriffsflaechenmanagement\/\" title=\"Angriffsfl\u00e4chenmanagement\">Weiterlesen &gt;<\/a><\/span>\n        <\/div>\n        <\/div><div class=\"blocSolutionService blocSolutionServiceURL\">\n    <div>\n        <span>Erkennen<\/span>        <h4>SOC-Dienste<\/h4>        <p>Wir sch\u00fctzen Ihre Organisation gegen bekannte und unbekannte Cyberbedrohungen durch unsere Security Operations Centres (SOC) in Gro\u00dfbritannien, Frankreich, Deutschland und Spanien.<\/p>    <\/div>\n            <div class=\"overlay\" onclick=\"document.location.href='https:\/\/www.protect.airbus.com\/de\/cybersecurity\/managed-security-services\/soc-services\/';\">\n            <span class=\"readMore\"><a href=\"https:\/\/www.protect.airbus.com\/de\/cybersecurity\/managed-security-services\/soc-services\/\" title=\"SOC-Dienste\">Weiterlesen &gt;<\/a><\/span>\n        <\/div>\n        <\/div><div class=\"blocSolutionService blocSolutionServiceURL\">\n    <div>\n        <span>Reagieren<\/span>        <h4>Computer Security Incident Response Team<\/h4>        <p>Sie werden angegriffen und wissen nicht, wie Sie reagieren sollen? Unser auf Cybersicherheitsvorf\u00e4lle spezialisiertes CSIRT-Team hilft Ihnen, Vorf\u00e4lle zu l\u00f6sen und deren Auswirkungen zu minimieren.<\/p>    <\/div>\n            <div class=\"overlay\" onclick=\"document.location.href='https:\/\/www.protect.airbus.com\/de\/cybersecurity\/csirt\/';\">\n            <span class=\"readMore\"><a href=\"https:\/\/www.protect.airbus.com\/de\/cybersecurity\/csirt\/\" title=\"Computer Security Incident Response Team\">Weiterlesen &gt;<\/a><\/span>\n        <\/div>\n        <\/div><\/div>\n    <\/div><\/div>[vc_column_text css=&#8220;&#8220;]<\/p>\n<h3>Airbus Protect, ein vertrauensw\u00fcrdiger Partner<\/h3>\n<p>[\/vc_column_text]    <div class=\"citation p\">\n        <p>Cybersicherheit ist eine Priorit\u00e4t. Wir sind \u00fcberzeugt, dass die Expertise von Airbus Protect eine zentrale Rolle beim Schutz unserer Systeme und bei der Aufrechterhaltung der hohen Sicherheitsstandards spielen wird, die unsere Passagiere und Partner erwarten.<\/p>\n                <div class=\"infoAuteur\">\n            <div><span class=\"nomAuteur\">Philippe Cr\u00e9bassa,&nbsp;<\/span><span class=\"poste\">Vorstandsvorsitzender des Flughafens Toulouse-Blagnac<\/span><\/div>        <\/div>\n            <\/div>\n        <div class=\"citation p\">\n        <p>Der Mont-Blanc-Tunnel ist mit den von Airbus Protect erbrachten Leistungen sehr zufrieden, sowohl in Bezug auf Effizienz als auch P\u00fcnktlichkeit. Airbus Protect wird als echter Partner angesehen, da die mit dem Mont-Blanc-Tunnel geteilten Vorschl\u00e4ge es uns erm\u00f6glicht haben, unsere Cybersicherheit kontinuierlich zu st\u00e4rken, im Hinblick auf eine echte und stetige Verbesserung<\/p>\n                <div class=\"infoAuteur\">\n            <div><span class=\"nomAuteur\">Andrea Colombo,&nbsp;<\/span><span class=\"poste\">Leiter IT-Sicherheit, Mont-Blanc-Tunnel GEIE<\/span><\/div>        <\/div>\n            <\/div>\n        <div class=\"hightlightBracket\">\n        <div class=\"glyphe\"><\/div>\n        <div class=\"highlight\"><p>Nehmen Sie Kontakt auf und erfahren Sie, wie wir Sie unterst\u00fctzen k\u00f6nnen<\/p><\/div>\n    <\/div>\n    <div class=\"divBtCTA btAlignCenter\"><a href=\"https:\/\/www.protect.airbus.com\/de\/kontakt\/\"  class=\"button btAuto\">Kontakt aufnehmen<\/a><\/div><div class=\"whatsNew\" id=\"whatsnew_69db452c1f57d\">\n    <div class=\"lineTitleFilter\">\n        <div id=\"conteneur_h2_WhatsNew\"><h2>Was gibt&#039;s Neues?<\/h2><\/div>\n        <div id=\"conteneur_FiltreWhatsNew\">\n\t\t\t<div class=\"filterWhatsNew\"><span>Filter<\/span>\n\t\t\t\t<ul>\n\t\t\t\t\t<li><button type=\"button\" class=\"btFilter bfFilterNews\" onclick=\"fctFilterWhatsNew('news','cybersecurity','whatsnew_69db452c1f57d')\">News<\/button><\/li>\n\t\t\t\t\t<li><button type=\"button\" class=\"btFilter bfFilterWhitePaper\" onclick=\"fctFilterWhatsNew('whitepaper','cybersecurity','whatsnew_69db452c1f57d')\">White paper<\/button><\/li>\n\t\t\t\t\t<li><button type=\"button\" class=\"btFilter bfFilterBlog\" onclick=\"fctFilterWhatsNew('blog','cybersecurity','whatsnew_69db452c1f57d')\">Blog<\/button><\/li>\n\t\t\t\t\t<li><button type=\"button\" class=\"btFilter bfFilterEvent\" onclick=\"fctFilterWhatsNew('event','cybersecurity','whatsnew_69db452c1f57d')\">Events<\/button><\/li>\n\t\t\t\t<\/ul><\/div>\n\t\t\t<div id=\"whathsnew_glyphe\"><\/div>\n\t\t<\/div>\n    <\/div>\n\t\n    <div class=\"listWhatsNew\">\n        <\/div>\n    <div class=\"conteneurLineMoreInsight\"><div class=\"lineMoreInsight\"><a href=\"\/de\/insights\/\">Weitere Einblicke<\/a><\/div><\/div>\n<\/div>\n[\/vc_column][\/vc_row][vc_row][vc_column][\/vc_column][\/vc_row]<\/p>\n<\/div>","protected":false},"excerpt":{"rendered":"<p>[vc_row][vc_column][vc_column_text css=&#8220;.vc_custom_1764775872695{margin-bottom: 0px !important;padding-bottom: 0px !important;}&#8220; h2_style=&#8220;h2Big&#8220;] Was sind Managed Security Services? Sichern Sie die Zukunft Ihres Unternehmens mit einem auf Ihre Umgebung zugeschnittenen Cyber-Monitoring [\/vc_column_text][vc_column_text css=&#8220;&#8220; h2_style=&#8220;h2Big&#8220; p_style=&#8220;pHighlight&#8220;]Bei Managed Security Services (MSS) \u00fcbertragen Sie das operative Management Ihrer Cybersicherheit an einen vertrauensw\u00fcrdigen Partner. Dieser strategische Ansatz erm\u00f6glicht es Unternehmen, von einem optimalen, kontinuierlichen Schutz [&hellip;]<\/p>\n","protected":false},"author":4,"featured_media":6468,"parent":6950,"menu_order":0,"comment_status":"closed","ping_status":"closed","template":"","meta":{"_acf_changed":false,"content-type":"","_relevanssi_hide_post":"","_relevanssi_hide_content":"","_relevanssi_pin_for_all":"","_relevanssi_pin_keywords":"","_relevanssi_unpin_keywords":"","_relevanssi_related_keywords":"","_relevanssi_related_include_ids":"","_relevanssi_related_exclude_ids":"","_relevanssi_related_no_append":"","_relevanssi_related_not_related":"","_relevanssi_related_posts":"","_relevanssi_noindex_reason":"","footnotes":""},"class_list":["post-6600","page","type-page","status-publish","has-post-thumbnail","hentry"],"acf":[],"yoast_head":"<!-- This site is optimized with the Yoast SEO Premium plugin v27.3 (Yoast SEO v27.3) - https:\/\/yoast.com\/product\/yoast-seo-premium-wordpress\/ -->\n<title>Managed Security Services: Aktiver Ansatz f\u00fcr Cybersecurity<\/title>\n<meta name=\"description\" content=\"Organisationen sind zunehmend Cyberbedrohungen ausgesetzt. Als Anbieter von Managed Security Services (MSS) unterst\u00fctzen wir Sie mit engagierten Spezialisten.\" \/>\n<meta name=\"robots\" content=\"index, follow, max-snippet:-1, max-image-preview:large, max-video-preview:-1\" \/>\n<link rel=\"canonical\" href=\"https:\/\/www.protect.airbus.com\/de\/cybersecurity\/managed-security-services\/\" \/>\n<meta property=\"og:locale\" content=\"de_DE\" \/>\n<meta property=\"og:type\" content=\"article\" \/>\n<meta property=\"og:title\" content=\"Managed Security Services (MSS)\" \/>\n<meta property=\"og:description\" content=\"Organisationen sind zunehmend Cyberbedrohungen ausgesetzt. Als Anbieter von Managed Security Services (MSS) unterst\u00fctzen wir Sie mit engagierten Spezialisten.\" \/>\n<meta property=\"og:url\" content=\"https:\/\/www.protect.airbus.com\/de\/cybersecurity\/managed-security-services\/\" \/>\n<meta property=\"og:site_name\" content=\"Airbus Protect\" \/>\n<meta property=\"article:modified_time\" content=\"2026-03-18T12:34:04+00:00\" \/>\n<meta property=\"og:image\" content=\"https:\/\/www.protect.airbus.com\/wp-content\/uploads\/revslider\/header-cybersecurity-en\/bg-cybersecurity.png\" \/>\n\t<meta property=\"og:image:width\" content=\"1920\" \/>\n\t<meta property=\"og:image:height\" content=\"582\" \/>\n\t<meta property=\"og:image:type\" content=\"image\/png\" \/>\n<meta name=\"twitter:card\" content=\"summary_large_image\" \/>\n<meta name=\"twitter:label1\" content=\"Gesch\u00e4tzte Lesezeit\" \/>\n\t<meta name=\"twitter:data1\" content=\"4\u00a0Minuten\" \/>\n<script type=\"application\/ld+json\" class=\"yoast-schema-graph\">{\"@context\":\"https:\\\/\\\/schema.org\",\"@graph\":[{\"@type\":\"Service\",\"name\":\"Managed Security Services (MSS)\",\"url\":\"https:\\\/\\\/www.protect.airbus.com\\\/de\\\/cybersecurity\\\/managed-security-services\\\/\",\"provider\":{\"@id\":\"https:\\\/\\\/www.protect.airbus.com\\\/#organization\"},\"description\":\"\"},{\"@type\":\"WebPage\",\"@id\":\"https:\\\/\\\/www.protect.airbus.com\\\/de\\\/cybersecurity\\\/managed-security-services\\\/\",\"url\":\"https:\\\/\\\/www.protect.airbus.com\\\/de\\\/cybersecurity\\\/managed-security-services\\\/\",\"name\":\"Managed Security Services: Aktiver Ansatz f\u00fcr Cybersecurity\",\"isPartOf\":{\"@id\":\"https:\\\/\\\/www.protect.airbus.com\\\/de\\\/#website\"},\"primaryImageOfPage\":{\"@id\":\"https:\\\/\\\/www.protect.airbus.com\\\/de\\\/cybersecurity\\\/managed-security-services\\\/#primaryimage\"},\"image\":{\"@id\":\"https:\\\/\\\/www.protect.airbus.com\\\/de\\\/cybersecurity\\\/managed-security-services\\\/#primaryimage\"},\"thumbnailUrl\":\"https:\\\/\\\/www.protect.airbus.com\\\/wp-content\\\/uploads\\\/revslider\\\/header-cybersecurity-en\\\/bg-cybersecurity.png\",\"datePublished\":\"2022-06-20T14:44:33+00:00\",\"dateModified\":\"2026-03-18T12:34:04+00:00\",\"description\":\"Organisationen sind zunehmend Cyberbedrohungen ausgesetzt. Als Anbieter von Managed Security Services (MSS) unterst\u00fctzen wir Sie mit engagierten Spezialisten.\",\"breadcrumb\":{\"@id\":\"https:\\\/\\\/www.protect.airbus.com\\\/de\\\/cybersecurity\\\/managed-security-services\\\/#breadcrumb\"},\"inLanguage\":\"de\",\"potentialAction\":[{\"@type\":\"ReadAction\",\"target\":[\"https:\\\/\\\/www.protect.airbus.com\\\/de\\\/cybersecurity\\\/managed-security-services\\\/\"]}]},{\"@type\":\"ImageObject\",\"inLanguage\":\"de\",\"@id\":\"https:\\\/\\\/www.protect.airbus.com\\\/de\\\/cybersecurity\\\/managed-security-services\\\/#primaryimage\",\"url\":\"https:\\\/\\\/www.protect.airbus.com\\\/wp-content\\\/uploads\\\/revslider\\\/header-cybersecurity-en\\\/bg-cybersecurity.png\",\"contentUrl\":\"https:\\\/\\\/www.protect.airbus.com\\\/wp-content\\\/uploads\\\/revslider\\\/header-cybersecurity-en\\\/bg-cybersecurity.png\",\"width\":1920,\"height\":582},{\"@type\":\"BreadcrumbList\",\"@id\":\"https:\\\/\\\/www.protect.airbus.com\\\/de\\\/cybersecurity\\\/managed-security-services\\\/#breadcrumb\",\"itemListElement\":[{\"@type\":\"ListItem\",\"position\":1,\"name\":\"Home\",\"item\":\"https:\\\/\\\/www.protect.airbus.com\\\/de\\\/\"},{\"@type\":\"ListItem\",\"position\":2,\"name\":\"Cybersecurity\",\"item\":\"https:\\\/\\\/www.protect.airbus.com\\\/de\\\/cybersecurity\\\/\"},{\"@type\":\"ListItem\",\"position\":3,\"name\":\"Managed Security Services (MSS)\"}]},{\"@type\":\"WebSite\",\"@id\":\"https:\\\/\\\/www.protect.airbus.com\\\/de\\\/#website\",\"url\":\"https:\\\/\\\/www.protect.airbus.com\\\/de\\\/\",\"name\":\"Airbus Protect\",\"description\":\"\",\"publisher\":{\"@id\":\"https:\\\/\\\/www.protect.airbus.com\\\/de\\\/#organization\"},\"potentialAction\":[{\"@type\":\"SearchAction\",\"target\":{\"@type\":\"EntryPoint\",\"urlTemplate\":\"https:\\\/\\\/www.protect.airbus.com\\\/de\\\/?s={search_term_string}\"},\"query-input\":{\"@type\":\"PropertyValueSpecification\",\"valueRequired\":true,\"valueName\":\"search_term_string\"}}],\"inLanguage\":\"de\"},{\"@type\":\"Organization\",\"@id\":\"https:\\\/\\\/www.protect.airbus.com\\\/de\\\/#organization\",\"name\":\"Airbus Protect\",\"url\":\"https:\\\/\\\/www.protect.airbus.com\\\/de\\\/\",\"logo\":{\"@type\":\"ImageObject\",\"inLanguage\":\"de\",\"@id\":\"https:\\\/\\\/www.protect.airbus.com\\\/de\\\/#\\\/schema\\\/logo\\\/image\\\/\",\"url\":\"https:\\\/\\\/www.protect.airbus.com\\\/wp-content\\\/uploads\\\/2023\\\/05\\\/logo-airbus-protect-696-696.png\",\"contentUrl\":\"https:\\\/\\\/www.protect.airbus.com\\\/wp-content\\\/uploads\\\/2023\\\/05\\\/logo-airbus-protect-696-696.png\",\"width\":696,\"height\":696,\"caption\":\"Airbus Protect\"},\"image\":{\"@id\":\"https:\\\/\\\/www.protect.airbus.com\\\/de\\\/#\\\/schema\\\/logo\\\/image\\\/\"},\"sameAs\":[\"https:\\\/\\\/www.linkedin.com\\\/company\\\/airbus-protect\\\/\",\"https:\\\/\\\/www.youtube.com\\\/@airbusprotect7483\"],\"contactPoint\":{\"@type\":\"ContactPoint\",\"email\":\"protect@airbus.com\",\"contactType\":\"customer service\",\"areaServed\":[\"GB\",\"FR\",\"ES\",\"DE\",\"BE\",\"CH\",\"PT\",\"DK\",\"AT\"],\"availableLanguage\":[\"en\",\"fr\",\"de\"]}}]}<\/script>\n<!-- \/ Yoast SEO Premium plugin. -->","yoast_head_json":{"title":"Managed Security Services: Aktiver Ansatz f\u00fcr Cybersecurity","description":"Organisationen sind zunehmend Cyberbedrohungen ausgesetzt. Als Anbieter von Managed Security Services (MSS) unterst\u00fctzen wir Sie mit engagierten Spezialisten.","robots":{"index":"index","follow":"follow","max-snippet":"max-snippet:-1","max-image-preview":"max-image-preview:large","max-video-preview":"max-video-preview:-1"},"canonical":"https:\/\/www.protect.airbus.com\/de\/cybersecurity\/managed-security-services\/","og_locale":"de_DE","og_type":"article","og_title":"Managed Security Services (MSS)","og_description":"Organisationen sind zunehmend Cyberbedrohungen ausgesetzt. Als Anbieter von Managed Security Services (MSS) unterst\u00fctzen wir Sie mit engagierten Spezialisten.","og_url":"https:\/\/www.protect.airbus.com\/de\/cybersecurity\/managed-security-services\/","og_site_name":"Airbus Protect","article_modified_time":"2026-03-18T12:34:04+00:00","og_image":[{"width":1920,"height":582,"url":"https:\/\/www.protect.airbus.com\/wp-content\/uploads\/revslider\/header-cybersecurity-en\/bg-cybersecurity.png","type":"image\/png"}],"twitter_card":"summary_large_image","twitter_misc":{"Gesch\u00e4tzte Lesezeit":"4\u00a0Minuten"},"schema":{"@context":"https:\/\/schema.org","@graph":[{"@type":"Service","name":"Managed Security Services (MSS)","url":"https:\/\/www.protect.airbus.com\/de\/cybersecurity\/managed-security-services\/","provider":{"@id":"https:\/\/www.protect.airbus.com\/#organization"},"description":""},{"@type":"WebPage","@id":"https:\/\/www.protect.airbus.com\/de\/cybersecurity\/managed-security-services\/","url":"https:\/\/www.protect.airbus.com\/de\/cybersecurity\/managed-security-services\/","name":"Managed Security Services: Aktiver Ansatz f\u00fcr Cybersecurity","isPartOf":{"@id":"https:\/\/www.protect.airbus.com\/de\/#website"},"primaryImageOfPage":{"@id":"https:\/\/www.protect.airbus.com\/de\/cybersecurity\/managed-security-services\/#primaryimage"},"image":{"@id":"https:\/\/www.protect.airbus.com\/de\/cybersecurity\/managed-security-services\/#primaryimage"},"thumbnailUrl":"https:\/\/www.protect.airbus.com\/wp-content\/uploads\/revslider\/header-cybersecurity-en\/bg-cybersecurity.png","datePublished":"2022-06-20T14:44:33+00:00","dateModified":"2026-03-18T12:34:04+00:00","description":"Organisationen sind zunehmend Cyberbedrohungen ausgesetzt. Als Anbieter von Managed Security Services (MSS) unterst\u00fctzen wir Sie mit engagierten Spezialisten.","breadcrumb":{"@id":"https:\/\/www.protect.airbus.com\/de\/cybersecurity\/managed-security-services\/#breadcrumb"},"inLanguage":"de","potentialAction":[{"@type":"ReadAction","target":["https:\/\/www.protect.airbus.com\/de\/cybersecurity\/managed-security-services\/"]}]},{"@type":"ImageObject","inLanguage":"de","@id":"https:\/\/www.protect.airbus.com\/de\/cybersecurity\/managed-security-services\/#primaryimage","url":"https:\/\/www.protect.airbus.com\/wp-content\/uploads\/revslider\/header-cybersecurity-en\/bg-cybersecurity.png","contentUrl":"https:\/\/www.protect.airbus.com\/wp-content\/uploads\/revslider\/header-cybersecurity-en\/bg-cybersecurity.png","width":1920,"height":582},{"@type":"BreadcrumbList","@id":"https:\/\/www.protect.airbus.com\/de\/cybersecurity\/managed-security-services\/#breadcrumb","itemListElement":[{"@type":"ListItem","position":1,"name":"Home","item":"https:\/\/www.protect.airbus.com\/de\/"},{"@type":"ListItem","position":2,"name":"Cybersecurity","item":"https:\/\/www.protect.airbus.com\/de\/cybersecurity\/"},{"@type":"ListItem","position":3,"name":"Managed Security Services (MSS)"}]},{"@type":"WebSite","@id":"https:\/\/www.protect.airbus.com\/de\/#website","url":"https:\/\/www.protect.airbus.com\/de\/","name":"Airbus Protect","description":"","publisher":{"@id":"https:\/\/www.protect.airbus.com\/de\/#organization"},"potentialAction":[{"@type":"SearchAction","target":{"@type":"EntryPoint","urlTemplate":"https:\/\/www.protect.airbus.com\/de\/?s={search_term_string}"},"query-input":{"@type":"PropertyValueSpecification","valueRequired":true,"valueName":"search_term_string"}}],"inLanguage":"de"},{"@type":"Organization","@id":"https:\/\/www.protect.airbus.com\/de\/#organization","name":"Airbus Protect","url":"https:\/\/www.protect.airbus.com\/de\/","logo":{"@type":"ImageObject","inLanguage":"de","@id":"https:\/\/www.protect.airbus.com\/de\/#\/schema\/logo\/image\/","url":"https:\/\/www.protect.airbus.com\/wp-content\/uploads\/2023\/05\/logo-airbus-protect-696-696.png","contentUrl":"https:\/\/www.protect.airbus.com\/wp-content\/uploads\/2023\/05\/logo-airbus-protect-696-696.png","width":696,"height":696,"caption":"Airbus Protect"},"image":{"@id":"https:\/\/www.protect.airbus.com\/de\/#\/schema\/logo\/image\/"},"sameAs":["https:\/\/www.linkedin.com\/company\/airbus-protect\/","https:\/\/www.youtube.com\/@airbusprotect7483"],"contactPoint":{"@type":"ContactPoint","email":"protect@airbus.com","contactType":"customer service","areaServed":["GB","FR","ES","DE","BE","CH","PT","DK","AT"],"availableLanguage":["en","fr","de"]}}]}},"_links":{"self":[{"href":"https:\/\/www.protect.airbus.com\/de\/wp-json\/wp\/v2\/pages\/6600","targetHints":{"allow":["GET"]}}],"collection":[{"href":"https:\/\/www.protect.airbus.com\/de\/wp-json\/wp\/v2\/pages"}],"about":[{"href":"https:\/\/www.protect.airbus.com\/de\/wp-json\/wp\/v2\/types\/page"}],"author":[{"embeddable":true,"href":"https:\/\/www.protect.airbus.com\/de\/wp-json\/wp\/v2\/users\/4"}],"replies":[{"embeddable":true,"href":"https:\/\/www.protect.airbus.com\/de\/wp-json\/wp\/v2\/comments?post=6600"}],"version-history":[{"count":27,"href":"https:\/\/www.protect.airbus.com\/de\/wp-json\/wp\/v2\/pages\/6600\/revisions"}],"predecessor-version":[{"id":50375,"href":"https:\/\/www.protect.airbus.com\/de\/wp-json\/wp\/v2\/pages\/6600\/revisions\/50375"}],"up":[{"embeddable":true,"href":"https:\/\/www.protect.airbus.com\/de\/wp-json\/wp\/v2\/pages\/6950"}],"wp:featuredmedia":[{"embeddable":true,"href":"https:\/\/www.protect.airbus.com\/de\/wp-json\/wp\/v2\/media\/6468"}],"wp:attachment":[{"href":"https:\/\/www.protect.airbus.com\/de\/wp-json\/wp\/v2\/media?parent=6600"}],"curies":[{"name":"wp","href":"https:\/\/api.w.org\/{rel}","templated":true}]}}