{"id":6586,"date":"2022-06-20T14:43:41","date_gmt":"2022-06-20T12:43:41","guid":{"rendered":"https:\/\/www.protect.airbus.com\/cybersecurity\/architecture-design-and-integration\/"},"modified":"2025-09-24T16:15:46","modified_gmt":"2025-09-24T14:15:46","slug":"architekturdesign","status":"publish","type":"page","link":"https:\/\/www.protect.airbus.com\/de\/cybersecurity\/architekturdesign\/","title":{"rendered":"Architekturdesign"},"content":{"rendered":"<div class=\"wpb-content-wrapper\"><p>[vc_row][vc_column][vc_column_text h2_style=&#8220;h2Big&#8220; css=&#8220;.vc_custom_1691396026640{margin-bottom: 0px !important;padding-bottom: 0px !important;}&#8220;]<\/p>\n<h2>Implementierung der richtigen security architecture<\/h2>\n<p>[\/vc_column_text][vc_column_text p_style=&#8220;pBig&#8220;]<span style=\"font-weight: 400;\">Dank des fortschreitenden digitalen Wandels und der zunehmenden Konnektivit\u00e4t werden sowohl Produkte als auch IT- und OT-Systeme immer anf\u00e4lliger f\u00fcr alle Arten von Cyberangriffen.<\/span><\/p>\n<p><span style=\"font-weight: 400;\">Als Reaktion darauf m\u00fcssen Unternehmen Sicherheitskontrollen einf\u00fchren, um ihre Produkte, ihre Systemarchitektur und Anlagen vor Bedrohungen zu sch\u00fctzen. Diese Kontrollen m\u00fcssen Vertraulichkeit, Integrit\u00e4t und Zuverl\u00e4ssigkeit gew\u00e4hrleisten.<\/span><\/p>\n<p><span style=\"font-weight: 400;\">Gleichzeitig m\u00fcssen sie sich auf ein robustes Systemdesign verlassen k\u00f6nnen, das sicherstellt, dass die Sicherheitskontrollen korrekt implementiert und gr\u00fcndlich getestet sind.<\/span>[\/vc_column_text][vc_column_text h2_style=&#8220;h2Big&#8220; css=&#8220;.vc_custom_1690984070380{margin-bottom: 0px !important;padding-bottom: 0px !important;}&#8220;]<\/p>\n<h3>Wir sind Wegbereiter<\/h3>\n<p>[\/vc_column_text][vc_column_text p_style=&#8220;pHighlight&#8220;]Unsere Beraterinnen und Berater sind sehr erfahren in der Durchf\u00fchrung von Sicherheitsarchitektur- und Systemdesignaktivit\u00e4ten \u2013 von der einzelnen Produktebene bis hin zur globalen Organisationsarchitektur. Ihr Fachwissen beinhaltet Computerarchitektur, Netzwerke und Kommunikation, Kryptographie, Systemtechnik, Produktkonfiguration, Verifizierung und Validierung und vieles mehr.[\/vc_column_text][vc_column_text h2_style=&#8220;h2Big&#8220; css=&#8220;.vc_custom_1690984101381{margin-bottom: 0px !important;padding-bottom: 0px !important;}&#8220;]<\/p>\n<h3>Warum Airbus Protect?<\/h3>\n<p>[\/vc_column_text][vc_column_text p_style=&#8220;pHighlight&#8220;]<span style=\"font-weight: 400;\">Wir k\u00f6nnen Sie beim Aufbau einer sicheren und ma\u00dfgeschneiderten security architecture f\u00fcr Ihr gesamtes Unternehmen unterst\u00fctzen. Unsere Expertenteams haben:<\/span><\/p>\n<ul>\n<li><span style=\"font-weight: 400;\">Erfahrung in sehr anspruchsvollen Bereichen wie Raumfahrt, Luftfahrt, Milit\u00e4r und Verteidigung, Automobil und Schienenverkehr<\/span><\/li>\n<li><span style=\"font-weight: 400;\">Ein Verst\u00e4ndnis f\u00fcr Risikoanalyseprozesse und Design-to-Cost<\/span><\/li>\n<li><span style=\"font-weight: 400;\">Erfahrung in allen Bereichen, von der t\u00e4glichen technischen Betreuung von Lieferanten bis hin zur schnellen Bewertung von Architekturen<\/span><\/li>\n<\/ul>\n<p>[\/vc_column_text][vc_column_text h2_style=&#8220;h2Big&#8220; css=&#8220;.vc_custom_1690984161572{margin-bottom: 0px !important;padding-bottom: 0px !important;}&#8220;]<\/p>\n<h3>Unser Angebot<\/h3>\n<p>[\/vc_column_text][vc_column_text p_style=&#8220;pHighlight&#8220;]Wir bieten einen ma\u00dfgeschneiderten Service zur Entwicklung einer sicheren Architektur f\u00fcr Ihre IT\/OT-Systeme und -Produkte. Dies umfasst in der Regel:<\/p>\n<ul>\n<li><span style=\"font-weight: 400;\">Sicherheitsberatung w\u00e4hrend des gesamten Produktentwicklungsprozesses \u2013 von der Forschung bis zur Entwicklung und sogar Wartung<\/span><\/li>\n<li><span style=\"font-weight: 400;\">Unterst\u00fctzung bei der Gestaltung der Sicherheit im Front-End von Infrastrukturen oder Plattformen<\/span><\/li>\n<li><span style=\"font-weight: 400;\">Gro\u00dfe Systemintegrations\u00fcbungen zur Identifizierung offener Schwachstellen<\/span><\/li>\n<\/ul>\n<p>Um die Sicherheit Ihrer digitalen und physischen Ressourcen zu gew\u00e4hrleisten, bietet unser Expertenteam auch umfassende Dienstleistungen im Bereich der Sicherheitskonzeption an, einschlie\u00dflich Beratung zu folgenden Themen:<\/p>\n<ul>\n<li><span style=\"font-weight: 400;\">Planung von Anlagen<\/span><\/li>\n<li><span style=\"font-weight: 400;\">Erhalt der entsprechenden Akkreditierung<\/span><\/li>\n<\/ul>\n<p>Wir unterst\u00fctzen Sie bei der Implementierung von sowohl &#8222;schl\u00fcsselfertigen&#8220; als auch ma\u00dfgeschneiderten Cybersecurity-L\u00f6sungen. Unsere Integration von Sicherheitsl\u00f6sungen umfasst:<\/p>\n<ul>\n<li><span style=\"font-weight: 400;\">OT-Staging<\/span><\/li>\n<li><span style=\"font-weight: 400;\">OT-Cyber-Stresstests<\/span><\/li>\n<li><span style=\"font-weight: 400;\">Praktische Schulungen f\u00fcr Teams<\/span><\/li>\n<\/ul>\n<p>Dies beinhaltet in der Regel:<\/p>\n<ul>\n<li style=\"font-weight: 400;\" aria-level=\"1\"><span style=\"font-weight: 400;\">Bewertung der Vorteile einer bestimmten L\u00f6sung<\/span><\/li>\n<li style=\"font-weight: 400;\" aria-level=\"1\"><span style=\"font-weight: 400;\">Gr\u00fcndliche Evaluierung des gew\u00fcnschten Produkts<\/span><\/li>\n<li style=\"font-weight: 400;\" aria-level=\"1\">Untersuchung des Einsatzes neuer Sicherheitsger\u00e4te und -verfahren in einer realistischen Simulation Ihrer IT- und OT-Umgebungen mithilfe der Airbus CyberRange-Plattform<\/li>\n<li style=\"font-weight: 400;\" aria-level=\"1\"><span style=\"font-weight: 400;\">Evaluierung und Validierung von SOC-Detektionsregeln<\/span><\/li>\n<\/ul>\n<p>[\/vc_column_text]    <div class=\"hightlightBracket\">\n        <div class=\"glyphe\"><\/div>\n        <div class=\"highlight\"><p>Nehmen Sie Kontakt auf und erfahren Sie, wie wir Sie unterst\u00fctzen k\u00f6nnen<\/p><\/div>\n    <\/div>\n    <div class=\"divBtCTA btAlignCenter\"><a href=\"https:\/\/www.protect.airbus.com\/de\/kontakt\/\"  class=\"button btAuto\">Kontakt aufnehmen<\/a><\/div><div class=\"whatsNew\" id=\"whatsnew_69ea8ee33b7fa\">\n    <div class=\"lineTitleFilter\">\n        <div id=\"conteneur_h2_WhatsNew\"><h2>Was gibt&#039;s Neues?<\/h2><\/div>\n        <div id=\"conteneur_FiltreWhatsNew\">\n\t\t\t<div class=\"filterWhatsNew\"><span>Filter<\/span>\n\t\t\t\t<ul>\n\t\t\t\t\t<li><button type=\"button\" class=\"btFilter bfFilterNews\" onclick=\"fctFilterWhatsNew('news','cybersecurity','whatsnew_69ea8ee33b7fa')\">News<\/button><\/li>\n\t\t\t\t\t<li><button type=\"button\" class=\"btFilter bfFilterWhitePaper\" onclick=\"fctFilterWhatsNew('whitepaper','cybersecurity','whatsnew_69ea8ee33b7fa')\">White paper<\/button><\/li>\n\t\t\t\t\t<li><button type=\"button\" class=\"btFilter bfFilterBlog\" onclick=\"fctFilterWhatsNew('blog','cybersecurity','whatsnew_69ea8ee33b7fa')\">Blog<\/button><\/li>\n\t\t\t\t\t<li><button type=\"button\" class=\"btFilter bfFilterEvent\" onclick=\"fctFilterWhatsNew('event','cybersecurity','whatsnew_69ea8ee33b7fa')\">Events<\/button><\/li>\n\t\t\t\t<\/ul><\/div>\n\t\t\t<div id=\"whathsnew_glyphe\"><\/div>\n\t\t<\/div>\n    <\/div>\n\t\n    <div class=\"listWhatsNew\">\n        <\/div>\n    <div class=\"conteneurLineMoreInsight\"><div class=\"lineMoreInsight\"><a href=\"\/de\/insights\/\">Weitere Einblicke<\/a><\/div><\/div>\n<\/div>\n[\/vc_column][\/vc_row][vc_row][vc_column][\/vc_column][\/vc_row]<\/p>\n<\/div>","protected":false},"excerpt":{"rendered":"<p>[vc_row][vc_column][vc_column_text h2_style=&#8220;h2Big&#8220; css=&#8220;.vc_custom_1691396026640{margin-bottom: 0px !important;padding-bottom: 0px !important;}&#8220;] Implementierung der richtigen security architecture [\/vc_column_text][vc_column_text p_style=&#8220;pBig&#8220;]Dank des fortschreitenden digitalen Wandels und der zunehmenden Konnektivit\u00e4t werden sowohl Produkte als auch IT- und OT-Systeme immer anf\u00e4lliger f\u00fcr alle Arten von Cyberangriffen. Als Reaktion darauf m\u00fcssen Unternehmen Sicherheitskontrollen einf\u00fchren, um ihre Produkte, ihre Systemarchitektur und Anlagen vor Bedrohungen zu sch\u00fctzen. [&hellip;]<\/p>\n","protected":false},"author":4,"featured_media":3837,"parent":6950,"menu_order":0,"comment_status":"closed","ping_status":"closed","template":"","meta":{"_acf_changed":false,"content-type":"","_relevanssi_hide_post":"","_relevanssi_hide_content":"","_relevanssi_pin_for_all":"","_relevanssi_pin_keywords":"","_relevanssi_unpin_keywords":"","_relevanssi_related_keywords":"","_relevanssi_related_include_ids":"","_relevanssi_related_exclude_ids":"","_relevanssi_related_no_append":"","_relevanssi_related_not_related":"","_relevanssi_related_posts":"","_relevanssi_noindex_reason":"","footnotes":""},"class_list":["post-6586","page","type-page","status-publish","has-post-thumbnail","hentry"],"acf":[],"yoast_head":"<!-- This site is optimized with the Yoast SEO Premium plugin v27.4 (Yoast SEO v27.4) - https:\/\/yoast.com\/product\/yoast-seo-premium-wordpress\/ -->\n<title>Cybersecurity: Architekturdesign | Airbus Protect<\/title>\n<meta name=\"description\" content=\"Entdecken Sie die cybersecurity-architektur- und Integrationsdienstleistungen von Airbus Protect zur Sicherung von IT- und OT-Produkten\" \/>\n<meta name=\"robots\" content=\"index, follow, max-snippet:-1, max-image-preview:large, max-video-preview:-1\" \/>\n<link rel=\"canonical\" href=\"https:\/\/www.protect.airbus.com\/de\/cybersecurity\/architekturdesign\/\" \/>\n<meta property=\"og:locale\" content=\"de_DE\" \/>\n<meta property=\"og:type\" content=\"article\" \/>\n<meta property=\"og:title\" content=\"Architekturdesign\" \/>\n<meta property=\"og:description\" content=\"Entdecken Sie die cybersecurity-architektur- und Integrationsdienstleistungen von Airbus Protect zur Sicherung von IT- und OT-Produkten\" \/>\n<meta property=\"og:url\" content=\"https:\/\/www.protect.airbus.com\/de\/cybersecurity\/architekturdesign\/\" \/>\n<meta property=\"og:site_name\" content=\"Airbus Protect\" \/>\n<meta property=\"article:modified_time\" content=\"2025-09-24T14:15:46+00:00\" \/>\n<meta property=\"og:image\" content=\"https:\/\/www.protect.airbus.com\/wp-content\/uploads\/2022\/06\/header-sustainability-sous-page.jpg\" \/>\n\t<meta property=\"og:image:width\" content=\"1920\" \/>\n\t<meta property=\"og:image:height\" content=\"358\" \/>\n\t<meta property=\"og:image:type\" content=\"image\/jpeg\" \/>\n<meta name=\"twitter:card\" content=\"summary_large_image\" \/>\n<meta name=\"twitter:label1\" content=\"Gesch\u00e4tzte Lesezeit\" \/>\n\t<meta name=\"twitter:data1\" content=\"2\u00a0Minuten\" \/>\n<script type=\"application\/ld+json\" class=\"yoast-schema-graph\">{\"@context\":\"https:\\\/\\\/schema.org\",\"@graph\":[{\"@type\":\"Service\",\"name\":\"Architekturdesign\",\"url\":\"https:\\\/\\\/www.protect.airbus.com\\\/de\\\/cybersecurity\\\/architekturdesign\\\/\",\"provider\":{\"@id\":\"https:\\\/\\\/www.protect.airbus.com\\\/#organization\"},\"description\":\"\"},{\"@type\":\"WebPage\",\"@id\":\"https:\\\/\\\/www.protect.airbus.com\\\/de\\\/cybersecurity\\\/architekturdesign\\\/\",\"url\":\"https:\\\/\\\/www.protect.airbus.com\\\/de\\\/cybersecurity\\\/architekturdesign\\\/\",\"name\":\"Cybersecurity: Architekturdesign | Airbus Protect\",\"isPartOf\":{\"@id\":\"https:\\\/\\\/www.protect.airbus.com\\\/de\\\/#website\"},\"primaryImageOfPage\":{\"@id\":\"https:\\\/\\\/www.protect.airbus.com\\\/de\\\/cybersecurity\\\/architekturdesign\\\/#primaryimage\"},\"image\":{\"@id\":\"https:\\\/\\\/www.protect.airbus.com\\\/de\\\/cybersecurity\\\/architekturdesign\\\/#primaryimage\"},\"thumbnailUrl\":\"https:\\\/\\\/www.protect.airbus.com\\\/wp-content\\\/uploads\\\/2022\\\/06\\\/header-sustainability-sous-page.jpg\",\"datePublished\":\"2022-06-20T12:43:41+00:00\",\"dateModified\":\"2025-09-24T14:15:46+00:00\",\"description\":\"Entdecken Sie die cybersecurity-architektur- und Integrationsdienstleistungen von Airbus Protect zur Sicherung von IT- und OT-Produkten\",\"breadcrumb\":{\"@id\":\"https:\\\/\\\/www.protect.airbus.com\\\/de\\\/cybersecurity\\\/architekturdesign\\\/#breadcrumb\"},\"inLanguage\":\"de\",\"potentialAction\":[{\"@type\":\"ReadAction\",\"target\":[\"https:\\\/\\\/www.protect.airbus.com\\\/de\\\/cybersecurity\\\/architekturdesign\\\/\"]}]},{\"@type\":\"ImageObject\",\"inLanguage\":\"de\",\"@id\":\"https:\\\/\\\/www.protect.airbus.com\\\/de\\\/cybersecurity\\\/architekturdesign\\\/#primaryimage\",\"url\":\"https:\\\/\\\/www.protect.airbus.com\\\/wp-content\\\/uploads\\\/2022\\\/06\\\/header-sustainability-sous-page.jpg\",\"contentUrl\":\"https:\\\/\\\/www.protect.airbus.com\\\/wp-content\\\/uploads\\\/2022\\\/06\\\/header-sustainability-sous-page.jpg\",\"width\":1920,\"height\":358},{\"@type\":\"BreadcrumbList\",\"@id\":\"https:\\\/\\\/www.protect.airbus.com\\\/de\\\/cybersecurity\\\/architekturdesign\\\/#breadcrumb\",\"itemListElement\":[{\"@type\":\"ListItem\",\"position\":1,\"name\":\"Home\",\"item\":\"https:\\\/\\\/www.protect.airbus.com\\\/de\\\/\"},{\"@type\":\"ListItem\",\"position\":2,\"name\":\"Cybersecurity\",\"item\":\"https:\\\/\\\/www.protect.airbus.com\\\/de\\\/cybersecurity\\\/\"},{\"@type\":\"ListItem\",\"position\":3,\"name\":\"Architekturdesign\"}]},{\"@type\":\"WebSite\",\"@id\":\"https:\\\/\\\/www.protect.airbus.com\\\/de\\\/#website\",\"url\":\"https:\\\/\\\/www.protect.airbus.com\\\/de\\\/\",\"name\":\"Airbus Protect\",\"description\":\"\",\"publisher\":{\"@id\":\"https:\\\/\\\/www.protect.airbus.com\\\/de\\\/#organization\"},\"potentialAction\":[{\"@type\":\"SearchAction\",\"target\":{\"@type\":\"EntryPoint\",\"urlTemplate\":\"https:\\\/\\\/www.protect.airbus.com\\\/de\\\/?s={search_term_string}\"},\"query-input\":{\"@type\":\"PropertyValueSpecification\",\"valueRequired\":true,\"valueName\":\"search_term_string\"}}],\"inLanguage\":\"de\"},{\"@type\":\"Organization\",\"@id\":\"https:\\\/\\\/www.protect.airbus.com\\\/de\\\/#organization\",\"name\":\"Airbus Protect\",\"url\":\"https:\\\/\\\/www.protect.airbus.com\\\/de\\\/\",\"logo\":{\"@type\":\"ImageObject\",\"inLanguage\":\"de\",\"@id\":\"https:\\\/\\\/www.protect.airbus.com\\\/de\\\/#\\\/schema\\\/logo\\\/image\\\/\",\"url\":\"https:\\\/\\\/www.protect.airbus.com\\\/wp-content\\\/uploads\\\/2023\\\/05\\\/logo-airbus-protect-696-696.png\",\"contentUrl\":\"https:\\\/\\\/www.protect.airbus.com\\\/wp-content\\\/uploads\\\/2023\\\/05\\\/logo-airbus-protect-696-696.png\",\"width\":696,\"height\":696,\"caption\":\"Airbus Protect\"},\"image\":{\"@id\":\"https:\\\/\\\/www.protect.airbus.com\\\/de\\\/#\\\/schema\\\/logo\\\/image\\\/\"},\"sameAs\":[\"https:\\\/\\\/www.linkedin.com\\\/company\\\/airbus-protect\\\/\",\"https:\\\/\\\/www.youtube.com\\\/@airbusprotect7483\"],\"contactPoint\":{\"@type\":\"ContactPoint\",\"email\":\"protect@airbus.com\",\"contactType\":\"customer service\",\"areaServed\":[\"GB\",\"FR\",\"ES\",\"DE\",\"BE\",\"CH\",\"PT\",\"DK\",\"AT\"],\"availableLanguage\":[\"en\",\"fr\",\"de\"]}}]}<\/script>\n<!-- \/ Yoast SEO Premium plugin. -->","yoast_head_json":{"title":"Cybersecurity: Architekturdesign | Airbus Protect","description":"Entdecken Sie die cybersecurity-architektur- und Integrationsdienstleistungen von Airbus Protect zur Sicherung von IT- und OT-Produkten","robots":{"index":"index","follow":"follow","max-snippet":"max-snippet:-1","max-image-preview":"max-image-preview:large","max-video-preview":"max-video-preview:-1"},"canonical":"https:\/\/www.protect.airbus.com\/de\/cybersecurity\/architekturdesign\/","og_locale":"de_DE","og_type":"article","og_title":"Architekturdesign","og_description":"Entdecken Sie die cybersecurity-architektur- und Integrationsdienstleistungen von Airbus Protect zur Sicherung von IT- und OT-Produkten","og_url":"https:\/\/www.protect.airbus.com\/de\/cybersecurity\/architekturdesign\/","og_site_name":"Airbus Protect","article_modified_time":"2025-09-24T14:15:46+00:00","og_image":[{"width":1920,"height":358,"url":"https:\/\/www.protect.airbus.com\/wp-content\/uploads\/2022\/06\/header-sustainability-sous-page.jpg","type":"image\/jpeg"}],"twitter_card":"summary_large_image","twitter_misc":{"Gesch\u00e4tzte Lesezeit":"2\u00a0Minuten"},"schema":{"@context":"https:\/\/schema.org","@graph":[{"@type":"Service","name":"Architekturdesign","url":"https:\/\/www.protect.airbus.com\/de\/cybersecurity\/architekturdesign\/","provider":{"@id":"https:\/\/www.protect.airbus.com\/#organization"},"description":""},{"@type":"WebPage","@id":"https:\/\/www.protect.airbus.com\/de\/cybersecurity\/architekturdesign\/","url":"https:\/\/www.protect.airbus.com\/de\/cybersecurity\/architekturdesign\/","name":"Cybersecurity: Architekturdesign | Airbus Protect","isPartOf":{"@id":"https:\/\/www.protect.airbus.com\/de\/#website"},"primaryImageOfPage":{"@id":"https:\/\/www.protect.airbus.com\/de\/cybersecurity\/architekturdesign\/#primaryimage"},"image":{"@id":"https:\/\/www.protect.airbus.com\/de\/cybersecurity\/architekturdesign\/#primaryimage"},"thumbnailUrl":"https:\/\/www.protect.airbus.com\/wp-content\/uploads\/2022\/06\/header-sustainability-sous-page.jpg","datePublished":"2022-06-20T12:43:41+00:00","dateModified":"2025-09-24T14:15:46+00:00","description":"Entdecken Sie die cybersecurity-architektur- und Integrationsdienstleistungen von Airbus Protect zur Sicherung von IT- und OT-Produkten","breadcrumb":{"@id":"https:\/\/www.protect.airbus.com\/de\/cybersecurity\/architekturdesign\/#breadcrumb"},"inLanguage":"de","potentialAction":[{"@type":"ReadAction","target":["https:\/\/www.protect.airbus.com\/de\/cybersecurity\/architekturdesign\/"]}]},{"@type":"ImageObject","inLanguage":"de","@id":"https:\/\/www.protect.airbus.com\/de\/cybersecurity\/architekturdesign\/#primaryimage","url":"https:\/\/www.protect.airbus.com\/wp-content\/uploads\/2022\/06\/header-sustainability-sous-page.jpg","contentUrl":"https:\/\/www.protect.airbus.com\/wp-content\/uploads\/2022\/06\/header-sustainability-sous-page.jpg","width":1920,"height":358},{"@type":"BreadcrumbList","@id":"https:\/\/www.protect.airbus.com\/de\/cybersecurity\/architekturdesign\/#breadcrumb","itemListElement":[{"@type":"ListItem","position":1,"name":"Home","item":"https:\/\/www.protect.airbus.com\/de\/"},{"@type":"ListItem","position":2,"name":"Cybersecurity","item":"https:\/\/www.protect.airbus.com\/de\/cybersecurity\/"},{"@type":"ListItem","position":3,"name":"Architekturdesign"}]},{"@type":"WebSite","@id":"https:\/\/www.protect.airbus.com\/de\/#website","url":"https:\/\/www.protect.airbus.com\/de\/","name":"Airbus Protect","description":"","publisher":{"@id":"https:\/\/www.protect.airbus.com\/de\/#organization"},"potentialAction":[{"@type":"SearchAction","target":{"@type":"EntryPoint","urlTemplate":"https:\/\/www.protect.airbus.com\/de\/?s={search_term_string}"},"query-input":{"@type":"PropertyValueSpecification","valueRequired":true,"valueName":"search_term_string"}}],"inLanguage":"de"},{"@type":"Organization","@id":"https:\/\/www.protect.airbus.com\/de\/#organization","name":"Airbus Protect","url":"https:\/\/www.protect.airbus.com\/de\/","logo":{"@type":"ImageObject","inLanguage":"de","@id":"https:\/\/www.protect.airbus.com\/de\/#\/schema\/logo\/image\/","url":"https:\/\/www.protect.airbus.com\/wp-content\/uploads\/2023\/05\/logo-airbus-protect-696-696.png","contentUrl":"https:\/\/www.protect.airbus.com\/wp-content\/uploads\/2023\/05\/logo-airbus-protect-696-696.png","width":696,"height":696,"caption":"Airbus Protect"},"image":{"@id":"https:\/\/www.protect.airbus.com\/de\/#\/schema\/logo\/image\/"},"sameAs":["https:\/\/www.linkedin.com\/company\/airbus-protect\/","https:\/\/www.youtube.com\/@airbusprotect7483"],"contactPoint":{"@type":"ContactPoint","email":"protect@airbus.com","contactType":"customer service","areaServed":["GB","FR","ES","DE","BE","CH","PT","DK","AT"],"availableLanguage":["en","fr","de"]}}]}},"_links":{"self":[{"href":"https:\/\/www.protect.airbus.com\/de\/wp-json\/wp\/v2\/pages\/6586","targetHints":{"allow":["GET"]}}],"collection":[{"href":"https:\/\/www.protect.airbus.com\/de\/wp-json\/wp\/v2\/pages"}],"about":[{"href":"https:\/\/www.protect.airbus.com\/de\/wp-json\/wp\/v2\/types\/page"}],"author":[{"embeddable":true,"href":"https:\/\/www.protect.airbus.com\/de\/wp-json\/wp\/v2\/users\/4"}],"replies":[{"embeddable":true,"href":"https:\/\/www.protect.airbus.com\/de\/wp-json\/wp\/v2\/comments?post=6586"}],"version-history":[{"count":12,"href":"https:\/\/www.protect.airbus.com\/de\/wp-json\/wp\/v2\/pages\/6586\/revisions"}],"predecessor-version":[{"id":38363,"href":"https:\/\/www.protect.airbus.com\/de\/wp-json\/wp\/v2\/pages\/6586\/revisions\/38363"}],"up":[{"embeddable":true,"href":"https:\/\/www.protect.airbus.com\/de\/wp-json\/wp\/v2\/pages\/6950"}],"wp:featuredmedia":[{"embeddable":true,"href":"https:\/\/www.protect.airbus.com\/de\/wp-json\/wp\/v2\/media\/3837"}],"wp:attachment":[{"href":"https:\/\/www.protect.airbus.com\/de\/wp-json\/wp\/v2\/media?parent=6586"}],"curies":[{"name":"wp","href":"https:\/\/api.w.org\/{rel}","templated":true}]}}