{"id":6244,"date":"2023-07-05T10:56:11","date_gmt":"2023-07-05T08:56:11","guid":{"rendered":"https:\/\/www.protect.airbus.com\/?page_id=6244"},"modified":"2024-07-30T14:28:48","modified_gmt":"2024-07-30T12:28:48","slug":"kontakt-safety","status":"publish","type":"page","link":"https:\/\/www.protect.airbus.com\/de\/kontakt-safety\/","title":{"rendered":"Kontakt Safety"},"content":{"rendered":"<div class=\"wpb-content-wrapper\"><p>[vc_row][vc_column][vc_column_text]<strong>Mit einem Sternchen markierte Felder sind Pflichtfelder.<\/strong>[\/vc_column_text][vc_column_text]<form id=\"forminator-module-6235\" class=\"forminator-custom-form forminator-custom-form-6235\" method=\"post\" data-forminator-render=\"0\" data-uid=\"69d32151bd809\"><div role=\"alert\" aria-live=\"polite\" class=\"forminator-response-message forminator-error\" aria-hidden=\"true\"><\/div><\/form>[\/vc_column_text][vc_column_text css=&#8220;&#8220;]<b>Rechtlicher Hinweis<\/b><\/p>\n<p><span style=\"font-weight: 400;\">Airbus Protect SAS (37 avenue Escadrille Normandie Niemen, 31700 Blagnac, Frankreich) sammelt Ihre personenbezogenen Daten, um Ihre Kontaktdaten zu speichern, damit wir Sie in Zukunft kontaktieren k\u00f6nnen. Die mit einem Sternchen gekennzeichneten Daten m\u00fcssen angegeben werden. Andernfalls k\u00f6nnen wir Ihnen nicht antworten. Wenn Sie Fragen zur Verwaltung Ihrer personenbezogenen Daten haben oder Ihre Rechte wahrnehmen m\u00f6chten, wenden Sie sich bitte an nachfolgende Adresse: airbus-protect-legal@airbus.com\u00a0oder drucken Sie Ihre Anfrage aus und senden sie an folgende Postadresse: \u201cAirbus Protect, Data Protection Manager, 37 Avenue Escadrille Normandie Niemen, 31700 Blagnac, Frankreich\u201d.<\/span><\/p>\n<p><span style=\"font-weight: 400;\">Um mehr \u00fcber die Verarbeitung Ihrer Daten zu erfahren, lesen Sie bitte unsere<a href=\"https:\/\/www.protect.airbus.com\/de\/privacy-notice\/\"> detaillierten rechtlichen Hinweise<\/a><\/span>[\/vc_column_text][\/vc_column][\/vc_row][vc_row][vc_column][vc_column_text]<\/p>\n<h3><b>Airbus Protect nutzt Zertifikate und Fingerprints f\u00fcr verschl\u00fcsselte E-Mail-Kommunikationen mit externen E-Mail-Partnern.<\/b><\/h3>\n<p>[\/vc_column_text]<div class=\"divBtCTA btAlignCenter\"><a href=\"https:\/\/www.protect.airbus.com\/wp-content\/uploads\/2020\/02\/CyberSecurity-Sales-DACH_0x0C22147D_public.zip\" target=\"_blank\" class=\"button btGeneral\">PGP Public Key herunterladen<\/a><\/div>[vc_column_text]<span style=\"font-weight: 400;\">Ausgestellt f\u00fcr: <a href=\"mailto:cybersecuritysales-dach@airbus.com\">cybersecuritysales-dach@airbus.com<\/a><\/span><\/p>\n<p><span style=\"font-weight: 400;\">Key-ID: 347E F84D 0C22 147D<\/span><\/p>\n<p><span style=\"font-weight: 400;\">Fingerprint: 07A7 74BF FBD2 5F69 D767\u00a0 319D 347E F84D 0C22 147D<\/span><\/p>\n<p><span style=\"font-weight: 400;\">G\u00fcltig bis: 01.07.2024<\/span><\/p>\n<p><span style=\"font-weight: 400;\">Typ: OpenPGP<\/span><\/p>\n<p><span style=\"font-weight: 400;\">Konformit\u00e4t: Darf f\u00fcr VS-NfD-konforme Kommunikation verwendet werden<\/span>[\/vc_column_text][\/vc_column][\/vc_row]<\/p>\n<\/div>","protected":false},"excerpt":{"rendered":"<p>[vc_row][vc_column][vc_column_text]Mit einem Sternchen markierte Felder sind Pflichtfelder.[\/vc_column_text][vc_column_text][\/vc_column_text][vc_column_text css=&#8220;&#8220;]Rechtlicher Hinweis Airbus Protect SAS (37 avenue Escadrille Normandie Niemen, 31700 Blagnac, Frankreich) sammelt Ihre personenbezogenen Daten, um Ihre Kontaktdaten zu speichern, damit wir Sie in Zukunft kontaktieren k\u00f6nnen. Die mit einem Sternchen gekennzeichneten Daten m\u00fcssen angegeben werden. Andernfalls k\u00f6nnen wir Ihnen nicht antworten. Wenn Sie Fragen zur [&hellip;]<\/p>\n","protected":false},"author":8,"featured_media":4016,"parent":0,"menu_order":0,"comment_status":"closed","ping_status":"closed","template":"","meta":{"_acf_changed":false,"content-type":"","_relevanssi_hide_post":"","_relevanssi_hide_content":"","_relevanssi_pin_for_all":"","_relevanssi_pin_keywords":"","_relevanssi_unpin_keywords":"","_relevanssi_related_keywords":"","_relevanssi_related_include_ids":"","_relevanssi_related_exclude_ids":"","_relevanssi_related_no_append":"","_relevanssi_related_not_related":"","_relevanssi_related_posts":"","_relevanssi_noindex_reason":"Yoast SEO","footnotes":""},"class_list":["post-6244","page","type-page","status-publish","has-post-thumbnail","hentry"],"acf":[],"yoast_head":"<!-- This site is optimized with the Yoast SEO Premium plugin v27.2 (Yoast SEO v27.2) - https:\/\/yoast.com\/product\/yoast-seo-premium-wordpress\/ -->\n<title>Kontakt Safety - Airbus Protect<\/title>\n<meta name=\"robots\" content=\"noindex, follow\" \/>\n<meta property=\"og:locale\" content=\"de_DE\" \/>\n<meta property=\"og:type\" content=\"article\" \/>\n<meta property=\"og:title\" content=\"Kontakt Safety\" \/>\n<meta property=\"og:description\" content=\"[vc_row][vc_column][vc_column_text]Mit einem Sternchen markierte Felder sind Pflichtfelder.[\/vc_column_text][vc_column_text][\/vc_column_text][vc_column_text css=&#8220;&#8220;]Rechtlicher Hinweis Airbus Protect SAS (37 avenue Escadrille Normandie Niemen, 31700 Blagnac, Frankreich) sammelt Ihre personenbezogenen Daten, um Ihre Kontaktdaten zu speichern, damit wir Sie in Zukunft kontaktieren k\u00f6nnen. Die mit einem Sternchen gekennzeichneten Daten m\u00fcssen angegeben werden. Andernfalls k\u00f6nnen wir Ihnen nicht antworten. Wenn Sie Fragen zur [&hellip;]\" \/>\n<meta property=\"og:url\" content=\"https:\/\/www.protect.airbus.com\/de\/kontakt-safety\/\" \/>\n<meta property=\"og:site_name\" content=\"Airbus Protect\" \/>\n<meta property=\"article:modified_time\" content=\"2024-07-30T12:28:48+00:00\" \/>\n<meta property=\"og:image\" content=\"https:\/\/www.protect.airbus.com\/wp-content\/uploads\/2022\/06\/header-contact.jpg\" \/>\n\t<meta property=\"og:image:width\" content=\"1920\" \/>\n\t<meta property=\"og:image:height\" content=\"577\" \/>\n\t<meta property=\"og:image:type\" content=\"image\/jpeg\" \/>\n<meta name=\"twitter:card\" content=\"summary_large_image\" \/>\n<meta name=\"twitter:label1\" content=\"Gesch\u00e4tzte Lesezeit\" \/>\n\t<meta name=\"twitter:data1\" content=\"1\u00a0Minute\" \/>\n<script type=\"application\/ld+json\" class=\"yoast-schema-graph\">{\"@context\":\"https:\/\/schema.org\",\"@graph\":[{\"@type\":\"WebPage\",\"@id\":\"https:\/\/www.protect.airbus.com\/de\/kontakt-safety\/\",\"url\":\"https:\/\/www.protect.airbus.com\/de\/kontakt-safety\/\",\"name\":\"Kontakt Safety - Airbus Protect\",\"isPartOf\":{\"@id\":\"https:\/\/www.protect.airbus.com\/de\/#website\"},\"primaryImageOfPage\":{\"@id\":\"https:\/\/www.protect.airbus.com\/de\/kontakt-safety\/#primaryimage\"},\"image\":{\"@id\":\"https:\/\/www.protect.airbus.com\/de\/kontakt-safety\/#primaryimage\"},\"thumbnailUrl\":\"https:\/\/www.protect.airbus.com\/wp-content\/uploads\/2022\/06\/header-contact.jpg\",\"datePublished\":\"2023-07-05T08:56:11+00:00\",\"dateModified\":\"2024-07-30T12:28:48+00:00\",\"breadcrumb\":{\"@id\":\"https:\/\/www.protect.airbus.com\/de\/kontakt-safety\/#breadcrumb\"},\"inLanguage\":\"de\",\"potentialAction\":[{\"@type\":\"ReadAction\",\"target\":[\"https:\/\/www.protect.airbus.com\/de\/kontakt-safety\/\"]}]},{\"@type\":\"ImageObject\",\"inLanguage\":\"de\",\"@id\":\"https:\/\/www.protect.airbus.com\/de\/kontakt-safety\/#primaryimage\",\"url\":\"https:\/\/www.protect.airbus.com\/wp-content\/uploads\/2022\/06\/header-contact.jpg\",\"contentUrl\":\"https:\/\/www.protect.airbus.com\/wp-content\/uploads\/2022\/06\/header-contact.jpg\",\"width\":1920,\"height\":577},{\"@type\":\"BreadcrumbList\",\"@id\":\"https:\/\/www.protect.airbus.com\/de\/kontakt-safety\/#breadcrumb\",\"itemListElement\":[{\"@type\":\"ListItem\",\"position\":1,\"name\":\"Home\",\"item\":\"https:\/\/www.protect.airbus.com\/de\/\"},{\"@type\":\"ListItem\",\"position\":2,\"name\":\"Kontakt Safety\"}]},{\"@type\":\"WebSite\",\"@id\":\"https:\/\/www.protect.airbus.com\/de\/#website\",\"url\":\"https:\/\/www.protect.airbus.com\/de\/\",\"name\":\"Airbus Protect\",\"description\":\"\",\"publisher\":{\"@id\":\"https:\/\/www.protect.airbus.com\/de\/#organization\"},\"potentialAction\":[{\"@type\":\"SearchAction\",\"target\":{\"@type\":\"EntryPoint\",\"urlTemplate\":\"https:\/\/www.protect.airbus.com\/de\/?s={search_term_string}\"},\"query-input\":{\"@type\":\"PropertyValueSpecification\",\"valueRequired\":true,\"valueName\":\"search_term_string\"}}],\"inLanguage\":\"de\"},{\"@type\":\"Organization\",\"@id\":\"https:\/\/www.protect.airbus.com\/de\/#organization\",\"name\":\"Airbus Protect\",\"url\":\"https:\/\/www.protect.airbus.com\/de\/\",\"logo\":{\"@type\":\"ImageObject\",\"inLanguage\":\"de\",\"@id\":\"https:\/\/www.protect.airbus.com\/de\/#\/schema\/logo\/image\/\",\"url\":\"https:\/\/www.protect.airbus.com\/wp-content\/uploads\/2023\/05\/logo-airbus-protect-696-696.png\",\"contentUrl\":\"https:\/\/www.protect.airbus.com\/wp-content\/uploads\/2023\/05\/logo-airbus-protect-696-696.png\",\"width\":696,\"height\":696,\"caption\":\"Airbus Protect\"},\"image\":{\"@id\":\"https:\/\/www.protect.airbus.com\/de\/#\/schema\/logo\/image\/\"},\"sameAs\":[\"https:\/\/www.linkedin.com\/company\/airbus-protect\/\",\"https:\/\/www.youtube.com\/@airbusprotect7483\"],\"contactPoint\":{\"@type\":\"ContactPoint\",\"email\":\"protect@airbus.com\",\"contactType\":\"customer service\",\"areaServed\":[\"GB\",\"FR\",\"ES\",\"DE\",\"BE\",\"CH\",\"PT\",\"DK\",\"AT\"],\"availableLanguage\":[\"en\",\"fr\",\"de\"]}}]}<\/script>\n<!-- \/ Yoast SEO Premium plugin. -->","yoast_head_json":{"title":"Kontakt Safety - Airbus Protect","robots":{"index":"noindex","follow":"follow"},"og_locale":"de_DE","og_type":"article","og_title":"Kontakt Safety","og_description":"[vc_row][vc_column][vc_column_text]Mit einem Sternchen markierte Felder sind Pflichtfelder.[\/vc_column_text][vc_column_text][\/vc_column_text][vc_column_text css=&#8220;&#8220;]Rechtlicher Hinweis Airbus Protect SAS (37 avenue Escadrille Normandie Niemen, 31700 Blagnac, Frankreich) sammelt Ihre personenbezogenen Daten, um Ihre Kontaktdaten zu speichern, damit wir Sie in Zukunft kontaktieren k\u00f6nnen. Die mit einem Sternchen gekennzeichneten Daten m\u00fcssen angegeben werden. Andernfalls k\u00f6nnen wir Ihnen nicht antworten. Wenn Sie Fragen zur [&hellip;]","og_url":"https:\/\/www.protect.airbus.com\/de\/kontakt-safety\/","og_site_name":"Airbus Protect","article_modified_time":"2024-07-30T12:28:48+00:00","og_image":[{"width":1920,"height":577,"url":"https:\/\/www.protect.airbus.com\/wp-content\/uploads\/2022\/06\/header-contact.jpg","type":"image\/jpeg"}],"twitter_card":"summary_large_image","twitter_misc":{"Gesch\u00e4tzte Lesezeit":"1\u00a0Minute"},"schema":{"@context":"https:\/\/schema.org","@graph":[{"@type":"WebPage","@id":"https:\/\/www.protect.airbus.com\/de\/kontakt-safety\/","url":"https:\/\/www.protect.airbus.com\/de\/kontakt-safety\/","name":"Kontakt Safety - Airbus Protect","isPartOf":{"@id":"https:\/\/www.protect.airbus.com\/de\/#website"},"primaryImageOfPage":{"@id":"https:\/\/www.protect.airbus.com\/de\/kontakt-safety\/#primaryimage"},"image":{"@id":"https:\/\/www.protect.airbus.com\/de\/kontakt-safety\/#primaryimage"},"thumbnailUrl":"https:\/\/www.protect.airbus.com\/wp-content\/uploads\/2022\/06\/header-contact.jpg","datePublished":"2023-07-05T08:56:11+00:00","dateModified":"2024-07-30T12:28:48+00:00","breadcrumb":{"@id":"https:\/\/www.protect.airbus.com\/de\/kontakt-safety\/#breadcrumb"},"inLanguage":"de","potentialAction":[{"@type":"ReadAction","target":["https:\/\/www.protect.airbus.com\/de\/kontakt-safety\/"]}]},{"@type":"ImageObject","inLanguage":"de","@id":"https:\/\/www.protect.airbus.com\/de\/kontakt-safety\/#primaryimage","url":"https:\/\/www.protect.airbus.com\/wp-content\/uploads\/2022\/06\/header-contact.jpg","contentUrl":"https:\/\/www.protect.airbus.com\/wp-content\/uploads\/2022\/06\/header-contact.jpg","width":1920,"height":577},{"@type":"BreadcrumbList","@id":"https:\/\/www.protect.airbus.com\/de\/kontakt-safety\/#breadcrumb","itemListElement":[{"@type":"ListItem","position":1,"name":"Home","item":"https:\/\/www.protect.airbus.com\/de\/"},{"@type":"ListItem","position":2,"name":"Kontakt Safety"}]},{"@type":"WebSite","@id":"https:\/\/www.protect.airbus.com\/de\/#website","url":"https:\/\/www.protect.airbus.com\/de\/","name":"Airbus Protect","description":"","publisher":{"@id":"https:\/\/www.protect.airbus.com\/de\/#organization"},"potentialAction":[{"@type":"SearchAction","target":{"@type":"EntryPoint","urlTemplate":"https:\/\/www.protect.airbus.com\/de\/?s={search_term_string}"},"query-input":{"@type":"PropertyValueSpecification","valueRequired":true,"valueName":"search_term_string"}}],"inLanguage":"de"},{"@type":"Organization","@id":"https:\/\/www.protect.airbus.com\/de\/#organization","name":"Airbus Protect","url":"https:\/\/www.protect.airbus.com\/de\/","logo":{"@type":"ImageObject","inLanguage":"de","@id":"https:\/\/www.protect.airbus.com\/de\/#\/schema\/logo\/image\/","url":"https:\/\/www.protect.airbus.com\/wp-content\/uploads\/2023\/05\/logo-airbus-protect-696-696.png","contentUrl":"https:\/\/www.protect.airbus.com\/wp-content\/uploads\/2023\/05\/logo-airbus-protect-696-696.png","width":696,"height":696,"caption":"Airbus Protect"},"image":{"@id":"https:\/\/www.protect.airbus.com\/de\/#\/schema\/logo\/image\/"},"sameAs":["https:\/\/www.linkedin.com\/company\/airbus-protect\/","https:\/\/www.youtube.com\/@airbusprotect7483"],"contactPoint":{"@type":"ContactPoint","email":"protect@airbus.com","contactType":"customer service","areaServed":["GB","FR","ES","DE","BE","CH","PT","DK","AT"],"availableLanguage":["en","fr","de"]}}]}},"_links":{"self":[{"href":"https:\/\/www.protect.airbus.com\/de\/wp-json\/wp\/v2\/pages\/6244","targetHints":{"allow":["GET"]}}],"collection":[{"href":"https:\/\/www.protect.airbus.com\/de\/wp-json\/wp\/v2\/pages"}],"about":[{"href":"https:\/\/www.protect.airbus.com\/de\/wp-json\/wp\/v2\/types\/page"}],"author":[{"embeddable":true,"href":"https:\/\/www.protect.airbus.com\/de\/wp-json\/wp\/v2\/users\/8"}],"replies":[{"embeddable":true,"href":"https:\/\/www.protect.airbus.com\/de\/wp-json\/wp\/v2\/comments?post=6244"}],"version-history":[{"count":4,"href":"https:\/\/www.protect.airbus.com\/de\/wp-json\/wp\/v2\/pages\/6244\/revisions"}],"predecessor-version":[{"id":15199,"href":"https:\/\/www.protect.airbus.com\/de\/wp-json\/wp\/v2\/pages\/6244\/revisions\/15199"}],"wp:featuredmedia":[{"embeddable":true,"href":"https:\/\/www.protect.airbus.com\/de\/wp-json\/wp\/v2\/media\/4016"}],"wp:attachment":[{"href":"https:\/\/www.protect.airbus.com\/de\/wp-json\/wp\/v2\/media?parent=6244"}],"curies":[{"name":"wp","href":"https:\/\/api.w.org\/{rel}","templated":true}]}}