{"id":6115,"date":"2022-06-20T14:57:06","date_gmt":"2022-06-20T12:57:06","guid":{"rendered":"https:\/\/www.protect.airbus.com\/cybersecurity\/vulnerability-assessments-and-pentesting\/"},"modified":"2025-09-24T16:18:29","modified_gmt":"2025-09-24T14:18:29","slug":"pentesting-schwachstellenbewertung","status":"publish","type":"page","link":"https:\/\/www.protect.airbus.com\/de\/cybersecurity\/pentesting-schwachstellenbewertung\/","title":{"rendered":"Pentesting &#038; Schwachstellenbewertung"},"content":{"rendered":"<div class=\"wpb-content-wrapper\"><p>[vc_row][vc_column][vc_column_text css=&#8220;.vc_custom_1690985775510{margin-bottom: 0px !important;padding-bottom: 0px !important;}&#8220; h2_style=&#8220;h2Big&#8220;]<\/p>\n<h2>Aufdecken versteckter Sicherheitsl\u00fccken und Verstehen potenzieller Systemschwachstellen<\/h2>\n<p>[\/vc_column_text][vc_column_text css=&#8220;&#8220; p_style=&#8220;pBig&#8220;]<span style=\"font-weight: 400;\">Weltweit treiben Unternehmen ihre Programme zur digitalen Transformation voran. Neue, hypervernetzte IT- und OT-Technologien haben jedoch eine viel gr\u00f6\u00dfere Angriffsfl\u00e4che als ihre Vorg\u00e4nger. Mit dem Ziel, die einzige Schwachstelle (das schw\u00e4chste Glied in der Kette) zu vermeiden, ist es entscheidend, potenzielle Schwachstellen in diesen komplexen Systemen zu finden, bevor sie von b\u00f6swilligen Akteuren ausgenutzt werden.<\/span><\/p>\n<p><span style=\"font-weight: 400;\">Unsere Pentester verwenden dieselben Tools und Techniken wie Ihre Angreifer, um die wahre Cyberreife Ihres Unternehmens zu ermitteln.<\/span>[\/vc_column_text][vc_column_text css=&#8220;.vc_custom_1690986511330{margin-bottom: 0px !important;padding-bottom: 0px !important;}&#8220; h2_style=&#8220;h2Big&#8220;]<\/p>\n<h3>Wir sind Wegbereiter<\/h3>\n<p>[\/vc_column_text][vc_column_text p_style=&#8220;pHighlight&#8220;]Unsere Schwachstellenanalysen und Pentesting-Services verwenden dieselben Tools und Techniken wie Ihre Angreifer, um die wahre Cyberreife Ihres Unternehmens zu ermitteln.[\/vc_column_text][vc_column_text css=&#8220;.vc_custom_1690986538130{margin-bottom: 0px !important;padding-bottom: 0px !important;}&#8220; h2_style=&#8220;h2Big&#8220;]<\/p>\n<h3>Unser Ansatz<\/h3>\n<p>[\/vc_column_text][vc_column_text p_style=&#8220;pHighlight&#8220;]Was Airbus Protect von anderen Anbietern unterscheidet, ist unser individueller Ansatz. Au\u00dferdem zeigen sie nicht nur auf, was nicht in Ordnung ist, sondern bieten einen klaren und umsetzbaren Fahrplan f\u00fcr die Behebung von L\u00fccken und Schwachstellen.[\/vc_column_text][vc_column_text p_style=&#8220;pHighlight&#8220;]<\/p>\n<h3>Warum Airbus Protect?<\/h3>\n<p>[\/vc_column_text][vc_column_text p_style=&#8220;pHighlight&#8220;]Wir stellen sicher, dass Sie \u00fcber die richtigen Tools und Methoden verf\u00fcgen, um Ihre Schwachstellen zu erkennen und zu beheben. Was uns auszeichnet:[\/vc_column_text][vc_column_text css=&#8220;.vc_custom_1690987101337{margin-bottom: 0px !important;padding-bottom: 0px !important;}&#8220; h2_style=&#8220;h2Big&#8220;]<\/p>\n<ul>\n<li><span style=\"font-weight: 400;\">Wir nehmen uns Zeit, um die besonderen Anforderungen Ihres Unternehmens zu verstehen<\/span><\/li>\n<li><span style=\"font-weight: 400;\">Unsere pentesting sind auf Ihre spezifischen Anlagen und Ihre Branche zugeschnitten<\/span><\/li>\n<li><span style=\"font-weight: 400;\">Wir erstellen einen klaren und umsetzbaren Fahrplan f\u00fcr die Behebung von L\u00fccken und Schwachstellen<\/span><\/li>\n<\/ul>\n<p>[\/vc_column_text][vc_column_text p_style=&#8220;pHighlight&#8220;]<\/p>\n<h3>Unser Angebot<\/h3>\n<p>[\/vc_column_text][vc_column_text p_style=&#8220;pHighlight&#8220;]<\/p>\n<h4>Social Engineering Pentesting<\/h4>\n<p>[\/vc_column_text][vc_column_text p_style=&#8220;pHighlight&#8220;]Diese Art von Scheinangriff dient dazu, das Verhalten und das Bewusstsein der Mitarbeitenden f\u00fcr Informationssicherheit zu testen. In der Regel geben sich die Beraterinnen und Berater von Airbus Protect als Mitarbeitende oder Vertrauenspersonen aus, um diesen Test durchzuf\u00fchren.<\/p>\n<p>Social-Engineering-Pentesting haben zahlreiche Vorteile, darunter:[\/vc_column_text][vc_column_text]<\/p>\n<ul>\n<li style=\"font-weight: 400;\" aria-level=\"1\"><span style=\"font-weight: 400;\">Nachweis der Wirksamkeit der Informationssicherheitssysteme Ihres Unternehmens<\/span><\/li>\n<li style=\"font-weight: 400;\" aria-level=\"1\"><span style=\"font-weight: 400;\">Aufzeigen eines genauen Bildes des Cyber-Bewusstseins Ihrer Mitarbeitenden<\/span><\/li>\n<li style=\"font-weight: 400;\" aria-level=\"1\"><span style=\"font-weight: 400;\">\u00dcberpr\u00fcfung der Einhaltung Ihrer Informationssicherheitsrichtlinien<\/span><\/li>\n<li style=\"font-weight: 400;\" aria-level=\"1\"><span style=\"font-weight: 400;\">Aufkl\u00e4rung der Mitarbeitenden \u00fcber die Art der potenziellen Cyberbedrohungen<\/span><\/li>\n<\/ul>\n<p>[\/vc_column_text][vc_column_text p_style=&#8220;pHighlight&#8220;]<\/p>\n<h4>Offensive Sicherheit<\/h4>\n<p>Das spezialisierte Offensive Security Team von Airbus Protect bietet eine Reihe von Dienstleistungen an, die dazu beitragen sollen, Systemschwachstellen zu finden &#8211; und zwar vorrangig solche mit den gr\u00f6\u00dften Auswirkungen auf das Gesch\u00e4ft. Unsere Dienstleistungen umfassen:[\/vc_column_text][vc_column_text]<\/p>\n<ul>\n<li style=\"font-weight: 400;\" aria-level=\"1\"><span style=\"font-weight: 400;\">Externe Netzwerke<\/span><\/li>\n<li style=\"font-weight: 400;\" aria-level=\"1\"><span style=\"font-weight: 400;\">Interne Netzwerke<\/span><\/li>\n<li style=\"font-weight: 400;\" aria-level=\"1\"><span style=\"font-weight: 400;\">Web-Anwendungen<\/span><\/li>\n<li style=\"font-weight: 400;\" aria-level=\"1\"><span style=\"font-weight: 400;\">Cloud-Infrastruktur\u00a0<\/span><\/li>\n<li style=\"font-weight: 400;\" aria-level=\"1\"><span style=\"font-weight: 400;\">Drahtlose Umgebungen<\/span><\/li>\n<li style=\"font-weight: 400;\" aria-level=\"1\"><span style=\"font-weight: 400;\">Eingebettete Systeme<\/span><\/li>\n<li style=\"font-weight: 400;\" aria-level=\"1\"><span style=\"font-weight: 400;\">Mobile Anwendungen<\/span><\/li>\n<\/ul>\n<p>[\/vc_column_text][vc_column_text p_style=&#8220;pHighlight&#8220;]Zus\u00e4tzlich zum Pentesting bietet das Offensive Security Team auch Unterst\u00fctzung bei:[\/vc_column_text][vc_column_text]<\/p>\n<ul>\n<li style=\"font-weight: 400;\" aria-level=\"1\"><span style=\"font-weight: 400;\">Vermeintliche Kompromittierung \u2013 einschlie\u00dflich Pivoting, laterale Bewegung, Datenexfiltration und mehr<\/span><\/li>\n<li style=\"font-weight: 400;\" aria-level=\"1\"><span style=\"font-weight: 400;\">Analyse von Open-Source-Informationen<\/span><\/li>\n<li style=\"font-weight: 400;\" aria-level=\"1\"><span style=\"font-weight: 400;\">Red-Teaming-\u00dcbungen<\/span><\/li>\n<li>Red Teaming<\/li>\n<\/ul>\n<p>[\/vc_column_text]    <div class=\"hightlightBracket\">\n        <div class=\"glyphe\"><\/div>\n        <div class=\"highlight\"><p>Nehmen Sie Kontakt auf und erfahren Sie, wie wir Sie unterst\u00fctzen k\u00f6nnen<\/p><\/div>\n    <\/div>\n    <div class=\"divBtCTA btAlignCenter\"><a href=\"https:\/\/www.protect.airbus.com\/de\/kontakt\/\"  class=\"button btAuto\">Kontakt aufnehmen<\/a><\/div><div class=\"whatsNew\" id=\"whatsnew_69d3ef5e6aed4\">\n    <div class=\"lineTitleFilter\">\n        <div id=\"conteneur_h2_WhatsNew\"><h2>Was gibt&#039;s Neues?<\/h2><\/div>\n        <div id=\"conteneur_FiltreWhatsNew\">\n\t\t\t<div class=\"filterWhatsNew\"><span>Filter<\/span>\n\t\t\t\t<ul>\n\t\t\t\t\t<li><button type=\"button\" class=\"btFilter bfFilterNews\" onclick=\"fctFilterWhatsNew('news','allCategories','whatsnew_69d3ef5e6aed4')\">News<\/button><\/li>\n\t\t\t\t\t<li><button type=\"button\" class=\"btFilter bfFilterWhitePaper\" onclick=\"fctFilterWhatsNew('whitepaper','allCategories','whatsnew_69d3ef5e6aed4')\">White paper<\/button><\/li>\n\t\t\t\t\t<li><button type=\"button\" class=\"btFilter bfFilterBlog\" onclick=\"fctFilterWhatsNew('blog','allCategories','whatsnew_69d3ef5e6aed4')\">Blog<\/button><\/li>\n\t\t\t\t\t<li><button type=\"button\" class=\"btFilter bfFilterEvent\" onclick=\"fctFilterWhatsNew('event','allCategories','whatsnew_69d3ef5e6aed4')\">Events<\/button><\/li>\n\t\t\t\t<\/ul><\/div>\n\t\t\t<div id=\"whathsnew_glyphe\"><\/div>\n\t\t<\/div>\n    <\/div>\n\t\n    <div class=\"listWhatsNew\">\n        <\/div>\n    <div class=\"conteneurLineMoreInsight\"><div class=\"lineMoreInsight\"><a href=\"\/de\/insights\/\">Weitere Einblicke<\/a><\/div><\/div>\n<\/div>\n<div class=\"blocMoreInfo\">\n    <h2 class=\"h2Big\">More on [cybersecurity]<\/h2>[vc_column_text p_style=&#8220;pHighlight&#8220;]Our experts can help you with vulnerability assessements &amp; pentetration testing:[\/vc_column_text]<div class=\"divBtCTA btAlignCenter\"><a href=\"\/contact\/\"  class=\"button btAuto\">Contact us<\/a><\/div>    <\/div>[\/vc_column][\/vc_row][vc_row][vc_column][\/vc_column][\/vc_row]<\/p>\n<\/div>","protected":false},"excerpt":{"rendered":"<p>[vc_row][vc_column][vc_column_text css=&#8220;.vc_custom_1690985775510{margin-bottom: 0px !important;padding-bottom: 0px !important;}&#8220; h2_style=&#8220;h2Big&#8220;] Aufdecken versteckter Sicherheitsl\u00fccken und Verstehen potenzieller Systemschwachstellen [\/vc_column_text][vc_column_text css=&#8220;&#8220; p_style=&#8220;pBig&#8220;]Weltweit treiben Unternehmen ihre Programme zur digitalen Transformation voran. Neue, hypervernetzte IT- und OT-Technologien haben jedoch eine viel gr\u00f6\u00dfere Angriffsfl\u00e4che als ihre Vorg\u00e4nger. Mit dem Ziel, die einzige Schwachstelle (das schw\u00e4chste Glied in der Kette) zu vermeiden, ist es [&hellip;]<\/p>\n","protected":false},"author":4,"featured_media":6468,"parent":6950,"menu_order":0,"comment_status":"closed","ping_status":"closed","template":"","meta":{"_acf_changed":false,"content-type":"","_relevanssi_hide_post":"","_relevanssi_hide_content":"","_relevanssi_pin_for_all":"","_relevanssi_pin_keywords":"","_relevanssi_unpin_keywords":"","_relevanssi_related_keywords":"","_relevanssi_related_include_ids":"","_relevanssi_related_exclude_ids":"","_relevanssi_related_no_append":"","_relevanssi_related_not_related":"","_relevanssi_related_posts":"","_relevanssi_noindex_reason":"","footnotes":""},"class_list":["post-6115","page","type-page","status-publish","has-post-thumbnail","hentry"],"acf":[],"yoast_head":"<!-- This site is optimized with the Yoast SEO Premium plugin v27.2 (Yoast SEO v27.2) - https:\/\/yoast.com\/product\/yoast-seo-premium-wordpress\/ -->\n<title>Cybersecurity: Pentesting &amp; Schwachstellenbewertung | Airbus Protect<\/title>\n<meta name=\"description\" content=\"Die Schwachstellenbewertungen und Pentesting-Services von Airbus Protect zeigen die wahre Cyber-Reife Ihres Unternehmens auf.\" \/>\n<meta name=\"robots\" content=\"index, follow, max-snippet:-1, max-image-preview:large, max-video-preview:-1\" \/>\n<link rel=\"canonical\" href=\"https:\/\/www.protect.airbus.com\/de\/cybersecurity\/pentesting-schwachstellenbewertung\/\" \/>\n<meta property=\"og:locale\" content=\"de_DE\" \/>\n<meta property=\"og:type\" content=\"article\" \/>\n<meta property=\"og:title\" content=\"Pentesting &amp; Schwachstellenbewertung\" \/>\n<meta property=\"og:description\" content=\"Die Schwachstellenbewertungen und Pentesting-Services von Airbus Protect zeigen die wahre Cyber-Reife Ihres Unternehmens auf.\" \/>\n<meta property=\"og:url\" content=\"https:\/\/www.protect.airbus.com\/de\/cybersecurity\/pentesting-schwachstellenbewertung\/\" \/>\n<meta property=\"og:site_name\" content=\"Airbus Protect\" \/>\n<meta property=\"article:modified_time\" content=\"2025-09-24T14:18:29+00:00\" \/>\n<meta property=\"og:image\" content=\"https:\/\/www.protect.airbus.com\/wp-content\/uploads\/2022\/06\/header-sustainability-sous-page.jpg\" \/>\n\t<meta property=\"og:image:width\" content=\"1920\" \/>\n\t<meta property=\"og:image:height\" content=\"358\" \/>\n\t<meta property=\"og:image:type\" content=\"image\/jpeg\" \/>\n<meta name=\"twitter:card\" content=\"summary_large_image\" \/>\n<meta name=\"twitter:label1\" content=\"Gesch\u00e4tzte Lesezeit\" \/>\n\t<meta name=\"twitter:data1\" content=\"3\u00a0Minuten\" \/>\n<script type=\"application\/ld+json\" class=\"yoast-schema-graph\">{\"@context\":\"https:\/\/schema.org\",\"@graph\":[{\"@type\":\"Service\",\"name\":\"Pentesting &#038; Schwachstellenbewertung\",\"url\":\"https:\/\/www.protect.airbus.com\/de\/cybersecurity\/pentesting-schwachstellenbewertung\/\",\"provider\":{\"@id\":\"https:\/\/www.protect.airbus.com\/#organization\"},\"description\":\"\"},{\"@type\":\"WebPage\",\"@id\":\"https:\/\/www.protect.airbus.com\/de\/cybersecurity\/pentesting-schwachstellenbewertung\/\",\"url\":\"https:\/\/www.protect.airbus.com\/de\/cybersecurity\/pentesting-schwachstellenbewertung\/\",\"name\":\"Cybersecurity: Pentesting & Schwachstellenbewertung | Airbus Protect\",\"isPartOf\":{\"@id\":\"https:\/\/www.protect.airbus.com\/de\/#website\"},\"primaryImageOfPage\":{\"@id\":\"https:\/\/www.protect.airbus.com\/de\/cybersecurity\/pentesting-schwachstellenbewertung\/#primaryimage\"},\"image\":{\"@id\":\"https:\/\/www.protect.airbus.com\/de\/cybersecurity\/pentesting-schwachstellenbewertung\/#primaryimage\"},\"thumbnailUrl\":\"https:\/\/www.protect.airbus.com\/wp-content\/uploads\/revslider\/header-cybersecurity-en\/bg-cybersecurity.png\",\"datePublished\":\"2022-06-20T12:57:06+00:00\",\"dateModified\":\"2025-09-24T14:18:29+00:00\",\"description\":\"Die Schwachstellenbewertungen und Pentesting-Services von Airbus Protect zeigen die wahre Cyber-Reife Ihres Unternehmens auf.\",\"breadcrumb\":{\"@id\":\"https:\/\/www.protect.airbus.com\/de\/cybersecurity\/pentesting-schwachstellenbewertung\/#breadcrumb\"},\"inLanguage\":\"de\",\"potentialAction\":[{\"@type\":\"ReadAction\",\"target\":[\"https:\/\/www.protect.airbus.com\/de\/cybersecurity\/pentesting-schwachstellenbewertung\/\"]}]},{\"@type\":\"ImageObject\",\"inLanguage\":\"de\",\"@id\":\"https:\/\/www.protect.airbus.com\/de\/cybersecurity\/pentesting-schwachstellenbewertung\/#primaryimage\",\"url\":\"https:\/\/www.protect.airbus.com\/wp-content\/uploads\/revslider\/header-cybersecurity-en\/bg-cybersecurity.png\",\"contentUrl\":\"https:\/\/www.protect.airbus.com\/wp-content\/uploads\/revslider\/header-cybersecurity-en\/bg-cybersecurity.png\",\"width\":1920,\"height\":582},{\"@type\":\"BreadcrumbList\",\"@id\":\"https:\/\/www.protect.airbus.com\/de\/cybersecurity\/pentesting-schwachstellenbewertung\/#breadcrumb\",\"itemListElement\":[{\"@type\":\"ListItem\",\"position\":1,\"name\":\"Home\",\"item\":\"https:\/\/www.protect.airbus.com\/de\/\"},{\"@type\":\"ListItem\",\"position\":2,\"name\":\"Cybersecurity\",\"item\":\"https:\/\/www.protect.airbus.com\/de\/cybersecurity\/\"},{\"@type\":\"ListItem\",\"position\":3,\"name\":\"Pentesting &#038; Schwachstellenbewertung\"}]},{\"@type\":\"WebSite\",\"@id\":\"https:\/\/www.protect.airbus.com\/de\/#website\",\"url\":\"https:\/\/www.protect.airbus.com\/de\/\",\"name\":\"Airbus Protect\",\"description\":\"\",\"publisher\":{\"@id\":\"https:\/\/www.protect.airbus.com\/de\/#organization\"},\"potentialAction\":[{\"@type\":\"SearchAction\",\"target\":{\"@type\":\"EntryPoint\",\"urlTemplate\":\"https:\/\/www.protect.airbus.com\/de\/?s={search_term_string}\"},\"query-input\":{\"@type\":\"PropertyValueSpecification\",\"valueRequired\":true,\"valueName\":\"search_term_string\"}}],\"inLanguage\":\"de\"},{\"@type\":\"Organization\",\"@id\":\"https:\/\/www.protect.airbus.com\/de\/#organization\",\"name\":\"Airbus Protect\",\"url\":\"https:\/\/www.protect.airbus.com\/de\/\",\"logo\":{\"@type\":\"ImageObject\",\"inLanguage\":\"de\",\"@id\":\"https:\/\/www.protect.airbus.com\/de\/#\/schema\/logo\/image\/\",\"url\":\"https:\/\/www.protect.airbus.com\/wp-content\/uploads\/2023\/05\/logo-airbus-protect-696-696.png\",\"contentUrl\":\"https:\/\/www.protect.airbus.com\/wp-content\/uploads\/2023\/05\/logo-airbus-protect-696-696.png\",\"width\":696,\"height\":696,\"caption\":\"Airbus Protect\"},\"image\":{\"@id\":\"https:\/\/www.protect.airbus.com\/de\/#\/schema\/logo\/image\/\"},\"sameAs\":[\"https:\/\/www.linkedin.com\/company\/airbus-protect\/\",\"https:\/\/www.youtube.com\/@airbusprotect7483\"],\"contactPoint\":{\"@type\":\"ContactPoint\",\"email\":\"protect@airbus.com\",\"contactType\":\"customer service\",\"areaServed\":[\"GB\",\"FR\",\"ES\",\"DE\",\"BE\",\"CH\",\"PT\",\"DK\",\"AT\"],\"availableLanguage\":[\"en\",\"fr\",\"de\"]}}]}<\/script>\n<!-- \/ Yoast SEO Premium plugin. -->","yoast_head_json":{"title":"Cybersecurity: Pentesting & Schwachstellenbewertung | Airbus Protect","description":"Die Schwachstellenbewertungen und Pentesting-Services von Airbus Protect zeigen die wahre Cyber-Reife Ihres Unternehmens auf.","robots":{"index":"index","follow":"follow","max-snippet":"max-snippet:-1","max-image-preview":"max-image-preview:large","max-video-preview":"max-video-preview:-1"},"canonical":"https:\/\/www.protect.airbus.com\/de\/cybersecurity\/pentesting-schwachstellenbewertung\/","og_locale":"de_DE","og_type":"article","og_title":"Pentesting & Schwachstellenbewertung","og_description":"Die Schwachstellenbewertungen und Pentesting-Services von Airbus Protect zeigen die wahre Cyber-Reife Ihres Unternehmens auf.","og_url":"https:\/\/www.protect.airbus.com\/de\/cybersecurity\/pentesting-schwachstellenbewertung\/","og_site_name":"Airbus Protect","article_modified_time":"2025-09-24T14:18:29+00:00","og_image":[{"width":1920,"height":358,"url":"https:\/\/www.protect.airbus.com\/wp-content\/uploads\/2022\/06\/header-sustainability-sous-page.jpg","type":"image\/jpeg"}],"twitter_card":"summary_large_image","twitter_misc":{"Gesch\u00e4tzte Lesezeit":"3\u00a0Minuten"},"schema":{"@context":"https:\/\/schema.org","@graph":[{"@type":"Service","name":"Pentesting &#038; Schwachstellenbewertung","url":"https:\/\/www.protect.airbus.com\/de\/cybersecurity\/pentesting-schwachstellenbewertung\/","provider":{"@id":"https:\/\/www.protect.airbus.com\/#organization"},"description":""},{"@type":"WebPage","@id":"https:\/\/www.protect.airbus.com\/de\/cybersecurity\/pentesting-schwachstellenbewertung\/","url":"https:\/\/www.protect.airbus.com\/de\/cybersecurity\/pentesting-schwachstellenbewertung\/","name":"Cybersecurity: Pentesting & Schwachstellenbewertung | Airbus Protect","isPartOf":{"@id":"https:\/\/www.protect.airbus.com\/de\/#website"},"primaryImageOfPage":{"@id":"https:\/\/www.protect.airbus.com\/de\/cybersecurity\/pentesting-schwachstellenbewertung\/#primaryimage"},"image":{"@id":"https:\/\/www.protect.airbus.com\/de\/cybersecurity\/pentesting-schwachstellenbewertung\/#primaryimage"},"thumbnailUrl":"https:\/\/www.protect.airbus.com\/wp-content\/uploads\/revslider\/header-cybersecurity-en\/bg-cybersecurity.png","datePublished":"2022-06-20T12:57:06+00:00","dateModified":"2025-09-24T14:18:29+00:00","description":"Die Schwachstellenbewertungen und Pentesting-Services von Airbus Protect zeigen die wahre Cyber-Reife Ihres Unternehmens auf.","breadcrumb":{"@id":"https:\/\/www.protect.airbus.com\/de\/cybersecurity\/pentesting-schwachstellenbewertung\/#breadcrumb"},"inLanguage":"de","potentialAction":[{"@type":"ReadAction","target":["https:\/\/www.protect.airbus.com\/de\/cybersecurity\/pentesting-schwachstellenbewertung\/"]}]},{"@type":"ImageObject","inLanguage":"de","@id":"https:\/\/www.protect.airbus.com\/de\/cybersecurity\/pentesting-schwachstellenbewertung\/#primaryimage","url":"https:\/\/www.protect.airbus.com\/wp-content\/uploads\/revslider\/header-cybersecurity-en\/bg-cybersecurity.png","contentUrl":"https:\/\/www.protect.airbus.com\/wp-content\/uploads\/revslider\/header-cybersecurity-en\/bg-cybersecurity.png","width":1920,"height":582},{"@type":"BreadcrumbList","@id":"https:\/\/www.protect.airbus.com\/de\/cybersecurity\/pentesting-schwachstellenbewertung\/#breadcrumb","itemListElement":[{"@type":"ListItem","position":1,"name":"Home","item":"https:\/\/www.protect.airbus.com\/de\/"},{"@type":"ListItem","position":2,"name":"Cybersecurity","item":"https:\/\/www.protect.airbus.com\/de\/cybersecurity\/"},{"@type":"ListItem","position":3,"name":"Pentesting &#038; Schwachstellenbewertung"}]},{"@type":"WebSite","@id":"https:\/\/www.protect.airbus.com\/de\/#website","url":"https:\/\/www.protect.airbus.com\/de\/","name":"Airbus Protect","description":"","publisher":{"@id":"https:\/\/www.protect.airbus.com\/de\/#organization"},"potentialAction":[{"@type":"SearchAction","target":{"@type":"EntryPoint","urlTemplate":"https:\/\/www.protect.airbus.com\/de\/?s={search_term_string}"},"query-input":{"@type":"PropertyValueSpecification","valueRequired":true,"valueName":"search_term_string"}}],"inLanguage":"de"},{"@type":"Organization","@id":"https:\/\/www.protect.airbus.com\/de\/#organization","name":"Airbus Protect","url":"https:\/\/www.protect.airbus.com\/de\/","logo":{"@type":"ImageObject","inLanguage":"de","@id":"https:\/\/www.protect.airbus.com\/de\/#\/schema\/logo\/image\/","url":"https:\/\/www.protect.airbus.com\/wp-content\/uploads\/2023\/05\/logo-airbus-protect-696-696.png","contentUrl":"https:\/\/www.protect.airbus.com\/wp-content\/uploads\/2023\/05\/logo-airbus-protect-696-696.png","width":696,"height":696,"caption":"Airbus Protect"},"image":{"@id":"https:\/\/www.protect.airbus.com\/de\/#\/schema\/logo\/image\/"},"sameAs":["https:\/\/www.linkedin.com\/company\/airbus-protect\/","https:\/\/www.youtube.com\/@airbusprotect7483"],"contactPoint":{"@type":"ContactPoint","email":"protect@airbus.com","contactType":"customer service","areaServed":["GB","FR","ES","DE","BE","CH","PT","DK","AT"],"availableLanguage":["en","fr","de"]}}]}},"_links":{"self":[{"href":"https:\/\/www.protect.airbus.com\/de\/wp-json\/wp\/v2\/pages\/6115","targetHints":{"allow":["GET"]}}],"collection":[{"href":"https:\/\/www.protect.airbus.com\/de\/wp-json\/wp\/v2\/pages"}],"about":[{"href":"https:\/\/www.protect.airbus.com\/de\/wp-json\/wp\/v2\/types\/page"}],"author":[{"embeddable":true,"href":"https:\/\/www.protect.airbus.com\/de\/wp-json\/wp\/v2\/users\/4"}],"replies":[{"embeddable":true,"href":"https:\/\/www.protect.airbus.com\/de\/wp-json\/wp\/v2\/comments?post=6115"}],"version-history":[{"count":10,"href":"https:\/\/www.protect.airbus.com\/de\/wp-json\/wp\/v2\/pages\/6115\/revisions"}],"predecessor-version":[{"id":38375,"href":"https:\/\/www.protect.airbus.com\/de\/wp-json\/wp\/v2\/pages\/6115\/revisions\/38375"}],"up":[{"embeddable":true,"href":"https:\/\/www.protect.airbus.com\/de\/wp-json\/wp\/v2\/pages\/6950"}],"wp:featuredmedia":[{"embeddable":true,"href":"https:\/\/www.protect.airbus.com\/de\/wp-json\/wp\/v2\/media\/6468"}],"wp:attachment":[{"href":"https:\/\/www.protect.airbus.com\/de\/wp-json\/wp\/v2\/media?parent=6115"}],"curies":[{"name":"wp","href":"https:\/\/api.w.org\/{rel}","templated":true}]}}