{"id":5984,"date":"2022-06-20T18:31:37","date_gmt":"2022-06-20T16:31:37","guid":{"rendered":"https:\/\/www.protect.airbus.com\/cyber-incident-response\/"},"modified":"2024-08-01T15:08:01","modified_gmt":"2024-08-01T13:08:01","slug":"cyber-incident-response","status":"publish","type":"page","link":"https:\/\/www.protect.airbus.com\/de\/cyber-incident-response\/","title":{"rendered":"Cyber Incident Response und Digital Forensics"},"content":{"rendered":"<div class=\"wpb-content-wrapper\"><p>[vc_row][vc_column offset=&#8220;vc_col-lg-8 vc_col-md-12 vc_col-xs-12&#8243;][vc_column_text p_style=&#8220;pHighlight&#8220;]<\/p>\n<h2><b>Sie sind Opfer einer Cyberattacke?<\/b><\/h2>\n<p><strong>Wenn Sie von einer Sicherheitsl\u00fccke oder einer anderen dringenden Angelegenheit betroffen sind, rufen Sie unser Team an oder f\u00fcllen Sie das Formular aus, um schnell mit uns in Kontakt zu treten.<\/strong><\/p>\n<p><span style=\"font-weight: 400;\">Frankreich:<\/span> +33 9 72 30 13 99<br \/>\n<span style=\"font-weight: 400;\">Deutschland<\/span>: <span style=\"font-weight: 400;\">Formular ausf\u00fcllen<\/span><br \/>\n<span style=\"font-weight: 400;\">Rest der Welt:<\/span> +33 9 72 30 13 99[\/vc_column_text][vc_column_text p_style=&#8220;pHighlight&#8220;]<\/p>\n<h3><b>Warum das CSIRT von Airbus Protect?<\/b><\/h3>\n<p><span style=\"font-weight: 400;\">Das CSIRT von Airbus Protect ist eine Expertengruppe zur Bek\u00e4mpfung von Cyberangriffen, die Ihnen Ersthilfe, Abhilfe und Krisenmanagement bei Cyberangriffen bietet und Kunden aus verschiedenen Branchen sch\u00fctzt: Medien, Finanzdienstleistungen, Industrielle Fertigung, Regierungen und mehr.<\/span><\/p>\n<p><span style=\"font-weight: 400;\">Unsere Expertinnen und Experten stehen Ihnen rund um die Uhr zur Verf\u00fcgung, um Ihnen zu helfen, schnell zu reagieren und Bedrohungen zu beseitigen, die Ihre Gesch\u00e4ftskontinuit\u00e4t gef\u00e4hrden.<\/span>[\/vc_column_text][vc_column_text p_style=&#8220;pHighlight&#8220;]<\/p>\n<h3><b>Was leisten wir?<\/b><\/h3>\n<ul>\n<li style=\"font-weight: 400;\" aria-level=\"1\"><span style=\"font-weight: 400;\">Analyse<\/span><\/li>\n<li style=\"font-weight: 400;\" aria-level=\"1\"><span style=\"font-weight: 400;\">Ermittlung des Angriffsausma\u00dfes<\/span><\/li>\n<li style=\"font-weight: 400;\" aria-level=\"1\"><span style=\"font-weight: 400;\">Ermittlung des Angriffsziels<\/span><\/li>\n<li style=\"font-weight: 400;\" aria-level=\"1\"><span style=\"font-weight: 400;\">Eind\u00e4mmung, Beseitigung, Wiederherstellung<\/span><\/li>\n<li style=\"font-weight: 400;\" aria-level=\"1\"><span style=\"font-weight: 400;\">Unterst\u00fctzung der Arbeit des Krisenmanagements<\/span><\/li>\n<li style=\"font-weight: 400;\" aria-level=\"1\"><span style=\"font-weight: 400;\">Sanierung, sofern erforderlich<\/span><\/li>\n<\/ul>\n<p>[\/vc_column_text][\/vc_column][vc_column offset=&#8220;vc_col-lg-4 vc_col-md-12 vc_col-xs-12&#8243;][vc_column_text]<form id=\"forminator-module-5988\" class=\"forminator-custom-form forminator-custom-form-5988\" method=\"post\" data-forminator-render=\"0\" data-uid=\"69e5b7ce2d2b2\"><div role=\"alert\" aria-live=\"polite\" class=\"forminator-response-message forminator-error\" aria-hidden=\"true\"><\/div><\/form>[\/vc_column_text][\/vc_column][\/vc_row]<\/p>\n<\/div>","protected":false},"excerpt":{"rendered":"<p>[vc_row][vc_column offset=&#8220;vc_col-lg-8 vc_col-md-12 vc_col-xs-12&#8243;][vc_column_text p_style=&#8220;pHighlight&#8220;] Sie sind Opfer einer Cyberattacke? Wenn Sie von einer Sicherheitsl\u00fccke oder einer anderen dringenden Angelegenheit betroffen sind, rufen Sie unser Team an oder f\u00fcllen Sie das Formular aus, um schnell mit uns in Kontakt zu treten. Frankreich: +33 9 72 30 13 99 Deutschland: Formular ausf\u00fcllen Rest der Welt: +33 [&hellip;]<\/p>\n","protected":false},"author":1,"featured_media":3884,"parent":0,"menu_order":0,"comment_status":"closed","ping_status":"closed","template":"","meta":{"_acf_changed":false,"content-type":"","_relevanssi_hide_post":"","_relevanssi_hide_content":"","_relevanssi_pin_for_all":"","_relevanssi_pin_keywords":"","_relevanssi_unpin_keywords":"","_relevanssi_related_keywords":"","_relevanssi_related_include_ids":"","_relevanssi_related_exclude_ids":"","_relevanssi_related_no_append":"","_relevanssi_related_not_related":"","_relevanssi_related_posts":"","_relevanssi_noindex_reason":"","footnotes":""},"class_list":["post-5984","page","type-page","status-publish","has-post-thumbnail","hentry"],"acf":[],"yoast_head":"<!-- This site is optimized with the Yoast SEO Premium plugin v27.3 (Yoast SEO v27.3) - https:\/\/yoast.com\/product\/yoast-seo-premium-wordpress\/ -->\n<title>CSIRT: Computer Security Incident Response Team<\/title>\n<meta name=\"description\" content=\"Werden Sie angegriffen und wissen nicht, wie Sie sich verhalten sollen? Kontaktieren Sie unser Digital Forensics &amp; Incident Response Team!\" \/>\n<meta name=\"robots\" content=\"index, follow, max-snippet:-1, max-image-preview:large, max-video-preview:-1\" \/>\n<link rel=\"canonical\" href=\"https:\/\/www.protect.airbus.com\/de\/cyber-incident-response\/\" \/>\n<meta property=\"og:locale\" content=\"de_DE\" \/>\n<meta property=\"og:type\" content=\"article\" \/>\n<meta property=\"og:title\" content=\"Cyber Incident Response und Digital Forensics\" \/>\n<meta property=\"og:description\" content=\"Werden Sie angegriffen und wissen nicht, wie Sie sich verhalten sollen? Kontaktieren Sie unser Digital Forensics &amp; Incident Response Team!\" \/>\n<meta property=\"og:url\" content=\"https:\/\/www.protect.airbus.com\/de\/cyber-incident-response\/\" \/>\n<meta property=\"og:site_name\" content=\"Airbus Protect\" \/>\n<meta property=\"article:modified_time\" content=\"2024-08-01T13:08:01+00:00\" \/>\n<meta property=\"og:image\" content=\"https:\/\/www.protect.airbus.com\/wp-content\/uploads\/2022\/07\/cyber-incident-reponse-social.png\" \/>\n\t<meta property=\"og:image:width\" content=\"2378\" \/>\n\t<meta property=\"og:image:height\" content=\"1284\" \/>\n\t<meta property=\"og:image:type\" content=\"image\/png\" \/>\n<meta name=\"twitter:card\" content=\"summary_large_image\" \/>\n<meta name=\"twitter:label1\" content=\"Gesch\u00e4tzte Lesezeit\" \/>\n\t<meta name=\"twitter:data1\" content=\"1\u00a0Minute\" \/>\n<script type=\"application\/ld+json\" class=\"yoast-schema-graph\">{\"@context\":\"https:\\\/\\\/schema.org\",\"@graph\":[{\"@type\":\"WebPage\",\"@id\":\"https:\\\/\\\/www.protect.airbus.com\\\/de\\\/cyber-incident-response\\\/\",\"url\":\"https:\\\/\\\/www.protect.airbus.com\\\/de\\\/cyber-incident-response\\\/\",\"name\":\"CSIRT: Computer Security Incident Response Team\",\"isPartOf\":{\"@id\":\"https:\\\/\\\/www.protect.airbus.com\\\/de\\\/#website\"},\"primaryImageOfPage\":{\"@id\":\"https:\\\/\\\/www.protect.airbus.com\\\/de\\\/cyber-incident-response\\\/#primaryimage\"},\"image\":{\"@id\":\"https:\\\/\\\/www.protect.airbus.com\\\/de\\\/cyber-incident-response\\\/#primaryimage\"},\"thumbnailUrl\":\"https:\\\/\\\/www.protect.airbus.com\\\/wp-content\\\/uploads\\\/2022\\\/06\\\/header-cybersecurity.jpg\",\"datePublished\":\"2022-06-20T16:31:37+00:00\",\"dateModified\":\"2024-08-01T13:08:01+00:00\",\"description\":\"Werden Sie angegriffen und wissen nicht, wie Sie sich verhalten sollen? Kontaktieren Sie unser Digital Forensics & Incident Response Team!\",\"breadcrumb\":{\"@id\":\"https:\\\/\\\/www.protect.airbus.com\\\/de\\\/cyber-incident-response\\\/#breadcrumb\"},\"inLanguage\":\"de\",\"potentialAction\":[{\"@type\":\"ReadAction\",\"target\":[\"https:\\\/\\\/www.protect.airbus.com\\\/de\\\/cyber-incident-response\\\/\"]}]},{\"@type\":\"ImageObject\",\"inLanguage\":\"de\",\"@id\":\"https:\\\/\\\/www.protect.airbus.com\\\/de\\\/cyber-incident-response\\\/#primaryimage\",\"url\":\"https:\\\/\\\/www.protect.airbus.com\\\/wp-content\\\/uploads\\\/2022\\\/06\\\/header-cybersecurity.jpg\",\"contentUrl\":\"https:\\\/\\\/www.protect.airbus.com\\\/wp-content\\\/uploads\\\/2022\\\/06\\\/header-cybersecurity.jpg\",\"width\":1920,\"height\":577},{\"@type\":\"BreadcrumbList\",\"@id\":\"https:\\\/\\\/www.protect.airbus.com\\\/de\\\/cyber-incident-response\\\/#breadcrumb\",\"itemListElement\":[{\"@type\":\"ListItem\",\"position\":1,\"name\":\"Home\",\"item\":\"https:\\\/\\\/www.protect.airbus.com\\\/de\\\/\"},{\"@type\":\"ListItem\",\"position\":2,\"name\":\"Cyber Incident Response und Digital Forensics\"}]},{\"@type\":\"WebSite\",\"@id\":\"https:\\\/\\\/www.protect.airbus.com\\\/de\\\/#website\",\"url\":\"https:\\\/\\\/www.protect.airbus.com\\\/de\\\/\",\"name\":\"Airbus Protect\",\"description\":\"\",\"publisher\":{\"@id\":\"https:\\\/\\\/www.protect.airbus.com\\\/de\\\/#organization\"},\"potentialAction\":[{\"@type\":\"SearchAction\",\"target\":{\"@type\":\"EntryPoint\",\"urlTemplate\":\"https:\\\/\\\/www.protect.airbus.com\\\/de\\\/?s={search_term_string}\"},\"query-input\":{\"@type\":\"PropertyValueSpecification\",\"valueRequired\":true,\"valueName\":\"search_term_string\"}}],\"inLanguage\":\"de\"},{\"@type\":\"Organization\",\"@id\":\"https:\\\/\\\/www.protect.airbus.com\\\/de\\\/#organization\",\"name\":\"Airbus Protect\",\"url\":\"https:\\\/\\\/www.protect.airbus.com\\\/de\\\/\",\"logo\":{\"@type\":\"ImageObject\",\"inLanguage\":\"de\",\"@id\":\"https:\\\/\\\/www.protect.airbus.com\\\/de\\\/#\\\/schema\\\/logo\\\/image\\\/\",\"url\":\"https:\\\/\\\/www.protect.airbus.com\\\/wp-content\\\/uploads\\\/2023\\\/05\\\/logo-airbus-protect-696-696.png\",\"contentUrl\":\"https:\\\/\\\/www.protect.airbus.com\\\/wp-content\\\/uploads\\\/2023\\\/05\\\/logo-airbus-protect-696-696.png\",\"width\":696,\"height\":696,\"caption\":\"Airbus Protect\"},\"image\":{\"@id\":\"https:\\\/\\\/www.protect.airbus.com\\\/de\\\/#\\\/schema\\\/logo\\\/image\\\/\"},\"sameAs\":[\"https:\\\/\\\/www.linkedin.com\\\/company\\\/airbus-protect\\\/\",\"https:\\\/\\\/www.youtube.com\\\/@airbusprotect7483\"],\"contactPoint\":{\"@type\":\"ContactPoint\",\"email\":\"protect@airbus.com\",\"contactType\":\"customer service\",\"areaServed\":[\"GB\",\"FR\",\"ES\",\"DE\",\"BE\",\"CH\",\"PT\",\"DK\",\"AT\"],\"availableLanguage\":[\"en\",\"fr\",\"de\"]}}]}<\/script>\n<!-- \/ Yoast SEO Premium plugin. -->","yoast_head_json":{"title":"CSIRT: Computer Security Incident Response Team","description":"Werden Sie angegriffen und wissen nicht, wie Sie sich verhalten sollen? Kontaktieren Sie unser Digital Forensics & Incident Response Team!","robots":{"index":"index","follow":"follow","max-snippet":"max-snippet:-1","max-image-preview":"max-image-preview:large","max-video-preview":"max-video-preview:-1"},"canonical":"https:\/\/www.protect.airbus.com\/de\/cyber-incident-response\/","og_locale":"de_DE","og_type":"article","og_title":"Cyber Incident Response und Digital Forensics","og_description":"Werden Sie angegriffen und wissen nicht, wie Sie sich verhalten sollen? Kontaktieren Sie unser Digital Forensics & Incident Response Team!","og_url":"https:\/\/www.protect.airbus.com\/de\/cyber-incident-response\/","og_site_name":"Airbus Protect","article_modified_time":"2024-08-01T13:08:01+00:00","og_image":[{"width":2378,"height":1284,"url":"https:\/\/www.protect.airbus.com\/wp-content\/uploads\/2022\/07\/cyber-incident-reponse-social.png","type":"image\/png"}],"twitter_card":"summary_large_image","twitter_misc":{"Gesch\u00e4tzte Lesezeit":"1\u00a0Minute"},"schema":{"@context":"https:\/\/schema.org","@graph":[{"@type":"WebPage","@id":"https:\/\/www.protect.airbus.com\/de\/cyber-incident-response\/","url":"https:\/\/www.protect.airbus.com\/de\/cyber-incident-response\/","name":"CSIRT: Computer Security Incident Response Team","isPartOf":{"@id":"https:\/\/www.protect.airbus.com\/de\/#website"},"primaryImageOfPage":{"@id":"https:\/\/www.protect.airbus.com\/de\/cyber-incident-response\/#primaryimage"},"image":{"@id":"https:\/\/www.protect.airbus.com\/de\/cyber-incident-response\/#primaryimage"},"thumbnailUrl":"https:\/\/www.protect.airbus.com\/wp-content\/uploads\/2022\/06\/header-cybersecurity.jpg","datePublished":"2022-06-20T16:31:37+00:00","dateModified":"2024-08-01T13:08:01+00:00","description":"Werden Sie angegriffen und wissen nicht, wie Sie sich verhalten sollen? Kontaktieren Sie unser Digital Forensics & Incident Response Team!","breadcrumb":{"@id":"https:\/\/www.protect.airbus.com\/de\/cyber-incident-response\/#breadcrumb"},"inLanguage":"de","potentialAction":[{"@type":"ReadAction","target":["https:\/\/www.protect.airbus.com\/de\/cyber-incident-response\/"]}]},{"@type":"ImageObject","inLanguage":"de","@id":"https:\/\/www.protect.airbus.com\/de\/cyber-incident-response\/#primaryimage","url":"https:\/\/www.protect.airbus.com\/wp-content\/uploads\/2022\/06\/header-cybersecurity.jpg","contentUrl":"https:\/\/www.protect.airbus.com\/wp-content\/uploads\/2022\/06\/header-cybersecurity.jpg","width":1920,"height":577},{"@type":"BreadcrumbList","@id":"https:\/\/www.protect.airbus.com\/de\/cyber-incident-response\/#breadcrumb","itemListElement":[{"@type":"ListItem","position":1,"name":"Home","item":"https:\/\/www.protect.airbus.com\/de\/"},{"@type":"ListItem","position":2,"name":"Cyber Incident Response und Digital Forensics"}]},{"@type":"WebSite","@id":"https:\/\/www.protect.airbus.com\/de\/#website","url":"https:\/\/www.protect.airbus.com\/de\/","name":"Airbus Protect","description":"","publisher":{"@id":"https:\/\/www.protect.airbus.com\/de\/#organization"},"potentialAction":[{"@type":"SearchAction","target":{"@type":"EntryPoint","urlTemplate":"https:\/\/www.protect.airbus.com\/de\/?s={search_term_string}"},"query-input":{"@type":"PropertyValueSpecification","valueRequired":true,"valueName":"search_term_string"}}],"inLanguage":"de"},{"@type":"Organization","@id":"https:\/\/www.protect.airbus.com\/de\/#organization","name":"Airbus Protect","url":"https:\/\/www.protect.airbus.com\/de\/","logo":{"@type":"ImageObject","inLanguage":"de","@id":"https:\/\/www.protect.airbus.com\/de\/#\/schema\/logo\/image\/","url":"https:\/\/www.protect.airbus.com\/wp-content\/uploads\/2023\/05\/logo-airbus-protect-696-696.png","contentUrl":"https:\/\/www.protect.airbus.com\/wp-content\/uploads\/2023\/05\/logo-airbus-protect-696-696.png","width":696,"height":696,"caption":"Airbus Protect"},"image":{"@id":"https:\/\/www.protect.airbus.com\/de\/#\/schema\/logo\/image\/"},"sameAs":["https:\/\/www.linkedin.com\/company\/airbus-protect\/","https:\/\/www.youtube.com\/@airbusprotect7483"],"contactPoint":{"@type":"ContactPoint","email":"protect@airbus.com","contactType":"customer service","areaServed":["GB","FR","ES","DE","BE","CH","PT","DK","AT"],"availableLanguage":["en","fr","de"]}}]}},"_links":{"self":[{"href":"https:\/\/www.protect.airbus.com\/de\/wp-json\/wp\/v2\/pages\/5984","targetHints":{"allow":["GET"]}}],"collection":[{"href":"https:\/\/www.protect.airbus.com\/de\/wp-json\/wp\/v2\/pages"}],"about":[{"href":"https:\/\/www.protect.airbus.com\/de\/wp-json\/wp\/v2\/types\/page"}],"author":[{"embeddable":true,"href":"https:\/\/www.protect.airbus.com\/de\/wp-json\/wp\/v2\/users\/1"}],"replies":[{"embeddable":true,"href":"https:\/\/www.protect.airbus.com\/de\/wp-json\/wp\/v2\/comments?post=5984"}],"version-history":[{"count":5,"href":"https:\/\/www.protect.airbus.com\/de\/wp-json\/wp\/v2\/pages\/5984\/revisions"}],"predecessor-version":[{"id":15410,"href":"https:\/\/www.protect.airbus.com\/de\/wp-json\/wp\/v2\/pages\/5984\/revisions\/15410"}],"wp:featuredmedia":[{"embeddable":true,"href":"https:\/\/www.protect.airbus.com\/de\/wp-json\/wp\/v2\/media\/3884"}],"wp:attachment":[{"href":"https:\/\/www.protect.airbus.com\/de\/wp-json\/wp\/v2\/media?parent=5984"}],"curies":[{"name":"wp","href":"https:\/\/api.w.org\/{rel}","templated":true}]}}