{"id":47545,"date":"2026-01-20T16:20:32","date_gmt":"2026-01-20T15:20:32","guid":{"rendered":"https:\/\/www.protect.airbus.com\/uber-uns\/our-certifications\/"},"modified":"2026-02-12T15:17:18","modified_gmt":"2026-02-12T14:17:18","slug":"unsere-zertifizierungen","status":"publish","type":"page","link":"https:\/\/www.protect.airbus.com\/de\/uber-uns\/unsere-zertifizierungen\/","title":{"rendered":"Unsere Zertifizierungen"},"content":{"rendered":"<div class=\"wpb-content-wrapper\"><p>[vc_row][vc_column][vc_column_text css=&#8220;&#8220; p_style=&#8220;pBig&#8220;]Bei Airbus Protect bilden Qualit\u00e4t und Sicherheit die Grundlage unserer Gesch\u00e4ftst\u00e4tigkeit. Unsere Zertifizierungen belegen unser Engagement f\u00fcr die Bereitstellung hochwertiger Dienstleistungen und die Einhaltung strengster internationaler Standards in den Bereichen Cybersicherheit, Sicherheit und Nachhaltigkeit.[\/vc_column_text][vc_column_text css=&#8220;&#8220; h3_couleur=&#8220;h3BleuProtect&#8220; p_style=&#8220;pIntermediaire&#8220;]<\/p>\n<h3 data-path-to-node=\"8\">Internationale Normen ISO 27001 und ISO 9001<\/h3>\n<p>Diese Zertifizierungen belegen unser einheitliches Engagement f\u00fcr Qualit\u00e4tsmanagement und Datensicherheit an unseren wichtigsten europ\u00e4ischen Standorten in Frankreich, Deutschland und Gro\u00dfbritannien in den Bereichen Sicherheit, Cybersicherheit und Nachhaltigkeit f\u00fcr die Luft- und Raumfahrt sowie den Verteidigungssektor, kritische Infrastrukturen und nationale und europ\u00e4ische Institutionen.<\/p>\n<p>[\/vc_column_text][vc_row_inner][vc_column_inner width=&#8220;1\/4&#8243;][\/vc_column_inner][vc_column_inner width=&#8220;1\/4&#8243;][vc_single_image image=&#8220;42430&#8243; css=&#8220;&#8220;][\/vc_column_inner][vc_column_inner width=&#8220;1\/4&#8243;][vc_single_image image=&#8220;42433&#8243; css=&#8220;&#8220;][\/vc_column_inner][vc_column_inner width=&#8220;1\/4&#8243;][\/vc_column_inner][\/vc_row_inner][vc_column_text css=&#8220;&#8220; h3_couleur=&#8220;h3BleuProtect&#8220; p_style=&#8220;pIntermediaire&#8220;]<\/p>\n<div>\n<h3 id=\"AirbusProtectCertification&amp;Qualification-UVDB(onlyforUnitedKingdom)\">EASA-akkreditierter Partner<\/h3>\n<\/div>\n<p>Airbus Protect ist eine von der EASA akkreditierte qualifizierte Stelle f\u00fcr Teil-IS. Diese Akkreditierung zeigt, dass wir nicht nur die Vorschriften verstehen, sondern auch offiziell anerkannt sind, Ihnen bei deren Umsetzung zu helfen, um das gesamte Luftfahrt-\u00d6kosystem zu st\u00e4rken und zu sichern.[\/vc_column_text][vc_row_inner][vc_column_inner][vc_single_image image=&#8220;45204&#8243; img_size=&#8220;medium&#8220; alignment=&#8220;center&#8220; onclick=&#8220;custom_link&#8220; img_link_target=&#8220;_blank&#8220; css=&#8220;&#8220; link=&#8220;https:\/\/www.easa.europa.eu\/en\/home&#8220;][\/vc_column_inner][\/vc_row_inner][vc_column_text css_animation=&#8220;none&#8220; css=&#8220;&#8220; h3_couleur=&#8220;h3BleuProtect&#8220; p_style=&#8220;pIntermediaire&#8220;]<\/p>\n<h3 data-path-to-node=\"8\">Ein vertrauensw\u00fcrdiger Partner f\u00fcr nationale Sicherheitsbeh\u00f6rden: ANSSI, BSI und NCSC<\/h3>\n<p data-path-to-node=\"13\">Airbus Protect pflegt eine enge und dauerhafte Partnerschaft mit <span style=\"font-weight: 400;\"><strong>ANSSI <\/strong><\/span>(Frankreich), <span style=\"font-weight: 400;\"><strong>BSI <\/strong><\/span>(Deutschland) und <span style=\"font-weight: 400;\"><strong>NCSC <\/strong><\/span>(Gro\u00dfbritannien). Durch die Verkn\u00fcpfung der Anforderungen dieser drei nationalen Beh\u00f6rden bietet Airbus Protect einen einzigartigen, transnationalen Sicherheitsschutz, der lokale regulatorische Expertise mit einer einheitlichen europ\u00e4ischen Vision verbindet.<\/p>\n<p>[\/vc_column_text][\/vc_column][\/vc_row][vc_row equal_height=&#8220;yes&#8220; content_placement=&#8220;top&#8220;][vc_column width=&#8220;1\/3&#8243;][vc_column_text css=&#8220;&#8220; p_style=&#8220;pHighlight&#8220;]<\/p>\n<p style=\"text-align: center;\"><strong>ANSSI<\/strong><\/p>\n<p>[\/vc_column_text][vc_single_image image=&#8220;45189&#8243; img_size=&#8220;medium&#8220; alignment=&#8220;center&#8220; css=&#8220;&#8220;][\/vc_column][vc_column width=&#8220;1\/3&#8243;][vc_column_text css=&#8220;&#8220; p_style=&#8220;pHighlight&#8220;]<\/p>\n<p style=\"text-align: center;\"><strong>BSI ATP<\/strong><\/p>\n<p>[\/vc_column_text][vc_single_image image=&#8220;45709&#8243; img_size=&#8220;medium&#8220; alignment=&#8220;center&#8220; css=&#8220;&#8220;][\/vc_column][vc_column width=&#8220;1\/3&#8243;][vc_column_text css=&#8220;&#8220; p_style=&#8220;pHighlight&#8220;]<\/p>\n<p style=\"text-align: center;\"><strong>NCSC<\/strong><\/p>\n<p>[\/vc_column_text][vc_single_image image=&#8220;45939&#8243; img_size=&#8220;medium&#8220; alignment=&#8220;center&#8220; onclick=&#8220;custom_link&#8220; img_link_target=&#8220;_blank&#8220; css=&#8220;.vc_custom_1770633837787{margin-top: 20px !important;border-top-width: 20px !important;border-radius: 1px !important;}&#8220; link=&#8220;https:\/\/www.ncsc.gov.uk\/&#8220;][\/vc_column][\/vc_row][vc_row disable_element=&#8220;yes&#8220;][vc_column][vc_column_text css=&#8220;&#8220; p_style=&#8220;pIntermediaire&#8220;]<\/p>\n<h3 data-path-to-node=\"16\"><span style=\"color: #00aec7;\">Industrial &amp; specialised accreditations<\/span><\/h3>\n<p data-path-to-node=\"17\">We hold specific local certifications that allow us to operate in highly regulated technical environments.<\/p>\n<p>[\/vc_column_text][vc_tta_accordion active_section=&#8220;&#8220; collapsible_all=&#8220;true&#8220;][vc_tta_section title=&#8220;France&#8220; tab_id=&#8220;1768920712619-971898cf-105a&#8220;][vc_row_inner][vc_column_inner][vc_column_text css=&#8220;&#8220; p_style=&#8220;pIntermediaire&#8220;]<\/p>\n<h4 style=\"text-align: left;\">PASSI RGS &amp; PASSI LPM:<\/h4>\n<p>[\/vc_column_text][vc_column_text css=&#8220;&#8220; p_style=&#8220;pIntermediaire&#8220;]<\/p>\n<p data-path-to-node=\"14,0,0\">We are a qualified provider for information system security audits, including physical security, auditing systems configuration, auditing systems architecture and penetration testing meeting. Our assessments are fully compliant with both General Security Rules (RGS) and Military Programming Law (LPM) standards.<\/p>\n<p>[\/vc_column_text][vc_single_image image=&#8220;45509&#8243; css=&#8220;&#8220;][vc_column_text css=&#8220;&#8220; p_style=&#8220;pIntermediaire&#8220;]<\/p>\n<h4 style=\"text-align: left;\">PDIS:<b data-path-to-node=\"14,1,0\" data-index-in-node=\"0\"><\/b><b data-path-to-node=\"14,1,0\" data-index-in-node=\"0\"><\/b><b data-path-to-node=\"14,1,0\" data-index-in-node=\"0\"><\/b><\/h4>\n<p>[\/vc_column_text][\/vc_column_inner][\/vc_row_inner][vc_column_text css=&#8220;&#8220; p_style=&#8220;pIntermediaire&#8220;]<\/p>\n<p data-path-to-node=\"14,0,0\">We are a qualified Provider of Security Incident Detection Services. It confirms that our Security Operations Centres (SOC) meet the most stringent technical and organisational requirements for protecting <b data-path-to-node=\"3,2\" data-index-in-node=\"213\">Operators of Vital Importance (OIVs)<\/b>.<\/p>\n<p>[\/vc_column_text][vc_single_image image=&#8220;45512&#8243; css=&#8220;&#8220;][vc_column_text css=&#8220;&#8220; p_style=&#8220;pIntermediaire&#8220;]<\/p>\n<h4 style=\"text-align: left;\">Fence EBIOS RM:<\/h4>\n<p>[\/vc_column_text][vc_column_text css=&#8220;&#8220; p_style=&#8220;pIntermediaire&#8220;]<\/p>\n<p data-path-to-node=\"14,0,0\">We have an expertise in the ANSSI-supported risk management methodology with our software solution <a href=\"https:\/\/www.protect.airbus.com\/de\/cybersecurity\/fence\/\">Fence<\/a>.<\/p>\n<p>[\/vc_column_text][vc_single_image image=&#8220;45519&#8243; css=&#8220;&#8220;][vc_column_text css=&#8220;&#8220;]<\/p>\n<h4>Qualiopi<\/h4>\n<p>[\/vc_column_text][vc_single_image image=&#8220;14561&#8243; img_size=&#8220;200&#215;100&#8243; css=&#8220;&#8220;][vc_column_text css=&#8220;&#8220; p_style=&#8220;pIntermediaire&#8220;]<\/p>\n<p data-path-to-node=\"19,1,0\">This certification recognises the quality of our training processes and professional development programmes.<\/p>\n<p data-path-to-node=\"20\">Check out our <a href=\"https:\/\/www.protect.airbus.com\/wp-content\/uploads\/2023\/05\/229818-39311-Certificat-Qualiopi-renouvellement-Cofrac-1.pdf\" target=\"_blank\" rel=\"noopener\">Qualiopi certificate.<\/a><\/p>\n<p>[\/vc_column_text][vc_column_text css=&#8220;&#8220;]<\/p>\n<h4>Qualifoudre<\/h4>\n<p>[\/vc_column_text][vc_single_image image=&#8220;45543&#8243; img_size=&#8220;200&#215;100&#8243; css=&#8220;&#8220;][vc_column_text css=&#8220;&#8220; p_style=&#8220;pIntermediaire&#8220;]<\/p>\n<p data-path-to-node=\"19,1,0\">\u00a0Certification for the design and maintenance of lightning protection systems, ensuring the safety of industrial sites.<\/p>\n<h4 data-path-to-node=\"20\"><\/h4>\n<p>[\/vc_column_text][\/vc_tta_section][vc_tta_section title=&#8220;United Kingdom&#8220; tab_id=&#8220;1768920712629-2b63a5ff-6e11&#8243;][vc_column_text css=&#8220;&#8220;]<\/p>\n<h4>UVDB (Achilles)<\/h4>\n<p>[\/vc_column_text][vc_single_image image=&#8220;42421&#8243; img_size=&#8220;200&#215;100&#8243; css=&#8220;&#8220;][vc_column_text css=&#8220;&#8220; p_style=&#8220;pHighlight&#8220;]We have achieved the following standards through audit for Safety, Health, Environmental and Quality practices and procedures as a registered supplier on UVDB Verify.[\/vc_column_text][vc_single_image image=&#8220;42436&#8243; img_size=&#8220;160&#215;200&#8243; css=&#8220;&#8220;][vc_column_text css=&#8220;&#8220; p_style=&#8220;pHighlight&#8220;]Airbus Protect UK is <b data-path-to-node=\"3,0\" data-index-in-node=\"22\">Cyber Essentials certified<\/b>. This accreditation demonstrates that we have robust technical controls in place to protect our UK customers against the most common internet-based threats[\/vc_column_text][\/vc_tta_section][vc_tta_section title=&#8220;Germany&#8220; tab_id=&#8220;1769509667776-796ea7f5-e059&#8243;][vc_column_text css=&#8220;&#8220;]<\/p>\n<h4>BSI APT response service provider<\/h4>\n<p>[\/vc_column_text][vc_column_text css=&#8220;&#8220;]<\/p>\n<div class=\"pHighlight\">\n<p>Airbus Protect passed the examination of the Federal Office for Information Security (BSI) and is henceforth listed as a qualified APT response service provider<\/p>\n<\/div>\n<p>[\/vc_column_text][vc_single_image image=&#8220;45709&#8243; img_size=&#8220;medium&#8220; onclick=&#8220;custom_link&#8220; img_link_target=&#8220;_blank&#8220; css=&#8220;&#8220; link=&#8220;https:\/\/www.bsi.bund.de\/EN\/Home\/home_node.html&#8220;][\/vc_tta_section][\/vc_tta_accordion][\/vc_column][\/vc_row][vc_row][vc_column][vc_column_text css=&#8220;&#8220; p_style=&#8220;pHighlight&#8220;]<\/p>\n<h3>Haben Sie spezifische Compliance-Anforderungen?<\/h3>\n<p>Unsere Experten helfen Ihnen gerne dabei, sich in komplexen regulatorischen Landschaften zurechtzufinden. Kontaktieren Sie uns, um mehr dar\u00fcber zu erfahren, wie unsere zertifizierten Prozesse Ihre Projekte unterst\u00fctzen k\u00f6nnen.[\/vc_column_text]<div class=\"divBtCTA btAlignCenter\"><a href=\"https:\/\/www.protect.airbus.com\/de\/kontakt\/\"  class=\"button btAuto\">Kontaktieren Sie uns<\/a><\/div>[\/vc_column][\/vc_row]<\/p>\n<\/div>","protected":false},"excerpt":{"rendered":"<p>[vc_row][vc_column][vc_column_text css=&#8220;&#8220; p_style=&#8220;pBig&#8220;]Bei Airbus Protect bilden Qualit\u00e4t und Sicherheit die Grundlage unserer Gesch\u00e4ftst\u00e4tigkeit. Unsere Zertifizierungen belegen unser Engagement f\u00fcr die Bereitstellung hochwertiger Dienstleistungen und die Einhaltung strengster internationaler Standards in den Bereichen Cybersicherheit, Sicherheit und Nachhaltigkeit.[\/vc_column_text][vc_column_text css=&#8220;&#8220; h3_couleur=&#8220;h3BleuProtect&#8220; p_style=&#8220;pIntermediaire&#8220;] Internationale Normen ISO 27001 und ISO 9001 Diese Zertifizierungen belegen unser einheitliches Engagement f\u00fcr Qualit\u00e4tsmanagement und [&hellip;]<\/p>\n","protected":false},"author":8,"featured_media":3977,"parent":5846,"menu_order":0,"comment_status":"closed","ping_status":"closed","template":"","meta":{"_acf_changed":false,"content-type":"","_relevanssi_hide_post":"","_relevanssi_hide_content":"","_relevanssi_pin_for_all":"","_relevanssi_pin_keywords":"","_relevanssi_unpin_keywords":"","_relevanssi_related_keywords":"","_relevanssi_related_include_ids":"","_relevanssi_related_exclude_ids":"","_relevanssi_related_no_append":"","_relevanssi_related_not_related":"","_relevanssi_related_posts":"","_relevanssi_noindex_reason":"","footnotes":""},"class_list":["post-47545","page","type-page","status-publish","has-post-thumbnail","hentry"],"acf":[],"yoast_head":"<!-- This site is optimized with the Yoast SEO Premium plugin v27.3 (Yoast SEO v27.3) - https:\/\/yoast.com\/product\/yoast-seo-premium-wordpress\/ -->\n<title>Unsere Zertifizierungen und Qualifikationen<\/title>\n<meta name=\"description\" content=\"Unsere Zertifizierungen und lokalen Akkreditierungen, darunter ISO 9001, ISO 27001 und spezielle Industriestandards in Frankreich, Deutschland und Gro\u00dfbritannien.\" \/>\n<meta name=\"robots\" content=\"index, follow, max-snippet:-1, max-image-preview:large, max-video-preview:-1\" \/>\n<link rel=\"canonical\" href=\"https:\/\/www.protect.airbus.com\/de\/uber-uns\/unsere-zertifizierungen\/\" \/>\n<meta property=\"og:locale\" content=\"de_DE\" \/>\n<meta property=\"og:type\" content=\"article\" \/>\n<meta property=\"og:title\" content=\"Unsere Zertifizierungen\" \/>\n<meta property=\"og:description\" content=\"Unsere Zertifizierungen und lokalen Akkreditierungen, darunter ISO 9001, ISO 27001 und spezielle Industriestandards in Frankreich, Deutschland und Gro\u00dfbritannien.\" \/>\n<meta property=\"og:url\" content=\"https:\/\/www.protect.airbus.com\/de\/uber-uns\/unsere-zertifizierungen\/\" \/>\n<meta property=\"og:site_name\" content=\"Airbus Protect\" \/>\n<meta property=\"article:modified_time\" content=\"2026-02-12T14:17:18+00:00\" \/>\n<meta property=\"og:image\" content=\"https:\/\/www.protect.airbus.com\/wp-content\/uploads\/2022\/06\/header-training-learning-services.jpg\" \/>\n\t<meta property=\"og:image:width\" content=\"1920\" \/>\n\t<meta property=\"og:image:height\" content=\"358\" \/>\n\t<meta property=\"og:image:type\" content=\"image\/jpeg\" \/>\n<meta name=\"twitter:card\" content=\"summary_large_image\" \/>\n<meta name=\"twitter:label1\" content=\"Gesch\u00e4tzte Lesezeit\" \/>\n\t<meta name=\"twitter:data1\" content=\"6\u00a0Minuten\" \/>\n<script type=\"application\/ld+json\" class=\"yoast-schema-graph\">{\"@context\":\"https:\\\/\\\/schema.org\",\"@graph\":[{\"@type\":\"WebPage\",\"@id\":\"https:\\\/\\\/www.protect.airbus.com\\\/de\\\/uber-uns\\\/unsere-zertifizierungen\\\/\",\"url\":\"https:\\\/\\\/www.protect.airbus.com\\\/de\\\/uber-uns\\\/unsere-zertifizierungen\\\/\",\"name\":\"Unsere Zertifizierungen und Qualifikationen\",\"isPartOf\":{\"@id\":\"https:\\\/\\\/www.protect.airbus.com\\\/de\\\/#website\"},\"primaryImageOfPage\":{\"@id\":\"https:\\\/\\\/www.protect.airbus.com\\\/de\\\/uber-uns\\\/unsere-zertifizierungen\\\/#primaryimage\"},\"image\":{\"@id\":\"https:\\\/\\\/www.protect.airbus.com\\\/de\\\/uber-uns\\\/unsere-zertifizierungen\\\/#primaryimage\"},\"thumbnailUrl\":\"https:\\\/\\\/www.protect.airbus.com\\\/wp-content\\\/uploads\\\/2022\\\/06\\\/header-training-learning-services.jpg\",\"datePublished\":\"2026-01-20T15:20:32+00:00\",\"dateModified\":\"2026-02-12T14:17:18+00:00\",\"description\":\"Unsere Zertifizierungen und lokalen Akkreditierungen, darunter ISO 9001, ISO 27001 und spezielle Industriestandards in Frankreich, Deutschland und Gro\u00dfbritannien.\",\"breadcrumb\":{\"@id\":\"https:\\\/\\\/www.protect.airbus.com\\\/de\\\/uber-uns\\\/unsere-zertifizierungen\\\/#breadcrumb\"},\"inLanguage\":\"de\",\"potentialAction\":[{\"@type\":\"ReadAction\",\"target\":[\"https:\\\/\\\/www.protect.airbus.com\\\/de\\\/uber-uns\\\/unsere-zertifizierungen\\\/\"]}]},{\"@type\":\"ImageObject\",\"inLanguage\":\"de\",\"@id\":\"https:\\\/\\\/www.protect.airbus.com\\\/de\\\/uber-uns\\\/unsere-zertifizierungen\\\/#primaryimage\",\"url\":\"https:\\\/\\\/www.protect.airbus.com\\\/wp-content\\\/uploads\\\/2022\\\/06\\\/header-training-learning-services.jpg\",\"contentUrl\":\"https:\\\/\\\/www.protect.airbus.com\\\/wp-content\\\/uploads\\\/2022\\\/06\\\/header-training-learning-services.jpg\",\"width\":1920,\"height\":358},{\"@type\":\"BreadcrumbList\",\"@id\":\"https:\\\/\\\/www.protect.airbus.com\\\/de\\\/uber-uns\\\/unsere-zertifizierungen\\\/#breadcrumb\",\"itemListElement\":[{\"@type\":\"ListItem\",\"position\":1,\"name\":\"Home\",\"item\":\"https:\\\/\\\/www.protect.airbus.com\\\/de\\\/\"},{\"@type\":\"ListItem\",\"position\":2,\"name\":\"\u00dcber uns\",\"item\":\"https:\\\/\\\/www.protect.airbus.com\\\/de\\\/uber-uns\\\/\"},{\"@type\":\"ListItem\",\"position\":3,\"name\":\"Unsere Zertifizierungen\"}]},{\"@type\":\"WebSite\",\"@id\":\"https:\\\/\\\/www.protect.airbus.com\\\/de\\\/#website\",\"url\":\"https:\\\/\\\/www.protect.airbus.com\\\/de\\\/\",\"name\":\"Airbus Protect\",\"description\":\"\",\"publisher\":{\"@id\":\"https:\\\/\\\/www.protect.airbus.com\\\/de\\\/#organization\"},\"potentialAction\":[{\"@type\":\"SearchAction\",\"target\":{\"@type\":\"EntryPoint\",\"urlTemplate\":\"https:\\\/\\\/www.protect.airbus.com\\\/de\\\/?s={search_term_string}\"},\"query-input\":{\"@type\":\"PropertyValueSpecification\",\"valueRequired\":true,\"valueName\":\"search_term_string\"}}],\"inLanguage\":\"de\"},{\"@type\":\"Organization\",\"@id\":\"https:\\\/\\\/www.protect.airbus.com\\\/de\\\/#organization\",\"name\":\"Airbus Protect\",\"url\":\"https:\\\/\\\/www.protect.airbus.com\\\/de\\\/\",\"logo\":{\"@type\":\"ImageObject\",\"inLanguage\":\"de\",\"@id\":\"https:\\\/\\\/www.protect.airbus.com\\\/de\\\/#\\\/schema\\\/logo\\\/image\\\/\",\"url\":\"https:\\\/\\\/www.protect.airbus.com\\\/wp-content\\\/uploads\\\/2023\\\/05\\\/logo-airbus-protect-696-696.png\",\"contentUrl\":\"https:\\\/\\\/www.protect.airbus.com\\\/wp-content\\\/uploads\\\/2023\\\/05\\\/logo-airbus-protect-696-696.png\",\"width\":696,\"height\":696,\"caption\":\"Airbus Protect\"},\"image\":{\"@id\":\"https:\\\/\\\/www.protect.airbus.com\\\/de\\\/#\\\/schema\\\/logo\\\/image\\\/\"},\"sameAs\":[\"https:\\\/\\\/www.linkedin.com\\\/company\\\/airbus-protect\\\/\",\"https:\\\/\\\/www.youtube.com\\\/@airbusprotect7483\"],\"contactPoint\":{\"@type\":\"ContactPoint\",\"email\":\"protect@airbus.com\",\"contactType\":\"customer service\",\"areaServed\":[\"GB\",\"FR\",\"ES\",\"DE\",\"BE\",\"CH\",\"PT\",\"DK\",\"AT\"],\"availableLanguage\":[\"en\",\"fr\",\"de\"]}}]}<\/script>\n<!-- \/ Yoast SEO Premium plugin. -->","yoast_head_json":{"title":"Unsere Zertifizierungen und Qualifikationen","description":"Unsere Zertifizierungen und lokalen Akkreditierungen, darunter ISO 9001, ISO 27001 und spezielle Industriestandards in Frankreich, Deutschland und Gro\u00dfbritannien.","robots":{"index":"index","follow":"follow","max-snippet":"max-snippet:-1","max-image-preview":"max-image-preview:large","max-video-preview":"max-video-preview:-1"},"canonical":"https:\/\/www.protect.airbus.com\/de\/uber-uns\/unsere-zertifizierungen\/","og_locale":"de_DE","og_type":"article","og_title":"Unsere Zertifizierungen","og_description":"Unsere Zertifizierungen und lokalen Akkreditierungen, darunter ISO 9001, ISO 27001 und spezielle Industriestandards in Frankreich, Deutschland und Gro\u00dfbritannien.","og_url":"https:\/\/www.protect.airbus.com\/de\/uber-uns\/unsere-zertifizierungen\/","og_site_name":"Airbus Protect","article_modified_time":"2026-02-12T14:17:18+00:00","og_image":[{"width":1920,"height":358,"url":"https:\/\/www.protect.airbus.com\/wp-content\/uploads\/2022\/06\/header-training-learning-services.jpg","type":"image\/jpeg"}],"twitter_card":"summary_large_image","twitter_misc":{"Gesch\u00e4tzte Lesezeit":"6\u00a0Minuten"},"schema":{"@context":"https:\/\/schema.org","@graph":[{"@type":"WebPage","@id":"https:\/\/www.protect.airbus.com\/de\/uber-uns\/unsere-zertifizierungen\/","url":"https:\/\/www.protect.airbus.com\/de\/uber-uns\/unsere-zertifizierungen\/","name":"Unsere Zertifizierungen und Qualifikationen","isPartOf":{"@id":"https:\/\/www.protect.airbus.com\/de\/#website"},"primaryImageOfPage":{"@id":"https:\/\/www.protect.airbus.com\/de\/uber-uns\/unsere-zertifizierungen\/#primaryimage"},"image":{"@id":"https:\/\/www.protect.airbus.com\/de\/uber-uns\/unsere-zertifizierungen\/#primaryimage"},"thumbnailUrl":"https:\/\/www.protect.airbus.com\/wp-content\/uploads\/2022\/06\/header-training-learning-services.jpg","datePublished":"2026-01-20T15:20:32+00:00","dateModified":"2026-02-12T14:17:18+00:00","description":"Unsere Zertifizierungen und lokalen Akkreditierungen, darunter ISO 9001, ISO 27001 und spezielle Industriestandards in Frankreich, Deutschland und Gro\u00dfbritannien.","breadcrumb":{"@id":"https:\/\/www.protect.airbus.com\/de\/uber-uns\/unsere-zertifizierungen\/#breadcrumb"},"inLanguage":"de","potentialAction":[{"@type":"ReadAction","target":["https:\/\/www.protect.airbus.com\/de\/uber-uns\/unsere-zertifizierungen\/"]}]},{"@type":"ImageObject","inLanguage":"de","@id":"https:\/\/www.protect.airbus.com\/de\/uber-uns\/unsere-zertifizierungen\/#primaryimage","url":"https:\/\/www.protect.airbus.com\/wp-content\/uploads\/2022\/06\/header-training-learning-services.jpg","contentUrl":"https:\/\/www.protect.airbus.com\/wp-content\/uploads\/2022\/06\/header-training-learning-services.jpg","width":1920,"height":358},{"@type":"BreadcrumbList","@id":"https:\/\/www.protect.airbus.com\/de\/uber-uns\/unsere-zertifizierungen\/#breadcrumb","itemListElement":[{"@type":"ListItem","position":1,"name":"Home","item":"https:\/\/www.protect.airbus.com\/de\/"},{"@type":"ListItem","position":2,"name":"\u00dcber uns","item":"https:\/\/www.protect.airbus.com\/de\/uber-uns\/"},{"@type":"ListItem","position":3,"name":"Unsere Zertifizierungen"}]},{"@type":"WebSite","@id":"https:\/\/www.protect.airbus.com\/de\/#website","url":"https:\/\/www.protect.airbus.com\/de\/","name":"Airbus Protect","description":"","publisher":{"@id":"https:\/\/www.protect.airbus.com\/de\/#organization"},"potentialAction":[{"@type":"SearchAction","target":{"@type":"EntryPoint","urlTemplate":"https:\/\/www.protect.airbus.com\/de\/?s={search_term_string}"},"query-input":{"@type":"PropertyValueSpecification","valueRequired":true,"valueName":"search_term_string"}}],"inLanguage":"de"},{"@type":"Organization","@id":"https:\/\/www.protect.airbus.com\/de\/#organization","name":"Airbus Protect","url":"https:\/\/www.protect.airbus.com\/de\/","logo":{"@type":"ImageObject","inLanguage":"de","@id":"https:\/\/www.protect.airbus.com\/de\/#\/schema\/logo\/image\/","url":"https:\/\/www.protect.airbus.com\/wp-content\/uploads\/2023\/05\/logo-airbus-protect-696-696.png","contentUrl":"https:\/\/www.protect.airbus.com\/wp-content\/uploads\/2023\/05\/logo-airbus-protect-696-696.png","width":696,"height":696,"caption":"Airbus Protect"},"image":{"@id":"https:\/\/www.protect.airbus.com\/de\/#\/schema\/logo\/image\/"},"sameAs":["https:\/\/www.linkedin.com\/company\/airbus-protect\/","https:\/\/www.youtube.com\/@airbusprotect7483"],"contactPoint":{"@type":"ContactPoint","email":"protect@airbus.com","contactType":"customer service","areaServed":["GB","FR","ES","DE","BE","CH","PT","DK","AT"],"availableLanguage":["en","fr","de"]}}]}},"_links":{"self":[{"href":"https:\/\/www.protect.airbus.com\/de\/wp-json\/wp\/v2\/pages\/47545","targetHints":{"allow":["GET"]}}],"collection":[{"href":"https:\/\/www.protect.airbus.com\/de\/wp-json\/wp\/v2\/pages"}],"about":[{"href":"https:\/\/www.protect.airbus.com\/de\/wp-json\/wp\/v2\/types\/page"}],"author":[{"embeddable":true,"href":"https:\/\/www.protect.airbus.com\/de\/wp-json\/wp\/v2\/users\/8"}],"replies":[{"embeddable":true,"href":"https:\/\/www.protect.airbus.com\/de\/wp-json\/wp\/v2\/comments?post=47545"}],"version-history":[{"count":6,"href":"https:\/\/www.protect.airbus.com\/de\/wp-json\/wp\/v2\/pages\/47545\/revisions"}],"predecessor-version":[{"id":47553,"href":"https:\/\/www.protect.airbus.com\/de\/wp-json\/wp\/v2\/pages\/47545\/revisions\/47553"}],"up":[{"embeddable":true,"href":"https:\/\/www.protect.airbus.com\/de\/wp-json\/wp\/v2\/pages\/5846"}],"wp:featuredmedia":[{"embeddable":true,"href":"https:\/\/www.protect.airbus.com\/de\/wp-json\/wp\/v2\/media\/3977"}],"wp:attachment":[{"href":"https:\/\/www.protect.airbus.com\/de\/wp-json\/wp\/v2\/media?parent=47545"}],"curies":[{"name":"wp","href":"https:\/\/api.w.org\/{rel}","templated":true}]}}