{"id":43722,"date":"2025-12-16T16:30:47","date_gmt":"2025-12-16T15:30:47","guid":{"rendered":"https:\/\/www.protect.airbus.com\/?page_id=43722"},"modified":"2025-12-17T14:56:11","modified_gmt":"2025-12-17T13:56:11","slug":"kundenberichte","status":"publish","type":"page","link":"https:\/\/www.protect.airbus.com\/de\/kundenberichte\/","title":{"rendered":"Kundenberichte"},"content":{"rendered":"<div class=\"wpb-content-wrapper\"><p>[vc_row][vc_column]<div class=\"blocList blocListClientstories bgColorGreyBlue\">\n            <form class=\"searchFormBlocList  displayNone searchFormBlocListBlog\" method=\"post\" action=\"https:\/\/www.protect.airbus.com\/de\/kundenberichte\/\" id=\"search_69e39d4b1e251\" enctype=\"multipart\/form-data\">\n            <div class=\"searchLine\"><div><span class=\"custom-dropdown\"><select name=\"categoryClientstories\" class=\"custom-dropdown__select dw_category\">\n                    <option value=\"\" selected=\"selected\">Thema<\/option>\n                    <option value=\"cybersecurity-de\" >Cybersecurity<\/option>                <\/select><\/span><\/div>                <div class=\"btSubmit\">\n                    <button type=\"submit\">Filter<\/button>\n                <\/div>\n            <\/div>\n        <\/form>\n        <div class=\"blocListItems\"><article class=\"blocListItem\" onclick=\"document.location.href='https:\/\/www.protect.airbus.com\/de\/tesat-kundengeschichte\/';\" ><div class=\"blocListItem_sousconteneur\">\n                        <img loading=\"lazy\" decoding=\"async\" width=\"356\" height=\"225\" src=\"https:\/\/www.protect.airbus.com\/wp-content\/uploads\/2025\/01\/banner_tesat-customer-story-01-01-356x225.png\" class=\"attachment-post-list size-post-list wp-post-image\" alt=\"\" srcset=\"https:\/\/www.protect.airbus.com\/wp-content\/uploads\/2025\/01\/banner_tesat-customer-story-01-01-356x225.png 356w, https:\/\/www.protect.airbus.com\/wp-content\/uploads\/2025\/01\/banner_tesat-customer-story-01-01-500x316.png 500w\" sizes=\"auto, (max-width: 356px) 100vw, 356px\" \/>            <span class=\"category\">Cybersecurity<\/span>            <h3><a href=\"https:\/\/www.protect.airbus.com\/de\/tesat-kundengeschichte\/\">Kundengeschichte: TESATs verbessertes Sicherheitsniveau<\/a><\/h3>\n            <p><p>[vc_row][vc_column][vc_empty_space height=&#8220;20px&#8220;][vc_column_text css=&#8220;.vc_custom_1739807409813{margin-bottom: 0px !important;padding-bottom: 0px !important;}&#8220; h2_style=&#8220;h2Big&#8220; p_style=&#8220;pHighlight&#8220;] Wie Airbus Protect das Sicherheitsniveau von TESAT verbesserte: Eine Kundengeschichte [\/vc_column_text][vc_column_text css=&#8220;.vc_custom_1739803483930{margin-bottom: 0px !important;padding-bottom: 0px !important;}&#8220; p_style=&#8220;pHighlight&#8220;]Produzierende Unternehmen aus verschiedenen Branchen bilden das Fundament der Kundenbasis von Airbus Protect. Ein erfolgreicher Cyber-Angriff auf diese Organisationen kann Lieferketten unterbrechen, Produktionslinien lahmlegen und erhebliche finanzielle Verluste verursachen. In [&hellip;]<\/p>\n<\/p>                        <span class=\"btReadMore\">Mehr erfahren<\/span>            <\/div><\/article><article class=\"blocListItem\" onclick=\"document.location.href='https:\/\/www.protect.airbus.com\/de\/cyber-assessment-nda\/';\" ><div class=\"blocListItem_sousconteneur\">\n                        <img loading=\"lazy\" decoding=\"async\" width=\"356\" height=\"225\" src=\"https:\/\/www.protect.airbus.com\/wp-content\/uploads\/2024\/06\/Design-sans-titre-7-356x225.png\" class=\"attachment-post-list size-post-list wp-post-image\" alt=\"\" srcset=\"https:\/\/www.protect.airbus.com\/wp-content\/uploads\/2024\/06\/Design-sans-titre-7-356x225.png 356w, https:\/\/www.protect.airbus.com\/wp-content\/uploads\/2024\/06\/Design-sans-titre-7-500x316.png 500w\" sizes=\"auto, (max-width: 356px) 100vw, 356px\" \/>            <span class=\"category\">Cybersecurity<\/span>            <h3><a href=\"https:\/\/www.protect.airbus.com\/de\/cyber-assessment-nda\/\">Kundengeschichte: Cybersecurity Assessments f\u00fcr die Nuclear Decommissioning Authority<\/a><\/h3>\n            <p><p>[vc_row][vc_column][vc_column_text css_animation=&#8220;none&#8220; css=&#8220;&#8220; p_style=&#8220;pHighlight&#8220;]Europ\u00e4ische Betreiber kritischer Infrastrukturen, darunter Versorgungs-, Energie- und Transportunternehmen, bilden den Kern des Kundenstamms von Airbus Protect. Ein erfolgreicher Cyberangriff auf diese Organisationen kann weitreichendes Chaos und wirtschaftliche Verluste verursachen und sogar die \u00f6ffentliche Sicherheit gef\u00e4hrden. Dies macht sie zu besonders attraktiven Zielen f\u00fcr Bedrohungsakteure in der sich st\u00e4ndig weiterentwickelnden Cyberlandschaft.[\/vc_column_text][vc_column_text css_animation=&#8220;none&#8220; [&hellip;]<\/p>\n<\/p>                        <span class=\"btReadMore\">Mehr erfahren<\/span>            <\/div><\/article><\/div>\n                <\/div>[\/vc_column][\/vc_row]<\/p>\n<\/div>","protected":false},"excerpt":{"rendered":"<p>[vc_row][vc_column][\/vc_column][\/vc_row]<\/p>\n","protected":false},"author":8,"featured_media":34794,"parent":0,"menu_order":0,"comment_status":"closed","ping_status":"closed","template":"page-list-client-stories.php","meta":{"_acf_changed":false,"content-type":"","_relevanssi_hide_post":"","_relevanssi_hide_content":"","_relevanssi_pin_for_all":"","_relevanssi_pin_keywords":"","_relevanssi_unpin_keywords":"","_relevanssi_related_keywords":"","_relevanssi_related_include_ids":"","_relevanssi_related_exclude_ids":"","_relevanssi_related_no_append":"","_relevanssi_related_not_related":"","_relevanssi_related_posts":"","_relevanssi_noindex_reason":"","footnotes":""},"class_list":["post-43722","page","type-page","status-publish","has-post-thumbnail","hentry"],"acf":[],"yoast_head":"<!-- This site is optimized with the Yoast SEO Premium plugin v27.3 (Yoast SEO v27.3) - https:\/\/yoast.com\/product\/yoast-seo-premium-wordpress\/ -->\n<title>Kundenberichte - Airbus Protect<\/title>\n<meta name=\"robots\" content=\"index, follow, max-snippet:-1, max-image-preview:large, max-video-preview:-1\" \/>\n<link rel=\"canonical\" href=\"https:\/\/www.protect.airbus.com\/de\/kundenberichte\/\" \/>\n<meta property=\"og:locale\" content=\"de_DE\" \/>\n<meta property=\"og:type\" content=\"article\" \/>\n<meta property=\"og:title\" content=\"Kundenberichte\" \/>\n<meta property=\"og:description\" content=\"[vc_row][vc_column][\/vc_column][\/vc_row]\" \/>\n<meta property=\"og:url\" content=\"https:\/\/www.protect.airbus.com\/de\/kundenberichte\/\" \/>\n<meta property=\"og:site_name\" content=\"Airbus Protect\" \/>\n<meta property=\"article:modified_time\" content=\"2025-12-17T13:56:11+00:00\" \/>\n<meta property=\"og:image\" content=\"https:\/\/www.protect.airbus.com\/wp-content\/uploads\/2022\/06\/header-blog.jpg\" \/>\n\t<meta property=\"og:image:width\" content=\"1920\" \/>\n\t<meta property=\"og:image:height\" content=\"358\" \/>\n\t<meta property=\"og:image:type\" content=\"image\/jpeg\" \/>\n<meta name=\"twitter:card\" content=\"summary_large_image\" \/>\n<meta name=\"twitter:label1\" content=\"Gesch\u00e4tzte Lesezeit\" \/>\n\t<meta name=\"twitter:data1\" content=\"1\u00a0Minute\" \/>\n<script type=\"application\/ld+json\" class=\"yoast-schema-graph\">{\"@context\":\"https:\\\/\\\/schema.org\",\"@graph\":[{\"@type\":\"WebPage\",\"@id\":\"https:\\\/\\\/www.protect.airbus.com\\\/de\\\/kundenberichte\\\/\",\"url\":\"https:\\\/\\\/www.protect.airbus.com\\\/de\\\/kundenberichte\\\/\",\"name\":\"Kundenberichte - Airbus Protect\",\"isPartOf\":{\"@id\":\"https:\\\/\\\/www.protect.airbus.com\\\/de\\\/#website\"},\"primaryImageOfPage\":{\"@id\":\"https:\\\/\\\/www.protect.airbus.com\\\/de\\\/kundenberichte\\\/#primaryimage\"},\"image\":{\"@id\":\"https:\\\/\\\/www.protect.airbus.com\\\/de\\\/kundenberichte\\\/#primaryimage\"},\"thumbnailUrl\":\"https:\\\/\\\/www.protect.airbus.com\\\/wp-content\\\/uploads\\\/2025\\\/07\\\/customer-succes-stories-banner_Plan-de-travail-1-1.jpg\",\"datePublished\":\"2025-12-16T15:30:47+00:00\",\"dateModified\":\"2025-12-17T13:56:11+00:00\",\"breadcrumb\":{\"@id\":\"https:\\\/\\\/www.protect.airbus.com\\\/de\\\/kundenberichte\\\/#breadcrumb\"},\"inLanguage\":\"de\",\"potentialAction\":[{\"@type\":\"ReadAction\",\"target\":[\"https:\\\/\\\/www.protect.airbus.com\\\/de\\\/kundenberichte\\\/\"]}]},{\"@type\":\"ImageObject\",\"inLanguage\":\"de\",\"@id\":\"https:\\\/\\\/www.protect.airbus.com\\\/de\\\/kundenberichte\\\/#primaryimage\",\"url\":\"https:\\\/\\\/www.protect.airbus.com\\\/wp-content\\\/uploads\\\/2025\\\/07\\\/customer-succes-stories-banner_Plan-de-travail-1-1.jpg\",\"contentUrl\":\"https:\\\/\\\/www.protect.airbus.com\\\/wp-content\\\/uploads\\\/2025\\\/07\\\/customer-succes-stories-banner_Plan-de-travail-1-1.jpg\",\"width\":1920,\"height\":578},{\"@type\":\"BreadcrumbList\",\"@id\":\"https:\\\/\\\/www.protect.airbus.com\\\/de\\\/kundenberichte\\\/#breadcrumb\",\"itemListElement\":[{\"@type\":\"ListItem\",\"position\":1,\"name\":\"Home\",\"item\":\"https:\\\/\\\/www.protect.airbus.com\\\/de\\\/\"},{\"@type\":\"ListItem\",\"position\":2,\"name\":\"Kundenberichte\"}]},{\"@type\":\"WebSite\",\"@id\":\"https:\\\/\\\/www.protect.airbus.com\\\/de\\\/#website\",\"url\":\"https:\\\/\\\/www.protect.airbus.com\\\/de\\\/\",\"name\":\"Airbus Protect\",\"description\":\"\",\"publisher\":{\"@id\":\"https:\\\/\\\/www.protect.airbus.com\\\/de\\\/#organization\"},\"potentialAction\":[{\"@type\":\"SearchAction\",\"target\":{\"@type\":\"EntryPoint\",\"urlTemplate\":\"https:\\\/\\\/www.protect.airbus.com\\\/de\\\/?s={search_term_string}\"},\"query-input\":{\"@type\":\"PropertyValueSpecification\",\"valueRequired\":true,\"valueName\":\"search_term_string\"}}],\"inLanguage\":\"de\"},{\"@type\":\"Organization\",\"@id\":\"https:\\\/\\\/www.protect.airbus.com\\\/de\\\/#organization\",\"name\":\"Airbus Protect\",\"url\":\"https:\\\/\\\/www.protect.airbus.com\\\/de\\\/\",\"logo\":{\"@type\":\"ImageObject\",\"inLanguage\":\"de\",\"@id\":\"https:\\\/\\\/www.protect.airbus.com\\\/de\\\/#\\\/schema\\\/logo\\\/image\\\/\",\"url\":\"https:\\\/\\\/www.protect.airbus.com\\\/wp-content\\\/uploads\\\/2023\\\/05\\\/logo-airbus-protect-696-696.png\",\"contentUrl\":\"https:\\\/\\\/www.protect.airbus.com\\\/wp-content\\\/uploads\\\/2023\\\/05\\\/logo-airbus-protect-696-696.png\",\"width\":696,\"height\":696,\"caption\":\"Airbus Protect\"},\"image\":{\"@id\":\"https:\\\/\\\/www.protect.airbus.com\\\/de\\\/#\\\/schema\\\/logo\\\/image\\\/\"},\"sameAs\":[\"https:\\\/\\\/www.linkedin.com\\\/company\\\/airbus-protect\\\/\",\"https:\\\/\\\/www.youtube.com\\\/@airbusprotect7483\"],\"contactPoint\":{\"@type\":\"ContactPoint\",\"email\":\"protect@airbus.com\",\"contactType\":\"customer service\",\"areaServed\":[\"GB\",\"FR\",\"ES\",\"DE\",\"BE\",\"CH\",\"PT\",\"DK\",\"AT\"],\"availableLanguage\":[\"en\",\"fr\",\"de\"]}}]}<\/script>\n<!-- \/ Yoast SEO Premium plugin. -->","yoast_head_json":{"title":"Kundenberichte - Airbus Protect","robots":{"index":"index","follow":"follow","max-snippet":"max-snippet:-1","max-image-preview":"max-image-preview:large","max-video-preview":"max-video-preview:-1"},"canonical":"https:\/\/www.protect.airbus.com\/de\/kundenberichte\/","og_locale":"de_DE","og_type":"article","og_title":"Kundenberichte","og_description":"[vc_row][vc_column][\/vc_column][\/vc_row]","og_url":"https:\/\/www.protect.airbus.com\/de\/kundenberichte\/","og_site_name":"Airbus Protect","article_modified_time":"2025-12-17T13:56:11+00:00","og_image":[{"width":1920,"height":358,"url":"https:\/\/www.protect.airbus.com\/wp-content\/uploads\/2022\/06\/header-blog.jpg","type":"image\/jpeg"}],"twitter_card":"summary_large_image","twitter_misc":{"Gesch\u00e4tzte Lesezeit":"1\u00a0Minute"},"schema":{"@context":"https:\/\/schema.org","@graph":[{"@type":"WebPage","@id":"https:\/\/www.protect.airbus.com\/de\/kundenberichte\/","url":"https:\/\/www.protect.airbus.com\/de\/kundenberichte\/","name":"Kundenberichte - Airbus Protect","isPartOf":{"@id":"https:\/\/www.protect.airbus.com\/de\/#website"},"primaryImageOfPage":{"@id":"https:\/\/www.protect.airbus.com\/de\/kundenberichte\/#primaryimage"},"image":{"@id":"https:\/\/www.protect.airbus.com\/de\/kundenberichte\/#primaryimage"},"thumbnailUrl":"https:\/\/www.protect.airbus.com\/wp-content\/uploads\/2025\/07\/customer-succes-stories-banner_Plan-de-travail-1-1.jpg","datePublished":"2025-12-16T15:30:47+00:00","dateModified":"2025-12-17T13:56:11+00:00","breadcrumb":{"@id":"https:\/\/www.protect.airbus.com\/de\/kundenberichte\/#breadcrumb"},"inLanguage":"de","potentialAction":[{"@type":"ReadAction","target":["https:\/\/www.protect.airbus.com\/de\/kundenberichte\/"]}]},{"@type":"ImageObject","inLanguage":"de","@id":"https:\/\/www.protect.airbus.com\/de\/kundenberichte\/#primaryimage","url":"https:\/\/www.protect.airbus.com\/wp-content\/uploads\/2025\/07\/customer-succes-stories-banner_Plan-de-travail-1-1.jpg","contentUrl":"https:\/\/www.protect.airbus.com\/wp-content\/uploads\/2025\/07\/customer-succes-stories-banner_Plan-de-travail-1-1.jpg","width":1920,"height":578},{"@type":"BreadcrumbList","@id":"https:\/\/www.protect.airbus.com\/de\/kundenberichte\/#breadcrumb","itemListElement":[{"@type":"ListItem","position":1,"name":"Home","item":"https:\/\/www.protect.airbus.com\/de\/"},{"@type":"ListItem","position":2,"name":"Kundenberichte"}]},{"@type":"WebSite","@id":"https:\/\/www.protect.airbus.com\/de\/#website","url":"https:\/\/www.protect.airbus.com\/de\/","name":"Airbus Protect","description":"","publisher":{"@id":"https:\/\/www.protect.airbus.com\/de\/#organization"},"potentialAction":[{"@type":"SearchAction","target":{"@type":"EntryPoint","urlTemplate":"https:\/\/www.protect.airbus.com\/de\/?s={search_term_string}"},"query-input":{"@type":"PropertyValueSpecification","valueRequired":true,"valueName":"search_term_string"}}],"inLanguage":"de"},{"@type":"Organization","@id":"https:\/\/www.protect.airbus.com\/de\/#organization","name":"Airbus Protect","url":"https:\/\/www.protect.airbus.com\/de\/","logo":{"@type":"ImageObject","inLanguage":"de","@id":"https:\/\/www.protect.airbus.com\/de\/#\/schema\/logo\/image\/","url":"https:\/\/www.protect.airbus.com\/wp-content\/uploads\/2023\/05\/logo-airbus-protect-696-696.png","contentUrl":"https:\/\/www.protect.airbus.com\/wp-content\/uploads\/2023\/05\/logo-airbus-protect-696-696.png","width":696,"height":696,"caption":"Airbus Protect"},"image":{"@id":"https:\/\/www.protect.airbus.com\/de\/#\/schema\/logo\/image\/"},"sameAs":["https:\/\/www.linkedin.com\/company\/airbus-protect\/","https:\/\/www.youtube.com\/@airbusprotect7483"],"contactPoint":{"@type":"ContactPoint","email":"protect@airbus.com","contactType":"customer service","areaServed":["GB","FR","ES","DE","BE","CH","PT","DK","AT"],"availableLanguage":["en","fr","de"]}}]}},"_links":{"self":[{"href":"https:\/\/www.protect.airbus.com\/de\/wp-json\/wp\/v2\/pages\/43722","targetHints":{"allow":["GET"]}}],"collection":[{"href":"https:\/\/www.protect.airbus.com\/de\/wp-json\/wp\/v2\/pages"}],"about":[{"href":"https:\/\/www.protect.airbus.com\/de\/wp-json\/wp\/v2\/types\/page"}],"author":[{"embeddable":true,"href":"https:\/\/www.protect.airbus.com\/de\/wp-json\/wp\/v2\/users\/8"}],"replies":[{"embeddable":true,"href":"https:\/\/www.protect.airbus.com\/de\/wp-json\/wp\/v2\/comments?post=43722"}],"version-history":[{"count":3,"href":"https:\/\/www.protect.airbus.com\/de\/wp-json\/wp\/v2\/pages\/43722\/revisions"}],"predecessor-version":[{"id":43728,"href":"https:\/\/www.protect.airbus.com\/de\/wp-json\/wp\/v2\/pages\/43722\/revisions\/43728"}],"wp:featuredmedia":[{"embeddable":true,"href":"https:\/\/www.protect.airbus.com\/de\/wp-json\/wp\/v2\/media\/34794"}],"wp:attachment":[{"href":"https:\/\/www.protect.airbus.com\/de\/wp-json\/wp\/v2\/media?parent=43722"}],"curies":[{"name":"wp","href":"https:\/\/api.w.org\/{rel}","templated":true}]}}