{"id":35443,"date":"2025-08-05T14:19:13","date_gmt":"2025-08-05T12:19:13","guid":{"rendered":"https:\/\/www.protect.airbus.com\/?page_id=35443"},"modified":"2025-08-05T14:30:29","modified_gmt":"2025-08-05T12:30:29","slug":"digital-risk-protection-ppc","status":"publish","type":"page","link":"https:\/\/www.protect.airbus.com\/de\/cybersecurity\/managed-security-services\/digital-risk-protection-ppc\/","title":{"rendered":"Digital Risk Protection Service"},"content":{"rendered":"<div class=\"wpb-content-wrapper\"><p>[vc_row][vc_column][vc_column_text css=&#8220;.vc_custom_1691419503970{margin-bottom: 0px !important;padding-bottom: 0px !important;}&#8220; h2_style=&#8220;h2Big&#8220;]<\/p>\n<h2>Wir sch\u00fctzen den digitalen Fu\u00dfabdruck von Unternehmen<\/h2>\n<p>[\/vc_column_text][vc_column_text p_style=&#8220;pBig&#8220;]Wenn ein erfolgreicher Cyberangriff nicht gemanagt wird, kann Ihr Unternehmen mit Geldstrafen, Rufsch\u00e4digung und dem Verlust von geistigem Eigentum konfrontiert werden. Nach einer Sicherheitsverletzung fehlt den internen Sicherheitsverantwortlichen oft ein ausreichender externer \u00dcberblick, um die gesamte Risikolandschaft genau zu bewerten.[\/vc_column_text]<div class=\"divBtCTA btAlignCenter\"><a onclick=\"fctGoToSection('ppc-de-contact');\" class=\"button btAuto\">Kontakt aufnehmen<\/a><\/div>[vc_column_text css=&#8220;.vc_custom_1722438226522{margin-bottom: 0px !important;padding-bottom: 0px !important;}&#8220; h2_style=&#8220;h2Big&#8220;]<\/p>\n<h3><strong>Digital Risk Protection: Warum Airbus Protect?<\/strong><\/h3>\n<p>[\/vc_column_text][vc_column_text p_style=&#8220;pHighlight&#8220;]Unsere L\u00f6sung zum Schutz vor digitalen Risiken sch\u00fctzt vor externen Bedrohungen, zeigt Ihnen stets auf, wo Ihre Anlagen gef\u00e4hrdet sind, und hilft Ihnen, m\u00f6gliche Abhilfema\u00dfnahmen zu verstehen:[\/vc_column_text][vc_column_text css_animation=&#8220;none&#8220; css=&#8220;&#8220;]<\/p>\n<ul>\n<li style=\"font-weight: 400;\" aria-level=\"1\"><span style=\"font-weight: 400;\">Absicherung Ihrer Online-Marke<\/span><\/li>\n<li style=\"font-weight: 400;\" aria-level=\"1\"><span style=\"font-weight: 400;\">Proaktiver Schutz vor potenziellem Datenverlust<\/span><\/li>\n<li style=\"font-weight: 400;\" aria-level=\"1\"><span style=\"font-weight: 400;\">Verringerung der Angriffsfl\u00e4che von Organisationen<\/span><\/li>\n<\/ul>\n<p>[\/vc_column_text][vc_column_text p_style=&#8220;pHighlight&#8220;]Wir verbessern die Cyberresilienz gegen die Exponierung Ihrer sensiblen Daten durch einen ma\u00dfgeschneiderten DRP-Service, mit dem Sie volle Transparenz \u00fcber kritische Warnungen in einem Portal erhalten und schnell und angemessen auf die verschiedenen Arten von Warnungen auf Grundlage von Empfehlungen zur Abhilfe reagieren k\u00f6nnen.[\/vc_column_text][vc_column_text css=&#8220;.vc_custom_1722438248072{margin-bottom: 0px !important;padding-bottom: 0px !important;}&#8220; h2_style=&#8220;h2Big&#8220;]<\/p>\n<h2>Unser Digital Risk Protection-Angebot<\/h2>\n<p>[\/vc_column_text][vc_column_text p_style=&#8220;pHighlight&#8220;]Im Rahmen unseres Managed Service f\u00fcr den Schutz vor digitalen Risiken suchen und identifizieren die Teams von Airbus Protect durch Scannen des Internets, des Darknets und des Deepwebs st\u00e4ndig, wo die Informationen der Kunden offengelegt wurden.<\/p>\n<p>Airbus Protect bietet einen Managed Service f\u00fcr den Schutz vor digitalen Risiken, der vollst\u00e4ndig in den SOC-Betrieb integriert ist. Dadurch werden einige Warnmeldungen vom SOC mit anderen Tools korreliert, um m\u00f6gliche Kompromittierungen zu identifizieren und zu beheben.<\/p>\n<p>Unsere Expertinnen und Experten liefern kontextbezogene Warnmeldungen, um das Verst\u00e4ndnis der Kunden f\u00fcr die damit verbundenen Risiken zu verbessern, sowie empfohlene Abhilfema\u00dfnahmen \u2013 auf beides kann \u00fcber das Digital Shadows Portal zugegriffen werden. Auf diese Weise k\u00f6nnen unsere Kunden schnell und angemessen auf verschiedene Arten von Warnungen reagieren, basierend auf den Empfehlungen f\u00fcr Abhilfema\u00dfnahmen.[\/vc_column_text][vc_column_text css_animation=&#8220;fadeInLeft&#8220;][\/vc_column_text]<div class=\"ancreDeDestination\" data-ancre-destination=\"ppc-de-contact\" id=\"ppc-de-contact\"><\/div>[vc_raw_html css=&#8220;&#8220;]JTNDaWZyYW1lJTIwd2lkdGglM0QlMjIxNTAwJTIyJTIwaGVpZ2h0JTNEJTIyMTMwMCUyMiUyMHNyYyUzRCUyMmh0dHBzJTNBJTJGJTJGMmU0OTIzMzMuc2liZm9ybXMuY29tJTJGc2VydmUlMkZNVUlGQUd1Qzl4OENmM08yMjdpV3M5b0hQQmF6OEVJelR4eENqVjA5WTRFT1FMbEpfLVFmbjJyY1Z6ZUhLLVpZcHItTkVQQUlmLTZKU1Q0a0V5TFpoVGVaVE5mNjRXNGZNa1U0ZlNERkxFYm5vZWdKd0VOUUUwVXdicTVFM3FVcEhXSGZGV3VoZjBSQmlQVDNQcnh1eW9LWlpRVGtpbkhCNXBUOWZKWS1vamswMHdERU9PaWNCUngza0xjM1MtX0gzS09tT2gxM3h1d0JXOHZpJTIyJTIwZnJhbWVib3JkZXIlM0QlMjIwJTIyJTIwc2Nyb2xsaW5nJTNEJTIyYXV0byUyMiUyMGFsbG93ZnVsbHNjcmVlbiUyMHN0eWxlJTNEJTIyZGlzcGxheSUzQSUyMGJsb2NrJTNCbWFyZ2luLWxlZnQlM0ElMjBhdXRvJTNCbWFyZ2luLXJpZ2h0JTNBJTIwYXV0byUzQm1heC13aWR0aCUzQSUyMDEwMCUyNSUzQiUyMiUzRSUzQyUyRmlmcmFtZSUzRQ==[\/vc_raw_html][\/vc_column][\/vc_row]<\/p>\n<\/div>","protected":false},"excerpt":{"rendered":"<p>[vc_row][vc_column][vc_column_text css=&#8220;.vc_custom_1691419503970{margin-bottom: 0px !important;padding-bottom: 0px !important;}&#8220; h2_style=&#8220;h2Big&#8220;] Wir sch\u00fctzen den digitalen Fu\u00dfabdruck von Unternehmen [\/vc_column_text][vc_column_text p_style=&#8220;pBig&#8220;]Wenn ein erfolgreicher Cyberangriff nicht gemanagt wird, kann Ihr Unternehmen mit Geldstrafen, Rufsch\u00e4digung und dem Verlust von geistigem Eigentum konfrontiert werden. Nach einer Sicherheitsverletzung fehlt den internen Sicherheitsverantwortlichen oft ein ausreichender externer \u00dcberblick, um die gesamte Risikolandschaft genau zu bewerten.[\/vc_column_text][vc_column_text [&hellip;]<\/p>\n","protected":false},"author":4,"featured_media":3837,"parent":6600,"menu_order":0,"comment_status":"closed","ping_status":"closed","template":"","meta":{"_acf_changed":false,"content-type":"","_relevanssi_hide_post":"","_relevanssi_hide_content":"","_relevanssi_pin_for_all":"","_relevanssi_pin_keywords":"","_relevanssi_unpin_keywords":"","_relevanssi_related_keywords":"","_relevanssi_related_include_ids":"","_relevanssi_related_exclude_ids":"","_relevanssi_related_no_append":"","_relevanssi_related_not_related":"","_relevanssi_related_posts":"","_relevanssi_noindex_reason":"Yoast SEO Exclusion de l\u2019index de Relevanssi","footnotes":""},"class_list":["post-35443","page","type-page","status-publish","has-post-thumbnail","hentry"],"acf":[],"yoast_head":"<!-- This site is optimized with the Yoast SEO Premium plugin v27.2 (Yoast SEO v27.2) - https:\/\/yoast.com\/product\/yoast-seo-premium-wordpress\/ -->\n<title>Digital Risk Protection: Unser Service gegen Cyber-Risiken<\/title>\n<meta name=\"description\" content=\"Digital Risk Protection sch\u00fctzt vor externen Bedrohungen, zeigt auf, wo Ihre Anlagen gef\u00e4hrdet sind, und hilft Ihnen, m\u00f6gliche Abhilfema\u00dfnahmen zu verstehen.\" \/>\n<meta name=\"robots\" content=\"noindex, nofollow\" \/>\n<meta property=\"og:locale\" content=\"de_DE\" \/>\n<meta property=\"og:type\" content=\"article\" \/>\n<meta property=\"og:title\" content=\"Digital Risk Protection Service\" \/>\n<meta property=\"og:description\" content=\"Digital Risk Protection sch\u00fctzt vor externen Bedrohungen, zeigt auf, wo Ihre Anlagen gef\u00e4hrdet sind, und hilft Ihnen, m\u00f6gliche Abhilfema\u00dfnahmen zu verstehen.\" \/>\n<meta property=\"og:url\" content=\"https:\/\/www.protect.airbus.com\/de\/cybersecurity\/managed-security-services\/digital-risk-protection-ppc\/\" \/>\n<meta property=\"og:site_name\" content=\"Airbus Protect\" \/>\n<meta property=\"article:modified_time\" content=\"2025-08-05T12:30:29+00:00\" \/>\n<meta property=\"og:image\" content=\"https:\/\/www.protect.airbus.com\/wp-content\/uploads\/2022\/06\/header-sustainability-sous-page.jpg\" \/>\n\t<meta property=\"og:image:width\" content=\"1920\" \/>\n\t<meta property=\"og:image:height\" content=\"358\" \/>\n\t<meta property=\"og:image:type\" content=\"image\/jpeg\" \/>\n<meta name=\"twitter:card\" content=\"summary_large_image\" \/>\n<meta name=\"twitter:label1\" content=\"Gesch\u00e4tzte Lesezeit\" \/>\n\t<meta name=\"twitter:data1\" content=\"2\u00a0Minuten\" \/>\n<script type=\"application\/ld+json\" class=\"yoast-schema-graph\">{\"@context\":\"https:\/\/schema.org\",\"@graph\":[{\"@type\":\"WebPage\",\"@id\":\"https:\/\/www.protect.airbus.com\/de\/cybersecurity\/managed-security-services\/digital-risk-protection-ppc\/\",\"url\":\"https:\/\/www.protect.airbus.com\/de\/cybersecurity\/managed-security-services\/digital-risk-protection-ppc\/\",\"name\":\"Digital Risk Protection: Unser Service gegen Cyber-Risiken\",\"isPartOf\":{\"@id\":\"https:\/\/www.protect.airbus.com\/de\/#website\"},\"primaryImageOfPage\":{\"@id\":\"https:\/\/www.protect.airbus.com\/de\/cybersecurity\/managed-security-services\/digital-risk-protection-ppc\/#primaryimage\"},\"image\":{\"@id\":\"https:\/\/www.protect.airbus.com\/de\/cybersecurity\/managed-security-services\/digital-risk-protection-ppc\/#primaryimage\"},\"thumbnailUrl\":\"https:\/\/www.protect.airbus.com\/wp-content\/uploads\/2022\/06\/header-sustainability-sous-page.jpg\",\"datePublished\":\"2025-08-05T12:19:13+00:00\",\"dateModified\":\"2025-08-05T12:30:29+00:00\",\"description\":\"Digital Risk Protection sch\u00fctzt vor externen Bedrohungen, zeigt auf, wo Ihre Anlagen gef\u00e4hrdet sind, und hilft Ihnen, m\u00f6gliche Abhilfema\u00dfnahmen zu verstehen.\",\"breadcrumb\":{\"@id\":\"https:\/\/www.protect.airbus.com\/de\/cybersecurity\/managed-security-services\/digital-risk-protection-ppc\/#breadcrumb\"},\"inLanguage\":\"de\",\"potentialAction\":[{\"@type\":\"ReadAction\",\"target\":[\"https:\/\/www.protect.airbus.com\/de\/cybersecurity\/managed-security-services\/digital-risk-protection-ppc\/\"]}]},{\"@type\":\"ImageObject\",\"inLanguage\":\"de\",\"@id\":\"https:\/\/www.protect.airbus.com\/de\/cybersecurity\/managed-security-services\/digital-risk-protection-ppc\/#primaryimage\",\"url\":\"https:\/\/www.protect.airbus.com\/wp-content\/uploads\/2022\/06\/header-sustainability-sous-page.jpg\",\"contentUrl\":\"https:\/\/www.protect.airbus.com\/wp-content\/uploads\/2022\/06\/header-sustainability-sous-page.jpg\",\"width\":1920,\"height\":358},{\"@type\":\"BreadcrumbList\",\"@id\":\"https:\/\/www.protect.airbus.com\/de\/cybersecurity\/managed-security-services\/digital-risk-protection-ppc\/#breadcrumb\",\"itemListElement\":[{\"@type\":\"ListItem\",\"position\":1,\"name\":\"Home\",\"item\":\"https:\/\/www.protect.airbus.com\/de\/\"},{\"@type\":\"ListItem\",\"position\":2,\"name\":\"Cybersecurity\",\"item\":\"https:\/\/www.protect.airbus.com\/de\/cybersecurity\/\"},{\"@type\":\"ListItem\",\"position\":3,\"name\":\"Managed Security Services (MSS)\",\"item\":\"https:\/\/www.protect.airbus.com\/de\/cybersecurity\/managed-security-services\/\"},{\"@type\":\"ListItem\",\"position\":4,\"name\":\"Digital Risk Protection Service\"}]},{\"@type\":\"WebSite\",\"@id\":\"https:\/\/www.protect.airbus.com\/de\/#website\",\"url\":\"https:\/\/www.protect.airbus.com\/de\/\",\"name\":\"Airbus Protect\",\"description\":\"\",\"publisher\":{\"@id\":\"https:\/\/www.protect.airbus.com\/de\/#organization\"},\"potentialAction\":[{\"@type\":\"SearchAction\",\"target\":{\"@type\":\"EntryPoint\",\"urlTemplate\":\"https:\/\/www.protect.airbus.com\/de\/?s={search_term_string}\"},\"query-input\":{\"@type\":\"PropertyValueSpecification\",\"valueRequired\":true,\"valueName\":\"search_term_string\"}}],\"inLanguage\":\"de\"},{\"@type\":\"Organization\",\"@id\":\"https:\/\/www.protect.airbus.com\/de\/#organization\",\"name\":\"Airbus Protect\",\"url\":\"https:\/\/www.protect.airbus.com\/de\/\",\"logo\":{\"@type\":\"ImageObject\",\"inLanguage\":\"de\",\"@id\":\"https:\/\/www.protect.airbus.com\/de\/#\/schema\/logo\/image\/\",\"url\":\"https:\/\/www.protect.airbus.com\/wp-content\/uploads\/2023\/05\/logo-airbus-protect-696-696.png\",\"contentUrl\":\"https:\/\/www.protect.airbus.com\/wp-content\/uploads\/2023\/05\/logo-airbus-protect-696-696.png\",\"width\":696,\"height\":696,\"caption\":\"Airbus Protect\"},\"image\":{\"@id\":\"https:\/\/www.protect.airbus.com\/de\/#\/schema\/logo\/image\/\"},\"sameAs\":[\"https:\/\/www.linkedin.com\/company\/airbus-protect\/\",\"https:\/\/www.youtube.com\/@airbusprotect7483\"],\"contactPoint\":{\"@type\":\"ContactPoint\",\"email\":\"protect@airbus.com\",\"contactType\":\"customer service\",\"areaServed\":[\"GB\",\"FR\",\"ES\",\"DE\",\"BE\",\"CH\",\"PT\",\"DK\",\"AT\"],\"availableLanguage\":[\"en\",\"fr\",\"de\"]}}]}<\/script>\n<!-- \/ Yoast SEO Premium plugin. -->","yoast_head_json":{"title":"Digital Risk Protection: Unser Service gegen Cyber-Risiken","description":"Digital Risk Protection sch\u00fctzt vor externen Bedrohungen, zeigt auf, wo Ihre Anlagen gef\u00e4hrdet sind, und hilft Ihnen, m\u00f6gliche Abhilfema\u00dfnahmen zu verstehen.","robots":{"index":"noindex","follow":"nofollow"},"og_locale":"de_DE","og_type":"article","og_title":"Digital Risk Protection Service","og_description":"Digital Risk Protection sch\u00fctzt vor externen Bedrohungen, zeigt auf, wo Ihre Anlagen gef\u00e4hrdet sind, und hilft Ihnen, m\u00f6gliche Abhilfema\u00dfnahmen zu verstehen.","og_url":"https:\/\/www.protect.airbus.com\/de\/cybersecurity\/managed-security-services\/digital-risk-protection-ppc\/","og_site_name":"Airbus Protect","article_modified_time":"2025-08-05T12:30:29+00:00","og_image":[{"width":1920,"height":358,"url":"https:\/\/www.protect.airbus.com\/wp-content\/uploads\/2022\/06\/header-sustainability-sous-page.jpg","type":"image\/jpeg"}],"twitter_card":"summary_large_image","twitter_misc":{"Gesch\u00e4tzte Lesezeit":"2\u00a0Minuten"},"schema":{"@context":"https:\/\/schema.org","@graph":[{"@type":"WebPage","@id":"https:\/\/www.protect.airbus.com\/de\/cybersecurity\/managed-security-services\/digital-risk-protection-ppc\/","url":"https:\/\/www.protect.airbus.com\/de\/cybersecurity\/managed-security-services\/digital-risk-protection-ppc\/","name":"Digital Risk Protection: Unser Service gegen Cyber-Risiken","isPartOf":{"@id":"https:\/\/www.protect.airbus.com\/de\/#website"},"primaryImageOfPage":{"@id":"https:\/\/www.protect.airbus.com\/de\/cybersecurity\/managed-security-services\/digital-risk-protection-ppc\/#primaryimage"},"image":{"@id":"https:\/\/www.protect.airbus.com\/de\/cybersecurity\/managed-security-services\/digital-risk-protection-ppc\/#primaryimage"},"thumbnailUrl":"https:\/\/www.protect.airbus.com\/wp-content\/uploads\/2022\/06\/header-sustainability-sous-page.jpg","datePublished":"2025-08-05T12:19:13+00:00","dateModified":"2025-08-05T12:30:29+00:00","description":"Digital Risk Protection sch\u00fctzt vor externen Bedrohungen, zeigt auf, wo Ihre Anlagen gef\u00e4hrdet sind, und hilft Ihnen, m\u00f6gliche Abhilfema\u00dfnahmen zu verstehen.","breadcrumb":{"@id":"https:\/\/www.protect.airbus.com\/de\/cybersecurity\/managed-security-services\/digital-risk-protection-ppc\/#breadcrumb"},"inLanguage":"de","potentialAction":[{"@type":"ReadAction","target":["https:\/\/www.protect.airbus.com\/de\/cybersecurity\/managed-security-services\/digital-risk-protection-ppc\/"]}]},{"@type":"ImageObject","inLanguage":"de","@id":"https:\/\/www.protect.airbus.com\/de\/cybersecurity\/managed-security-services\/digital-risk-protection-ppc\/#primaryimage","url":"https:\/\/www.protect.airbus.com\/wp-content\/uploads\/2022\/06\/header-sustainability-sous-page.jpg","contentUrl":"https:\/\/www.protect.airbus.com\/wp-content\/uploads\/2022\/06\/header-sustainability-sous-page.jpg","width":1920,"height":358},{"@type":"BreadcrumbList","@id":"https:\/\/www.protect.airbus.com\/de\/cybersecurity\/managed-security-services\/digital-risk-protection-ppc\/#breadcrumb","itemListElement":[{"@type":"ListItem","position":1,"name":"Home","item":"https:\/\/www.protect.airbus.com\/de\/"},{"@type":"ListItem","position":2,"name":"Cybersecurity","item":"https:\/\/www.protect.airbus.com\/de\/cybersecurity\/"},{"@type":"ListItem","position":3,"name":"Managed Security Services (MSS)","item":"https:\/\/www.protect.airbus.com\/de\/cybersecurity\/managed-security-services\/"},{"@type":"ListItem","position":4,"name":"Digital Risk Protection Service"}]},{"@type":"WebSite","@id":"https:\/\/www.protect.airbus.com\/de\/#website","url":"https:\/\/www.protect.airbus.com\/de\/","name":"Airbus Protect","description":"","publisher":{"@id":"https:\/\/www.protect.airbus.com\/de\/#organization"},"potentialAction":[{"@type":"SearchAction","target":{"@type":"EntryPoint","urlTemplate":"https:\/\/www.protect.airbus.com\/de\/?s={search_term_string}"},"query-input":{"@type":"PropertyValueSpecification","valueRequired":true,"valueName":"search_term_string"}}],"inLanguage":"de"},{"@type":"Organization","@id":"https:\/\/www.protect.airbus.com\/de\/#organization","name":"Airbus Protect","url":"https:\/\/www.protect.airbus.com\/de\/","logo":{"@type":"ImageObject","inLanguage":"de","@id":"https:\/\/www.protect.airbus.com\/de\/#\/schema\/logo\/image\/","url":"https:\/\/www.protect.airbus.com\/wp-content\/uploads\/2023\/05\/logo-airbus-protect-696-696.png","contentUrl":"https:\/\/www.protect.airbus.com\/wp-content\/uploads\/2023\/05\/logo-airbus-protect-696-696.png","width":696,"height":696,"caption":"Airbus Protect"},"image":{"@id":"https:\/\/www.protect.airbus.com\/de\/#\/schema\/logo\/image\/"},"sameAs":["https:\/\/www.linkedin.com\/company\/airbus-protect\/","https:\/\/www.youtube.com\/@airbusprotect7483"],"contactPoint":{"@type":"ContactPoint","email":"protect@airbus.com","contactType":"customer service","areaServed":["GB","FR","ES","DE","BE","CH","PT","DK","AT"],"availableLanguage":["en","fr","de"]}}]}},"_links":{"self":[{"href":"https:\/\/www.protect.airbus.com\/de\/wp-json\/wp\/v2\/pages\/35443","targetHints":{"allow":["GET"]}}],"collection":[{"href":"https:\/\/www.protect.airbus.com\/de\/wp-json\/wp\/v2\/pages"}],"about":[{"href":"https:\/\/www.protect.airbus.com\/de\/wp-json\/wp\/v2\/types\/page"}],"author":[{"embeddable":true,"href":"https:\/\/www.protect.airbus.com\/de\/wp-json\/wp\/v2\/users\/4"}],"replies":[{"embeddable":true,"href":"https:\/\/www.protect.airbus.com\/de\/wp-json\/wp\/v2\/comments?post=35443"}],"version-history":[{"count":4,"href":"https:\/\/www.protect.airbus.com\/de\/wp-json\/wp\/v2\/pages\/35443\/revisions"}],"predecessor-version":[{"id":35461,"href":"https:\/\/www.protect.airbus.com\/de\/wp-json\/wp\/v2\/pages\/35443\/revisions\/35461"}],"up":[{"embeddable":true,"href":"https:\/\/www.protect.airbus.com\/de\/wp-json\/wp\/v2\/pages\/6600"}],"wp:featuredmedia":[{"embeddable":true,"href":"https:\/\/www.protect.airbus.com\/de\/wp-json\/wp\/v2\/media\/3837"}],"wp:attachment":[{"href":"https:\/\/www.protect.airbus.com\/de\/wp-json\/wp\/v2\/media?parent=35443"}],"curies":[{"name":"wp","href":"https:\/\/api.w.org\/{rel}","templated":true}]}}