{"id":32900,"date":"2025-07-01T15:08:12","date_gmt":"2025-07-01T13:08:12","guid":{"rendered":"https:\/\/www.protect.airbus.com\/?page_id=32900"},"modified":"2025-08-05T14:22:12","modified_gmt":"2025-08-05T12:22:12","slug":"beratungsdienste-im-bereich-cybersicherheit-ppc","status":"publish","type":"page","link":"https:\/\/www.protect.airbus.com\/de\/cybersecurity\/beratungsdienste-im-bereich-cybersicherheit-ppc\/","title":{"rendered":"Beratungsdienste im Bereich Cybersicherheit"},"content":{"rendered":"<div class=\"wpb-content-wrapper\"><p>[vc_row][vc_column][vc_column_text css=&#8220;.vc_custom_1730908075327{margin-bottom: 0px !important;padding-bottom: 0px !important;}&#8220; h2_style=&#8220;h2Big&#8220; p_style=&#8220;pChapeau&#8220;]<b>Unsere Experten unterst\u00fctzen Sie dabei, ein Governance-Modell zu definieren und Ihre Sicherheitslage zu verbessern<\/b><span style=\"font-weight: 400;\">.<\/span>[\/vc_column_text][vc_column_text css=&#8220;&#8220; p_style=&#8220;pHighlight&#8220;]Die Digitalisierung f\u00fchrt zu einer gr\u00f6\u00dferen Gef\u00e4hrdung durch Cyberbedrohungen. Angreifer sind st\u00e4ndig auf der Jagd nach den schw\u00e4chsten Gliedern in den Lieferketten. Entscheidungstr\u00e4ger m\u00fcssen darauf achten, Cyberrisiken in jeder Phase der Wertsch\u00f6pfungskette, einschlie\u00dflich moderner und \u00e4lterer Systeme, zu managen und gleichzeitig die regulatorischen Anforderungen zu erf\u00fcllen. Dies stellt eine erhebliche Herausforderung in Bezug auf Budget, Ressourcen und Fachwissen dar.<\/p>\n<p><strong>Unsere Beratungsdienste f\u00fcr IT, OT und Produkte sind darauf ausgerichtet, Organisationen aus verschiedenen Branchen dabei zu unterst\u00fctzen, ihre Cyberresilienz in jeder Phase zu verbessern.<\/strong>[\/vc_column_text]<div class=\"divBtCTA btAlignCenter\"><a onclick=\"fctGoToSection('form-contact-de');\" class=\"button btAuto\">Kontaktieren Sie unsere Experten<\/a><\/div>[vc_column_text css=&#8220;.vc_custom_1730909562830{margin-bottom: 0px !important;padding-bottom: 0px !important;}&#8220; h2_style=&#8220;h2Big&#8220;]<\/p>\n<h3>Warum Airbus Protect?<\/h3>\n<p>[\/vc_column_text][vc_column_text css=&#8220;&#8220; p_style=&#8220;pHighlight&#8220;]Unsere mehr als 320 Berater bieten erstklassige Beratungsdienste im Bereich Cybersicherheit, insbesondere f\u00fcr die Luft- und Raumfahrt, die industrielle Fertigung, kritische Infrastrukturen, den Transport und viele weitere Branchen.<\/p>\n<p>Mit Airbus Protect profitieren Sie von umfassender Expertise, die auf Ihre spezifischen Bed\u00fcrfnisse, Anforderungen und Ihr Gesch\u00e4ftsumfeld abgestimmt ist. Unsere engagierten Berater arbeiten eng mit unseren Kunden zusammen, um ihre Herausforderungen besser zu verstehen und sowohl externe als auch interne Risiken zu antizipieren. So helfen wir unseren Kunden dabei, ihre Cyberresilienz durch einen proaktiven Ansatz in der Cybersicherheit nachhaltig zu verbessern.<\/p>\n<p><span style=\"font-weight: 400;\">Wir unterst\u00fctzen unsere Kunden dabei:<\/span><\/p>\n<ul>\n<li><span style=\"font-weight: 400;\">Eine Cybersecurity-Strategie und Governance zu entwickeln, die auf neue Herausforderungen ausgerichtet ist.<\/span><\/li>\n<li>Die durchg\u00e4ngige Daten-Governance zu sichern und zu verbessern, um die Einhaltung von Vorschriften zu gew\u00e4hrleisten und sensible Daten zu sch\u00fctzen.<\/li>\n<li>Cyberrisiken zu mindern und Ausfallzeiten zu reduzieren, indem wir ma\u00dfgeschneiderte Aktionspl\u00e4ne f\u00fcr schnelle und effektive Reaktionen entwickeln.Angriffe zu simulieren, um versteckte Schwachstellen aufzudecken und bestehende Systeme zu st\u00e4rken.<\/li>\n<li>Die Einhaltung von Vorschriften zu garantieren und Sicherheitsma\u00dfnahmen stets auf dem neuesten Stand zu halten.<\/li>\n<li>Sichere, ma\u00dfgeschneiderte Cybersecurity-Architekturen f\u00fcr IT\/OT-Systeme und Produkte zu implementieren.<\/li>\n<li>Die End-to-End-Cyberresilienz zu verbessern.<\/li>\n<\/ul>\n<p>[\/vc_column_text][vc_column_text css=&#8220;.vc_custom_1722436951419{margin-bottom: 0px !important;padding-bottom: 0px !important;}&#8220; h2_style=&#8220;h2Big&#8220;]<\/p>\n<h2>Unser Angebot<\/h2>\n<p>[\/vc_column_text][\/vc_column][\/vc_row][vc_row][vc_column]<div class=\"conteneurSolutionService conteneurSolutionServiceCybersecurity\">\n<h2>St\u00e4rken Sie Ihre Cyberresilienz<\/h2><div class=\"listeSolutionService\">\n    <div class=\"headerListeSolutionService\">\n                    <\/div>\n<div class=\"blocsSolutionService\"><div class=\"blocSolutionService blocSolutionServiceURL\">\n    <div>\n        <span>defensive Sicherheit<\/span>        <h4>Governance, Risiko und Compliance<\/h4>        <p>Wir helfen Ihnen dabei, die aktuelle Bedrohungslandschaft zu verstehen, Risiken zu antizipieren, bevor sie sich materialisieren, und sich \u00fcber die geltenden Vorschriften auf dem Laufenden zu halten.<\/p>    <\/div>\n            <div class=\"overlay\" onclick=\"document.location.href='https:\/\/www.protect.airbus.com\/de\/cybersecurity\/governance-risiko-compliance\/';\">\n            <span class=\"readMore\"><a href=\"https:\/\/www.protect.airbus.com\/de\/cybersecurity\/governance-risiko-compliance\/\" title=\"Governance, Risiko und Compliance\">Weiterlesen &gt;<\/a><\/span>\n        <\/div>\n        <\/div><div class=\"blocSolutionService blocSolutionServiceURL\">\n    <div>\n        <span>defensive Sicherheit<\/span>        <h4>Exportkontrolle und Datenschutz<\/h4>        <p>Wir unterst\u00fctzen Unternehmen bei der Entwicklung umfassender Prozesse f\u00fcr die Datenverwaltung und den Datenschutz, von der GDPR bis zur Exportkontrolle.<\/p>    <\/div>\n            <div class=\"overlay\" onclick=\"document.location.href='https:\/\/www.protect.airbus.com\/de\/cybersecurity\/exportkontrolle-datenschutz\/';\">\n            <span class=\"readMore\"><a href=\"https:\/\/www.protect.airbus.com\/de\/cybersecurity\/exportkontrolle-datenschutz\/\" title=\"Exportkontrolle und Datenschutz\">Weiterlesen &gt;<\/a><\/span>\n        <\/div>\n        <\/div><div class=\"blocSolutionService blocSolutionServiceURL\">\n    <div>\n        <span>defensive Sicherheit<\/span>        <h4>Architekturdesign und Integration<\/h4>        <p>Wir k\u00f6nnen Ihnen dabei helfen, eine sichere und ma\u00dfgeschneiderte Cybersicherheitsarchitektur f\u00fcr Ihre IT\/OT-Systeme und -Produkte aufzubauen.<\/p>    <\/div>\n            <div class=\"overlay\" onclick=\"document.location.href='https:\/\/www.protect.airbus.com\/de\/cybersecurity\/architekturdesign\/';\">\n            <span class=\"readMore\"><a href=\"https:\/\/www.protect.airbus.com\/de\/cybersecurity\/architekturdesign\/\" title=\"Architekturdesign und Integration\">Weiterlesen &gt;<\/a><\/span>\n        <\/div>\n        <\/div><div class=\"blocSolutionService blocSolutionServiceURL\">\n    <div>\n        <span>offensive Sicherheit<\/span>        <h4>Pentesting<\/h4>        <p>Wir helfen Ihnen, verborgene Schwachstellen aufzudecken und potenzielle Systemausnutzungen zu verstehen. Enth\u00fcllen Sie die Cyber-Reife Ihrer Organisation mithilfe unserer Pentesting-Dienste.<\/p>    <\/div>\n            <div class=\"overlay\" onclick=\"document.location.href='https:\/\/www.protect.airbus.com\/de\/cybersecurity\/pentesting-schwachstellenbewertung\/';\">\n            <span class=\"readMore\"><a href=\"https:\/\/www.protect.airbus.com\/de\/cybersecurity\/pentesting-schwachstellenbewertung\/\" title=\"Pentesting\">Weiterlesen &gt;<\/a><\/span>\n        <\/div>\n        <\/div><div class=\"blocSolutionService blocSolutionServiceURL\">\n    <div>\n        <span>offensive Sicherheit<\/span>        <h4>Red Teaming<\/h4>        <p>Wir werden die Cyberabwehr Ihrer Organisation testen, indem wir Angriffe auf kritische Schwachstellen (Menschen, Prozesse und Technologien) simulieren.<\/p>    <\/div>\n            <div class=\"overlay\" onclick=\"document.location.href='https:\/\/www.protect.airbus.com\/de\/cybersecurity\/red-teaming\/';\">\n            <span class=\"readMore\"><a href=\"https:\/\/www.protect.airbus.com\/de\/cybersecurity\/red-teaming\/\" title=\"Red Teaming\">Weiterlesen &gt;<\/a><\/span>\n        <\/div>\n        <\/div><div class=\"blocSolutionService blocSolutionServiceURL\">\n    <div>\n        <span>transversale Sicherheit<\/span>        <h4>Purple teaming<\/h4>        <p>Wir verst\u00e4rken Ihre Sicherheitslage mit Purple-Team-\u00dcbungen, bei denen die St\u00e4rken von roten und blauen Teams zusammengef\u00fchrt werden, um eine unaufhaltsame Kraft f\u00fcr den Schutz zu schaffen.<\/p>    <\/div>\n            <div class=\"overlay\" onclick=\"document.location.href='https:\/\/www.protect.airbus.com\/de\/cybersecurity\/purple-teaming\/';\">\n            <span class=\"readMore\"><a href=\"https:\/\/www.protect.airbus.com\/de\/cybersecurity\/purple-teaming\/\" title=\"Purple teaming\">Weiterlesen &gt;<\/a><\/span>\n        <\/div>\n        <\/div><div class=\"blocSolutionService blocSolutionServiceURL\">\n    <div>\n        <span>transversale Sicherheit<\/span>        <h4>Part-IS Verordnungen<\/h4>        <p>Unsere Sicherheitsexperten arbeiten Hand in Hand mit Ihnen, um Part-IS zu implementieren und Sie dabei zu unterst\u00fctzen, die n\u00e4chste Stufe zu erreichen: \u00fcber die Einhaltung von Vorschriften hinaus.<\/p>    <\/div>\n            <div class=\"overlay\" onclick=\"document.location.href='https:\/\/www.protect.airbus.com\/de\/cybersecurity\/part-is\/';\">\n            <span class=\"readMore\"><a href=\"https:\/\/www.protect.airbus.com\/de\/cybersecurity\/part-is\/\" title=\"Part-IS Verordnungen\">Weiterlesen &gt;<\/a><\/span>\n        <\/div>\n        <\/div><div class=\"blocSolutionService blocSolutionServiceURL\">\n    <div>\n        <span>transversale Sicherheit<\/span>        <h4>Die NIS2-Richtlinie<\/h4>        <p>Unsere Experten verwenden sorgf\u00e4ltige Methoden und Frameworks, die auf Ihre Bed\u00fcrfnisse zugeschnitten sind.<\/p>    <\/div>\n            <div class=\"overlay\" onclick=\"document.location.href='https:\/\/www.protect.airbus.com\/de\/cybersecurity\/nis2-richtlinie\/';\">\n            <span class=\"readMore\"><a href=\"https:\/\/www.protect.airbus.com\/de\/cybersecurity\/nis2-richtlinie\/\" title=\"Die NIS2-Richtlinie\">Weiterlesen &gt;<\/a><\/span>\n        <\/div>\n        <\/div><div class=\"blocSolutionService blocSolutionServiceURL\">\n    <div>\n        <span>offensive Sicherheit<\/span>        <h4>Simulation und Schulung<\/h4>        <p>Wir k\u00f6nnen Ihnen helfen, mit Simulations- und Schulungs\u00fcbungen zu testen, wie gut Ihre Organisation auf einen Cyberangriff vorbereitet ist.<\/p>    <\/div>\n            <div class=\"overlay\" onclick=\"document.location.href='https:\/\/www.protect.airbus.com\/de\/cybersecurity\/simulation-schulung\/';\">\n            <span class=\"readMore\"><a href=\"https:\/\/www.protect.airbus.com\/de\/cybersecurity\/simulation-schulung\/\" title=\"Simulation und Schulung\">Weiterlesen &gt;<\/a><\/span>\n        <\/div>\n        <\/div><\/div>\n    <\/div><\/div><div class=\"ancreDeDestination\" data-ancre-destination=\"form-contact-de\" id=\"form-contact-de\"><\/div>[vc_raw_html css=&#8220;&#8220;]JTNDaWZyYW1lJTIwd2lkdGglM0QlMjIxNTAwJTIyJTIwaGVpZ2h0JTNEJTIyMTMwMCUyMiUyMHNyYyUzRCUyMmh0dHBzJTNBJTJGJTJGMmU0OTIzMzMuc2liZm9ybXMuY29tJTJGc2VydmUlMkZNVUlGQU1IQjJLa2hZQXhOOVNCWGQ2bnhzaFZ3UFJfUGxKVFB3Zkh3b3dseWpKallKNzJJbzdyam05a0pITVBRRF9ZVE1IeU9RQVlVR0xBa2ZFdGFEY2JtWFh6Q2tLbTdOU0JQaWd2UmpjemtmLUtFQnNkSWhySEVCMEZzUVh2U1BETVRIMzVEamstMXFKUEE4S1pVTVc0eXgwTk5feU5VWVV3NEd2VVN1SFRMdGNCVnNrN2wyZC1wME5hbURhV0wwQ3Yzc2ZLSkwwUjM4aUozJTIyJTIwZnJhbWVib3JkZXIlM0QlMjIwJTIyJTIwc2Nyb2xsaW5nJTNEJTIyYXV0byUyMiUyMGFsbG93ZnVsbHNjcmVlbiUyMHN0eWxlJTNEJTIyZGlzcGxheSUzQSUyMGJsb2NrJTNCbWFyZ2luLWxlZnQlM0ElMjBhdXRvJTNCbWFyZ2luLXJpZ2h0JTNBJTIwYXV0byUzQm1heC13aWR0aCUzQSUyMDEwMCUyNSUzQiUyMiUzRSUzQyUyRmlmcmFtZSUzRQ==[\/vc_raw_html][\/vc_column][\/vc_row]<\/p>\n<\/div>","protected":false},"excerpt":{"rendered":"<p>[vc_row][vc_column][vc_column_text css=&#8220;.vc_custom_1730908075327{margin-bottom: 0px !important;padding-bottom: 0px !important;}&#8220; h2_style=&#8220;h2Big&#8220; p_style=&#8220;pChapeau&#8220;]Unsere Experten unterst\u00fctzen Sie dabei, ein Governance-Modell zu definieren und Ihre Sicherheitslage zu verbessern.[\/vc_column_text][vc_column_text css=&#8220;&#8220; p_style=&#8220;pHighlight&#8220;]Die Digitalisierung f\u00fchrt zu einer gr\u00f6\u00dferen Gef\u00e4hrdung durch Cyberbedrohungen. Angreifer sind st\u00e4ndig auf der Jagd nach den schw\u00e4chsten Gliedern in den Lieferketten. Entscheidungstr\u00e4ger m\u00fcssen darauf achten, Cyberrisiken in jeder Phase der Wertsch\u00f6pfungskette, einschlie\u00dflich [&hellip;]<\/p>\n","protected":false},"author":4,"featured_media":3837,"parent":6950,"menu_order":0,"comment_status":"closed","ping_status":"closed","template":"","meta":{"_acf_changed":false,"content-type":"","_relevanssi_hide_post":"","_relevanssi_hide_content":"","_relevanssi_pin_for_all":"","_relevanssi_pin_keywords":"","_relevanssi_unpin_keywords":"","_relevanssi_related_keywords":"","_relevanssi_related_include_ids":"","_relevanssi_related_exclude_ids":"","_relevanssi_related_no_append":"","_relevanssi_related_not_related":"","_relevanssi_related_posts":"","_relevanssi_noindex_reason":"Yoast SEO Exclusion de l\u2019index de Relevanssi","footnotes":""},"class_list":["post-32900","page","type-page","status-publish","has-post-thumbnail","hentry"],"acf":[],"yoast_head":"<!-- This site is optimized with the Yoast SEO Premium plugin v27.2 (Yoast SEO v27.2) - https:\/\/yoast.com\/product\/yoast-seo-premium-wordpress\/ -->\n<title>Beratungsdienste Cybersicherheit<\/title>\n<meta name=\"description\" content=\"Wir helfen Ihnen, Ihre Organisation mit unseren umfassenden Beratungsdiensten f\u00fcr Cybersicherheit vor Cyberbedrohungen zu sch\u00fctzen.\" \/>\n<meta name=\"robots\" content=\"noindex, nofollow\" \/>\n<meta property=\"og:locale\" content=\"de_DE\" \/>\n<meta property=\"og:type\" content=\"article\" \/>\n<meta property=\"og:title\" content=\"Beratungsdienste im Bereich Cybersicherheit\" \/>\n<meta property=\"og:description\" content=\"Wir helfen Ihnen, Ihre Organisation mit unseren umfassenden Beratungsdiensten f\u00fcr Cybersicherheit vor Cyberbedrohungen zu sch\u00fctzen.\" \/>\n<meta property=\"og:url\" content=\"https:\/\/www.protect.airbus.com\/de\/cybersecurity\/beratungsdienste-im-bereich-cybersicherheit-ppc\/\" \/>\n<meta property=\"og:site_name\" content=\"Airbus Protect\" \/>\n<meta property=\"article:modified_time\" content=\"2025-08-05T12:22:12+00:00\" \/>\n<meta property=\"og:image\" content=\"https:\/\/www.protect.airbus.com\/wp-content\/uploads\/2022\/06\/header-sustainability-sous-page.jpg\" \/>\n\t<meta property=\"og:image:width\" content=\"1920\" \/>\n\t<meta property=\"og:image:height\" content=\"358\" \/>\n\t<meta property=\"og:image:type\" content=\"image\/jpeg\" \/>\n<meta name=\"twitter:card\" content=\"summary_large_image\" \/>\n<meta name=\"twitter:label1\" content=\"Gesch\u00e4tzte Lesezeit\" \/>\n\t<meta name=\"twitter:data1\" content=\"4\u00a0Minuten\" \/>\n<script type=\"application\/ld+json\" class=\"yoast-schema-graph\">{\"@context\":\"https:\/\/schema.org\",\"@graph\":[{\"@type\":\"WebPage\",\"@id\":\"https:\/\/www.protect.airbus.com\/de\/cybersecurity\/beratungsdienste-im-bereich-cybersicherheit-ppc\/\",\"url\":\"https:\/\/www.protect.airbus.com\/de\/cybersecurity\/beratungsdienste-im-bereich-cybersicherheit-ppc\/\",\"name\":\"Beratungsdienste Cybersicherheit\",\"isPartOf\":{\"@id\":\"https:\/\/www.protect.airbus.com\/de\/#website\"},\"primaryImageOfPage\":{\"@id\":\"https:\/\/www.protect.airbus.com\/de\/cybersecurity\/beratungsdienste-im-bereich-cybersicherheit-ppc\/#primaryimage\"},\"image\":{\"@id\":\"https:\/\/www.protect.airbus.com\/de\/cybersecurity\/beratungsdienste-im-bereich-cybersicherheit-ppc\/#primaryimage\"},\"thumbnailUrl\":\"https:\/\/www.protect.airbus.com\/wp-content\/uploads\/2022\/06\/header-sustainability-sous-page.jpg\",\"datePublished\":\"2025-07-01T13:08:12+00:00\",\"dateModified\":\"2025-08-05T12:22:12+00:00\",\"description\":\"Wir helfen Ihnen, Ihre Organisation mit unseren umfassenden Beratungsdiensten f\u00fcr Cybersicherheit vor Cyberbedrohungen zu sch\u00fctzen.\",\"breadcrumb\":{\"@id\":\"https:\/\/www.protect.airbus.com\/de\/cybersecurity\/beratungsdienste-im-bereich-cybersicherheit-ppc\/#breadcrumb\"},\"inLanguage\":\"de\",\"potentialAction\":[{\"@type\":\"ReadAction\",\"target\":[\"https:\/\/www.protect.airbus.com\/de\/cybersecurity\/beratungsdienste-im-bereich-cybersicherheit-ppc\/\"]}]},{\"@type\":\"ImageObject\",\"inLanguage\":\"de\",\"@id\":\"https:\/\/www.protect.airbus.com\/de\/cybersecurity\/beratungsdienste-im-bereich-cybersicherheit-ppc\/#primaryimage\",\"url\":\"https:\/\/www.protect.airbus.com\/wp-content\/uploads\/2022\/06\/header-sustainability-sous-page.jpg\",\"contentUrl\":\"https:\/\/www.protect.airbus.com\/wp-content\/uploads\/2022\/06\/header-sustainability-sous-page.jpg\",\"width\":1920,\"height\":358},{\"@type\":\"BreadcrumbList\",\"@id\":\"https:\/\/www.protect.airbus.com\/de\/cybersecurity\/beratungsdienste-im-bereich-cybersicherheit-ppc\/#breadcrumb\",\"itemListElement\":[{\"@type\":\"ListItem\",\"position\":1,\"name\":\"Home\",\"item\":\"https:\/\/www.protect.airbus.com\/de\/\"},{\"@type\":\"ListItem\",\"position\":2,\"name\":\"Cybersecurity\",\"item\":\"https:\/\/www.protect.airbus.com\/de\/cybersecurity\/\"},{\"@type\":\"ListItem\",\"position\":3,\"name\":\"Beratungsdienste im Bereich Cybersicherheit\"}]},{\"@type\":\"WebSite\",\"@id\":\"https:\/\/www.protect.airbus.com\/de\/#website\",\"url\":\"https:\/\/www.protect.airbus.com\/de\/\",\"name\":\"Airbus Protect\",\"description\":\"\",\"publisher\":{\"@id\":\"https:\/\/www.protect.airbus.com\/de\/#organization\"},\"potentialAction\":[{\"@type\":\"SearchAction\",\"target\":{\"@type\":\"EntryPoint\",\"urlTemplate\":\"https:\/\/www.protect.airbus.com\/de\/?s={search_term_string}\"},\"query-input\":{\"@type\":\"PropertyValueSpecification\",\"valueRequired\":true,\"valueName\":\"search_term_string\"}}],\"inLanguage\":\"de\"},{\"@type\":\"Organization\",\"@id\":\"https:\/\/www.protect.airbus.com\/de\/#organization\",\"name\":\"Airbus Protect\",\"url\":\"https:\/\/www.protect.airbus.com\/de\/\",\"logo\":{\"@type\":\"ImageObject\",\"inLanguage\":\"de\",\"@id\":\"https:\/\/www.protect.airbus.com\/de\/#\/schema\/logo\/image\/\",\"url\":\"https:\/\/www.protect.airbus.com\/wp-content\/uploads\/2023\/05\/logo-airbus-protect-696-696.png\",\"contentUrl\":\"https:\/\/www.protect.airbus.com\/wp-content\/uploads\/2023\/05\/logo-airbus-protect-696-696.png\",\"width\":696,\"height\":696,\"caption\":\"Airbus Protect\"},\"image\":{\"@id\":\"https:\/\/www.protect.airbus.com\/de\/#\/schema\/logo\/image\/\"},\"sameAs\":[\"https:\/\/www.linkedin.com\/company\/airbus-protect\/\",\"https:\/\/www.youtube.com\/@airbusprotect7483\"],\"contactPoint\":{\"@type\":\"ContactPoint\",\"email\":\"protect@airbus.com\",\"contactType\":\"customer service\",\"areaServed\":[\"GB\",\"FR\",\"ES\",\"DE\",\"BE\",\"CH\",\"PT\",\"DK\",\"AT\"],\"availableLanguage\":[\"en\",\"fr\",\"de\"]}}]}<\/script>\n<!-- \/ Yoast SEO Premium plugin. -->","yoast_head_json":{"title":"Beratungsdienste Cybersicherheit","description":"Wir helfen Ihnen, Ihre Organisation mit unseren umfassenden Beratungsdiensten f\u00fcr Cybersicherheit vor Cyberbedrohungen zu sch\u00fctzen.","robots":{"index":"noindex","follow":"nofollow"},"og_locale":"de_DE","og_type":"article","og_title":"Beratungsdienste im Bereich Cybersicherheit","og_description":"Wir helfen Ihnen, Ihre Organisation mit unseren umfassenden Beratungsdiensten f\u00fcr Cybersicherheit vor Cyberbedrohungen zu sch\u00fctzen.","og_url":"https:\/\/www.protect.airbus.com\/de\/cybersecurity\/beratungsdienste-im-bereich-cybersicherheit-ppc\/","og_site_name":"Airbus Protect","article_modified_time":"2025-08-05T12:22:12+00:00","og_image":[{"width":1920,"height":358,"url":"https:\/\/www.protect.airbus.com\/wp-content\/uploads\/2022\/06\/header-sustainability-sous-page.jpg","type":"image\/jpeg"}],"twitter_card":"summary_large_image","twitter_misc":{"Gesch\u00e4tzte Lesezeit":"4\u00a0Minuten"},"schema":{"@context":"https:\/\/schema.org","@graph":[{"@type":"WebPage","@id":"https:\/\/www.protect.airbus.com\/de\/cybersecurity\/beratungsdienste-im-bereich-cybersicherheit-ppc\/","url":"https:\/\/www.protect.airbus.com\/de\/cybersecurity\/beratungsdienste-im-bereich-cybersicherheit-ppc\/","name":"Beratungsdienste Cybersicherheit","isPartOf":{"@id":"https:\/\/www.protect.airbus.com\/de\/#website"},"primaryImageOfPage":{"@id":"https:\/\/www.protect.airbus.com\/de\/cybersecurity\/beratungsdienste-im-bereich-cybersicherheit-ppc\/#primaryimage"},"image":{"@id":"https:\/\/www.protect.airbus.com\/de\/cybersecurity\/beratungsdienste-im-bereich-cybersicherheit-ppc\/#primaryimage"},"thumbnailUrl":"https:\/\/www.protect.airbus.com\/wp-content\/uploads\/2022\/06\/header-sustainability-sous-page.jpg","datePublished":"2025-07-01T13:08:12+00:00","dateModified":"2025-08-05T12:22:12+00:00","description":"Wir helfen Ihnen, Ihre Organisation mit unseren umfassenden Beratungsdiensten f\u00fcr Cybersicherheit vor Cyberbedrohungen zu sch\u00fctzen.","breadcrumb":{"@id":"https:\/\/www.protect.airbus.com\/de\/cybersecurity\/beratungsdienste-im-bereich-cybersicherheit-ppc\/#breadcrumb"},"inLanguage":"de","potentialAction":[{"@type":"ReadAction","target":["https:\/\/www.protect.airbus.com\/de\/cybersecurity\/beratungsdienste-im-bereich-cybersicherheit-ppc\/"]}]},{"@type":"ImageObject","inLanguage":"de","@id":"https:\/\/www.protect.airbus.com\/de\/cybersecurity\/beratungsdienste-im-bereich-cybersicherheit-ppc\/#primaryimage","url":"https:\/\/www.protect.airbus.com\/wp-content\/uploads\/2022\/06\/header-sustainability-sous-page.jpg","contentUrl":"https:\/\/www.protect.airbus.com\/wp-content\/uploads\/2022\/06\/header-sustainability-sous-page.jpg","width":1920,"height":358},{"@type":"BreadcrumbList","@id":"https:\/\/www.protect.airbus.com\/de\/cybersecurity\/beratungsdienste-im-bereich-cybersicherheit-ppc\/#breadcrumb","itemListElement":[{"@type":"ListItem","position":1,"name":"Home","item":"https:\/\/www.protect.airbus.com\/de\/"},{"@type":"ListItem","position":2,"name":"Cybersecurity","item":"https:\/\/www.protect.airbus.com\/de\/cybersecurity\/"},{"@type":"ListItem","position":3,"name":"Beratungsdienste im Bereich Cybersicherheit"}]},{"@type":"WebSite","@id":"https:\/\/www.protect.airbus.com\/de\/#website","url":"https:\/\/www.protect.airbus.com\/de\/","name":"Airbus Protect","description":"","publisher":{"@id":"https:\/\/www.protect.airbus.com\/de\/#organization"},"potentialAction":[{"@type":"SearchAction","target":{"@type":"EntryPoint","urlTemplate":"https:\/\/www.protect.airbus.com\/de\/?s={search_term_string}"},"query-input":{"@type":"PropertyValueSpecification","valueRequired":true,"valueName":"search_term_string"}}],"inLanguage":"de"},{"@type":"Organization","@id":"https:\/\/www.protect.airbus.com\/de\/#organization","name":"Airbus Protect","url":"https:\/\/www.protect.airbus.com\/de\/","logo":{"@type":"ImageObject","inLanguage":"de","@id":"https:\/\/www.protect.airbus.com\/de\/#\/schema\/logo\/image\/","url":"https:\/\/www.protect.airbus.com\/wp-content\/uploads\/2023\/05\/logo-airbus-protect-696-696.png","contentUrl":"https:\/\/www.protect.airbus.com\/wp-content\/uploads\/2023\/05\/logo-airbus-protect-696-696.png","width":696,"height":696,"caption":"Airbus Protect"},"image":{"@id":"https:\/\/www.protect.airbus.com\/de\/#\/schema\/logo\/image\/"},"sameAs":["https:\/\/www.linkedin.com\/company\/airbus-protect\/","https:\/\/www.youtube.com\/@airbusprotect7483"],"contactPoint":{"@type":"ContactPoint","email":"protect@airbus.com","contactType":"customer service","areaServed":["GB","FR","ES","DE","BE","CH","PT","DK","AT"],"availableLanguage":["en","fr","de"]}}]}},"_links":{"self":[{"href":"https:\/\/www.protect.airbus.com\/de\/wp-json\/wp\/v2\/pages\/32900","targetHints":{"allow":["GET"]}}],"collection":[{"href":"https:\/\/www.protect.airbus.com\/de\/wp-json\/wp\/v2\/pages"}],"about":[{"href":"https:\/\/www.protect.airbus.com\/de\/wp-json\/wp\/v2\/types\/page"}],"author":[{"embeddable":true,"href":"https:\/\/www.protect.airbus.com\/de\/wp-json\/wp\/v2\/users\/4"}],"replies":[{"embeddable":true,"href":"https:\/\/www.protect.airbus.com\/de\/wp-json\/wp\/v2\/comments?post=32900"}],"version-history":[{"count":8,"href":"https:\/\/www.protect.airbus.com\/de\/wp-json\/wp\/v2\/pages\/32900\/revisions"}],"predecessor-version":[{"id":32912,"href":"https:\/\/www.protect.airbus.com\/de\/wp-json\/wp\/v2\/pages\/32900\/revisions\/32912"}],"up":[{"embeddable":true,"href":"https:\/\/www.protect.airbus.com\/de\/wp-json\/wp\/v2\/pages\/6950"}],"wp:featuredmedia":[{"embeddable":true,"href":"https:\/\/www.protect.airbus.com\/de\/wp-json\/wp\/v2\/media\/3837"}],"wp:attachment":[{"href":"https:\/\/www.protect.airbus.com\/de\/wp-json\/wp\/v2\/media?parent=32900"}],"curies":[{"name":"wp","href":"https:\/\/api.w.org\/{rel}","templated":true}]}}