{"id":32883,"date":"2025-07-01T12:56:39","date_gmt":"2025-07-01T10:56:39","guid":{"rendered":"https:\/\/www.protect.airbus.com\/?page_id=32883"},"modified":"2026-04-01T16:35:38","modified_gmt":"2026-04-01T14:35:38","slug":"governance-risiko-und-compliance-ppc","status":"publish","type":"page","link":"https:\/\/www.protect.airbus.com\/de\/cybersecurity\/governance-risiko-und-compliance-ppc\/","title":{"rendered":"Governance, Risiko und Compliance"},"content":{"rendered":"<div class=\"wpb-content-wrapper\"><p>[vc_row][vc_column][vc_column_text css=&#8220;.vc_custom_1690988776657{margin-bottom: 0px !important;padding-bottom: 0px !important;}&#8220; h2_style=&#8220;h2Big&#8220;]<\/p>\n<h2>Kennen Sie Ihre Risiken und seien Sie bereit zu handeln<\/h2>\n<p>[\/vc_column_text][vc_column_text p_style=&#8220;pBig&#8220;]<span style=\"font-weight: 400;\">W\u00e4hrend Unternehmen von den Vorteilen der Digitalisierung und der Hyperkonnektivit\u00e4t profitieren, m\u00fcssen sie sich auch mit einer immer komplexeren, schnelllebigen Cyber-Bedrohungslandschaft auseinandersetzen. Dies erfordert ein engagiertes Cybersecurity Team und eine ganzheitliche Strategie mit einer entsprechenden Governance.<\/span>[\/vc_column_text][vc_column_text css=&#8220;.vc_custom_1690988800400{margin-bottom: 0px !important;padding-bottom: 0px !important;}&#8220; h2_style=&#8220;h2Big&#8220;]<\/p>\n<h3>Wir sind Wegbereiter<\/h3>\n<p>[\/vc_column_text][vc_column_text p_style=&#8220;pHighlight&#8220;]Dank jahrzehntelanger Erfahrung und einer innovativen Denkweise bietet Airbus Protect eine Reihe von Dienstleistungen an, die Ihnen helfen, Ihre aktuelle Bedrohungslandschaft zu verstehen, Risiken zu antizipieren, bevor sie eintreten, und mit den geltenden Vorschriften Schritt zu halten.<\/p>\n<p>Unser Ziel ist es, die Cyberresilienz Ihres Unternehmens zu erh\u00f6hen und zu gew\u00e4hrleisten, dass Sie auch angesichts der komplexesten Bedrohungen regelkonform bleiben. Wir unterst\u00fctzen Sie bei der Entwicklung Ihrer Cybersecurity-Governance-Strategie und gew\u00e4hrleisten die Gesch\u00e4ftskontinuit\u00e4t, wenn eine kritische Situation eintritt.[\/vc_column_text][vc_gallery type=&#8220;image_grid&#8220; images=&#8220;11761&#8243; img_size=&#8220;full&#8220; css=&#8220;&#8220;][vc_column_text css=&#8220;.vc_custom_1690988883095{margin-bottom: 0px !important;padding-bottom: 0px !important;}&#8220; h2_style=&#8220;h2Big&#8220;]<\/p>\n<h3>Warum Airbus Protect?<\/h3>\n<p>[\/vc_column_text][vc_column_text css=&#8220;&#8220; p_style=&#8220;pHighlight&#8220;]Wir k\u00f6nnen Sie dabei unterst\u00fctzen, die Governance und das Management der Cybersicherheit in Ihrem gesamten Unternehmen voranzutreiben, indem wir die folgenden Bereiche abdecken:<\/p>\n<ul>\n<li><span style=\"font-weight: 400;\">Bevor sich Ihr Unternehmen auf eine Cyber-Governance-Strategie oder ein bestimmtes Produktdesign festlegt, werden unsere Expertenteams Ihre industriellen Systeme, kritischen Infrastrukturen oder Ihr Produktdesign umfassend bewerten.<\/span><\/li>\n<li>Wir unterst\u00fctzen unsere Kunden erfolgreich dabei, internationale und branchenspezifische Cybersicherheitsvorgaben rechtssicher umzusetzen. Ob\u00a0<b>GDPR (DSGVO), ISO 27001, NIS2<\/b>\u00a0oder weitere regulatorische Anforderungen, wir gew\u00e4hrleisten Ihre Compliance.<\/li>\n<li>\n<div>Unsere erfahrenen Berater f\u00fchren fundierte\u00a0<b>Datenschutz-<wbr \/>Folgenabsch\u00e4tzungen<\/b>\u00a0sowie\u00a0<b>Compliance-Audits<\/b>\u00a0durch. Unser Leistungsspektrum umfasst dabei die\u00a0<b>Asset-Identifikation<\/b>, detaillierte Risikobewertungen, Gap-Analysen und die Steuerung notwendiger Abhilfema\u00dfnahmen.<\/div>\n<\/li>\n<\/ul>\n<p>[\/vc_column_text][vc_column_text css=&#8220;.vc_custom_1690989025359{margin-bottom: 0px !important;padding-bottom: 0px !important;}&#8220; h2_style=&#8220;h2Big&#8220;]<\/p>\n<h3>Unser Angebot<\/h3>\n<p>[\/vc_column_text][vc_column_text css=&#8220;&#8220; p_style=&#8220;pHighlight&#8220;]Eine wirksame Cyber Governance h\u00e4ngt davon ab, dass Sie Ihre individuellen Bed\u00fcrfnisse und Schwachstellen genau verstehen. Daher erstellen unsere Expertinnen und Experten zun\u00e4chst eine Liste mit strategischen Empfehlungen, die nach Priorit\u00e4ten geordnet sind:<\/p>\n<ul>\n<li style=\"font-weight: 400;\" aria-level=\"1\"><span style=\"font-weight: 400;\">Bewertungen von Sicherheitsaudits der Lieferkette<\/span><\/li>\n<li style=\"font-weight: 400;\" aria-level=\"1\"><span style=\"font-weight: 400;\">IT-Sicherheitsmanagement-Audits<\/span><\/li>\n<li style=\"font-weight: 400;\" aria-level=\"1\"><span style=\"font-weight: 400;\">\u00dcberpr\u00fcfung der OT-Sicherheitsreife<\/span><\/li>\n<li style=\"font-weight: 400;\" aria-level=\"1\"><span style=\"font-weight: 400;\">Risikobewertungen der OT-Sicherheit<\/span><\/li>\n<li style=\"font-weight: 400;\" aria-level=\"1\"><span style=\"font-weight: 400;\">Risikobewertungen zur Produktsicherheit<\/span><\/li>\n<\/ul>\n<p>Im Anschluss daran helfen wir Ihnen bei der Entwicklung einer individuellen Cyber-Governance-Strategie. Unsere erfahrenen Teams beraten Organisationen bei der Gestaltung von Richtlinien und Rahmenbedingungen sowie bei der Beratung zur Sicherheitspolitik und der Koordinierung von Sicherheitsma\u00dfnahmen. Dies beinhaltet:<\/p>\n<ul>\n<li style=\"font-weight: 400;\" aria-level=\"1\"><span style=\"font-weight: 400;\">Implementierung von Sicherheitsrichtlinien und Rahmenwerken<\/span><\/li>\n<li style=\"font-weight: 400;\" aria-level=\"1\"><span style=\"font-weight: 400;\">Unterst\u00fctzung bei der Erlangung einer akkreditierten Zertifizierung<\/span><\/li>\n<li style=\"font-weight: 400;\" aria-level=\"1\"><span style=\"font-weight: 400;\">Laufende \u00dcberpr\u00fcfung der Richtlinien und Audits, damit Ihre Richtlinien aktuell bleiben<\/span><\/li>\n<li style=\"font-weight: 400;\" aria-level=\"1\"><span style=\"font-weight: 400;\">\u00dcberwachung der Bedrohungslandschaft mit spezifischen Bedrohungsdaten als Grundlage f\u00fcr Ihre Governance-Strategie<\/span><\/li>\n<\/ul>\n<p>Sie m\u00f6chten Ihren Reifegrad im Bereich Cybersecurity beschleunigen? Wir k\u00f6nnen Ihnen helfen, in nur sechs Monaten eine robuste Cybersicherheitsstrategie durch einen CISO-Take-off aufzubauen. Unter der Leitung eines <b>Interim-CISO<\/b>\u00a0entwickelt ein spezialisiertes Team von Airbus Protect Consultants ein ma\u00dfgeschneidertes Framework f\u00fcr die\u00a0<b>Informationssicherheits-<wbr \/>Governance<\/b>\u00a0sowie eine strategische\u00a0<b>Cybersecurity-Roadmap<\/b>.<\/p>\n<p>Mit diesen fundierten Grundlagen werden Sie in der Lage sein:<\/p>\n<ul>\n<li style=\"font-weight: 400;\" aria-level=\"1\"><span style=\"font-weight: 400;\">Sicherheit in alle Projekte zu integrieren<\/span><\/li>\n<li style=\"font-weight: 400;\" aria-level=\"1\"><span style=\"font-weight: 400;\">Mitarbeitende zu schulen<\/span><\/li>\n<li style=\"font-weight: 400;\" aria-level=\"1\"><span style=\"font-weight: 400;\">Sicherzustellen, dass alle Sicherheitsrichtlinien durch Audit- und Kontrollprogramme angewendet werden<\/span><\/li>\n<\/ul>\n<p>&nbsp;<\/p>\n<h3><b>Sicher durch NIS2: Compliance f\u00fcr Ihr Unternehmen<\/b><\/h3>\n<p><span style=\"font-weight: 400;\">Die digitale Landschaft wandelt sich rasant, und mit ihr die Anforderungen an die Cybersicherheit. Die neue NIS2-Richtlinie der Europ\u00e4ischen Union ist eine entscheidende Antwort darauf. Sie erweitert die verpflichtenden Sicherheitsma\u00dfnahmen und Meldepflichten auf eine Vielzahl von Unternehmen, von denen viele bisher nicht betroffen waren.<\/span><\/p>\n<p><span style=\"font-weight: 400;\">F\u00fcr Unternehmen bedeutet dies, dass proaktives Handeln jetzt unerl\u00e4sslich ist. Unser erfahrenes Team bei Airbus Protect steht Ihnen in jeder Phase der NIS2-Implementierung zur Seite. Wir bieten Ihnen ma\u00dfgeschneiderte Unterst\u00fctzung zu allen relevanten Themen der Richtlinie, basierend auf sorgf\u00e4ltigen Methoden und bew\u00e4hrten Frameworks, die auf Ihre spezifischen Bed\u00fcrfnisse zugeschnitten sind.<\/span><\/p>\n<p><b>Ben\u00f6tigen Sie Unterst\u00fctzung, um die Anforderungen der NIS2-Richtlinie erfolgreich zu meistern und Ihre Compliance sicherzustellen?<\/b><span style=\"font-weight: 400;\"> Unsere Berater helfen Ihnen gerne weiter.<\/span>[\/vc_column_text]<div class=\"ancreDeDestination\" data-ancre-destination=\"form-governance-de\" id=\"form-governance-de\"><\/div>[vc_raw_html css=&#8220;&#8220;]JTNDaWZyYW1lJTIwd2lkdGglM0QlMjIxNTAwJTIyJTIwaGVpZ2h0JTNEJTIyMTMwMCUyMiUyMHNyYyUzRCUyMmh0dHBzJTNBJTJGJTJGMmU0OTIzMzMuc2liZm9ybXMuY29tJTJGc2VydmUlMkZNVUlGQU1IQjJLa2hZQXhOOVNCWGQ2bnhzaFZ3UFJfUGxKVFB3Zkh3b3dseWpKallKNzJJbzdyam05a0pITVBRRF9ZVE1IeU9RQVlVR0xBa2ZFdGFEY2JtWFh6Q2tLbTdOU0JQaWd2UmpjemtmLUtFQnNkSWhySEVCMEZzUVh2U1BETVRIMzVEamstMXFKUEE4S1pVTVc0eXgwTk5feU5VWVV3NEd2VVN1SFRMdGNCVnNrN2wyZC1wME5hbURhV0wwQ3Yzc2ZLSkwwUjM4aUozJTIyJTIwZnJhbWVib3JkZXIlM0QlMjIwJTIyJTIwc2Nyb2xsaW5nJTNEJTIyYXV0byUyMiUyMGFsbG93ZnVsbHNjcmVlbiUyMHN0eWxlJTNEJTIyZGlzcGxheSUzQSUyMGJsb2NrJTNCbWFyZ2luLWxlZnQlM0ElMjBhdXRvJTNCbWFyZ2luLXJpZ2h0JTNBJTIwYXV0byUzQm1heC13aWR0aCUzQSUyMDEwMCUyNSUzQiUyMiUzRSUzQyUyRmlmcmFtZSUzRQ==[\/vc_raw_html][\/vc_column][\/vc_row][vc_row][vc_column][\/vc_column][\/vc_row]<\/p>\n<\/div>","protected":false},"excerpt":{"rendered":"<p>[vc_row][vc_column][vc_column_text css=&#8220;.vc_custom_1690988776657{margin-bottom: 0px !important;padding-bottom: 0px !important;}&#8220; h2_style=&#8220;h2Big&#8220;] Kennen Sie Ihre Risiken und seien Sie bereit zu handeln [\/vc_column_text][vc_column_text p_style=&#8220;pBig&#8220;]W\u00e4hrend Unternehmen von den Vorteilen der Digitalisierung und der Hyperkonnektivit\u00e4t profitieren, m\u00fcssen sie sich auch mit einer immer komplexeren, schnelllebigen Cyber-Bedrohungslandschaft auseinandersetzen. Dies erfordert ein engagiertes Cybersecurity Team und eine ganzheitliche Strategie mit einer entsprechenden Governance.[\/vc_column_text][vc_column_text css=&#8220;.vc_custom_1690988800400{margin-bottom: [&hellip;]<\/p>\n","protected":false},"author":4,"featured_media":3837,"parent":6950,"menu_order":0,"comment_status":"closed","ping_status":"closed","template":"","meta":{"_acf_changed":false,"content-type":"","_relevanssi_hide_post":"","_relevanssi_hide_content":"","_relevanssi_pin_for_all":"","_relevanssi_pin_keywords":"","_relevanssi_unpin_keywords":"","_relevanssi_related_keywords":"","_relevanssi_related_include_ids":"","_relevanssi_related_exclude_ids":"","_relevanssi_related_no_append":"","_relevanssi_related_not_related":"","_relevanssi_related_posts":"","_relevanssi_noindex_reason":"","footnotes":""},"class_list":["post-32883","page","type-page","status-publish","has-post-thumbnail","hentry"],"acf":[],"yoast_head":"<!-- This site is optimized with the Yoast SEO Premium plugin v27.4 (Yoast SEO v27.4) - https:\/\/yoast.com\/product\/yoast-seo-premium-wordpress\/ -->\n<title>Cybersecurity: Governance, Risiko und Compliance | Airbus Protect<\/title>\n<meta name=\"description\" content=\"Airbus Protect unterst\u00fctzt seine Kunden dabei, Risiken zu verstehen und fundierte Entscheidungen im Bereich Cyber Governance zu treffen.\" \/>\n<meta name=\"robots\" content=\"index, nofollow, max-snippet:-1, max-image-preview:large, max-video-preview:-1\" \/>\n<link rel=\"canonical\" href=\"https:\/\/www.protect.airbus.com\/de\/cybersecurity\/governance-risiko-und-compliance-ppc\/\" \/>\n<meta property=\"og:locale\" content=\"de_DE\" \/>\n<meta property=\"og:type\" content=\"article\" \/>\n<meta property=\"og:title\" content=\"Governance, Risiko und Compliance\" \/>\n<meta property=\"og:description\" content=\"Airbus Protect unterst\u00fctzt seine Kunden dabei, Risiken zu verstehen und fundierte Entscheidungen im Bereich Cyber Governance zu treffen.\" \/>\n<meta property=\"og:url\" content=\"https:\/\/www.protect.airbus.com\/de\/cybersecurity\/governance-risiko-und-compliance-ppc\/\" \/>\n<meta property=\"og:site_name\" content=\"Airbus Protect\" \/>\n<meta property=\"article:modified_time\" content=\"2026-04-01T14:35:38+00:00\" \/>\n<meta property=\"og:image\" content=\"https:\/\/www.protect.airbus.com\/wp-content\/uploads\/2022\/06\/header-sustainability-sous-page.jpg\" \/>\n\t<meta property=\"og:image:width\" content=\"1920\" \/>\n\t<meta property=\"og:image:height\" content=\"358\" \/>\n\t<meta property=\"og:image:type\" content=\"image\/jpeg\" \/>\n<meta name=\"twitter:card\" content=\"summary_large_image\" \/>\n<meta name=\"twitter:label1\" content=\"Gesch\u00e4tzte Lesezeit\" \/>\n\t<meta name=\"twitter:data1\" content=\"3\u00a0Minuten\" \/>\n<script type=\"application\/ld+json\" class=\"yoast-schema-graph\">{\"@context\":\"https:\\\/\\\/schema.org\",\"@graph\":[{\"@type\":\"WebPage\",\"@id\":\"https:\\\/\\\/www.protect.airbus.com\\\/de\\\/cybersecurity\\\/governance-risiko-und-compliance-ppc\\\/\",\"url\":\"https:\\\/\\\/www.protect.airbus.com\\\/de\\\/cybersecurity\\\/governance-risiko-und-compliance-ppc\\\/\",\"name\":\"Cybersecurity: Governance, Risiko und Compliance | Airbus Protect\",\"isPartOf\":{\"@id\":\"https:\\\/\\\/www.protect.airbus.com\\\/de\\\/#website\"},\"primaryImageOfPage\":{\"@id\":\"https:\\\/\\\/www.protect.airbus.com\\\/de\\\/cybersecurity\\\/governance-risiko-und-compliance-ppc\\\/#primaryimage\"},\"image\":{\"@id\":\"https:\\\/\\\/www.protect.airbus.com\\\/de\\\/cybersecurity\\\/governance-risiko-und-compliance-ppc\\\/#primaryimage\"},\"thumbnailUrl\":\"https:\\\/\\\/www.protect.airbus.com\\\/wp-content\\\/uploads\\\/2022\\\/06\\\/header-sustainability-sous-page.jpg\",\"datePublished\":\"2025-07-01T10:56:39+00:00\",\"dateModified\":\"2026-04-01T14:35:38+00:00\",\"description\":\"Airbus Protect unterst\u00fctzt seine Kunden dabei, Risiken zu verstehen und fundierte Entscheidungen im Bereich Cyber Governance zu treffen.\",\"breadcrumb\":{\"@id\":\"https:\\\/\\\/www.protect.airbus.com\\\/de\\\/cybersecurity\\\/governance-risiko-und-compliance-ppc\\\/#breadcrumb\"},\"inLanguage\":\"de\",\"potentialAction\":[{\"@type\":\"ReadAction\",\"target\":[\"https:\\\/\\\/www.protect.airbus.com\\\/de\\\/cybersecurity\\\/governance-risiko-und-compliance-ppc\\\/\"]}]},{\"@type\":\"ImageObject\",\"inLanguage\":\"de\",\"@id\":\"https:\\\/\\\/www.protect.airbus.com\\\/de\\\/cybersecurity\\\/governance-risiko-und-compliance-ppc\\\/#primaryimage\",\"url\":\"https:\\\/\\\/www.protect.airbus.com\\\/wp-content\\\/uploads\\\/2022\\\/06\\\/header-sustainability-sous-page.jpg\",\"contentUrl\":\"https:\\\/\\\/www.protect.airbus.com\\\/wp-content\\\/uploads\\\/2022\\\/06\\\/header-sustainability-sous-page.jpg\",\"width\":1920,\"height\":358},{\"@type\":\"BreadcrumbList\",\"@id\":\"https:\\\/\\\/www.protect.airbus.com\\\/de\\\/cybersecurity\\\/governance-risiko-und-compliance-ppc\\\/#breadcrumb\",\"itemListElement\":[{\"@type\":\"ListItem\",\"position\":1,\"name\":\"Home\",\"item\":\"https:\\\/\\\/www.protect.airbus.com\\\/de\\\/\"},{\"@type\":\"ListItem\",\"position\":2,\"name\":\"Cybersecurity\",\"item\":\"https:\\\/\\\/www.protect.airbus.com\\\/de\\\/cybersecurity\\\/\"},{\"@type\":\"ListItem\",\"position\":3,\"name\":\"Governance, Risiko und Compliance\"}]},{\"@type\":\"WebSite\",\"@id\":\"https:\\\/\\\/www.protect.airbus.com\\\/de\\\/#website\",\"url\":\"https:\\\/\\\/www.protect.airbus.com\\\/de\\\/\",\"name\":\"Airbus Protect\",\"description\":\"\",\"publisher\":{\"@id\":\"https:\\\/\\\/www.protect.airbus.com\\\/de\\\/#organization\"},\"potentialAction\":[{\"@type\":\"SearchAction\",\"target\":{\"@type\":\"EntryPoint\",\"urlTemplate\":\"https:\\\/\\\/www.protect.airbus.com\\\/de\\\/?s={search_term_string}\"},\"query-input\":{\"@type\":\"PropertyValueSpecification\",\"valueRequired\":true,\"valueName\":\"search_term_string\"}}],\"inLanguage\":\"de\"},{\"@type\":\"Organization\",\"@id\":\"https:\\\/\\\/www.protect.airbus.com\\\/de\\\/#organization\",\"name\":\"Airbus Protect\",\"url\":\"https:\\\/\\\/www.protect.airbus.com\\\/de\\\/\",\"logo\":{\"@type\":\"ImageObject\",\"inLanguage\":\"de\",\"@id\":\"https:\\\/\\\/www.protect.airbus.com\\\/de\\\/#\\\/schema\\\/logo\\\/image\\\/\",\"url\":\"https:\\\/\\\/www.protect.airbus.com\\\/wp-content\\\/uploads\\\/2023\\\/05\\\/logo-airbus-protect-696-696.png\",\"contentUrl\":\"https:\\\/\\\/www.protect.airbus.com\\\/wp-content\\\/uploads\\\/2023\\\/05\\\/logo-airbus-protect-696-696.png\",\"width\":696,\"height\":696,\"caption\":\"Airbus Protect\"},\"image\":{\"@id\":\"https:\\\/\\\/www.protect.airbus.com\\\/de\\\/#\\\/schema\\\/logo\\\/image\\\/\"},\"sameAs\":[\"https:\\\/\\\/www.linkedin.com\\\/company\\\/airbus-protect\\\/\",\"https:\\\/\\\/www.youtube.com\\\/@airbusprotect7483\"],\"contactPoint\":{\"@type\":\"ContactPoint\",\"email\":\"protect@airbus.com\",\"contactType\":\"customer service\",\"areaServed\":[\"GB\",\"FR\",\"ES\",\"DE\",\"BE\",\"CH\",\"PT\",\"DK\",\"AT\"],\"availableLanguage\":[\"en\",\"fr\",\"de\"]}}]}<\/script>\n<!-- \/ Yoast SEO Premium plugin. -->","yoast_head_json":{"title":"Cybersecurity: Governance, Risiko und Compliance | Airbus Protect","description":"Airbus Protect unterst\u00fctzt seine Kunden dabei, Risiken zu verstehen und fundierte Entscheidungen im Bereich Cyber Governance zu treffen.","robots":{"index":"index","follow":"nofollow","max-snippet":"max-snippet:-1","max-image-preview":"max-image-preview:large","max-video-preview":"max-video-preview:-1"},"canonical":"https:\/\/www.protect.airbus.com\/de\/cybersecurity\/governance-risiko-und-compliance-ppc\/","og_locale":"de_DE","og_type":"article","og_title":"Governance, Risiko und Compliance","og_description":"Airbus Protect unterst\u00fctzt seine Kunden dabei, Risiken zu verstehen und fundierte Entscheidungen im Bereich Cyber Governance zu treffen.","og_url":"https:\/\/www.protect.airbus.com\/de\/cybersecurity\/governance-risiko-und-compliance-ppc\/","og_site_name":"Airbus Protect","article_modified_time":"2026-04-01T14:35:38+00:00","og_image":[{"width":1920,"height":358,"url":"https:\/\/www.protect.airbus.com\/wp-content\/uploads\/2022\/06\/header-sustainability-sous-page.jpg","type":"image\/jpeg"}],"twitter_card":"summary_large_image","twitter_misc":{"Gesch\u00e4tzte Lesezeit":"3\u00a0Minuten"},"schema":{"@context":"https:\/\/schema.org","@graph":[{"@type":"WebPage","@id":"https:\/\/www.protect.airbus.com\/de\/cybersecurity\/governance-risiko-und-compliance-ppc\/","url":"https:\/\/www.protect.airbus.com\/de\/cybersecurity\/governance-risiko-und-compliance-ppc\/","name":"Cybersecurity: Governance, Risiko und Compliance | Airbus Protect","isPartOf":{"@id":"https:\/\/www.protect.airbus.com\/de\/#website"},"primaryImageOfPage":{"@id":"https:\/\/www.protect.airbus.com\/de\/cybersecurity\/governance-risiko-und-compliance-ppc\/#primaryimage"},"image":{"@id":"https:\/\/www.protect.airbus.com\/de\/cybersecurity\/governance-risiko-und-compliance-ppc\/#primaryimage"},"thumbnailUrl":"https:\/\/www.protect.airbus.com\/wp-content\/uploads\/2022\/06\/header-sustainability-sous-page.jpg","datePublished":"2025-07-01T10:56:39+00:00","dateModified":"2026-04-01T14:35:38+00:00","description":"Airbus Protect unterst\u00fctzt seine Kunden dabei, Risiken zu verstehen und fundierte Entscheidungen im Bereich Cyber Governance zu treffen.","breadcrumb":{"@id":"https:\/\/www.protect.airbus.com\/de\/cybersecurity\/governance-risiko-und-compliance-ppc\/#breadcrumb"},"inLanguage":"de","potentialAction":[{"@type":"ReadAction","target":["https:\/\/www.protect.airbus.com\/de\/cybersecurity\/governance-risiko-und-compliance-ppc\/"]}]},{"@type":"ImageObject","inLanguage":"de","@id":"https:\/\/www.protect.airbus.com\/de\/cybersecurity\/governance-risiko-und-compliance-ppc\/#primaryimage","url":"https:\/\/www.protect.airbus.com\/wp-content\/uploads\/2022\/06\/header-sustainability-sous-page.jpg","contentUrl":"https:\/\/www.protect.airbus.com\/wp-content\/uploads\/2022\/06\/header-sustainability-sous-page.jpg","width":1920,"height":358},{"@type":"BreadcrumbList","@id":"https:\/\/www.protect.airbus.com\/de\/cybersecurity\/governance-risiko-und-compliance-ppc\/#breadcrumb","itemListElement":[{"@type":"ListItem","position":1,"name":"Home","item":"https:\/\/www.protect.airbus.com\/de\/"},{"@type":"ListItem","position":2,"name":"Cybersecurity","item":"https:\/\/www.protect.airbus.com\/de\/cybersecurity\/"},{"@type":"ListItem","position":3,"name":"Governance, Risiko und Compliance"}]},{"@type":"WebSite","@id":"https:\/\/www.protect.airbus.com\/de\/#website","url":"https:\/\/www.protect.airbus.com\/de\/","name":"Airbus Protect","description":"","publisher":{"@id":"https:\/\/www.protect.airbus.com\/de\/#organization"},"potentialAction":[{"@type":"SearchAction","target":{"@type":"EntryPoint","urlTemplate":"https:\/\/www.protect.airbus.com\/de\/?s={search_term_string}"},"query-input":{"@type":"PropertyValueSpecification","valueRequired":true,"valueName":"search_term_string"}}],"inLanguage":"de"},{"@type":"Organization","@id":"https:\/\/www.protect.airbus.com\/de\/#organization","name":"Airbus Protect","url":"https:\/\/www.protect.airbus.com\/de\/","logo":{"@type":"ImageObject","inLanguage":"de","@id":"https:\/\/www.protect.airbus.com\/de\/#\/schema\/logo\/image\/","url":"https:\/\/www.protect.airbus.com\/wp-content\/uploads\/2023\/05\/logo-airbus-protect-696-696.png","contentUrl":"https:\/\/www.protect.airbus.com\/wp-content\/uploads\/2023\/05\/logo-airbus-protect-696-696.png","width":696,"height":696,"caption":"Airbus Protect"},"image":{"@id":"https:\/\/www.protect.airbus.com\/de\/#\/schema\/logo\/image\/"},"sameAs":["https:\/\/www.linkedin.com\/company\/airbus-protect\/","https:\/\/www.youtube.com\/@airbusprotect7483"],"contactPoint":{"@type":"ContactPoint","email":"protect@airbus.com","contactType":"customer service","areaServed":["GB","FR","ES","DE","BE","CH","PT","DK","AT"],"availableLanguage":["en","fr","de"]}}]}},"_links":{"self":[{"href":"https:\/\/www.protect.airbus.com\/de\/wp-json\/wp\/v2\/pages\/32883","targetHints":{"allow":["GET"]}}],"collection":[{"href":"https:\/\/www.protect.airbus.com\/de\/wp-json\/wp\/v2\/pages"}],"about":[{"href":"https:\/\/www.protect.airbus.com\/de\/wp-json\/wp\/v2\/types\/page"}],"author":[{"embeddable":true,"href":"https:\/\/www.protect.airbus.com\/de\/wp-json\/wp\/v2\/users\/4"}],"replies":[{"embeddable":true,"href":"https:\/\/www.protect.airbus.com\/de\/wp-json\/wp\/v2\/comments?post=32883"}],"version-history":[{"count":11,"href":"https:\/\/www.protect.airbus.com\/de\/wp-json\/wp\/v2\/pages\/32883\/revisions"}],"predecessor-version":[{"id":51852,"href":"https:\/\/www.protect.airbus.com\/de\/wp-json\/wp\/v2\/pages\/32883\/revisions\/51852"}],"up":[{"embeddable":true,"href":"https:\/\/www.protect.airbus.com\/de\/wp-json\/wp\/v2\/pages\/6950"}],"wp:featuredmedia":[{"embeddable":true,"href":"https:\/\/www.protect.airbus.com\/de\/wp-json\/wp\/v2\/media\/3837"}],"wp:attachment":[{"href":"https:\/\/www.protect.airbus.com\/de\/wp-json\/wp\/v2\/media?parent=32883"}],"curies":[{"name":"wp","href":"https:\/\/api.w.org\/{rel}","templated":true}]}}