{"id":31813,"date":"2025-06-19T09:34:24","date_gmt":"2025-06-19T07:34:24","guid":{"rendered":"https:\/\/www.protect.airbus.com\/?page_id=31813"},"modified":"2025-06-19T10:02:18","modified_gmt":"2025-06-19T08:02:18","slug":"ppc-cybersecurity-soc-services","status":"publish","type":"page","link":"https:\/\/www.protect.airbus.com\/de\/cybersecurity\/managed-security-services\/ppc-cybersecurity-soc-services\/","title":{"rendered":"Cybersecurity: SOC-Services"},"content":{"rendered":"<div class=\"wpb-content-wrapper\"><p>[vc_row][vc_column][vc_column_text css=&#8220;.vc_custom_1722438770520{margin-bottom: 0px !important;padding-bottom: 0px !important;}&#8220; h2_style=&#8220;h2Big&#8220; p_style=&#8220;pBig&#8220;]Umfassender 24\/7-Cyberschutz[\/vc_column_text][vc_column_text p_style=&#8220;pBig&#8220;]<strong>Mit der zunehmenden Vernetzung von Unternehmen werden in jeder Phase der Wertsch\u00f6pfungskette spezifische Cyberbedrohungen auftreten. Von Endpunktangriffen bis hin zu infrastrukturellen und branchenspezifischen Bedrohungen \u2013 der Umfang und die Raffinesse der Angriffe nehmen stetig zu.<\/strong>[\/vc_column_text]<div class=\"divBtCTA btAlignCenter\"><a onclick=\"fctGoToSection('soc-ppc-germany');\" class=\"button btAuto\">Kontak aufnehmen<\/a><\/div>[vc_column_text css=&#8220;.vc_custom_1722438879968{margin-bottom: 0px !important;padding-bottom: 0px !important;}&#8220; h2_style=&#8220;h2Big&#8220;]<\/p>\n<h3>Was sind SOC-Dienste Services?<\/h3>\n<p>[\/vc_column_text][vc_column_text css=&#8220;.vc_custom_1722438894424{margin-bottom: 0px !important;padding-bottom: 0px !important;}&#8220; h2_style=&#8220;h2Big&#8220; p_style=&#8220;pIntermediaire&#8220;]SOC-<span style=\"font-weight: 400;\">Services<\/span> (Security Operations Center) sind ein wesentlicher Bestandteil der Cybersicherheit. Sie beinhalten ein Team von Experten und fortschrittliche Technologien, die zusammenarbeiten, um Sicherheitsbedrohungen innerhalb der Infrastruktur einer Organisation zu \u00fcberwachen, zu erkennen, darauf zu reagieren und sie abzuwehren.[\/vc_column_text][vc_column_text css=&#8220;.vc_custom_1695297055636{margin-bottom: 0px !important;padding-bottom: 0px !important;}&#8220; h2_style=&#8220;h2Big&#8220;]<\/p>\n<h3>Wer braucht SOC-Dienste?<\/h3>\n<p>[\/vc_column_text][vc_column_text css=&#8220;.vc_custom_1722439156865{margin-bottom: 0px !important;padding-bottom: 0px !important;}&#8220; h2_style=&#8220;h2Big&#8220; p_style=&#8220;pIntermediaire&#8220;]SOC Services sind f\u00fcr eine Vielzahl von Organisationen und Unternehmen unerl\u00e4sslich.<\/p>\n<ul>\n<li><span style=\"font-weight: 400;\"><span style=\"font-weight: 400;\"><strong>Gro\u00dfunternehmen<\/strong>: Unternehmen mit einer umfangreichen IT-Infrastruktur und einer gro\u00dfen Online-Pr\u00e4senz sind die besten Kandidaten f\u00fcr SOC-Dienste. Diese Organisationen verarbeiten gro\u00dfe Mengen wertvoller Daten und sind h\u00e4ufig das Ziel von Cyberbedrohungen wie Spionage oder Ransomware. SOC-Services helfen ihnen dabei, ihre wertvollen Verm\u00f6genswerte zu sch\u00fctzen und ein ausreichendes Ma\u00df an Sicherheit und Vertrauen aufrechtzuerhalten.<\/span><\/span><\/li>\n<li><strong>Finanzinstitute<\/strong>: Banken, Kreditgenossenschaften und Finanzinstitute verarbeiten h\u00f6chst vertrauliche Finanzdaten. SOC-<span style=\"font-weight: 400;\">Services<\/span> sind f\u00fcr die Einhaltung von Vorschriften und den Schutz ihrer Verm\u00f6genswerte von entscheidender Bedeutung.<\/li>\n<li><strong>Regierungsbeh\u00f6rden<\/strong>: Regierungsbeh\u00f6rden auf allen Ebenen ben\u00f6tigen SOC-<span style=\"font-weight: 400;\">Services<\/span> zum Schutz sensibler B\u00fcrgerdaten, nationaler Sicherheitsinteressen und exponierter Regierungswebsites. Die Aufrechterhaltung von Vertrauen und Sicherheit ist f\u00fcr diese Organisationen von gr\u00f6\u00dfter Bedeutung.<\/li>\n<li><span style=\"font-weight: 400;\"><strong>Kleine und mittlere Unternehmen (KMU)<\/strong>: <\/span><span style=\"font-weight: 400;\">KMU haben zwar nicht denselben Umfang wie Gro\u00dfunternehmen, sind aber dennoch Cyberbedrohungen ausgesetzt. Die SOC-Services k\u00f6nnen auf ihre spezifischen Bed\u00fcrfnisse zugeschnitten werden.<\/span><\/li>\n<li><span style=\"font-weight: 400;\"><strong>Kritische nationale Infrastrukturen (KRITIS)<\/strong>: Lokale nationale Vorschriften verlangen, dass alle ausgewiesenen KRITIS ein bestimmtes Sicherheitsniveau gew\u00e4hrleisten, um die Widerstandsf\u00e4higkeit und Souver\u00e4nit\u00e4t des Staates durch die Widerstandsf\u00e4higkeit dieser Organisationen zu sichern. SOC-Services sind in der Regel obligatorisch, um dieses Ziel zu erreichen.<\/span><\/li>\n<\/ul>\n<p>[\/vc_column_text][vc_column_text css=&#8220;.vc_custom_1722439081170{margin-bottom: 0px !important;padding-bottom: 0px !important;}&#8220; h2_style=&#8220;h2Big&#8220;]<\/p>\n<h2>SOC-Services: Warum Airbus Protect?<\/h2>\n<p>[\/vc_column_text]<div class=\"blocImages blocImages-3\"><div class=\"colonne\"><div class=\"blocImage\" style=\"background-image:url('https:\/\/www.protect.airbus.com\/wp-content\/uploads\/2023\/10\/SOC-Airbus-Protect-79.jpg');\"><\/div><\/div>\n        <div class=\"colonne\"><div class=\"blocImage\" style=\"background-image:url('https:\/\/www.protect.airbus.com\/wp-content\/uploads\/2023\/10\/SOC-Airbus-Protect-61.jpg');\"><\/div><div class=\"blocImage\" style=\"background-image:url('https:\/\/www.protect.airbus.com\/wp-content\/uploads\/2023\/10\/SOC-Airbus-Protect-109.jpg');\"><\/div><\/div><\/div>[vc_column_text p_style=&#8220;pHighlight&#8220;]Wir bieten echten End-to-End-Schutz auf jeder Stufe der Cybersicherheit von Unternehmen.<\/p>\n<p>Von traditionellen Computernetzwerken bis hin zu Cloud-L\u00f6sungen und OT-Systemen bieten wir einen umfassenden Cyberschutz.<\/p>\n<p>Kontinuierliche Forschung und Entwicklung sind entscheidend, um Cyberangreifern immer einen Schritt voraus zu sein. So k\u00f6nnen wir den k\u00fcnftigen Bedarf an Dienstleistungen voraussehen und die fortschrittlichsten Cyber\u00f6kosysteme entwickeln.<\/p>\n<p>Wir sind die souver\u00e4ne europ\u00e4ische Wahl f\u00fcr den Schutz von Regierung, Verteidigung und kritischen Unternehmen.[\/vc_column_text][vc_column_text css=&#8220;.vc_custom_1722439298656{margin-bottom: 0px !important;padding-bottom: 0px !important;}&#8220;]<\/p>\n<h2>Unser SOC-Angebot<\/h2>\n<p>[\/vc_column_text][vc_column_text p_style=&#8220;pHighlight&#8220;]Wir sch\u00fctzen unsere Kunden vor bekannten und unbekannten Cyberbedrohungen. Unsere umfassenden End-to-End-Security Operations Center (SOC) werden von sicheren Standorten in England, Frankreich, Deutschland und Spanien aus betrieben. Sie umfassen:[\/vc_column_text][vc_column_text css_animation=&#8220;none&#8220; css=&#8220;&#8220;]<\/p>\n<h3>Managed Detection and Response (MDR):<\/h3>\n<ul>\n<li style=\"font-weight: 400;\" aria-level=\"1\"><span style=\"font-weight: 400;\">Effiziente und reaktive Erkennung und Reaktion auf bekannte und unbekannte Bedrohungen<\/span><\/li>\n<li style=\"font-weight: 400;\" aria-level=\"1\"><span style=\"font-weight: 400;\">Verk\u00fcrzte Erkennungszeit mit KI-basierten L\u00f6sungen, Threat Intelligence und Expertenwissen<\/span><\/li>\n<li style=\"font-weight: 400;\" aria-level=\"1\"><span style=\"font-weight: 400;\">Schnelle Reaktion &#8211; Kombination von Automatisierung und menschlichem Handeln<\/span><\/li>\n<li style=\"font-weight: 400;\" aria-level=\"1\"><span style=\"font-weight: 400;\">Modulare L\u00f6sung mit verschiedenen Service-Levels und Optionen zur Erkennung und Abwehr bekannter und unbekannter Bedrohungen<\/span><\/li>\n<li style=\"font-weight: 400;\" aria-level=\"1\"><span style=\"font-weight: 400;\">Einfache Integration mit bestehenden oder neuen Erkennungsl\u00f6sungen, wodurch umfassende Funktionen f\u00fcr das Bedrohungsmanagement geschaffen werden<\/span><\/li>\n<li style=\"font-weight: 400;\" aria-level=\"1\"><span style=\"font-weight: 400;\">M\u00f6glichkeit, proaktive (Threat Hunting) und reaktive (Detection) Dienste innerhalb eines zentralen SOC zu kombinieren\u00a0<\/span><\/li>\n<li style=\"font-weight: 400;\" aria-level=\"1\"><span style=\"font-weight: 400;\">Proaktiver Sanierungsplan f\u00fcr langfristige Cyberresilienz<\/span><\/li>\n<li style=\"font-weight: 400;\" aria-level=\"1\"><span style=\"font-weight: 400;\">Flexible, kosteneffektive L\u00f6sung mit kurzer Implementierungsdauer<\/span><\/li>\n<li style=\"font-weight: 400;\" aria-level=\"1\"><span style=\"font-weight: 400;\">Erfahrene und kompetente SOC-Management- und Technikteams, die Kunden bei allen Herausforderungen zur Seite stehen<\/span><\/li>\n<\/ul>\n<h3>Ma\u00dfgeschneidertes SOC-as-a-Service<\/h3>\n<ul>\n<li><span style=\"font-weight: 400;\">Ma\u00dfgeschneiderter Service zur Erf\u00fcllung der spezifischen Unternehmensbed\u00fcrfnisse und Vertraulichkeitsanforderungen der Kunden<\/span><\/li>\n<li>Konzeption, Implementierung und Verwaltung des Dienstes durch ein SOC Team mit bis zu drei Kompetenzniveaus<\/li>\n<li>Bereitstellung und Verwaltung von Erkennungssystemen, Sicherheitsanalysen und regelm\u00e4\u00dfigen Berichten, die von Cybersecurity-Experten bereitgestellt und von einem Service Delivery Manager koordiniert werden<\/li>\n<li>Nahtlose Integration in bestehende L\u00f6sungen und Dienste<\/li>\n<li>Sicherstellung der Einhaltung l\u00e4nderspezifischer Vorschriften<\/li>\n<li>\u201cHybrides SOC&#8220; oder gemeinsam verwaltetes SOC, bei dem Umfang und Zust\u00e4ndigkeiten zwischen Kunden und Airbus Protect SOC aufgeteilt sind und auf die jeweiligen Bed\u00fcrfnisse zugeschnitten werden k\u00f6nnen.<\/li>\n<\/ul>\n<p>[\/vc_column_text][vc_column_text css_animation=&#8220;none&#8220; p_style=&#8220;pIntermediaire&#8220;]<\/p>\n<h3>Wer bildet ein SOC-Team?<\/h3>\n<p>Ein SOC-Team besteht aus SOC-Managern, SOC-Analysten, Bedrohungsj\u00e4gern, CTI-Analysten, Schwachstellenanalysten, Sicherheitstechnikern, Sicherheitsarchitekten und Incident Respondern.[\/vc_column_text]<div class=\"ancreDeDestination\" data-ancre-destination=\"soc-ppc-germany\" id=\"soc-ppc-germany\"><\/div>[vc_raw_html css=&#8220;&#8220;]JTNDaWZyYW1lJTIwd2lkdGglM0QlMjIxNTAwJTIyJTIwaGVpZ2h0JTNEJTIyMTMwMCUyMiUyMHNyYyUzRCUyMmh0dHBzJTNBJTJGJTJGMmU0OTIzMzMuc2liZm9ybXMuY29tJTJGc2VydmUlMkZNVUlGQUVnTG1pNnJVVEFsOTRpNjNGdGswTDUybFAwemp0Yi0ySnlmUUxtekRHMlFNN1JCUGVISnNjamxDdUhPOGNTWmx4UGZtYVVoa3JLOWp4TFR4RWVzTFJJTE84SWhLZFRxOEx3aEtGdWx2Vzdid3lKNVl3UXdlVDVOWDF3Yi1ic2dnNXMzZnFMT2RBNEtRS3VFaDY2cG1nMmNKM3pBYVlSV1NLTzZBZDhZc3BvN3Byd3ctTC1jLVRockc0NDlTd1RpLVNBNWFkVEo2LTlPJTIyJTIwZnJhbWVib3JkZXIlM0QlMjIwJTIyJTIwc2Nyb2xsaW5nJTNEJTIyYXV0byUyMiUyMGFsbG93ZnVsbHNjcmVlbiUyMHN0eWxlJTNEJTIyZGlzcGxheSUzQSUyMGJsb2NrJTNCbWFyZ2luLWxlZnQlM0ElMjBhdXRvJTNCbWFyZ2luLXJpZ2h0JTNBJTIwYXV0byUzQm1heC13aWR0aCUzQSUyMDEwMCUyNSUzQiUyMiUzRSUzQyUyRmlmcmFtZSUzRQ==[\/vc_raw_html][\/vc_column][\/vc_row]<\/p>\n<\/div>","protected":false},"excerpt":{"rendered":"<p>[vc_row][vc_column][vc_column_text css=&#8220;.vc_custom_1722438770520{margin-bottom: 0px !important;padding-bottom: 0px !important;}&#8220; h2_style=&#8220;h2Big&#8220; p_style=&#8220;pBig&#8220;]Umfassender 24\/7-Cyberschutz[\/vc_column_text][vc_column_text p_style=&#8220;pBig&#8220;]Mit der zunehmenden Vernetzung von Unternehmen werden in jeder Phase der Wertsch\u00f6pfungskette spezifische Cyberbedrohungen auftreten. Von Endpunktangriffen bis hin zu infrastrukturellen und branchenspezifischen Bedrohungen \u2013 der Umfang und die Raffinesse der Angriffe nehmen stetig zu.[\/vc_column_text][vc_column_text css=&#8220;.vc_custom_1722438879968{margin-bottom: 0px !important;padding-bottom: 0px !important;}&#8220; h2_style=&#8220;h2Big&#8220;] Was sind SOC-Dienste Services? [\/vc_column_text][vc_column_text [&hellip;]<\/p>\n","protected":false},"author":4,"featured_media":3837,"parent":6600,"menu_order":0,"comment_status":"closed","ping_status":"closed","template":"","meta":{"_acf_changed":false,"content-type":"","_relevanssi_hide_post":"","_relevanssi_hide_content":"","_relevanssi_pin_for_all":"","_relevanssi_pin_keywords":"","_relevanssi_unpin_keywords":"","_relevanssi_related_keywords":"","_relevanssi_related_include_ids":"","_relevanssi_related_exclude_ids":"","_relevanssi_related_no_append":"","_relevanssi_related_not_related":"","_relevanssi_related_posts":"","_relevanssi_noindex_reason":"","footnotes":""},"class_list":["post-31813","page","type-page","status-publish","has-post-thumbnail","hentry"],"acf":[],"yoast_head":"<!-- This site is optimized with the Yoast SEO Premium plugin v27.2 (Yoast SEO v27.2) - https:\/\/yoast.com\/product\/yoast-seo-premium-wordpress\/ -->\n<title>SOC-Services: Umfassender und kontinuierlicher Cyberschutz<\/title>\n<meta name=\"description\" content=\"Verbessern Sie die Cybersecurity Ihres Unternehmens. Mit unseren ma\u00dfgeschneiderten SOC-Services erhalten Sie einen umfassenden 24\/7 Cyberschutz\" \/>\n<meta name=\"robots\" content=\"index, nofollow, max-snippet:-1, max-image-preview:large, max-video-preview:-1\" \/>\n<link rel=\"canonical\" href=\"https:\/\/www.protect.airbus.com\/de\/cybersecurity\/managed-security-services\/ppc-cybersecurity-soc-services\/\" \/>\n<meta property=\"og:locale\" content=\"de_DE\" \/>\n<meta property=\"og:type\" content=\"article\" \/>\n<meta property=\"og:title\" content=\"Cybersecurity: SOC-Services\" \/>\n<meta property=\"og:description\" content=\"Verbessern Sie die Cybersecurity Ihres Unternehmens. Mit unseren ma\u00dfgeschneiderten SOC-Services erhalten Sie einen umfassenden 24\/7 Cyberschutz\" \/>\n<meta property=\"og:url\" content=\"https:\/\/www.protect.airbus.com\/de\/cybersecurity\/managed-security-services\/ppc-cybersecurity-soc-services\/\" \/>\n<meta property=\"og:site_name\" content=\"Airbus Protect\" \/>\n<meta property=\"article:modified_time\" content=\"2025-06-19T08:02:18+00:00\" \/>\n<meta property=\"og:image\" content=\"https:\/\/www.protect.airbus.com\/wp-content\/uploads\/2022\/06\/header-sustainability-sous-page.jpg\" \/>\n\t<meta property=\"og:image:width\" content=\"1920\" \/>\n\t<meta property=\"og:image:height\" content=\"358\" \/>\n\t<meta property=\"og:image:type\" content=\"image\/jpeg\" \/>\n<meta name=\"twitter:card\" content=\"summary_large_image\" \/>\n<meta name=\"twitter:label1\" content=\"Gesch\u00e4tzte Lesezeit\" \/>\n\t<meta name=\"twitter:data1\" content=\"5\u00a0Minuten\" \/>\n<script type=\"application\/ld+json\" class=\"yoast-schema-graph\">{\"@context\":\"https:\/\/schema.org\",\"@graph\":[{\"@type\":\"WebPage\",\"@id\":\"https:\/\/www.protect.airbus.com\/de\/cybersecurity\/managed-security-services\/ppc-cybersecurity-soc-services\/\",\"url\":\"https:\/\/www.protect.airbus.com\/de\/cybersecurity\/managed-security-services\/ppc-cybersecurity-soc-services\/\",\"name\":\"SOC-Services: Umfassender und kontinuierlicher Cyberschutz\",\"isPartOf\":{\"@id\":\"https:\/\/www.protect.airbus.com\/de\/#website\"},\"primaryImageOfPage\":{\"@id\":\"https:\/\/www.protect.airbus.com\/de\/cybersecurity\/managed-security-services\/ppc-cybersecurity-soc-services\/#primaryimage\"},\"image\":{\"@id\":\"https:\/\/www.protect.airbus.com\/de\/cybersecurity\/managed-security-services\/ppc-cybersecurity-soc-services\/#primaryimage\"},\"thumbnailUrl\":\"https:\/\/www.protect.airbus.com\/wp-content\/uploads\/2022\/06\/header-sustainability-sous-page.jpg\",\"datePublished\":\"2025-06-19T07:34:24+00:00\",\"dateModified\":\"2025-06-19T08:02:18+00:00\",\"description\":\"Verbessern Sie die Cybersecurity Ihres Unternehmens. Mit unseren ma\u00dfgeschneiderten SOC-Services erhalten Sie einen umfassenden 24\/7 Cyberschutz\",\"breadcrumb\":{\"@id\":\"https:\/\/www.protect.airbus.com\/de\/cybersecurity\/managed-security-services\/ppc-cybersecurity-soc-services\/#breadcrumb\"},\"inLanguage\":\"de\",\"potentialAction\":[{\"@type\":\"ReadAction\",\"target\":[\"https:\/\/www.protect.airbus.com\/de\/cybersecurity\/managed-security-services\/ppc-cybersecurity-soc-services\/\"]}]},{\"@type\":\"ImageObject\",\"inLanguage\":\"de\",\"@id\":\"https:\/\/www.protect.airbus.com\/de\/cybersecurity\/managed-security-services\/ppc-cybersecurity-soc-services\/#primaryimage\",\"url\":\"https:\/\/www.protect.airbus.com\/wp-content\/uploads\/2022\/06\/header-sustainability-sous-page.jpg\",\"contentUrl\":\"https:\/\/www.protect.airbus.com\/wp-content\/uploads\/2022\/06\/header-sustainability-sous-page.jpg\",\"width\":1920,\"height\":358},{\"@type\":\"BreadcrumbList\",\"@id\":\"https:\/\/www.protect.airbus.com\/de\/cybersecurity\/managed-security-services\/ppc-cybersecurity-soc-services\/#breadcrumb\",\"itemListElement\":[{\"@type\":\"ListItem\",\"position\":1,\"name\":\"Home\",\"item\":\"https:\/\/www.protect.airbus.com\/de\/\"},{\"@type\":\"ListItem\",\"position\":2,\"name\":\"Cybersecurity\",\"item\":\"https:\/\/www.protect.airbus.com\/de\/cybersecurity\/\"},{\"@type\":\"ListItem\",\"position\":3,\"name\":\"Managed Security Services (MSS)\",\"item\":\"https:\/\/www.protect.airbus.com\/de\/cybersecurity\/managed-security-services\/\"},{\"@type\":\"ListItem\",\"position\":4,\"name\":\"Cybersecurity: SOC-Services\"}]},{\"@type\":\"WebSite\",\"@id\":\"https:\/\/www.protect.airbus.com\/de\/#website\",\"url\":\"https:\/\/www.protect.airbus.com\/de\/\",\"name\":\"Airbus Protect\",\"description\":\"\",\"publisher\":{\"@id\":\"https:\/\/www.protect.airbus.com\/de\/#organization\"},\"potentialAction\":[{\"@type\":\"SearchAction\",\"target\":{\"@type\":\"EntryPoint\",\"urlTemplate\":\"https:\/\/www.protect.airbus.com\/de\/?s={search_term_string}\"},\"query-input\":{\"@type\":\"PropertyValueSpecification\",\"valueRequired\":true,\"valueName\":\"search_term_string\"}}],\"inLanguage\":\"de\"},{\"@type\":\"Organization\",\"@id\":\"https:\/\/www.protect.airbus.com\/de\/#organization\",\"name\":\"Airbus Protect\",\"url\":\"https:\/\/www.protect.airbus.com\/de\/\",\"logo\":{\"@type\":\"ImageObject\",\"inLanguage\":\"de\",\"@id\":\"https:\/\/www.protect.airbus.com\/de\/#\/schema\/logo\/image\/\",\"url\":\"https:\/\/www.protect.airbus.com\/wp-content\/uploads\/2023\/05\/logo-airbus-protect-696-696.png\",\"contentUrl\":\"https:\/\/www.protect.airbus.com\/wp-content\/uploads\/2023\/05\/logo-airbus-protect-696-696.png\",\"width\":696,\"height\":696,\"caption\":\"Airbus Protect\"},\"image\":{\"@id\":\"https:\/\/www.protect.airbus.com\/de\/#\/schema\/logo\/image\/\"},\"sameAs\":[\"https:\/\/www.linkedin.com\/company\/airbus-protect\/\",\"https:\/\/www.youtube.com\/@airbusprotect7483\"],\"contactPoint\":{\"@type\":\"ContactPoint\",\"email\":\"protect@airbus.com\",\"contactType\":\"customer service\",\"areaServed\":[\"GB\",\"FR\",\"ES\",\"DE\",\"BE\",\"CH\",\"PT\",\"DK\",\"AT\"],\"availableLanguage\":[\"en\",\"fr\",\"de\"]}}]}<\/script>\n<!-- \/ Yoast SEO Premium plugin. -->","yoast_head_json":{"title":"SOC-Services: Umfassender und kontinuierlicher Cyberschutz","description":"Verbessern Sie die Cybersecurity Ihres Unternehmens. Mit unseren ma\u00dfgeschneiderten SOC-Services erhalten Sie einen umfassenden 24\/7 Cyberschutz","robots":{"index":"index","follow":"nofollow","max-snippet":"max-snippet:-1","max-image-preview":"max-image-preview:large","max-video-preview":"max-video-preview:-1"},"canonical":"https:\/\/www.protect.airbus.com\/de\/cybersecurity\/managed-security-services\/ppc-cybersecurity-soc-services\/","og_locale":"de_DE","og_type":"article","og_title":"Cybersecurity: SOC-Services","og_description":"Verbessern Sie die Cybersecurity Ihres Unternehmens. Mit unseren ma\u00dfgeschneiderten SOC-Services erhalten Sie einen umfassenden 24\/7 Cyberschutz","og_url":"https:\/\/www.protect.airbus.com\/de\/cybersecurity\/managed-security-services\/ppc-cybersecurity-soc-services\/","og_site_name":"Airbus Protect","article_modified_time":"2025-06-19T08:02:18+00:00","og_image":[{"width":1920,"height":358,"url":"https:\/\/www.protect.airbus.com\/wp-content\/uploads\/2022\/06\/header-sustainability-sous-page.jpg","type":"image\/jpeg"}],"twitter_card":"summary_large_image","twitter_misc":{"Gesch\u00e4tzte Lesezeit":"5\u00a0Minuten"},"schema":{"@context":"https:\/\/schema.org","@graph":[{"@type":"WebPage","@id":"https:\/\/www.protect.airbus.com\/de\/cybersecurity\/managed-security-services\/ppc-cybersecurity-soc-services\/","url":"https:\/\/www.protect.airbus.com\/de\/cybersecurity\/managed-security-services\/ppc-cybersecurity-soc-services\/","name":"SOC-Services: Umfassender und kontinuierlicher Cyberschutz","isPartOf":{"@id":"https:\/\/www.protect.airbus.com\/de\/#website"},"primaryImageOfPage":{"@id":"https:\/\/www.protect.airbus.com\/de\/cybersecurity\/managed-security-services\/ppc-cybersecurity-soc-services\/#primaryimage"},"image":{"@id":"https:\/\/www.protect.airbus.com\/de\/cybersecurity\/managed-security-services\/ppc-cybersecurity-soc-services\/#primaryimage"},"thumbnailUrl":"https:\/\/www.protect.airbus.com\/wp-content\/uploads\/2022\/06\/header-sustainability-sous-page.jpg","datePublished":"2025-06-19T07:34:24+00:00","dateModified":"2025-06-19T08:02:18+00:00","description":"Verbessern Sie die Cybersecurity Ihres Unternehmens. Mit unseren ma\u00dfgeschneiderten SOC-Services erhalten Sie einen umfassenden 24\/7 Cyberschutz","breadcrumb":{"@id":"https:\/\/www.protect.airbus.com\/de\/cybersecurity\/managed-security-services\/ppc-cybersecurity-soc-services\/#breadcrumb"},"inLanguage":"de","potentialAction":[{"@type":"ReadAction","target":["https:\/\/www.protect.airbus.com\/de\/cybersecurity\/managed-security-services\/ppc-cybersecurity-soc-services\/"]}]},{"@type":"ImageObject","inLanguage":"de","@id":"https:\/\/www.protect.airbus.com\/de\/cybersecurity\/managed-security-services\/ppc-cybersecurity-soc-services\/#primaryimage","url":"https:\/\/www.protect.airbus.com\/wp-content\/uploads\/2022\/06\/header-sustainability-sous-page.jpg","contentUrl":"https:\/\/www.protect.airbus.com\/wp-content\/uploads\/2022\/06\/header-sustainability-sous-page.jpg","width":1920,"height":358},{"@type":"BreadcrumbList","@id":"https:\/\/www.protect.airbus.com\/de\/cybersecurity\/managed-security-services\/ppc-cybersecurity-soc-services\/#breadcrumb","itemListElement":[{"@type":"ListItem","position":1,"name":"Home","item":"https:\/\/www.protect.airbus.com\/de\/"},{"@type":"ListItem","position":2,"name":"Cybersecurity","item":"https:\/\/www.protect.airbus.com\/de\/cybersecurity\/"},{"@type":"ListItem","position":3,"name":"Managed Security Services (MSS)","item":"https:\/\/www.protect.airbus.com\/de\/cybersecurity\/managed-security-services\/"},{"@type":"ListItem","position":4,"name":"Cybersecurity: SOC-Services"}]},{"@type":"WebSite","@id":"https:\/\/www.protect.airbus.com\/de\/#website","url":"https:\/\/www.protect.airbus.com\/de\/","name":"Airbus Protect","description":"","publisher":{"@id":"https:\/\/www.protect.airbus.com\/de\/#organization"},"potentialAction":[{"@type":"SearchAction","target":{"@type":"EntryPoint","urlTemplate":"https:\/\/www.protect.airbus.com\/de\/?s={search_term_string}"},"query-input":{"@type":"PropertyValueSpecification","valueRequired":true,"valueName":"search_term_string"}}],"inLanguage":"de"},{"@type":"Organization","@id":"https:\/\/www.protect.airbus.com\/de\/#organization","name":"Airbus Protect","url":"https:\/\/www.protect.airbus.com\/de\/","logo":{"@type":"ImageObject","inLanguage":"de","@id":"https:\/\/www.protect.airbus.com\/de\/#\/schema\/logo\/image\/","url":"https:\/\/www.protect.airbus.com\/wp-content\/uploads\/2023\/05\/logo-airbus-protect-696-696.png","contentUrl":"https:\/\/www.protect.airbus.com\/wp-content\/uploads\/2023\/05\/logo-airbus-protect-696-696.png","width":696,"height":696,"caption":"Airbus Protect"},"image":{"@id":"https:\/\/www.protect.airbus.com\/de\/#\/schema\/logo\/image\/"},"sameAs":["https:\/\/www.linkedin.com\/company\/airbus-protect\/","https:\/\/www.youtube.com\/@airbusprotect7483"],"contactPoint":{"@type":"ContactPoint","email":"protect@airbus.com","contactType":"customer service","areaServed":["GB","FR","ES","DE","BE","CH","PT","DK","AT"],"availableLanguage":["en","fr","de"]}}]}},"_links":{"self":[{"href":"https:\/\/www.protect.airbus.com\/de\/wp-json\/wp\/v2\/pages\/31813","targetHints":{"allow":["GET"]}}],"collection":[{"href":"https:\/\/www.protect.airbus.com\/de\/wp-json\/wp\/v2\/pages"}],"about":[{"href":"https:\/\/www.protect.airbus.com\/de\/wp-json\/wp\/v2\/types\/page"}],"author":[{"embeddable":true,"href":"https:\/\/www.protect.airbus.com\/de\/wp-json\/wp\/v2\/users\/4"}],"replies":[{"embeddable":true,"href":"https:\/\/www.protect.airbus.com\/de\/wp-json\/wp\/v2\/comments?post=31813"}],"version-history":[{"count":6,"href":"https:\/\/www.protect.airbus.com\/de\/wp-json\/wp\/v2\/pages\/31813\/revisions"}],"predecessor-version":[{"id":31821,"href":"https:\/\/www.protect.airbus.com\/de\/wp-json\/wp\/v2\/pages\/31813\/revisions\/31821"}],"up":[{"embeddable":true,"href":"https:\/\/www.protect.airbus.com\/de\/wp-json\/wp\/v2\/pages\/6600"}],"wp:featuredmedia":[{"embeddable":true,"href":"https:\/\/www.protect.airbus.com\/de\/wp-json\/wp\/v2\/media\/3837"}],"wp:attachment":[{"href":"https:\/\/www.protect.airbus.com\/de\/wp-json\/wp\/v2\/media?parent=31813"}],"curies":[{"name":"wp","href":"https:\/\/api.w.org\/{rel}","templated":true}]}}