{"id":29126,"date":"2025-05-16T10:06:35","date_gmt":"2025-05-16T08:06:35","guid":{"rendered":"https:\/\/www.protect.airbus.com\/?page_id=29126"},"modified":"2025-11-19T15:43:08","modified_gmt":"2025-11-19T14:43:08","slug":"cyber-resilienz","status":"publish","type":"page","link":"https:\/\/www.protect.airbus.com\/de\/cyber-resilienz\/","title":{"rendered":"Cyber-Resilienz"},"content":{"rendered":"<div class=\"wpb-content-wrapper\"><p>[vc_row][vc_column][vc_column_text css=&#8220;&#8220; h2_style=&#8220;h2Big&#8220; p_style=&#8220;pChapeau&#8220;]<\/p>\n<h2>St\u00e4rken Sie die Cyber-Resilienz Ihrer Aktivit\u00e4ten \u2013 profitieren Sie von unserer Expertise in Krisenmanagement und Gesch\u00e4ftskontinuit\u00e4t durch unser Multi-Service-Angebot.<\/h2>\n<p>[\/vc_column_text][vc_column_text css=&#8220;&#8220; h2_style=&#8220;h2Big&#8220; p_style=&#8220;pHighlight&#8220;]<span style=\"font-weight: 400;\">Airbus Protect bewertet die Resilienz und bestehenden L\u00f6sungen unserer Kunden, um Risiken weit \u00fcber die reine Compliance hinaus zu managen. Wir unterst\u00fctzen Sie dabei, auch im Ernstfall handlungsf\u00e4hig zu bleiben \u2013 indem wir sicherstellen, dass Ihre Systeme hochgradig widerstandsf\u00e4hig sind. Dazu integrieren sich unsere Cyberberater und -experten vollst\u00e4ndig in die Teams unserer Kunden. Sie sprechen dieselbe Sprache und bieten ma\u00dfgeschneiderte Dienstleistungen in den Bereichen Risikomanagement und Cyber-Resilienz an:<\/span>[\/vc_column_text][vc_column_text css=&#8220;&#8220;]<\/p>\n<ul>\n<li style=\"font-weight: 400;\" aria-level=\"1\"><b>Risiko- und Bedrohungsmanagement:<\/b><span style=\"font-weight: 400;\"> Identifikation und Bewertung potenzieller Risikoszenarien. Management m\u00f6glicher Bedrohungen und ihrer Auswirkungen unter Einbeziehung aktueller Threat-Intelligence-Informationen.<\/span><\/li>\n<li style=\"font-weight: 400;\" aria-level=\"1\"><b>Vorfallmanagement (Incident Management)<\/b><span style=\"font-weight: 400;\">: Sofortige Reaktion und strukturierter Eskalationsprozess im Falle eines Vorfalls \u2013 definiert als ein Ereignis, das den normalen Betrieb st\u00f6rt, jedoch lokal bew\u00e4ltigt werden kann und die Organisation nicht grundlegend gef\u00e4hrdet.<\/span><\/li>\n<li style=\"font-weight: 400;\" aria-level=\"1\"><b>Krisenmanagement:<\/b><span style=\"font-weight: 400;\"><span style=\"font-weight: 400;\"> Planung und Durchf\u00fchrung von Krisensteuerung und -\u00fcbungen, Entwicklung relevanter Krisendokumentationen sowie Koordination aller Aktivit\u00e4ten. Wir unterst\u00fctzen bei der strategischen Reaktion auf schwerwiegende Ereignisse, die ein abgestimmtes Handeln erfordern.<\/span><\/span><\/li>\n<li style=\"font-weight: 400;\" aria-level=\"1\"><b>Business Continuity Management: <\/b><span style=\"font-weight: 400;\">Erstellung von Business Continuity Pl\u00e4nen (BCPs), um wesentliche Gesch\u00e4ftsaktivit\u00e4ten im Krisenfall aufrechtzuerhalten. Aktivierung dieser Pl\u00e4ne im Krisenfall. Aufbau robuster Strukturen mit klaren Rollen, Verantwortlichkeiten, Ressourcen, Prozessen und regelm\u00e4\u00dfigen Tests.<\/span><span style=\"font-weight: 400;\"><br \/>\n<b><\/b><\/span><\/li>\n<li style=\"font-weight: 400;\" aria-level=\"1\"><span style=\"font-weight: 400;\"><b>Disaster Recovery Management:<\/b> Wiederherstellung von Systemen, Infrastruktur und Betriebsf\u00e4higkeit nach einer Krise \u2013 f\u00fcr eine schnelle R\u00fcckkehr zum Normalzustand.<\/span><\/li>\n<\/ul>\n<p>[\/vc_column_text][\/vc_column][\/vc_row][vc_row equal_height=&#8220;yes&#8220; content_placement=&#8220;middle&#8220;][vc_column width=&#8220;1\/2&#8243;][vc_single_image image=&#8220;40848&#8243; img_size=&#8220;large&#8220; alignment=&#8220;center&#8220; css=&#8220;&#8220;][\/vc_column][vc_column width=&#8220;1\/2&#8243;][vc_column_text css=&#8220;&#8220; p_style=&#8220;pHighlight&#8220;]Durch die enge Verzahnung von Risiko- und Bedrohungsmanagement, Vorfallmanagement, Krisenmanagement, Business Continuity und Disaster Recovery Management bieten wir Ihnen einen integrierten und ganzheitlichen Ansatz. So unterst\u00fctzen wir Sie nicht nur bei der Wiederherstellung nach einem Vorfall, sondern auch dabei, Risiken fr\u00fchzeitig zu erkennen, flexibel zu reagieren und kritische Gesch\u00e4ftsprozesse unter allen Umst\u00e4nden aufrechtzuerhalten.<\/p>\n<p>Dieser umfassende Ansatz erm\u00f6glicht es uns, Ihre IT-, OT- und produktbezogene Resilienz ganzheitlich zu st\u00e4rken.[\/vc_column_text][\/vc_column][\/vc_row][vc_row full_width=&#8220;stretch_row&#8220; equal_height=&#8220;yes&#8220; content_placement=&#8220;middle&#8220; bg_style=&#8220;bgUniversGraphiqueIndustries&#8220;][vc_column width=&#8220;2\/3&#8243;]<div class=\"blocImages blocImages-3\"><div class=\"colonne\"><div class=\"blocImage\" style=\"background-image:url('https:\/\/www.protect.airbus.com\/wp-content\/uploads\/2025\/11\/courtance-resilience-lab.jpg');\"><\/div><\/div>\n        <div class=\"colonne\"><div class=\"blocImage\" style=\"background-image:url('https:\/\/www.protect.airbus.com\/wp-content\/uploads\/2025\/11\/resilience-lab_2.jpg');\"><\/div><div class=\"blocImage\" style=\"background-image:url('https:\/\/www.protect.airbus.com\/wp-content\/uploads\/2025\/11\/resilience-lab_3.jpg');\"><\/div><\/div><\/div>[\/vc_column][vc_column width=&#8220;1\/3&#8243;][vc_column_text css=&#8220;&#8220; p_style=&#8220;pHighlight&#8220;]<\/p>\n<p style=\"text-align: center;\">Die entscheidende Frage ist, wie diese strategische Vision in eine konkrete Kultur innerhalb Ihrer Teams umgesetzt werden kann.<\/p>\n<p style=\"text-align: center;\">Genau das ist das Ziel unseres Resilience Lab. Dabei handelt es sich um einen interaktiven Workshop, der sich auf die Entwicklung von Anpassungsf\u00e4higkeiten und die Verankerung einer Kultur der Resilienz konzentriert, die \u00fcber rein technische Kompetenzen hinausgeht.<\/p>\n<p style=\"text-align: center;\"><b>Erfahren Sie mehr \u00fcber unser Resilience Lab auf Seite 60<\/b><\/p>\n<p>[\/vc_column_text]<div class=\"divBtCTA btAlignCenter\"><a href=\"https:\/\/www.protect.airbus.com\/wp-content\/uploads\/2023\/06\/TRAINING-CATALOGUE-2025-INN_OT_24-00053_1.16-EN-.pdf\" target=\"_blank\" class=\"button btGeneral\">Entdecken Sie unseren Schulungskatalog<\/a><\/div>[\/vc_column][\/vc_row][vc_row][vc_column][vc_column_text css=&#8220;&#8220;]<\/p>\n<h2>Unser Ziel ist es, Cyber-Resilienz weiterzudenken \u2013 hin zu echter Gesch\u00e4ftsresilienz.<\/h2>\n<p>[\/vc_column_text][\/vc_column][\/vc_row][vc_row el_class=&#8220;blocIndustriesOffers&#8220;][vc_column width=&#8220;1\/2&#8243; el_class=&#8220;blocIndustriesOffers&#8220; css=&#8220;.vc_custom_1749818188523{border-top-width: 1px !important;border-right-width: 1px !important;border-bottom-width: 1px !important;border-left-width: 1px !important;border-left-style: solid !important;border-right-style: solid !important;border-top-style: solid !important;border-bottom-style: solid !important;border-color: #fe5000 !important;}&#8220;][vc_column_text css=&#8220;&#8220;]<\/p>\n<ul>\n<li><a href=\"https:\/\/www.protect.airbus.com\/de\/safety\/\">Safety<\/a><\/li>\n<\/ul>\n<p>[\/vc_column_text][\/vc_column][vc_column width=&#8220;1\/2&#8243; el_class=&#8220;blocIndustriesOffers&#8220; css=&#8220;.vc_custom_1749818214940{border-top-width: 1px !important;border-right-width: 1px !important;border-bottom-width: 1px !important;border-left-width: 1px !important;border-left-style: solid !important;border-right-style: solid !important;border-top-style: solid !important;border-bottom-style: solid !important;border-color: #84bd00 !important;}&#8220;][vc_column_text css=&#8220;&#8220;]<\/p>\n<ul>\n<li><a href=\"https:\/\/www.protect.airbus.com\/de\/sustainability\/\">Sustainability<\/a><\/li>\n<\/ul>\n<p>[\/vc_column_text][\/vc_column][\/vc_row][vc_row][vc_column]<div class=\"blocMoreInfo\">\n    <h2 class=\"h2Big\">Arbeiten Sie mit uns zusammen und machen Sie Resilienz zu einem strategischen Vorteil!<\/h2>[vc_column_text css=&#8220;&#8220; p_style=&#8220;pHighlight&#8220;]Kontaktieren Sie uns, um zu erfahren, wie wir Sie unterst\u00fctzen k\u00f6nnen.[\/vc_column_text]<div class=\"divBtCTA btAlignCenter\"><a href=\"https:\/\/www.protect.airbus.com\/de\/kontakt\/\"  class=\"button btGeneral\">Kontakt aufnehmen<\/a><\/div>    <\/div>[\/vc_column][\/vc_row]<\/p>\n<\/div>","protected":false},"excerpt":{"rendered":"<p>[vc_row][vc_column][vc_column_text css=&#8220;&#8220; h2_style=&#8220;h2Big&#8220; p_style=&#8220;pChapeau&#8220;] St\u00e4rken Sie die Cyber-Resilienz Ihrer Aktivit\u00e4ten \u2013 profitieren Sie von unserer Expertise in Krisenmanagement und Gesch\u00e4ftskontinuit\u00e4t durch unser Multi-Service-Angebot. [\/vc_column_text][vc_column_text css=&#8220;&#8220; h2_style=&#8220;h2Big&#8220; p_style=&#8220;pHighlight&#8220;]Airbus Protect bewertet die Resilienz und bestehenden L\u00f6sungen unserer Kunden, um Risiken weit \u00fcber die reine Compliance hinaus zu managen. Wir unterst\u00fctzen Sie dabei, auch im Ernstfall handlungsf\u00e4hig zu [&hellip;]<\/p>\n","protected":false},"author":8,"featured_media":36076,"parent":0,"menu_order":0,"comment_status":"closed","ping_status":"closed","template":"","meta":{"_acf_changed":false,"content-type":"","_relevanssi_hide_post":"","_relevanssi_hide_content":"","_relevanssi_pin_for_all":"","_relevanssi_pin_keywords":"","_relevanssi_unpin_keywords":"","_relevanssi_related_keywords":"","_relevanssi_related_include_ids":"","_relevanssi_related_exclude_ids":"","_relevanssi_related_no_append":"","_relevanssi_related_not_related":"","_relevanssi_related_posts":"","_relevanssi_noindex_reason":"","footnotes":""},"class_list":["post-29126","page","type-page","status-publish","has-post-thumbnail","hentry"],"acf":[],"yoast_head":"<!-- This site is optimized with the Yoast SEO Premium plugin v27.3 (Yoast SEO v27.3) - https:\/\/yoast.com\/product\/yoast-seo-premium-wordpress\/ -->\n<title>Cyber-Resilienz: Bewerten Sie den Reifegrad Ihrer Cybersicherheit.<\/title>\n<meta name=\"description\" content=\"Erreichen Sie Cyber-Resilienz mit umfassenden L\u00f6sungen zur Risikobewertung und zum Risikomanagement, die auf Ihre Bed\u00fcrfnisse zugeschnitten sind.\" \/>\n<meta name=\"robots\" content=\"index, follow, max-snippet:-1, max-image-preview:large, max-video-preview:-1\" \/>\n<link rel=\"canonical\" href=\"https:\/\/www.protect.airbus.com\/de\/cyber-resilienz\/\" \/>\n<meta property=\"og:locale\" content=\"de_DE\" \/>\n<meta property=\"og:type\" content=\"article\" \/>\n<meta property=\"og:title\" content=\"Cyber-Resilienz\" \/>\n<meta property=\"og:description\" content=\"Erreichen Sie Cyber-Resilienz mit umfassenden L\u00f6sungen zur Risikobewertung und zum Risikomanagement, die auf Ihre Bed\u00fcrfnisse zugeschnitten sind.\" \/>\n<meta property=\"og:url\" content=\"https:\/\/www.protect.airbus.com\/de\/cyber-resilienz\/\" \/>\n<meta property=\"og:site_name\" content=\"Airbus Protect\" \/>\n<meta property=\"article:modified_time\" content=\"2025-11-19T14:43:08+00:00\" \/>\n<meta property=\"og:image\" content=\"https:\/\/www.protect.airbus.com\/wp-content\/uploads\/2025\/08\/business-reilience-01.jpg\" \/>\n\t<meta property=\"og:image:width\" content=\"1920\" \/>\n\t<meta property=\"og:image:height\" content=\"359\" \/>\n\t<meta property=\"og:image:type\" content=\"image\/jpeg\" \/>\n<meta name=\"twitter:card\" content=\"summary_large_image\" \/>\n<meta name=\"twitter:label1\" content=\"Gesch\u00e4tzte Lesezeit\" \/>\n\t<meta name=\"twitter:data1\" content=\"4\u00a0Minuten\" \/>\n<script type=\"application\/ld+json\" class=\"yoast-schema-graph\">{\"@context\":\"https:\\\/\\\/schema.org\",\"@graph\":[{\"@type\":\"Service\",\"name\":\"Cyber-Resilienz\",\"url\":\"https:\\\/\\\/www.protect.airbus.com\\\/de\\\/cyber-resilienz\\\/\",\"provider\":{\"@id\":\"https:\\\/\\\/www.protect.airbus.com\\\/#organization\"},\"description\":\"\"},{\"@type\":\"WebPage\",\"@id\":\"https:\\\/\\\/www.protect.airbus.com\\\/de\\\/cyber-resilienz\\\/\",\"url\":\"https:\\\/\\\/www.protect.airbus.com\\\/de\\\/cyber-resilienz\\\/\",\"name\":\"Cyber-Resilienz: Bewerten Sie den Reifegrad Ihrer Cybersicherheit.\",\"isPartOf\":{\"@id\":\"https:\\\/\\\/www.protect.airbus.com\\\/de\\\/#website\"},\"primaryImageOfPage\":{\"@id\":\"https:\\\/\\\/www.protect.airbus.com\\\/de\\\/cyber-resilienz\\\/#primaryimage\"},\"image\":{\"@id\":\"https:\\\/\\\/www.protect.airbus.com\\\/de\\\/cyber-resilienz\\\/#primaryimage\"},\"thumbnailUrl\":\"https:\\\/\\\/www.protect.airbus.com\\\/wp-content\\\/uploads\\\/2025\\\/08\\\/business-reilience-01.jpg\",\"datePublished\":\"2025-05-16T08:06:35+00:00\",\"dateModified\":\"2025-11-19T14:43:08+00:00\",\"description\":\"Erreichen Sie Cyber-Resilienz mit umfassenden L\u00f6sungen zur Risikobewertung und zum Risikomanagement, die auf Ihre Bed\u00fcrfnisse zugeschnitten sind.\",\"breadcrumb\":{\"@id\":\"https:\\\/\\\/www.protect.airbus.com\\\/de\\\/cyber-resilienz\\\/#breadcrumb\"},\"inLanguage\":\"de\",\"potentialAction\":[{\"@type\":\"ReadAction\",\"target\":[\"https:\\\/\\\/www.protect.airbus.com\\\/de\\\/cyber-resilienz\\\/\"]}]},{\"@type\":\"ImageObject\",\"inLanguage\":\"de\",\"@id\":\"https:\\\/\\\/www.protect.airbus.com\\\/de\\\/cyber-resilienz\\\/#primaryimage\",\"url\":\"https:\\\/\\\/www.protect.airbus.com\\\/wp-content\\\/uploads\\\/2025\\\/08\\\/business-reilience-01.jpg\",\"contentUrl\":\"https:\\\/\\\/www.protect.airbus.com\\\/wp-content\\\/uploads\\\/2025\\\/08\\\/business-reilience-01.jpg\",\"width\":1920,\"height\":359},{\"@type\":\"BreadcrumbList\",\"@id\":\"https:\\\/\\\/www.protect.airbus.com\\\/de\\\/cyber-resilienz\\\/#breadcrumb\",\"itemListElement\":[{\"@type\":\"ListItem\",\"position\":1,\"name\":\"Home\",\"item\":\"https:\\\/\\\/www.protect.airbus.com\\\/de\\\/\"},{\"@type\":\"ListItem\",\"position\":2,\"name\":\"Cyber-Resilienz\"}]},{\"@type\":\"WebSite\",\"@id\":\"https:\\\/\\\/www.protect.airbus.com\\\/de\\\/#website\",\"url\":\"https:\\\/\\\/www.protect.airbus.com\\\/de\\\/\",\"name\":\"Airbus Protect\",\"description\":\"\",\"publisher\":{\"@id\":\"https:\\\/\\\/www.protect.airbus.com\\\/de\\\/#organization\"},\"potentialAction\":[{\"@type\":\"SearchAction\",\"target\":{\"@type\":\"EntryPoint\",\"urlTemplate\":\"https:\\\/\\\/www.protect.airbus.com\\\/de\\\/?s={search_term_string}\"},\"query-input\":{\"@type\":\"PropertyValueSpecification\",\"valueRequired\":true,\"valueName\":\"search_term_string\"}}],\"inLanguage\":\"de\"},{\"@type\":\"Organization\",\"@id\":\"https:\\\/\\\/www.protect.airbus.com\\\/de\\\/#organization\",\"name\":\"Airbus Protect\",\"url\":\"https:\\\/\\\/www.protect.airbus.com\\\/de\\\/\",\"logo\":{\"@type\":\"ImageObject\",\"inLanguage\":\"de\",\"@id\":\"https:\\\/\\\/www.protect.airbus.com\\\/de\\\/#\\\/schema\\\/logo\\\/image\\\/\",\"url\":\"https:\\\/\\\/www.protect.airbus.com\\\/wp-content\\\/uploads\\\/2023\\\/05\\\/logo-airbus-protect-696-696.png\",\"contentUrl\":\"https:\\\/\\\/www.protect.airbus.com\\\/wp-content\\\/uploads\\\/2023\\\/05\\\/logo-airbus-protect-696-696.png\",\"width\":696,\"height\":696,\"caption\":\"Airbus Protect\"},\"image\":{\"@id\":\"https:\\\/\\\/www.protect.airbus.com\\\/de\\\/#\\\/schema\\\/logo\\\/image\\\/\"},\"sameAs\":[\"https:\\\/\\\/www.linkedin.com\\\/company\\\/airbus-protect\\\/\",\"https:\\\/\\\/www.youtube.com\\\/@airbusprotect7483\"],\"contactPoint\":{\"@type\":\"ContactPoint\",\"email\":\"protect@airbus.com\",\"contactType\":\"customer service\",\"areaServed\":[\"GB\",\"FR\",\"ES\",\"DE\",\"BE\",\"CH\",\"PT\",\"DK\",\"AT\"],\"availableLanguage\":[\"en\",\"fr\",\"de\"]}}]}<\/script>\n<!-- \/ Yoast SEO Premium plugin. -->","yoast_head_json":{"title":"Cyber-Resilienz: Bewerten Sie den Reifegrad Ihrer Cybersicherheit.","description":"Erreichen Sie Cyber-Resilienz mit umfassenden L\u00f6sungen zur Risikobewertung und zum Risikomanagement, die auf Ihre Bed\u00fcrfnisse zugeschnitten sind.","robots":{"index":"index","follow":"follow","max-snippet":"max-snippet:-1","max-image-preview":"max-image-preview:large","max-video-preview":"max-video-preview:-1"},"canonical":"https:\/\/www.protect.airbus.com\/de\/cyber-resilienz\/","og_locale":"de_DE","og_type":"article","og_title":"Cyber-Resilienz","og_description":"Erreichen Sie Cyber-Resilienz mit umfassenden L\u00f6sungen zur Risikobewertung und zum Risikomanagement, die auf Ihre Bed\u00fcrfnisse zugeschnitten sind.","og_url":"https:\/\/www.protect.airbus.com\/de\/cyber-resilienz\/","og_site_name":"Airbus Protect","article_modified_time":"2025-11-19T14:43:08+00:00","og_image":[{"width":1920,"height":359,"url":"https:\/\/www.protect.airbus.com\/wp-content\/uploads\/2025\/08\/business-reilience-01.jpg","type":"image\/jpeg"}],"twitter_card":"summary_large_image","twitter_misc":{"Gesch\u00e4tzte Lesezeit":"4\u00a0Minuten"},"schema":{"@context":"https:\/\/schema.org","@graph":[{"@type":"Service","name":"Cyber-Resilienz","url":"https:\/\/www.protect.airbus.com\/de\/cyber-resilienz\/","provider":{"@id":"https:\/\/www.protect.airbus.com\/#organization"},"description":""},{"@type":"WebPage","@id":"https:\/\/www.protect.airbus.com\/de\/cyber-resilienz\/","url":"https:\/\/www.protect.airbus.com\/de\/cyber-resilienz\/","name":"Cyber-Resilienz: Bewerten Sie den Reifegrad Ihrer Cybersicherheit.","isPartOf":{"@id":"https:\/\/www.protect.airbus.com\/de\/#website"},"primaryImageOfPage":{"@id":"https:\/\/www.protect.airbus.com\/de\/cyber-resilienz\/#primaryimage"},"image":{"@id":"https:\/\/www.protect.airbus.com\/de\/cyber-resilienz\/#primaryimage"},"thumbnailUrl":"https:\/\/www.protect.airbus.com\/wp-content\/uploads\/2025\/08\/business-reilience-01.jpg","datePublished":"2025-05-16T08:06:35+00:00","dateModified":"2025-11-19T14:43:08+00:00","description":"Erreichen Sie Cyber-Resilienz mit umfassenden L\u00f6sungen zur Risikobewertung und zum Risikomanagement, die auf Ihre Bed\u00fcrfnisse zugeschnitten sind.","breadcrumb":{"@id":"https:\/\/www.protect.airbus.com\/de\/cyber-resilienz\/#breadcrumb"},"inLanguage":"de","potentialAction":[{"@type":"ReadAction","target":["https:\/\/www.protect.airbus.com\/de\/cyber-resilienz\/"]}]},{"@type":"ImageObject","inLanguage":"de","@id":"https:\/\/www.protect.airbus.com\/de\/cyber-resilienz\/#primaryimage","url":"https:\/\/www.protect.airbus.com\/wp-content\/uploads\/2025\/08\/business-reilience-01.jpg","contentUrl":"https:\/\/www.protect.airbus.com\/wp-content\/uploads\/2025\/08\/business-reilience-01.jpg","width":1920,"height":359},{"@type":"BreadcrumbList","@id":"https:\/\/www.protect.airbus.com\/de\/cyber-resilienz\/#breadcrumb","itemListElement":[{"@type":"ListItem","position":1,"name":"Home","item":"https:\/\/www.protect.airbus.com\/de\/"},{"@type":"ListItem","position":2,"name":"Cyber-Resilienz"}]},{"@type":"WebSite","@id":"https:\/\/www.protect.airbus.com\/de\/#website","url":"https:\/\/www.protect.airbus.com\/de\/","name":"Airbus Protect","description":"","publisher":{"@id":"https:\/\/www.protect.airbus.com\/de\/#organization"},"potentialAction":[{"@type":"SearchAction","target":{"@type":"EntryPoint","urlTemplate":"https:\/\/www.protect.airbus.com\/de\/?s={search_term_string}"},"query-input":{"@type":"PropertyValueSpecification","valueRequired":true,"valueName":"search_term_string"}}],"inLanguage":"de"},{"@type":"Organization","@id":"https:\/\/www.protect.airbus.com\/de\/#organization","name":"Airbus Protect","url":"https:\/\/www.protect.airbus.com\/de\/","logo":{"@type":"ImageObject","inLanguage":"de","@id":"https:\/\/www.protect.airbus.com\/de\/#\/schema\/logo\/image\/","url":"https:\/\/www.protect.airbus.com\/wp-content\/uploads\/2023\/05\/logo-airbus-protect-696-696.png","contentUrl":"https:\/\/www.protect.airbus.com\/wp-content\/uploads\/2023\/05\/logo-airbus-protect-696-696.png","width":696,"height":696,"caption":"Airbus Protect"},"image":{"@id":"https:\/\/www.protect.airbus.com\/de\/#\/schema\/logo\/image\/"},"sameAs":["https:\/\/www.linkedin.com\/company\/airbus-protect\/","https:\/\/www.youtube.com\/@airbusprotect7483"],"contactPoint":{"@type":"ContactPoint","email":"protect@airbus.com","contactType":"customer service","areaServed":["GB","FR","ES","DE","BE","CH","PT","DK","AT"],"availableLanguage":["en","fr","de"]}}]}},"_links":{"self":[{"href":"https:\/\/www.protect.airbus.com\/de\/wp-json\/wp\/v2\/pages\/29126","targetHints":{"allow":["GET"]}}],"collection":[{"href":"https:\/\/www.protect.airbus.com\/de\/wp-json\/wp\/v2\/pages"}],"about":[{"href":"https:\/\/www.protect.airbus.com\/de\/wp-json\/wp\/v2\/types\/page"}],"author":[{"embeddable":true,"href":"https:\/\/www.protect.airbus.com\/de\/wp-json\/wp\/v2\/users\/8"}],"replies":[{"embeddable":true,"href":"https:\/\/www.protect.airbus.com\/de\/wp-json\/wp\/v2\/comments?post=29126"}],"version-history":[{"count":22,"href":"https:\/\/www.protect.airbus.com\/de\/wp-json\/wp\/v2\/pages\/29126\/revisions"}],"predecessor-version":[{"id":42045,"href":"https:\/\/www.protect.airbus.com\/de\/wp-json\/wp\/v2\/pages\/29126\/revisions\/42045"}],"wp:featuredmedia":[{"embeddable":true,"href":"https:\/\/www.protect.airbus.com\/de\/wp-json\/wp\/v2\/media\/36076"}],"wp:attachment":[{"href":"https:\/\/www.protect.airbus.com\/de\/wp-json\/wp\/v2\/media?parent=29126"}],"curies":[{"name":"wp","href":"https:\/\/api.w.org\/{rel}","templated":true}]}}