{"id":26576,"date":"2022-06-30T15:39:01","date_gmt":"2022-06-30T13:39:01","guid":{"rendered":"https:\/\/www.protect.airbus.com\/legal-notice\/"},"modified":"2025-03-26T17:14:22","modified_gmt":"2025-03-26T16:14:22","slug":"impressum","status":"publish","type":"page","link":"https:\/\/www.protect.airbus.com\/de\/impressum\/","title":{"rendered":"Impressum"},"content":{"rendered":"<div class=\"wpb-content-wrapper\"><p>[vc_row][vc_column][vc_column_text css=&#8220;&#8220; p_style=&#8220;pHighlight&#8220;]<\/p>\r\n<h3 class=\"wp-block-heading\">Betreiber der Website und Verantwortlich f\u00fcr den Inhalt dieser Website gem\u00e4\u00df \u00a7 5 TMG:<\/h3>\r\n<p><span style=\"font-weight: 400;\">AIRBUS PROTECT SAS<\/span><span style=\"font-weight: 400;\"><br \/><\/span><span style=\"font-weight: 400;\">36 rue Raymond Grimaud<\/span><span style=\"font-weight: 400;\"><br \/><\/span><span style=\"font-weight: 400;\">31700 Blagnac<\/span><span style=\"font-weight: 400;\"><br \/><\/span><span style=\"font-weight: 400;\">Frankreich<\/span><span style=\"font-weight: 400;\"><br \/><\/span><span style=\"font-weight: 400;\">Siret: 33225298000104<\/span><\/p>\r\n<p><span style=\"font-weight: 400;\">Umsatzsteuer-Identifikationsnummer: FR47332252980<\/span><\/p>\r\n<p><span style=\"font-weight: 400;\">Vertretungsberechtigte Person: Thierry RACAUD<\/span><\/p>\r\n<h3>Hosting<\/h3>\r\n<p><b>3W DEVELOPPEMENT<\/b><span style=\"font-weight: 400;\"><br \/><\/span><span style=\"font-weight: 400;\">SASU, Kapital von 5.000 \u20ac<\/span><span style=\"font-weight: 400;\"><br \/><\/span><span style=\"font-weight: 400;\">RCS TOULON B 803 406 511 00029<\/span><span style=\"font-weight: 400;\"><br \/><\/span><span style=\"font-weight: 400;\">APE Code: 620Z<\/span><span style=\"font-weight: 400;\"><br \/><\/span><span style=\"font-weight: 400;\">Umsatzsteuer-Identifikationsnummer: FR 17 803 406 511<\/span><span style=\"font-weight: 400;\"><br \/><\/span><span style=\"font-weight: 400;\">Hauptsitz: 1047 Avenue de la R\u00e9sistance, Bat E, 83000 Toulon, Frankreich<\/span><\/p>\r\n<h3>Gestaltung<\/h3>\r\n<p><b>Pavillon noir<\/b><span style=\"font-weight: 400;\"><br \/><\/span><span style=\"font-weight: 400;\">67 all\u00e9es Jean Jaur\u00e8s<\/span><span style=\"font-weight: 400;\"><br \/><\/span><span style=\"font-weight: 400;\">31000 Toulouse<\/span><span style=\"font-weight: 400;\"><br \/><\/span><span style=\"font-weight: 400;\">Frankreich<\/span><\/p>\r\n<h3>Entwicklung<\/h3>\r\n<p><b>3W DEVELOPPEMENT<\/b><b><br \/><\/b><span style=\"font-weight: 400;\">1047 avenue de la R\u00e9sistance, Bat E<\/span><span style=\"font-weight: 400;\"><br \/><\/span><span style=\"font-weight: 400;\">83000 Toulon<\/span><span style=\"font-weight: 400;\"><br \/><\/span><span style=\"font-weight: 400;\">Frankreich<\/span><\/p>\r\n<p>&nbsp;<\/p>\r\n<h3>Hinweis zur Sprache<\/h3>\r\n<p><span style=\"font-weight: 400;\">Diese deutsche \u00dcbersetzung der rechtlichen Hinweise und Nutzungsbedingungen dient ausschlie\u00dflich der Information. Die einzig rechtsverbindliche Version ist die englische Fassung.<\/span><\/p>\r\n<p>&nbsp;<\/p>\r\n<h3>Allgemeine Nutzungsbedingungen<\/h3>\r\n<p><span style=\"font-weight: 400;\">Durch die Nutzung unserer Website www.protect.airbus.com akzeptieren Sie die in unserem rechtlichen Hinweis aufgef\u00fchrten allgemeinen Nutzungsbedingungen vollst\u00e4ndig und uneingeschr\u00e4nkt. AIRBUS PROTECT bem\u00fcht sich nach Kr\u00e4ften, die Website 24 Stunden am Tag und 7 Tage die Woche zug\u00e4nglich zu machen, kann jedoch nicht f\u00fcr die Unzug\u00e4nglichkeit der Website haftbar gemacht werden. Gem\u00e4\u00df seiner Kommunikationspolitik soll die Website www.protect.airbus.com die Benutzer \u00fcber die von AIRBUS PROTECT angebotenen Dienstleistungen informieren, wobei das Unternehmen bem\u00fcht ist, genaue Informationen \u00fcber seine T\u00e4tigkeit bereitzustellen. Es k\u00f6nnen jedoch Ungenauigkeiten oder Auslassungen auftreten: Das Unternehmen kann unter keinen Umst\u00e4nden f\u00fcr Fehler auf der Website www.protect.airbus.com haftbar gemacht werden.<\/span><\/p>\r\n<h3>Vertragliche Einschr\u00e4nkungen<\/h3>\r\n<p><span style=\"font-weight: 400;\">Die auf unserer Website www.protect.airbus.com wiedergegebenen Informationen werden qualitativen Pr\u00fcfungen unterzogen, um ihre Zuverl\u00e4ssigkeit zu gew\u00e4hrleisten. Wir haften jedoch nicht f\u00fcr technische Ungenauigkeiten in unseren Erl\u00e4uterungen. Wenn Sie einen Fehler in Bezug auf Informationen bemerken, die wir m\u00f6glicherweise ausgelassen haben, z\u00f6gern Sie nicht, uns per E-Mail an airbus-protect-legal@airbus.com zu benachrichtigen. Links, die direkt oder indirekt mit unserer Website www.protect.airbus.com verkn\u00fcpft sind, unterliegen nicht der Kontrolle unseres Unternehmens. Daher k\u00f6nnen wir die Richtigkeit der Informationen auf diesen anderen Websites nicht \u00fcberpr\u00fcfen.<\/span><\/p>\r\n<h3>Geistiges Eigentum und Website-Inhalte<\/h3>\r\n<p><span style=\"font-weight: 400;\">Der redaktionelle Inhalt der Website www.protect.airbus.com ist ausschlie\u00dfliches Eigentum von AIRBUS PROTECT. Jegliche vollst\u00e4ndige oder teilweise Darstellung dieser Website durch ein beliebiges Verfahren ohne die ausdr\u00fcckliche Genehmigung von AIRBUS PROTECT ist untersagt und w\u00fcrde einen Versto\u00df darstellen, der gem\u00e4\u00df Artikel L.335-2 ff. des franz\u00f6sischen Gesetzbuches \u00fcber das geistige Eigentum geahndet wird. Das Gleiche gilt f\u00fcr die Datenbanken auf dieser Website, die durch die Bestimmungen des Gesetzes vom 1. Juli 1998 \u00fcber den rechtlichen Schutz von Datenbanken gesch\u00fctzt sind. Die Website www.protect.airbus.com kann nicht f\u00fcr beleidigende, rassistische, verleumderische oder pornografische \u00c4u\u00dferungen in ihren interaktiven Bereichen zur Verantwortung gezogen werden. Das Unternehmen beh\u00e4lt sich au\u00dferdem das Recht vor, Inhalte zu entfernen, die den Werten des Unternehmens oder der in Frankreich geltenden Gesetzgebung zuwiderlaufen. Durch das Aufrufen der Website www.protect.airbus.com akzeptiert der Benutzer die m\u00f6gliche Installation von Cookies auf seinem Computer. Die Fotos, Zeichnungen und Dokumente auf dieser Website sind rein voraussichtliche Dokumente, die nicht endg\u00fcltig sind und daher keinen vertraglichen Wert haben und von einem potenziellen Kaufkandidaten nicht geltend gemacht werden k\u00f6nnen, da dieser sich nur auf die Bestimmungen seines Instruments und die beigef\u00fcgten Dokumente berufen kann.<\/span><\/p>\r\n<h3>Personenbezogene Daten, Achtung der Privatsph\u00e4re und Ihrer Freiheitsrechte<\/h3>\r\n<p><span style=\"font-weight: 400;\">Gem\u00e4\u00df den Bestimmungen des Gesetzes vom 6. Januar 1978 \u00fcber Datenverarbeitung, Dateien und Freiheiten wurde die automatisierte Verarbeitung personenbezogener Daten auf der Website www.protect.airbus.com bei der Nationalen Kommission f\u00fcr Informatik und Freiheiten (CNIL) gemeldet. AIRBUS PROTECT verpflichtet sich, die Informationen \u00fcber die Nutzer der Website in keiner Weise weiterzugeben (Verkauf, Tausch, Verleih, Vermietung, Schenkung). Gem\u00e4\u00df dem Gesetz \u201eInformatique et Libert\u00e9s\u201c vom 6. Januar 1978, ge\u00e4ndert im Jahr 2004, hat der Benutzer das Recht auf Zugang und Berichtigung personenbezogener Daten, ein Recht, das er jederzeit per E-Mail an airbus-protect-legal@airbus.com oder per Post an die folgende Adresse aus\u00fcben kann: ZAC du Grand Noble \u2013 37, avenue Escadrille Normandie Niemen \u2013 31700 BLAGNAC \u2013 Frankreich.<\/span><\/p>\r\n<h3>Anwendbares Recht und materielles Recht<\/h3>\r\n<p><span style=\"font-weight: 400;\">Die Website www.protect.airbus.com unterliegt franz\u00f6sischem Recht und wird durch das Gesetz Nr. 2004-2005 vom 21. Juni 2004 \u00fcber das Vertrauen in die digitale Wirtschaft, Artikel L.335-2 des Gesetzes \u00fcber geistiges Eigentum und das Gesetz \u201eInformatique et Libert\u00e9s\u201c vom 6. Januar 1978, ge\u00e4ndert 2004, geregelt.<\/span><\/p>\r\n<p>[\/vc_column_text][\/vc_column][\/vc_row]<\/p><\/div>","protected":false},"excerpt":{"rendered":"<p>[vc_row][vc_column][vc_column_text css=&#8220;&#8220; p_style=&#8220;pHighlight&#8220;] Betreiber der Website und Verantwortlich f\u00fcr den Inhalt dieser Website gem\u00e4\u00df \u00a7 5 TMG: AIRBUS PROTECT SAS36 rue Raymond Grimaud31700 BlagnacFrankreichSiret: 33225298000104 Umsatzsteuer-Identifikationsnummer: FR47332252980 Vertretungsberechtigte Person: Thierry RACAUD Hosting 3W DEVELOPPEMENTSASU, Kapital von 5.000 \u20acRCS TOULON B 803 406 511 00029APE Code: 620ZUmsatzsteuer-Identifikationsnummer: FR 17 803 406 511Hauptsitz: 1047 Avenue de la [&hellip;]<\/p>\n","protected":false},"author":1,"featured_media":0,"parent":0,"menu_order":0,"comment_status":"closed","ping_status":"closed","template":"","meta":{"_acf_changed":false,"content-type":"","_relevanssi_hide_post":"","_relevanssi_hide_content":"","_relevanssi_pin_for_all":"","_relevanssi_pin_keywords":"","_relevanssi_unpin_keywords":"","_relevanssi_related_keywords":"","_relevanssi_related_include_ids":"","_relevanssi_related_exclude_ids":"","_relevanssi_related_no_append":"","_relevanssi_related_not_related":"","_relevanssi_related_posts":"","_relevanssi_noindex_reason":"","footnotes":""},"class_list":["post-26576","page","type-page","status-publish","hentry"],"acf":[],"yoast_head":"<!-- This site is optimized with the Yoast SEO Premium plugin v27.4 (Yoast SEO v27.4) - https:\/\/yoast.com\/product\/yoast-seo-premium-wordpress\/ -->\n<title>Impressum - Airbus Protect<\/title>\n<meta name=\"robots\" content=\"index, nofollow, max-snippet:-1, max-image-preview:large, max-video-preview:-1\" \/>\n<link rel=\"canonical\" href=\"https:\/\/www.protect.airbus.com\/de\/impressum\/\" \/>\n<meta property=\"og:locale\" content=\"de_DE\" \/>\n<meta property=\"og:type\" content=\"article\" \/>\n<meta property=\"og:title\" content=\"Impressum\" \/>\n<meta property=\"og:description\" content=\"[vc_row][vc_column][vc_column_text css=&#8220;&#8220; p_style=&#8220;pHighlight&#8220;] Betreiber der Website und Verantwortlich f\u00fcr den Inhalt dieser Website gem\u00e4\u00df \u00a7 5 TMG: AIRBUS PROTECT SAS36 rue Raymond Grimaud31700 BlagnacFrankreichSiret: 33225298000104 Umsatzsteuer-Identifikationsnummer: FR47332252980 Vertretungsberechtigte Person: Thierry RACAUD Hosting 3W DEVELOPPEMENTSASU, Kapital von 5.000 \u20acRCS TOULON B 803 406 511 00029APE Code: 620ZUmsatzsteuer-Identifikationsnummer: FR 17 803 406 511Hauptsitz: 1047 Avenue de la [&hellip;]\" \/>\n<meta property=\"og:url\" content=\"https:\/\/www.protect.airbus.com\/de\/impressum\/\" \/>\n<meta property=\"og:site_name\" content=\"Airbus Protect\" \/>\n<meta property=\"article:modified_time\" content=\"2025-03-26T16:14:22+00:00\" \/>\n<meta name=\"twitter:card\" content=\"summary_large_image\" \/>\n<meta name=\"twitter:label1\" content=\"Gesch\u00e4tzte Lesezeit\" \/>\n\t<meta name=\"twitter:data1\" content=\"3\u00a0Minuten\" \/>\n<script type=\"application\/ld+json\" class=\"yoast-schema-graph\">{\"@context\":\"https:\\\/\\\/schema.org\",\"@graph\":[{\"@type\":\"WebPage\",\"@id\":\"https:\\\/\\\/www.protect.airbus.com\\\/de\\\/impressum\\\/\",\"url\":\"https:\\\/\\\/www.protect.airbus.com\\\/de\\\/impressum\\\/\",\"name\":\"Impressum - Airbus Protect\",\"isPartOf\":{\"@id\":\"https:\\\/\\\/www.protect.airbus.com\\\/de\\\/#website\"},\"datePublished\":\"2022-06-30T13:39:01+00:00\",\"dateModified\":\"2025-03-26T16:14:22+00:00\",\"breadcrumb\":{\"@id\":\"https:\\\/\\\/www.protect.airbus.com\\\/de\\\/impressum\\\/#breadcrumb\"},\"inLanguage\":\"de\",\"potentialAction\":[{\"@type\":\"ReadAction\",\"target\":[\"https:\\\/\\\/www.protect.airbus.com\\\/de\\\/impressum\\\/\"]}]},{\"@type\":\"BreadcrumbList\",\"@id\":\"https:\\\/\\\/www.protect.airbus.com\\\/de\\\/impressum\\\/#breadcrumb\",\"itemListElement\":[{\"@type\":\"ListItem\",\"position\":1,\"name\":\"Home\",\"item\":\"https:\\\/\\\/www.protect.airbus.com\\\/de\\\/\"},{\"@type\":\"ListItem\",\"position\":2,\"name\":\"Impressum\"}]},{\"@type\":\"WebSite\",\"@id\":\"https:\\\/\\\/www.protect.airbus.com\\\/de\\\/#website\",\"url\":\"https:\\\/\\\/www.protect.airbus.com\\\/de\\\/\",\"name\":\"Airbus Protect\",\"description\":\"\",\"publisher\":{\"@id\":\"https:\\\/\\\/www.protect.airbus.com\\\/de\\\/#organization\"},\"potentialAction\":[{\"@type\":\"SearchAction\",\"target\":{\"@type\":\"EntryPoint\",\"urlTemplate\":\"https:\\\/\\\/www.protect.airbus.com\\\/de\\\/?s={search_term_string}\"},\"query-input\":{\"@type\":\"PropertyValueSpecification\",\"valueRequired\":true,\"valueName\":\"search_term_string\"}}],\"inLanguage\":\"de\"},{\"@type\":\"Organization\",\"@id\":\"https:\\\/\\\/www.protect.airbus.com\\\/de\\\/#organization\",\"name\":\"Airbus Protect\",\"url\":\"https:\\\/\\\/www.protect.airbus.com\\\/de\\\/\",\"logo\":{\"@type\":\"ImageObject\",\"inLanguage\":\"de\",\"@id\":\"https:\\\/\\\/www.protect.airbus.com\\\/de\\\/#\\\/schema\\\/logo\\\/image\\\/\",\"url\":\"https:\\\/\\\/www.protect.airbus.com\\\/wp-content\\\/uploads\\\/2023\\\/05\\\/logo-airbus-protect-696-696.png\",\"contentUrl\":\"https:\\\/\\\/www.protect.airbus.com\\\/wp-content\\\/uploads\\\/2023\\\/05\\\/logo-airbus-protect-696-696.png\",\"width\":696,\"height\":696,\"caption\":\"Airbus Protect\"},\"image\":{\"@id\":\"https:\\\/\\\/www.protect.airbus.com\\\/de\\\/#\\\/schema\\\/logo\\\/image\\\/\"},\"sameAs\":[\"https:\\\/\\\/www.linkedin.com\\\/company\\\/airbus-protect\\\/\",\"https:\\\/\\\/www.youtube.com\\\/@airbusprotect7483\"],\"contactPoint\":{\"@type\":\"ContactPoint\",\"email\":\"protect@airbus.com\",\"contactType\":\"customer service\",\"areaServed\":[\"GB\",\"FR\",\"ES\",\"DE\",\"BE\",\"CH\",\"PT\",\"DK\",\"AT\"],\"availableLanguage\":[\"en\",\"fr\",\"de\"]}}]}<\/script>\n<!-- \/ Yoast SEO Premium plugin. -->","yoast_head_json":{"title":"Impressum - Airbus Protect","robots":{"index":"index","follow":"nofollow","max-snippet":"max-snippet:-1","max-image-preview":"max-image-preview:large","max-video-preview":"max-video-preview:-1"},"canonical":"https:\/\/www.protect.airbus.com\/de\/impressum\/","og_locale":"de_DE","og_type":"article","og_title":"Impressum","og_description":"[vc_row][vc_column][vc_column_text css=&#8220;&#8220; p_style=&#8220;pHighlight&#8220;] Betreiber der Website und Verantwortlich f\u00fcr den Inhalt dieser Website gem\u00e4\u00df \u00a7 5 TMG: AIRBUS PROTECT SAS36 rue Raymond Grimaud31700 BlagnacFrankreichSiret: 33225298000104 Umsatzsteuer-Identifikationsnummer: FR47332252980 Vertretungsberechtigte Person: Thierry RACAUD Hosting 3W DEVELOPPEMENTSASU, Kapital von 5.000 \u20acRCS TOULON B 803 406 511 00029APE Code: 620ZUmsatzsteuer-Identifikationsnummer: FR 17 803 406 511Hauptsitz: 1047 Avenue de la [&hellip;]","og_url":"https:\/\/www.protect.airbus.com\/de\/impressum\/","og_site_name":"Airbus Protect","article_modified_time":"2025-03-26T16:14:22+00:00","twitter_card":"summary_large_image","twitter_misc":{"Gesch\u00e4tzte Lesezeit":"3\u00a0Minuten"},"schema":{"@context":"https:\/\/schema.org","@graph":[{"@type":"WebPage","@id":"https:\/\/www.protect.airbus.com\/de\/impressum\/","url":"https:\/\/www.protect.airbus.com\/de\/impressum\/","name":"Impressum - Airbus Protect","isPartOf":{"@id":"https:\/\/www.protect.airbus.com\/de\/#website"},"datePublished":"2022-06-30T13:39:01+00:00","dateModified":"2025-03-26T16:14:22+00:00","breadcrumb":{"@id":"https:\/\/www.protect.airbus.com\/de\/impressum\/#breadcrumb"},"inLanguage":"de","potentialAction":[{"@type":"ReadAction","target":["https:\/\/www.protect.airbus.com\/de\/impressum\/"]}]},{"@type":"BreadcrumbList","@id":"https:\/\/www.protect.airbus.com\/de\/impressum\/#breadcrumb","itemListElement":[{"@type":"ListItem","position":1,"name":"Home","item":"https:\/\/www.protect.airbus.com\/de\/"},{"@type":"ListItem","position":2,"name":"Impressum"}]},{"@type":"WebSite","@id":"https:\/\/www.protect.airbus.com\/de\/#website","url":"https:\/\/www.protect.airbus.com\/de\/","name":"Airbus Protect","description":"","publisher":{"@id":"https:\/\/www.protect.airbus.com\/de\/#organization"},"potentialAction":[{"@type":"SearchAction","target":{"@type":"EntryPoint","urlTemplate":"https:\/\/www.protect.airbus.com\/de\/?s={search_term_string}"},"query-input":{"@type":"PropertyValueSpecification","valueRequired":true,"valueName":"search_term_string"}}],"inLanguage":"de"},{"@type":"Organization","@id":"https:\/\/www.protect.airbus.com\/de\/#organization","name":"Airbus Protect","url":"https:\/\/www.protect.airbus.com\/de\/","logo":{"@type":"ImageObject","inLanguage":"de","@id":"https:\/\/www.protect.airbus.com\/de\/#\/schema\/logo\/image\/","url":"https:\/\/www.protect.airbus.com\/wp-content\/uploads\/2023\/05\/logo-airbus-protect-696-696.png","contentUrl":"https:\/\/www.protect.airbus.com\/wp-content\/uploads\/2023\/05\/logo-airbus-protect-696-696.png","width":696,"height":696,"caption":"Airbus Protect"},"image":{"@id":"https:\/\/www.protect.airbus.com\/de\/#\/schema\/logo\/image\/"},"sameAs":["https:\/\/www.linkedin.com\/company\/airbus-protect\/","https:\/\/www.youtube.com\/@airbusprotect7483"],"contactPoint":{"@type":"ContactPoint","email":"protect@airbus.com","contactType":"customer service","areaServed":["GB","FR","ES","DE","BE","CH","PT","DK","AT"],"availableLanguage":["en","fr","de"]}}]}},"_links":{"self":[{"href":"https:\/\/www.protect.airbus.com\/de\/wp-json\/wp\/v2\/pages\/26576","targetHints":{"allow":["GET"]}}],"collection":[{"href":"https:\/\/www.protect.airbus.com\/de\/wp-json\/wp\/v2\/pages"}],"about":[{"href":"https:\/\/www.protect.airbus.com\/de\/wp-json\/wp\/v2\/types\/page"}],"author":[{"embeddable":true,"href":"https:\/\/www.protect.airbus.com\/de\/wp-json\/wp\/v2\/users\/1"}],"replies":[{"embeddable":true,"href":"https:\/\/www.protect.airbus.com\/de\/wp-json\/wp\/v2\/comments?post=26576"}],"version-history":[{"count":4,"href":"https:\/\/www.protect.airbus.com\/de\/wp-json\/wp\/v2\/pages\/26576\/revisions"}],"predecessor-version":[{"id":26581,"href":"https:\/\/www.protect.airbus.com\/de\/wp-json\/wp\/v2\/pages\/26576\/revisions\/26581"}],"wp:attachment":[{"href":"https:\/\/www.protect.airbus.com\/de\/wp-json\/wp\/v2\/media?parent=26576"}],"curies":[{"name":"wp","href":"https:\/\/api.w.org\/{rel}","templated":true}]}}