{"id":22522,"date":"2025-01-08T17:33:33","date_gmt":"2025-01-08T16:33:33","guid":{"rendered":"https:\/\/www.protect.airbus.com\/?page_id=22522"},"modified":"2025-02-17T17:30:16","modified_gmt":"2025-02-17T16:30:16","slug":"tesat-kundengeschichte","status":"publish","type":"page","link":"https:\/\/www.protect.airbus.com\/de\/tesat-kundengeschichte\/","title":{"rendered":"Kundengeschichte: TESATs verbessertes Sicherheitsniveau"},"content":{"rendered":"<div class=\"wpb-content-wrapper\"><p>[vc_row][vc_column][vc_empty_space height=&#8220;20px&#8220;][vc_column_text css=&#8220;.vc_custom_1739807409813{margin-bottom: 0px !important;padding-bottom: 0px !important;}&#8220; h2_style=&#8220;h2Big&#8220; p_style=&#8220;pHighlight&#8220;]<\/p>\n<h2>Wie Airbus Protect das Sicherheitsniveau von TESAT verbesserte: Eine Kundengeschichte<\/h2>\n<p>[\/vc_column_text][vc_column_text css=&#8220;.vc_custom_1739803483930{margin-bottom: 0px !important;padding-bottom: 0px !important;}&#8220; p_style=&#8220;pHighlight&#8220;]<span style=\"font-weight: 400;\">Produzierende Unternehmen aus verschiedenen Branchen bilden das Fundament der Kundenbasis von Airbus Protect. Ein erfolgreicher Cyber-Angriff auf diese Organisationen kann Lieferketten unterbrechen, Produktionslinien lahmlegen und erhebliche finanzielle Verluste verursachen. In einer sich st\u00e4ndig ver\u00e4ndernden, durch Cyber-Angriffe bedrohten Infrastruktur ist die Sicherheit der Unternehmen von entscheidender Bedeutung, um die betriebliche Kontinuit\u00e4t und wirtschaftliche Stabilit\u00e4t zu gew\u00e4hrleisten.<\/span>[\/vc_column_text][vc_empty_space height=&#8220;20px&#8220;]<div class=\"divBtCTA btAlignCenter\"><a onclick=\"fctGoToSection('kontakt-formulen');\" class=\"button btCybersecurity\">Kontaktieren Sie unser Expertenteam<\/a><\/div>[\/vc_column][vc_column][vc_column_text css=&#8220;&#8220; p_style=&#8220;pIntermediaire&#8220;]<\/p>\n<h3>Der Kunde<\/h3>\n<p><span style=\"font-weight: 400;\">TESAT ist europ\u00e4ischer Marktf\u00fchrer im Bereich der nachrichtentechnischen Nutzlasten von Satelliten. Das Produktspektrum von TESAT reicht dabei von kompletten Nutzlasten, \u00fcber Ger\u00e4te und Baugruppen, bis hin zu Hi-Rel Bauteilen f\u00fcr Raumfahrtanwendungen. Ausgehend von ihrer F\u00fchrungsposition im kommerziellen Satellitenmarkt und den dort notwendigen h\u00f6chsten Qualit\u00e4tsstandards werden die Produkte von TESAT weltweit in verschiedenen raumgest\u00fctzten Systemen f\u00fcr Telekommunikation, Navigation und Erdbeobachtung eingesetzt. Mehr als die H\u00e4lfte aller Kommunikationssatelliten in der Umlaufbahn haben TESAT-Ausr\u00fcstung an Bord. Sie wird von rund 1.200 Mitarbeitenden in Backnang, Deutschland, entwickelt, montiert, integriert und getestet. <\/span>[\/vc_column_text][vc_single_image image=&#8220;22526&#8243; img_size=&#8220;medium&#8220; alignment=&#8220;center&#8220; onclick=&#8220;custom_link&#8220; img_link_target=&#8220;_blank&#8220; css=&#8220;&#8220; link=&#8220;https:\/\/www.tesat.de\/&#8220;][vc_empty_space height=&#8220;20px&#8220;][vc_column_text css=&#8220;&#8220; h3_couleur=&#8220;h3BleuAirbus&#8220; p_style=&#8220;pIntermediaire&#8220;]<\/p>\n<h3>Kundenanforderung: Aufbau und Betrieb eines zertifizierten ISMS<\/h3>\n<p>Um den Schutz von Informationen zu verbessern und die Einhaltung gesetzlicher, regulatorischer und kundenspezifischer Anforderungen sicherzustellen, entschied sich TESAT f\u00fcr den Aufbau und den Betrieb eines nach ISO 27001 zertifizierten Informationssicherheits-Managementsystems (ISMS). F\u00fcr die Erstellung und Umsetzung der hierf\u00fcr erforderlichen Informationssicherheitsrichtlinien, -prozesse und -leitlinien suchte TESAT externe Unterst\u00fctzung.<\/p>\n<p>Im Anschluss an die erfolgreiche ISO 27001-Zertifizierung des ISMS strebte TESAT an, eine \u00dcbung durchzuf\u00fchren, um den Umgang mit einem Cyber-Notfall in einem praxisnahen &#8222;Train-as-you-fight&#8220;-Ansatz mit einem Incident-Response-Team zu \u00fcben. Ziel dieser \u00dcbung war es, Reaktionszeiten zu verk\u00fcrzen, die Wiederanlauf-F\u00e4higkeiten zu verbessern sowie die Einhaltung von gesetzlichen Meldepflichten (NIS-2) zu \u00fcberpr\u00fcfen.<\/p>\n<h3>Unsere L\u00f6sung: Mehr als nur ISO 27001-Compliance<\/h3>\n<p>Airbus Protect unterst\u00fctzte TESAT beim Aufbau eines ISO 27001-konformen ISMS und begleitete TESAT w\u00e4hrend des gesamten Zertifizierungsprozesses. Erfahrene Sicherheitsberater von Airbus Protect halfen bei der Erstellung der notwendigen Richtlinien und Prozessbeschreibungen, begleiteten die Umsetzung der Sicherheitsma\u00dfnahmen und unterst\u00fctzten bei den Zertifizierungsaudits.<\/p>\n<p>Um TESAT optimal auf eine eventuelle Cyber-Krise vorzubereiten, wurde eine Notfall\u00fcbung durchgef\u00fchrt. Hierzu wurde ein fiktives Cyber-Angriffsszenarium entworfen, um eine m\u00f6glichst reale Notfallsituation zu simulieren. Die \u00dcbung konzentrierte sich darauf, die implementierten Notfallprozesse inklusive gesetzlicher Meldepflichten (NIS-2) zu \u00fcberpr\u00fcfen und falls notwendig zu verbessern.<\/p>\n<h3>Kundenvorteil: St\u00e4rkung der Resilienz f\u00fcr ein verbessertes Sicherheitsniveau<\/h3>\n<p>Dank der Unterst\u00fctzung von Airbus Protect konnte TESAT ein ISO 27001-konformes ISMS etablieren und erfolgreich zertifizieren. Diese Ma\u00dfnahme stellt die Einhaltung relevanter Gesetze und Vorschriften sicher, schlie\u00dft Sicherheitsl\u00fccken und Schwachstellen und gew\u00e4hrleistet ein hohes Ma\u00df an Informationssicherheit.<\/p>\n<p>Dar\u00fcber hinaus profitierte TESAT von der praxisnahen Vorbereitung auf Cyber-Notf\u00e4lle. Die Simulation identifizierte und schloss L\u00fccken in der Meldekette, verbesserte die Reaktionsf\u00e4higkeit und die interne Koordination des Krisenmanagements. Diese Ma\u00dfnahmen\u00a0 reduzieren potenzielle Betriebsunterbrechungen und sorgen f\u00fcr eine gesteigerte betriebliche Resilienz.<\/p>\n<p>Mit der Unterst\u00fctzung von Airbus Protect hat TESAT sein Sicherheitsniveau erheblich verbessert und ist nun bestens ger\u00fcstet, Cyber-Angriffe effektiv abzuwehren. Die gewonnenen Erkenntnisse werden genutzt, um ein robustes und nachhaltiges Krisenmanagement zu gew\u00e4hrleisten.<\/p>\n<h3>Eine starke Kundenbeziehung<\/h3>\n<p>[\/vc_column_text]    <div class=\"citation pIntermediaire\">\n        <p>Reaktionsf\u00e4higkeit, Verf\u00fcgbarkeit vor Ort und Expertise waren entscheidend f\u00fcr die Implementierung eines ISMS und die anschlie\u00dfende Zertifizierung in einem sehr anspruchsvollen Zeitrahmen.<\/p>\n                <div class=\"infoAuteur\">\n            <div><span class=\"nomAuteur\">Michael Waibel,&nbsp;<\/span><span class=\"poste\">Chief Information Security Officer bei TESAT<\/span><\/div>        <\/div>\n            <\/div>\n    [vc_column_text css=&#8220;&#8220;]<\/p>\n<h3>Feedback unserer Airbus Protect Experten<b><br \/>\n<\/b><\/h3>\n<p>[\/vc_column_text]    <div class=\"citation pIntermediaire\">\n        <p>Das Erreichen der ISO 27001-Zertifizierung mit nur wenigen geringf\u00fcgigen Abweichungen ist au\u00dfergew\u00f6hnlich und ein bedeutender Erfolg f\u00fcr das gesamte Team.<\/p>\n                <div class=\"infoAuteur\">\n            <div><span class=\"nomAuteur\">Thomas Wershofen,&nbsp;<\/span><span class=\"poste\">Lead Cyber Security Consultant OT bei Airbus Protect<\/span><\/div>        <\/div>\n            <\/div>\n        <div class=\"citation pIntermediaire\">\n        <p>Durch die Gestaltung realistischer, ma\u00dfgeschneiderter \u00dcbungen steigern wir die Akzeptanz und Effektivit\u00e4t der Schulungen bei den Mitarbeitenden und innerhalb der Organisation. Dieser Ansatz deckt nicht nur reale Schwachstellen auf, sondern f\u00f6rdert auch langfristig das Bewusstsein und die Bereitschaft im Umgang mit Cyber-Krisen.<\/p>\n                <div class=\"infoAuteur\">\n            <div><span class=\"nomAuteur\">Markus Neumaier,&nbsp;<\/span><span class=\"poste\">Incident Responder bei Airbus Protect<\/span><\/div>        <\/div>\n            <\/div>\n    [\/vc_column][\/vc_row][vc_column]<div class=\"conteneurSolutionService conteneurSolutionServiceCybersecurity\">\n<div class=\"listeSolutionService\">\n    <div class=\"headerListeSolutionService\">\n        <h3>Erfahren Sie mehr \u00fcber unsere L\u00f6sungen im Bereich Cybersecurity<\/h3>        <p>Hier erfahren Sie mehr \u00fcber die in dieser Kundengeschichte erw\u00e4hnten Dienstleistungen<\/p>    <\/div>\n<div class=\"blocsSolutionService\"><div class=\"blocSolutionService blocSolutionServiceURL\">\n    <div>\n                <h4>Governance, Risiko, Compliance und Audits<\/h4>        <p>Wir helfen Ihnen dabei, die aktuelle Bedrohungslandschaft zu verstehen, Risiken zu antizipieren, bevor sie sich materialisieren, und sich \u00fcber die geltenden Vorschriften auf dem Laufenden zu halten.<\/p>    <\/div>\n            <div class=\"overlay\" onclick=\"document.location.href='https:\/\/www.protect.airbus.com\/de\/cybersecurity\/governance-risiko-compliance\/';\">\n            <span class=\"readMore\"><a href=\"https:\/\/www.protect.airbus.com\/de\/cybersecurity\/governance-risiko-compliance\/\" title=\"Governance, Risiko, Compliance und Audits\">Weiterlesen &gt;<\/a><\/span>\n        <\/div>\n        <\/div><div class=\"blocSolutionService blocSolutionServiceURL\">\n    <div>\n                <h4>Incident Response &amp; Digitale Forensik<\/h4>        <p>Sie sind Opfer eines Cyberangriffs geworden und wissen nicht, was Sie tun sollen? Kontaktieren Sie unser lokales Team f\u00fcr digitale Forensik und Incident Response!<\/p>    <\/div>\n            <div class=\"overlay\" onclick=\"document.location.href='https:\/\/www.protect.airbus.com\/de\/cybersecurity\/csirt\/';\">\n            <span class=\"readMore\"><a href=\"https:\/\/www.protect.airbus.com\/de\/cybersecurity\/csirt\/\" title=\"Incident Response &amp; Digitale Forensik\">Weiterlesen &gt;<\/a><\/span>\n        <\/div>\n        <\/div><\/div>\n    <\/div><\/div>[vc_row_inner][vc_column_inner][vc_column_text css=&#8220;&#8220; p_style=&#8220;pIntermediaire&#8220;]<\/p>\n<div class=\"wpb_text_column wpb_content_element pHighlight h2 h3\">\n<div class=\"wpb_wrapper\">\n<div class=\"wpb_text_column wpb_content_element pHighlight h2 h3\">\n<div class=\"wpb_wrapper\">\n<div class=\"wpb_text_column wpb_content_element pHighlight h2 h3\">\n<div class=\"wpb_wrapper\">\n<p style=\"text-align: center;\">M\u00f6chten Sie weitere Informationen erhalten?<\/p>\n<\/div>\n<\/div>\n<\/div>\n<\/div>\n<\/div>\n<\/div>\n<p>[\/vc_column_text][\/vc_column_inner][\/vc_row_inner][\/vc_column][vc_row][vc_column]<div class=\"ancreDeDestination\" data-ancre-destination=\"kontakt-formulen\" id=\"kontakt-formulen\"><\/div>[vc_raw_html css=&#8220;&#8220;]JTNDaWZyYW1lJTIwd2lkdGglM0QlMjIxMDAwJTIyJTIwaGVpZ2h0JTNEJTIyMTIwMCUyMiUyMHNyYyUzRCUyMmh0dHBzJTNBJTJGJTJGMmU0OTIzMzMuc2liZm9ybXMuY29tJTJGc2VydmUlMkZNVUlGQUpzSGlJTnlBUWtyN3pZbjY2UDNmc3FOZDd3azNQLWZQSS16M3JMdEZiVEFsNVAwYlp5LVotcHZ1STZ4cmRZT1B6R2FuUHE4Umo2ZzNKblZESjctODY5YkJTbUk3RjJFUEl1U1l4Y0ZrU1NoQUtxc2lBVXdvZl9scG4wLWlDRGRQQ3lXRVhiWjEzeEJWSmR5TjNxSndqNjF0R2tZMGJPd0ZrQ0M4WWV5WmJHNlpmbVhoRzFobjZBbDhZRWd5RzRYM29SRnBfMWlnVkhiJTIyJTIwZnJhbWVib3JkZXIlM0QlMjIwJTIyJTIwc2Nyb2xsaW5nJTNEJTIyYXV0byUyMiUyMGFsbG93ZnVsbHNjcmVlbiUyMHN0eWxlJTNEJTIyZGlzcGxheSUzQSUyMGJsb2NrJTNCbWFyZ2luLWxlZnQlM0ElMjBhdXRvJTNCbWFyZ2luLXJpZ2h0JTNBJTIwYXV0byUzQm1heC13aWR0aCUzQSUyMDEwMCUyNSUzQiUyMiUzRSUzQyUyRmlmcmFtZSUzRQ==[\/vc_raw_html][\/vc_column][\/vc_row]<\/p>\n<\/div>","protected":false},"excerpt":{"rendered":"<p>[vc_row][vc_column][vc_empty_space height=&#8220;20px&#8220;][vc_column_text css=&#8220;.vc_custom_1739807409813{margin-bottom: 0px !important;padding-bottom: 0px !important;}&#8220; h2_style=&#8220;h2Big&#8220; p_style=&#8220;pHighlight&#8220;] Wie Airbus Protect das Sicherheitsniveau von TESAT verbesserte: Eine Kundengeschichte [\/vc_column_text][vc_column_text css=&#8220;.vc_custom_1739803483930{margin-bottom: 0px !important;padding-bottom: 0px !important;}&#8220; p_style=&#8220;pHighlight&#8220;]Produzierende Unternehmen aus verschiedenen Branchen bilden das Fundament der Kundenbasis von Airbus Protect. Ein erfolgreicher Cyber-Angriff auf diese Organisationen kann Lieferketten unterbrechen, Produktionslinien lahmlegen und erhebliche finanzielle Verluste verursachen. In [&hellip;]<\/p>\n","protected":false},"author":8,"featured_media":22562,"parent":0,"menu_order":0,"comment_status":"closed","ping_status":"closed","template":"","meta":{"_acf_changed":false,"content-type":"","_relevanssi_hide_post":"","_relevanssi_hide_content":"","_relevanssi_pin_for_all":"","_relevanssi_pin_keywords":"","_relevanssi_unpin_keywords":"","_relevanssi_related_keywords":"","_relevanssi_related_include_ids":"","_relevanssi_related_exclude_ids":"","_relevanssi_related_no_append":"","_relevanssi_related_not_related":"","_relevanssi_related_posts":"","_relevanssi_noindex_reason":"","footnotes":""},"class_list":["post-22522","page","type-page","status-publish","has-post-thumbnail","hentry"],"acf":[],"yoast_head":"<!-- This site is optimized with the Yoast SEO Premium plugin v27.3 (Yoast SEO v27.3) - https:\/\/yoast.com\/product\/yoast-seo-premium-wordpress\/ -->\n<title>Kundengeschichte Cybersicherheit bei Airbus Protect<\/title>\n<meta name=\"description\" content=\"Erfahren Sie, wie Airbus Protects Kundengeschichte Cybersicherheit ein Engagement f\u00fcr fortschrittliche Cybersicherheitsl\u00f6sungen zeigt.\" \/>\n<meta name=\"robots\" content=\"index, follow, max-snippet:-1, max-image-preview:large, max-video-preview:-1\" \/>\n<link rel=\"canonical\" href=\"https:\/\/www.protect.airbus.com\/de\/tesat-kundengeschichte\/\" \/>\n<meta property=\"og:locale\" content=\"de_DE\" \/>\n<meta property=\"og:type\" content=\"article\" \/>\n<meta property=\"og:title\" content=\"Kundengeschichte: TESATs verbessertes Sicherheitsniveau\" \/>\n<meta property=\"og:description\" content=\"Erfahren Sie, wie Airbus Protects Kundengeschichte Cybersicherheit ein Engagement f\u00fcr fortschrittliche Cybersicherheitsl\u00f6sungen zeigt.\" \/>\n<meta property=\"og:url\" content=\"https:\/\/www.protect.airbus.com\/de\/tesat-kundengeschichte\/\" \/>\n<meta property=\"og:site_name\" content=\"Airbus Protect\" \/>\n<meta property=\"article:modified_time\" content=\"2025-02-17T16:30:16+00:00\" \/>\n<meta property=\"og:image\" content=\"https:\/\/www.protect.airbus.com\/wp-content\/uploads\/2025\/01\/banner_tesat-customer-story-01-01.png\" \/>\n\t<meta property=\"og:image:width\" content=\"1920\" \/>\n\t<meta property=\"og:image:height\" content=\"582\" \/>\n\t<meta property=\"og:image:type\" content=\"image\/png\" \/>\n<meta name=\"twitter:card\" content=\"summary_large_image\" \/>\n<meta name=\"twitter:label1\" content=\"Gesch\u00e4tzte Lesezeit\" \/>\n\t<meta name=\"twitter:data1\" content=\"5\u00a0Minuten\" \/>\n<script type=\"application\/ld+json\" class=\"yoast-schema-graph\">{\"@context\":\"https:\\\/\\\/schema.org\",\"@graph\":[{\"@type\":\"WebPage\",\"@id\":\"https:\\\/\\\/www.protect.airbus.com\\\/de\\\/tesat-kundengeschichte\\\/\",\"url\":\"https:\\\/\\\/www.protect.airbus.com\\\/de\\\/tesat-kundengeschichte\\\/\",\"name\":\"Kundengeschichte Cybersicherheit bei Airbus Protect\",\"isPartOf\":{\"@id\":\"https:\\\/\\\/www.protect.airbus.com\\\/de\\\/#website\"},\"primaryImageOfPage\":{\"@id\":\"https:\\\/\\\/www.protect.airbus.com\\\/de\\\/tesat-kundengeschichte\\\/#primaryimage\"},\"image\":{\"@id\":\"https:\\\/\\\/www.protect.airbus.com\\\/de\\\/tesat-kundengeschichte\\\/#primaryimage\"},\"thumbnailUrl\":\"https:\\\/\\\/www.protect.airbus.com\\\/wp-content\\\/uploads\\\/2025\\\/01\\\/banner_tesat-customer-story-01-01.png\",\"datePublished\":\"2025-01-08T16:33:33+00:00\",\"dateModified\":\"2025-02-17T16:30:16+00:00\",\"description\":\"Erfahren Sie, wie Airbus Protects Kundengeschichte Cybersicherheit ein Engagement f\u00fcr fortschrittliche Cybersicherheitsl\u00f6sungen zeigt.\",\"breadcrumb\":{\"@id\":\"https:\\\/\\\/www.protect.airbus.com\\\/de\\\/tesat-kundengeschichte\\\/#breadcrumb\"},\"inLanguage\":\"de\",\"potentialAction\":[{\"@type\":\"ReadAction\",\"target\":[\"https:\\\/\\\/www.protect.airbus.com\\\/de\\\/tesat-kundengeschichte\\\/\"]}]},{\"@type\":\"ImageObject\",\"inLanguage\":\"de\",\"@id\":\"https:\\\/\\\/www.protect.airbus.com\\\/de\\\/tesat-kundengeschichte\\\/#primaryimage\",\"url\":\"https:\\\/\\\/www.protect.airbus.com\\\/wp-content\\\/uploads\\\/2025\\\/01\\\/banner_tesat-customer-story-01-01.png\",\"contentUrl\":\"https:\\\/\\\/www.protect.airbus.com\\\/wp-content\\\/uploads\\\/2025\\\/01\\\/banner_tesat-customer-story-01-01.png\",\"width\":1920,\"height\":582},{\"@type\":\"BreadcrumbList\",\"@id\":\"https:\\\/\\\/www.protect.airbus.com\\\/de\\\/tesat-kundengeschichte\\\/#breadcrumb\",\"itemListElement\":[{\"@type\":\"ListItem\",\"position\":1,\"name\":\"Home\",\"item\":\"https:\\\/\\\/www.protect.airbus.com\\\/de\\\/\"},{\"@type\":\"ListItem\",\"position\":2,\"name\":\"Kundengeschichte: TESATs verbessertes Sicherheitsniveau\"}]},{\"@type\":\"WebSite\",\"@id\":\"https:\\\/\\\/www.protect.airbus.com\\\/de\\\/#website\",\"url\":\"https:\\\/\\\/www.protect.airbus.com\\\/de\\\/\",\"name\":\"Airbus Protect\",\"description\":\"\",\"publisher\":{\"@id\":\"https:\\\/\\\/www.protect.airbus.com\\\/de\\\/#organization\"},\"potentialAction\":[{\"@type\":\"SearchAction\",\"target\":{\"@type\":\"EntryPoint\",\"urlTemplate\":\"https:\\\/\\\/www.protect.airbus.com\\\/de\\\/?s={search_term_string}\"},\"query-input\":{\"@type\":\"PropertyValueSpecification\",\"valueRequired\":true,\"valueName\":\"search_term_string\"}}],\"inLanguage\":\"de\"},{\"@type\":\"Organization\",\"@id\":\"https:\\\/\\\/www.protect.airbus.com\\\/de\\\/#organization\",\"name\":\"Airbus Protect\",\"url\":\"https:\\\/\\\/www.protect.airbus.com\\\/de\\\/\",\"logo\":{\"@type\":\"ImageObject\",\"inLanguage\":\"de\",\"@id\":\"https:\\\/\\\/www.protect.airbus.com\\\/de\\\/#\\\/schema\\\/logo\\\/image\\\/\",\"url\":\"https:\\\/\\\/www.protect.airbus.com\\\/wp-content\\\/uploads\\\/2023\\\/05\\\/logo-airbus-protect-696-696.png\",\"contentUrl\":\"https:\\\/\\\/www.protect.airbus.com\\\/wp-content\\\/uploads\\\/2023\\\/05\\\/logo-airbus-protect-696-696.png\",\"width\":696,\"height\":696,\"caption\":\"Airbus Protect\"},\"image\":{\"@id\":\"https:\\\/\\\/www.protect.airbus.com\\\/de\\\/#\\\/schema\\\/logo\\\/image\\\/\"},\"sameAs\":[\"https:\\\/\\\/www.linkedin.com\\\/company\\\/airbus-protect\\\/\",\"https:\\\/\\\/www.youtube.com\\\/@airbusprotect7483\"],\"contactPoint\":{\"@type\":\"ContactPoint\",\"email\":\"protect@airbus.com\",\"contactType\":\"customer service\",\"areaServed\":[\"GB\",\"FR\",\"ES\",\"DE\",\"BE\",\"CH\",\"PT\",\"DK\",\"AT\"],\"availableLanguage\":[\"en\",\"fr\",\"de\"]}}]}<\/script>\n<!-- \/ Yoast SEO Premium plugin. -->","yoast_head_json":{"title":"Kundengeschichte Cybersicherheit bei Airbus Protect","description":"Erfahren Sie, wie Airbus Protects Kundengeschichte Cybersicherheit ein Engagement f\u00fcr fortschrittliche Cybersicherheitsl\u00f6sungen zeigt.","robots":{"index":"index","follow":"follow","max-snippet":"max-snippet:-1","max-image-preview":"max-image-preview:large","max-video-preview":"max-video-preview:-1"},"canonical":"https:\/\/www.protect.airbus.com\/de\/tesat-kundengeschichte\/","og_locale":"de_DE","og_type":"article","og_title":"Kundengeschichte: TESATs verbessertes Sicherheitsniveau","og_description":"Erfahren Sie, wie Airbus Protects Kundengeschichte Cybersicherheit ein Engagement f\u00fcr fortschrittliche Cybersicherheitsl\u00f6sungen zeigt.","og_url":"https:\/\/www.protect.airbus.com\/de\/tesat-kundengeschichte\/","og_site_name":"Airbus Protect","article_modified_time":"2025-02-17T16:30:16+00:00","og_image":[{"width":1920,"height":582,"url":"https:\/\/www.protect.airbus.com\/wp-content\/uploads\/2025\/01\/banner_tesat-customer-story-01-01.png","type":"image\/png"}],"twitter_card":"summary_large_image","twitter_misc":{"Gesch\u00e4tzte Lesezeit":"5\u00a0Minuten"},"schema":{"@context":"https:\/\/schema.org","@graph":[{"@type":"WebPage","@id":"https:\/\/www.protect.airbus.com\/de\/tesat-kundengeschichte\/","url":"https:\/\/www.protect.airbus.com\/de\/tesat-kundengeschichte\/","name":"Kundengeschichte Cybersicherheit bei Airbus Protect","isPartOf":{"@id":"https:\/\/www.protect.airbus.com\/de\/#website"},"primaryImageOfPage":{"@id":"https:\/\/www.protect.airbus.com\/de\/tesat-kundengeschichte\/#primaryimage"},"image":{"@id":"https:\/\/www.protect.airbus.com\/de\/tesat-kundengeschichte\/#primaryimage"},"thumbnailUrl":"https:\/\/www.protect.airbus.com\/wp-content\/uploads\/2025\/01\/banner_tesat-customer-story-01-01.png","datePublished":"2025-01-08T16:33:33+00:00","dateModified":"2025-02-17T16:30:16+00:00","description":"Erfahren Sie, wie Airbus Protects Kundengeschichte Cybersicherheit ein Engagement f\u00fcr fortschrittliche Cybersicherheitsl\u00f6sungen zeigt.","breadcrumb":{"@id":"https:\/\/www.protect.airbus.com\/de\/tesat-kundengeschichte\/#breadcrumb"},"inLanguage":"de","potentialAction":[{"@type":"ReadAction","target":["https:\/\/www.protect.airbus.com\/de\/tesat-kundengeschichte\/"]}]},{"@type":"ImageObject","inLanguage":"de","@id":"https:\/\/www.protect.airbus.com\/de\/tesat-kundengeschichte\/#primaryimage","url":"https:\/\/www.protect.airbus.com\/wp-content\/uploads\/2025\/01\/banner_tesat-customer-story-01-01.png","contentUrl":"https:\/\/www.protect.airbus.com\/wp-content\/uploads\/2025\/01\/banner_tesat-customer-story-01-01.png","width":1920,"height":582},{"@type":"BreadcrumbList","@id":"https:\/\/www.protect.airbus.com\/de\/tesat-kundengeschichte\/#breadcrumb","itemListElement":[{"@type":"ListItem","position":1,"name":"Home","item":"https:\/\/www.protect.airbus.com\/de\/"},{"@type":"ListItem","position":2,"name":"Kundengeschichte: TESATs verbessertes Sicherheitsniveau"}]},{"@type":"WebSite","@id":"https:\/\/www.protect.airbus.com\/de\/#website","url":"https:\/\/www.protect.airbus.com\/de\/","name":"Airbus Protect","description":"","publisher":{"@id":"https:\/\/www.protect.airbus.com\/de\/#organization"},"potentialAction":[{"@type":"SearchAction","target":{"@type":"EntryPoint","urlTemplate":"https:\/\/www.protect.airbus.com\/de\/?s={search_term_string}"},"query-input":{"@type":"PropertyValueSpecification","valueRequired":true,"valueName":"search_term_string"}}],"inLanguage":"de"},{"@type":"Organization","@id":"https:\/\/www.protect.airbus.com\/de\/#organization","name":"Airbus Protect","url":"https:\/\/www.protect.airbus.com\/de\/","logo":{"@type":"ImageObject","inLanguage":"de","@id":"https:\/\/www.protect.airbus.com\/de\/#\/schema\/logo\/image\/","url":"https:\/\/www.protect.airbus.com\/wp-content\/uploads\/2023\/05\/logo-airbus-protect-696-696.png","contentUrl":"https:\/\/www.protect.airbus.com\/wp-content\/uploads\/2023\/05\/logo-airbus-protect-696-696.png","width":696,"height":696,"caption":"Airbus Protect"},"image":{"@id":"https:\/\/www.protect.airbus.com\/de\/#\/schema\/logo\/image\/"},"sameAs":["https:\/\/www.linkedin.com\/company\/airbus-protect\/","https:\/\/www.youtube.com\/@airbusprotect7483"],"contactPoint":{"@type":"ContactPoint","email":"protect@airbus.com","contactType":"customer service","areaServed":["GB","FR","ES","DE","BE","CH","PT","DK","AT"],"availableLanguage":["en","fr","de"]}}]}},"_links":{"self":[{"href":"https:\/\/www.protect.airbus.com\/de\/wp-json\/wp\/v2\/pages\/22522","targetHints":{"allow":["GET"]}}],"collection":[{"href":"https:\/\/www.protect.airbus.com\/de\/wp-json\/wp\/v2\/pages"}],"about":[{"href":"https:\/\/www.protect.airbus.com\/de\/wp-json\/wp\/v2\/types\/page"}],"author":[{"embeddable":true,"href":"https:\/\/www.protect.airbus.com\/de\/wp-json\/wp\/v2\/users\/8"}],"replies":[{"embeddable":true,"href":"https:\/\/www.protect.airbus.com\/de\/wp-json\/wp\/v2\/comments?post=22522"}],"version-history":[{"count":28,"href":"https:\/\/www.protect.airbus.com\/de\/wp-json\/wp\/v2\/pages\/22522\/revisions"}],"predecessor-version":[{"id":25266,"href":"https:\/\/www.protect.airbus.com\/de\/wp-json\/wp\/v2\/pages\/22522\/revisions\/25266"}],"wp:featuredmedia":[{"embeddable":true,"href":"https:\/\/www.protect.airbus.com\/de\/wp-json\/wp\/v2\/media\/22562"}],"wp:attachment":[{"href":"https:\/\/www.protect.airbus.com\/de\/wp-json\/wp\/v2\/media?parent=22522"}],"curies":[{"name":"wp","href":"https:\/\/api.w.org\/{rel}","templated":true}]}}