{"id":20878,"date":"2024-11-28T15:53:50","date_gmt":"2024-11-28T14:53:50","guid":{"rendered":"https:\/\/www.protect.airbus.com\/cybersecurity\/conseil-cybersecurite-strategique\/"},"modified":"2025-09-24T17:10:17","modified_gmt":"2025-09-24T15:10:17","slug":"strategische-beratung-zur-cybersicherheit","status":"publish","type":"page","link":"https:\/\/www.protect.airbus.com\/de\/cybersecurity\/strategische-beratung-zur-cybersicherheit\/","title":{"rendered":"Strategische Beratung zur Cybersicherheit"},"content":{"rendered":"<div class=\"wpb-content-wrapper\"><p>[vc_row][vc_column][vc_column_text css=&#8220;&#8220; h2_style=&#8220;h2Big&#8220;]<\/p>\n<h2><b>Sch\u00fctzen Sie sich heute <\/b><b>f\u00fcr ein sicheres Morgen<\/b><\/h2>\n<p>[\/vc_column_text][vc_column_text css=&#8220;&#8220;]<\/p>\n<h3>mit unserer umfassenden Strategieberatung im Bereich Cybersicherheit<\/h3>\n<p>[\/vc_column_text][\/vc_column][\/vc_row][vc_row][vc_column][vc_column_text css=&#8220;&#8220; p_style=&#8220;pHighlight&#8220;]<\/p>\n<h3>Mit \u00fcber 15 Jahren Erfahrung unterst\u00fctzen unsere Senior Consultants Sie bei der Entwicklung einer fundierten Cybersicherheitsstrategie. Wir helfen F\u00fchrungskr\u00e4ften gro\u00dfer Unternehmen in kritischen Branchen, strategische Risiken gezielt zu managen und die Cyberresilienz zu st\u00e4rken.<\/h3>\n<p>[\/vc_column_text][vc_column_text css=&#8220;&#8220; p_style=&#8220;pHighlight&#8220;]<span style=\"font-weight: 400;\">Cybersicherheit geht heute weit \u00fcber den Schutz von Informationssystemen hinaus \u2013 sie ist entscheidend f\u00fcr die Nachhaltigkeit und Wettbewerbsf\u00e4higkeit von Unternehmen. Da Bedrohungen immer komplexer werden, beeinflussen Entscheidungen der Unternehmensf\u00fchrung die digitale Resilienz und das Vertrauen der Stakeholder ma\u00dfgeblich. Angesichts gezielter Angriffe, neuer Vorschriften und steigender Transparenzanforderungen muss Cybersicherheit zu einem integralen Bestandteil Ihrer Unternehmensstrategie werden.<\/span><\/p>\n<p><span style=\"font-weight: 400;\">Unsere Strategieberatung im Bereich Cybersicherheit unterst\u00fctzt Sie dabei, von einer reaktiven zu einer proaktiven Haltung zu wechseln. Wir integrieren Cybersicherheitsanforderungen in Ihre Governance und ber\u00fccksichtigen Ihre strategischen Priorit\u00e4ten. In jeder Phase begleiten wir Sie, um Ihre strategischen Entscheidungen an operative und regulatorische Anforderungen anzupassen \u2013 und Herausforderungen in Wachstumschancen zu verwandeln.<\/span><\/p>\n<h3><b>Unser Angebot<\/b><\/h3>\n<p><span style=\"font-weight: 400;\">Wir unterst\u00fctzen Sie bei der Entwicklung und Umsetzung einer Strategie f\u00fcr das Cyber-Risikomanagement in Ihrer Organisation durch folgende Ma\u00dfnahmen:<\/span><\/p>\n<ul>\n<li style=\"font-weight: 400;\" aria-level=\"1\"><span style=\"color: #00aec7;\"><b>Entwicklung ma\u00dfgeschneiderter Cyber-Roadmaps:<\/b><\/span> <b>Wir erstellen Roadmaps, die sich an Ihrem spezifischen Kontext und Ihren Zielen orientieren.<\/b><\/li>\n<\/ul>\n<p><span style=\"font-weight: 400;\">Dazu geh\u00f6ren auch gezielte Aktionspl\u00e4ne, die Ihre Cybersicherheitspriorit\u00e4ten mit Ihren strategischen Gesch\u00e4ftszielen verkn\u00fcpfen, einschlie\u00dflich der Implementierung eines Informationssicherheitsmanagementsystems (ISMS).<\/span><\/p>\n<ul>\n<li aria-level=\"1\"><span style=\"color: #00aec7;\"><b>Externe Berater f\u00fcr Cybersecurity Governance:<\/b><\/span> <b>Definition von Best Practices f\u00fcr Ihre Cybersecurity Governance<\/b><span style=\"font-weight: 400;\"><br \/>\n<\/span><\/li>\n<\/ul>\n<p><span style=\"font-weight: 400;\">Wir unterst\u00fctzen F\u00fchrungskr\u00e4fte dabei, ein effektives Risikomanagement zu etablieren und die Einhaltung branchenspezifischer oder regional geltender Vorschriften sicherzustellen.<\/span><\/p>\n<ul>\n<li aria-level=\"1\"><span style=\"color: #00aec7;\"><span style=\"color: #000000;\"><b><span style=\"color: #00aec7;\">Taktische Unterst\u00fctzung auf F\u00fchrungsebene: <\/span><\/b><\/span><\/span><b>Gemeinsame Verantwortung f\u00fcr Cybersicherheit.<\/b><\/li>\n<\/ul>\n<p><span style=\"font-weight: 400;\">Wir arbeiten direkt auf Vorstandsebene, um Ihnen zu helfen, fundierte Entscheidungen zu Cyberfragen zu treffen und Vorf\u00e4lle proaktiv zu managen. So f\u00f6rdern wir eine enge Zusammenarbeit zwischen Vorstand, Cybersicherheitsverantwortlichen und der Unternehmensf\u00fchrung.<\/span><\/p>\n<ul>\n<li aria-level=\"1\"><span style=\"color: #00aec7;\"><b>CISO-as-a-Service: <\/b><\/span><b>Bereitstellung eines CISO auf Teilzeit- oder Interimsbasis.<\/b><\/li>\n<\/ul>\n<p><span style=\"font-weight: 400;\">Wir stellen erfahrene CISOs zur Verf\u00fcgung, die tempor\u00e4r einspringen, um die Kontinuit\u00e4t Ihrer Cybersicherheitsaktivit\u00e4ten sicherzustellen oder eine Transformationsphase Ihrer Organisation zu leiten.<\/span>[\/vc_column_text][\/vc_column][\/vc_row][vc_row][vc_column][vc_column_text css=&#8220;&#8220; p_style=&#8220;pHighlight&#8220;]<\/p>\n<h3><b>Warum Airbus Protect?<\/b><\/h3>\n<p><span style=\"font-weight: 400;\">Unsere Berater f\u00fcr strategische Cybersicherheit verf\u00fcgen \u00fcber fundierte Erfahrung in kritischen Branchen und in der F\u00fchrung komplexer Projekte. Sie gew\u00e4hrleisten ein proaktives Management von Kunden-Lieferanten-Beziehungen und sind darauf spezialisiert, die Resilienz Ihrer Organisation nachhaltig zu st\u00e4rken.<\/span><\/p>\n<p><span style=\"font-weight: 400;\">Im Mittelpunkt unserer Arbeit stehen Ihre spezifischen Anforderungen. Wir begleiten Sie in jeder Phase Ihres Cybersicherheits-Risikomanagements und passen unsere L\u00f6sungen an Ihre individuellen Herausforderungen an. Mit uns entwickeln und implementieren Sie eine umfassende Cybersicherheitsstrategie f\u00fcr Ihre gesamte Organisation, und profitieren von:<\/span><\/p>\n<ul>\n<li><b>Flexibilit\u00e4t im Angebotsumfang<\/b><span style=\"font-weight: 400;\">: Ma\u00dfgeschneiderte Services, ob Einzelprojekte, Interims-CISO-Eins\u00e4tze oder dauerhafte Unterst\u00fctzung.<\/span><\/li>\n<li><b>Umfassende Umfeldanalyse<\/b><span style=\"font-weight: 400;\">: Vor der Implementierung einer Cybersecurity-Governance-Strategie analysieren unsere Experten Ihr Umfeld \u2013 von industriellen Abl\u00e4ufen \u00fcber produktionsbedingte Risiken bis hin zu geopolitischen und regulatorischen Einfl\u00fcssen.<\/span><\/li>\n<li><b>Nutzung unserer Erfahrung<\/b><span style=\"font-weight: 400;\">: Wir unterst\u00fctzen Sie bei der Einhaltung internationaler und branchenspezifischer Cybersicherheitsvorschriften wie DSGVO, ISO 27001, NIS2 und weiteren Regelwerken, einschlie\u00dflich Anforderungen spezifisch f\u00fcr Airbus.<\/span><\/li>\n<li><b>Erg\u00e4nzende Dienstleistungen<\/b><span style=\"font-weight: 400;\">: Unsere Berater bieten Datenschutz-Folgenabsch\u00e4tzungen und Compliance-Audits, um die Einhaltung von Datenschutzvorschriften sicherzustellen.<\/span><\/li>\n<li style=\"list-style-type: none;\"><\/li>\n<\/ul>\n<p><span style=\"font-weight: 400;\">Unsere strategische Cybersicherheitsberatung erm\u00f6glicht es Ihnen, Ihr digitales Umfeld sicher zu steuern, w\u00e4hrend Sie sich auf Ihr Kerngesch\u00e4ft konzentrieren. Mit unserem ganzheitlichen Ansatz helfen wir Ihnen, Risiken zu antizipieren und zu managen und gleichzeitig eine nachhaltige Cyberresilienz aufzubauen.<\/span>[\/vc_column_text][\/vc_column][\/vc_row][vc_row][vc_column][vc_column_text css=&#8220;&#8220;]<\/p>\n<h3><b>Entdecken Sie auch unsere weiteren Beratungsdienste und Managed Security Services (MSS) f\u00fcr einen umfassenden, kontinuierlichen Schutz vor sich st\u00e4ndig weiterentwickelnden Bedrohungen.<\/b><\/h3>\n<p>[\/vc_column_text]<div class=\"divBtCTA btAlignCenter\"><a href=\"https:\/\/www.protect.airbus.com\/de\/kontakt\/\"  class=\"button btCybersecurity\">Kontakt aufnehmen<\/a><\/div>[\/vc_column][\/vc_row]<\/p>\n<\/div>","protected":false},"excerpt":{"rendered":"<p>[vc_row][vc_column][vc_column_text css=&#8220;&#8220; h2_style=&#8220;h2Big&#8220;] Sch\u00fctzen Sie sich heute f\u00fcr ein sicheres Morgen [\/vc_column_text][vc_column_text css=&#8220;&#8220;] mit unserer umfassenden Strategieberatung im Bereich Cybersicherheit [\/vc_column_text][\/vc_column][\/vc_row][vc_row][vc_column][vc_column_text css=&#8220;&#8220; p_style=&#8220;pHighlight&#8220;] Mit \u00fcber 15 Jahren Erfahrung unterst\u00fctzen unsere Senior Consultants Sie bei der Entwicklung einer fundierten Cybersicherheitsstrategie. Wir helfen F\u00fchrungskr\u00e4ften gro\u00dfer Unternehmen in kritischen Branchen, strategische Risiken gezielt zu managen und die Cyberresilienz [&hellip;]<\/p>\n","protected":false},"author":8,"featured_media":6468,"parent":6950,"menu_order":0,"comment_status":"closed","ping_status":"closed","template":"","meta":{"_acf_changed":false,"content-type":"","_relevanssi_hide_post":"","_relevanssi_hide_content":"","_relevanssi_pin_for_all":"","_relevanssi_pin_keywords":"","_relevanssi_unpin_keywords":"","_relevanssi_related_keywords":"","_relevanssi_related_include_ids":"","_relevanssi_related_exclude_ids":"","_relevanssi_related_no_append":"","_relevanssi_related_not_related":"","_relevanssi_related_posts":"","_relevanssi_noindex_reason":"","footnotes":""},"class_list":["post-20878","page","type-page","status-publish","has-post-thumbnail","hentry"],"acf":[],"yoast_head":"<!-- This site is optimized with the Yoast SEO Premium plugin v27.3 (Yoast SEO v27.3) - https:\/\/yoast.com\/product\/yoast-seo-premium-wordpress\/ -->\n<title>Strategische Beratung zur Cybersicherheit: St\u00e4rkung Ihrer Cyber-Resilienz<\/title>\n<meta name=\"description\" content=\"St\u00e4rken Sie Ihre Cyber-Resilienz durch strategische Beratung zur Cyber-Sicherheit. Unsere erfahrenen Seniorberater k\u00f6nnen Sie bei der Entwicklung einer umfassenden Cybersicherheitsstrategie unterst\u00fctzen.\" \/>\n<meta name=\"robots\" content=\"index, follow, max-snippet:-1, max-image-preview:large, max-video-preview:-1\" \/>\n<link rel=\"canonical\" href=\"https:\/\/www.protect.airbus.com\/de\/cybersecurity\/strategische-beratung-zur-cybersicherheit\/\" \/>\n<meta property=\"og:locale\" content=\"de_DE\" \/>\n<meta property=\"og:type\" content=\"article\" \/>\n<meta property=\"og:title\" content=\"Strategische Beratung zur Cybersicherheit\" \/>\n<meta property=\"og:description\" content=\"St\u00e4rken Sie Ihre Cyber-Resilienz durch strategische Beratung zur Cyber-Sicherheit. Unsere erfahrenen Seniorberater k\u00f6nnen Sie bei der Entwicklung einer umfassenden Cybersicherheitsstrategie unterst\u00fctzen.\" \/>\n<meta property=\"og:url\" content=\"https:\/\/www.protect.airbus.com\/de\/cybersecurity\/strategische-beratung-zur-cybersicherheit\/\" \/>\n<meta property=\"og:site_name\" content=\"Airbus Protect\" \/>\n<meta property=\"article:modified_time\" content=\"2025-09-24T15:10:17+00:00\" \/>\n<meta property=\"og:image\" content=\"https:\/\/www.protect.airbus.com\/wp-content\/uploads\/revslider\/header-cybersecurity-en\/bg-cybersecurity.png\" \/>\n\t<meta property=\"og:image:width\" content=\"1920\" \/>\n\t<meta property=\"og:image:height\" content=\"582\" \/>\n\t<meta property=\"og:image:type\" content=\"image\/png\" \/>\n<meta name=\"twitter:card\" content=\"summary_large_image\" \/>\n<meta name=\"twitter:label1\" content=\"Gesch\u00e4tzte Lesezeit\" \/>\n\t<meta name=\"twitter:data1\" content=\"3\u00a0Minuten\" \/>\n<script type=\"application\/ld+json\" class=\"yoast-schema-graph\">{\"@context\":\"https:\\\/\\\/schema.org\",\"@graph\":[{\"@type\":\"Service\",\"name\":\"Strategische Beratung zur Cybersicherheit\",\"url\":\"https:\\\/\\\/www.protect.airbus.com\\\/de\\\/cybersecurity\\\/strategische-beratung-zur-cybersicherheit\\\/\",\"provider\":{\"@id\":\"https:\\\/\\\/www.protect.airbus.com\\\/#organization\"},\"description\":\"\"},{\"@type\":\"WebPage\",\"@id\":\"https:\\\/\\\/www.protect.airbus.com\\\/de\\\/cybersecurity\\\/strategische-beratung-zur-cybersicherheit\\\/\",\"url\":\"https:\\\/\\\/www.protect.airbus.com\\\/de\\\/cybersecurity\\\/strategische-beratung-zur-cybersicherheit\\\/\",\"name\":\"Strategische Beratung zur Cybersicherheit: St\u00e4rkung Ihrer Cyber-Resilienz\",\"isPartOf\":{\"@id\":\"https:\\\/\\\/www.protect.airbus.com\\\/de\\\/#website\"},\"primaryImageOfPage\":{\"@id\":\"https:\\\/\\\/www.protect.airbus.com\\\/de\\\/cybersecurity\\\/strategische-beratung-zur-cybersicherheit\\\/#primaryimage\"},\"image\":{\"@id\":\"https:\\\/\\\/www.protect.airbus.com\\\/de\\\/cybersecurity\\\/strategische-beratung-zur-cybersicherheit\\\/#primaryimage\"},\"thumbnailUrl\":\"https:\\\/\\\/www.protect.airbus.com\\\/wp-content\\\/uploads\\\/revslider\\\/header-cybersecurity-en\\\/bg-cybersecurity.png\",\"datePublished\":\"2024-11-28T14:53:50+00:00\",\"dateModified\":\"2025-09-24T15:10:17+00:00\",\"description\":\"St\u00e4rken Sie Ihre Cyber-Resilienz durch strategische Beratung zur Cyber-Sicherheit. Unsere erfahrenen Seniorberater k\u00f6nnen Sie bei der Entwicklung einer umfassenden Cybersicherheitsstrategie unterst\u00fctzen.\",\"breadcrumb\":{\"@id\":\"https:\\\/\\\/www.protect.airbus.com\\\/de\\\/cybersecurity\\\/strategische-beratung-zur-cybersicherheit\\\/#breadcrumb\"},\"inLanguage\":\"de\",\"potentialAction\":[{\"@type\":\"ReadAction\",\"target\":[\"https:\\\/\\\/www.protect.airbus.com\\\/de\\\/cybersecurity\\\/strategische-beratung-zur-cybersicherheit\\\/\"]}]},{\"@type\":\"ImageObject\",\"inLanguage\":\"de\",\"@id\":\"https:\\\/\\\/www.protect.airbus.com\\\/de\\\/cybersecurity\\\/strategische-beratung-zur-cybersicherheit\\\/#primaryimage\",\"url\":\"https:\\\/\\\/www.protect.airbus.com\\\/wp-content\\\/uploads\\\/revslider\\\/header-cybersecurity-en\\\/bg-cybersecurity.png\",\"contentUrl\":\"https:\\\/\\\/www.protect.airbus.com\\\/wp-content\\\/uploads\\\/revslider\\\/header-cybersecurity-en\\\/bg-cybersecurity.png\",\"width\":1920,\"height\":582},{\"@type\":\"BreadcrumbList\",\"@id\":\"https:\\\/\\\/www.protect.airbus.com\\\/de\\\/cybersecurity\\\/strategische-beratung-zur-cybersicherheit\\\/#breadcrumb\",\"itemListElement\":[{\"@type\":\"ListItem\",\"position\":1,\"name\":\"Home\",\"item\":\"https:\\\/\\\/www.protect.airbus.com\\\/de\\\/\"},{\"@type\":\"ListItem\",\"position\":2,\"name\":\"Cybersecurity\",\"item\":\"https:\\\/\\\/www.protect.airbus.com\\\/de\\\/cybersecurity\\\/\"},{\"@type\":\"ListItem\",\"position\":3,\"name\":\"Strategische Beratung zur Cybersicherheit\"}]},{\"@type\":\"WebSite\",\"@id\":\"https:\\\/\\\/www.protect.airbus.com\\\/de\\\/#website\",\"url\":\"https:\\\/\\\/www.protect.airbus.com\\\/de\\\/\",\"name\":\"Airbus Protect\",\"description\":\"\",\"publisher\":{\"@id\":\"https:\\\/\\\/www.protect.airbus.com\\\/de\\\/#organization\"},\"potentialAction\":[{\"@type\":\"SearchAction\",\"target\":{\"@type\":\"EntryPoint\",\"urlTemplate\":\"https:\\\/\\\/www.protect.airbus.com\\\/de\\\/?s={search_term_string}\"},\"query-input\":{\"@type\":\"PropertyValueSpecification\",\"valueRequired\":true,\"valueName\":\"search_term_string\"}}],\"inLanguage\":\"de\"},{\"@type\":\"Organization\",\"@id\":\"https:\\\/\\\/www.protect.airbus.com\\\/de\\\/#organization\",\"name\":\"Airbus Protect\",\"url\":\"https:\\\/\\\/www.protect.airbus.com\\\/de\\\/\",\"logo\":{\"@type\":\"ImageObject\",\"inLanguage\":\"de\",\"@id\":\"https:\\\/\\\/www.protect.airbus.com\\\/de\\\/#\\\/schema\\\/logo\\\/image\\\/\",\"url\":\"https:\\\/\\\/www.protect.airbus.com\\\/wp-content\\\/uploads\\\/2023\\\/05\\\/logo-airbus-protect-696-696.png\",\"contentUrl\":\"https:\\\/\\\/www.protect.airbus.com\\\/wp-content\\\/uploads\\\/2023\\\/05\\\/logo-airbus-protect-696-696.png\",\"width\":696,\"height\":696,\"caption\":\"Airbus Protect\"},\"image\":{\"@id\":\"https:\\\/\\\/www.protect.airbus.com\\\/de\\\/#\\\/schema\\\/logo\\\/image\\\/\"},\"sameAs\":[\"https:\\\/\\\/www.linkedin.com\\\/company\\\/airbus-protect\\\/\",\"https:\\\/\\\/www.youtube.com\\\/@airbusprotect7483\"],\"contactPoint\":{\"@type\":\"ContactPoint\",\"email\":\"protect@airbus.com\",\"contactType\":\"customer service\",\"areaServed\":[\"GB\",\"FR\",\"ES\",\"DE\",\"BE\",\"CH\",\"PT\",\"DK\",\"AT\"],\"availableLanguage\":[\"en\",\"fr\",\"de\"]}}]}<\/script>\n<!-- \/ Yoast SEO Premium plugin. -->","yoast_head_json":{"title":"Strategische Beratung zur Cybersicherheit: St\u00e4rkung Ihrer Cyber-Resilienz","description":"St\u00e4rken Sie Ihre Cyber-Resilienz durch strategische Beratung zur Cyber-Sicherheit. Unsere erfahrenen Seniorberater k\u00f6nnen Sie bei der Entwicklung einer umfassenden Cybersicherheitsstrategie unterst\u00fctzen.","robots":{"index":"index","follow":"follow","max-snippet":"max-snippet:-1","max-image-preview":"max-image-preview:large","max-video-preview":"max-video-preview:-1"},"canonical":"https:\/\/www.protect.airbus.com\/de\/cybersecurity\/strategische-beratung-zur-cybersicherheit\/","og_locale":"de_DE","og_type":"article","og_title":"Strategische Beratung zur Cybersicherheit","og_description":"St\u00e4rken Sie Ihre Cyber-Resilienz durch strategische Beratung zur Cyber-Sicherheit. Unsere erfahrenen Seniorberater k\u00f6nnen Sie bei der Entwicklung einer umfassenden Cybersicherheitsstrategie unterst\u00fctzen.","og_url":"https:\/\/www.protect.airbus.com\/de\/cybersecurity\/strategische-beratung-zur-cybersicherheit\/","og_site_name":"Airbus Protect","article_modified_time":"2025-09-24T15:10:17+00:00","og_image":[{"width":1920,"height":582,"url":"https:\/\/www.protect.airbus.com\/wp-content\/uploads\/revslider\/header-cybersecurity-en\/bg-cybersecurity.png","type":"image\/png"}],"twitter_card":"summary_large_image","twitter_misc":{"Gesch\u00e4tzte Lesezeit":"3\u00a0Minuten"},"schema":{"@context":"https:\/\/schema.org","@graph":[{"@type":"Service","name":"Strategische Beratung zur Cybersicherheit","url":"https:\/\/www.protect.airbus.com\/de\/cybersecurity\/strategische-beratung-zur-cybersicherheit\/","provider":{"@id":"https:\/\/www.protect.airbus.com\/#organization"},"description":""},{"@type":"WebPage","@id":"https:\/\/www.protect.airbus.com\/de\/cybersecurity\/strategische-beratung-zur-cybersicherheit\/","url":"https:\/\/www.protect.airbus.com\/de\/cybersecurity\/strategische-beratung-zur-cybersicherheit\/","name":"Strategische Beratung zur Cybersicherheit: St\u00e4rkung Ihrer Cyber-Resilienz","isPartOf":{"@id":"https:\/\/www.protect.airbus.com\/de\/#website"},"primaryImageOfPage":{"@id":"https:\/\/www.protect.airbus.com\/de\/cybersecurity\/strategische-beratung-zur-cybersicherheit\/#primaryimage"},"image":{"@id":"https:\/\/www.protect.airbus.com\/de\/cybersecurity\/strategische-beratung-zur-cybersicherheit\/#primaryimage"},"thumbnailUrl":"https:\/\/www.protect.airbus.com\/wp-content\/uploads\/revslider\/header-cybersecurity-en\/bg-cybersecurity.png","datePublished":"2024-11-28T14:53:50+00:00","dateModified":"2025-09-24T15:10:17+00:00","description":"St\u00e4rken Sie Ihre Cyber-Resilienz durch strategische Beratung zur Cyber-Sicherheit. Unsere erfahrenen Seniorberater k\u00f6nnen Sie bei der Entwicklung einer umfassenden Cybersicherheitsstrategie unterst\u00fctzen.","breadcrumb":{"@id":"https:\/\/www.protect.airbus.com\/de\/cybersecurity\/strategische-beratung-zur-cybersicherheit\/#breadcrumb"},"inLanguage":"de","potentialAction":[{"@type":"ReadAction","target":["https:\/\/www.protect.airbus.com\/de\/cybersecurity\/strategische-beratung-zur-cybersicherheit\/"]}]},{"@type":"ImageObject","inLanguage":"de","@id":"https:\/\/www.protect.airbus.com\/de\/cybersecurity\/strategische-beratung-zur-cybersicherheit\/#primaryimage","url":"https:\/\/www.protect.airbus.com\/wp-content\/uploads\/revslider\/header-cybersecurity-en\/bg-cybersecurity.png","contentUrl":"https:\/\/www.protect.airbus.com\/wp-content\/uploads\/revslider\/header-cybersecurity-en\/bg-cybersecurity.png","width":1920,"height":582},{"@type":"BreadcrumbList","@id":"https:\/\/www.protect.airbus.com\/de\/cybersecurity\/strategische-beratung-zur-cybersicherheit\/#breadcrumb","itemListElement":[{"@type":"ListItem","position":1,"name":"Home","item":"https:\/\/www.protect.airbus.com\/de\/"},{"@type":"ListItem","position":2,"name":"Cybersecurity","item":"https:\/\/www.protect.airbus.com\/de\/cybersecurity\/"},{"@type":"ListItem","position":3,"name":"Strategische Beratung zur Cybersicherheit"}]},{"@type":"WebSite","@id":"https:\/\/www.protect.airbus.com\/de\/#website","url":"https:\/\/www.protect.airbus.com\/de\/","name":"Airbus Protect","description":"","publisher":{"@id":"https:\/\/www.protect.airbus.com\/de\/#organization"},"potentialAction":[{"@type":"SearchAction","target":{"@type":"EntryPoint","urlTemplate":"https:\/\/www.protect.airbus.com\/de\/?s={search_term_string}"},"query-input":{"@type":"PropertyValueSpecification","valueRequired":true,"valueName":"search_term_string"}}],"inLanguage":"de"},{"@type":"Organization","@id":"https:\/\/www.protect.airbus.com\/de\/#organization","name":"Airbus Protect","url":"https:\/\/www.protect.airbus.com\/de\/","logo":{"@type":"ImageObject","inLanguage":"de","@id":"https:\/\/www.protect.airbus.com\/de\/#\/schema\/logo\/image\/","url":"https:\/\/www.protect.airbus.com\/wp-content\/uploads\/2023\/05\/logo-airbus-protect-696-696.png","contentUrl":"https:\/\/www.protect.airbus.com\/wp-content\/uploads\/2023\/05\/logo-airbus-protect-696-696.png","width":696,"height":696,"caption":"Airbus Protect"},"image":{"@id":"https:\/\/www.protect.airbus.com\/de\/#\/schema\/logo\/image\/"},"sameAs":["https:\/\/www.linkedin.com\/company\/airbus-protect\/","https:\/\/www.youtube.com\/@airbusprotect7483"],"contactPoint":{"@type":"ContactPoint","email":"protect@airbus.com","contactType":"customer service","areaServed":["GB","FR","ES","DE","BE","CH","PT","DK","AT"],"availableLanguage":["en","fr","de"]}}]}},"_links":{"self":[{"href":"https:\/\/www.protect.airbus.com\/de\/wp-json\/wp\/v2\/pages\/20878","targetHints":{"allow":["GET"]}}],"collection":[{"href":"https:\/\/www.protect.airbus.com\/de\/wp-json\/wp\/v2\/pages"}],"about":[{"href":"https:\/\/www.protect.airbus.com\/de\/wp-json\/wp\/v2\/types\/page"}],"author":[{"embeddable":true,"href":"https:\/\/www.protect.airbus.com\/de\/wp-json\/wp\/v2\/users\/8"}],"replies":[{"embeddable":true,"href":"https:\/\/www.protect.airbus.com\/de\/wp-json\/wp\/v2\/comments?post=20878"}],"version-history":[{"count":6,"href":"https:\/\/www.protect.airbus.com\/de\/wp-json\/wp\/v2\/pages\/20878\/revisions"}],"predecessor-version":[{"id":38438,"href":"https:\/\/www.protect.airbus.com\/de\/wp-json\/wp\/v2\/pages\/20878\/revisions\/38438"}],"up":[{"embeddable":true,"href":"https:\/\/www.protect.airbus.com\/de\/wp-json\/wp\/v2\/pages\/6950"}],"wp:featuredmedia":[{"embeddable":true,"href":"https:\/\/www.protect.airbus.com\/de\/wp-json\/wp\/v2\/media\/6468"}],"wp:attachment":[{"href":"https:\/\/www.protect.airbus.com\/de\/wp-json\/wp\/v2\/media?parent=20878"}],"curies":[{"name":"wp","href":"https:\/\/api.w.org\/{rel}","templated":true}]}}