{"id":15467,"date":"2024-08-02T11:29:32","date_gmt":"2024-08-02T09:29:32","guid":{"rendered":"https:\/\/www.protect.airbus.com\/?page_id=15467"},"modified":"2026-04-30T13:24:02","modified_gmt":"2026-04-30T11:24:02","slug":"angriffsflaechenmanagement","status":"publish","type":"page","link":"https:\/\/www.protect.airbus.com\/de\/cybersecurity\/managed-security-services\/angriffsflaechenmanagement\/","title":{"rendered":"Attack Surface Management (ASM)"},"content":{"rendered":"<div class=\"wpb-content-wrapper\"><p>[vc_row][vc_column][vc_column_text css=&#8220;.vc_custom_1777379405602{margin-bottom: 0px !important;padding-bottom: 0px !important;}&#8220; h2_style=&#8220;h2Big&#8220; p_style=&#8220;pChapeau&#8220;]<strong>Proaktiver Schutz: Sichern Sie Ihr Unternehmen wirksam ab<\/strong>[\/vc_column_text][vc_empty_space][vc_column_text css=&#8220;&#8220; h2_style=&#8220;h2Big&#8220; p_style=&#8220;pBig&#8220;]<\/p>\n<h2>Was ist Attack Surface Management?<\/h2>\n<p><span style=\"font-weight: 400;\">Attack Surface Management (ASM) ist die proaktive Disziplin, Ihre IT-Landschaft konsequent aus der Au\u00dfenperspektive zu erfassen. Indem wir die Sichtweise potenzieller Angreifer einnehmen, stellen wir sicher, dass verborgene Schwachstellen behoben werden, bevor sie ausgenutzt werden k\u00f6nnen.<\/span>[\/vc_column_text][vc_column_text css_animation=&#8220;none&#8220; css=&#8220;&#8220; p_style=&#8220;pHighlight&#8220;]<\/p>\n<h3>Was ist eine Angriffsfl\u00e4che?<\/h3>\n<p>Ihr digitaler Fu\u00dfabdruck ist meist gr\u00f6\u00dfer als vermutet. Die Angriffsfl\u00e4che umfasst dabei die Summe aller Punkte, an denen Hacker ansetzen k\u00f6nnen. Um diesen Bereich effektiv zu sch\u00fctzen, identifizieren wir nicht nur Schwachstellen in Ihrer bekannten IT, sondern decken auch die Schatten-IT auf. Vergessene Testumgebungen oder nicht autorisierte APIs liegen oft au\u00dferhalb der offiziellen Kontrolle und sind ein bevorzugtes Ziel, da sie meist nicht so robust abgesichert sind wie Ihre Kerninfrastruktur.[\/vc_column_text][vc_single_image image=&#8220;54105&#8243; img_size=&#8220;large&#8220; alignment=&#8220;center&#8220; css=&#8220;&#8220;]<div class=\"divBtCTA btAlignCenter\"><a href=\"https:\/\/www.protect.airbus.com\/de\/kontakt\/\"  class=\"button btAuto\">Kontakt aufnehmen<\/a><\/div>[vc_column_text css_animation=&#8220;none&#8220; css=&#8220;&#8220; h2_style=&#8220;h2Big&#8220; p_style=&#8220;pHighlight&#8220;]<\/p>\n<h2>Warum ist Attack Surface Management unerl\u00e4sslich?<\/h2>\n<p>In einer hypervernetzten Industrielandschaft ist die klassische Netzwerkgrenze verschwunden. ASM bildet das Fundament digitaler Resilienz: Es eliminiert blinde Flecken und erm\u00f6glicht es Ihnen, echte Risiken zu priorisieren, statt endlosen Listen von Schwachstellen hinterherzujagen. F\u00fcr Unternehmen in kritischen Sektoren ist diese kontinuierliche \u00dcberwachung unerl\u00e4sslich, um die Anforderungen der NIS2-Richtlinie zu erf\u00fcllen und Angreifern einen Schritt voraus zu sein, die neue Sicherheitsl\u00fccken oft innerhalb weniger Stunden ausnutzen.<\/p>\n<h2>Wie funktioniert Attack Surface Management?<\/h2>\n<p>Wir wandeln die \u201eAngreiferperspektive\u201c durch drei zentrale S\u00e4ulen in eine strukturierte, leistungsstarke Verteidigungsstrategie um:<\/p>\n<ul>\n<li style=\"font-weight: 400;\" aria-level=\"1\"><b>Schnelle Identifizierung Ihrer Exposition:<\/b><span style=\"font-weight: 400;\"> Durch hochfrequente, st\u00f6rungsfreie Discovery-Prozesse erfassen wir jedes internetf\u00e4hige Asset Ihrer Marke. So erkennen wir Schwachstellen in Ihrem gesamten globalen Netzwerk sofort.<\/span><\/li>\n<li style=\"font-weight: 400;\" aria-level=\"1\"><b>Umfassendes Ressourcen-Inventar:<\/b><span style=\"font-weight: 400;\"> Wir erstellen eine Echtzeit-Karte Ihrer digitalen Ressourcen. Durch die Analyse des Sicherheitsstatus jedes einzelnen Assets identifizieren wir spezifische Risiken in Ihrer Infrastruktur, Ihren Cloud-Instanzen und Ihren Drittanbieter-Verbindungen.<\/span><\/li>\n<li style=\"font-weight: 400;\" aria-level=\"1\"><b>Gezielte Ma\u00dfnahmenpl\u00e4ne:<\/b><span style=\"font-weight: 400;\"> Schwachstellen nur zu kennen, reicht nicht aus. Wir liefern Ihnen fundierte Analysen und klare Priorisierungen zur Fehlerbehebung. So k\u00f6nnen Ihre Sicherheitsteams ihre Ressourcen genau dort einsetzen, wo sie das gr\u00f6\u00dfte Risiko eliminieren.<\/span><\/li>\n<\/ul>\n<h2>Welche Herausforderungen sind mit ASM verbunden?<\/h2>\n<p>Der Schutz eines global agierenden Unternehmens ist komplex. Moderne Organisationen k\u00e4mpfen oft mit einer Datenflut und der Schwierigkeit der Asset-Zuordnung, also der Herausforderung, nicht autorisierte Dienste der korrekten Gesch\u00e4ftseinheit zuzuweisen. Zudem f\u00fchrt die Kurzlebigkeit von Cloud-Ressourcen dazu, dass Assets schneller entstehen und wieder verschwinden, als herk\u00f6mmliche Tools sie erfassen k\u00f6nnen.<\/p>\n<p>Airbus Protect schlie\u00dft diese L\u00fccken. Wir kombinieren unsere industrielle Erfahrung mit fortschrittlicher Automatisierung, um eine weitverzweigte, dynamische Angriffsfl\u00e4che in eine kontrollierbare und sichere Grenze zu verwandeln.<\/p>\n<h2>Warum sollten Sie sich f\u00fcr unseren Service f\u00fcr Attack Surface Management\u00a0 entscheiden?<\/h2>\n<p>Exponierte Schwachstellen sind das Hauptziel f\u00fcr Cyberangriffe und oft der erste Schritt zur Kompromittierung Ihrer Systeme. Unser Attack Surface Management (ASM) bietet Ihnen eine schnelle, l\u00fcckenlose \u00dcbersicht Ihrer digitalen Infrastruktur. So identifizieren Sie Risiken fr\u00fchzeitig und sch\u00fctzen Ihre Assets proaktiv, bevor Angreifer sie finden.[\/vc_column_text][vc_column_text css=&#8220;&#8220; p_style=&#8220;pHighlight&#8220;]<\/p>\n<h2>Attack Surface Management: Unser Angebot<\/h2>\n<p>Sofortige Transparenz durch schnelle Analyse: Erhalten Sie einen pr\u00e4zisen \u00dcberblick \u00fcber Ihre gesamte Angriffsfl\u00e4che. Identifizieren und priorisieren Sie Schwachstellen nach Dringlichkeit, um Sicherheitsl\u00fccken gezielt zu schlie\u00dfen.<\/p>\n<p>Gezielte Handlungsempfehlungen: Erhalten Sie pr\u00e4zise, auf Ihre Anforderungen abgestimmte Ma\u00dfnahmen zur Behebung identifizierter Schwachstellen. Unsere konkreten Aktionspl\u00e4ne unterst\u00fctzen Sie dabei, die Sicherheit Ihrer digitalen Infrastruktur nachhaltig zu st\u00e4rken.<\/p>\n<p>St\u00e4rkung Ihrer Cyber-Resilienz: Nutzen Sie unsere kontinuierlichen Monitoring-Services f\u00fcr eine regelm\u00e4\u00dfige Risikoanalyse. Besonders f\u00fcr kritische Produktionssysteme ist diese dauerhafte \u00dcberwachung unerl\u00e4sslich, um Gefahren fr\u00fchzeitig zu bannen.[\/vc_column_text]<div class=\"divBtCTA btAlignCenter\"><a href=\"https:\/\/www.protect.airbus.com\/de\/kontakt\/\"  class=\"button btAuto\"> Sprechen Sie mit unseren Experten, um mehr zu erfahren.<\/a><\/div>[vc_column_text css=&#8220;&#8220; p_style=&#8220;pHighlight&#8220;]<\/p>\n<h3>Effektives Attack Surface Management ohne Betriebsrisiko<\/h3>\n<p>Innerhalb k\u00fcrzester Zeit f\u00fchren wir einen effizienten Prozess zur Identifizierung potenzieller Schwachstellen in Ihrem Netzwerk ein, damit Sie die L\u00fccken in Ihrer Umgebung erkennen k\u00f6nnen. Durch eine sorgf\u00e4ltige Bewertung Ihrer Angriffsfl\u00e4che und Bedrohungslage helfen wir Ihnen, geeignete Schutzstrategien zu entwickeln, ohne Ihren laufenden Betrieb zu beeintr\u00e4chtigen. Mithilfe unserer Experten k\u00f6nnen Sie Schwachstellen erkennen und beheben, bevor sie von Angreifern ausgenutzt werden k\u00f6nnen. \u00a0Bei der Implementierung unserer L\u00f6sungen richten wir uns pr\u00e4zise nach Ihrer bestehenden Infrastruktur und Ihren individuellen Anforderungen. Das garantiert einen reibungslosen \u00dcbergang und eine nahtlose Integration in Ihre Sicherheitsprozesse.<\/p>\n<h3>Bestandsaufnahme der mit Ihren Ressourcen verbundenen Risiken<\/h3>\n<p>Unser Service umfasst eine l\u00fcckenlose Bestandsaufnahme Ihrer digitalen Ressourcen. Wir erfassen s\u00e4mtliche Assets, identifizieren kritische Schwachstellen und bewerten die damit verbundenen Risiken. Dies verschafft Ihnen volle Transparenz \u00fcber Ihre Angriffsfl\u00e4che und erm\u00f6glicht eine gezielte Priorisierung Ihrer Sicherheitsma\u00dfnahmen. Das Ergebnis ist eine pr\u00e4zise \u00dcbersicht Ihrer aktuellen Exposition gegen\u00fcber Cyber-Risiken.<\/p>\n<h3>Minderung Ihrer Risiken mit einem ma\u00dfgeschneiderten Plan zur Abhilfe<\/h3>\n<p>Basierend auf unseren Analysen entwickeln wir ma\u00dfgeschneiderte Roadmaps zur Risikominimierung. Dabei lassen wir unsere Expertise aus unterschiedlichsten IT-Umgebungen einflie\u00dfen, um sicherzustellen, dass die Ma\u00dfnahmen perfekt in Ihre Systemlandschaft passen. Das Ergebnis ist eine pr\u00e4zise Umsetzung, die Ihre wichtigsten Assets effizient sch\u00fctzt.<\/p>\n<h2>\u00dcbernehmen Sie die Kontrolle \u00fcber Ihre digitale Sicherheit mit unserem Service f\u00fcr Attack Surface Management!<\/h2>\n<p>Sichern Sie Ihren Vorsprung vor Cyberbedrohungen. Kontaktieren Sie uns noch heute und erfahren Sie, wie unser Attack Surface Management Ihre wichtigsten Assets sch\u00fctzt. Gemeinsam machen wir Ihr Unternehmen zukunftssicher und st\u00e4rken Ihre Cyber-Resilienz, f\u00fcr einen reibungslosen Gesch\u00e4ftsbetrieb heute und morgen.[\/vc_column_text]    <div class=\"hightlightBracket\">\n        <div class=\"glyphe\"><\/div>\n        <div class=\"highlight\"><p>Nehmen Sie Kontakt auf und erfahren Sie, wie wir Sie unterst\u00fctzen k\u00f6nnen<\/p><\/div>\n    <\/div>\n    <div class=\"divBtCTA btAlignCenter\"><a href=\"https:\/\/www.protect.airbus.com\/de\/kontakt\/\"  class=\"button btAuto\">Kontakt aufnehmen<\/a><\/div>[\/vc_column][\/vc_row]<\/p>\n<\/div>","protected":false},"excerpt":{"rendered":"<p>[vc_row][vc_column][vc_column_text css=&#8220;.vc_custom_1777379405602{margin-bottom: 0px !important;padding-bottom: 0px !important;}&#8220; h2_style=&#8220;h2Big&#8220; p_style=&#8220;pChapeau&#8220;]Proaktiver Schutz: Sichern Sie Ihr Unternehmen wirksam ab[\/vc_column_text][vc_empty_space][vc_column_text css=&#8220;&#8220; h2_style=&#8220;h2Big&#8220; p_style=&#8220;pBig&#8220;] Was ist Attack Surface Management? Attack Surface Management (ASM) ist die proaktive Disziplin, Ihre IT-Landschaft konsequent aus der Au\u00dfenperspektive zu erfassen. Indem wir die Sichtweise potenzieller Angreifer einnehmen, stellen wir sicher, dass verborgene Schwachstellen behoben werden, bevor [&hellip;]<\/p>\n","protected":false},"author":8,"featured_media":6468,"parent":6600,"menu_order":0,"comment_status":"closed","ping_status":"closed","template":"","meta":{"_acf_changed":false,"content-type":"","_relevanssi_hide_post":"","_relevanssi_hide_content":"","_relevanssi_pin_for_all":"","_relevanssi_pin_keywords":"","_relevanssi_unpin_keywords":"","_relevanssi_related_keywords":"","_relevanssi_related_include_ids":"","_relevanssi_related_exclude_ids":"","_relevanssi_related_no_append":"","_relevanssi_related_not_related":"","_relevanssi_related_posts":"","_relevanssi_noindex_reason":"","footnotes":""},"class_list":["post-15467","page","type-page","status-publish","has-post-thumbnail","hentry"],"acf":[],"yoast_head":"<!-- This site is optimized with the Yoast SEO Premium plugin v27.4 (Yoast SEO v27.4) - https:\/\/yoast.com\/product\/yoast-seo-premium-wordpress\/ -->\n<title>Angriffsfl\u00e4chenmanagement: Bewerten Sie Ihre Gef\u00e4hrdung durch Cyberbedrohungen<\/title>\n<meta name=\"description\" content=\"Sch\u00fctzen Sie Ihre digitalen Ressourcen mit dem Attack Surface Management (ASM) Service. Identifizieren Sie potenzielle Schwachstellen und planen Sie proaktiv.\" \/>\n<meta name=\"robots\" content=\"index, follow, max-snippet:-1, max-image-preview:large, max-video-preview:-1\" \/>\n<link rel=\"canonical\" href=\"https:\/\/www.protect.airbus.com\/de\/cybersecurity\/managed-security-services\/angriffsflaechenmanagement\/\" \/>\n<meta property=\"og:locale\" content=\"de_DE\" \/>\n<meta property=\"og:type\" content=\"article\" \/>\n<meta property=\"og:title\" content=\"Attack Surface Management (ASM)\" \/>\n<meta property=\"og:description\" content=\"Sch\u00fctzen Sie Ihre digitalen Ressourcen mit dem Attack Surface Management (ASM) Service. Identifizieren Sie potenzielle Schwachstellen und planen Sie proaktiv.\" \/>\n<meta property=\"og:url\" content=\"https:\/\/www.protect.airbus.com\/de\/cybersecurity\/managed-security-services\/angriffsflaechenmanagement\/\" \/>\n<meta property=\"og:site_name\" content=\"Airbus Protect\" \/>\n<meta property=\"article:modified_time\" content=\"2026-04-30T11:24:02+00:00\" \/>\n<meta property=\"og:image\" content=\"https:\/\/www.protect.airbus.com\/wp-content\/uploads\/revslider\/header-cybersecurity-en\/bg-cybersecurity.png\" \/>\n\t<meta property=\"og:image:width\" content=\"1920\" \/>\n\t<meta property=\"og:image:height\" content=\"582\" \/>\n\t<meta property=\"og:image:type\" content=\"image\/png\" \/>\n<meta name=\"twitter:card\" content=\"summary_large_image\" \/>\n<meta name=\"twitter:label1\" content=\"Gesch\u00e4tzte Lesezeit\" \/>\n\t<meta name=\"twitter:data1\" content=\"3\u00a0Minuten\" \/>\n<script type=\"application\/ld+json\" class=\"yoast-schema-graph\">{\"@context\":\"https:\\\/\\\/schema.org\",\"@graph\":[{\"@type\":\"WebPage\",\"@id\":\"https:\\\/\\\/www.protect.airbus.com\\\/de\\\/cybersecurity\\\/managed-security-services\\\/angriffsflaechenmanagement\\\/\",\"url\":\"https:\\\/\\\/www.protect.airbus.com\\\/de\\\/cybersecurity\\\/managed-security-services\\\/angriffsflaechenmanagement\\\/\",\"name\":\"Angriffsfl\u00e4chenmanagement: Bewerten Sie Ihre Gef\u00e4hrdung durch Cyberbedrohungen\",\"isPartOf\":{\"@id\":\"https:\\\/\\\/www.protect.airbus.com\\\/de\\\/#website\"},\"primaryImageOfPage\":{\"@id\":\"https:\\\/\\\/www.protect.airbus.com\\\/de\\\/cybersecurity\\\/managed-security-services\\\/angriffsflaechenmanagement\\\/#primaryimage\"},\"image\":{\"@id\":\"https:\\\/\\\/www.protect.airbus.com\\\/de\\\/cybersecurity\\\/managed-security-services\\\/angriffsflaechenmanagement\\\/#primaryimage\"},\"thumbnailUrl\":\"https:\\\/\\\/www.protect.airbus.com\\\/wp-content\\\/uploads\\\/revslider\\\/header-cybersecurity-en\\\/bg-cybersecurity.png\",\"datePublished\":\"2024-08-02T09:29:32+00:00\",\"dateModified\":\"2026-04-30T11:24:02+00:00\",\"description\":\"Sch\u00fctzen Sie Ihre digitalen Ressourcen mit dem Attack Surface Management (ASM) Service. Identifizieren Sie potenzielle Schwachstellen und planen Sie proaktiv.\",\"breadcrumb\":{\"@id\":\"https:\\\/\\\/www.protect.airbus.com\\\/de\\\/cybersecurity\\\/managed-security-services\\\/angriffsflaechenmanagement\\\/#breadcrumb\"},\"inLanguage\":\"de\",\"potentialAction\":[{\"@type\":\"ReadAction\",\"target\":[\"https:\\\/\\\/www.protect.airbus.com\\\/de\\\/cybersecurity\\\/managed-security-services\\\/angriffsflaechenmanagement\\\/\"]}]},{\"@type\":\"ImageObject\",\"inLanguage\":\"de\",\"@id\":\"https:\\\/\\\/www.protect.airbus.com\\\/de\\\/cybersecurity\\\/managed-security-services\\\/angriffsflaechenmanagement\\\/#primaryimage\",\"url\":\"https:\\\/\\\/www.protect.airbus.com\\\/wp-content\\\/uploads\\\/revslider\\\/header-cybersecurity-en\\\/bg-cybersecurity.png\",\"contentUrl\":\"https:\\\/\\\/www.protect.airbus.com\\\/wp-content\\\/uploads\\\/revslider\\\/header-cybersecurity-en\\\/bg-cybersecurity.png\",\"width\":1920,\"height\":582},{\"@type\":\"BreadcrumbList\",\"@id\":\"https:\\\/\\\/www.protect.airbus.com\\\/de\\\/cybersecurity\\\/managed-security-services\\\/angriffsflaechenmanagement\\\/#breadcrumb\",\"itemListElement\":[{\"@type\":\"ListItem\",\"position\":1,\"name\":\"Home\",\"item\":\"https:\\\/\\\/www.protect.airbus.com\\\/de\\\/\"},{\"@type\":\"ListItem\",\"position\":2,\"name\":\"Cybersecurity\",\"item\":\"https:\\\/\\\/www.protect.airbus.com\\\/de\\\/cybersecurity\\\/\"},{\"@type\":\"ListItem\",\"position\":3,\"name\":\"Managed Security Services (MSS)\",\"item\":\"https:\\\/\\\/www.protect.airbus.com\\\/de\\\/cybersecurity\\\/managed-security-services\\\/\"},{\"@type\":\"ListItem\",\"position\":4,\"name\":\"Attack Surface Management (ASM)\"}]},{\"@type\":\"WebSite\",\"@id\":\"https:\\\/\\\/www.protect.airbus.com\\\/de\\\/#website\",\"url\":\"https:\\\/\\\/www.protect.airbus.com\\\/de\\\/\",\"name\":\"Airbus Protect\",\"description\":\"\",\"publisher\":{\"@id\":\"https:\\\/\\\/www.protect.airbus.com\\\/de\\\/#organization\"},\"potentialAction\":[{\"@type\":\"SearchAction\",\"target\":{\"@type\":\"EntryPoint\",\"urlTemplate\":\"https:\\\/\\\/www.protect.airbus.com\\\/de\\\/?s={search_term_string}\"},\"query-input\":{\"@type\":\"PropertyValueSpecification\",\"valueRequired\":true,\"valueName\":\"search_term_string\"}}],\"inLanguage\":\"de\"},{\"@type\":\"Organization\",\"@id\":\"https:\\\/\\\/www.protect.airbus.com\\\/de\\\/#organization\",\"name\":\"Airbus Protect\",\"url\":\"https:\\\/\\\/www.protect.airbus.com\\\/de\\\/\",\"logo\":{\"@type\":\"ImageObject\",\"inLanguage\":\"de\",\"@id\":\"https:\\\/\\\/www.protect.airbus.com\\\/de\\\/#\\\/schema\\\/logo\\\/image\\\/\",\"url\":\"https:\\\/\\\/www.protect.airbus.com\\\/wp-content\\\/uploads\\\/2023\\\/05\\\/logo-airbus-protect-696-696.png\",\"contentUrl\":\"https:\\\/\\\/www.protect.airbus.com\\\/wp-content\\\/uploads\\\/2023\\\/05\\\/logo-airbus-protect-696-696.png\",\"width\":696,\"height\":696,\"caption\":\"Airbus Protect\"},\"image\":{\"@id\":\"https:\\\/\\\/www.protect.airbus.com\\\/de\\\/#\\\/schema\\\/logo\\\/image\\\/\"},\"sameAs\":[\"https:\\\/\\\/www.linkedin.com\\\/company\\\/airbus-protect\\\/\",\"https:\\\/\\\/www.youtube.com\\\/@airbusprotect7483\"],\"contactPoint\":{\"@type\":\"ContactPoint\",\"email\":\"protect@airbus.com\",\"contactType\":\"customer service\",\"areaServed\":[\"GB\",\"FR\",\"ES\",\"DE\",\"BE\",\"CH\",\"PT\",\"DK\",\"AT\"],\"availableLanguage\":[\"en\",\"fr\",\"de\"]}}]}<\/script>\n<!-- \/ Yoast SEO Premium plugin. -->","yoast_head_json":{"title":"Angriffsfl\u00e4chenmanagement: Bewerten Sie Ihre Gef\u00e4hrdung durch Cyberbedrohungen","description":"Sch\u00fctzen Sie Ihre digitalen Ressourcen mit dem Attack Surface Management (ASM) Service. Identifizieren Sie potenzielle Schwachstellen und planen Sie proaktiv.","robots":{"index":"index","follow":"follow","max-snippet":"max-snippet:-1","max-image-preview":"max-image-preview:large","max-video-preview":"max-video-preview:-1"},"canonical":"https:\/\/www.protect.airbus.com\/de\/cybersecurity\/managed-security-services\/angriffsflaechenmanagement\/","og_locale":"de_DE","og_type":"article","og_title":"Attack Surface Management (ASM)","og_description":"Sch\u00fctzen Sie Ihre digitalen Ressourcen mit dem Attack Surface Management (ASM) Service. Identifizieren Sie potenzielle Schwachstellen und planen Sie proaktiv.","og_url":"https:\/\/www.protect.airbus.com\/de\/cybersecurity\/managed-security-services\/angriffsflaechenmanagement\/","og_site_name":"Airbus Protect","article_modified_time":"2026-04-30T11:24:02+00:00","og_image":[{"width":1920,"height":582,"url":"https:\/\/www.protect.airbus.com\/wp-content\/uploads\/revslider\/header-cybersecurity-en\/bg-cybersecurity.png","type":"image\/png"}],"twitter_card":"summary_large_image","twitter_misc":{"Gesch\u00e4tzte Lesezeit":"3\u00a0Minuten"},"schema":{"@context":"https:\/\/schema.org","@graph":[{"@type":"WebPage","@id":"https:\/\/www.protect.airbus.com\/de\/cybersecurity\/managed-security-services\/angriffsflaechenmanagement\/","url":"https:\/\/www.protect.airbus.com\/de\/cybersecurity\/managed-security-services\/angriffsflaechenmanagement\/","name":"Angriffsfl\u00e4chenmanagement: Bewerten Sie Ihre Gef\u00e4hrdung durch Cyberbedrohungen","isPartOf":{"@id":"https:\/\/www.protect.airbus.com\/de\/#website"},"primaryImageOfPage":{"@id":"https:\/\/www.protect.airbus.com\/de\/cybersecurity\/managed-security-services\/angriffsflaechenmanagement\/#primaryimage"},"image":{"@id":"https:\/\/www.protect.airbus.com\/de\/cybersecurity\/managed-security-services\/angriffsflaechenmanagement\/#primaryimage"},"thumbnailUrl":"https:\/\/www.protect.airbus.com\/wp-content\/uploads\/revslider\/header-cybersecurity-en\/bg-cybersecurity.png","datePublished":"2024-08-02T09:29:32+00:00","dateModified":"2026-04-30T11:24:02+00:00","description":"Sch\u00fctzen Sie Ihre digitalen Ressourcen mit dem Attack Surface Management (ASM) Service. Identifizieren Sie potenzielle Schwachstellen und planen Sie proaktiv.","breadcrumb":{"@id":"https:\/\/www.protect.airbus.com\/de\/cybersecurity\/managed-security-services\/angriffsflaechenmanagement\/#breadcrumb"},"inLanguage":"de","potentialAction":[{"@type":"ReadAction","target":["https:\/\/www.protect.airbus.com\/de\/cybersecurity\/managed-security-services\/angriffsflaechenmanagement\/"]}]},{"@type":"ImageObject","inLanguage":"de","@id":"https:\/\/www.protect.airbus.com\/de\/cybersecurity\/managed-security-services\/angriffsflaechenmanagement\/#primaryimage","url":"https:\/\/www.protect.airbus.com\/wp-content\/uploads\/revslider\/header-cybersecurity-en\/bg-cybersecurity.png","contentUrl":"https:\/\/www.protect.airbus.com\/wp-content\/uploads\/revslider\/header-cybersecurity-en\/bg-cybersecurity.png","width":1920,"height":582},{"@type":"BreadcrumbList","@id":"https:\/\/www.protect.airbus.com\/de\/cybersecurity\/managed-security-services\/angriffsflaechenmanagement\/#breadcrumb","itemListElement":[{"@type":"ListItem","position":1,"name":"Home","item":"https:\/\/www.protect.airbus.com\/de\/"},{"@type":"ListItem","position":2,"name":"Cybersecurity","item":"https:\/\/www.protect.airbus.com\/de\/cybersecurity\/"},{"@type":"ListItem","position":3,"name":"Managed Security Services (MSS)","item":"https:\/\/www.protect.airbus.com\/de\/cybersecurity\/managed-security-services\/"},{"@type":"ListItem","position":4,"name":"Attack Surface Management (ASM)"}]},{"@type":"WebSite","@id":"https:\/\/www.protect.airbus.com\/de\/#website","url":"https:\/\/www.protect.airbus.com\/de\/","name":"Airbus Protect","description":"","publisher":{"@id":"https:\/\/www.protect.airbus.com\/de\/#organization"},"potentialAction":[{"@type":"SearchAction","target":{"@type":"EntryPoint","urlTemplate":"https:\/\/www.protect.airbus.com\/de\/?s={search_term_string}"},"query-input":{"@type":"PropertyValueSpecification","valueRequired":true,"valueName":"search_term_string"}}],"inLanguage":"de"},{"@type":"Organization","@id":"https:\/\/www.protect.airbus.com\/de\/#organization","name":"Airbus Protect","url":"https:\/\/www.protect.airbus.com\/de\/","logo":{"@type":"ImageObject","inLanguage":"de","@id":"https:\/\/www.protect.airbus.com\/de\/#\/schema\/logo\/image\/","url":"https:\/\/www.protect.airbus.com\/wp-content\/uploads\/2023\/05\/logo-airbus-protect-696-696.png","contentUrl":"https:\/\/www.protect.airbus.com\/wp-content\/uploads\/2023\/05\/logo-airbus-protect-696-696.png","width":696,"height":696,"caption":"Airbus Protect"},"image":{"@id":"https:\/\/www.protect.airbus.com\/de\/#\/schema\/logo\/image\/"},"sameAs":["https:\/\/www.linkedin.com\/company\/airbus-protect\/","https:\/\/www.youtube.com\/@airbusprotect7483"],"contactPoint":{"@type":"ContactPoint","email":"protect@airbus.com","contactType":"customer service","areaServed":["GB","FR","ES","DE","BE","CH","PT","DK","AT"],"availableLanguage":["en","fr","de"]}}]}},"_links":{"self":[{"href":"https:\/\/www.protect.airbus.com\/de\/wp-json\/wp\/v2\/pages\/15467","targetHints":{"allow":["GET"]}}],"collection":[{"href":"https:\/\/www.protect.airbus.com\/de\/wp-json\/wp\/v2\/pages"}],"about":[{"href":"https:\/\/www.protect.airbus.com\/de\/wp-json\/wp\/v2\/types\/page"}],"author":[{"embeddable":true,"href":"https:\/\/www.protect.airbus.com\/de\/wp-json\/wp\/v2\/users\/8"}],"replies":[{"embeddable":true,"href":"https:\/\/www.protect.airbus.com\/de\/wp-json\/wp\/v2\/comments?post=15467"}],"version-history":[{"count":18,"href":"https:\/\/www.protect.airbus.com\/de\/wp-json\/wp\/v2\/pages\/15467\/revisions"}],"predecessor-version":[{"id":54337,"href":"https:\/\/www.protect.airbus.com\/de\/wp-json\/wp\/v2\/pages\/15467\/revisions\/54337"}],"up":[{"embeddable":true,"href":"https:\/\/www.protect.airbus.com\/de\/wp-json\/wp\/v2\/pages\/6600"}],"wp:featuredmedia":[{"embeddable":true,"href":"https:\/\/www.protect.airbus.com\/de\/wp-json\/wp\/v2\/media\/6468"}],"wp:attachment":[{"href":"https:\/\/www.protect.airbus.com\/de\/wp-json\/wp\/v2\/media?parent=15467"}],"curies":[{"name":"wp","href":"https:\/\/api.w.org\/{rel}","templated":true}]}}